{"id":126295,"date":"2023-03-01T01:06:51","date_gmt":"2023-03-01T00:06:51","guid":{"rendered":"https:\/\/shop.bantam.ch\/produit\/stuhl-noblesse-grande\/"},"modified":"2026-04-18T23:48:16","modified_gmt":"2026-04-18T21:48:16","slug":"stuhl-noblesse-grande","status":"publish","type":"product","link":"https:\/\/shop.bantam.ch\/de\/produkt\/stuhl-noblesse-grande\/","title":{"rendered":"Stuhl Noblesse Grande"},"content":{"rendered":"<p>Unser neues Modell NOBLESSE GRANDE ist mit einer Sitzh\u00f6he von 50 cm und einer Breite von 65 cm etwas gr\u00f6\u00dfer als der Stuhl NOBLESSE und ist daher super geeignet f\u00fcr gro\u00dfe Menschen. NOBLESSE GRANDE ist superleicht und dank des zusammenh\u00e4ngenden R\u00fccken- und Sitzpolsters aus DuraDore\u00ae 3D extra Soft Mesh noch dazu superbequem. Die verl\u00e4ngerte Sitzfl\u00e4che mit integriertem ErgoShell\u00ae Polster erm\u00f6glicht Ihnen ein einzigartiges Sitzerlebnis. Durch den speziellen Rahmen aus doppelt beschichtetem DuraLite\u00ae Material und SpaceBox\u00ae-Technologie reduziert sich das Klappma\u00df. Zusammengeklappt misst der Stuhl gerade einmal 117 x 65 x 13 cm. Die DuraLite\u00ae Klappschaniere und DuraProtect-Armlehnen machen diesen Stuhl langlebig und hochwertig.<\/p>\n<p>Material:\u00a0<br \/>Aluminumgestell, 100% Polyester<\/p>\n","protected":false},"excerpt":{"rendered":"<p>Unser neues Modell NOBLESSE GRANDE ist mit einer Sitzh\u00f6he von 50 cm und einer Breite von 65 cm etwas gr\u00f6\u00dfer als der Stuhl NOBLESSE und ist daher super geeignet f\u00fcr gro\u00dfe Menschen. NOBLESSE GRANDE ist superleicht und dank des zusammenh\u00e4ngenden R\u00fccken- und Sitzpolsters aus DuraDore\u00ae 3D extra Soft Mesh noch dazu superbequem. Die verl\u00e4ngerte Sitzfl\u00e4che [&hellip;]<\/p>\n","protected":false},"featured_media":126281,"template":"","meta":{"_acf_changed":false},"product_featured_cat":[],"product_brand":[3093],"product_cat":[4972],"product_tag":[],"class_list":{"0":"post-126295","1":"product","2":"type-product","3":"status-publish","4":"has-post-thumbnail","6":"product_brand-westfield-outdoors-de","7":"product_cat-campingstuehle","9":"first","10":"instock","11":"taxable","12":"shipping-taxable","13":"purchasable","14":"product-type-variable"},"acf":[],"yoast_head":"<!-- This site is optimized with the Yoast SEO plugin v27.4 - https:\/\/yoast.com\/product\/yoast-seo-wordpress\/ -->\n<title>Stuhl Noblesse Grande - Bantam Camping AG<\/title>\n<meta name=\"robots\" content=\"index, follow, max-snippet:-1, max-image-preview:large, max-video-preview:-1\" \/>\n<link rel=\"canonical\" href=\"https:\/\/shop.bantam.ch\/de\/produkt\/stuhl-noblesse-grande\/\" \/>\n<meta property=\"og:locale\" content=\"de_DE\" \/>\n<meta property=\"og:type\" content=\"article\" \/>\n<meta property=\"og:title\" content=\"Stuhl Noblesse Grande - Bantam Camping AG\" \/>\n<meta property=\"og:description\" content=\"Unser neues Modell NOBLESSE GRANDE ist mit einer Sitzh\u00f6he von 50 cm und einer Breite von 65 cm etwas gr\u00f6\u00dfer als der Stuhl NOBLESSE und ist daher super geeignet f\u00fcr gro\u00dfe Menschen. NOBLESSE GRANDE ist superleicht und dank des zusammenh\u00e4ngenden R\u00fccken- und Sitzpolsters aus DuraDore\u00ae 3D extra Soft Mesh noch dazu superbequem. Die verl\u00e4ngerte Sitzfl\u00e4che [&hellip;]\" \/>\n<meta property=\"og:url\" content=\"https:\/\/shop.bantam.ch\/de\/produkt\/stuhl-noblesse-grande\/\" \/>\n<meta property=\"og:site_name\" content=\"Bantam Camping AG\" \/>\n<meta property=\"article:modified_time\" content=\"2026-04-18T21:48:16+00:00\" \/>\n<meta property=\"og:image\" content=\"https:\/\/shop.bantam.ch\/wp-content\/uploads\/2023\/03\/9961725100.jpg\" \/>\n\t<meta property=\"og:image:width\" content=\"637\" \/>\n\t<meta property=\"og:image:height\" content=\"1000\" \/>\n\t<meta property=\"og:image:type\" content=\"image\/jpeg\" \/>\n<meta name=\"twitter:card\" content=\"summary_large_image\" \/>\n<meta name=\"twitter:label1\" content=\"Gesch\u00e4tzte Lesezeit\" \/>\n\t<meta name=\"twitter:data1\" content=\"1\u00a0Minute\" \/>\n<script type=\"application\/ld+json\" class=\"yoast-schema-graph\">{\"@context\":\"https:\\\/\\\/schema.org\",\"@graph\":[{\"@type\":\"WebPage\",\"@id\":\"https:\\\/\\\/shop.bantam.ch\\\/de\\\/produkt\\\/stuhl-noblesse-grande\\\/\",\"url\":\"https:\\\/\\\/shop.bantam.ch\\\/de\\\/produkt\\\/stuhl-noblesse-grande\\\/\",\"name\":\"Stuhl Noblesse Grande - Bantam Camping AG\",\"isPartOf\":{\"@id\":\"https:\\\/\\\/shop.bantam.ch\\\/de\\\/#website\"},\"primaryImageOfPage\":{\"@id\":\"https:\\\/\\\/shop.bantam.ch\\\/de\\\/produkt\\\/stuhl-noblesse-grande\\\/#primaryimage\"},\"image\":{\"@id\":\"https:\\\/\\\/shop.bantam.ch\\\/de\\\/produkt\\\/stuhl-noblesse-grande\\\/#primaryimage\"},\"thumbnailUrl\":\"https:\\\/\\\/shop.bantam.ch\\\/wp-content\\\/uploads\\\/2023\\\/03\\\/9961725100.jpg\",\"datePublished\":\"2023-03-01T00:06:51+00:00\",\"dateModified\":\"2026-04-18T21:48:16+00:00\",\"breadcrumb\":{\"@id\":\"https:\\\/\\\/shop.bantam.ch\\\/de\\\/produkt\\\/stuhl-noblesse-grande\\\/#breadcrumb\"},\"inLanguage\":\"de\",\"potentialAction\":[{\"@type\":\"ReadAction\",\"target\":[\"https:\\\/\\\/shop.bantam.ch\\\/de\\\/produkt\\\/stuhl-noblesse-grande\\\/\"]}]},{\"@type\":\"ImageObject\",\"inLanguage\":\"de\",\"@id\":\"https:\\\/\\\/shop.bantam.ch\\\/de\\\/produkt\\\/stuhl-noblesse-grande\\\/#primaryimage\",\"url\":\"https:\\\/\\\/shop.bantam.ch\\\/wp-content\\\/uploads\\\/2023\\\/03\\\/9961725100.jpg\",\"contentUrl\":\"https:\\\/\\\/shop.bantam.ch\\\/wp-content\\\/uploads\\\/2023\\\/03\\\/9961725100.jpg\",\"width\":637,\"height\":1000},{\"@type\":\"BreadcrumbList\",\"@id\":\"https:\\\/\\\/shop.bantam.ch\\\/de\\\/produkt\\\/stuhl-noblesse-grande\\\/#breadcrumb\",\"itemListElement\":[{\"@type\":\"ListItem\",\"position\":1,\"name\":\"Accueil\",\"item\":\"https:\\\/\\\/shop.bantam.ch\\\/de\\\/\"},{\"@type\":\"ListItem\",\"position\":2,\"name\":\"Shop\",\"item\":\"https:\\\/\\\/shop.bantam.ch\\\/de\\\/shop\\\/\"},{\"@type\":\"ListItem\",\"position\":3,\"name\":\"Stuhl Noblesse Grande\"}]},{\"@type\":\"WebSite\",\"@id\":\"https:\\\/\\\/shop.bantam.ch\\\/de\\\/#website\",\"url\":\"https:\\\/\\\/shop.bantam.ch\\\/de\\\/\",\"name\":\"Bantam Camping AG\",\"description\":\"\",\"publisher\":{\"@id\":\"https:\\\/\\\/shop.bantam.ch\\\/de\\\/#organization\"},\"inLanguage\":\"de\"},{\"@type\":\"Organization\",\"@id\":\"https:\\\/\\\/shop.bantam.ch\\\/de\\\/#organization\",\"name\":\"Bantam Camping AG\",\"url\":\"https:\\\/\\\/shop.bantam.ch\\\/de\\\/\",\"logo\":{\"@type\":\"ImageObject\",\"inLanguage\":\"de\",\"@id\":\"https:\\\/\\\/shop.bantam.ch\\\/de\\\/#\\\/schema\\\/logo\\\/image\\\/\",\"url\":\"https:\\\/\\\/shop.bantam.ch\\\/wp-content\\\/uploads\\\/2022\\\/12\\\/bantam-logo.png\",\"contentUrl\":\"https:\\\/\\\/shop.bantam.ch\\\/wp-content\\\/uploads\\\/2022\\\/12\\\/bantam-logo.png\",\"width\":320,\"height\":71,\"caption\":\"Bantam Camping AG\"},\"image\":{\"@id\":\"https:\\\/\\\/shop.bantam.ch\\\/de\\\/#\\\/schema\\\/logo\\\/image\\\/\"}}]}<\/script>\n<!-- \/ Yoast SEO plugin. -->","yoast_head_json":{"title":"Stuhl Noblesse Grande - Bantam Camping AG","robots":{"index":"index","follow":"follow","max-snippet":"max-snippet:-1","max-image-preview":"max-image-preview:large","max-video-preview":"max-video-preview:-1"},"canonical":"https:\/\/shop.bantam.ch\/de\/produkt\/stuhl-noblesse-grande\/","og_locale":"de_DE","og_type":"article","og_title":"Stuhl Noblesse Grande - Bantam Camping AG","og_description":"Unser neues Modell NOBLESSE GRANDE ist mit einer Sitzh\u00f6he von 50 cm und einer Breite von 65 cm etwas gr\u00f6\u00dfer als der Stuhl NOBLESSE und ist daher super geeignet f\u00fcr gro\u00dfe Menschen. NOBLESSE GRANDE ist superleicht und dank des zusammenh\u00e4ngenden R\u00fccken- und Sitzpolsters aus DuraDore\u00ae 3D extra Soft Mesh noch dazu superbequem. Die verl\u00e4ngerte Sitzfl\u00e4che [&hellip;]","og_url":"https:\/\/shop.bantam.ch\/de\/produkt\/stuhl-noblesse-grande\/","og_site_name":"Bantam Camping AG","article_modified_time":"2026-04-18T21:48:16+00:00","og_image":[{"width":637,"height":1000,"url":"https:\/\/shop.bantam.ch\/wp-content\/uploads\/2023\/03\/9961725100.jpg","type":"image\/jpeg"}],"twitter_card":"summary_large_image","twitter_misc":{"Gesch\u00e4tzte Lesezeit":"1\u00a0Minute"},"schema":{"@context":"https:\/\/schema.org","@graph":[{"@type":"WebPage","@id":"https:\/\/shop.bantam.ch\/de\/produkt\/stuhl-noblesse-grande\/","url":"https:\/\/shop.bantam.ch\/de\/produkt\/stuhl-noblesse-grande\/","name":"Stuhl Noblesse Grande - Bantam Camping AG","isPartOf":{"@id":"https:\/\/shop.bantam.ch\/de\/#website"},"primaryImageOfPage":{"@id":"https:\/\/shop.bantam.ch\/de\/produkt\/stuhl-noblesse-grande\/#primaryimage"},"image":{"@id":"https:\/\/shop.bantam.ch\/de\/produkt\/stuhl-noblesse-grande\/#primaryimage"},"thumbnailUrl":"https:\/\/shop.bantam.ch\/wp-content\/uploads\/2023\/03\/9961725100.jpg","datePublished":"2023-03-01T00:06:51+00:00","dateModified":"2026-04-18T21:48:16+00:00","breadcrumb":{"@id":"https:\/\/shop.bantam.ch\/de\/produkt\/stuhl-noblesse-grande\/#breadcrumb"},"inLanguage":"de","potentialAction":[{"@type":"ReadAction","target":["https:\/\/shop.bantam.ch\/de\/produkt\/stuhl-noblesse-grande\/"]}]},{"@type":"ImageObject","inLanguage":"de","@id":"https:\/\/shop.bantam.ch\/de\/produkt\/stuhl-noblesse-grande\/#primaryimage","url":"https:\/\/shop.bantam.ch\/wp-content\/uploads\/2023\/03\/9961725100.jpg","contentUrl":"https:\/\/shop.bantam.ch\/wp-content\/uploads\/2023\/03\/9961725100.jpg","width":637,"height":1000},{"@type":"BreadcrumbList","@id":"https:\/\/shop.bantam.ch\/de\/produkt\/stuhl-noblesse-grande\/#breadcrumb","itemListElement":[{"@type":"ListItem","position":1,"name":"Accueil","item":"https:\/\/shop.bantam.ch\/de\/"},{"@type":"ListItem","position":2,"name":"Shop","item":"https:\/\/shop.bantam.ch\/de\/shop\/"},{"@type":"ListItem","position":3,"name":"Stuhl Noblesse Grande"}]},{"@type":"WebSite","@id":"https:\/\/shop.bantam.ch\/de\/#website","url":"https:\/\/shop.bantam.ch\/de\/","name":"Bantam Camping AG","description":"","publisher":{"@id":"https:\/\/shop.bantam.ch\/de\/#organization"},"inLanguage":"de"},{"@type":"Organization","@id":"https:\/\/shop.bantam.ch\/de\/#organization","name":"Bantam Camping AG","url":"https:\/\/shop.bantam.ch\/de\/","logo":{"@type":"ImageObject","inLanguage":"de","@id":"https:\/\/shop.bantam.ch\/de\/#\/schema\/logo\/image\/","url":"https:\/\/shop.bantam.ch\/wp-content\/uploads\/2022\/12\/bantam-logo.png","contentUrl":"https:\/\/shop.bantam.ch\/wp-content\/uploads\/2022\/12\/bantam-logo.png","width":320,"height":71,"caption":"Bantam Camping AG"},"image":{"@id":"https:\/\/shop.bantam.ch\/de\/#\/schema\/logo\/image\/"}}]}},"_links":{"self":[{"href":"https:\/\/shop.bantam.ch\/de\/wp-json\/wp\/v2\/product\/126295","targetHints":{"allow":["GET"]}}],"collection":[{"href":"https:\/\/shop.bantam.ch\/de\/wp-json\/wp\/v2\/product"}],"about":[{"href":"https:\/\/shop.bantam.ch\/de\/wp-json\/wp\/v2\/types\/product"}],"wp:featuredmedia":[{"embeddable":true,"href":"https:\/\/shop.bantam.ch\/de\/wp-json\/wp\/v2\/media\/126281"}],"wp:attachment":[{"href":"https:\/\/shop.bantam.ch\/de\/wp-json\/wp\/v2\/media?parent=126295"}],"wp:term":[{"taxonomy":"product_featured_cat","embeddable":true,"href":"https:\/\/shop.bantam.ch\/de\/wp-json\/wp\/v2\/product_featured_cat?post=126295"},{"taxonomy":"product_brand","embeddable":true,"href":"https:\/\/shop.bantam.ch\/de\/wp-json\/wp\/v2\/product_brand?post=126295"},{"taxonomy":"product_cat","embeddable":true,"href":"https:\/\/shop.bantam.ch\/de\/wp-json\/wp\/v2\/product_cat?post=126295"},{"taxonomy":"product_tag","embeddable":true,"href":"https:\/\/shop.bantam.ch\/de\/wp-json\/wp\/v2\/product_tag?post=126295"}],"curies":[{"name":"wp","href":"https:\/\/api.w.org\/{rel}","templated":true}]}}