{"id":125935,"date":"2023-03-01T01:02:07","date_gmt":"2023-03-01T00:02:07","guid":{"rendered":"https:\/\/shop.bantam.ch\/produit\/zelt-darwin-grau-gruen-2\/"},"modified":"2026-04-22T23:43:42","modified_gmt":"2026-04-22T21:43:42","slug":"zelt-darwin-grau-gruen-2","status":"publish","type":"product","link":"https:\/\/shop.bantam.ch\/de\/produkt\/zelt-darwin-grau-gruen-2\/","title":{"rendered":"Zelt Darwin, grau \/ gr\u00fcn"},"content":{"rendered":"<p>Das Coleman Darwin 3 Plus ist ein schnell aufzubauendes Kuppelt, mit extra Staufl\u00e4che im Frontbereich. Der Boden im Staubereich kann wahlweise herausgenommen oder eingesetzt werden und hat hochgezogene Kanten. Die Fenster verf\u00fcgen \u00fcber Abdeckungen, so w\u00e4hlen Sie zwischen Lichteinfall und Privatsph\u00e4re, ganz nach Ihren Bed\u00fcrfnissen! Mit einem Packma\u00df von 51 x 17 x 17 cm und einem Gewicht von 4,9 kg ist das Zelt einfach zu transportieren. Das Material besteht aus robustem Polyester, mit einer Wassers\u00e4ule von 3000 mm, sodass sie gegen Wind und Regen gut gesch\u00fctzt sind.<\/p>\n<p>Material:<br \/>Au\u00dfenzelt: 100 % Polyester<br \/>Innzelt: 100 % Polyester<\/p>\n<p>Lieferumfang:<br \/>Inklusive Tragetasche mit Hangtag<\/p>\n","protected":false},"excerpt":{"rendered":"<p>Das Coleman Darwin 3 Plus ist ein schnell aufzubauendes Kuppelt, mit extra Staufl\u00e4che im Frontbereich. Der Boden im Staubereich kann wahlweise herausgenommen oder eingesetzt werden und hat hochgezogene Kanten. Die Fenster verf\u00fcgen \u00fcber Abdeckungen, so w\u00e4hlen Sie zwischen Lichteinfall und Privatsph\u00e4re, ganz nach Ihren Bed\u00fcrfnissen! Mit einem Packma\u00df von 51 x 17 x 17 cm [&hellip;]<\/p>\n","protected":false},"featured_media":125921,"template":"","meta":{"_acf_changed":false},"product_featured_cat":[],"product_brand":[3353],"product_cat":[4240],"product_tag":[],"class_list":{"0":"post-125935","1":"product","2":"type-product","3":"status-publish","4":"has-post-thumbnail","6":"product_brand-coleman-de","7":"product_cat-schlafzelte","9":"first","10":"instock","11":"taxable","12":"shipping-taxable","13":"purchasable","14":"product-type-variable"},"acf":[],"yoast_head":"<!-- This site is optimized with the Yoast SEO plugin v27.4 - https:\/\/yoast.com\/product\/yoast-seo-wordpress\/ -->\n<title>Zelt Darwin, grau \/ gr\u00fcn - Bantam Camping AG<\/title>\n<meta name=\"robots\" content=\"index, follow, max-snippet:-1, max-image-preview:large, max-video-preview:-1\" \/>\n<link rel=\"canonical\" href=\"https:\/\/shop.bantam.ch\/de\/produkt\/zelt-darwin-grau-gruen-2\/\" \/>\n<meta property=\"og:locale\" content=\"de_DE\" \/>\n<meta property=\"og:type\" content=\"article\" \/>\n<meta property=\"og:title\" content=\"Zelt Darwin, grau \/ gr\u00fcn - Bantam Camping AG\" \/>\n<meta property=\"og:description\" content=\"Das Coleman Darwin 3 Plus ist ein schnell aufzubauendes Kuppelt, mit extra Staufl\u00e4che im Frontbereich. Der Boden im Staubereich kann wahlweise herausgenommen oder eingesetzt werden und hat hochgezogene Kanten. Die Fenster verf\u00fcgen \u00fcber Abdeckungen, so w\u00e4hlen Sie zwischen Lichteinfall und Privatsph\u00e4re, ganz nach Ihren Bed\u00fcrfnissen! Mit einem Packma\u00df von 51 x 17 x 17 cm [&hellip;]\" \/>\n<meta property=\"og:url\" content=\"https:\/\/shop.bantam.ch\/de\/produkt\/zelt-darwin-grau-gruen-2\/\" \/>\n<meta property=\"og:site_name\" content=\"Bantam Camping AG\" \/>\n<meta property=\"article:modified_time\" content=\"2026-04-22T21:43:42+00:00\" \/>\n<meta property=\"og:image\" content=\"https:\/\/shop.bantam.ch\/wp-content\/uploads\/2023\/03\/996159411.jpg\" \/>\n\t<meta property=\"og:image:width\" content=\"1000\" \/>\n\t<meta property=\"og:image:height\" content=\"524\" \/>\n\t<meta property=\"og:image:type\" content=\"image\/jpeg\" \/>\n<meta name=\"twitter:card\" content=\"summary_large_image\" \/>\n<script type=\"application\/ld+json\" class=\"yoast-schema-graph\">{\"@context\":\"https:\\\/\\\/schema.org\",\"@graph\":[{\"@type\":\"WebPage\",\"@id\":\"https:\\\/\\\/shop.bantam.ch\\\/de\\\/produkt\\\/zelt-darwin-grau-gruen-2\\\/\",\"url\":\"https:\\\/\\\/shop.bantam.ch\\\/de\\\/produkt\\\/zelt-darwin-grau-gruen-2\\\/\",\"name\":\"Zelt Darwin, grau \\\/ gr\u00fcn - Bantam Camping AG\",\"isPartOf\":{\"@id\":\"https:\\\/\\\/shop.bantam.ch\\\/de\\\/#website\"},\"primaryImageOfPage\":{\"@id\":\"https:\\\/\\\/shop.bantam.ch\\\/de\\\/produkt\\\/zelt-darwin-grau-gruen-2\\\/#primaryimage\"},\"image\":{\"@id\":\"https:\\\/\\\/shop.bantam.ch\\\/de\\\/produkt\\\/zelt-darwin-grau-gruen-2\\\/#primaryimage\"},\"thumbnailUrl\":\"https:\\\/\\\/shop.bantam.ch\\\/wp-content\\\/uploads\\\/2023\\\/03\\\/996159411.jpg\",\"datePublished\":\"2023-03-01T00:02:07+00:00\",\"dateModified\":\"2026-04-22T21:43:42+00:00\",\"breadcrumb\":{\"@id\":\"https:\\\/\\\/shop.bantam.ch\\\/de\\\/produkt\\\/zelt-darwin-grau-gruen-2\\\/#breadcrumb\"},\"inLanguage\":\"de\",\"potentialAction\":[{\"@type\":\"ReadAction\",\"target\":[\"https:\\\/\\\/shop.bantam.ch\\\/de\\\/produkt\\\/zelt-darwin-grau-gruen-2\\\/\"]}]},{\"@type\":\"ImageObject\",\"inLanguage\":\"de\",\"@id\":\"https:\\\/\\\/shop.bantam.ch\\\/de\\\/produkt\\\/zelt-darwin-grau-gruen-2\\\/#primaryimage\",\"url\":\"https:\\\/\\\/shop.bantam.ch\\\/wp-content\\\/uploads\\\/2023\\\/03\\\/996159411.jpg\",\"contentUrl\":\"https:\\\/\\\/shop.bantam.ch\\\/wp-content\\\/uploads\\\/2023\\\/03\\\/996159411.jpg\",\"width\":1000,\"height\":524},{\"@type\":\"BreadcrumbList\",\"@id\":\"https:\\\/\\\/shop.bantam.ch\\\/de\\\/produkt\\\/zelt-darwin-grau-gruen-2\\\/#breadcrumb\",\"itemListElement\":[{\"@type\":\"ListItem\",\"position\":1,\"name\":\"Accueil\",\"item\":\"https:\\\/\\\/shop.bantam.ch\\\/de\\\/\"},{\"@type\":\"ListItem\",\"position\":2,\"name\":\"Shop\",\"item\":\"https:\\\/\\\/shop.bantam.ch\\\/de\\\/shop\\\/\"},{\"@type\":\"ListItem\",\"position\":3,\"name\":\"Zelt Darwin, grau \\\/ gr\u00fcn\"}]},{\"@type\":\"WebSite\",\"@id\":\"https:\\\/\\\/shop.bantam.ch\\\/de\\\/#website\",\"url\":\"https:\\\/\\\/shop.bantam.ch\\\/de\\\/\",\"name\":\"Bantam Camping AG\",\"description\":\"\",\"publisher\":{\"@id\":\"https:\\\/\\\/shop.bantam.ch\\\/de\\\/#organization\"},\"inLanguage\":\"de\"},{\"@type\":\"Organization\",\"@id\":\"https:\\\/\\\/shop.bantam.ch\\\/de\\\/#organization\",\"name\":\"Bantam Camping AG\",\"url\":\"https:\\\/\\\/shop.bantam.ch\\\/de\\\/\",\"logo\":{\"@type\":\"ImageObject\",\"inLanguage\":\"de\",\"@id\":\"https:\\\/\\\/shop.bantam.ch\\\/de\\\/#\\\/schema\\\/logo\\\/image\\\/\",\"url\":\"https:\\\/\\\/shop.bantam.ch\\\/wp-content\\\/uploads\\\/2022\\\/12\\\/bantam-logo.png\",\"contentUrl\":\"https:\\\/\\\/shop.bantam.ch\\\/wp-content\\\/uploads\\\/2022\\\/12\\\/bantam-logo.png\",\"width\":320,\"height\":71,\"caption\":\"Bantam Camping AG\"},\"image\":{\"@id\":\"https:\\\/\\\/shop.bantam.ch\\\/de\\\/#\\\/schema\\\/logo\\\/image\\\/\"}}]}<\/script>\n<!-- \/ Yoast SEO plugin. -->","yoast_head_json":{"title":"Zelt Darwin, grau \/ gr\u00fcn - Bantam Camping AG","robots":{"index":"index","follow":"follow","max-snippet":"max-snippet:-1","max-image-preview":"max-image-preview:large","max-video-preview":"max-video-preview:-1"},"canonical":"https:\/\/shop.bantam.ch\/de\/produkt\/zelt-darwin-grau-gruen-2\/","og_locale":"de_DE","og_type":"article","og_title":"Zelt Darwin, grau \/ gr\u00fcn - Bantam Camping AG","og_description":"Das Coleman Darwin 3 Plus ist ein schnell aufzubauendes Kuppelt, mit extra Staufl\u00e4che im Frontbereich. Der Boden im Staubereich kann wahlweise herausgenommen oder eingesetzt werden und hat hochgezogene Kanten. Die Fenster verf\u00fcgen \u00fcber Abdeckungen, so w\u00e4hlen Sie zwischen Lichteinfall und Privatsph\u00e4re, ganz nach Ihren Bed\u00fcrfnissen! Mit einem Packma\u00df von 51 x 17 x 17 cm [&hellip;]","og_url":"https:\/\/shop.bantam.ch\/de\/produkt\/zelt-darwin-grau-gruen-2\/","og_site_name":"Bantam Camping AG","article_modified_time":"2026-04-22T21:43:42+00:00","og_image":[{"width":1000,"height":524,"url":"https:\/\/shop.bantam.ch\/wp-content\/uploads\/2023\/03\/996159411.jpg","type":"image\/jpeg"}],"twitter_card":"summary_large_image","schema":{"@context":"https:\/\/schema.org","@graph":[{"@type":"WebPage","@id":"https:\/\/shop.bantam.ch\/de\/produkt\/zelt-darwin-grau-gruen-2\/","url":"https:\/\/shop.bantam.ch\/de\/produkt\/zelt-darwin-grau-gruen-2\/","name":"Zelt Darwin, grau \/ gr\u00fcn - Bantam Camping AG","isPartOf":{"@id":"https:\/\/shop.bantam.ch\/de\/#website"},"primaryImageOfPage":{"@id":"https:\/\/shop.bantam.ch\/de\/produkt\/zelt-darwin-grau-gruen-2\/#primaryimage"},"image":{"@id":"https:\/\/shop.bantam.ch\/de\/produkt\/zelt-darwin-grau-gruen-2\/#primaryimage"},"thumbnailUrl":"https:\/\/shop.bantam.ch\/wp-content\/uploads\/2023\/03\/996159411.jpg","datePublished":"2023-03-01T00:02:07+00:00","dateModified":"2026-04-22T21:43:42+00:00","breadcrumb":{"@id":"https:\/\/shop.bantam.ch\/de\/produkt\/zelt-darwin-grau-gruen-2\/#breadcrumb"},"inLanguage":"de","potentialAction":[{"@type":"ReadAction","target":["https:\/\/shop.bantam.ch\/de\/produkt\/zelt-darwin-grau-gruen-2\/"]}]},{"@type":"ImageObject","inLanguage":"de","@id":"https:\/\/shop.bantam.ch\/de\/produkt\/zelt-darwin-grau-gruen-2\/#primaryimage","url":"https:\/\/shop.bantam.ch\/wp-content\/uploads\/2023\/03\/996159411.jpg","contentUrl":"https:\/\/shop.bantam.ch\/wp-content\/uploads\/2023\/03\/996159411.jpg","width":1000,"height":524},{"@type":"BreadcrumbList","@id":"https:\/\/shop.bantam.ch\/de\/produkt\/zelt-darwin-grau-gruen-2\/#breadcrumb","itemListElement":[{"@type":"ListItem","position":1,"name":"Accueil","item":"https:\/\/shop.bantam.ch\/de\/"},{"@type":"ListItem","position":2,"name":"Shop","item":"https:\/\/shop.bantam.ch\/de\/shop\/"},{"@type":"ListItem","position":3,"name":"Zelt Darwin, grau \/ gr\u00fcn"}]},{"@type":"WebSite","@id":"https:\/\/shop.bantam.ch\/de\/#website","url":"https:\/\/shop.bantam.ch\/de\/","name":"Bantam Camping AG","description":"","publisher":{"@id":"https:\/\/shop.bantam.ch\/de\/#organization"},"inLanguage":"de"},{"@type":"Organization","@id":"https:\/\/shop.bantam.ch\/de\/#organization","name":"Bantam Camping AG","url":"https:\/\/shop.bantam.ch\/de\/","logo":{"@type":"ImageObject","inLanguage":"de","@id":"https:\/\/shop.bantam.ch\/de\/#\/schema\/logo\/image\/","url":"https:\/\/shop.bantam.ch\/wp-content\/uploads\/2022\/12\/bantam-logo.png","contentUrl":"https:\/\/shop.bantam.ch\/wp-content\/uploads\/2022\/12\/bantam-logo.png","width":320,"height":71,"caption":"Bantam Camping AG"},"image":{"@id":"https:\/\/shop.bantam.ch\/de\/#\/schema\/logo\/image\/"}}]}},"_links":{"self":[{"href":"https:\/\/shop.bantam.ch\/de\/wp-json\/wp\/v2\/product\/125935","targetHints":{"allow":["GET"]}}],"collection":[{"href":"https:\/\/shop.bantam.ch\/de\/wp-json\/wp\/v2\/product"}],"about":[{"href":"https:\/\/shop.bantam.ch\/de\/wp-json\/wp\/v2\/types\/product"}],"wp:featuredmedia":[{"embeddable":true,"href":"https:\/\/shop.bantam.ch\/de\/wp-json\/wp\/v2\/media\/125921"}],"wp:attachment":[{"href":"https:\/\/shop.bantam.ch\/de\/wp-json\/wp\/v2\/media?parent=125935"}],"wp:term":[{"taxonomy":"product_featured_cat","embeddable":true,"href":"https:\/\/shop.bantam.ch\/de\/wp-json\/wp\/v2\/product_featured_cat?post=125935"},{"taxonomy":"product_brand","embeddable":true,"href":"https:\/\/shop.bantam.ch\/de\/wp-json\/wp\/v2\/product_brand?post=125935"},{"taxonomy":"product_cat","embeddable":true,"href":"https:\/\/shop.bantam.ch\/de\/wp-json\/wp\/v2\/product_cat?post=125935"},{"taxonomy":"product_tag","embeddable":true,"href":"https:\/\/shop.bantam.ch\/de\/wp-json\/wp\/v2\/product_tag?post=125935"}],"curies":[{"name":"wp","href":"https:\/\/api.w.org\/{rel}","templated":true}]}}