{"id":125893,"date":"2023-03-01T01:01:41","date_gmt":"2023-03-01T00:01:41","guid":{"rendered":"https:\/\/shop.bantam.ch\/produit\/aufstellstange-stahl-180-cm-x-19-mm\/"},"modified":"2026-04-18T21:53:01","modified_gmt":"2026-04-18T19:53:01","slug":"aufstellstange-stahl-180-cm-x-19-mm","status":"publish","type":"product","link":"https:\/\/shop.bantam.ch\/de\/produkt\/aufstellstange-stahl-180-cm-x-19-mm\/","title":{"rendered":"Aufstellstange Stahl, 180 cm x 19 mm"},"content":{"rendered":"<p>Die vierteilige BENT Stahlaufstellstange erm\u00f6glicht variable Aufbauh\u00f6hen von 45 cm \u2013 180 cm des BENT verbindbaren Sonnensegels. Der Kunststoff-Unterteller gew\u00e4hrt, auch bei weichem Untergrund, einen sicheren Halt. Das vierteilige Gest\u00e4nge ist aus hochwertigem Stahlrohr gefertigt und hat eine Gesamtl\u00e4nge von 180 cm und einen Durchmesser von 19 mm. Die einzelnen Segmente sind mit Federstahlklipsen versehen und bilden eine sichere Verbindung. Das obere Segment hat einen stabilen Dorn und dient zur Fixierung der verbindbaren Sonnensegel durch die \u00d6sen und zur Befestigung der Abspannleinen. Der untere Teil ist mit einer Kunststoff-Schutzkappe versehen. Ideal zum Aufstellen und Erweitern der BENT verbindbaren Sonnensegel f\u00fcr Camping, Caravaning, am Strand, im Garten, bei Festivals und beim Chillen.<\/p>\n<p>Lieferumfang:<br \/>1 Aufstellstange<br \/>1 Kunststoff-Unterteller<\/p>\n","protected":false},"excerpt":{"rendered":"<p>Die vierteilige BENT Stahlaufstellstange erm\u00f6glicht variable Aufbauh\u00f6hen von 45 cm \u2013 180 cm des BENT verbindbaren Sonnensegels. Der Kunststoff-Unterteller gew\u00e4hrt, auch bei weichem Untergrund, einen sicheren Halt. Das vierteilige Gest\u00e4nge ist aus hochwertigem Stahlrohr gefertigt und hat eine Gesamtl\u00e4nge von 180 cm und einen Durchmesser von 19 mm. Die einzelnen Segmente sind mit Federstahlklipsen versehen [&hellip;]<\/p>\n","protected":false},"featured_media":125891,"template":"","meta":{"_acf_changed":false},"product_featured_cat":[],"product_brand":[3639],"product_cat":[4258],"product_tag":[],"class_list":{"0":"post-125893","1":"product","2":"type-product","3":"status-publish","4":"has-post-thumbnail","6":"product_brand-bent-de","7":"product_cat-gestaenge-gestaenge-zubehoer","9":"first","10":"instock","11":"taxable","12":"shipping-taxable","13":"purchasable","14":"product-type-simple"},"acf":[],"yoast_head":"<!-- This site is optimized with the Yoast SEO plugin v27.4 - https:\/\/yoast.com\/product\/yoast-seo-wordpress\/ -->\n<title>Aufstellstange Stahl, 180 cm x 19 mm - Bantam Camping AG<\/title>\n<meta name=\"robots\" content=\"index, follow, max-snippet:-1, max-image-preview:large, max-video-preview:-1\" \/>\n<link rel=\"canonical\" href=\"https:\/\/shop.bantam.ch\/de\/produkt\/aufstellstange-stahl-180-cm-x-19-mm\/\" \/>\n<meta property=\"og:locale\" content=\"de_DE\" \/>\n<meta property=\"og:type\" content=\"article\" \/>\n<meta property=\"og:title\" content=\"Aufstellstange Stahl, 180 cm x 19 mm - Bantam Camping AG\" \/>\n<meta property=\"og:description\" content=\"Die vierteilige BENT Stahlaufstellstange erm\u00f6glicht variable Aufbauh\u00f6hen von 45 cm \u2013 180 cm des BENT verbindbaren Sonnensegels. Der Kunststoff-Unterteller gew\u00e4hrt, auch bei weichem Untergrund, einen sicheren Halt. Das vierteilige Gest\u00e4nge ist aus hochwertigem Stahlrohr gefertigt und hat eine Gesamtl\u00e4nge von 180 cm und einen Durchmesser von 19 mm. Die einzelnen Segmente sind mit Federstahlklipsen versehen [&hellip;]\" \/>\n<meta property=\"og:url\" content=\"https:\/\/shop.bantam.ch\/de\/produkt\/aufstellstange-stahl-180-cm-x-19-mm\/\" \/>\n<meta property=\"og:site_name\" content=\"Bantam Camping AG\" \/>\n<meta property=\"article:modified_time\" content=\"2026-04-18T19:53:01+00:00\" \/>\n<meta property=\"og:image\" content=\"https:\/\/shop.bantam.ch\/wp-content\/uploads\/2023\/03\/9961714100.jpg\" \/>\n\t<meta property=\"og:image:width\" content=\"546\" \/>\n\t<meta property=\"og:image:height\" content=\"1000\" \/>\n\t<meta property=\"og:image:type\" content=\"image\/jpeg\" \/>\n<meta name=\"twitter:card\" content=\"summary_large_image\" \/>\n<meta name=\"twitter:label1\" content=\"Gesch\u00e4tzte Lesezeit\" \/>\n\t<meta name=\"twitter:data1\" content=\"1\u00a0Minute\" \/>\n<script type=\"application\/ld+json\" class=\"yoast-schema-graph\">{\"@context\":\"https:\\\/\\\/schema.org\",\"@graph\":[{\"@type\":\"WebPage\",\"@id\":\"https:\\\/\\\/shop.bantam.ch\\\/de\\\/produkt\\\/aufstellstange-stahl-180-cm-x-19-mm\\\/\",\"url\":\"https:\\\/\\\/shop.bantam.ch\\\/de\\\/produkt\\\/aufstellstange-stahl-180-cm-x-19-mm\\\/\",\"name\":\"Aufstellstange Stahl, 180 cm x 19 mm - Bantam Camping AG\",\"isPartOf\":{\"@id\":\"https:\\\/\\\/shop.bantam.ch\\\/de\\\/#website\"},\"primaryImageOfPage\":{\"@id\":\"https:\\\/\\\/shop.bantam.ch\\\/de\\\/produkt\\\/aufstellstange-stahl-180-cm-x-19-mm\\\/#primaryimage\"},\"image\":{\"@id\":\"https:\\\/\\\/shop.bantam.ch\\\/de\\\/produkt\\\/aufstellstange-stahl-180-cm-x-19-mm\\\/#primaryimage\"},\"thumbnailUrl\":\"https:\\\/\\\/shop.bantam.ch\\\/wp-content\\\/uploads\\\/2023\\\/03\\\/9961714100.jpg\",\"datePublished\":\"2023-03-01T00:01:41+00:00\",\"dateModified\":\"2026-04-18T19:53:01+00:00\",\"breadcrumb\":{\"@id\":\"https:\\\/\\\/shop.bantam.ch\\\/de\\\/produkt\\\/aufstellstange-stahl-180-cm-x-19-mm\\\/#breadcrumb\"},\"inLanguage\":\"de\",\"potentialAction\":[{\"@type\":\"ReadAction\",\"target\":[\"https:\\\/\\\/shop.bantam.ch\\\/de\\\/produkt\\\/aufstellstange-stahl-180-cm-x-19-mm\\\/\"]}]},{\"@type\":\"ImageObject\",\"inLanguage\":\"de\",\"@id\":\"https:\\\/\\\/shop.bantam.ch\\\/de\\\/produkt\\\/aufstellstange-stahl-180-cm-x-19-mm\\\/#primaryimage\",\"url\":\"https:\\\/\\\/shop.bantam.ch\\\/wp-content\\\/uploads\\\/2023\\\/03\\\/9961714100.jpg\",\"contentUrl\":\"https:\\\/\\\/shop.bantam.ch\\\/wp-content\\\/uploads\\\/2023\\\/03\\\/9961714100.jpg\",\"width\":546,\"height\":1000},{\"@type\":\"BreadcrumbList\",\"@id\":\"https:\\\/\\\/shop.bantam.ch\\\/de\\\/produkt\\\/aufstellstange-stahl-180-cm-x-19-mm\\\/#breadcrumb\",\"itemListElement\":[{\"@type\":\"ListItem\",\"position\":1,\"name\":\"Accueil\",\"item\":\"https:\\\/\\\/shop.bantam.ch\\\/de\\\/\"},{\"@type\":\"ListItem\",\"position\":2,\"name\":\"Shop\",\"item\":\"https:\\\/\\\/shop.bantam.ch\\\/de\\\/shop\\\/\"},{\"@type\":\"ListItem\",\"position\":3,\"name\":\"Aufstellstange Stahl, 180 cm x 19 mm\"}]},{\"@type\":\"WebSite\",\"@id\":\"https:\\\/\\\/shop.bantam.ch\\\/de\\\/#website\",\"url\":\"https:\\\/\\\/shop.bantam.ch\\\/de\\\/\",\"name\":\"Bantam Camping AG\",\"description\":\"\",\"publisher\":{\"@id\":\"https:\\\/\\\/shop.bantam.ch\\\/de\\\/#organization\"},\"inLanguage\":\"de\"},{\"@type\":\"Organization\",\"@id\":\"https:\\\/\\\/shop.bantam.ch\\\/de\\\/#organization\",\"name\":\"Bantam Camping AG\",\"url\":\"https:\\\/\\\/shop.bantam.ch\\\/de\\\/\",\"logo\":{\"@type\":\"ImageObject\",\"inLanguage\":\"de\",\"@id\":\"https:\\\/\\\/shop.bantam.ch\\\/de\\\/#\\\/schema\\\/logo\\\/image\\\/\",\"url\":\"https:\\\/\\\/shop.bantam.ch\\\/wp-content\\\/uploads\\\/2022\\\/12\\\/bantam-logo.png\",\"contentUrl\":\"https:\\\/\\\/shop.bantam.ch\\\/wp-content\\\/uploads\\\/2022\\\/12\\\/bantam-logo.png\",\"width\":320,\"height\":71,\"caption\":\"Bantam Camping AG\"},\"image\":{\"@id\":\"https:\\\/\\\/shop.bantam.ch\\\/de\\\/#\\\/schema\\\/logo\\\/image\\\/\"}}]}<\/script>\n<!-- \/ Yoast SEO plugin. -->","yoast_head_json":{"title":"Aufstellstange Stahl, 180 cm x 19 mm - Bantam Camping AG","robots":{"index":"index","follow":"follow","max-snippet":"max-snippet:-1","max-image-preview":"max-image-preview:large","max-video-preview":"max-video-preview:-1"},"canonical":"https:\/\/shop.bantam.ch\/de\/produkt\/aufstellstange-stahl-180-cm-x-19-mm\/","og_locale":"de_DE","og_type":"article","og_title":"Aufstellstange Stahl, 180 cm x 19 mm - Bantam Camping AG","og_description":"Die vierteilige BENT Stahlaufstellstange erm\u00f6glicht variable Aufbauh\u00f6hen von 45 cm \u2013 180 cm des BENT verbindbaren Sonnensegels. Der Kunststoff-Unterteller gew\u00e4hrt, auch bei weichem Untergrund, einen sicheren Halt. Das vierteilige Gest\u00e4nge ist aus hochwertigem Stahlrohr gefertigt und hat eine Gesamtl\u00e4nge von 180 cm und einen Durchmesser von 19 mm. Die einzelnen Segmente sind mit Federstahlklipsen versehen [&hellip;]","og_url":"https:\/\/shop.bantam.ch\/de\/produkt\/aufstellstange-stahl-180-cm-x-19-mm\/","og_site_name":"Bantam Camping AG","article_modified_time":"2026-04-18T19:53:01+00:00","og_image":[{"width":546,"height":1000,"url":"https:\/\/shop.bantam.ch\/wp-content\/uploads\/2023\/03\/9961714100.jpg","type":"image\/jpeg"}],"twitter_card":"summary_large_image","twitter_misc":{"Gesch\u00e4tzte Lesezeit":"1\u00a0Minute"},"schema":{"@context":"https:\/\/schema.org","@graph":[{"@type":"WebPage","@id":"https:\/\/shop.bantam.ch\/de\/produkt\/aufstellstange-stahl-180-cm-x-19-mm\/","url":"https:\/\/shop.bantam.ch\/de\/produkt\/aufstellstange-stahl-180-cm-x-19-mm\/","name":"Aufstellstange Stahl, 180 cm x 19 mm - Bantam Camping AG","isPartOf":{"@id":"https:\/\/shop.bantam.ch\/de\/#website"},"primaryImageOfPage":{"@id":"https:\/\/shop.bantam.ch\/de\/produkt\/aufstellstange-stahl-180-cm-x-19-mm\/#primaryimage"},"image":{"@id":"https:\/\/shop.bantam.ch\/de\/produkt\/aufstellstange-stahl-180-cm-x-19-mm\/#primaryimage"},"thumbnailUrl":"https:\/\/shop.bantam.ch\/wp-content\/uploads\/2023\/03\/9961714100.jpg","datePublished":"2023-03-01T00:01:41+00:00","dateModified":"2026-04-18T19:53:01+00:00","breadcrumb":{"@id":"https:\/\/shop.bantam.ch\/de\/produkt\/aufstellstange-stahl-180-cm-x-19-mm\/#breadcrumb"},"inLanguage":"de","potentialAction":[{"@type":"ReadAction","target":["https:\/\/shop.bantam.ch\/de\/produkt\/aufstellstange-stahl-180-cm-x-19-mm\/"]}]},{"@type":"ImageObject","inLanguage":"de","@id":"https:\/\/shop.bantam.ch\/de\/produkt\/aufstellstange-stahl-180-cm-x-19-mm\/#primaryimage","url":"https:\/\/shop.bantam.ch\/wp-content\/uploads\/2023\/03\/9961714100.jpg","contentUrl":"https:\/\/shop.bantam.ch\/wp-content\/uploads\/2023\/03\/9961714100.jpg","width":546,"height":1000},{"@type":"BreadcrumbList","@id":"https:\/\/shop.bantam.ch\/de\/produkt\/aufstellstange-stahl-180-cm-x-19-mm\/#breadcrumb","itemListElement":[{"@type":"ListItem","position":1,"name":"Accueil","item":"https:\/\/shop.bantam.ch\/de\/"},{"@type":"ListItem","position":2,"name":"Shop","item":"https:\/\/shop.bantam.ch\/de\/shop\/"},{"@type":"ListItem","position":3,"name":"Aufstellstange Stahl, 180 cm x 19 mm"}]},{"@type":"WebSite","@id":"https:\/\/shop.bantam.ch\/de\/#website","url":"https:\/\/shop.bantam.ch\/de\/","name":"Bantam Camping AG","description":"","publisher":{"@id":"https:\/\/shop.bantam.ch\/de\/#organization"},"inLanguage":"de"},{"@type":"Organization","@id":"https:\/\/shop.bantam.ch\/de\/#organization","name":"Bantam Camping AG","url":"https:\/\/shop.bantam.ch\/de\/","logo":{"@type":"ImageObject","inLanguage":"de","@id":"https:\/\/shop.bantam.ch\/de\/#\/schema\/logo\/image\/","url":"https:\/\/shop.bantam.ch\/wp-content\/uploads\/2022\/12\/bantam-logo.png","contentUrl":"https:\/\/shop.bantam.ch\/wp-content\/uploads\/2022\/12\/bantam-logo.png","width":320,"height":71,"caption":"Bantam Camping AG"},"image":{"@id":"https:\/\/shop.bantam.ch\/de\/#\/schema\/logo\/image\/"}}]}},"_links":{"self":[{"href":"https:\/\/shop.bantam.ch\/de\/wp-json\/wp\/v2\/product\/125893","targetHints":{"allow":["GET"]}}],"collection":[{"href":"https:\/\/shop.bantam.ch\/de\/wp-json\/wp\/v2\/product"}],"about":[{"href":"https:\/\/shop.bantam.ch\/de\/wp-json\/wp\/v2\/types\/product"}],"wp:featuredmedia":[{"embeddable":true,"href":"https:\/\/shop.bantam.ch\/de\/wp-json\/wp\/v2\/media\/125891"}],"wp:attachment":[{"href":"https:\/\/shop.bantam.ch\/de\/wp-json\/wp\/v2\/media?parent=125893"}],"wp:term":[{"taxonomy":"product_featured_cat","embeddable":true,"href":"https:\/\/shop.bantam.ch\/de\/wp-json\/wp\/v2\/product_featured_cat?post=125893"},{"taxonomy":"product_brand","embeddable":true,"href":"https:\/\/shop.bantam.ch\/de\/wp-json\/wp\/v2\/product_brand?post=125893"},{"taxonomy":"product_cat","embeddable":true,"href":"https:\/\/shop.bantam.ch\/de\/wp-json\/wp\/v2\/product_cat?post=125893"},{"taxonomy":"product_tag","embeddable":true,"href":"https:\/\/shop.bantam.ch\/de\/wp-json\/wp\/v2\/product_tag?post=125893"}],"curies":[{"name":"wp","href":"https:\/\/api.w.org\/{rel}","templated":true}]}}