{"id":125843,"date":"2023-03-01T01:00:29","date_gmt":"2023-03-01T00:00:29","guid":{"rendered":"https:\/\/shop.bantam.ch\/produit\/fahrzeugadapter-dunkelgrau\/"},"modified":"2026-04-17T23:44:14","modified_gmt":"2026-04-17T21:44:14","slug":"fahrzeugadapter-dunkelgrau","status":"publish","type":"product","link":"https:\/\/shop.bantam.ch\/de\/produkt\/fahrzeugadapter-dunkelgrau\/","title":{"rendered":"Fahrzeugadapter, dunkelgrau"},"content":{"rendered":"<p>Der BENT \u201eFahrzeugadapter\u201c ist das Kernmodul und erm\u00f6glicht das Befestigen der BENT Sonnensegel an jedem Fahrzeug. Zur universellen Befestigung hat der Fahrzeugadapter drei verschiedene Anschlussm\u00f6glichkeiten am Fahrzeug und Wohnwagen. Der Doppelkeder mit den zwei verschiedenen Gr\u00f6\u00dfen von 5,8 mm und 7,2 mm erm\u00f6glicht das Einziehen in alle g\u00e4ngigen Kederschienen.\u00a0Der Schleusenstabtunnel mit seinen zwei zentralen \u00d6ffnungen erm\u00f6glicht das Befestigen mittels Schleusenstab und Saugnapfadapter am Fahrzeug.\u00a0Die 4 Klettbandschlaufen dienen zur Befestigung an einer Dachreling oder an Fahrzeugaufbauten.\u00a0Die Rei\u00dfverschluss-Abdeckklappe am Universal-Fahrzeugadapter sichert einen trockenen \u00dcbergang vom Fahrzeug zum Vordach.\u00a0Ideal f\u00fcr alle Fahrzeuge wie z.B. f\u00fcr Campingbusse, Wohnwagen, Reisemobile, SUVs oder PKWs.\u00a0Praktische Netztasche mit Kordelzug, kleines Packma\u00df.<\/p>\n<p>Lieferumfang:<br \/>1 Universal-Fahrzeugadapter<br \/>1 Netztasche mit Kordelzug<\/p>\n","protected":false},"excerpt":{"rendered":"<p>Der BENT \u201eFahrzeugadapter\u201c ist das Kernmodul und erm\u00f6glicht das Befestigen der BENT Sonnensegel an jedem Fahrzeug. Zur universellen Befestigung hat der Fahrzeugadapter drei verschiedene Anschlussm\u00f6glichkeiten am Fahrzeug und Wohnwagen. Der Doppelkeder mit den zwei verschiedenen Gr\u00f6\u00dfen von 5,8 mm und 7,2 mm erm\u00f6glicht das Einziehen in alle g\u00e4ngigen Kederschienen.\u00a0Der Schleusenstabtunnel mit seinen zwei zentralen \u00d6ffnungen [&hellip;]<\/p>\n","protected":false},"featured_media":125819,"template":"","meta":{"_acf_changed":false},"product_featured_cat":[],"product_brand":[3639],"product_cat":[4254],"product_tag":[],"class_list":{"0":"post-125843","1":"product","2":"type-product","3":"status-publish","4":"has-post-thumbnail","6":"product_brand-bent-de","7":"product_cat-aufbau-zubehoer","9":"first","10":"instock","11":"taxable","12":"shipping-taxable","13":"purchasable","14":"product-type-variable"},"acf":[],"yoast_head":"<!-- This site is optimized with the Yoast SEO plugin v27.4 - https:\/\/yoast.com\/product\/yoast-seo-wordpress\/ -->\n<title>Fahrzeugadapter, dunkelgrau - Bantam Camping AG<\/title>\n<meta name=\"robots\" content=\"index, follow, max-snippet:-1, max-image-preview:large, max-video-preview:-1\" \/>\n<link rel=\"canonical\" href=\"https:\/\/shop.bantam.ch\/de\/produkt\/fahrzeugadapter-dunkelgrau\/\" \/>\n<meta property=\"og:locale\" content=\"de_DE\" \/>\n<meta property=\"og:type\" content=\"article\" \/>\n<meta property=\"og:title\" content=\"Fahrzeugadapter, dunkelgrau - Bantam Camping AG\" \/>\n<meta property=\"og:description\" content=\"Der BENT \u201eFahrzeugadapter\u201c ist das Kernmodul und erm\u00f6glicht das Befestigen der BENT Sonnensegel an jedem Fahrzeug. Zur universellen Befestigung hat der Fahrzeugadapter drei verschiedene Anschlussm\u00f6glichkeiten am Fahrzeug und Wohnwagen. Der Doppelkeder mit den zwei verschiedenen Gr\u00f6\u00dfen von 5,8 mm und 7,2 mm erm\u00f6glicht das Einziehen in alle g\u00e4ngigen Kederschienen.\u00a0Der Schleusenstabtunnel mit seinen zwei zentralen \u00d6ffnungen [&hellip;]\" \/>\n<meta property=\"og:url\" content=\"https:\/\/shop.bantam.ch\/de\/produkt\/fahrzeugadapter-dunkelgrau\/\" \/>\n<meta property=\"og:site_name\" content=\"Bantam Camping AG\" \/>\n<meta property=\"article:modified_time\" content=\"2026-04-17T21:44:14+00:00\" \/>\n<meta property=\"og:image\" content=\"https:\/\/shop.bantam.ch\/wp-content\/uploads\/2023\/03\/9961704100.jpg\" \/>\n\t<meta property=\"og:image:width\" content=\"1000\" \/>\n\t<meta property=\"og:image:height\" content=\"41\" \/>\n\t<meta property=\"og:image:type\" content=\"image\/jpeg\" \/>\n<meta name=\"twitter:card\" content=\"summary_large_image\" \/>\n<meta name=\"twitter:label1\" content=\"Gesch\u00e4tzte Lesezeit\" \/>\n\t<meta name=\"twitter:data1\" content=\"1\u00a0Minute\" \/>\n<script type=\"application\/ld+json\" class=\"yoast-schema-graph\">{\"@context\":\"https:\\\/\\\/schema.org\",\"@graph\":[{\"@type\":\"WebPage\",\"@id\":\"https:\\\/\\\/shop.bantam.ch\\\/de\\\/produkt\\\/fahrzeugadapter-dunkelgrau\\\/\",\"url\":\"https:\\\/\\\/shop.bantam.ch\\\/de\\\/produkt\\\/fahrzeugadapter-dunkelgrau\\\/\",\"name\":\"Fahrzeugadapter, dunkelgrau - Bantam Camping AG\",\"isPartOf\":{\"@id\":\"https:\\\/\\\/shop.bantam.ch\\\/de\\\/#website\"},\"primaryImageOfPage\":{\"@id\":\"https:\\\/\\\/shop.bantam.ch\\\/de\\\/produkt\\\/fahrzeugadapter-dunkelgrau\\\/#primaryimage\"},\"image\":{\"@id\":\"https:\\\/\\\/shop.bantam.ch\\\/de\\\/produkt\\\/fahrzeugadapter-dunkelgrau\\\/#primaryimage\"},\"thumbnailUrl\":\"https:\\\/\\\/shop.bantam.ch\\\/wp-content\\\/uploads\\\/2023\\\/03\\\/9961704100.jpg\",\"datePublished\":\"2023-03-01T00:00:29+00:00\",\"dateModified\":\"2026-04-17T21:44:14+00:00\",\"breadcrumb\":{\"@id\":\"https:\\\/\\\/shop.bantam.ch\\\/de\\\/produkt\\\/fahrzeugadapter-dunkelgrau\\\/#breadcrumb\"},\"inLanguage\":\"de\",\"potentialAction\":[{\"@type\":\"ReadAction\",\"target\":[\"https:\\\/\\\/shop.bantam.ch\\\/de\\\/produkt\\\/fahrzeugadapter-dunkelgrau\\\/\"]}]},{\"@type\":\"ImageObject\",\"inLanguage\":\"de\",\"@id\":\"https:\\\/\\\/shop.bantam.ch\\\/de\\\/produkt\\\/fahrzeugadapter-dunkelgrau\\\/#primaryimage\",\"url\":\"https:\\\/\\\/shop.bantam.ch\\\/wp-content\\\/uploads\\\/2023\\\/03\\\/9961704100.jpg\",\"contentUrl\":\"https:\\\/\\\/shop.bantam.ch\\\/wp-content\\\/uploads\\\/2023\\\/03\\\/9961704100.jpg\",\"width\":1000,\"height\":41},{\"@type\":\"BreadcrumbList\",\"@id\":\"https:\\\/\\\/shop.bantam.ch\\\/de\\\/produkt\\\/fahrzeugadapter-dunkelgrau\\\/#breadcrumb\",\"itemListElement\":[{\"@type\":\"ListItem\",\"position\":1,\"name\":\"Accueil\",\"item\":\"https:\\\/\\\/shop.bantam.ch\\\/de\\\/\"},{\"@type\":\"ListItem\",\"position\":2,\"name\":\"Shop\",\"item\":\"https:\\\/\\\/shop.bantam.ch\\\/de\\\/shop\\\/\"},{\"@type\":\"ListItem\",\"position\":3,\"name\":\"Fahrzeugadapter, dunkelgrau\"}]},{\"@type\":\"WebSite\",\"@id\":\"https:\\\/\\\/shop.bantam.ch\\\/de\\\/#website\",\"url\":\"https:\\\/\\\/shop.bantam.ch\\\/de\\\/\",\"name\":\"Bantam Camping AG\",\"description\":\"\",\"publisher\":{\"@id\":\"https:\\\/\\\/shop.bantam.ch\\\/de\\\/#organization\"},\"inLanguage\":\"de\"},{\"@type\":\"Organization\",\"@id\":\"https:\\\/\\\/shop.bantam.ch\\\/de\\\/#organization\",\"name\":\"Bantam Camping AG\",\"url\":\"https:\\\/\\\/shop.bantam.ch\\\/de\\\/\",\"logo\":{\"@type\":\"ImageObject\",\"inLanguage\":\"de\",\"@id\":\"https:\\\/\\\/shop.bantam.ch\\\/de\\\/#\\\/schema\\\/logo\\\/image\\\/\",\"url\":\"https:\\\/\\\/shop.bantam.ch\\\/wp-content\\\/uploads\\\/2022\\\/12\\\/bantam-logo.png\",\"contentUrl\":\"https:\\\/\\\/shop.bantam.ch\\\/wp-content\\\/uploads\\\/2022\\\/12\\\/bantam-logo.png\",\"width\":320,\"height\":71,\"caption\":\"Bantam Camping AG\"},\"image\":{\"@id\":\"https:\\\/\\\/shop.bantam.ch\\\/de\\\/#\\\/schema\\\/logo\\\/image\\\/\"}}]}<\/script>\n<!-- \/ Yoast SEO plugin. -->","yoast_head_json":{"title":"Fahrzeugadapter, dunkelgrau - Bantam Camping AG","robots":{"index":"index","follow":"follow","max-snippet":"max-snippet:-1","max-image-preview":"max-image-preview:large","max-video-preview":"max-video-preview:-1"},"canonical":"https:\/\/shop.bantam.ch\/de\/produkt\/fahrzeugadapter-dunkelgrau\/","og_locale":"de_DE","og_type":"article","og_title":"Fahrzeugadapter, dunkelgrau - Bantam Camping AG","og_description":"Der BENT \u201eFahrzeugadapter\u201c ist das Kernmodul und erm\u00f6glicht das Befestigen der BENT Sonnensegel an jedem Fahrzeug. Zur universellen Befestigung hat der Fahrzeugadapter drei verschiedene Anschlussm\u00f6glichkeiten am Fahrzeug und Wohnwagen. Der Doppelkeder mit den zwei verschiedenen Gr\u00f6\u00dfen von 5,8 mm und 7,2 mm erm\u00f6glicht das Einziehen in alle g\u00e4ngigen Kederschienen.\u00a0Der Schleusenstabtunnel mit seinen zwei zentralen \u00d6ffnungen [&hellip;]","og_url":"https:\/\/shop.bantam.ch\/de\/produkt\/fahrzeugadapter-dunkelgrau\/","og_site_name":"Bantam Camping AG","article_modified_time":"2026-04-17T21:44:14+00:00","og_image":[{"width":1000,"height":41,"url":"https:\/\/shop.bantam.ch\/wp-content\/uploads\/2023\/03\/9961704100.jpg","type":"image\/jpeg"}],"twitter_card":"summary_large_image","twitter_misc":{"Gesch\u00e4tzte Lesezeit":"1\u00a0Minute"},"schema":{"@context":"https:\/\/schema.org","@graph":[{"@type":"WebPage","@id":"https:\/\/shop.bantam.ch\/de\/produkt\/fahrzeugadapter-dunkelgrau\/","url":"https:\/\/shop.bantam.ch\/de\/produkt\/fahrzeugadapter-dunkelgrau\/","name":"Fahrzeugadapter, dunkelgrau - Bantam Camping AG","isPartOf":{"@id":"https:\/\/shop.bantam.ch\/de\/#website"},"primaryImageOfPage":{"@id":"https:\/\/shop.bantam.ch\/de\/produkt\/fahrzeugadapter-dunkelgrau\/#primaryimage"},"image":{"@id":"https:\/\/shop.bantam.ch\/de\/produkt\/fahrzeugadapter-dunkelgrau\/#primaryimage"},"thumbnailUrl":"https:\/\/shop.bantam.ch\/wp-content\/uploads\/2023\/03\/9961704100.jpg","datePublished":"2023-03-01T00:00:29+00:00","dateModified":"2026-04-17T21:44:14+00:00","breadcrumb":{"@id":"https:\/\/shop.bantam.ch\/de\/produkt\/fahrzeugadapter-dunkelgrau\/#breadcrumb"},"inLanguage":"de","potentialAction":[{"@type":"ReadAction","target":["https:\/\/shop.bantam.ch\/de\/produkt\/fahrzeugadapter-dunkelgrau\/"]}]},{"@type":"ImageObject","inLanguage":"de","@id":"https:\/\/shop.bantam.ch\/de\/produkt\/fahrzeugadapter-dunkelgrau\/#primaryimage","url":"https:\/\/shop.bantam.ch\/wp-content\/uploads\/2023\/03\/9961704100.jpg","contentUrl":"https:\/\/shop.bantam.ch\/wp-content\/uploads\/2023\/03\/9961704100.jpg","width":1000,"height":41},{"@type":"BreadcrumbList","@id":"https:\/\/shop.bantam.ch\/de\/produkt\/fahrzeugadapter-dunkelgrau\/#breadcrumb","itemListElement":[{"@type":"ListItem","position":1,"name":"Accueil","item":"https:\/\/shop.bantam.ch\/de\/"},{"@type":"ListItem","position":2,"name":"Shop","item":"https:\/\/shop.bantam.ch\/de\/shop\/"},{"@type":"ListItem","position":3,"name":"Fahrzeugadapter, dunkelgrau"}]},{"@type":"WebSite","@id":"https:\/\/shop.bantam.ch\/de\/#website","url":"https:\/\/shop.bantam.ch\/de\/","name":"Bantam Camping AG","description":"","publisher":{"@id":"https:\/\/shop.bantam.ch\/de\/#organization"},"inLanguage":"de"},{"@type":"Organization","@id":"https:\/\/shop.bantam.ch\/de\/#organization","name":"Bantam Camping AG","url":"https:\/\/shop.bantam.ch\/de\/","logo":{"@type":"ImageObject","inLanguage":"de","@id":"https:\/\/shop.bantam.ch\/de\/#\/schema\/logo\/image\/","url":"https:\/\/shop.bantam.ch\/wp-content\/uploads\/2022\/12\/bantam-logo.png","contentUrl":"https:\/\/shop.bantam.ch\/wp-content\/uploads\/2022\/12\/bantam-logo.png","width":320,"height":71,"caption":"Bantam Camping AG"},"image":{"@id":"https:\/\/shop.bantam.ch\/de\/#\/schema\/logo\/image\/"}}]}},"_links":{"self":[{"href":"https:\/\/shop.bantam.ch\/de\/wp-json\/wp\/v2\/product\/125843","targetHints":{"allow":["GET"]}}],"collection":[{"href":"https:\/\/shop.bantam.ch\/de\/wp-json\/wp\/v2\/product"}],"about":[{"href":"https:\/\/shop.bantam.ch\/de\/wp-json\/wp\/v2\/types\/product"}],"wp:featuredmedia":[{"embeddable":true,"href":"https:\/\/shop.bantam.ch\/de\/wp-json\/wp\/v2\/media\/125819"}],"wp:attachment":[{"href":"https:\/\/shop.bantam.ch\/de\/wp-json\/wp\/v2\/media?parent=125843"}],"wp:term":[{"taxonomy":"product_featured_cat","embeddable":true,"href":"https:\/\/shop.bantam.ch\/de\/wp-json\/wp\/v2\/product_featured_cat?post=125843"},{"taxonomy":"product_brand","embeddable":true,"href":"https:\/\/shop.bantam.ch\/de\/wp-json\/wp\/v2\/product_brand?post=125843"},{"taxonomy":"product_cat","embeddable":true,"href":"https:\/\/shop.bantam.ch\/de\/wp-json\/wp\/v2\/product_cat?post=125843"},{"taxonomy":"product_tag","embeddable":true,"href":"https:\/\/shop.bantam.ch\/de\/wp-json\/wp\/v2\/product_tag?post=125843"}],"curies":[{"name":"wp","href":"https:\/\/api.w.org\/{rel}","templated":true}]}}