{"id":125813,"date":"2023-03-01T01:00:00","date_gmt":"2023-03-01T00:00:00","guid":{"rendered":"https:\/\/shop.bantam.ch\/produit\/teppich-zip-carpet\/"},"modified":"2026-05-11T23:40:53","modified_gmt":"2026-05-11T21:40:53","slug":"teppich-zip-carpet","status":"publish","type":"product","link":"https:\/\/shop.bantam.ch\/de\/produkt\/teppich-zip-carpet\/","title":{"rendered":"Teppich Zip-Carpet"},"content":{"rendered":"<p>Entspanne auf dem komfortablen, weichen und verbindbaren BENT Teppich. Die flauschige Oberfl\u00e4che aus Nylex ist strapazierf\u00e4hig und bietet h\u00f6chsten Komfort. Die Unterseite ist mit einer wasserdichten PVC-Laminierung ausgestattet, die vor Bodenfeuchte sch\u00fctzt und ein leichtes Reinigen erm\u00f6glicht.\u00a0Der einzigartige BENT Teppich erm\u00f6glicht, mittels der vier hochwertigen Rei\u00dfverschl\u00fcsse an den jeweiligen Seiten, das Verbinden mit dem BENT Sonnensegel und dem \u201eZip-XL Lounger\u201c. Die Ecken sind mit verst\u00e4rkten \u00d6sen ausger\u00fcstet f\u00fcr eine sichere Befestigung mittels Erdn\u00e4geln im Boden. Sofern das Sonnensegel mit dem Teppich, mittels des Rei\u00dfverschlusses, verbunden ist, hat man Schutz vor Sonnenstrahlung, Wind und l\u00e4stigem Sand.\u00a0Praktischer, robuster 150 D Polyester Packsack mit Schnellverschluss, Schulterb\u00e4ndern und kleinem Packma\u00df f\u00fcr den leichten Transport.\u00a0Ideal f\u00fcr Camping, Caravaning, am Strand, beim Picknick, im Garten, bei Festivals oder beim Chillen.<\/p>\n<p>Material:<br \/>Obermaterial: 100 % Nylex<br \/>Unterseite: 100 % PVC<\/p>\n<p>Lieferumfang:<br \/>1 Teppich<br \/>1 Tragetasche mit Kordelzug<\/p>\n","protected":false},"excerpt":{"rendered":"<p>Entspanne auf dem komfortablen, weichen und verbindbaren BENT Teppich. Die flauschige Oberfl\u00e4che aus Nylex ist strapazierf\u00e4hig und bietet h\u00f6chsten Komfort. Die Unterseite ist mit einer wasserdichten PVC-Laminierung ausgestattet, die vor Bodenfeuchte sch\u00fctzt und ein leichtes Reinigen erm\u00f6glicht.\u00a0Der einzigartige BENT Teppich erm\u00f6glicht, mittels der vier hochwertigen Rei\u00dfverschl\u00fcsse an den jeweiligen Seiten, das Verbinden mit dem BENT [&hellip;]<\/p>\n","protected":false},"featured_media":125785,"template":"","meta":{"_acf_changed":false},"product_featured_cat":[],"product_brand":[3639],"product_cat":[4262],"product_tag":[],"class_list":{"0":"post-125813","1":"product","2":"type-product","3":"status-publish","4":"has-post-thumbnail","6":"product_brand-bent-de","7":"product_cat-zeltteppiche-boeden","9":"first","10":"instock","11":"taxable","12":"shipping-taxable","13":"purchasable","14":"product-type-variable"},"acf":[],"yoast_head":"<!-- This site is optimized with the Yoast SEO plugin v27.5 - https:\/\/yoast.com\/product\/yoast-seo-wordpress\/ -->\n<title>Teppich Zip-Carpet - Bantam<\/title>\n<meta name=\"robots\" content=\"index, follow, max-snippet:-1, max-image-preview:large, max-video-preview:-1\" \/>\n<link rel=\"canonical\" href=\"https:\/\/shop.bantam.ch\/de\/produkt\/teppich-zip-carpet\/\" \/>\n<meta property=\"og:locale\" content=\"de_DE\" \/>\n<meta property=\"og:type\" content=\"article\" \/>\n<meta property=\"og:title\" content=\"Teppich Zip-Carpet - Bantam\" \/>\n<meta property=\"og:description\" content=\"Entspanne auf dem komfortablen, weichen und verbindbaren BENT Teppich. Die flauschige Oberfl\u00e4che aus Nylex ist strapazierf\u00e4hig und bietet h\u00f6chsten Komfort. Die Unterseite ist mit einer wasserdichten PVC-Laminierung ausgestattet, die vor Bodenfeuchte sch\u00fctzt und ein leichtes Reinigen erm\u00f6glicht.\u00a0Der einzigartige BENT Teppich erm\u00f6glicht, mittels der vier hochwertigen Rei\u00dfverschl\u00fcsse an den jeweiligen Seiten, das Verbinden mit dem BENT [&hellip;]\" \/>\n<meta property=\"og:url\" content=\"https:\/\/shop.bantam.ch\/de\/produkt\/teppich-zip-carpet\/\" \/>\n<meta property=\"og:site_name\" content=\"Bantam\" \/>\n<meta property=\"article:modified_time\" content=\"2026-05-11T21:40:53+00:00\" \/>\n<meta property=\"og:image\" content=\"https:\/\/shop.bantam.ch\/wp-content\/uploads\/2023\/03\/9961700100.jpg\" \/>\n\t<meta property=\"og:image:width\" content=\"1000\" \/>\n\t<meta property=\"og:image:height\" content=\"1000\" \/>\n\t<meta property=\"og:image:type\" content=\"image\/jpeg\" \/>\n<meta name=\"twitter:card\" content=\"summary_large_image\" \/>\n<meta name=\"twitter:label1\" content=\"Gesch\u00e4tzte Lesezeit\" \/>\n\t<meta name=\"twitter:data1\" content=\"1\u00a0Minute\" \/>\n<script type=\"application\/ld+json\" class=\"yoast-schema-graph\">{\"@context\":\"https:\\\/\\\/schema.org\",\"@graph\":[{\"@type\":\"WebPage\",\"@id\":\"https:\\\/\\\/shop.bantam.ch\\\/de\\\/produkt\\\/teppich-zip-carpet\\\/\",\"url\":\"https:\\\/\\\/shop.bantam.ch\\\/de\\\/produkt\\\/teppich-zip-carpet\\\/\",\"name\":\"Teppich Zip-Carpet - Bantam\",\"isPartOf\":{\"@id\":\"https:\\\/\\\/shop.bantam.ch\\\/de\\\/#website\"},\"primaryImageOfPage\":{\"@id\":\"https:\\\/\\\/shop.bantam.ch\\\/de\\\/produkt\\\/teppich-zip-carpet\\\/#primaryimage\"},\"image\":{\"@id\":\"https:\\\/\\\/shop.bantam.ch\\\/de\\\/produkt\\\/teppich-zip-carpet\\\/#primaryimage\"},\"thumbnailUrl\":\"https:\\\/\\\/shop.bantam.ch\\\/wp-content\\\/uploads\\\/2023\\\/03\\\/9961700100.jpg\",\"datePublished\":\"2023-03-01T00:00:00+00:00\",\"dateModified\":\"2026-05-11T21:40:53+00:00\",\"breadcrumb\":{\"@id\":\"https:\\\/\\\/shop.bantam.ch\\\/de\\\/produkt\\\/teppich-zip-carpet\\\/#breadcrumb\"},\"inLanguage\":\"de\",\"potentialAction\":[{\"@type\":\"ReadAction\",\"target\":[\"https:\\\/\\\/shop.bantam.ch\\\/de\\\/produkt\\\/teppich-zip-carpet\\\/\"]}]},{\"@type\":\"ImageObject\",\"inLanguage\":\"de\",\"@id\":\"https:\\\/\\\/shop.bantam.ch\\\/de\\\/produkt\\\/teppich-zip-carpet\\\/#primaryimage\",\"url\":\"https:\\\/\\\/shop.bantam.ch\\\/wp-content\\\/uploads\\\/2023\\\/03\\\/9961700100.jpg\",\"contentUrl\":\"https:\\\/\\\/shop.bantam.ch\\\/wp-content\\\/uploads\\\/2023\\\/03\\\/9961700100.jpg\",\"width\":1000,\"height\":1000},{\"@type\":\"BreadcrumbList\",\"@id\":\"https:\\\/\\\/shop.bantam.ch\\\/de\\\/produkt\\\/teppich-zip-carpet\\\/#breadcrumb\",\"itemListElement\":[{\"@type\":\"ListItem\",\"position\":1,\"name\":\"Accueil\",\"item\":\"https:\\\/\\\/shop.bantam.ch\\\/de\\\/\"},{\"@type\":\"ListItem\",\"position\":2,\"name\":\"Shop\",\"item\":\"https:\\\/\\\/shop.bantam.ch\\\/de\\\/shop\\\/\"},{\"@type\":\"ListItem\",\"position\":3,\"name\":\"Teppich Zip-Carpet\"}]},{\"@type\":\"WebSite\",\"@id\":\"https:\\\/\\\/shop.bantam.ch\\\/de\\\/#website\",\"url\":\"https:\\\/\\\/shop.bantam.ch\\\/de\\\/\",\"name\":\"Bantam\",\"description\":\"\",\"publisher\":{\"@id\":\"https:\\\/\\\/shop.bantam.ch\\\/de\\\/#organization\"},\"inLanguage\":\"de\"},{\"@type\":\"Organization\",\"@id\":\"https:\\\/\\\/shop.bantam.ch\\\/de\\\/#organization\",\"name\":\"Bantam\",\"url\":\"https:\\\/\\\/shop.bantam.ch\\\/de\\\/\",\"logo\":{\"@type\":\"ImageObject\",\"inLanguage\":\"de\",\"@id\":\"https:\\\/\\\/shop.bantam.ch\\\/de\\\/#\\\/schema\\\/logo\\\/image\\\/\",\"url\":\"https:\\\/\\\/shop.bantam.ch\\\/wp-content\\\/uploads\\\/2022\\\/12\\\/bantam-logo.png\",\"contentUrl\":\"https:\\\/\\\/shop.bantam.ch\\\/wp-content\\\/uploads\\\/2022\\\/12\\\/bantam-logo.png\",\"width\":320,\"height\":71,\"caption\":\"Bantam\"},\"image\":{\"@id\":\"https:\\\/\\\/shop.bantam.ch\\\/de\\\/#\\\/schema\\\/logo\\\/image\\\/\"}}]}<\/script>\n<!-- \/ Yoast SEO plugin. -->","yoast_head_json":{"title":"Teppich Zip-Carpet - Bantam","robots":{"index":"index","follow":"follow","max-snippet":"max-snippet:-1","max-image-preview":"max-image-preview:large","max-video-preview":"max-video-preview:-1"},"canonical":"https:\/\/shop.bantam.ch\/de\/produkt\/teppich-zip-carpet\/","og_locale":"de_DE","og_type":"article","og_title":"Teppich Zip-Carpet - Bantam","og_description":"Entspanne auf dem komfortablen, weichen und verbindbaren BENT Teppich. Die flauschige Oberfl\u00e4che aus Nylex ist strapazierf\u00e4hig und bietet h\u00f6chsten Komfort. Die Unterseite ist mit einer wasserdichten PVC-Laminierung ausgestattet, die vor Bodenfeuchte sch\u00fctzt und ein leichtes Reinigen erm\u00f6glicht.\u00a0Der einzigartige BENT Teppich erm\u00f6glicht, mittels der vier hochwertigen Rei\u00dfverschl\u00fcsse an den jeweiligen Seiten, das Verbinden mit dem BENT [&hellip;]","og_url":"https:\/\/shop.bantam.ch\/de\/produkt\/teppich-zip-carpet\/","og_site_name":"Bantam","article_modified_time":"2026-05-11T21:40:53+00:00","og_image":[{"width":1000,"height":1000,"url":"https:\/\/shop.bantam.ch\/wp-content\/uploads\/2023\/03\/9961700100.jpg","type":"image\/jpeg"}],"twitter_card":"summary_large_image","twitter_misc":{"Gesch\u00e4tzte Lesezeit":"1\u00a0Minute"},"schema":{"@context":"https:\/\/schema.org","@graph":[{"@type":"WebPage","@id":"https:\/\/shop.bantam.ch\/de\/produkt\/teppich-zip-carpet\/","url":"https:\/\/shop.bantam.ch\/de\/produkt\/teppich-zip-carpet\/","name":"Teppich Zip-Carpet - Bantam","isPartOf":{"@id":"https:\/\/shop.bantam.ch\/de\/#website"},"primaryImageOfPage":{"@id":"https:\/\/shop.bantam.ch\/de\/produkt\/teppich-zip-carpet\/#primaryimage"},"image":{"@id":"https:\/\/shop.bantam.ch\/de\/produkt\/teppich-zip-carpet\/#primaryimage"},"thumbnailUrl":"https:\/\/shop.bantam.ch\/wp-content\/uploads\/2023\/03\/9961700100.jpg","datePublished":"2023-03-01T00:00:00+00:00","dateModified":"2026-05-11T21:40:53+00:00","breadcrumb":{"@id":"https:\/\/shop.bantam.ch\/de\/produkt\/teppich-zip-carpet\/#breadcrumb"},"inLanguage":"de","potentialAction":[{"@type":"ReadAction","target":["https:\/\/shop.bantam.ch\/de\/produkt\/teppich-zip-carpet\/"]}]},{"@type":"ImageObject","inLanguage":"de","@id":"https:\/\/shop.bantam.ch\/de\/produkt\/teppich-zip-carpet\/#primaryimage","url":"https:\/\/shop.bantam.ch\/wp-content\/uploads\/2023\/03\/9961700100.jpg","contentUrl":"https:\/\/shop.bantam.ch\/wp-content\/uploads\/2023\/03\/9961700100.jpg","width":1000,"height":1000},{"@type":"BreadcrumbList","@id":"https:\/\/shop.bantam.ch\/de\/produkt\/teppich-zip-carpet\/#breadcrumb","itemListElement":[{"@type":"ListItem","position":1,"name":"Accueil","item":"https:\/\/shop.bantam.ch\/de\/"},{"@type":"ListItem","position":2,"name":"Shop","item":"https:\/\/shop.bantam.ch\/de\/shop\/"},{"@type":"ListItem","position":3,"name":"Teppich Zip-Carpet"}]},{"@type":"WebSite","@id":"https:\/\/shop.bantam.ch\/de\/#website","url":"https:\/\/shop.bantam.ch\/de\/","name":"Bantam","description":"","publisher":{"@id":"https:\/\/shop.bantam.ch\/de\/#organization"},"inLanguage":"de"},{"@type":"Organization","@id":"https:\/\/shop.bantam.ch\/de\/#organization","name":"Bantam","url":"https:\/\/shop.bantam.ch\/de\/","logo":{"@type":"ImageObject","inLanguage":"de","@id":"https:\/\/shop.bantam.ch\/de\/#\/schema\/logo\/image\/","url":"https:\/\/shop.bantam.ch\/wp-content\/uploads\/2022\/12\/bantam-logo.png","contentUrl":"https:\/\/shop.bantam.ch\/wp-content\/uploads\/2022\/12\/bantam-logo.png","width":320,"height":71,"caption":"Bantam"},"image":{"@id":"https:\/\/shop.bantam.ch\/de\/#\/schema\/logo\/image\/"}}]}},"_links":{"self":[{"href":"https:\/\/shop.bantam.ch\/de\/wp-json\/wp\/v2\/product\/125813","targetHints":{"allow":["GET"]}}],"collection":[{"href":"https:\/\/shop.bantam.ch\/de\/wp-json\/wp\/v2\/product"}],"about":[{"href":"https:\/\/shop.bantam.ch\/de\/wp-json\/wp\/v2\/types\/product"}],"wp:featuredmedia":[{"embeddable":true,"href":"https:\/\/shop.bantam.ch\/de\/wp-json\/wp\/v2\/media\/125785"}],"wp:attachment":[{"href":"https:\/\/shop.bantam.ch\/de\/wp-json\/wp\/v2\/media?parent=125813"}],"wp:term":[{"taxonomy":"product_featured_cat","embeddable":true,"href":"https:\/\/shop.bantam.ch\/de\/wp-json\/wp\/v2\/product_featured_cat?post=125813"},{"taxonomy":"product_brand","embeddable":true,"href":"https:\/\/shop.bantam.ch\/de\/wp-json\/wp\/v2\/product_brand?post=125813"},{"taxonomy":"product_cat","embeddable":true,"href":"https:\/\/shop.bantam.ch\/de\/wp-json\/wp\/v2\/product_cat?post=125813"},{"taxonomy":"product_tag","embeddable":true,"href":"https:\/\/shop.bantam.ch\/de\/wp-json\/wp\/v2\/product_tag?post=125813"}],"curies":[{"name":"wp","href":"https:\/\/api.w.org\/{rel}","templated":true}]}}