{"id":125747,"date":"2023-03-01T00:59:15","date_gmt":"2023-02-28T23:59:15","guid":{"rendered":"https:\/\/shop.bantam.ch\/produit\/sonnensegel-zip-protect-canvas-single\/"},"modified":"2026-05-01T23:39:29","modified_gmt":"2026-05-01T21:39:29","slug":"sonnensegel-zip-protect-canvas-single","status":"publish","type":"product","link":"https:\/\/shop.bantam.ch\/de\/produkt\/sonnensegel-zip-protect-canvas-single\/","title":{"rendered":"Sonnensegel Zip-Protect Canvas Single"},"content":{"rendered":"<p>Das BENT verbindbare Sonnensegel \u201eZip-Protect Canvas \u201c ist modular, funktional, variabel und gl\u00e4nzt durch einfache Handhabung. Ein Leichtgewicht mit nur 950 g und kleinem Packma\u00df. Hergestellt aus einem robustem 150 D Polyester Gewebe, PU beschichtet mit einer Wassers\u00e4ule von 1500 mm, wasserdicht, nahtversiegelt und mit extra Rei\u00dfverschluss-Abdeckklappen. Das Gewebe ist mit einem UV-Schutz 60 (Standard 801) ausger\u00fcstet. Der UV- Standard 801 ist eines der weltweit strengsten Pr\u00fcf- und Zertifizierungssysteme f\u00fcr Beschattungstextilien.\u00a0Das verbindbare Sonnensegel \u201eZip-Protect Canvas\u201c ist ein Erg\u00e4nzungsprodukt innerhalb der BENT Familie mit Rei\u00dfverschluss-Abdeckklappen an jeder Seite des dreieckigen Sonnensegels. Dies erm\u00f6glicht es bei Regen die Rei\u00dfverschlussverbindungen das Dach der modernen Lounge nahezu wasserdicht abzuschlie\u00dfen.\u00a0Die gleichschenklige Dreieckskonstruktion und die verst\u00e4rkte Eckenkonstruktion erm\u00f6glichen ein optimales Abspannen des Sonnensegels.\u00a0Praktischer, robuster 150 D Polyester Packsack mit Schnellverschluss, Schulterb\u00e4ndern und kleinem Packma\u00df f\u00fcr den leichten Transport.\u00a0Ideal als Fahrzeugvordach oder f\u00fcr Camping, Caravaning, am Strand, im Garten, bei Festivals oder beim Chillen.<\/p>\n<p>BENT setzt sich bewusst f\u00fcr \u00f6kologische Nachhaltigkeit ein und vermeidet den Einsatz von umweltsch\u00e4dlichen Perfluorcarbonen (PFC) bei wasserabweisenden Beschichtungen.<\/p>\n<p>Material:<br \/>100 % Polyester<\/p>\n<p>Lieferumfang:<br \/>1 Sonnensegel<br \/>1 Tragetasche mit Kordelzug<br \/>3 Abspannleinen mit Aluminium Dreilochspanner inklusive Beutel<br \/>Gest\u00e4nge-Tasche<br \/>Grundplatte f\u00fcr optionales Gest\u00e4nge<\/p>\n","protected":false},"excerpt":{"rendered":"<p>Das BENT verbindbare Sonnensegel \u201eZip-Protect Canvas \u201c ist modular, funktional, variabel und gl\u00e4nzt durch einfache Handhabung. Ein Leichtgewicht mit nur 950 g und kleinem Packma\u00df. Hergestellt aus einem robustem 150 D Polyester Gewebe, PU beschichtet mit einer Wassers\u00e4ule von 1500 mm, wasserdicht, nahtversiegelt und mit extra Rei\u00dfverschluss-Abdeckklappen. Das Gewebe ist mit einem UV-Schutz 60 (Standard [&hellip;]<\/p>\n","protected":false},"featured_media":125721,"template":"","meta":{"_acf_changed":false},"product_featured_cat":[],"product_brand":[3639],"product_cat":[4250,5126],"product_tag":[],"class_list":{"0":"post-125747","1":"product","2":"type-product","3":"status-publish","4":"has-post-thumbnail","6":"product_brand-bent-de","7":"product_cat-sonnendaecher-segel-und-tarps-fuers-camping","8":"product_cat-wind-sonnenschutz","10":"first","11":"instock","12":"taxable","13":"shipping-taxable","14":"purchasable","15":"product-type-variable"},"acf":[],"yoast_head":"<!-- This site is optimized with the Yoast SEO plugin v27.5 - https:\/\/yoast.com\/product\/yoast-seo-wordpress\/ -->\n<title>Sonnensegel Zip-Protect Canvas Single - Bantam<\/title>\n<meta name=\"robots\" content=\"index, follow, max-snippet:-1, max-image-preview:large, max-video-preview:-1\" \/>\n<link rel=\"canonical\" href=\"https:\/\/shop.bantam.ch\/de\/produkt\/sonnensegel-zip-protect-canvas-single\/\" \/>\n<meta property=\"og:locale\" content=\"de_DE\" \/>\n<meta property=\"og:type\" content=\"article\" \/>\n<meta property=\"og:title\" content=\"Sonnensegel Zip-Protect Canvas Single - Bantam\" \/>\n<meta property=\"og:description\" content=\"Das BENT verbindbare Sonnensegel \u201eZip-Protect Canvas \u201c ist modular, funktional, variabel und gl\u00e4nzt durch einfache Handhabung. Ein Leichtgewicht mit nur 950 g und kleinem Packma\u00df. Hergestellt aus einem robustem 150 D Polyester Gewebe, PU beschichtet mit einer Wassers\u00e4ule von 1500 mm, wasserdicht, nahtversiegelt und mit extra Rei\u00dfverschluss-Abdeckklappen. Das Gewebe ist mit einem UV-Schutz 60 (Standard [&hellip;]\" \/>\n<meta property=\"og:url\" content=\"https:\/\/shop.bantam.ch\/de\/produkt\/sonnensegel-zip-protect-canvas-single\/\" \/>\n<meta property=\"og:site_name\" content=\"Bantam\" \/>\n<meta property=\"article:modified_time\" content=\"2026-05-01T21:39:29+00:00\" \/>\n<meta property=\"og:image\" content=\"https:\/\/shop.bantam.ch\/wp-content\/uploads\/2023\/03\/9961694100.jpg\" \/>\n\t<meta property=\"og:image:width\" content=\"1000\" \/>\n\t<meta property=\"og:image:height\" content=\"695\" \/>\n\t<meta property=\"og:image:type\" content=\"image\/jpeg\" \/>\n<meta name=\"twitter:card\" content=\"summary_large_image\" \/>\n<meta name=\"twitter:label1\" content=\"Gesch\u00e4tzte Lesezeit\" \/>\n\t<meta name=\"twitter:data1\" content=\"1\u00a0Minute\" \/>\n<script type=\"application\/ld+json\" class=\"yoast-schema-graph\">{\"@context\":\"https:\\\/\\\/schema.org\",\"@graph\":[{\"@type\":\"WebPage\",\"@id\":\"https:\\\/\\\/shop.bantam.ch\\\/de\\\/produkt\\\/sonnensegel-zip-protect-canvas-single\\\/\",\"url\":\"https:\\\/\\\/shop.bantam.ch\\\/de\\\/produkt\\\/sonnensegel-zip-protect-canvas-single\\\/\",\"name\":\"Sonnensegel Zip-Protect Canvas Single - Bantam\",\"isPartOf\":{\"@id\":\"https:\\\/\\\/shop.bantam.ch\\\/de\\\/#website\"},\"primaryImageOfPage\":{\"@id\":\"https:\\\/\\\/shop.bantam.ch\\\/de\\\/produkt\\\/sonnensegel-zip-protect-canvas-single\\\/#primaryimage\"},\"image\":{\"@id\":\"https:\\\/\\\/shop.bantam.ch\\\/de\\\/produkt\\\/sonnensegel-zip-protect-canvas-single\\\/#primaryimage\"},\"thumbnailUrl\":\"https:\\\/\\\/shop.bantam.ch\\\/wp-content\\\/uploads\\\/2023\\\/03\\\/9961694100.jpg\",\"datePublished\":\"2023-02-28T23:59:15+00:00\",\"dateModified\":\"2026-05-01T21:39:29+00:00\",\"breadcrumb\":{\"@id\":\"https:\\\/\\\/shop.bantam.ch\\\/de\\\/produkt\\\/sonnensegel-zip-protect-canvas-single\\\/#breadcrumb\"},\"inLanguage\":\"de\",\"potentialAction\":[{\"@type\":\"ReadAction\",\"target\":[\"https:\\\/\\\/shop.bantam.ch\\\/de\\\/produkt\\\/sonnensegel-zip-protect-canvas-single\\\/\"]}]},{\"@type\":\"ImageObject\",\"inLanguage\":\"de\",\"@id\":\"https:\\\/\\\/shop.bantam.ch\\\/de\\\/produkt\\\/sonnensegel-zip-protect-canvas-single\\\/#primaryimage\",\"url\":\"https:\\\/\\\/shop.bantam.ch\\\/wp-content\\\/uploads\\\/2023\\\/03\\\/9961694100.jpg\",\"contentUrl\":\"https:\\\/\\\/shop.bantam.ch\\\/wp-content\\\/uploads\\\/2023\\\/03\\\/9961694100.jpg\",\"width\":1000,\"height\":695},{\"@type\":\"BreadcrumbList\",\"@id\":\"https:\\\/\\\/shop.bantam.ch\\\/de\\\/produkt\\\/sonnensegel-zip-protect-canvas-single\\\/#breadcrumb\",\"itemListElement\":[{\"@type\":\"ListItem\",\"position\":1,\"name\":\"Accueil\",\"item\":\"https:\\\/\\\/shop.bantam.ch\\\/de\\\/\"},{\"@type\":\"ListItem\",\"position\":2,\"name\":\"Shop\",\"item\":\"https:\\\/\\\/shop.bantam.ch\\\/de\\\/shop\\\/\"},{\"@type\":\"ListItem\",\"position\":3,\"name\":\"Sonnensegel Zip-Protect Canvas Single\"}]},{\"@type\":\"WebSite\",\"@id\":\"https:\\\/\\\/shop.bantam.ch\\\/de\\\/#website\",\"url\":\"https:\\\/\\\/shop.bantam.ch\\\/de\\\/\",\"name\":\"Bantam\",\"description\":\"\",\"publisher\":{\"@id\":\"https:\\\/\\\/shop.bantam.ch\\\/de\\\/#organization\"},\"inLanguage\":\"de\"},{\"@type\":\"Organization\",\"@id\":\"https:\\\/\\\/shop.bantam.ch\\\/de\\\/#organization\",\"name\":\"Bantam\",\"url\":\"https:\\\/\\\/shop.bantam.ch\\\/de\\\/\",\"logo\":{\"@type\":\"ImageObject\",\"inLanguage\":\"de\",\"@id\":\"https:\\\/\\\/shop.bantam.ch\\\/de\\\/#\\\/schema\\\/logo\\\/image\\\/\",\"url\":\"https:\\\/\\\/shop.bantam.ch\\\/wp-content\\\/uploads\\\/2022\\\/12\\\/bantam-logo.png\",\"contentUrl\":\"https:\\\/\\\/shop.bantam.ch\\\/wp-content\\\/uploads\\\/2022\\\/12\\\/bantam-logo.png\",\"width\":320,\"height\":71,\"caption\":\"Bantam\"},\"image\":{\"@id\":\"https:\\\/\\\/shop.bantam.ch\\\/de\\\/#\\\/schema\\\/logo\\\/image\\\/\"}}]}<\/script>\n<!-- \/ Yoast SEO plugin. -->","yoast_head_json":{"title":"Sonnensegel Zip-Protect Canvas Single - Bantam","robots":{"index":"index","follow":"follow","max-snippet":"max-snippet:-1","max-image-preview":"max-image-preview:large","max-video-preview":"max-video-preview:-1"},"canonical":"https:\/\/shop.bantam.ch\/de\/produkt\/sonnensegel-zip-protect-canvas-single\/","og_locale":"de_DE","og_type":"article","og_title":"Sonnensegel Zip-Protect Canvas Single - Bantam","og_description":"Das BENT verbindbare Sonnensegel \u201eZip-Protect Canvas \u201c ist modular, funktional, variabel und gl\u00e4nzt durch einfache Handhabung. Ein Leichtgewicht mit nur 950 g und kleinem Packma\u00df. Hergestellt aus einem robustem 150 D Polyester Gewebe, PU beschichtet mit einer Wassers\u00e4ule von 1500 mm, wasserdicht, nahtversiegelt und mit extra Rei\u00dfverschluss-Abdeckklappen. Das Gewebe ist mit einem UV-Schutz 60 (Standard [&hellip;]","og_url":"https:\/\/shop.bantam.ch\/de\/produkt\/sonnensegel-zip-protect-canvas-single\/","og_site_name":"Bantam","article_modified_time":"2026-05-01T21:39:29+00:00","og_image":[{"width":1000,"height":695,"url":"https:\/\/shop.bantam.ch\/wp-content\/uploads\/2023\/03\/9961694100.jpg","type":"image\/jpeg"}],"twitter_card":"summary_large_image","twitter_misc":{"Gesch\u00e4tzte Lesezeit":"1\u00a0Minute"},"schema":{"@context":"https:\/\/schema.org","@graph":[{"@type":"WebPage","@id":"https:\/\/shop.bantam.ch\/de\/produkt\/sonnensegel-zip-protect-canvas-single\/","url":"https:\/\/shop.bantam.ch\/de\/produkt\/sonnensegel-zip-protect-canvas-single\/","name":"Sonnensegel Zip-Protect Canvas Single - Bantam","isPartOf":{"@id":"https:\/\/shop.bantam.ch\/de\/#website"},"primaryImageOfPage":{"@id":"https:\/\/shop.bantam.ch\/de\/produkt\/sonnensegel-zip-protect-canvas-single\/#primaryimage"},"image":{"@id":"https:\/\/shop.bantam.ch\/de\/produkt\/sonnensegel-zip-protect-canvas-single\/#primaryimage"},"thumbnailUrl":"https:\/\/shop.bantam.ch\/wp-content\/uploads\/2023\/03\/9961694100.jpg","datePublished":"2023-02-28T23:59:15+00:00","dateModified":"2026-05-01T21:39:29+00:00","breadcrumb":{"@id":"https:\/\/shop.bantam.ch\/de\/produkt\/sonnensegel-zip-protect-canvas-single\/#breadcrumb"},"inLanguage":"de","potentialAction":[{"@type":"ReadAction","target":["https:\/\/shop.bantam.ch\/de\/produkt\/sonnensegel-zip-protect-canvas-single\/"]}]},{"@type":"ImageObject","inLanguage":"de","@id":"https:\/\/shop.bantam.ch\/de\/produkt\/sonnensegel-zip-protect-canvas-single\/#primaryimage","url":"https:\/\/shop.bantam.ch\/wp-content\/uploads\/2023\/03\/9961694100.jpg","contentUrl":"https:\/\/shop.bantam.ch\/wp-content\/uploads\/2023\/03\/9961694100.jpg","width":1000,"height":695},{"@type":"BreadcrumbList","@id":"https:\/\/shop.bantam.ch\/de\/produkt\/sonnensegel-zip-protect-canvas-single\/#breadcrumb","itemListElement":[{"@type":"ListItem","position":1,"name":"Accueil","item":"https:\/\/shop.bantam.ch\/de\/"},{"@type":"ListItem","position":2,"name":"Shop","item":"https:\/\/shop.bantam.ch\/de\/shop\/"},{"@type":"ListItem","position":3,"name":"Sonnensegel Zip-Protect Canvas Single"}]},{"@type":"WebSite","@id":"https:\/\/shop.bantam.ch\/de\/#website","url":"https:\/\/shop.bantam.ch\/de\/","name":"Bantam","description":"","publisher":{"@id":"https:\/\/shop.bantam.ch\/de\/#organization"},"inLanguage":"de"},{"@type":"Organization","@id":"https:\/\/shop.bantam.ch\/de\/#organization","name":"Bantam","url":"https:\/\/shop.bantam.ch\/de\/","logo":{"@type":"ImageObject","inLanguage":"de","@id":"https:\/\/shop.bantam.ch\/de\/#\/schema\/logo\/image\/","url":"https:\/\/shop.bantam.ch\/wp-content\/uploads\/2022\/12\/bantam-logo.png","contentUrl":"https:\/\/shop.bantam.ch\/wp-content\/uploads\/2022\/12\/bantam-logo.png","width":320,"height":71,"caption":"Bantam"},"image":{"@id":"https:\/\/shop.bantam.ch\/de\/#\/schema\/logo\/image\/"}}]}},"_links":{"self":[{"href":"https:\/\/shop.bantam.ch\/de\/wp-json\/wp\/v2\/product\/125747","targetHints":{"allow":["GET"]}}],"collection":[{"href":"https:\/\/shop.bantam.ch\/de\/wp-json\/wp\/v2\/product"}],"about":[{"href":"https:\/\/shop.bantam.ch\/de\/wp-json\/wp\/v2\/types\/product"}],"wp:featuredmedia":[{"embeddable":true,"href":"https:\/\/shop.bantam.ch\/de\/wp-json\/wp\/v2\/media\/125721"}],"wp:attachment":[{"href":"https:\/\/shop.bantam.ch\/de\/wp-json\/wp\/v2\/media?parent=125747"}],"wp:term":[{"taxonomy":"product_featured_cat","embeddable":true,"href":"https:\/\/shop.bantam.ch\/de\/wp-json\/wp\/v2\/product_featured_cat?post=125747"},{"taxonomy":"product_brand","embeddable":true,"href":"https:\/\/shop.bantam.ch\/de\/wp-json\/wp\/v2\/product_brand?post=125747"},{"taxonomy":"product_cat","embeddable":true,"href":"https:\/\/shop.bantam.ch\/de\/wp-json\/wp\/v2\/product_cat?post=125747"},{"taxonomy":"product_tag","embeddable":true,"href":"https:\/\/shop.bantam.ch\/de\/wp-json\/wp\/v2\/product_tag?post=125747"}],"curies":[{"name":"wp","href":"https:\/\/api.w.org\/{rel}","templated":true}]}}