{"id":125359,"date":"2023-03-01T00:52:52","date_gmt":"2023-02-28T23:52:52","guid":{"rendered":"https:\/\/shop.bantam.ch\/produit\/spruehflasche-leer-weiss-300-ml\/"},"modified":"2026-04-17T21:51:36","modified_gmt":"2026-04-17T19:51:36","slug":"spruehflasche-leer-weiss-300-ml","status":"publish","type":"product","link":"https:\/\/shop.bantam.ch\/de\/produkt\/spruehflasche-leer-weiss-300-ml\/","title":{"rendered":"Spr\u00fchflasche mikiGREEN leer Farbe wei\u00df 300 ml"},"content":{"rendered":"<p>Stylische Spr\u00fchflasche mit innovativem Spr\u00fchkopf. Spr\u00fcht sicher und kraftvoll aus jeder Position. Erlaubt gro\u00dffl\u00e4chige Bespr\u00fchung mit nur einer Ausl\u00f6sung des Spr\u00fchknopfes.<\/p>\n","protected":false},"excerpt":{"rendered":"<p>Stylische Spr\u00fchflasche mit innovativem Spr\u00fchkopf. Spr\u00fcht sicher und kraftvoll aus jeder Position. Erlaubt gro\u00dffl\u00e4chige Bespr\u00fchung mit nur einer Ausl\u00f6sung des Spr\u00fchknopfes.<\/p>\n","protected":false},"featured_media":125357,"template":"","meta":{"_acf_changed":false},"product_featured_cat":[],"product_brand":[3631],"product_cat":[4600],"product_tag":[],"class_list":{"0":"post-125359","1":"product","2":"type-product","3":"status-publish","4":"has-post-thumbnail","6":"product_brand-mikigreen-de","7":"product_cat-pflegemittel","9":"first","10":"instock","11":"taxable","12":"shipping-taxable","13":"purchasable","14":"product-type-simple"},"acf":[],"yoast_head":"<!-- This site is optimized with the Yoast SEO plugin v27.4 - https:\/\/yoast.com\/product\/yoast-seo-wordpress\/ -->\n<title>Spr\u00fchflasche mikiGREEN leer Farbe wei\u00df 300 ml - Bantam Camping AG<\/title>\n<meta name=\"robots\" content=\"index, follow, max-snippet:-1, max-image-preview:large, max-video-preview:-1\" \/>\n<link rel=\"canonical\" href=\"https:\/\/shop.bantam.ch\/de\/produkt\/spruehflasche-leer-weiss-300-ml\/\" \/>\n<meta property=\"og:locale\" content=\"de_DE\" \/>\n<meta property=\"og:type\" content=\"article\" \/>\n<meta property=\"og:title\" content=\"Spr\u00fchflasche mikiGREEN leer Farbe wei\u00df 300 ml - Bantam Camping AG\" \/>\n<meta property=\"og:description\" content=\"Stylische Spr\u00fchflasche mit innovativem Spr\u00fchkopf. Spr\u00fcht sicher und kraftvoll aus jeder Position. Erlaubt gro\u00dffl\u00e4chige Bespr\u00fchung mit nur einer Ausl\u00f6sung des Spr\u00fchknopfes.\" \/>\n<meta property=\"og:url\" content=\"https:\/\/shop.bantam.ch\/de\/produkt\/spruehflasche-leer-weiss-300-ml\/\" \/>\n<meta property=\"og:site_name\" content=\"Bantam Camping AG\" \/>\n<meta property=\"article:modified_time\" content=\"2026-04-17T19:51:36+00:00\" \/>\n<meta property=\"og:image\" content=\"https:\/\/shop.bantam.ch\/wp-content\/uploads\/2023\/03\/995775511-scaled.jpg\" \/>\n\t<meta property=\"og:image:width\" content=\"799\" \/>\n\t<meta property=\"og:image:height\" content=\"3098\" \/>\n\t<meta property=\"og:image:type\" content=\"image\/jpeg\" \/>\n<meta name=\"twitter:card\" content=\"summary_large_image\" \/>\n<script type=\"application\/ld+json\" class=\"yoast-schema-graph\">{\"@context\":\"https:\\\/\\\/schema.org\",\"@graph\":[{\"@type\":\"WebPage\",\"@id\":\"https:\\\/\\\/shop.bantam.ch\\\/de\\\/produkt\\\/spruehflasche-leer-weiss-300-ml\\\/\",\"url\":\"https:\\\/\\\/shop.bantam.ch\\\/de\\\/produkt\\\/spruehflasche-leer-weiss-300-ml\\\/\",\"name\":\"Spr\u00fchflasche mikiGREEN leer Farbe wei\u00df 300 ml - Bantam Camping AG\",\"isPartOf\":{\"@id\":\"https:\\\/\\\/shop.bantam.ch\\\/de\\\/#website\"},\"primaryImageOfPage\":{\"@id\":\"https:\\\/\\\/shop.bantam.ch\\\/de\\\/produkt\\\/spruehflasche-leer-weiss-300-ml\\\/#primaryimage\"},\"image\":{\"@id\":\"https:\\\/\\\/shop.bantam.ch\\\/de\\\/produkt\\\/spruehflasche-leer-weiss-300-ml\\\/#primaryimage\"},\"thumbnailUrl\":\"https:\\\/\\\/shop.bantam.ch\\\/wp-content\\\/uploads\\\/2023\\\/03\\\/995775511-scaled.jpg\",\"datePublished\":\"2023-02-28T23:52:52+00:00\",\"dateModified\":\"2026-04-17T19:51:36+00:00\",\"breadcrumb\":{\"@id\":\"https:\\\/\\\/shop.bantam.ch\\\/de\\\/produkt\\\/spruehflasche-leer-weiss-300-ml\\\/#breadcrumb\"},\"inLanguage\":\"de\",\"potentialAction\":[{\"@type\":\"ReadAction\",\"target\":[\"https:\\\/\\\/shop.bantam.ch\\\/de\\\/produkt\\\/spruehflasche-leer-weiss-300-ml\\\/\"]}]},{\"@type\":\"ImageObject\",\"inLanguage\":\"de\",\"@id\":\"https:\\\/\\\/shop.bantam.ch\\\/de\\\/produkt\\\/spruehflasche-leer-weiss-300-ml\\\/#primaryimage\",\"url\":\"https:\\\/\\\/shop.bantam.ch\\\/wp-content\\\/uploads\\\/2023\\\/03\\\/995775511-scaled.jpg\",\"contentUrl\":\"https:\\\/\\\/shop.bantam.ch\\\/wp-content\\\/uploads\\\/2023\\\/03\\\/995775511-scaled.jpg\",\"width\":528,\"height\":2048},{\"@type\":\"BreadcrumbList\",\"@id\":\"https:\\\/\\\/shop.bantam.ch\\\/de\\\/produkt\\\/spruehflasche-leer-weiss-300-ml\\\/#breadcrumb\",\"itemListElement\":[{\"@type\":\"ListItem\",\"position\":1,\"name\":\"Accueil\",\"item\":\"https:\\\/\\\/shop.bantam.ch\\\/de\\\/\"},{\"@type\":\"ListItem\",\"position\":2,\"name\":\"Shop\",\"item\":\"https:\\\/\\\/shop.bantam.ch\\\/de\\\/shop\\\/\"},{\"@type\":\"ListItem\",\"position\":3,\"name\":\"Spr\u00fchflasche mikiGREEN leer Farbe wei\u00df 300 ml\"}]},{\"@type\":\"WebSite\",\"@id\":\"https:\\\/\\\/shop.bantam.ch\\\/de\\\/#website\",\"url\":\"https:\\\/\\\/shop.bantam.ch\\\/de\\\/\",\"name\":\"Bantam Camping AG\",\"description\":\"\",\"publisher\":{\"@id\":\"https:\\\/\\\/shop.bantam.ch\\\/de\\\/#organization\"},\"inLanguage\":\"de\"},{\"@type\":\"Organization\",\"@id\":\"https:\\\/\\\/shop.bantam.ch\\\/de\\\/#organization\",\"name\":\"Bantam Camping AG\",\"url\":\"https:\\\/\\\/shop.bantam.ch\\\/de\\\/\",\"logo\":{\"@type\":\"ImageObject\",\"inLanguage\":\"de\",\"@id\":\"https:\\\/\\\/shop.bantam.ch\\\/de\\\/#\\\/schema\\\/logo\\\/image\\\/\",\"url\":\"https:\\\/\\\/shop.bantam.ch\\\/wp-content\\\/uploads\\\/2022\\\/12\\\/bantam-logo.png\",\"contentUrl\":\"https:\\\/\\\/shop.bantam.ch\\\/wp-content\\\/uploads\\\/2022\\\/12\\\/bantam-logo.png\",\"width\":320,\"height\":71,\"caption\":\"Bantam Camping AG\"},\"image\":{\"@id\":\"https:\\\/\\\/shop.bantam.ch\\\/de\\\/#\\\/schema\\\/logo\\\/image\\\/\"}}]}<\/script>\n<!-- \/ Yoast SEO plugin. -->","yoast_head_json":{"title":"Spr\u00fchflasche mikiGREEN leer Farbe wei\u00df 300 ml - Bantam Camping AG","robots":{"index":"index","follow":"follow","max-snippet":"max-snippet:-1","max-image-preview":"max-image-preview:large","max-video-preview":"max-video-preview:-1"},"canonical":"https:\/\/shop.bantam.ch\/de\/produkt\/spruehflasche-leer-weiss-300-ml\/","og_locale":"de_DE","og_type":"article","og_title":"Spr\u00fchflasche mikiGREEN leer Farbe wei\u00df 300 ml - Bantam Camping AG","og_description":"Stylische Spr\u00fchflasche mit innovativem Spr\u00fchkopf. Spr\u00fcht sicher und kraftvoll aus jeder Position. Erlaubt gro\u00dffl\u00e4chige Bespr\u00fchung mit nur einer Ausl\u00f6sung des Spr\u00fchknopfes.","og_url":"https:\/\/shop.bantam.ch\/de\/produkt\/spruehflasche-leer-weiss-300-ml\/","og_site_name":"Bantam Camping AG","article_modified_time":"2026-04-17T19:51:36+00:00","og_image":[{"width":799,"height":3098,"url":"https:\/\/shop.bantam.ch\/wp-content\/uploads\/2023\/03\/995775511-scaled.jpg","type":"image\/jpeg"}],"twitter_card":"summary_large_image","schema":{"@context":"https:\/\/schema.org","@graph":[{"@type":"WebPage","@id":"https:\/\/shop.bantam.ch\/de\/produkt\/spruehflasche-leer-weiss-300-ml\/","url":"https:\/\/shop.bantam.ch\/de\/produkt\/spruehflasche-leer-weiss-300-ml\/","name":"Spr\u00fchflasche mikiGREEN leer Farbe wei\u00df 300 ml - Bantam Camping AG","isPartOf":{"@id":"https:\/\/shop.bantam.ch\/de\/#website"},"primaryImageOfPage":{"@id":"https:\/\/shop.bantam.ch\/de\/produkt\/spruehflasche-leer-weiss-300-ml\/#primaryimage"},"image":{"@id":"https:\/\/shop.bantam.ch\/de\/produkt\/spruehflasche-leer-weiss-300-ml\/#primaryimage"},"thumbnailUrl":"https:\/\/shop.bantam.ch\/wp-content\/uploads\/2023\/03\/995775511-scaled.jpg","datePublished":"2023-02-28T23:52:52+00:00","dateModified":"2026-04-17T19:51:36+00:00","breadcrumb":{"@id":"https:\/\/shop.bantam.ch\/de\/produkt\/spruehflasche-leer-weiss-300-ml\/#breadcrumb"},"inLanguage":"de","potentialAction":[{"@type":"ReadAction","target":["https:\/\/shop.bantam.ch\/de\/produkt\/spruehflasche-leer-weiss-300-ml\/"]}]},{"@type":"ImageObject","inLanguage":"de","@id":"https:\/\/shop.bantam.ch\/de\/produkt\/spruehflasche-leer-weiss-300-ml\/#primaryimage","url":"https:\/\/shop.bantam.ch\/wp-content\/uploads\/2023\/03\/995775511-scaled.jpg","contentUrl":"https:\/\/shop.bantam.ch\/wp-content\/uploads\/2023\/03\/995775511-scaled.jpg","width":528,"height":2048},{"@type":"BreadcrumbList","@id":"https:\/\/shop.bantam.ch\/de\/produkt\/spruehflasche-leer-weiss-300-ml\/#breadcrumb","itemListElement":[{"@type":"ListItem","position":1,"name":"Accueil","item":"https:\/\/shop.bantam.ch\/de\/"},{"@type":"ListItem","position":2,"name":"Shop","item":"https:\/\/shop.bantam.ch\/de\/shop\/"},{"@type":"ListItem","position":3,"name":"Spr\u00fchflasche mikiGREEN leer Farbe wei\u00df 300 ml"}]},{"@type":"WebSite","@id":"https:\/\/shop.bantam.ch\/de\/#website","url":"https:\/\/shop.bantam.ch\/de\/","name":"Bantam Camping AG","description":"","publisher":{"@id":"https:\/\/shop.bantam.ch\/de\/#organization"},"inLanguage":"de"},{"@type":"Organization","@id":"https:\/\/shop.bantam.ch\/de\/#organization","name":"Bantam Camping AG","url":"https:\/\/shop.bantam.ch\/de\/","logo":{"@type":"ImageObject","inLanguage":"de","@id":"https:\/\/shop.bantam.ch\/de\/#\/schema\/logo\/image\/","url":"https:\/\/shop.bantam.ch\/wp-content\/uploads\/2022\/12\/bantam-logo.png","contentUrl":"https:\/\/shop.bantam.ch\/wp-content\/uploads\/2022\/12\/bantam-logo.png","width":320,"height":71,"caption":"Bantam Camping AG"},"image":{"@id":"https:\/\/shop.bantam.ch\/de\/#\/schema\/logo\/image\/"}}]}},"_links":{"self":[{"href":"https:\/\/shop.bantam.ch\/de\/wp-json\/wp\/v2\/product\/125359","targetHints":{"allow":["GET"]}}],"collection":[{"href":"https:\/\/shop.bantam.ch\/de\/wp-json\/wp\/v2\/product"}],"about":[{"href":"https:\/\/shop.bantam.ch\/de\/wp-json\/wp\/v2\/types\/product"}],"wp:featuredmedia":[{"embeddable":true,"href":"https:\/\/shop.bantam.ch\/de\/wp-json\/wp\/v2\/media\/125357"}],"wp:attachment":[{"href":"https:\/\/shop.bantam.ch\/de\/wp-json\/wp\/v2\/media?parent=125359"}],"wp:term":[{"taxonomy":"product_featured_cat","embeddable":true,"href":"https:\/\/shop.bantam.ch\/de\/wp-json\/wp\/v2\/product_featured_cat?post=125359"},{"taxonomy":"product_brand","embeddable":true,"href":"https:\/\/shop.bantam.ch\/de\/wp-json\/wp\/v2\/product_brand?post=125359"},{"taxonomy":"product_cat","embeddable":true,"href":"https:\/\/shop.bantam.ch\/de\/wp-json\/wp\/v2\/product_cat?post=125359"},{"taxonomy":"product_tag","embeddable":true,"href":"https:\/\/shop.bantam.ch\/de\/wp-json\/wp\/v2\/product_tag?post=125359"}],"curies":[{"name":"wp","href":"https:\/\/api.w.org\/{rel}","templated":true}]}}