{"id":125347,"date":"2023-03-01T00:52:34","date_gmt":"2023-02-28T23:52:34","guid":{"rendered":"https:\/\/shop.bantam.ch\/produit\/reiniger-abflussfrei-und-pflege\/"},"modified":"2026-04-18T21:52:32","modified_gmt":"2026-04-18T19:52:32","slug":"reiniger-abflussfrei-und-pflege","status":"publish","type":"product","link":"https:\/\/shop.bantam.ch\/de\/produkt\/reiniger-abflussfrei-und-pflege\/","title":{"rendered":"Reiniger mikiGREEN Abflussfrei und Pflege 0,5 l"},"content":{"rendered":"<p>Mikrobiologischer Natur.Kraft.Wirkstoff. f\u00fcr Abfl\u00fcsse im Haus, im Wohnmobil, in der H\u00fctte oder auf dem Boot. Reinigt gr\u00fcndlich und nachhaltig. Sch\u00fctzt zuverl\u00e4ssig vor erneuten Verstopfungen. Auch vorbeugend f\u00fcr schwer zug\u00e4ngliche Duschabl\u00e4ufe.<\/p>\n","protected":false},"excerpt":{"rendered":"<p>Mikrobiologischer Natur.Kraft.Wirkstoff. f\u00fcr Abfl\u00fcsse im Haus, im Wohnmobil, in der H\u00fctte oder auf dem Boot. Reinigt gr\u00fcndlich und nachhaltig. Sch\u00fctzt zuverl\u00e4ssig vor erneuten Verstopfungen. Auch vorbeugend f\u00fcr schwer zug\u00e4ngliche Duschabl\u00e4ufe.<\/p>\n","protected":false},"featured_media":125345,"template":"","meta":{"_acf_changed":false},"product_featured_cat":[],"product_brand":[3633],"product_cat":[4600],"product_tag":[],"class_list":{"0":"post-125347","1":"product","2":"type-product","3":"status-publish","4":"has-post-thumbnail","6":"product_brand-miikigreen-de","7":"product_cat-pflegemittel","9":"first","10":"instock","11":"taxable","12":"shipping-taxable","13":"purchasable","14":"product-type-simple"},"acf":[],"yoast_head":"<!-- This site is optimized with the Yoast SEO plugin v27.4 - https:\/\/yoast.com\/product\/yoast-seo-wordpress\/ -->\n<title>Reiniger mikiGREEN Abflussfrei und Pflege 0,5 l - Bantam Camping AG<\/title>\n<meta name=\"robots\" content=\"index, follow, max-snippet:-1, max-image-preview:large, max-video-preview:-1\" \/>\n<link rel=\"canonical\" href=\"https:\/\/shop.bantam.ch\/de\/produkt\/reiniger-abflussfrei-und-pflege\/\" \/>\n<meta property=\"og:locale\" content=\"de_DE\" \/>\n<meta property=\"og:type\" content=\"article\" \/>\n<meta property=\"og:title\" content=\"Reiniger mikiGREEN Abflussfrei und Pflege 0,5 l - Bantam Camping AG\" \/>\n<meta property=\"og:description\" content=\"Mikrobiologischer Natur.Kraft.Wirkstoff. f\u00fcr Abfl\u00fcsse im Haus, im Wohnmobil, in der H\u00fctte oder auf dem Boot. Reinigt gr\u00fcndlich und nachhaltig. Sch\u00fctzt zuverl\u00e4ssig vor erneuten Verstopfungen. Auch vorbeugend f\u00fcr schwer zug\u00e4ngliche Duschabl\u00e4ufe.\" \/>\n<meta property=\"og:url\" content=\"https:\/\/shop.bantam.ch\/de\/produkt\/reiniger-abflussfrei-und-pflege\/\" \/>\n<meta property=\"og:site_name\" content=\"Bantam Camping AG\" \/>\n<meta property=\"article:modified_time\" content=\"2026-04-18T19:52:32+00:00\" \/>\n<meta property=\"og:image\" content=\"https:\/\/shop.bantam.ch\/wp-content\/uploads\/2023\/03\/995775211-scaled.jpg\" \/>\n\t<meta property=\"og:image:width\" content=\"827\" \/>\n\t<meta property=\"og:image:height\" content=\"2757\" \/>\n\t<meta property=\"og:image:type\" content=\"image\/jpeg\" \/>\n<meta name=\"twitter:card\" content=\"summary_large_image\" \/>\n<script type=\"application\/ld+json\" class=\"yoast-schema-graph\">{\"@context\":\"https:\\\/\\\/schema.org\",\"@graph\":[{\"@type\":\"WebPage\",\"@id\":\"https:\\\/\\\/shop.bantam.ch\\\/de\\\/produkt\\\/reiniger-abflussfrei-und-pflege\\\/\",\"url\":\"https:\\\/\\\/shop.bantam.ch\\\/de\\\/produkt\\\/reiniger-abflussfrei-und-pflege\\\/\",\"name\":\"Reiniger mikiGREEN Abflussfrei und Pflege 0,5 l - Bantam Camping AG\",\"isPartOf\":{\"@id\":\"https:\\\/\\\/shop.bantam.ch\\\/de\\\/#website\"},\"primaryImageOfPage\":{\"@id\":\"https:\\\/\\\/shop.bantam.ch\\\/de\\\/produkt\\\/reiniger-abflussfrei-und-pflege\\\/#primaryimage\"},\"image\":{\"@id\":\"https:\\\/\\\/shop.bantam.ch\\\/de\\\/produkt\\\/reiniger-abflussfrei-und-pflege\\\/#primaryimage\"},\"thumbnailUrl\":\"https:\\\/\\\/shop.bantam.ch\\\/wp-content\\\/uploads\\\/2023\\\/03\\\/995775211-scaled.jpg\",\"datePublished\":\"2023-02-28T23:52:34+00:00\",\"dateModified\":\"2026-04-18T19:52:32+00:00\",\"breadcrumb\":{\"@id\":\"https:\\\/\\\/shop.bantam.ch\\\/de\\\/produkt\\\/reiniger-abflussfrei-und-pflege\\\/#breadcrumb\"},\"inLanguage\":\"de\",\"potentialAction\":[{\"@type\":\"ReadAction\",\"target\":[\"https:\\\/\\\/shop.bantam.ch\\\/de\\\/produkt\\\/reiniger-abflussfrei-und-pflege\\\/\"]}]},{\"@type\":\"ImageObject\",\"inLanguage\":\"de\",\"@id\":\"https:\\\/\\\/shop.bantam.ch\\\/de\\\/produkt\\\/reiniger-abflussfrei-und-pflege\\\/#primaryimage\",\"url\":\"https:\\\/\\\/shop.bantam.ch\\\/wp-content\\\/uploads\\\/2023\\\/03\\\/995775211-scaled.jpg\",\"contentUrl\":\"https:\\\/\\\/shop.bantam.ch\\\/wp-content\\\/uploads\\\/2023\\\/03\\\/995775211-scaled.jpg\",\"width\":614,\"height\":2048},{\"@type\":\"BreadcrumbList\",\"@id\":\"https:\\\/\\\/shop.bantam.ch\\\/de\\\/produkt\\\/reiniger-abflussfrei-und-pflege\\\/#breadcrumb\",\"itemListElement\":[{\"@type\":\"ListItem\",\"position\":1,\"name\":\"Accueil\",\"item\":\"https:\\\/\\\/shop.bantam.ch\\\/de\\\/\"},{\"@type\":\"ListItem\",\"position\":2,\"name\":\"Shop\",\"item\":\"https:\\\/\\\/shop.bantam.ch\\\/de\\\/shop\\\/\"},{\"@type\":\"ListItem\",\"position\":3,\"name\":\"Reiniger mikiGREEN Abflussfrei und Pflege 0,5 l\"}]},{\"@type\":\"WebSite\",\"@id\":\"https:\\\/\\\/shop.bantam.ch\\\/de\\\/#website\",\"url\":\"https:\\\/\\\/shop.bantam.ch\\\/de\\\/\",\"name\":\"Bantam Camping AG\",\"description\":\"\",\"publisher\":{\"@id\":\"https:\\\/\\\/shop.bantam.ch\\\/de\\\/#organization\"},\"inLanguage\":\"de\"},{\"@type\":\"Organization\",\"@id\":\"https:\\\/\\\/shop.bantam.ch\\\/de\\\/#organization\",\"name\":\"Bantam Camping AG\",\"url\":\"https:\\\/\\\/shop.bantam.ch\\\/de\\\/\",\"logo\":{\"@type\":\"ImageObject\",\"inLanguage\":\"de\",\"@id\":\"https:\\\/\\\/shop.bantam.ch\\\/de\\\/#\\\/schema\\\/logo\\\/image\\\/\",\"url\":\"https:\\\/\\\/shop.bantam.ch\\\/wp-content\\\/uploads\\\/2022\\\/12\\\/bantam-logo.png\",\"contentUrl\":\"https:\\\/\\\/shop.bantam.ch\\\/wp-content\\\/uploads\\\/2022\\\/12\\\/bantam-logo.png\",\"width\":320,\"height\":71,\"caption\":\"Bantam Camping AG\"},\"image\":{\"@id\":\"https:\\\/\\\/shop.bantam.ch\\\/de\\\/#\\\/schema\\\/logo\\\/image\\\/\"}}]}<\/script>\n<!-- \/ Yoast SEO plugin. -->","yoast_head_json":{"title":"Reiniger mikiGREEN Abflussfrei und Pflege 0,5 l - Bantam Camping AG","robots":{"index":"index","follow":"follow","max-snippet":"max-snippet:-1","max-image-preview":"max-image-preview:large","max-video-preview":"max-video-preview:-1"},"canonical":"https:\/\/shop.bantam.ch\/de\/produkt\/reiniger-abflussfrei-und-pflege\/","og_locale":"de_DE","og_type":"article","og_title":"Reiniger mikiGREEN Abflussfrei und Pflege 0,5 l - Bantam Camping AG","og_description":"Mikrobiologischer Natur.Kraft.Wirkstoff. f\u00fcr Abfl\u00fcsse im Haus, im Wohnmobil, in der H\u00fctte oder auf dem Boot. Reinigt gr\u00fcndlich und nachhaltig. Sch\u00fctzt zuverl\u00e4ssig vor erneuten Verstopfungen. Auch vorbeugend f\u00fcr schwer zug\u00e4ngliche Duschabl\u00e4ufe.","og_url":"https:\/\/shop.bantam.ch\/de\/produkt\/reiniger-abflussfrei-und-pflege\/","og_site_name":"Bantam Camping AG","article_modified_time":"2026-04-18T19:52:32+00:00","og_image":[{"width":827,"height":2757,"url":"https:\/\/shop.bantam.ch\/wp-content\/uploads\/2023\/03\/995775211-scaled.jpg","type":"image\/jpeg"}],"twitter_card":"summary_large_image","schema":{"@context":"https:\/\/schema.org","@graph":[{"@type":"WebPage","@id":"https:\/\/shop.bantam.ch\/de\/produkt\/reiniger-abflussfrei-und-pflege\/","url":"https:\/\/shop.bantam.ch\/de\/produkt\/reiniger-abflussfrei-und-pflege\/","name":"Reiniger mikiGREEN Abflussfrei und Pflege 0,5 l - Bantam Camping AG","isPartOf":{"@id":"https:\/\/shop.bantam.ch\/de\/#website"},"primaryImageOfPage":{"@id":"https:\/\/shop.bantam.ch\/de\/produkt\/reiniger-abflussfrei-und-pflege\/#primaryimage"},"image":{"@id":"https:\/\/shop.bantam.ch\/de\/produkt\/reiniger-abflussfrei-und-pflege\/#primaryimage"},"thumbnailUrl":"https:\/\/shop.bantam.ch\/wp-content\/uploads\/2023\/03\/995775211-scaled.jpg","datePublished":"2023-02-28T23:52:34+00:00","dateModified":"2026-04-18T19:52:32+00:00","breadcrumb":{"@id":"https:\/\/shop.bantam.ch\/de\/produkt\/reiniger-abflussfrei-und-pflege\/#breadcrumb"},"inLanguage":"de","potentialAction":[{"@type":"ReadAction","target":["https:\/\/shop.bantam.ch\/de\/produkt\/reiniger-abflussfrei-und-pflege\/"]}]},{"@type":"ImageObject","inLanguage":"de","@id":"https:\/\/shop.bantam.ch\/de\/produkt\/reiniger-abflussfrei-und-pflege\/#primaryimage","url":"https:\/\/shop.bantam.ch\/wp-content\/uploads\/2023\/03\/995775211-scaled.jpg","contentUrl":"https:\/\/shop.bantam.ch\/wp-content\/uploads\/2023\/03\/995775211-scaled.jpg","width":614,"height":2048},{"@type":"BreadcrumbList","@id":"https:\/\/shop.bantam.ch\/de\/produkt\/reiniger-abflussfrei-und-pflege\/#breadcrumb","itemListElement":[{"@type":"ListItem","position":1,"name":"Accueil","item":"https:\/\/shop.bantam.ch\/de\/"},{"@type":"ListItem","position":2,"name":"Shop","item":"https:\/\/shop.bantam.ch\/de\/shop\/"},{"@type":"ListItem","position":3,"name":"Reiniger mikiGREEN Abflussfrei und Pflege 0,5 l"}]},{"@type":"WebSite","@id":"https:\/\/shop.bantam.ch\/de\/#website","url":"https:\/\/shop.bantam.ch\/de\/","name":"Bantam Camping AG","description":"","publisher":{"@id":"https:\/\/shop.bantam.ch\/de\/#organization"},"inLanguage":"de"},{"@type":"Organization","@id":"https:\/\/shop.bantam.ch\/de\/#organization","name":"Bantam Camping AG","url":"https:\/\/shop.bantam.ch\/de\/","logo":{"@type":"ImageObject","inLanguage":"de","@id":"https:\/\/shop.bantam.ch\/de\/#\/schema\/logo\/image\/","url":"https:\/\/shop.bantam.ch\/wp-content\/uploads\/2022\/12\/bantam-logo.png","contentUrl":"https:\/\/shop.bantam.ch\/wp-content\/uploads\/2022\/12\/bantam-logo.png","width":320,"height":71,"caption":"Bantam Camping AG"},"image":{"@id":"https:\/\/shop.bantam.ch\/de\/#\/schema\/logo\/image\/"}}]}},"_links":{"self":[{"href":"https:\/\/shop.bantam.ch\/de\/wp-json\/wp\/v2\/product\/125347","targetHints":{"allow":["GET"]}}],"collection":[{"href":"https:\/\/shop.bantam.ch\/de\/wp-json\/wp\/v2\/product"}],"about":[{"href":"https:\/\/shop.bantam.ch\/de\/wp-json\/wp\/v2\/types\/product"}],"wp:featuredmedia":[{"embeddable":true,"href":"https:\/\/shop.bantam.ch\/de\/wp-json\/wp\/v2\/media\/125345"}],"wp:attachment":[{"href":"https:\/\/shop.bantam.ch\/de\/wp-json\/wp\/v2\/media?parent=125347"}],"wp:term":[{"taxonomy":"product_featured_cat","embeddable":true,"href":"https:\/\/shop.bantam.ch\/de\/wp-json\/wp\/v2\/product_featured_cat?post=125347"},{"taxonomy":"product_brand","embeddable":true,"href":"https:\/\/shop.bantam.ch\/de\/wp-json\/wp\/v2\/product_brand?post=125347"},{"taxonomy":"product_cat","embeddable":true,"href":"https:\/\/shop.bantam.ch\/de\/wp-json\/wp\/v2\/product_cat?post=125347"},{"taxonomy":"product_tag","embeddable":true,"href":"https:\/\/shop.bantam.ch\/de\/wp-json\/wp\/v2\/product_tag?post=125347"}],"curies":[{"name":"wp","href":"https:\/\/api.w.org\/{rel}","templated":true}]}}