{"id":125315,"date":"2023-03-01T00:51:51","date_gmt":"2023-02-28T23:51:51","guid":{"rendered":"https:\/\/shop.bantam.ch\/produit\/aschenbecher-mit-deckel-schwarz\/"},"modified":"2026-04-18T21:52:26","modified_gmt":"2026-04-18T19:52:26","slug":"aschenbecher-mit-deckel-schwarz","status":"publish","type":"product","link":"https:\/\/shop.bantam.ch\/de\/produkt\/aschenbecher-mit-deckel-schwarz\/","title":{"rendered":"Aschenbecher MEPAL mit Deckel Farbe schwarz"},"content":{"rendered":"<p>Schwarzer Aschenbecher mit Deckel von Mepal. Der ideale Aschenbecher f\u00fcr drinnen und drau\u00dfen ist aus feuerfestem Melamin hergestellt. Mit 10 cm Durchmesser leicht zu handhaben, aber keineswegs durchschnitt. Sein Deckel macht ihn windsicher, glimmende Reste erl\u00f6schen von selbst, da es keine Sauerstoffzufuhr gibt. Unangenehme Ger\u00fcche werden auf ein Minimum reduziert. Einfach zu reinigen, da sp\u00fclmaschinenfest. Sehr \u201eansteckend\u201c, dieser Aschenbecher!<\/p>\n","protected":false},"excerpt":{"rendered":"<p>Schwarzer Aschenbecher mit Deckel von Mepal. Der ideale Aschenbecher f\u00fcr drinnen und drau\u00dfen ist aus feuerfestem Melamin hergestellt. Mit 10 cm Durchmesser leicht zu handhaben, aber keineswegs durchschnitt. Sein Deckel macht ihn windsicher, glimmende Reste erl\u00f6schen von selbst, da es keine Sauerstoffzufuhr gibt. Unangenehme Ger\u00fcche werden auf ein Minimum reduziert. Einfach zu reinigen, da sp\u00fclmaschinenfest. [&hellip;]<\/p>\n","protected":false},"featured_media":125313,"template":"","meta":{"_acf_changed":false},"product_featured_cat":[],"product_brand":[3327],"product_cat":[4288],"product_tag":[],"class_list":{"0":"post-125315","1":"product","2":"type-product","3":"status-publish","4":"has-post-thumbnail","6":"product_brand-mepal-de","7":"product_cat-muellentsorgung","9":"first","10":"instock","11":"taxable","12":"shipping-taxable","13":"purchasable","14":"product-type-simple"},"acf":[],"yoast_head":"<!-- This site is optimized with the Yoast SEO plugin v27.4 - https:\/\/yoast.com\/product\/yoast-seo-wordpress\/ -->\n<title>Aschenbecher MEPAL mit Deckel Farbe schwarz - Bantam Camping AG<\/title>\n<meta name=\"robots\" content=\"index, follow, max-snippet:-1, max-image-preview:large, max-video-preview:-1\" \/>\n<link rel=\"canonical\" href=\"https:\/\/shop.bantam.ch\/de\/produkt\/aschenbecher-mit-deckel-schwarz\/\" \/>\n<meta property=\"og:locale\" content=\"de_DE\" \/>\n<meta property=\"og:type\" content=\"article\" \/>\n<meta property=\"og:title\" content=\"Aschenbecher MEPAL mit Deckel Farbe schwarz - Bantam Camping AG\" \/>\n<meta property=\"og:description\" content=\"Schwarzer Aschenbecher mit Deckel von Mepal. Der ideale Aschenbecher f\u00fcr drinnen und drau\u00dfen ist aus feuerfestem Melamin hergestellt. Mit 10 cm Durchmesser leicht zu handhaben, aber keineswegs durchschnitt. Sein Deckel macht ihn windsicher, glimmende Reste erl\u00f6schen von selbst, da es keine Sauerstoffzufuhr gibt. Unangenehme Ger\u00fcche werden auf ein Minimum reduziert. Einfach zu reinigen, da sp\u00fclmaschinenfest. [&hellip;]\" \/>\n<meta property=\"og:url\" content=\"https:\/\/shop.bantam.ch\/de\/produkt\/aschenbecher-mit-deckel-schwarz\/\" \/>\n<meta property=\"og:site_name\" content=\"Bantam Camping AG\" \/>\n<meta property=\"article:modified_time\" content=\"2026-04-18T19:52:26+00:00\" \/>\n<meta property=\"og:image\" content=\"https:\/\/shop.bantam.ch\/wp-content\/uploads\/2023\/03\/998470611.jpg\" \/>\n\t<meta property=\"og:image:width\" content=\"1000\" \/>\n\t<meta property=\"og:image:height\" content=\"888\" \/>\n\t<meta property=\"og:image:type\" content=\"image\/jpeg\" \/>\n<meta name=\"twitter:card\" content=\"summary_large_image\" \/>\n<script type=\"application\/ld+json\" class=\"yoast-schema-graph\">{\"@context\":\"https:\\\/\\\/schema.org\",\"@graph\":[{\"@type\":\"WebPage\",\"@id\":\"https:\\\/\\\/shop.bantam.ch\\\/de\\\/produkt\\\/aschenbecher-mit-deckel-schwarz\\\/\",\"url\":\"https:\\\/\\\/shop.bantam.ch\\\/de\\\/produkt\\\/aschenbecher-mit-deckel-schwarz\\\/\",\"name\":\"Aschenbecher MEPAL mit Deckel Farbe schwarz - Bantam Camping AG\",\"isPartOf\":{\"@id\":\"https:\\\/\\\/shop.bantam.ch\\\/de\\\/#website\"},\"primaryImageOfPage\":{\"@id\":\"https:\\\/\\\/shop.bantam.ch\\\/de\\\/produkt\\\/aschenbecher-mit-deckel-schwarz\\\/#primaryimage\"},\"image\":{\"@id\":\"https:\\\/\\\/shop.bantam.ch\\\/de\\\/produkt\\\/aschenbecher-mit-deckel-schwarz\\\/#primaryimage\"},\"thumbnailUrl\":\"https:\\\/\\\/shop.bantam.ch\\\/wp-content\\\/uploads\\\/2023\\\/03\\\/998470611.jpg\",\"datePublished\":\"2023-02-28T23:51:51+00:00\",\"dateModified\":\"2026-04-18T19:52:26+00:00\",\"breadcrumb\":{\"@id\":\"https:\\\/\\\/shop.bantam.ch\\\/de\\\/produkt\\\/aschenbecher-mit-deckel-schwarz\\\/#breadcrumb\"},\"inLanguage\":\"de\",\"potentialAction\":[{\"@type\":\"ReadAction\",\"target\":[\"https:\\\/\\\/shop.bantam.ch\\\/de\\\/produkt\\\/aschenbecher-mit-deckel-schwarz\\\/\"]}]},{\"@type\":\"ImageObject\",\"inLanguage\":\"de\",\"@id\":\"https:\\\/\\\/shop.bantam.ch\\\/de\\\/produkt\\\/aschenbecher-mit-deckel-schwarz\\\/#primaryimage\",\"url\":\"https:\\\/\\\/shop.bantam.ch\\\/wp-content\\\/uploads\\\/2023\\\/03\\\/998470611.jpg\",\"contentUrl\":\"https:\\\/\\\/shop.bantam.ch\\\/wp-content\\\/uploads\\\/2023\\\/03\\\/998470611.jpg\",\"width\":1000,\"height\":888},{\"@type\":\"BreadcrumbList\",\"@id\":\"https:\\\/\\\/shop.bantam.ch\\\/de\\\/produkt\\\/aschenbecher-mit-deckel-schwarz\\\/#breadcrumb\",\"itemListElement\":[{\"@type\":\"ListItem\",\"position\":1,\"name\":\"Accueil\",\"item\":\"https:\\\/\\\/shop.bantam.ch\\\/de\\\/\"},{\"@type\":\"ListItem\",\"position\":2,\"name\":\"Shop\",\"item\":\"https:\\\/\\\/shop.bantam.ch\\\/de\\\/shop\\\/\"},{\"@type\":\"ListItem\",\"position\":3,\"name\":\"Aschenbecher MEPAL mit Deckel Farbe schwarz\"}]},{\"@type\":\"WebSite\",\"@id\":\"https:\\\/\\\/shop.bantam.ch\\\/de\\\/#website\",\"url\":\"https:\\\/\\\/shop.bantam.ch\\\/de\\\/\",\"name\":\"Bantam Camping AG\",\"description\":\"\",\"publisher\":{\"@id\":\"https:\\\/\\\/shop.bantam.ch\\\/de\\\/#organization\"},\"inLanguage\":\"de\"},{\"@type\":\"Organization\",\"@id\":\"https:\\\/\\\/shop.bantam.ch\\\/de\\\/#organization\",\"name\":\"Bantam Camping AG\",\"url\":\"https:\\\/\\\/shop.bantam.ch\\\/de\\\/\",\"logo\":{\"@type\":\"ImageObject\",\"inLanguage\":\"de\",\"@id\":\"https:\\\/\\\/shop.bantam.ch\\\/de\\\/#\\\/schema\\\/logo\\\/image\\\/\",\"url\":\"https:\\\/\\\/shop.bantam.ch\\\/wp-content\\\/uploads\\\/2022\\\/12\\\/bantam-logo.png\",\"contentUrl\":\"https:\\\/\\\/shop.bantam.ch\\\/wp-content\\\/uploads\\\/2022\\\/12\\\/bantam-logo.png\",\"width\":320,\"height\":71,\"caption\":\"Bantam Camping AG\"},\"image\":{\"@id\":\"https:\\\/\\\/shop.bantam.ch\\\/de\\\/#\\\/schema\\\/logo\\\/image\\\/\"}}]}<\/script>\n<!-- \/ Yoast SEO plugin. -->","yoast_head_json":{"title":"Aschenbecher MEPAL mit Deckel Farbe schwarz - Bantam Camping AG","robots":{"index":"index","follow":"follow","max-snippet":"max-snippet:-1","max-image-preview":"max-image-preview:large","max-video-preview":"max-video-preview:-1"},"canonical":"https:\/\/shop.bantam.ch\/de\/produkt\/aschenbecher-mit-deckel-schwarz\/","og_locale":"de_DE","og_type":"article","og_title":"Aschenbecher MEPAL mit Deckel Farbe schwarz - Bantam Camping AG","og_description":"Schwarzer Aschenbecher mit Deckel von Mepal. Der ideale Aschenbecher f\u00fcr drinnen und drau\u00dfen ist aus feuerfestem Melamin hergestellt. Mit 10 cm Durchmesser leicht zu handhaben, aber keineswegs durchschnitt. Sein Deckel macht ihn windsicher, glimmende Reste erl\u00f6schen von selbst, da es keine Sauerstoffzufuhr gibt. Unangenehme Ger\u00fcche werden auf ein Minimum reduziert. Einfach zu reinigen, da sp\u00fclmaschinenfest. [&hellip;]","og_url":"https:\/\/shop.bantam.ch\/de\/produkt\/aschenbecher-mit-deckel-schwarz\/","og_site_name":"Bantam Camping AG","article_modified_time":"2026-04-18T19:52:26+00:00","og_image":[{"width":1000,"height":888,"url":"https:\/\/shop.bantam.ch\/wp-content\/uploads\/2023\/03\/998470611.jpg","type":"image\/jpeg"}],"twitter_card":"summary_large_image","schema":{"@context":"https:\/\/schema.org","@graph":[{"@type":"WebPage","@id":"https:\/\/shop.bantam.ch\/de\/produkt\/aschenbecher-mit-deckel-schwarz\/","url":"https:\/\/shop.bantam.ch\/de\/produkt\/aschenbecher-mit-deckel-schwarz\/","name":"Aschenbecher MEPAL mit Deckel Farbe schwarz - Bantam Camping AG","isPartOf":{"@id":"https:\/\/shop.bantam.ch\/de\/#website"},"primaryImageOfPage":{"@id":"https:\/\/shop.bantam.ch\/de\/produkt\/aschenbecher-mit-deckel-schwarz\/#primaryimage"},"image":{"@id":"https:\/\/shop.bantam.ch\/de\/produkt\/aschenbecher-mit-deckel-schwarz\/#primaryimage"},"thumbnailUrl":"https:\/\/shop.bantam.ch\/wp-content\/uploads\/2023\/03\/998470611.jpg","datePublished":"2023-02-28T23:51:51+00:00","dateModified":"2026-04-18T19:52:26+00:00","breadcrumb":{"@id":"https:\/\/shop.bantam.ch\/de\/produkt\/aschenbecher-mit-deckel-schwarz\/#breadcrumb"},"inLanguage":"de","potentialAction":[{"@type":"ReadAction","target":["https:\/\/shop.bantam.ch\/de\/produkt\/aschenbecher-mit-deckel-schwarz\/"]}]},{"@type":"ImageObject","inLanguage":"de","@id":"https:\/\/shop.bantam.ch\/de\/produkt\/aschenbecher-mit-deckel-schwarz\/#primaryimage","url":"https:\/\/shop.bantam.ch\/wp-content\/uploads\/2023\/03\/998470611.jpg","contentUrl":"https:\/\/shop.bantam.ch\/wp-content\/uploads\/2023\/03\/998470611.jpg","width":1000,"height":888},{"@type":"BreadcrumbList","@id":"https:\/\/shop.bantam.ch\/de\/produkt\/aschenbecher-mit-deckel-schwarz\/#breadcrumb","itemListElement":[{"@type":"ListItem","position":1,"name":"Accueil","item":"https:\/\/shop.bantam.ch\/de\/"},{"@type":"ListItem","position":2,"name":"Shop","item":"https:\/\/shop.bantam.ch\/de\/shop\/"},{"@type":"ListItem","position":3,"name":"Aschenbecher MEPAL mit Deckel Farbe schwarz"}]},{"@type":"WebSite","@id":"https:\/\/shop.bantam.ch\/de\/#website","url":"https:\/\/shop.bantam.ch\/de\/","name":"Bantam Camping AG","description":"","publisher":{"@id":"https:\/\/shop.bantam.ch\/de\/#organization"},"inLanguage":"de"},{"@type":"Organization","@id":"https:\/\/shop.bantam.ch\/de\/#organization","name":"Bantam Camping AG","url":"https:\/\/shop.bantam.ch\/de\/","logo":{"@type":"ImageObject","inLanguage":"de","@id":"https:\/\/shop.bantam.ch\/de\/#\/schema\/logo\/image\/","url":"https:\/\/shop.bantam.ch\/wp-content\/uploads\/2022\/12\/bantam-logo.png","contentUrl":"https:\/\/shop.bantam.ch\/wp-content\/uploads\/2022\/12\/bantam-logo.png","width":320,"height":71,"caption":"Bantam Camping AG"},"image":{"@id":"https:\/\/shop.bantam.ch\/de\/#\/schema\/logo\/image\/"}}]}},"_links":{"self":[{"href":"https:\/\/shop.bantam.ch\/de\/wp-json\/wp\/v2\/product\/125315","targetHints":{"allow":["GET"]}}],"collection":[{"href":"https:\/\/shop.bantam.ch\/de\/wp-json\/wp\/v2\/product"}],"about":[{"href":"https:\/\/shop.bantam.ch\/de\/wp-json\/wp\/v2\/types\/product"}],"wp:featuredmedia":[{"embeddable":true,"href":"https:\/\/shop.bantam.ch\/de\/wp-json\/wp\/v2\/media\/125313"}],"wp:attachment":[{"href":"https:\/\/shop.bantam.ch\/de\/wp-json\/wp\/v2\/media?parent=125315"}],"wp:term":[{"taxonomy":"product_featured_cat","embeddable":true,"href":"https:\/\/shop.bantam.ch\/de\/wp-json\/wp\/v2\/product_featured_cat?post=125315"},{"taxonomy":"product_brand","embeddable":true,"href":"https:\/\/shop.bantam.ch\/de\/wp-json\/wp\/v2\/product_brand?post=125315"},{"taxonomy":"product_cat","embeddable":true,"href":"https:\/\/shop.bantam.ch\/de\/wp-json\/wp\/v2\/product_cat?post=125315"},{"taxonomy":"product_tag","embeddable":true,"href":"https:\/\/shop.bantam.ch\/de\/wp-json\/wp\/v2\/product_tag?post=125315"}],"curies":[{"name":"wp","href":"https:\/\/api.w.org\/{rel}","templated":true}]}}