{"id":125135,"date":"2023-03-01T00:50:06","date_gmt":"2023-02-28T23:50:06","guid":{"rendered":"https:\/\/shop.bantam.ch\/produit\/ersatzakku-delta-pro-extra-battery\/"},"modified":"2026-04-20T21:52:41","modified_gmt":"2026-04-20T19:52:41","slug":"ersatzakku-delta-pro-extra-battery","status":"publish","type":"product","link":"https:\/\/shop.bantam.ch\/de\/produkt\/ersatzakku-delta-pro-extra-battery\/","title":{"rendered":"Ersatzakku ECOFLOW Delta Pro Extra Battery"},"content":{"rendered":"<p>Dieser Zusatzakku wird mit DELTA Pro verbunden, um die Gesamtkapazit\u00e4t auf 7200 Wh zu verdoppeln. Schlie\u00dfen Sie zwei davon an DELTA Pro an, um erstaunliche 10,8 kWh zur netzunabh\u00e4ngigen Verwendung zu erhalten.<\/p>\n<p>Das Aufladen \u00fcber Solarzellen, Netzsteckdosen, Ladestationen f\u00fcr Elektrofahrzeuge oder unseren Smart Generator ist ganz einfach. Schlie\u00dfen Sie den zus\u00e4tzlichen Akku an DELTA Pro an, und sie laden und entladen sich zusammen.<br \/>\nDer Zusatzakku kann in die Verkabelung Ihres Zuhauses integriert werden, wenn er an DELTA Pro angeschlossen wird. Diese Akkueinheiten werden so zu einem Teil der Stromversorgung f\u00fcr Verbrauchsspitzen und Notf\u00e4lle in Ihrem Zuhause.<br \/>\nDieser Zusatzakku kann direkt vom EcoFlow Smart Generator im Freien aufgeladen werden, wodurch Sie eine weitere Option f\u00fcr Notf\u00e4lle erhalten.<br \/>\nAuf dem integrierten Bildschirm erhalten Sie dieselben Informationen \u00fcber den Akkustand, die verbleibende Ladezeit, die verbleibende Nutzungsdauer und mehr. Sie k\u00f6nnen den Ladezustand \u00fcberall mit der EcoFlow-App \u00fcberpr\u00fcfen. Steckertyp: Schuko<\/p>\n<p>Lieferumfang:<\/p>\n<p>Inklusive DELTA Max Smart Extra Akku<\/p>\n<p>DELTA Max Extra Batteriekabel<\/p>\n<p>Benutzerhandbuch<\/p>\n<p>&nbsp;<\/p>\n","protected":false},"excerpt":{"rendered":"<p>Dieser Zusatzakku wird mit DELTA Pro verbunden, um die Gesamtkapazit\u00e4t auf 7200 Wh zu verdoppeln. Schlie\u00dfen Sie zwei davon an DELTA Pro an, um erstaunliche 10,8 kWh zur netzunabh\u00e4ngigen Verwendung zu erhalten. Das Aufladen \u00fcber Solarzellen, Netzsteckdosen, Ladestationen f\u00fcr Elektrofahrzeuge oder unseren Smart Generator ist ganz einfach. Schlie\u00dfen Sie den zus\u00e4tzlichen Akku an DELTA Pro [&hellip;]<\/p>\n","protected":false},"featured_media":125133,"template":"","meta":{"_acf_changed":false},"product_featured_cat":[],"product_brand":[3629],"product_cat":[5130],"product_tag":[],"class_list":{"0":"post-125135","1":"product","2":"type-product","3":"status-publish","4":"has-post-thumbnail","6":"product_brand-ecoflow-de","7":"product_cat-powerstationen","9":"first","10":"instock","11":"taxable","12":"shipping-taxable","13":"purchasable","14":"product-type-simple"},"acf":[],"yoast_head":"<!-- This site is optimized with the Yoast SEO plugin v27.4 - https:\/\/yoast.com\/product\/yoast-seo-wordpress\/ -->\n<title>Ersatzakku ECOFLOW Delta Pro Extra Battery - Bantam Camping AG<\/title>\n<meta name=\"robots\" content=\"index, follow, max-snippet:-1, max-image-preview:large, max-video-preview:-1\" \/>\n<link rel=\"canonical\" href=\"https:\/\/shop.bantam.ch\/de\/produkt\/ersatzakku-delta-pro-extra-battery\/\" \/>\n<meta property=\"og:locale\" content=\"de_DE\" \/>\n<meta property=\"og:type\" content=\"article\" \/>\n<meta property=\"og:title\" content=\"Ersatzakku ECOFLOW Delta Pro Extra Battery - Bantam Camping AG\" \/>\n<meta property=\"og:description\" content=\"Dieser Zusatzakku wird mit DELTA Pro verbunden, um die Gesamtkapazit\u00e4t auf 7200 Wh zu verdoppeln. Schlie\u00dfen Sie zwei davon an DELTA Pro an, um erstaunliche 10,8 kWh zur netzunabh\u00e4ngigen Verwendung zu erhalten. Das Aufladen \u00fcber Solarzellen, Netzsteckdosen, Ladestationen f\u00fcr Elektrofahrzeuge oder unseren Smart Generator ist ganz einfach. Schlie\u00dfen Sie den zus\u00e4tzlichen Akku an DELTA Pro [&hellip;]\" \/>\n<meta property=\"og:url\" content=\"https:\/\/shop.bantam.ch\/de\/produkt\/ersatzakku-delta-pro-extra-battery\/\" \/>\n<meta property=\"og:site_name\" content=\"Bantam Camping AG\" \/>\n<meta property=\"article:modified_time\" content=\"2026-04-20T19:52:41+00:00\" \/>\n<meta property=\"og:image\" content=\"https:\/\/shop.bantam.ch\/wp-content\/uploads\/2023\/03\/997067011-scaled.jpg\" \/>\n\t<meta property=\"og:image:width\" content=\"2362\" \/>\n\t<meta property=\"og:image:height\" content=\"1680\" \/>\n\t<meta property=\"og:image:type\" content=\"image\/jpeg\" \/>\n<meta name=\"twitter:card\" content=\"summary_large_image\" \/>\n<meta name=\"twitter:label1\" content=\"Gesch\u00e4tzte Lesezeit\" \/>\n\t<meta name=\"twitter:data1\" content=\"1\u00a0Minute\" \/>\n<script type=\"application\/ld+json\" class=\"yoast-schema-graph\">{\"@context\":\"https:\\\/\\\/schema.org\",\"@graph\":[{\"@type\":\"WebPage\",\"@id\":\"https:\\\/\\\/shop.bantam.ch\\\/de\\\/produkt\\\/ersatzakku-delta-pro-extra-battery\\\/\",\"url\":\"https:\\\/\\\/shop.bantam.ch\\\/de\\\/produkt\\\/ersatzakku-delta-pro-extra-battery\\\/\",\"name\":\"Ersatzakku ECOFLOW Delta Pro Extra Battery - Bantam Camping AG\",\"isPartOf\":{\"@id\":\"https:\\\/\\\/shop.bantam.ch\\\/de\\\/#website\"},\"primaryImageOfPage\":{\"@id\":\"https:\\\/\\\/shop.bantam.ch\\\/de\\\/produkt\\\/ersatzakku-delta-pro-extra-battery\\\/#primaryimage\"},\"image\":{\"@id\":\"https:\\\/\\\/shop.bantam.ch\\\/de\\\/produkt\\\/ersatzakku-delta-pro-extra-battery\\\/#primaryimage\"},\"thumbnailUrl\":\"https:\\\/\\\/shop.bantam.ch\\\/wp-content\\\/uploads\\\/2023\\\/03\\\/997067011-scaled.jpg\",\"datePublished\":\"2023-02-28T23:50:06+00:00\",\"dateModified\":\"2026-04-20T19:52:41+00:00\",\"breadcrumb\":{\"@id\":\"https:\\\/\\\/shop.bantam.ch\\\/de\\\/produkt\\\/ersatzakku-delta-pro-extra-battery\\\/#breadcrumb\"},\"inLanguage\":\"de\",\"potentialAction\":[{\"@type\":\"ReadAction\",\"target\":[\"https:\\\/\\\/shop.bantam.ch\\\/de\\\/produkt\\\/ersatzakku-delta-pro-extra-battery\\\/\"]}]},{\"@type\":\"ImageObject\",\"inLanguage\":\"de\",\"@id\":\"https:\\\/\\\/shop.bantam.ch\\\/de\\\/produkt\\\/ersatzakku-delta-pro-extra-battery\\\/#primaryimage\",\"url\":\"https:\\\/\\\/shop.bantam.ch\\\/wp-content\\\/uploads\\\/2023\\\/03\\\/997067011-scaled.jpg\",\"contentUrl\":\"https:\\\/\\\/shop.bantam.ch\\\/wp-content\\\/uploads\\\/2023\\\/03\\\/997067011-scaled.jpg\",\"width\":2048,\"height\":1457},{\"@type\":\"BreadcrumbList\",\"@id\":\"https:\\\/\\\/shop.bantam.ch\\\/de\\\/produkt\\\/ersatzakku-delta-pro-extra-battery\\\/#breadcrumb\",\"itemListElement\":[{\"@type\":\"ListItem\",\"position\":1,\"name\":\"Accueil\",\"item\":\"https:\\\/\\\/shop.bantam.ch\\\/de\\\/\"},{\"@type\":\"ListItem\",\"position\":2,\"name\":\"Shop\",\"item\":\"https:\\\/\\\/shop.bantam.ch\\\/de\\\/shop\\\/\"},{\"@type\":\"ListItem\",\"position\":3,\"name\":\"Ersatzakku ECOFLOW Delta Pro Extra Battery\"}]},{\"@type\":\"WebSite\",\"@id\":\"https:\\\/\\\/shop.bantam.ch\\\/de\\\/#website\",\"url\":\"https:\\\/\\\/shop.bantam.ch\\\/de\\\/\",\"name\":\"Bantam Camping AG\",\"description\":\"\",\"publisher\":{\"@id\":\"https:\\\/\\\/shop.bantam.ch\\\/de\\\/#organization\"},\"inLanguage\":\"de\"},{\"@type\":\"Organization\",\"@id\":\"https:\\\/\\\/shop.bantam.ch\\\/de\\\/#organization\",\"name\":\"Bantam Camping AG\",\"url\":\"https:\\\/\\\/shop.bantam.ch\\\/de\\\/\",\"logo\":{\"@type\":\"ImageObject\",\"inLanguage\":\"de\",\"@id\":\"https:\\\/\\\/shop.bantam.ch\\\/de\\\/#\\\/schema\\\/logo\\\/image\\\/\",\"url\":\"https:\\\/\\\/shop.bantam.ch\\\/wp-content\\\/uploads\\\/2022\\\/12\\\/bantam-logo.png\",\"contentUrl\":\"https:\\\/\\\/shop.bantam.ch\\\/wp-content\\\/uploads\\\/2022\\\/12\\\/bantam-logo.png\",\"width\":320,\"height\":71,\"caption\":\"Bantam Camping AG\"},\"image\":{\"@id\":\"https:\\\/\\\/shop.bantam.ch\\\/de\\\/#\\\/schema\\\/logo\\\/image\\\/\"}}]}<\/script>\n<!-- \/ Yoast SEO plugin. -->","yoast_head_json":{"title":"Ersatzakku ECOFLOW Delta Pro Extra Battery - Bantam Camping AG","robots":{"index":"index","follow":"follow","max-snippet":"max-snippet:-1","max-image-preview":"max-image-preview:large","max-video-preview":"max-video-preview:-1"},"canonical":"https:\/\/shop.bantam.ch\/de\/produkt\/ersatzakku-delta-pro-extra-battery\/","og_locale":"de_DE","og_type":"article","og_title":"Ersatzakku ECOFLOW Delta Pro Extra Battery - Bantam Camping AG","og_description":"Dieser Zusatzakku wird mit DELTA Pro verbunden, um die Gesamtkapazit\u00e4t auf 7200 Wh zu verdoppeln. Schlie\u00dfen Sie zwei davon an DELTA Pro an, um erstaunliche 10,8 kWh zur netzunabh\u00e4ngigen Verwendung zu erhalten. Das Aufladen \u00fcber Solarzellen, Netzsteckdosen, Ladestationen f\u00fcr Elektrofahrzeuge oder unseren Smart Generator ist ganz einfach. Schlie\u00dfen Sie den zus\u00e4tzlichen Akku an DELTA Pro [&hellip;]","og_url":"https:\/\/shop.bantam.ch\/de\/produkt\/ersatzakku-delta-pro-extra-battery\/","og_site_name":"Bantam Camping AG","article_modified_time":"2026-04-20T19:52:41+00:00","og_image":[{"width":2362,"height":1680,"url":"https:\/\/shop.bantam.ch\/wp-content\/uploads\/2023\/03\/997067011-scaled.jpg","type":"image\/jpeg"}],"twitter_card":"summary_large_image","twitter_misc":{"Gesch\u00e4tzte Lesezeit":"1\u00a0Minute"},"schema":{"@context":"https:\/\/schema.org","@graph":[{"@type":"WebPage","@id":"https:\/\/shop.bantam.ch\/de\/produkt\/ersatzakku-delta-pro-extra-battery\/","url":"https:\/\/shop.bantam.ch\/de\/produkt\/ersatzakku-delta-pro-extra-battery\/","name":"Ersatzakku ECOFLOW Delta Pro Extra Battery - Bantam Camping AG","isPartOf":{"@id":"https:\/\/shop.bantam.ch\/de\/#website"},"primaryImageOfPage":{"@id":"https:\/\/shop.bantam.ch\/de\/produkt\/ersatzakku-delta-pro-extra-battery\/#primaryimage"},"image":{"@id":"https:\/\/shop.bantam.ch\/de\/produkt\/ersatzakku-delta-pro-extra-battery\/#primaryimage"},"thumbnailUrl":"https:\/\/shop.bantam.ch\/wp-content\/uploads\/2023\/03\/997067011-scaled.jpg","datePublished":"2023-02-28T23:50:06+00:00","dateModified":"2026-04-20T19:52:41+00:00","breadcrumb":{"@id":"https:\/\/shop.bantam.ch\/de\/produkt\/ersatzakku-delta-pro-extra-battery\/#breadcrumb"},"inLanguage":"de","potentialAction":[{"@type":"ReadAction","target":["https:\/\/shop.bantam.ch\/de\/produkt\/ersatzakku-delta-pro-extra-battery\/"]}]},{"@type":"ImageObject","inLanguage":"de","@id":"https:\/\/shop.bantam.ch\/de\/produkt\/ersatzakku-delta-pro-extra-battery\/#primaryimage","url":"https:\/\/shop.bantam.ch\/wp-content\/uploads\/2023\/03\/997067011-scaled.jpg","contentUrl":"https:\/\/shop.bantam.ch\/wp-content\/uploads\/2023\/03\/997067011-scaled.jpg","width":2048,"height":1457},{"@type":"BreadcrumbList","@id":"https:\/\/shop.bantam.ch\/de\/produkt\/ersatzakku-delta-pro-extra-battery\/#breadcrumb","itemListElement":[{"@type":"ListItem","position":1,"name":"Accueil","item":"https:\/\/shop.bantam.ch\/de\/"},{"@type":"ListItem","position":2,"name":"Shop","item":"https:\/\/shop.bantam.ch\/de\/shop\/"},{"@type":"ListItem","position":3,"name":"Ersatzakku ECOFLOW Delta Pro Extra Battery"}]},{"@type":"WebSite","@id":"https:\/\/shop.bantam.ch\/de\/#website","url":"https:\/\/shop.bantam.ch\/de\/","name":"Bantam Camping AG","description":"","publisher":{"@id":"https:\/\/shop.bantam.ch\/de\/#organization"},"inLanguage":"de"},{"@type":"Organization","@id":"https:\/\/shop.bantam.ch\/de\/#organization","name":"Bantam Camping AG","url":"https:\/\/shop.bantam.ch\/de\/","logo":{"@type":"ImageObject","inLanguage":"de","@id":"https:\/\/shop.bantam.ch\/de\/#\/schema\/logo\/image\/","url":"https:\/\/shop.bantam.ch\/wp-content\/uploads\/2022\/12\/bantam-logo.png","contentUrl":"https:\/\/shop.bantam.ch\/wp-content\/uploads\/2022\/12\/bantam-logo.png","width":320,"height":71,"caption":"Bantam Camping AG"},"image":{"@id":"https:\/\/shop.bantam.ch\/de\/#\/schema\/logo\/image\/"}}]}},"_links":{"self":[{"href":"https:\/\/shop.bantam.ch\/de\/wp-json\/wp\/v2\/product\/125135","targetHints":{"allow":["GET"]}}],"collection":[{"href":"https:\/\/shop.bantam.ch\/de\/wp-json\/wp\/v2\/product"}],"about":[{"href":"https:\/\/shop.bantam.ch\/de\/wp-json\/wp\/v2\/types\/product"}],"wp:featuredmedia":[{"embeddable":true,"href":"https:\/\/shop.bantam.ch\/de\/wp-json\/wp\/v2\/media\/125133"}],"wp:attachment":[{"href":"https:\/\/shop.bantam.ch\/de\/wp-json\/wp\/v2\/media?parent=125135"}],"wp:term":[{"taxonomy":"product_featured_cat","embeddable":true,"href":"https:\/\/shop.bantam.ch\/de\/wp-json\/wp\/v2\/product_featured_cat?post=125135"},{"taxonomy":"product_brand","embeddable":true,"href":"https:\/\/shop.bantam.ch\/de\/wp-json\/wp\/v2\/product_brand?post=125135"},{"taxonomy":"product_cat","embeddable":true,"href":"https:\/\/shop.bantam.ch\/de\/wp-json\/wp\/v2\/product_cat?post=125135"},{"taxonomy":"product_tag","embeddable":true,"href":"https:\/\/shop.bantam.ch\/de\/wp-json\/wp\/v2\/product_tag?post=125135"}],"curies":[{"name":"wp","href":"https:\/\/api.w.org\/{rel}","templated":true}]}}