{"id":125131,"date":"2024-02-24T11:50:00","date_gmt":"2024-02-24T10:50:00","guid":{"rendered":"https:\/\/shop.bantam.ch\/produit\/power-station-delta-pro-tragbar\/"},"modified":"2026-05-11T21:49:43","modified_gmt":"2026-05-11T19:49:43","slug":"power-station-delta-pro-tragbar","status":"publish","type":"product","link":"https:\/\/shop.bantam.ch\/de\/produkt\/power-station-delta-pro-tragbar\/","title":{"rendered":"Power Station ECOFLOW Delta Pro tragbar"},"content":{"rendered":"<p>Ein einzelnes DELTA Pro Ger\u00e4t bietet eine AC-Leistung von bis zu 3600 W, die mit X-Boost auf bis zu 4500 W erweitert werden kann. Damit k\u00f6nnen Sie Fensterklimager\u00e4te, Waschmaschinen und andere Ger\u00e4te mit Strom versorgen<\/p>\n<ul>\n<li>Lademethode: Wechselstrom-Steckdose, EV-Ladestation, 12\/24V-Kfz-Adapter, Solarpanel<\/li>\n<li>Kapazit\u00e4t: 3600Wh<\/li>\n<li>Zellchemie: Lithium-Eisenphosphat<\/li>\n<li>Haltbarkeit: 1 Jahr (nach vollst\u00e4ndiger Aufladung des Ger\u00e4ts)<\/li>\n<li>Zyklenfestigkeit: 6500 Zyklen bis 50 %+ Kapazit\u00e4t, 3500 Zyklen bis 80%<\/li>\n<li>Sicherheit: BMS, \u00dcberspannungsschutz, \u00dcberlastschutz, \u00dcbertemperaturschutz, Kurzschlussschutz, Niedertemperaturschutz, Niederspannungsschutz, \u00dcberstromschutz<\/li>\n<li>AC-Ladeeingangsleistung: X-STREAM Charge 3000W max.<\/li>\n<li>AC-Ladeeingangsspannung: 240Vac (50\/60Hz)<\/li>\n<li>Solareingang: Max. 1600 W, 11-150 V, 15 A<\/li>\n<li>AC-Ausgang (4x): 3600W (Spitze 7200W), 230Vac (50\/60Hz), X-Boost 4500W<\/li>\n<li>USB-A-Ausgang (2x): 5V DC, 2,4A, max. 12W, je Anschluss<\/li>\n<li>USB-A-Ausgang (2x): 5V, 2,4A \/ 9V, 2A \/ 12V, 1,5A, max. 18W je Anschluss<\/li>\n<li>USB-C-Anschluss (2x): 5V, 9V, 12V, 15V, 20 V, 5 A, max. 100W je Anschluss<\/li>\n<li>DC5521 Anschluss: 2 Anschl\u00fcsse, 12,6V, 3A, max. 38W je Anschluss<\/li>\n<li>Anderson Port: 12,6V max. 30A<\/li>\n<li>Kfz-Ausgang: 12,6VDC, max. 10A, 126W<\/li>\n<li>Nettogewicht: 45kg<\/li>\n<li>Abmessungen: 64 x 29 x 42 cm<\/li>\n<li>Ladetemperatur: 0 \u2013 45\u00b0C<\/li>\n<li>Entladetemperatur: -20 \u2013 45\u00b0C<\/li>\n<li>Farbe: schwarz<\/li>\n<\/ul>\n<p>Lieferumfang:<\/p>\n<ul>\n<li>DELTA Pro<\/li>\n<li>AC Ladekabel<\/li>\n<li>KFZ Ladekabel<\/li>\n<li>DC5521 zu DC5525 Kabel<\/li>\n<li>Griff Abdeckung<\/li>\n<li>DELTA Pro auf Smart Generator Adapter<\/li>\n<li>Benutzerhandbuch<\/li>\n<\/ul>\n<p>&nbsp;<\/p>\n<p>&nbsp;<\/p>\n","protected":false},"excerpt":{"rendered":"<p>Ein einzelnes DELTA Pro Ger\u00e4t bietet eine AC-Leistung von bis zu 3600 W, die mit X-Boost auf bis zu 4500 W erweitert werden kann. Damit k\u00f6nnen Sie Fensterklimager\u00e4te, Waschmaschinen und andere Ger\u00e4te mit Strom versorgen Lademethode: Wechselstrom-Steckdose, EV-Ladestation, 12\/24V-Kfz-Adapter, Solarpanel Kapazit\u00e4t: 3600Wh Zellchemie: Lithium-Eisenphosphat Haltbarkeit: 1 Jahr (nach vollst\u00e4ndiger Aufladung des Ger\u00e4ts) Zyklenfestigkeit: 6500 Zyklen [&hellip;]<\/p>\n","protected":false},"featured_media":125125,"template":"","meta":{"_acf_changed":false},"product_featured_cat":[],"product_brand":[3629],"product_cat":[5130],"product_tag":[],"class_list":{"0":"post-125131","1":"product","2":"type-product","3":"status-publish","4":"has-post-thumbnail","6":"product_brand-ecoflow-de","7":"product_cat-powerstationen","9":"first","10":"instock","11":"taxable","12":"shipping-taxable","13":"purchasable","14":"product-type-simple"},"acf":[],"yoast_head":"<!-- This site is optimized with the Yoast SEO plugin v27.5 - https:\/\/yoast.com\/product\/yoast-seo-wordpress\/ -->\n<title>Power Station ECOFLOW Delta Pro tragbar - Bantam<\/title>\n<meta name=\"robots\" content=\"index, follow, max-snippet:-1, max-image-preview:large, max-video-preview:-1\" \/>\n<link rel=\"canonical\" href=\"https:\/\/shop.bantam.ch\/de\/produkt\/power-station-delta-pro-tragbar\/\" \/>\n<meta property=\"og:locale\" content=\"de_DE\" \/>\n<meta property=\"og:type\" content=\"article\" \/>\n<meta property=\"og:title\" content=\"Power Station ECOFLOW Delta Pro tragbar - Bantam\" \/>\n<meta property=\"og:description\" content=\"Ein einzelnes DELTA Pro Ger\u00e4t bietet eine AC-Leistung von bis zu 3600 W, die mit X-Boost auf bis zu 4500 W erweitert werden kann. Damit k\u00f6nnen Sie Fensterklimager\u00e4te, Waschmaschinen und andere Ger\u00e4te mit Strom versorgen Lademethode: Wechselstrom-Steckdose, EV-Ladestation, 12\/24V-Kfz-Adapter, Solarpanel Kapazit\u00e4t: 3600Wh Zellchemie: Lithium-Eisenphosphat Haltbarkeit: 1 Jahr (nach vollst\u00e4ndiger Aufladung des Ger\u00e4ts) Zyklenfestigkeit: 6500 Zyklen [&hellip;]\" \/>\n<meta property=\"og:url\" content=\"https:\/\/shop.bantam.ch\/de\/produkt\/power-station-delta-pro-tragbar\/\" \/>\n<meta property=\"og:site_name\" content=\"Bantam\" \/>\n<meta property=\"article:modified_time\" content=\"2026-05-11T19:49:43+00:00\" \/>\n<meta property=\"og:image\" content=\"https:\/\/shop.bantam.ch\/wp-content\/uploads\/2023\/03\/997066912.jpg\" \/>\n\t<meta property=\"og:image:width\" content=\"2048\" \/>\n\t<meta property=\"og:image:height\" content=\"1457\" \/>\n\t<meta property=\"og:image:type\" content=\"image\/jpeg\" \/>\n<meta name=\"twitter:card\" content=\"summary_large_image\" \/>\n<meta name=\"twitter:label1\" content=\"Gesch\u00e4tzte Lesezeit\" \/>\n\t<meta name=\"twitter:data1\" content=\"1\u00a0Minute\" \/>\n<script type=\"application\/ld+json\" class=\"yoast-schema-graph\">{\"@context\":\"https:\\\/\\\/schema.org\",\"@graph\":[{\"@type\":\"WebPage\",\"@id\":\"https:\\\/\\\/shop.bantam.ch\\\/de\\\/produkt\\\/power-station-delta-pro-tragbar\\\/\",\"url\":\"https:\\\/\\\/shop.bantam.ch\\\/de\\\/produkt\\\/power-station-delta-pro-tragbar\\\/\",\"name\":\"Power Station ECOFLOW Delta Pro tragbar - Bantam\",\"isPartOf\":{\"@id\":\"https:\\\/\\\/shop.bantam.ch\\\/de\\\/#website\"},\"primaryImageOfPage\":{\"@id\":\"https:\\\/\\\/shop.bantam.ch\\\/de\\\/produkt\\\/power-station-delta-pro-tragbar\\\/#primaryimage\"},\"image\":{\"@id\":\"https:\\\/\\\/shop.bantam.ch\\\/de\\\/produkt\\\/power-station-delta-pro-tragbar\\\/#primaryimage\"},\"thumbnailUrl\":\"https:\\\/\\\/shop.bantam.ch\\\/wp-content\\\/uploads\\\/2023\\\/03\\\/997066912.jpg\",\"datePublished\":\"2024-02-24T10:50:00+00:00\",\"dateModified\":\"2026-05-11T19:49:43+00:00\",\"breadcrumb\":{\"@id\":\"https:\\\/\\\/shop.bantam.ch\\\/de\\\/produkt\\\/power-station-delta-pro-tragbar\\\/#breadcrumb\"},\"inLanguage\":\"de\",\"potentialAction\":[{\"@type\":\"ReadAction\",\"target\":[\"https:\\\/\\\/shop.bantam.ch\\\/de\\\/produkt\\\/power-station-delta-pro-tragbar\\\/\"]}]},{\"@type\":\"ImageObject\",\"inLanguage\":\"de\",\"@id\":\"https:\\\/\\\/shop.bantam.ch\\\/de\\\/produkt\\\/power-station-delta-pro-tragbar\\\/#primaryimage\",\"url\":\"https:\\\/\\\/shop.bantam.ch\\\/wp-content\\\/uploads\\\/2023\\\/03\\\/997066912.jpg\",\"contentUrl\":\"https:\\\/\\\/shop.bantam.ch\\\/wp-content\\\/uploads\\\/2023\\\/03\\\/997066912.jpg\",\"width\":2048,\"height\":1457},{\"@type\":\"BreadcrumbList\",\"@id\":\"https:\\\/\\\/shop.bantam.ch\\\/de\\\/produkt\\\/power-station-delta-pro-tragbar\\\/#breadcrumb\",\"itemListElement\":[{\"@type\":\"ListItem\",\"position\":1,\"name\":\"Accueil\",\"item\":\"https:\\\/\\\/shop.bantam.ch\\\/de\\\/\"},{\"@type\":\"ListItem\",\"position\":2,\"name\":\"Shop\",\"item\":\"https:\\\/\\\/shop.bantam.ch\\\/de\\\/shop\\\/\"},{\"@type\":\"ListItem\",\"position\":3,\"name\":\"Power Station ECOFLOW Delta Pro tragbar\"}]},{\"@type\":\"WebSite\",\"@id\":\"https:\\\/\\\/shop.bantam.ch\\\/de\\\/#website\",\"url\":\"https:\\\/\\\/shop.bantam.ch\\\/de\\\/\",\"name\":\"Bantam\",\"description\":\"\",\"publisher\":{\"@id\":\"https:\\\/\\\/shop.bantam.ch\\\/de\\\/#organization\"},\"inLanguage\":\"de\"},{\"@type\":\"Organization\",\"@id\":\"https:\\\/\\\/shop.bantam.ch\\\/de\\\/#organization\",\"name\":\"Bantam\",\"url\":\"https:\\\/\\\/shop.bantam.ch\\\/de\\\/\",\"logo\":{\"@type\":\"ImageObject\",\"inLanguage\":\"de\",\"@id\":\"https:\\\/\\\/shop.bantam.ch\\\/de\\\/#\\\/schema\\\/logo\\\/image\\\/\",\"url\":\"https:\\\/\\\/shop.bantam.ch\\\/wp-content\\\/uploads\\\/2022\\\/12\\\/bantam-logo.png\",\"contentUrl\":\"https:\\\/\\\/shop.bantam.ch\\\/wp-content\\\/uploads\\\/2022\\\/12\\\/bantam-logo.png\",\"width\":320,\"height\":71,\"caption\":\"Bantam\"},\"image\":{\"@id\":\"https:\\\/\\\/shop.bantam.ch\\\/de\\\/#\\\/schema\\\/logo\\\/image\\\/\"}}]}<\/script>\n<!-- \/ Yoast SEO plugin. -->","yoast_head_json":{"title":"Power Station ECOFLOW Delta Pro tragbar - Bantam","robots":{"index":"index","follow":"follow","max-snippet":"max-snippet:-1","max-image-preview":"max-image-preview:large","max-video-preview":"max-video-preview:-1"},"canonical":"https:\/\/shop.bantam.ch\/de\/produkt\/power-station-delta-pro-tragbar\/","og_locale":"de_DE","og_type":"article","og_title":"Power Station ECOFLOW Delta Pro tragbar - Bantam","og_description":"Ein einzelnes DELTA Pro Ger\u00e4t bietet eine AC-Leistung von bis zu 3600 W, die mit X-Boost auf bis zu 4500 W erweitert werden kann. Damit k\u00f6nnen Sie Fensterklimager\u00e4te, Waschmaschinen und andere Ger\u00e4te mit Strom versorgen Lademethode: Wechselstrom-Steckdose, EV-Ladestation, 12\/24V-Kfz-Adapter, Solarpanel Kapazit\u00e4t: 3600Wh Zellchemie: Lithium-Eisenphosphat Haltbarkeit: 1 Jahr (nach vollst\u00e4ndiger Aufladung des Ger\u00e4ts) Zyklenfestigkeit: 6500 Zyklen [&hellip;]","og_url":"https:\/\/shop.bantam.ch\/de\/produkt\/power-station-delta-pro-tragbar\/","og_site_name":"Bantam","article_modified_time":"2026-05-11T19:49:43+00:00","og_image":[{"width":2048,"height":1457,"url":"https:\/\/shop.bantam.ch\/wp-content\/uploads\/2023\/03\/997066912.jpg","type":"image\/jpeg"}],"twitter_card":"summary_large_image","twitter_misc":{"Gesch\u00e4tzte Lesezeit":"1\u00a0Minute"},"schema":{"@context":"https:\/\/schema.org","@graph":[{"@type":"WebPage","@id":"https:\/\/shop.bantam.ch\/de\/produkt\/power-station-delta-pro-tragbar\/","url":"https:\/\/shop.bantam.ch\/de\/produkt\/power-station-delta-pro-tragbar\/","name":"Power Station ECOFLOW Delta Pro tragbar - Bantam","isPartOf":{"@id":"https:\/\/shop.bantam.ch\/de\/#website"},"primaryImageOfPage":{"@id":"https:\/\/shop.bantam.ch\/de\/produkt\/power-station-delta-pro-tragbar\/#primaryimage"},"image":{"@id":"https:\/\/shop.bantam.ch\/de\/produkt\/power-station-delta-pro-tragbar\/#primaryimage"},"thumbnailUrl":"https:\/\/shop.bantam.ch\/wp-content\/uploads\/2023\/03\/997066912.jpg","datePublished":"2024-02-24T10:50:00+00:00","dateModified":"2026-05-11T19:49:43+00:00","breadcrumb":{"@id":"https:\/\/shop.bantam.ch\/de\/produkt\/power-station-delta-pro-tragbar\/#breadcrumb"},"inLanguage":"de","potentialAction":[{"@type":"ReadAction","target":["https:\/\/shop.bantam.ch\/de\/produkt\/power-station-delta-pro-tragbar\/"]}]},{"@type":"ImageObject","inLanguage":"de","@id":"https:\/\/shop.bantam.ch\/de\/produkt\/power-station-delta-pro-tragbar\/#primaryimage","url":"https:\/\/shop.bantam.ch\/wp-content\/uploads\/2023\/03\/997066912.jpg","contentUrl":"https:\/\/shop.bantam.ch\/wp-content\/uploads\/2023\/03\/997066912.jpg","width":2048,"height":1457},{"@type":"BreadcrumbList","@id":"https:\/\/shop.bantam.ch\/de\/produkt\/power-station-delta-pro-tragbar\/#breadcrumb","itemListElement":[{"@type":"ListItem","position":1,"name":"Accueil","item":"https:\/\/shop.bantam.ch\/de\/"},{"@type":"ListItem","position":2,"name":"Shop","item":"https:\/\/shop.bantam.ch\/de\/shop\/"},{"@type":"ListItem","position":3,"name":"Power Station ECOFLOW Delta Pro tragbar"}]},{"@type":"WebSite","@id":"https:\/\/shop.bantam.ch\/de\/#website","url":"https:\/\/shop.bantam.ch\/de\/","name":"Bantam","description":"","publisher":{"@id":"https:\/\/shop.bantam.ch\/de\/#organization"},"inLanguage":"de"},{"@type":"Organization","@id":"https:\/\/shop.bantam.ch\/de\/#organization","name":"Bantam","url":"https:\/\/shop.bantam.ch\/de\/","logo":{"@type":"ImageObject","inLanguage":"de","@id":"https:\/\/shop.bantam.ch\/de\/#\/schema\/logo\/image\/","url":"https:\/\/shop.bantam.ch\/wp-content\/uploads\/2022\/12\/bantam-logo.png","contentUrl":"https:\/\/shop.bantam.ch\/wp-content\/uploads\/2022\/12\/bantam-logo.png","width":320,"height":71,"caption":"Bantam"},"image":{"@id":"https:\/\/shop.bantam.ch\/de\/#\/schema\/logo\/image\/"}}]}},"_links":{"self":[{"href":"https:\/\/shop.bantam.ch\/de\/wp-json\/wp\/v2\/product\/125131","targetHints":{"allow":["GET"]}}],"collection":[{"href":"https:\/\/shop.bantam.ch\/de\/wp-json\/wp\/v2\/product"}],"about":[{"href":"https:\/\/shop.bantam.ch\/de\/wp-json\/wp\/v2\/types\/product"}],"wp:featuredmedia":[{"embeddable":true,"href":"https:\/\/shop.bantam.ch\/de\/wp-json\/wp\/v2\/media\/125125"}],"wp:attachment":[{"href":"https:\/\/shop.bantam.ch\/de\/wp-json\/wp\/v2\/media?parent=125131"}],"wp:term":[{"taxonomy":"product_featured_cat","embeddable":true,"href":"https:\/\/shop.bantam.ch\/de\/wp-json\/wp\/v2\/product_featured_cat?post=125131"},{"taxonomy":"product_brand","embeddable":true,"href":"https:\/\/shop.bantam.ch\/de\/wp-json\/wp\/v2\/product_brand?post=125131"},{"taxonomy":"product_cat","embeddable":true,"href":"https:\/\/shop.bantam.ch\/de\/wp-json\/wp\/v2\/product_cat?post=125131"},{"taxonomy":"product_tag","embeddable":true,"href":"https:\/\/shop.bantam.ch\/de\/wp-json\/wp\/v2\/product_tag?post=125131"}],"curies":[{"name":"wp","href":"https:\/\/api.w.org\/{rel}","templated":true}]}}