{"id":124949,"date":"2023-03-01T00:47:41","date_gmt":"2023-02-28T23:47:41","guid":{"rendered":"https:\/\/shop.bantam.ch\/produit\/salat-schleudersieb-spindola-fuer-die-spuele\/"},"modified":"2026-05-01T21:49:52","modified_gmt":"2026-05-01T19:49:52","slug":"salat-schleudersieb-spindola-fuer-die-spuele","status":"publish","type":"product","link":"https:\/\/shop.bantam.ch\/de\/produkt\/salat-schleudersieb-spindola-fuer-die-spuele\/","title":{"rendered":"Salat-Schleudersieb Joseph Joseph Spindola\u2122 f\u00fcr die Sp\u00fcle, Fb. gr\u00fcn \/ wei\u00df"},"content":{"rendered":"<p>Dieses innovative Design vereint die Eigenschaften einer Salatschleuder mit denen eines Abtropfsiebs und spart damit wertvollen Stauraum. Befestigen Sie zur Salatzubereitung einfach die Spindel und den Saugnapf am Abtropfsieb, geben Sie den Salat hinein und sp\u00fclen Sie ihn gr\u00fcndlich unter dem Wasserhahn durch. Befestigen Sie das Abtropfsieb dann mit dem Saugnapf in der Sp\u00fcle und pumpen Sie die Spindel auf und ab, um das Sieb rotieren und \u00fcbersch\u00fcssiges Wasser ablaufen zu lassen. Zur Verwendung als herk\u00f6mmliches Abtropfsieb nehmen Sie die Spindel und den Saugnapf einfach ab und nutzen die seitlichen Griffe. Nach getaner Arbeit lassen sich Spindel und Saugnapf zur Aufbewahrung platzsparend zusammenstecken.<\/p>\n","protected":false},"excerpt":{"rendered":"<p>Dieses innovative Design vereint die Eigenschaften einer Salatschleuder mit denen eines Abtropfsiebs und spart damit wertvollen Stauraum. Befestigen Sie zur Salatzubereitung einfach die Spindel und den Saugnapf am Abtropfsieb, geben Sie den Salat hinein und sp\u00fclen Sie ihn gr\u00fcndlich unter dem Wasserhahn durch. Befestigen Sie das Abtropfsieb dann mit dem Saugnapf in der Sp\u00fcle und [&hellip;]<\/p>\n","protected":false},"featured_media":124925,"template":"","meta":{"_acf_changed":false},"product_featured_cat":[],"product_brand":[3413],"product_cat":[4334],"product_tag":[],"class_list":{"0":"post-124949","1":"product","2":"type-product","3":"status-publish","4":"has-post-thumbnail","6":"product_brand-joseph-joseph-de","7":"product_cat-vorratsschuesseln-siebe","9":"first","10":"instock","11":"taxable","12":"shipping-taxable","13":"purchasable","14":"product-type-simple"},"acf":[],"yoast_head":"<!-- This site is optimized with the Yoast SEO plugin v27.5 - https:\/\/yoast.com\/product\/yoast-seo-wordpress\/ -->\n<title>Salat-Schleudersieb Joseph Joseph Spindola\u2122 f\u00fcr die Sp\u00fcle, Fb. gr\u00fcn \/ wei\u00df - Bantam<\/title>\n<meta name=\"robots\" content=\"index, follow, max-snippet:-1, max-image-preview:large, max-video-preview:-1\" \/>\n<link rel=\"canonical\" href=\"https:\/\/shop.bantam.ch\/de\/produkt\/salat-schleudersieb-spindola-fuer-die-spuele\/\" \/>\n<meta property=\"og:locale\" content=\"de_DE\" \/>\n<meta property=\"og:type\" content=\"article\" \/>\n<meta property=\"og:title\" content=\"Salat-Schleudersieb Joseph Joseph Spindola\u2122 f\u00fcr die Sp\u00fcle, Fb. gr\u00fcn \/ wei\u00df - Bantam\" \/>\n<meta property=\"og:description\" content=\"Dieses innovative Design vereint die Eigenschaften einer Salatschleuder mit denen eines Abtropfsiebs und spart damit wertvollen Stauraum. Befestigen Sie zur Salatzubereitung einfach die Spindel und den Saugnapf am Abtropfsieb, geben Sie den Salat hinein und sp\u00fclen Sie ihn gr\u00fcndlich unter dem Wasserhahn durch. Befestigen Sie das Abtropfsieb dann mit dem Saugnapf in der Sp\u00fcle und [&hellip;]\" \/>\n<meta property=\"og:url\" content=\"https:\/\/shop.bantam.ch\/de\/produkt\/salat-schleudersieb-spindola-fuer-die-spuele\/\" \/>\n<meta property=\"og:site_name\" content=\"Bantam\" \/>\n<meta property=\"article:modified_time\" content=\"2026-05-01T19:49:52+00:00\" \/>\n<meta property=\"og:image\" content=\"https:\/\/shop.bantam.ch\/wp-content\/uploads\/2023\/03\/998469511.jpg\" \/>\n\t<meta property=\"og:image:width\" content=\"500\" \/>\n\t<meta property=\"og:image:height\" content=\"412\" \/>\n\t<meta property=\"og:image:type\" content=\"image\/jpeg\" \/>\n<meta name=\"twitter:card\" content=\"summary_large_image\" \/>\n<meta name=\"twitter:label1\" content=\"Gesch\u00e4tzte Lesezeit\" \/>\n\t<meta name=\"twitter:data1\" content=\"1\u00a0Minute\" \/>\n<script type=\"application\/ld+json\" class=\"yoast-schema-graph\">{\"@context\":\"https:\\\/\\\/schema.org\",\"@graph\":[{\"@type\":\"WebPage\",\"@id\":\"https:\\\/\\\/shop.bantam.ch\\\/de\\\/produkt\\\/salat-schleudersieb-spindola-fuer-die-spuele\\\/\",\"url\":\"https:\\\/\\\/shop.bantam.ch\\\/de\\\/produkt\\\/salat-schleudersieb-spindola-fuer-die-spuele\\\/\",\"name\":\"Salat-Schleudersieb Joseph Joseph Spindola\u2122 f\u00fcr die Sp\u00fcle, Fb. gr\u00fcn \\\/ wei\u00df - Bantam\",\"isPartOf\":{\"@id\":\"https:\\\/\\\/shop.bantam.ch\\\/de\\\/#website\"},\"primaryImageOfPage\":{\"@id\":\"https:\\\/\\\/shop.bantam.ch\\\/de\\\/produkt\\\/salat-schleudersieb-spindola-fuer-die-spuele\\\/#primaryimage\"},\"image\":{\"@id\":\"https:\\\/\\\/shop.bantam.ch\\\/de\\\/produkt\\\/salat-schleudersieb-spindola-fuer-die-spuele\\\/#primaryimage\"},\"thumbnailUrl\":\"https:\\\/\\\/shop.bantam.ch\\\/wp-content\\\/uploads\\\/2023\\\/03\\\/998469511.jpg\",\"datePublished\":\"2023-02-28T23:47:41+00:00\",\"dateModified\":\"2026-05-01T19:49:52+00:00\",\"breadcrumb\":{\"@id\":\"https:\\\/\\\/shop.bantam.ch\\\/de\\\/produkt\\\/salat-schleudersieb-spindola-fuer-die-spuele\\\/#breadcrumb\"},\"inLanguage\":\"de\",\"potentialAction\":[{\"@type\":\"ReadAction\",\"target\":[\"https:\\\/\\\/shop.bantam.ch\\\/de\\\/produkt\\\/salat-schleudersieb-spindola-fuer-die-spuele\\\/\"]}]},{\"@type\":\"ImageObject\",\"inLanguage\":\"de\",\"@id\":\"https:\\\/\\\/shop.bantam.ch\\\/de\\\/produkt\\\/salat-schleudersieb-spindola-fuer-die-spuele\\\/#primaryimage\",\"url\":\"https:\\\/\\\/shop.bantam.ch\\\/wp-content\\\/uploads\\\/2023\\\/03\\\/998469511.jpg\",\"contentUrl\":\"https:\\\/\\\/shop.bantam.ch\\\/wp-content\\\/uploads\\\/2023\\\/03\\\/998469511.jpg\",\"width\":500,\"height\":412},{\"@type\":\"BreadcrumbList\",\"@id\":\"https:\\\/\\\/shop.bantam.ch\\\/de\\\/produkt\\\/salat-schleudersieb-spindola-fuer-die-spuele\\\/#breadcrumb\",\"itemListElement\":[{\"@type\":\"ListItem\",\"position\":1,\"name\":\"Accueil\",\"item\":\"https:\\\/\\\/shop.bantam.ch\\\/de\\\/\"},{\"@type\":\"ListItem\",\"position\":2,\"name\":\"Shop\",\"item\":\"https:\\\/\\\/shop.bantam.ch\\\/de\\\/shop\\\/\"},{\"@type\":\"ListItem\",\"position\":3,\"name\":\"Salat-Schleudersieb Joseph Joseph Spindola\u2122 f\u00fcr die Sp\u00fcle, Fb. gr\u00fcn \\\/ wei\u00df\"}]},{\"@type\":\"WebSite\",\"@id\":\"https:\\\/\\\/shop.bantam.ch\\\/de\\\/#website\",\"url\":\"https:\\\/\\\/shop.bantam.ch\\\/de\\\/\",\"name\":\"Bantam\",\"description\":\"\",\"publisher\":{\"@id\":\"https:\\\/\\\/shop.bantam.ch\\\/de\\\/#organization\"},\"inLanguage\":\"de\"},{\"@type\":\"Organization\",\"@id\":\"https:\\\/\\\/shop.bantam.ch\\\/de\\\/#organization\",\"name\":\"Bantam\",\"url\":\"https:\\\/\\\/shop.bantam.ch\\\/de\\\/\",\"logo\":{\"@type\":\"ImageObject\",\"inLanguage\":\"de\",\"@id\":\"https:\\\/\\\/shop.bantam.ch\\\/de\\\/#\\\/schema\\\/logo\\\/image\\\/\",\"url\":\"https:\\\/\\\/shop.bantam.ch\\\/wp-content\\\/uploads\\\/2022\\\/12\\\/bantam-logo.png\",\"contentUrl\":\"https:\\\/\\\/shop.bantam.ch\\\/wp-content\\\/uploads\\\/2022\\\/12\\\/bantam-logo.png\",\"width\":320,\"height\":71,\"caption\":\"Bantam\"},\"image\":{\"@id\":\"https:\\\/\\\/shop.bantam.ch\\\/de\\\/#\\\/schema\\\/logo\\\/image\\\/\"}}]}<\/script>\n<!-- \/ Yoast SEO plugin. -->","yoast_head_json":{"title":"Salat-Schleudersieb Joseph Joseph Spindola\u2122 f\u00fcr die Sp\u00fcle, Fb. gr\u00fcn \/ wei\u00df - Bantam","robots":{"index":"index","follow":"follow","max-snippet":"max-snippet:-1","max-image-preview":"max-image-preview:large","max-video-preview":"max-video-preview:-1"},"canonical":"https:\/\/shop.bantam.ch\/de\/produkt\/salat-schleudersieb-spindola-fuer-die-spuele\/","og_locale":"de_DE","og_type":"article","og_title":"Salat-Schleudersieb Joseph Joseph Spindola\u2122 f\u00fcr die Sp\u00fcle, Fb. gr\u00fcn \/ wei\u00df - Bantam","og_description":"Dieses innovative Design vereint die Eigenschaften einer Salatschleuder mit denen eines Abtropfsiebs und spart damit wertvollen Stauraum. Befestigen Sie zur Salatzubereitung einfach die Spindel und den Saugnapf am Abtropfsieb, geben Sie den Salat hinein und sp\u00fclen Sie ihn gr\u00fcndlich unter dem Wasserhahn durch. Befestigen Sie das Abtropfsieb dann mit dem Saugnapf in der Sp\u00fcle und [&hellip;]","og_url":"https:\/\/shop.bantam.ch\/de\/produkt\/salat-schleudersieb-spindola-fuer-die-spuele\/","og_site_name":"Bantam","article_modified_time":"2026-05-01T19:49:52+00:00","og_image":[{"width":500,"height":412,"url":"https:\/\/shop.bantam.ch\/wp-content\/uploads\/2023\/03\/998469511.jpg","type":"image\/jpeg"}],"twitter_card":"summary_large_image","twitter_misc":{"Gesch\u00e4tzte Lesezeit":"1\u00a0Minute"},"schema":{"@context":"https:\/\/schema.org","@graph":[{"@type":"WebPage","@id":"https:\/\/shop.bantam.ch\/de\/produkt\/salat-schleudersieb-spindola-fuer-die-spuele\/","url":"https:\/\/shop.bantam.ch\/de\/produkt\/salat-schleudersieb-spindola-fuer-die-spuele\/","name":"Salat-Schleudersieb Joseph Joseph Spindola\u2122 f\u00fcr die Sp\u00fcle, Fb. gr\u00fcn \/ wei\u00df - Bantam","isPartOf":{"@id":"https:\/\/shop.bantam.ch\/de\/#website"},"primaryImageOfPage":{"@id":"https:\/\/shop.bantam.ch\/de\/produkt\/salat-schleudersieb-spindola-fuer-die-spuele\/#primaryimage"},"image":{"@id":"https:\/\/shop.bantam.ch\/de\/produkt\/salat-schleudersieb-spindola-fuer-die-spuele\/#primaryimage"},"thumbnailUrl":"https:\/\/shop.bantam.ch\/wp-content\/uploads\/2023\/03\/998469511.jpg","datePublished":"2023-02-28T23:47:41+00:00","dateModified":"2026-05-01T19:49:52+00:00","breadcrumb":{"@id":"https:\/\/shop.bantam.ch\/de\/produkt\/salat-schleudersieb-spindola-fuer-die-spuele\/#breadcrumb"},"inLanguage":"de","potentialAction":[{"@type":"ReadAction","target":["https:\/\/shop.bantam.ch\/de\/produkt\/salat-schleudersieb-spindola-fuer-die-spuele\/"]}]},{"@type":"ImageObject","inLanguage":"de","@id":"https:\/\/shop.bantam.ch\/de\/produkt\/salat-schleudersieb-spindola-fuer-die-spuele\/#primaryimage","url":"https:\/\/shop.bantam.ch\/wp-content\/uploads\/2023\/03\/998469511.jpg","contentUrl":"https:\/\/shop.bantam.ch\/wp-content\/uploads\/2023\/03\/998469511.jpg","width":500,"height":412},{"@type":"BreadcrumbList","@id":"https:\/\/shop.bantam.ch\/de\/produkt\/salat-schleudersieb-spindola-fuer-die-spuele\/#breadcrumb","itemListElement":[{"@type":"ListItem","position":1,"name":"Accueil","item":"https:\/\/shop.bantam.ch\/de\/"},{"@type":"ListItem","position":2,"name":"Shop","item":"https:\/\/shop.bantam.ch\/de\/shop\/"},{"@type":"ListItem","position":3,"name":"Salat-Schleudersieb Joseph Joseph Spindola\u2122 f\u00fcr die Sp\u00fcle, Fb. gr\u00fcn \/ wei\u00df"}]},{"@type":"WebSite","@id":"https:\/\/shop.bantam.ch\/de\/#website","url":"https:\/\/shop.bantam.ch\/de\/","name":"Bantam","description":"","publisher":{"@id":"https:\/\/shop.bantam.ch\/de\/#organization"},"inLanguage":"de"},{"@type":"Organization","@id":"https:\/\/shop.bantam.ch\/de\/#organization","name":"Bantam","url":"https:\/\/shop.bantam.ch\/de\/","logo":{"@type":"ImageObject","inLanguage":"de","@id":"https:\/\/shop.bantam.ch\/de\/#\/schema\/logo\/image\/","url":"https:\/\/shop.bantam.ch\/wp-content\/uploads\/2022\/12\/bantam-logo.png","contentUrl":"https:\/\/shop.bantam.ch\/wp-content\/uploads\/2022\/12\/bantam-logo.png","width":320,"height":71,"caption":"Bantam"},"image":{"@id":"https:\/\/shop.bantam.ch\/de\/#\/schema\/logo\/image\/"}}]}},"_links":{"self":[{"href":"https:\/\/shop.bantam.ch\/de\/wp-json\/wp\/v2\/product\/124949","targetHints":{"allow":["GET"]}}],"collection":[{"href":"https:\/\/shop.bantam.ch\/de\/wp-json\/wp\/v2\/product"}],"about":[{"href":"https:\/\/shop.bantam.ch\/de\/wp-json\/wp\/v2\/types\/product"}],"wp:featuredmedia":[{"embeddable":true,"href":"https:\/\/shop.bantam.ch\/de\/wp-json\/wp\/v2\/media\/124925"}],"wp:attachment":[{"href":"https:\/\/shop.bantam.ch\/de\/wp-json\/wp\/v2\/media?parent=124949"}],"wp:term":[{"taxonomy":"product_featured_cat","embeddable":true,"href":"https:\/\/shop.bantam.ch\/de\/wp-json\/wp\/v2\/product_featured_cat?post=124949"},{"taxonomy":"product_brand","embeddable":true,"href":"https:\/\/shop.bantam.ch\/de\/wp-json\/wp\/v2\/product_brand?post=124949"},{"taxonomy":"product_cat","embeddable":true,"href":"https:\/\/shop.bantam.ch\/de\/wp-json\/wp\/v2\/product_cat?post=124949"},{"taxonomy":"product_tag","embeddable":true,"href":"https:\/\/shop.bantam.ch\/de\/wp-json\/wp\/v2\/product_tag?post=124949"}],"curies":[{"name":"wp","href":"https:\/\/api.w.org\/{rel}","templated":true}]}}