{"id":124729,"date":"2023-03-01T00:44:42","date_gmt":"2023-02-28T23:44:42","guid":{"rendered":"https:\/\/shop.bantam.ch\/produit\/abfalleimer-collaps-mit-muelltrennung\/"},"modified":"2026-05-05T21:49:21","modified_gmt":"2026-05-05T19:49:21","slug":"abfalleimer-collaps-mit-muelltrennung","status":"publish","type":"product","link":"https:\/\/shop.bantam.ch\/de\/produkt\/abfalleimer-collaps-mit-muelltrennung\/","title":{"rendered":"Abfalleimer Outwell Collaps mit M\u00fclltrennung Farbe shadow green"},"content":{"rendered":"<p>Mit dem Collaps RecycleIt Eimer mit zwei F\u00e4chern und Deckel k\u00f6nnen Sie Ihre Abf\u00e4lle bequem in T\u00fcten sortieren und gleichzeitig Ger\u00fcche und Insekten bek\u00e4mpfen. Nehmen Sie den Deckel und den Rand ab, um ihn als Korb zu verwenden, oder falten Sie ihn zusammen, um Platz zu sparen, wenn er nicht gebraucht wird.<\/p>\n<ul>\n<li>kleines Packma\u00df<\/li>\n<li>einfach zu \u00f6ffnen und zu falten<\/li>\n<li>bruchsicher<\/li>\n<li>Der Rand sorgt f\u00fcr eine sichere Befestigung der Plastikt\u00fcten und h\u00e4lt sie an ihrem Platz<\/li>\n<li>Robuster Tragegriff zum einfachen Transportieren<\/li>\n<li>2 Beh\u00e4lter, Gr\u00f6\u00dfe 33,5 x 20 x 26 cm (B x T x H)<\/li>\n<li>Passend f\u00fcr 30-Liter-Abfallbeutel.<\/li>\n<\/ul>\n","protected":false},"excerpt":{"rendered":"<p>Mit dem Collaps RecycleIt Eimer mit zwei F\u00e4chern und Deckel k\u00f6nnen Sie Ihre Abf\u00e4lle bequem in T\u00fcten sortieren und gleichzeitig Ger\u00fcche und Insekten bek\u00e4mpfen. Nehmen Sie den Deckel und den Rand ab, um ihn als Korb zu verwenden, oder falten Sie ihn zusammen, um Platz zu sparen, wenn er nicht gebraucht wird. kleines Packma\u00df einfach [&hellip;]<\/p>\n","protected":false},"featured_media":124719,"template":"","meta":{"_acf_changed":false},"product_featured_cat":[],"product_brand":[3297],"product_cat":[4288],"product_tag":[],"class_list":{"0":"post-124729","1":"product","2":"type-product","3":"status-publish","4":"has-post-thumbnail","6":"product_brand-outwell-de","7":"product_cat-muellentsorgung","9":"first","10":"instock","11":"taxable","12":"shipping-taxable","13":"purchasable","14":"product-type-simple"},"acf":[],"yoast_head":"<!-- This site is optimized with the Yoast SEO plugin v27.5 - https:\/\/yoast.com\/product\/yoast-seo-wordpress\/ -->\n<title>Abfalleimer Outwell Collaps mit M\u00fclltrennung Farbe shadow green - Bantam<\/title>\n<meta name=\"robots\" content=\"index, follow, max-snippet:-1, max-image-preview:large, max-video-preview:-1\" \/>\n<link rel=\"canonical\" href=\"https:\/\/shop.bantam.ch\/de\/produkt\/abfalleimer-collaps-mit-muelltrennung\/\" \/>\n<meta property=\"og:locale\" content=\"de_DE\" \/>\n<meta property=\"og:type\" content=\"article\" \/>\n<meta property=\"og:title\" content=\"Abfalleimer Outwell Collaps mit M\u00fclltrennung Farbe shadow green - Bantam\" \/>\n<meta property=\"og:description\" content=\"Mit dem Collaps RecycleIt Eimer mit zwei F\u00e4chern und Deckel k\u00f6nnen Sie Ihre Abf\u00e4lle bequem in T\u00fcten sortieren und gleichzeitig Ger\u00fcche und Insekten bek\u00e4mpfen. Nehmen Sie den Deckel und den Rand ab, um ihn als Korb zu verwenden, oder falten Sie ihn zusammen, um Platz zu sparen, wenn er nicht gebraucht wird. kleines Packma\u00df einfach [&hellip;]\" \/>\n<meta property=\"og:url\" content=\"https:\/\/shop.bantam.ch\/de\/produkt\/abfalleimer-collaps-mit-muelltrennung\/\" \/>\n<meta property=\"og:site_name\" content=\"Bantam\" \/>\n<meta property=\"article:modified_time\" content=\"2026-05-05T19:49:21+00:00\" \/>\n<meta property=\"og:image\" content=\"https:\/\/shop.bantam.ch\/wp-content\/uploads\/2023\/03\/998468812-scaled.jpg\" \/>\n\t<meta property=\"og:image:width\" content=\"5562\" \/>\n\t<meta property=\"og:image:height\" content=\"3128\" \/>\n\t<meta property=\"og:image:type\" content=\"image\/jpeg\" \/>\n<meta name=\"twitter:card\" content=\"summary_large_image\" \/>\n<meta name=\"twitter:label1\" content=\"Gesch\u00e4tzte Lesezeit\" \/>\n\t<meta name=\"twitter:data1\" content=\"1\u00a0Minute\" \/>\n<script type=\"application\/ld+json\" class=\"yoast-schema-graph\">{\"@context\":\"https:\\\/\\\/schema.org\",\"@graph\":[{\"@type\":\"WebPage\",\"@id\":\"https:\\\/\\\/shop.bantam.ch\\\/de\\\/produkt\\\/abfalleimer-collaps-mit-muelltrennung\\\/\",\"url\":\"https:\\\/\\\/shop.bantam.ch\\\/de\\\/produkt\\\/abfalleimer-collaps-mit-muelltrennung\\\/\",\"name\":\"Abfalleimer Outwell Collaps mit M\u00fclltrennung Farbe shadow green - Bantam\",\"isPartOf\":{\"@id\":\"https:\\\/\\\/shop.bantam.ch\\\/de\\\/#website\"},\"primaryImageOfPage\":{\"@id\":\"https:\\\/\\\/shop.bantam.ch\\\/de\\\/produkt\\\/abfalleimer-collaps-mit-muelltrennung\\\/#primaryimage\"},\"image\":{\"@id\":\"https:\\\/\\\/shop.bantam.ch\\\/de\\\/produkt\\\/abfalleimer-collaps-mit-muelltrennung\\\/#primaryimage\"},\"thumbnailUrl\":\"https:\\\/\\\/shop.bantam.ch\\\/wp-content\\\/uploads\\\/2023\\\/03\\\/998468812-scaled.jpg\",\"datePublished\":\"2023-02-28T23:44:42+00:00\",\"dateModified\":\"2026-05-05T19:49:21+00:00\",\"breadcrumb\":{\"@id\":\"https:\\\/\\\/shop.bantam.ch\\\/de\\\/produkt\\\/abfalleimer-collaps-mit-muelltrennung\\\/#breadcrumb\"},\"inLanguage\":\"de\",\"potentialAction\":[{\"@type\":\"ReadAction\",\"target\":[\"https:\\\/\\\/shop.bantam.ch\\\/de\\\/produkt\\\/abfalleimer-collaps-mit-muelltrennung\\\/\"]}]},{\"@type\":\"ImageObject\",\"inLanguage\":\"de\",\"@id\":\"https:\\\/\\\/shop.bantam.ch\\\/de\\\/produkt\\\/abfalleimer-collaps-mit-muelltrennung\\\/#primaryimage\",\"url\":\"https:\\\/\\\/shop.bantam.ch\\\/wp-content\\\/uploads\\\/2023\\\/03\\\/998468812-scaled.jpg\",\"contentUrl\":\"https:\\\/\\\/shop.bantam.ch\\\/wp-content\\\/uploads\\\/2023\\\/03\\\/998468812-scaled.jpg\",\"width\":2048,\"height\":1152},{\"@type\":\"BreadcrumbList\",\"@id\":\"https:\\\/\\\/shop.bantam.ch\\\/de\\\/produkt\\\/abfalleimer-collaps-mit-muelltrennung\\\/#breadcrumb\",\"itemListElement\":[{\"@type\":\"ListItem\",\"position\":1,\"name\":\"Accueil\",\"item\":\"https:\\\/\\\/shop.bantam.ch\\\/de\\\/\"},{\"@type\":\"ListItem\",\"position\":2,\"name\":\"Shop\",\"item\":\"https:\\\/\\\/shop.bantam.ch\\\/de\\\/shop\\\/\"},{\"@type\":\"ListItem\",\"position\":3,\"name\":\"Abfalleimer Outwell Collaps mit M\u00fclltrennung Farbe shadow green\"}]},{\"@type\":\"WebSite\",\"@id\":\"https:\\\/\\\/shop.bantam.ch\\\/de\\\/#website\",\"url\":\"https:\\\/\\\/shop.bantam.ch\\\/de\\\/\",\"name\":\"Bantam\",\"description\":\"\",\"publisher\":{\"@id\":\"https:\\\/\\\/shop.bantam.ch\\\/de\\\/#organization\"},\"inLanguage\":\"de\"},{\"@type\":\"Organization\",\"@id\":\"https:\\\/\\\/shop.bantam.ch\\\/de\\\/#organization\",\"name\":\"Bantam\",\"url\":\"https:\\\/\\\/shop.bantam.ch\\\/de\\\/\",\"logo\":{\"@type\":\"ImageObject\",\"inLanguage\":\"de\",\"@id\":\"https:\\\/\\\/shop.bantam.ch\\\/de\\\/#\\\/schema\\\/logo\\\/image\\\/\",\"url\":\"https:\\\/\\\/shop.bantam.ch\\\/wp-content\\\/uploads\\\/2022\\\/12\\\/bantam-logo.png\",\"contentUrl\":\"https:\\\/\\\/shop.bantam.ch\\\/wp-content\\\/uploads\\\/2022\\\/12\\\/bantam-logo.png\",\"width\":320,\"height\":71,\"caption\":\"Bantam\"},\"image\":{\"@id\":\"https:\\\/\\\/shop.bantam.ch\\\/de\\\/#\\\/schema\\\/logo\\\/image\\\/\"}}]}<\/script>\n<!-- \/ Yoast SEO plugin. -->","yoast_head_json":{"title":"Abfalleimer Outwell Collaps mit M\u00fclltrennung Farbe shadow green - Bantam","robots":{"index":"index","follow":"follow","max-snippet":"max-snippet:-1","max-image-preview":"max-image-preview:large","max-video-preview":"max-video-preview:-1"},"canonical":"https:\/\/shop.bantam.ch\/de\/produkt\/abfalleimer-collaps-mit-muelltrennung\/","og_locale":"de_DE","og_type":"article","og_title":"Abfalleimer Outwell Collaps mit M\u00fclltrennung Farbe shadow green - Bantam","og_description":"Mit dem Collaps RecycleIt Eimer mit zwei F\u00e4chern und Deckel k\u00f6nnen Sie Ihre Abf\u00e4lle bequem in T\u00fcten sortieren und gleichzeitig Ger\u00fcche und Insekten bek\u00e4mpfen. Nehmen Sie den Deckel und den Rand ab, um ihn als Korb zu verwenden, oder falten Sie ihn zusammen, um Platz zu sparen, wenn er nicht gebraucht wird. kleines Packma\u00df einfach [&hellip;]","og_url":"https:\/\/shop.bantam.ch\/de\/produkt\/abfalleimer-collaps-mit-muelltrennung\/","og_site_name":"Bantam","article_modified_time":"2026-05-05T19:49:21+00:00","og_image":[{"width":5562,"height":3128,"url":"https:\/\/shop.bantam.ch\/wp-content\/uploads\/2023\/03\/998468812-scaled.jpg","type":"image\/jpeg"}],"twitter_card":"summary_large_image","twitter_misc":{"Gesch\u00e4tzte Lesezeit":"1\u00a0Minute"},"schema":{"@context":"https:\/\/schema.org","@graph":[{"@type":"WebPage","@id":"https:\/\/shop.bantam.ch\/de\/produkt\/abfalleimer-collaps-mit-muelltrennung\/","url":"https:\/\/shop.bantam.ch\/de\/produkt\/abfalleimer-collaps-mit-muelltrennung\/","name":"Abfalleimer Outwell Collaps mit M\u00fclltrennung Farbe shadow green - Bantam","isPartOf":{"@id":"https:\/\/shop.bantam.ch\/de\/#website"},"primaryImageOfPage":{"@id":"https:\/\/shop.bantam.ch\/de\/produkt\/abfalleimer-collaps-mit-muelltrennung\/#primaryimage"},"image":{"@id":"https:\/\/shop.bantam.ch\/de\/produkt\/abfalleimer-collaps-mit-muelltrennung\/#primaryimage"},"thumbnailUrl":"https:\/\/shop.bantam.ch\/wp-content\/uploads\/2023\/03\/998468812-scaled.jpg","datePublished":"2023-02-28T23:44:42+00:00","dateModified":"2026-05-05T19:49:21+00:00","breadcrumb":{"@id":"https:\/\/shop.bantam.ch\/de\/produkt\/abfalleimer-collaps-mit-muelltrennung\/#breadcrumb"},"inLanguage":"de","potentialAction":[{"@type":"ReadAction","target":["https:\/\/shop.bantam.ch\/de\/produkt\/abfalleimer-collaps-mit-muelltrennung\/"]}]},{"@type":"ImageObject","inLanguage":"de","@id":"https:\/\/shop.bantam.ch\/de\/produkt\/abfalleimer-collaps-mit-muelltrennung\/#primaryimage","url":"https:\/\/shop.bantam.ch\/wp-content\/uploads\/2023\/03\/998468812-scaled.jpg","contentUrl":"https:\/\/shop.bantam.ch\/wp-content\/uploads\/2023\/03\/998468812-scaled.jpg","width":2048,"height":1152},{"@type":"BreadcrumbList","@id":"https:\/\/shop.bantam.ch\/de\/produkt\/abfalleimer-collaps-mit-muelltrennung\/#breadcrumb","itemListElement":[{"@type":"ListItem","position":1,"name":"Accueil","item":"https:\/\/shop.bantam.ch\/de\/"},{"@type":"ListItem","position":2,"name":"Shop","item":"https:\/\/shop.bantam.ch\/de\/shop\/"},{"@type":"ListItem","position":3,"name":"Abfalleimer Outwell Collaps mit M\u00fclltrennung Farbe shadow green"}]},{"@type":"WebSite","@id":"https:\/\/shop.bantam.ch\/de\/#website","url":"https:\/\/shop.bantam.ch\/de\/","name":"Bantam","description":"","publisher":{"@id":"https:\/\/shop.bantam.ch\/de\/#organization"},"inLanguage":"de"},{"@type":"Organization","@id":"https:\/\/shop.bantam.ch\/de\/#organization","name":"Bantam","url":"https:\/\/shop.bantam.ch\/de\/","logo":{"@type":"ImageObject","inLanguage":"de","@id":"https:\/\/shop.bantam.ch\/de\/#\/schema\/logo\/image\/","url":"https:\/\/shop.bantam.ch\/wp-content\/uploads\/2022\/12\/bantam-logo.png","contentUrl":"https:\/\/shop.bantam.ch\/wp-content\/uploads\/2022\/12\/bantam-logo.png","width":320,"height":71,"caption":"Bantam"},"image":{"@id":"https:\/\/shop.bantam.ch\/de\/#\/schema\/logo\/image\/"}}]}},"_links":{"self":[{"href":"https:\/\/shop.bantam.ch\/de\/wp-json\/wp\/v2\/product\/124729","targetHints":{"allow":["GET"]}}],"collection":[{"href":"https:\/\/shop.bantam.ch\/de\/wp-json\/wp\/v2\/product"}],"about":[{"href":"https:\/\/shop.bantam.ch\/de\/wp-json\/wp\/v2\/types\/product"}],"wp:featuredmedia":[{"embeddable":true,"href":"https:\/\/shop.bantam.ch\/de\/wp-json\/wp\/v2\/media\/124719"}],"wp:attachment":[{"href":"https:\/\/shop.bantam.ch\/de\/wp-json\/wp\/v2\/media?parent=124729"}],"wp:term":[{"taxonomy":"product_featured_cat","embeddable":true,"href":"https:\/\/shop.bantam.ch\/de\/wp-json\/wp\/v2\/product_featured_cat?post=124729"},{"taxonomy":"product_brand","embeddable":true,"href":"https:\/\/shop.bantam.ch\/de\/wp-json\/wp\/v2\/product_brand?post=124729"},{"taxonomy":"product_cat","embeddable":true,"href":"https:\/\/shop.bantam.ch\/de\/wp-json\/wp\/v2\/product_cat?post=124729"},{"taxonomy":"product_tag","embeddable":true,"href":"https:\/\/shop.bantam.ch\/de\/wp-json\/wp\/v2\/product_tag?post=124729"}],"curies":[{"name":"wp","href":"https:\/\/api.w.org\/{rel}","templated":true}]}}