{"id":124707,"date":"2023-03-01T00:44:30","date_gmt":"2023-02-28T23:44:30","guid":{"rendered":"https:\/\/shop.bantam.ch\/produit\/luftbett-classic-single-mit-kissen-und-pumpe-farbe-black-and-grey\/"},"modified":"2026-04-20T21:52:32","modified_gmt":"2026-04-20T19:52:32","slug":"luftbett-classic-single-mit-kissen-und-pumpe-farbe-black-and-grey","status":"publish","type":"product","link":"https:\/\/shop.bantam.ch\/de\/produkt\/luftbett-classic-single-mit-kissen-und-pumpe-farbe-black-and-grey\/","title":{"rendered":"Luftbett Outwell Classic Single mit Kissen und Pumpe Farbe black and grey"},"content":{"rendered":"<p>In das Vorzeigemodell aus der Produktreihe Flock Classic ist nicht nur eine Fu\u00dfpumpe integriert sondern auch ein erh\u00f6hter Kissenbereich, der sich \u00fcber die gesamte Breite des Kopfendes erstreckt. Dieses praktische Luftbett aus hochwertigem, strapazierf\u00e4higem PVC mit weicher Velours-Liegefl\u00e4che bietet maximalen Komfort und garantiert erholsamen Schlaf. Doppelventil, das leicht zu bedienen ist.<\/p>\n<p>Material:<br \/>100 % PVC<\/p>\n","protected":false},"excerpt":{"rendered":"<p>In das Vorzeigemodell aus der Produktreihe Flock Classic ist nicht nur eine Fu\u00dfpumpe integriert sondern auch ein erh\u00f6hter Kissenbereich, der sich \u00fcber die gesamte Breite des Kopfendes erstreckt. Dieses praktische Luftbett aus hochwertigem, strapazierf\u00e4higem PVC mit weicher Velours-Liegefl\u00e4che bietet maximalen Komfort und garantiert erholsamen Schlaf. Doppelventil, das leicht zu bedienen ist. Material:100 % PVC<\/p>\n","protected":false},"featured_media":124697,"template":"","meta":{"_acf_changed":false},"product_featured_cat":[],"product_brand":[3297],"product_cat":[4354],"product_tag":[],"class_list":{"0":"post-124707","1":"product","2":"type-product","3":"status-publish","4":"has-post-thumbnail","6":"product_brand-outwell-de","7":"product_cat-luftbetten-matratzen","9":"first","10":"instock","11":"taxable","12":"shipping-taxable","13":"purchasable","14":"product-type-simple"},"acf":[],"yoast_head":"<!-- This site is optimized with the Yoast SEO plugin v27.4 - https:\/\/yoast.com\/product\/yoast-seo-wordpress\/ -->\n<title>Luftbett Outwell Classic Single mit Kissen und Pumpe Farbe black and grey - Bantam Camping AG<\/title>\n<meta name=\"robots\" content=\"index, follow, max-snippet:-1, max-image-preview:large, max-video-preview:-1\" \/>\n<link rel=\"canonical\" href=\"https:\/\/shop.bantam.ch\/de\/produkt\/luftbett-classic-single-mit-kissen-und-pumpe-farbe-black-and-grey\/\" \/>\n<meta property=\"og:locale\" content=\"de_DE\" \/>\n<meta property=\"og:type\" content=\"article\" \/>\n<meta property=\"og:title\" content=\"Luftbett Outwell Classic Single mit Kissen und Pumpe Farbe black and grey - Bantam Camping AG\" \/>\n<meta property=\"og:description\" content=\"In das Vorzeigemodell aus der Produktreihe Flock Classic ist nicht nur eine Fu\u00dfpumpe integriert sondern auch ein erh\u00f6hter Kissenbereich, der sich \u00fcber die gesamte Breite des Kopfendes erstreckt. Dieses praktische Luftbett aus hochwertigem, strapazierf\u00e4higem PVC mit weicher Velours-Liegefl\u00e4che bietet maximalen Komfort und garantiert erholsamen Schlaf. Doppelventil, das leicht zu bedienen ist. Material:100 % PVC\" \/>\n<meta property=\"og:url\" content=\"https:\/\/shop.bantam.ch\/de\/produkt\/luftbett-classic-single-mit-kissen-und-pumpe-farbe-black-and-grey\/\" \/>\n<meta property=\"og:site_name\" content=\"Bantam Camping AG\" \/>\n<meta property=\"article:modified_time\" content=\"2026-04-20T19:52:32+00:00\" \/>\n<meta property=\"og:image\" content=\"https:\/\/shop.bantam.ch\/wp-content\/uploads\/2023\/03\/996157811.jpg\" \/>\n\t<meta property=\"og:image:width\" content=\"976\" \/>\n\t<meta property=\"og:image:height\" content=\"1000\" \/>\n\t<meta property=\"og:image:type\" content=\"image\/jpeg\" \/>\n<meta name=\"twitter:card\" content=\"summary_large_image\" \/>\n<script type=\"application\/ld+json\" class=\"yoast-schema-graph\">{\"@context\":\"https:\\\/\\\/schema.org\",\"@graph\":[{\"@type\":\"WebPage\",\"@id\":\"https:\\\/\\\/shop.bantam.ch\\\/de\\\/produkt\\\/luftbett-classic-single-mit-kissen-und-pumpe-farbe-black-and-grey\\\/\",\"url\":\"https:\\\/\\\/shop.bantam.ch\\\/de\\\/produkt\\\/luftbett-classic-single-mit-kissen-und-pumpe-farbe-black-and-grey\\\/\",\"name\":\"Luftbett Outwell Classic Single mit Kissen und Pumpe Farbe black and grey - Bantam Camping AG\",\"isPartOf\":{\"@id\":\"https:\\\/\\\/shop.bantam.ch\\\/de\\\/#website\"},\"primaryImageOfPage\":{\"@id\":\"https:\\\/\\\/shop.bantam.ch\\\/de\\\/produkt\\\/luftbett-classic-single-mit-kissen-und-pumpe-farbe-black-and-grey\\\/#primaryimage\"},\"image\":{\"@id\":\"https:\\\/\\\/shop.bantam.ch\\\/de\\\/produkt\\\/luftbett-classic-single-mit-kissen-und-pumpe-farbe-black-and-grey\\\/#primaryimage\"},\"thumbnailUrl\":\"https:\\\/\\\/shop.bantam.ch\\\/wp-content\\\/uploads\\\/2023\\\/03\\\/996157811.jpg\",\"datePublished\":\"2023-02-28T23:44:30+00:00\",\"dateModified\":\"2026-04-20T19:52:32+00:00\",\"breadcrumb\":{\"@id\":\"https:\\\/\\\/shop.bantam.ch\\\/de\\\/produkt\\\/luftbett-classic-single-mit-kissen-und-pumpe-farbe-black-and-grey\\\/#breadcrumb\"},\"inLanguage\":\"de\",\"potentialAction\":[{\"@type\":\"ReadAction\",\"target\":[\"https:\\\/\\\/shop.bantam.ch\\\/de\\\/produkt\\\/luftbett-classic-single-mit-kissen-und-pumpe-farbe-black-and-grey\\\/\"]}]},{\"@type\":\"ImageObject\",\"inLanguage\":\"de\",\"@id\":\"https:\\\/\\\/shop.bantam.ch\\\/de\\\/produkt\\\/luftbett-classic-single-mit-kissen-und-pumpe-farbe-black-and-grey\\\/#primaryimage\",\"url\":\"https:\\\/\\\/shop.bantam.ch\\\/wp-content\\\/uploads\\\/2023\\\/03\\\/996157811.jpg\",\"contentUrl\":\"https:\\\/\\\/shop.bantam.ch\\\/wp-content\\\/uploads\\\/2023\\\/03\\\/996157811.jpg\",\"width\":976,\"height\":1000},{\"@type\":\"BreadcrumbList\",\"@id\":\"https:\\\/\\\/shop.bantam.ch\\\/de\\\/produkt\\\/luftbett-classic-single-mit-kissen-und-pumpe-farbe-black-and-grey\\\/#breadcrumb\",\"itemListElement\":[{\"@type\":\"ListItem\",\"position\":1,\"name\":\"Accueil\",\"item\":\"https:\\\/\\\/shop.bantam.ch\\\/de\\\/\"},{\"@type\":\"ListItem\",\"position\":2,\"name\":\"Shop\",\"item\":\"https:\\\/\\\/shop.bantam.ch\\\/de\\\/shop\\\/\"},{\"@type\":\"ListItem\",\"position\":3,\"name\":\"Luftbett Outwell Classic Single mit Kissen und Pumpe Farbe black and grey\"}]},{\"@type\":\"WebSite\",\"@id\":\"https:\\\/\\\/shop.bantam.ch\\\/de\\\/#website\",\"url\":\"https:\\\/\\\/shop.bantam.ch\\\/de\\\/\",\"name\":\"Bantam Camping AG\",\"description\":\"\",\"publisher\":{\"@id\":\"https:\\\/\\\/shop.bantam.ch\\\/de\\\/#organization\"},\"inLanguage\":\"de\"},{\"@type\":\"Organization\",\"@id\":\"https:\\\/\\\/shop.bantam.ch\\\/de\\\/#organization\",\"name\":\"Bantam Camping AG\",\"url\":\"https:\\\/\\\/shop.bantam.ch\\\/de\\\/\",\"logo\":{\"@type\":\"ImageObject\",\"inLanguage\":\"de\",\"@id\":\"https:\\\/\\\/shop.bantam.ch\\\/de\\\/#\\\/schema\\\/logo\\\/image\\\/\",\"url\":\"https:\\\/\\\/shop.bantam.ch\\\/wp-content\\\/uploads\\\/2022\\\/12\\\/bantam-logo.png\",\"contentUrl\":\"https:\\\/\\\/shop.bantam.ch\\\/wp-content\\\/uploads\\\/2022\\\/12\\\/bantam-logo.png\",\"width\":320,\"height\":71,\"caption\":\"Bantam Camping AG\"},\"image\":{\"@id\":\"https:\\\/\\\/shop.bantam.ch\\\/de\\\/#\\\/schema\\\/logo\\\/image\\\/\"}}]}<\/script>\n<!-- \/ Yoast SEO plugin. -->","yoast_head_json":{"title":"Luftbett Outwell Classic Single mit Kissen und Pumpe Farbe black and grey - Bantam Camping AG","robots":{"index":"index","follow":"follow","max-snippet":"max-snippet:-1","max-image-preview":"max-image-preview:large","max-video-preview":"max-video-preview:-1"},"canonical":"https:\/\/shop.bantam.ch\/de\/produkt\/luftbett-classic-single-mit-kissen-und-pumpe-farbe-black-and-grey\/","og_locale":"de_DE","og_type":"article","og_title":"Luftbett Outwell Classic Single mit Kissen und Pumpe Farbe black and grey - Bantam Camping AG","og_description":"In das Vorzeigemodell aus der Produktreihe Flock Classic ist nicht nur eine Fu\u00dfpumpe integriert sondern auch ein erh\u00f6hter Kissenbereich, der sich \u00fcber die gesamte Breite des Kopfendes erstreckt. Dieses praktische Luftbett aus hochwertigem, strapazierf\u00e4higem PVC mit weicher Velours-Liegefl\u00e4che bietet maximalen Komfort und garantiert erholsamen Schlaf. Doppelventil, das leicht zu bedienen ist. Material:100 % PVC","og_url":"https:\/\/shop.bantam.ch\/de\/produkt\/luftbett-classic-single-mit-kissen-und-pumpe-farbe-black-and-grey\/","og_site_name":"Bantam Camping AG","article_modified_time":"2026-04-20T19:52:32+00:00","og_image":[{"width":976,"height":1000,"url":"https:\/\/shop.bantam.ch\/wp-content\/uploads\/2023\/03\/996157811.jpg","type":"image\/jpeg"}],"twitter_card":"summary_large_image","schema":{"@context":"https:\/\/schema.org","@graph":[{"@type":"WebPage","@id":"https:\/\/shop.bantam.ch\/de\/produkt\/luftbett-classic-single-mit-kissen-und-pumpe-farbe-black-and-grey\/","url":"https:\/\/shop.bantam.ch\/de\/produkt\/luftbett-classic-single-mit-kissen-und-pumpe-farbe-black-and-grey\/","name":"Luftbett Outwell Classic Single mit Kissen und Pumpe Farbe black and grey - Bantam Camping AG","isPartOf":{"@id":"https:\/\/shop.bantam.ch\/de\/#website"},"primaryImageOfPage":{"@id":"https:\/\/shop.bantam.ch\/de\/produkt\/luftbett-classic-single-mit-kissen-und-pumpe-farbe-black-and-grey\/#primaryimage"},"image":{"@id":"https:\/\/shop.bantam.ch\/de\/produkt\/luftbett-classic-single-mit-kissen-und-pumpe-farbe-black-and-grey\/#primaryimage"},"thumbnailUrl":"https:\/\/shop.bantam.ch\/wp-content\/uploads\/2023\/03\/996157811.jpg","datePublished":"2023-02-28T23:44:30+00:00","dateModified":"2026-04-20T19:52:32+00:00","breadcrumb":{"@id":"https:\/\/shop.bantam.ch\/de\/produkt\/luftbett-classic-single-mit-kissen-und-pumpe-farbe-black-and-grey\/#breadcrumb"},"inLanguage":"de","potentialAction":[{"@type":"ReadAction","target":["https:\/\/shop.bantam.ch\/de\/produkt\/luftbett-classic-single-mit-kissen-und-pumpe-farbe-black-and-grey\/"]}]},{"@type":"ImageObject","inLanguage":"de","@id":"https:\/\/shop.bantam.ch\/de\/produkt\/luftbett-classic-single-mit-kissen-und-pumpe-farbe-black-and-grey\/#primaryimage","url":"https:\/\/shop.bantam.ch\/wp-content\/uploads\/2023\/03\/996157811.jpg","contentUrl":"https:\/\/shop.bantam.ch\/wp-content\/uploads\/2023\/03\/996157811.jpg","width":976,"height":1000},{"@type":"BreadcrumbList","@id":"https:\/\/shop.bantam.ch\/de\/produkt\/luftbett-classic-single-mit-kissen-und-pumpe-farbe-black-and-grey\/#breadcrumb","itemListElement":[{"@type":"ListItem","position":1,"name":"Accueil","item":"https:\/\/shop.bantam.ch\/de\/"},{"@type":"ListItem","position":2,"name":"Shop","item":"https:\/\/shop.bantam.ch\/de\/shop\/"},{"@type":"ListItem","position":3,"name":"Luftbett Outwell Classic Single mit Kissen und Pumpe Farbe black and grey"}]},{"@type":"WebSite","@id":"https:\/\/shop.bantam.ch\/de\/#website","url":"https:\/\/shop.bantam.ch\/de\/","name":"Bantam Camping AG","description":"","publisher":{"@id":"https:\/\/shop.bantam.ch\/de\/#organization"},"inLanguage":"de"},{"@type":"Organization","@id":"https:\/\/shop.bantam.ch\/de\/#organization","name":"Bantam Camping AG","url":"https:\/\/shop.bantam.ch\/de\/","logo":{"@type":"ImageObject","inLanguage":"de","@id":"https:\/\/shop.bantam.ch\/de\/#\/schema\/logo\/image\/","url":"https:\/\/shop.bantam.ch\/wp-content\/uploads\/2022\/12\/bantam-logo.png","contentUrl":"https:\/\/shop.bantam.ch\/wp-content\/uploads\/2022\/12\/bantam-logo.png","width":320,"height":71,"caption":"Bantam Camping AG"},"image":{"@id":"https:\/\/shop.bantam.ch\/de\/#\/schema\/logo\/image\/"}}]}},"_links":{"self":[{"href":"https:\/\/shop.bantam.ch\/de\/wp-json\/wp\/v2\/product\/124707","targetHints":{"allow":["GET"]}}],"collection":[{"href":"https:\/\/shop.bantam.ch\/de\/wp-json\/wp\/v2\/product"}],"about":[{"href":"https:\/\/shop.bantam.ch\/de\/wp-json\/wp\/v2\/types\/product"}],"wp:featuredmedia":[{"embeddable":true,"href":"https:\/\/shop.bantam.ch\/de\/wp-json\/wp\/v2\/media\/124697"}],"wp:attachment":[{"href":"https:\/\/shop.bantam.ch\/de\/wp-json\/wp\/v2\/media?parent=124707"}],"wp:term":[{"taxonomy":"product_featured_cat","embeddable":true,"href":"https:\/\/shop.bantam.ch\/de\/wp-json\/wp\/v2\/product_featured_cat?post=124707"},{"taxonomy":"product_brand","embeddable":true,"href":"https:\/\/shop.bantam.ch\/de\/wp-json\/wp\/v2\/product_brand?post=124707"},{"taxonomy":"product_cat","embeddable":true,"href":"https:\/\/shop.bantam.ch\/de\/wp-json\/wp\/v2\/product_cat?post=124707"},{"taxonomy":"product_tag","embeddable":true,"href":"https:\/\/shop.bantam.ch\/de\/wp-json\/wp\/v2\/product_tag?post=124707"}],"curies":[{"name":"wp","href":"https:\/\/api.w.org\/{rel}","templated":true}]}}