{"id":124622,"date":"2023-03-01T00:43:26","date_gmt":"2023-02-28T23:43:26","guid":{"rendered":"https:\/\/shop.bantam.ch\/produit\/waschbecken-collaps-mit-griff-und-deckel\/"},"modified":"2026-04-18T23:44:11","modified_gmt":"2026-04-18T21:44:11","slug":"waschbecken-collaps-mit-griff-und-deckel","status":"publish","type":"product","link":"https:\/\/shop.bantam.ch\/de\/produkt\/waschbecken-collaps-mit-griff-und-deckel\/","title":{"rendered":"Waschbecken Collaps mit Griff und Deckel"},"content":{"rendered":"<p>Das Collaps Waschbecken mit Griff und Deckel l\u00e4sst sich nach Gebrauch vollst\u00e4ndig zusammenfalten und ist die ideale L\u00f6sung f\u00fcrs Geschirrsp\u00fclen. Das Waschbecken ist mit einem Abfluss samt herausnehmbaren St\u00f6psel sowie mit einem Deckel ausgestattet, der auch als Trennwand im Becken benutzt werden kann.<\/p>\n<ul>\n<li>kleines Packma\u00df<\/li>\n<li>einfach zu \u00f6ffnen und zu falten<\/li>\n<li>bruchsicher<\/li>\n<li>Tellerhalter<\/li>\n<\/ul>\n<p>\u00a0<\/p>\n<p>\u00a0<\/p>\n","protected":false},"excerpt":{"rendered":"<p>Das Collaps Waschbecken mit Griff und Deckel l\u00e4sst sich nach Gebrauch vollst\u00e4ndig zusammenfalten und ist die ideale L\u00f6sung f\u00fcrs Geschirrsp\u00fclen. Das Waschbecken ist mit einem Abfluss samt herausnehmbaren St\u00f6psel sowie mit einem Deckel ausgestattet, der auch als Trennwand im Becken benutzt werden kann. kleines Packma\u00df einfach zu \u00f6ffnen und zu falten bruchsicher Tellerhalter \u00a0 \u00a0<\/p>\n","protected":false},"featured_media":124615,"template":"","meta":{"_acf_changed":false},"product_featured_cat":[],"product_brand":[3297],"product_cat":[4290],"product_tag":[],"class_list":{"0":"post-124622","1":"product","2":"type-product","3":"status-publish","4":"has-post-thumbnail","6":"product_brand-outwell-de","7":"product_cat-spuelen-putzen","9":"first","10":"instock","11":"taxable","12":"shipping-taxable","13":"purchasable","14":"product-type-variable"},"acf":[],"yoast_head":"<!-- This site is optimized with the Yoast SEO plugin v27.4 - https:\/\/yoast.com\/product\/yoast-seo-wordpress\/ -->\n<title>Waschbecken Collaps mit Griff und Deckel - Bantam Camping AG<\/title>\n<meta name=\"robots\" content=\"index, follow, max-snippet:-1, max-image-preview:large, max-video-preview:-1\" \/>\n<link rel=\"canonical\" href=\"https:\/\/shop.bantam.ch\/de\/produkt\/waschbecken-collaps-mit-griff-und-deckel\/\" \/>\n<meta property=\"og:locale\" content=\"de_DE\" \/>\n<meta property=\"og:type\" content=\"article\" \/>\n<meta property=\"og:title\" content=\"Waschbecken Collaps mit Griff und Deckel - Bantam Camping AG\" \/>\n<meta property=\"og:description\" content=\"Das Collaps Waschbecken mit Griff und Deckel l\u00e4sst sich nach Gebrauch vollst\u00e4ndig zusammenfalten und ist die ideale L\u00f6sung f\u00fcrs Geschirrsp\u00fclen. Das Waschbecken ist mit einem Abfluss samt herausnehmbaren St\u00f6psel sowie mit einem Deckel ausgestattet, der auch als Trennwand im Becken benutzt werden kann. kleines Packma\u00df einfach zu \u00f6ffnen und zu falten bruchsicher Tellerhalter \u00a0 \u00a0\" \/>\n<meta property=\"og:url\" content=\"https:\/\/shop.bantam.ch\/de\/produkt\/waschbecken-collaps-mit-griff-und-deckel\/\" \/>\n<meta property=\"og:site_name\" content=\"Bantam Camping AG\" \/>\n<meta property=\"article:modified_time\" content=\"2026-04-18T21:44:11+00:00\" \/>\n<meta property=\"og:image\" content=\"https:\/\/shop.bantam.ch\/wp-content\/uploads\/2023\/03\/998468111ehQKw6oLeJaGA-scaled.jpg\" \/>\n\t<meta property=\"og:image:width\" content=\"6087\" \/>\n\t<meta property=\"og:image:height\" content=\"3424\" \/>\n\t<meta property=\"og:image:type\" content=\"image\/jpeg\" \/>\n<meta name=\"twitter:card\" content=\"summary_large_image\" \/>\n<script type=\"application\/ld+json\" class=\"yoast-schema-graph\">{\"@context\":\"https:\\\/\\\/schema.org\",\"@graph\":[{\"@type\":\"WebPage\",\"@id\":\"https:\\\/\\\/shop.bantam.ch\\\/de\\\/produkt\\\/waschbecken-collaps-mit-griff-und-deckel\\\/\",\"url\":\"https:\\\/\\\/shop.bantam.ch\\\/de\\\/produkt\\\/waschbecken-collaps-mit-griff-und-deckel\\\/\",\"name\":\"Waschbecken Collaps mit Griff und Deckel - Bantam Camping AG\",\"isPartOf\":{\"@id\":\"https:\\\/\\\/shop.bantam.ch\\\/de\\\/#website\"},\"primaryImageOfPage\":{\"@id\":\"https:\\\/\\\/shop.bantam.ch\\\/de\\\/produkt\\\/waschbecken-collaps-mit-griff-und-deckel\\\/#primaryimage\"},\"image\":{\"@id\":\"https:\\\/\\\/shop.bantam.ch\\\/de\\\/produkt\\\/waschbecken-collaps-mit-griff-und-deckel\\\/#primaryimage\"},\"thumbnailUrl\":\"https:\\\/\\\/shop.bantam.ch\\\/wp-content\\\/uploads\\\/2023\\\/03\\\/998468111ehQKw6oLeJaGA-scaled.jpg\",\"datePublished\":\"2023-02-28T23:43:26+00:00\",\"dateModified\":\"2026-04-18T21:44:11+00:00\",\"breadcrumb\":{\"@id\":\"https:\\\/\\\/shop.bantam.ch\\\/de\\\/produkt\\\/waschbecken-collaps-mit-griff-und-deckel\\\/#breadcrumb\"},\"inLanguage\":\"de\",\"potentialAction\":[{\"@type\":\"ReadAction\",\"target\":[\"https:\\\/\\\/shop.bantam.ch\\\/de\\\/produkt\\\/waschbecken-collaps-mit-griff-und-deckel\\\/\"]}]},{\"@type\":\"ImageObject\",\"inLanguage\":\"de\",\"@id\":\"https:\\\/\\\/shop.bantam.ch\\\/de\\\/produkt\\\/waschbecken-collaps-mit-griff-und-deckel\\\/#primaryimage\",\"url\":\"https:\\\/\\\/shop.bantam.ch\\\/wp-content\\\/uploads\\\/2023\\\/03\\\/998468111ehQKw6oLeJaGA-scaled.jpg\",\"contentUrl\":\"https:\\\/\\\/shop.bantam.ch\\\/wp-content\\\/uploads\\\/2023\\\/03\\\/998468111ehQKw6oLeJaGA-scaled.jpg\",\"width\":2048,\"height\":1152},{\"@type\":\"BreadcrumbList\",\"@id\":\"https:\\\/\\\/shop.bantam.ch\\\/de\\\/produkt\\\/waschbecken-collaps-mit-griff-und-deckel\\\/#breadcrumb\",\"itemListElement\":[{\"@type\":\"ListItem\",\"position\":1,\"name\":\"Accueil\",\"item\":\"https:\\\/\\\/shop.bantam.ch\\\/de\\\/\"},{\"@type\":\"ListItem\",\"position\":2,\"name\":\"Shop\",\"item\":\"https:\\\/\\\/shop.bantam.ch\\\/de\\\/shop\\\/\"},{\"@type\":\"ListItem\",\"position\":3,\"name\":\"Waschbecken Collaps mit Griff und Deckel\"}]},{\"@type\":\"WebSite\",\"@id\":\"https:\\\/\\\/shop.bantam.ch\\\/de\\\/#website\",\"url\":\"https:\\\/\\\/shop.bantam.ch\\\/de\\\/\",\"name\":\"Bantam Camping AG\",\"description\":\"\",\"publisher\":{\"@id\":\"https:\\\/\\\/shop.bantam.ch\\\/de\\\/#organization\"},\"inLanguage\":\"de\"},{\"@type\":\"Organization\",\"@id\":\"https:\\\/\\\/shop.bantam.ch\\\/de\\\/#organization\",\"name\":\"Bantam Camping AG\",\"url\":\"https:\\\/\\\/shop.bantam.ch\\\/de\\\/\",\"logo\":{\"@type\":\"ImageObject\",\"inLanguage\":\"de\",\"@id\":\"https:\\\/\\\/shop.bantam.ch\\\/de\\\/#\\\/schema\\\/logo\\\/image\\\/\",\"url\":\"https:\\\/\\\/shop.bantam.ch\\\/wp-content\\\/uploads\\\/2022\\\/12\\\/bantam-logo.png\",\"contentUrl\":\"https:\\\/\\\/shop.bantam.ch\\\/wp-content\\\/uploads\\\/2022\\\/12\\\/bantam-logo.png\",\"width\":320,\"height\":71,\"caption\":\"Bantam Camping AG\"},\"image\":{\"@id\":\"https:\\\/\\\/shop.bantam.ch\\\/de\\\/#\\\/schema\\\/logo\\\/image\\\/\"}}]}<\/script>\n<!-- \/ Yoast SEO plugin. -->","yoast_head_json":{"title":"Waschbecken Collaps mit Griff und Deckel - Bantam Camping AG","robots":{"index":"index","follow":"follow","max-snippet":"max-snippet:-1","max-image-preview":"max-image-preview:large","max-video-preview":"max-video-preview:-1"},"canonical":"https:\/\/shop.bantam.ch\/de\/produkt\/waschbecken-collaps-mit-griff-und-deckel\/","og_locale":"de_DE","og_type":"article","og_title":"Waschbecken Collaps mit Griff und Deckel - Bantam Camping AG","og_description":"Das Collaps Waschbecken mit Griff und Deckel l\u00e4sst sich nach Gebrauch vollst\u00e4ndig zusammenfalten und ist die ideale L\u00f6sung f\u00fcrs Geschirrsp\u00fclen. Das Waschbecken ist mit einem Abfluss samt herausnehmbaren St\u00f6psel sowie mit einem Deckel ausgestattet, der auch als Trennwand im Becken benutzt werden kann. kleines Packma\u00df einfach zu \u00f6ffnen und zu falten bruchsicher Tellerhalter \u00a0 \u00a0","og_url":"https:\/\/shop.bantam.ch\/de\/produkt\/waschbecken-collaps-mit-griff-und-deckel\/","og_site_name":"Bantam Camping AG","article_modified_time":"2026-04-18T21:44:11+00:00","og_image":[{"width":6087,"height":3424,"url":"https:\/\/shop.bantam.ch\/wp-content\/uploads\/2023\/03\/998468111ehQKw6oLeJaGA-scaled.jpg","type":"image\/jpeg"}],"twitter_card":"summary_large_image","schema":{"@context":"https:\/\/schema.org","@graph":[{"@type":"WebPage","@id":"https:\/\/shop.bantam.ch\/de\/produkt\/waschbecken-collaps-mit-griff-und-deckel\/","url":"https:\/\/shop.bantam.ch\/de\/produkt\/waschbecken-collaps-mit-griff-und-deckel\/","name":"Waschbecken Collaps mit Griff und Deckel - Bantam Camping AG","isPartOf":{"@id":"https:\/\/shop.bantam.ch\/de\/#website"},"primaryImageOfPage":{"@id":"https:\/\/shop.bantam.ch\/de\/produkt\/waschbecken-collaps-mit-griff-und-deckel\/#primaryimage"},"image":{"@id":"https:\/\/shop.bantam.ch\/de\/produkt\/waschbecken-collaps-mit-griff-und-deckel\/#primaryimage"},"thumbnailUrl":"https:\/\/shop.bantam.ch\/wp-content\/uploads\/2023\/03\/998468111ehQKw6oLeJaGA-scaled.jpg","datePublished":"2023-02-28T23:43:26+00:00","dateModified":"2026-04-18T21:44:11+00:00","breadcrumb":{"@id":"https:\/\/shop.bantam.ch\/de\/produkt\/waschbecken-collaps-mit-griff-und-deckel\/#breadcrumb"},"inLanguage":"de","potentialAction":[{"@type":"ReadAction","target":["https:\/\/shop.bantam.ch\/de\/produkt\/waschbecken-collaps-mit-griff-und-deckel\/"]}]},{"@type":"ImageObject","inLanguage":"de","@id":"https:\/\/shop.bantam.ch\/de\/produkt\/waschbecken-collaps-mit-griff-und-deckel\/#primaryimage","url":"https:\/\/shop.bantam.ch\/wp-content\/uploads\/2023\/03\/998468111ehQKw6oLeJaGA-scaled.jpg","contentUrl":"https:\/\/shop.bantam.ch\/wp-content\/uploads\/2023\/03\/998468111ehQKw6oLeJaGA-scaled.jpg","width":2048,"height":1152},{"@type":"BreadcrumbList","@id":"https:\/\/shop.bantam.ch\/de\/produkt\/waschbecken-collaps-mit-griff-und-deckel\/#breadcrumb","itemListElement":[{"@type":"ListItem","position":1,"name":"Accueil","item":"https:\/\/shop.bantam.ch\/de\/"},{"@type":"ListItem","position":2,"name":"Shop","item":"https:\/\/shop.bantam.ch\/de\/shop\/"},{"@type":"ListItem","position":3,"name":"Waschbecken Collaps mit Griff und Deckel"}]},{"@type":"WebSite","@id":"https:\/\/shop.bantam.ch\/de\/#website","url":"https:\/\/shop.bantam.ch\/de\/","name":"Bantam Camping AG","description":"","publisher":{"@id":"https:\/\/shop.bantam.ch\/de\/#organization"},"inLanguage":"de"},{"@type":"Organization","@id":"https:\/\/shop.bantam.ch\/de\/#organization","name":"Bantam Camping AG","url":"https:\/\/shop.bantam.ch\/de\/","logo":{"@type":"ImageObject","inLanguage":"de","@id":"https:\/\/shop.bantam.ch\/de\/#\/schema\/logo\/image\/","url":"https:\/\/shop.bantam.ch\/wp-content\/uploads\/2022\/12\/bantam-logo.png","contentUrl":"https:\/\/shop.bantam.ch\/wp-content\/uploads\/2022\/12\/bantam-logo.png","width":320,"height":71,"caption":"Bantam Camping AG"},"image":{"@id":"https:\/\/shop.bantam.ch\/de\/#\/schema\/logo\/image\/"}}]}},"_links":{"self":[{"href":"https:\/\/shop.bantam.ch\/de\/wp-json\/wp\/v2\/product\/124622","targetHints":{"allow":["GET"]}}],"collection":[{"href":"https:\/\/shop.bantam.ch\/de\/wp-json\/wp\/v2\/product"}],"about":[{"href":"https:\/\/shop.bantam.ch\/de\/wp-json\/wp\/v2\/types\/product"}],"wp:featuredmedia":[{"embeddable":true,"href":"https:\/\/shop.bantam.ch\/de\/wp-json\/wp\/v2\/media\/124615"}],"wp:attachment":[{"href":"https:\/\/shop.bantam.ch\/de\/wp-json\/wp\/v2\/media?parent=124622"}],"wp:term":[{"taxonomy":"product_featured_cat","embeddable":true,"href":"https:\/\/shop.bantam.ch\/de\/wp-json\/wp\/v2\/product_featured_cat?post=124622"},{"taxonomy":"product_brand","embeddable":true,"href":"https:\/\/shop.bantam.ch\/de\/wp-json\/wp\/v2\/product_brand?post=124622"},{"taxonomy":"product_cat","embeddable":true,"href":"https:\/\/shop.bantam.ch\/de\/wp-json\/wp\/v2\/product_cat?post=124622"},{"taxonomy":"product_tag","embeddable":true,"href":"https:\/\/shop.bantam.ch\/de\/wp-json\/wp\/v2\/product_tag?post=124622"}],"curies":[{"name":"wp","href":"https:\/\/api.w.org\/{rel}","templated":true}]}}