{"id":124599,"date":"2023-03-01T00:43:12","date_gmt":"2023-02-28T23:43:12","guid":{"rendered":"https:\/\/shop.bantam.ch\/produit\/campingmatte-dreamcatcher-double-farbe-green\/"},"modified":"2026-04-20T21:52:26","modified_gmt":"2026-04-20T19:52:26","slug":"campingmatte-dreamcatcher-double-farbe-green","status":"publish","type":"product","link":"https:\/\/shop.bantam.ch\/de\/produkt\/campingmatte-dreamcatcher-double-farbe-green\/","title":{"rendered":"Campingmatte Outwell Dreamcatcher double Farbe green"},"content":{"rendered":"<p>Die als Einzel- oder Doppelausf\u00fchrung erh\u00e4ltlichen Liegematten der Dreamcatcher-Reihe besitzen die perfekte Gr\u00f6\u00dfe f\u00fcr die Schlafkabinen von Outwell und sind mit dem FHF-Ventil (Flat High-Flow) ausgestattet, das ein einfaches Aufblasen und schnelles Ablassen der Luft erm\u00f6glicht. Allen Modellen gemein ist, dass der Schaumstoffkern eine ausgekl\u00fcgelte Wellenform besitzt, die sowohl einen hohen Schlafkomfort garantiert als auch das Packma\u00df der Matratze reduziert.<\/p>\n<ul>\n<li>Flache, leistungsstarke Doppelventile verbessern den Luftstrom<\/li>\n<li>Wellenf\u00f6rmiger Schaumstoff bietet hohen Komfort und reduziert das Volumen<\/li>\n<li>Horizontale Luftkan\u00e4le reduzieren Gewicht und Packma\u00df<\/li>\n<li>PFC-frei<\/li>\n<\/ul>\n<p>Material:<br \/>Ober- und Unterseite: 100 % Polyester<\/p>\n<p>Lieferumfang:<br \/>Inkl. Tragetasche<\/p>\n","protected":false},"excerpt":{"rendered":"<p>Die als Einzel- oder Doppelausf\u00fchrung erh\u00e4ltlichen Liegematten der Dreamcatcher-Reihe besitzen die perfekte Gr\u00f6\u00dfe f\u00fcr die Schlafkabinen von Outwell und sind mit dem FHF-Ventil (Flat High-Flow) ausgestattet, das ein einfaches Aufblasen und schnelles Ablassen der Luft erm\u00f6glicht. Allen Modellen gemein ist, dass der Schaumstoffkern eine ausgekl\u00fcgelte Wellenform besitzt, die sowohl einen hohen Schlafkomfort garantiert als auch [&hellip;]<\/p>\n","protected":false},"featured_media":124593,"template":"","meta":{"_acf_changed":false},"product_featured_cat":[],"product_brand":[3297],"product_cat":[4356],"product_tag":[],"class_list":{"0":"post-124599","1":"product","2":"type-product","3":"status-publish","4":"has-post-thumbnail","6":"product_brand-outwell-de","7":"product_cat-isomatten","9":"first","10":"instock","11":"taxable","12":"shipping-taxable","13":"purchasable","14":"product-type-simple"},"acf":[],"yoast_head":"<!-- This site is optimized with the Yoast SEO plugin v27.4 - https:\/\/yoast.com\/product\/yoast-seo-wordpress\/ -->\n<title>Campingmatte Outwell Dreamcatcher double Farbe green - Bantam Camping AG<\/title>\n<meta name=\"robots\" content=\"index, follow, max-snippet:-1, max-image-preview:large, max-video-preview:-1\" \/>\n<link rel=\"canonical\" href=\"https:\/\/shop.bantam.ch\/de\/produkt\/campingmatte-dreamcatcher-double-farbe-green\/\" \/>\n<meta property=\"og:locale\" content=\"de_DE\" \/>\n<meta property=\"og:type\" content=\"article\" \/>\n<meta property=\"og:title\" content=\"Campingmatte Outwell Dreamcatcher double Farbe green - Bantam Camping AG\" \/>\n<meta property=\"og:description\" content=\"Die als Einzel- oder Doppelausf\u00fchrung erh\u00e4ltlichen Liegematten der Dreamcatcher-Reihe besitzen die perfekte Gr\u00f6\u00dfe f\u00fcr die Schlafkabinen von Outwell und sind mit dem FHF-Ventil (Flat High-Flow) ausgestattet, das ein einfaches Aufblasen und schnelles Ablassen der Luft erm\u00f6glicht. Allen Modellen gemein ist, dass der Schaumstoffkern eine ausgekl\u00fcgelte Wellenform besitzt, die sowohl einen hohen Schlafkomfort garantiert als auch [&hellip;]\" \/>\n<meta property=\"og:url\" content=\"https:\/\/shop.bantam.ch\/de\/produkt\/campingmatte-dreamcatcher-double-farbe-green\/\" \/>\n<meta property=\"og:site_name\" content=\"Bantam Camping AG\" \/>\n<meta property=\"article:modified_time\" content=\"2026-04-20T19:52:26+00:00\" \/>\n<meta property=\"og:image\" content=\"https:\/\/shop.bantam.ch\/wp-content\/uploads\/2023\/03\/996157011-scaled.jpg\" \/>\n\t<meta property=\"og:image:width\" content=\"5400\" \/>\n\t<meta property=\"og:image:height\" content=\"3037\" \/>\n\t<meta property=\"og:image:type\" content=\"image\/jpeg\" \/>\n<meta name=\"twitter:card\" content=\"summary_large_image\" \/>\n<script type=\"application\/ld+json\" class=\"yoast-schema-graph\">{\"@context\":\"https:\\\/\\\/schema.org\",\"@graph\":[{\"@type\":\"WebPage\",\"@id\":\"https:\\\/\\\/shop.bantam.ch\\\/de\\\/produkt\\\/campingmatte-dreamcatcher-double-farbe-green\\\/\",\"url\":\"https:\\\/\\\/shop.bantam.ch\\\/de\\\/produkt\\\/campingmatte-dreamcatcher-double-farbe-green\\\/\",\"name\":\"Campingmatte Outwell Dreamcatcher double Farbe green - Bantam Camping AG\",\"isPartOf\":{\"@id\":\"https:\\\/\\\/shop.bantam.ch\\\/de\\\/#website\"},\"primaryImageOfPage\":{\"@id\":\"https:\\\/\\\/shop.bantam.ch\\\/de\\\/produkt\\\/campingmatte-dreamcatcher-double-farbe-green\\\/#primaryimage\"},\"image\":{\"@id\":\"https:\\\/\\\/shop.bantam.ch\\\/de\\\/produkt\\\/campingmatte-dreamcatcher-double-farbe-green\\\/#primaryimage\"},\"thumbnailUrl\":\"https:\\\/\\\/shop.bantam.ch\\\/wp-content\\\/uploads\\\/2023\\\/03\\\/996157011-scaled.jpg\",\"datePublished\":\"2023-02-28T23:43:12+00:00\",\"dateModified\":\"2026-04-20T19:52:26+00:00\",\"breadcrumb\":{\"@id\":\"https:\\\/\\\/shop.bantam.ch\\\/de\\\/produkt\\\/campingmatte-dreamcatcher-double-farbe-green\\\/#breadcrumb\"},\"inLanguage\":\"de\",\"potentialAction\":[{\"@type\":\"ReadAction\",\"target\":[\"https:\\\/\\\/shop.bantam.ch\\\/de\\\/produkt\\\/campingmatte-dreamcatcher-double-farbe-green\\\/\"]}]},{\"@type\":\"ImageObject\",\"inLanguage\":\"de\",\"@id\":\"https:\\\/\\\/shop.bantam.ch\\\/de\\\/produkt\\\/campingmatte-dreamcatcher-double-farbe-green\\\/#primaryimage\",\"url\":\"https:\\\/\\\/shop.bantam.ch\\\/wp-content\\\/uploads\\\/2023\\\/03\\\/996157011-scaled.jpg\",\"contentUrl\":\"https:\\\/\\\/shop.bantam.ch\\\/wp-content\\\/uploads\\\/2023\\\/03\\\/996157011-scaled.jpg\",\"width\":2048,\"height\":1152},{\"@type\":\"BreadcrumbList\",\"@id\":\"https:\\\/\\\/shop.bantam.ch\\\/de\\\/produkt\\\/campingmatte-dreamcatcher-double-farbe-green\\\/#breadcrumb\",\"itemListElement\":[{\"@type\":\"ListItem\",\"position\":1,\"name\":\"Accueil\",\"item\":\"https:\\\/\\\/shop.bantam.ch\\\/de\\\/\"},{\"@type\":\"ListItem\",\"position\":2,\"name\":\"Shop\",\"item\":\"https:\\\/\\\/shop.bantam.ch\\\/de\\\/shop\\\/\"},{\"@type\":\"ListItem\",\"position\":3,\"name\":\"Campingmatte Outwell Dreamcatcher double Farbe green\"}]},{\"@type\":\"WebSite\",\"@id\":\"https:\\\/\\\/shop.bantam.ch\\\/de\\\/#website\",\"url\":\"https:\\\/\\\/shop.bantam.ch\\\/de\\\/\",\"name\":\"Bantam Camping AG\",\"description\":\"\",\"publisher\":{\"@id\":\"https:\\\/\\\/shop.bantam.ch\\\/de\\\/#organization\"},\"inLanguage\":\"de\"},{\"@type\":\"Organization\",\"@id\":\"https:\\\/\\\/shop.bantam.ch\\\/de\\\/#organization\",\"name\":\"Bantam Camping AG\",\"url\":\"https:\\\/\\\/shop.bantam.ch\\\/de\\\/\",\"logo\":{\"@type\":\"ImageObject\",\"inLanguage\":\"de\",\"@id\":\"https:\\\/\\\/shop.bantam.ch\\\/de\\\/#\\\/schema\\\/logo\\\/image\\\/\",\"url\":\"https:\\\/\\\/shop.bantam.ch\\\/wp-content\\\/uploads\\\/2022\\\/12\\\/bantam-logo.png\",\"contentUrl\":\"https:\\\/\\\/shop.bantam.ch\\\/wp-content\\\/uploads\\\/2022\\\/12\\\/bantam-logo.png\",\"width\":320,\"height\":71,\"caption\":\"Bantam Camping AG\"},\"image\":{\"@id\":\"https:\\\/\\\/shop.bantam.ch\\\/de\\\/#\\\/schema\\\/logo\\\/image\\\/\"}}]}<\/script>\n<!-- \/ Yoast SEO plugin. -->","yoast_head_json":{"title":"Campingmatte Outwell Dreamcatcher double Farbe green - Bantam Camping AG","robots":{"index":"index","follow":"follow","max-snippet":"max-snippet:-1","max-image-preview":"max-image-preview:large","max-video-preview":"max-video-preview:-1"},"canonical":"https:\/\/shop.bantam.ch\/de\/produkt\/campingmatte-dreamcatcher-double-farbe-green\/","og_locale":"de_DE","og_type":"article","og_title":"Campingmatte Outwell Dreamcatcher double Farbe green - Bantam Camping AG","og_description":"Die als Einzel- oder Doppelausf\u00fchrung erh\u00e4ltlichen Liegematten der Dreamcatcher-Reihe besitzen die perfekte Gr\u00f6\u00dfe f\u00fcr die Schlafkabinen von Outwell und sind mit dem FHF-Ventil (Flat High-Flow) ausgestattet, das ein einfaches Aufblasen und schnelles Ablassen der Luft erm\u00f6glicht. Allen Modellen gemein ist, dass der Schaumstoffkern eine ausgekl\u00fcgelte Wellenform besitzt, die sowohl einen hohen Schlafkomfort garantiert als auch [&hellip;]","og_url":"https:\/\/shop.bantam.ch\/de\/produkt\/campingmatte-dreamcatcher-double-farbe-green\/","og_site_name":"Bantam Camping AG","article_modified_time":"2026-04-20T19:52:26+00:00","og_image":[{"width":5400,"height":3037,"url":"https:\/\/shop.bantam.ch\/wp-content\/uploads\/2023\/03\/996157011-scaled.jpg","type":"image\/jpeg"}],"twitter_card":"summary_large_image","schema":{"@context":"https:\/\/schema.org","@graph":[{"@type":"WebPage","@id":"https:\/\/shop.bantam.ch\/de\/produkt\/campingmatte-dreamcatcher-double-farbe-green\/","url":"https:\/\/shop.bantam.ch\/de\/produkt\/campingmatte-dreamcatcher-double-farbe-green\/","name":"Campingmatte Outwell Dreamcatcher double Farbe green - Bantam Camping AG","isPartOf":{"@id":"https:\/\/shop.bantam.ch\/de\/#website"},"primaryImageOfPage":{"@id":"https:\/\/shop.bantam.ch\/de\/produkt\/campingmatte-dreamcatcher-double-farbe-green\/#primaryimage"},"image":{"@id":"https:\/\/shop.bantam.ch\/de\/produkt\/campingmatte-dreamcatcher-double-farbe-green\/#primaryimage"},"thumbnailUrl":"https:\/\/shop.bantam.ch\/wp-content\/uploads\/2023\/03\/996157011-scaled.jpg","datePublished":"2023-02-28T23:43:12+00:00","dateModified":"2026-04-20T19:52:26+00:00","breadcrumb":{"@id":"https:\/\/shop.bantam.ch\/de\/produkt\/campingmatte-dreamcatcher-double-farbe-green\/#breadcrumb"},"inLanguage":"de","potentialAction":[{"@type":"ReadAction","target":["https:\/\/shop.bantam.ch\/de\/produkt\/campingmatte-dreamcatcher-double-farbe-green\/"]}]},{"@type":"ImageObject","inLanguage":"de","@id":"https:\/\/shop.bantam.ch\/de\/produkt\/campingmatte-dreamcatcher-double-farbe-green\/#primaryimage","url":"https:\/\/shop.bantam.ch\/wp-content\/uploads\/2023\/03\/996157011-scaled.jpg","contentUrl":"https:\/\/shop.bantam.ch\/wp-content\/uploads\/2023\/03\/996157011-scaled.jpg","width":2048,"height":1152},{"@type":"BreadcrumbList","@id":"https:\/\/shop.bantam.ch\/de\/produkt\/campingmatte-dreamcatcher-double-farbe-green\/#breadcrumb","itemListElement":[{"@type":"ListItem","position":1,"name":"Accueil","item":"https:\/\/shop.bantam.ch\/de\/"},{"@type":"ListItem","position":2,"name":"Shop","item":"https:\/\/shop.bantam.ch\/de\/shop\/"},{"@type":"ListItem","position":3,"name":"Campingmatte Outwell Dreamcatcher double Farbe green"}]},{"@type":"WebSite","@id":"https:\/\/shop.bantam.ch\/de\/#website","url":"https:\/\/shop.bantam.ch\/de\/","name":"Bantam Camping AG","description":"","publisher":{"@id":"https:\/\/shop.bantam.ch\/de\/#organization"},"inLanguage":"de"},{"@type":"Organization","@id":"https:\/\/shop.bantam.ch\/de\/#organization","name":"Bantam Camping AG","url":"https:\/\/shop.bantam.ch\/de\/","logo":{"@type":"ImageObject","inLanguage":"de","@id":"https:\/\/shop.bantam.ch\/de\/#\/schema\/logo\/image\/","url":"https:\/\/shop.bantam.ch\/wp-content\/uploads\/2022\/12\/bantam-logo.png","contentUrl":"https:\/\/shop.bantam.ch\/wp-content\/uploads\/2022\/12\/bantam-logo.png","width":320,"height":71,"caption":"Bantam Camping AG"},"image":{"@id":"https:\/\/shop.bantam.ch\/de\/#\/schema\/logo\/image\/"}}]}},"_links":{"self":[{"href":"https:\/\/shop.bantam.ch\/de\/wp-json\/wp\/v2\/product\/124599","targetHints":{"allow":["GET"]}}],"collection":[{"href":"https:\/\/shop.bantam.ch\/de\/wp-json\/wp\/v2\/product"}],"about":[{"href":"https:\/\/shop.bantam.ch\/de\/wp-json\/wp\/v2\/types\/product"}],"wp:featuredmedia":[{"embeddable":true,"href":"https:\/\/shop.bantam.ch\/de\/wp-json\/wp\/v2\/media\/124593"}],"wp:attachment":[{"href":"https:\/\/shop.bantam.ch\/de\/wp-json\/wp\/v2\/media?parent=124599"}],"wp:term":[{"taxonomy":"product_featured_cat","embeddable":true,"href":"https:\/\/shop.bantam.ch\/de\/wp-json\/wp\/v2\/product_featured_cat?post=124599"},{"taxonomy":"product_brand","embeddable":true,"href":"https:\/\/shop.bantam.ch\/de\/wp-json\/wp\/v2\/product_brand?post=124599"},{"taxonomy":"product_cat","embeddable":true,"href":"https:\/\/shop.bantam.ch\/de\/wp-json\/wp\/v2\/product_cat?post=124599"},{"taxonomy":"product_tag","embeddable":true,"href":"https:\/\/shop.bantam.ch\/de\/wp-json\/wp\/v2\/product_tag?post=124599"}],"curies":[{"name":"wp","href":"https:\/\/api.w.org\/{rel}","templated":true}]}}