{"id":124265,"date":"2023-03-01T00:33:26","date_gmt":"2023-02-28T23:33:26","guid":{"rendered":"https:\/\/shop.bantam.ch\/produit\/kocher-appetizer-maxi\/"},"modified":"2026-05-05T21:48:51","modified_gmt":"2026-05-05T19:48:51","slug":"kocher-appetizer-maxi","status":"publish","type":"product","link":"https:\/\/shop.bantam.ch\/de\/produkt\/kocher-appetizer-maxi\/","title":{"rendered":"Kocher Outwell Appetizer Maxi"},"content":{"rendered":"<p>Die leichten Modelle Appetizer lassen sich dank der kleinen, praktischen Gaskartuschen und der flexiblen Schl\u00e4uchen am Strand oder bei Picknicks vielseitig einsetzen. Der Appetizer Maxi besitzt zwei Edelstahl-Brenner und verf\u00fcgt \u00fcber eine breite Stellfl\u00e4che f\u00fcr T\u00f6pfe sowie \u00fcber Kn\u00f6pfe zur pr\u00e4zisen Temperaturregelung. Damit l\u00e4sst sich das Essen schnell und effizient zubereiten. Er ist leicht zu reinigen und garantiert mit seinen robusten, rutschfesten F\u00fc\u00dfen an jeder Ecke einen sicheren Stand.<\/p>\n<ul>\n<li>Gasverbrauch: 2x 160 g\/h<\/li>\n<li>Leistung: 2x 2.200 W<\/li>\n<\/ul>\n","protected":false},"excerpt":{"rendered":"<p>Die leichten Modelle Appetizer lassen sich dank der kleinen, praktischen Gaskartuschen und der flexiblen Schl\u00e4uchen am Strand oder bei Picknicks vielseitig einsetzen. Der Appetizer Maxi besitzt zwei Edelstahl-Brenner und verf\u00fcgt \u00fcber eine breite Stellfl\u00e4che f\u00fcr T\u00f6pfe sowie \u00fcber Kn\u00f6pfe zur pr\u00e4zisen Temperaturregelung. Damit l\u00e4sst sich das Essen schnell und effizient zubereiten. Er ist leicht zu [&hellip;]<\/p>\n","protected":false},"featured_media":124257,"template":"","meta":{"_acf_changed":false},"product_featured_cat":[],"product_brand":[3297],"product_cat":[4306],"product_tag":[],"class_list":{"0":"post-124265","1":"product","2":"type-product","3":"status-publish","4":"has-post-thumbnail","6":"product_brand-outwell-de","7":"product_cat-kocher-kocher","9":"first","10":"instock","11":"taxable","12":"shipping-taxable","13":"purchasable","14":"product-type-simple"},"acf":[],"yoast_head":"<!-- This site is optimized with the Yoast SEO plugin v27.5 - https:\/\/yoast.com\/product\/yoast-seo-wordpress\/ -->\n<title>Kocher Outwell Appetizer Maxi - Bantam<\/title>\n<meta name=\"robots\" content=\"index, follow, max-snippet:-1, max-image-preview:large, max-video-preview:-1\" \/>\n<link rel=\"canonical\" href=\"https:\/\/shop.bantam.ch\/de\/produkt\/kocher-appetizer-maxi\/\" \/>\n<meta property=\"og:locale\" content=\"de_DE\" \/>\n<meta property=\"og:type\" content=\"article\" \/>\n<meta property=\"og:title\" content=\"Kocher Outwell Appetizer Maxi - Bantam\" \/>\n<meta property=\"og:description\" content=\"Die leichten Modelle Appetizer lassen sich dank der kleinen, praktischen Gaskartuschen und der flexiblen Schl\u00e4uchen am Strand oder bei Picknicks vielseitig einsetzen. Der Appetizer Maxi besitzt zwei Edelstahl-Brenner und verf\u00fcgt \u00fcber eine breite Stellfl\u00e4che f\u00fcr T\u00f6pfe sowie \u00fcber Kn\u00f6pfe zur pr\u00e4zisen Temperaturregelung. Damit l\u00e4sst sich das Essen schnell und effizient zubereiten. Er ist leicht zu [&hellip;]\" \/>\n<meta property=\"og:url\" content=\"https:\/\/shop.bantam.ch\/de\/produkt\/kocher-appetizer-maxi\/\" \/>\n<meta property=\"og:site_name\" content=\"Bantam\" \/>\n<meta property=\"article:modified_time\" content=\"2026-05-05T19:48:51+00:00\" \/>\n<meta property=\"og:image\" content=\"https:\/\/shop.bantam.ch\/wp-content\/uploads\/2023\/03\/995774811.jpg\" \/>\n\t<meta property=\"og:image:width\" content=\"1280\" \/>\n\t<meta property=\"og:image:height\" content=\"720\" \/>\n\t<meta property=\"og:image:type\" content=\"image\/jpeg\" \/>\n<meta name=\"twitter:card\" content=\"summary_large_image\" \/>\n<script type=\"application\/ld+json\" class=\"yoast-schema-graph\">{\"@context\":\"https:\\\/\\\/schema.org\",\"@graph\":[{\"@type\":\"WebPage\",\"@id\":\"https:\\\/\\\/shop.bantam.ch\\\/de\\\/produkt\\\/kocher-appetizer-maxi\\\/\",\"url\":\"https:\\\/\\\/shop.bantam.ch\\\/de\\\/produkt\\\/kocher-appetizer-maxi\\\/\",\"name\":\"Kocher Outwell Appetizer Maxi - Bantam\",\"isPartOf\":{\"@id\":\"https:\\\/\\\/shop.bantam.ch\\\/de\\\/#website\"},\"primaryImageOfPage\":{\"@id\":\"https:\\\/\\\/shop.bantam.ch\\\/de\\\/produkt\\\/kocher-appetizer-maxi\\\/#primaryimage\"},\"image\":{\"@id\":\"https:\\\/\\\/shop.bantam.ch\\\/de\\\/produkt\\\/kocher-appetizer-maxi\\\/#primaryimage\"},\"thumbnailUrl\":\"https:\\\/\\\/shop.bantam.ch\\\/wp-content\\\/uploads\\\/2023\\\/03\\\/995774811.jpg\",\"datePublished\":\"2023-02-28T23:33:26+00:00\",\"dateModified\":\"2026-05-05T19:48:51+00:00\",\"breadcrumb\":{\"@id\":\"https:\\\/\\\/shop.bantam.ch\\\/de\\\/produkt\\\/kocher-appetizer-maxi\\\/#breadcrumb\"},\"inLanguage\":\"de\",\"potentialAction\":[{\"@type\":\"ReadAction\",\"target\":[\"https:\\\/\\\/shop.bantam.ch\\\/de\\\/produkt\\\/kocher-appetizer-maxi\\\/\"]}]},{\"@type\":\"ImageObject\",\"inLanguage\":\"de\",\"@id\":\"https:\\\/\\\/shop.bantam.ch\\\/de\\\/produkt\\\/kocher-appetizer-maxi\\\/#primaryimage\",\"url\":\"https:\\\/\\\/shop.bantam.ch\\\/wp-content\\\/uploads\\\/2023\\\/03\\\/995774811.jpg\",\"contentUrl\":\"https:\\\/\\\/shop.bantam.ch\\\/wp-content\\\/uploads\\\/2023\\\/03\\\/995774811.jpg\",\"width\":1280,\"height\":720},{\"@type\":\"BreadcrumbList\",\"@id\":\"https:\\\/\\\/shop.bantam.ch\\\/de\\\/produkt\\\/kocher-appetizer-maxi\\\/#breadcrumb\",\"itemListElement\":[{\"@type\":\"ListItem\",\"position\":1,\"name\":\"Accueil\",\"item\":\"https:\\\/\\\/shop.bantam.ch\\\/de\\\/\"},{\"@type\":\"ListItem\",\"position\":2,\"name\":\"Shop\",\"item\":\"https:\\\/\\\/shop.bantam.ch\\\/de\\\/shop\\\/\"},{\"@type\":\"ListItem\",\"position\":3,\"name\":\"Kocher Outwell Appetizer Maxi\"}]},{\"@type\":\"WebSite\",\"@id\":\"https:\\\/\\\/shop.bantam.ch\\\/de\\\/#website\",\"url\":\"https:\\\/\\\/shop.bantam.ch\\\/de\\\/\",\"name\":\"Bantam\",\"description\":\"\",\"publisher\":{\"@id\":\"https:\\\/\\\/shop.bantam.ch\\\/de\\\/#organization\"},\"inLanguage\":\"de\"},{\"@type\":\"Organization\",\"@id\":\"https:\\\/\\\/shop.bantam.ch\\\/de\\\/#organization\",\"name\":\"Bantam\",\"url\":\"https:\\\/\\\/shop.bantam.ch\\\/de\\\/\",\"logo\":{\"@type\":\"ImageObject\",\"inLanguage\":\"de\",\"@id\":\"https:\\\/\\\/shop.bantam.ch\\\/de\\\/#\\\/schema\\\/logo\\\/image\\\/\",\"url\":\"https:\\\/\\\/shop.bantam.ch\\\/wp-content\\\/uploads\\\/2022\\\/12\\\/bantam-logo.png\",\"contentUrl\":\"https:\\\/\\\/shop.bantam.ch\\\/wp-content\\\/uploads\\\/2022\\\/12\\\/bantam-logo.png\",\"width\":320,\"height\":71,\"caption\":\"Bantam\"},\"image\":{\"@id\":\"https:\\\/\\\/shop.bantam.ch\\\/de\\\/#\\\/schema\\\/logo\\\/image\\\/\"}}]}<\/script>\n<!-- \/ Yoast SEO plugin. -->","yoast_head_json":{"title":"Kocher Outwell Appetizer Maxi - Bantam","robots":{"index":"index","follow":"follow","max-snippet":"max-snippet:-1","max-image-preview":"max-image-preview:large","max-video-preview":"max-video-preview:-1"},"canonical":"https:\/\/shop.bantam.ch\/de\/produkt\/kocher-appetizer-maxi\/","og_locale":"de_DE","og_type":"article","og_title":"Kocher Outwell Appetizer Maxi - Bantam","og_description":"Die leichten Modelle Appetizer lassen sich dank der kleinen, praktischen Gaskartuschen und der flexiblen Schl\u00e4uchen am Strand oder bei Picknicks vielseitig einsetzen. Der Appetizer Maxi besitzt zwei Edelstahl-Brenner und verf\u00fcgt \u00fcber eine breite Stellfl\u00e4che f\u00fcr T\u00f6pfe sowie \u00fcber Kn\u00f6pfe zur pr\u00e4zisen Temperaturregelung. Damit l\u00e4sst sich das Essen schnell und effizient zubereiten. Er ist leicht zu [&hellip;]","og_url":"https:\/\/shop.bantam.ch\/de\/produkt\/kocher-appetizer-maxi\/","og_site_name":"Bantam","article_modified_time":"2026-05-05T19:48:51+00:00","og_image":[{"width":1280,"height":720,"url":"https:\/\/shop.bantam.ch\/wp-content\/uploads\/2023\/03\/995774811.jpg","type":"image\/jpeg"}],"twitter_card":"summary_large_image","schema":{"@context":"https:\/\/schema.org","@graph":[{"@type":"WebPage","@id":"https:\/\/shop.bantam.ch\/de\/produkt\/kocher-appetizer-maxi\/","url":"https:\/\/shop.bantam.ch\/de\/produkt\/kocher-appetizer-maxi\/","name":"Kocher Outwell Appetizer Maxi - Bantam","isPartOf":{"@id":"https:\/\/shop.bantam.ch\/de\/#website"},"primaryImageOfPage":{"@id":"https:\/\/shop.bantam.ch\/de\/produkt\/kocher-appetizer-maxi\/#primaryimage"},"image":{"@id":"https:\/\/shop.bantam.ch\/de\/produkt\/kocher-appetizer-maxi\/#primaryimage"},"thumbnailUrl":"https:\/\/shop.bantam.ch\/wp-content\/uploads\/2023\/03\/995774811.jpg","datePublished":"2023-02-28T23:33:26+00:00","dateModified":"2026-05-05T19:48:51+00:00","breadcrumb":{"@id":"https:\/\/shop.bantam.ch\/de\/produkt\/kocher-appetizer-maxi\/#breadcrumb"},"inLanguage":"de","potentialAction":[{"@type":"ReadAction","target":["https:\/\/shop.bantam.ch\/de\/produkt\/kocher-appetizer-maxi\/"]}]},{"@type":"ImageObject","inLanguage":"de","@id":"https:\/\/shop.bantam.ch\/de\/produkt\/kocher-appetizer-maxi\/#primaryimage","url":"https:\/\/shop.bantam.ch\/wp-content\/uploads\/2023\/03\/995774811.jpg","contentUrl":"https:\/\/shop.bantam.ch\/wp-content\/uploads\/2023\/03\/995774811.jpg","width":1280,"height":720},{"@type":"BreadcrumbList","@id":"https:\/\/shop.bantam.ch\/de\/produkt\/kocher-appetizer-maxi\/#breadcrumb","itemListElement":[{"@type":"ListItem","position":1,"name":"Accueil","item":"https:\/\/shop.bantam.ch\/de\/"},{"@type":"ListItem","position":2,"name":"Shop","item":"https:\/\/shop.bantam.ch\/de\/shop\/"},{"@type":"ListItem","position":3,"name":"Kocher Outwell Appetizer Maxi"}]},{"@type":"WebSite","@id":"https:\/\/shop.bantam.ch\/de\/#website","url":"https:\/\/shop.bantam.ch\/de\/","name":"Bantam","description":"","publisher":{"@id":"https:\/\/shop.bantam.ch\/de\/#organization"},"inLanguage":"de"},{"@type":"Organization","@id":"https:\/\/shop.bantam.ch\/de\/#organization","name":"Bantam","url":"https:\/\/shop.bantam.ch\/de\/","logo":{"@type":"ImageObject","inLanguage":"de","@id":"https:\/\/shop.bantam.ch\/de\/#\/schema\/logo\/image\/","url":"https:\/\/shop.bantam.ch\/wp-content\/uploads\/2022\/12\/bantam-logo.png","contentUrl":"https:\/\/shop.bantam.ch\/wp-content\/uploads\/2022\/12\/bantam-logo.png","width":320,"height":71,"caption":"Bantam"},"image":{"@id":"https:\/\/shop.bantam.ch\/de\/#\/schema\/logo\/image\/"}}]}},"_links":{"self":[{"href":"https:\/\/shop.bantam.ch\/de\/wp-json\/wp\/v2\/product\/124265","targetHints":{"allow":["GET"]}}],"collection":[{"href":"https:\/\/shop.bantam.ch\/de\/wp-json\/wp\/v2\/product"}],"about":[{"href":"https:\/\/shop.bantam.ch\/de\/wp-json\/wp\/v2\/types\/product"}],"wp:featuredmedia":[{"embeddable":true,"href":"https:\/\/shop.bantam.ch\/de\/wp-json\/wp\/v2\/media\/124257"}],"wp:attachment":[{"href":"https:\/\/shop.bantam.ch\/de\/wp-json\/wp\/v2\/media?parent=124265"}],"wp:term":[{"taxonomy":"product_featured_cat","embeddable":true,"href":"https:\/\/shop.bantam.ch\/de\/wp-json\/wp\/v2\/product_featured_cat?post=124265"},{"taxonomy":"product_brand","embeddable":true,"href":"https:\/\/shop.bantam.ch\/de\/wp-json\/wp\/v2\/product_brand?post=124265"},{"taxonomy":"product_cat","embeddable":true,"href":"https:\/\/shop.bantam.ch\/de\/wp-json\/wp\/v2\/product_cat?post=124265"},{"taxonomy":"product_tag","embeddable":true,"href":"https:\/\/shop.bantam.ch\/de\/wp-json\/wp\/v2\/product_tag?post=124265"}],"curies":[{"name":"wp","href":"https:\/\/api.w.org\/{rel}","templated":true}]}}