{"id":124125,"date":"2023-03-01T00:29:58","date_gmt":"2023-02-28T23:29:58","guid":{"rendered":"https:\/\/shop.bantam.ch\/produit\/dachhaube-maxxfan-deluxe-weiss\/"},"modified":"2026-04-18T21:51:27","modified_gmt":"2026-04-18T19:51:27","slug":"dachhaube-maxxfan-deluxe-weiss","status":"publish","type":"product","link":"https:\/\/shop.bantam.ch\/de\/produkt\/dachhaube-maxxfan-deluxe-weiss\/","title":{"rendered":"Dachhaube MAXXAIR Maxxfan Deluxe manuelle \u00d6ffnung Farbe wei\u00df"},"content":{"rendered":"<p>Der einzige Ventilator auf dem Markt mit einem eingebauten Regenschutz!\u00a0 Benutzen Sie den Ventilator bei JEDEM Wetter &#8211; auch wenn es regnet. Entl\u00fcftung, Ventilator und Entl\u00fcftungsabdeckung in einer einzigen Einheit!<\/p>\n<ul>\n<li>Eingebauter Regenschutz bietet Schutz f\u00fcr die ganze Zeit, w\u00e4hrend der Ventilator an oder aus ist<\/li>\n<li>Nutzen Sie den Ventilator bei Regen oder w\u00e4hrend der Fahrt<\/li>\n<li>Leistungsstarkes Gebl\u00e4se mit 10 umschaltbaren Geschwindigkeiten und<\/li>\n<li>Thermostat zur Regelung der Raumtemperatur<\/li>\n<li>Manuelle \u00d6ffnung<\/li>\n<li>Leicht zu entfernendes Insektenschutzgitter, kein Werkzeug erforderlich<\/li>\n<li>Passt in alle standardm\u00e4\u00dfigen 14&#8243; x 14&#8243; Dach\u00f6ffnungen<\/li>\n<li>Verf\u00fcgt \u00fcber einen leistungsstarken, abgesicherten, langlebigen, kugelgelagerten 12-Volt-Ventilatormotor und einen 12-Zoll-Ventilator mit 10 Fl\u00fcgeln<\/li>\n<\/ul>\n<p>\u00a0<\/p>\n<p>\u00a0<\/p>\n","protected":false},"excerpt":{"rendered":"<p>Der einzige Ventilator auf dem Markt mit einem eingebauten Regenschutz!\u00a0 Benutzen Sie den Ventilator bei JEDEM Wetter &#8211; auch wenn es regnet. Entl\u00fcftung, Ventilator und Entl\u00fcftungsabdeckung in einer einzigen Einheit! Eingebauter Regenschutz bietet Schutz f\u00fcr die ganze Zeit, w\u00e4hrend der Ventilator an oder aus ist Nutzen Sie den Ventilator bei Regen oder w\u00e4hrend der Fahrt [&hellip;]<\/p>\n","protected":false},"featured_media":124119,"template":"","meta":{"_acf_changed":false},"product_featured_cat":[],"product_brand":[3625],"product_cat":[5042],"product_tag":[],"class_list":{"0":"post-124125","1":"product","2":"type-product","3":"status-publish","4":"has-post-thumbnail","6":"product_brand-maxxair-de","7":"product_cat-ersatzhauben","9":"first","10":"instock","11":"taxable","12":"shipping-taxable","13":"purchasable","14":"product-type-simple"},"acf":[],"yoast_head":"<!-- This site is optimized with the Yoast SEO plugin v27.4 - https:\/\/yoast.com\/product\/yoast-seo-wordpress\/ -->\n<title>Dachhaube MAXXAIR Maxxfan Deluxe manuelle \u00d6ffnung Farbe wei\u00df - Bantam Camping AG<\/title>\n<meta name=\"robots\" content=\"index, follow, max-snippet:-1, max-image-preview:large, max-video-preview:-1\" \/>\n<link rel=\"canonical\" href=\"https:\/\/shop.bantam.ch\/de\/produkt\/dachhaube-maxxfan-deluxe-weiss\/\" \/>\n<meta property=\"og:locale\" content=\"de_DE\" \/>\n<meta property=\"og:type\" content=\"article\" \/>\n<meta property=\"og:title\" content=\"Dachhaube MAXXAIR Maxxfan Deluxe manuelle \u00d6ffnung Farbe wei\u00df - Bantam Camping AG\" \/>\n<meta property=\"og:description\" content=\"Der einzige Ventilator auf dem Markt mit einem eingebauten Regenschutz!\u00a0 Benutzen Sie den Ventilator bei JEDEM Wetter &#8211; auch wenn es regnet. Entl\u00fcftung, Ventilator und Entl\u00fcftungsabdeckung in einer einzigen Einheit! Eingebauter Regenschutz bietet Schutz f\u00fcr die ganze Zeit, w\u00e4hrend der Ventilator an oder aus ist Nutzen Sie den Ventilator bei Regen oder w\u00e4hrend der Fahrt [&hellip;]\" \/>\n<meta property=\"og:url\" content=\"https:\/\/shop.bantam.ch\/de\/produkt\/dachhaube-maxxfan-deluxe-weiss\/\" \/>\n<meta property=\"og:site_name\" content=\"Bantam Camping AG\" \/>\n<meta property=\"article:modified_time\" content=\"2026-04-18T19:51:27+00:00\" \/>\n<meta property=\"og:image\" content=\"https:\/\/shop.bantam.ch\/wp-content\/uploads\/2023\/03\/994473712-1-scaled.jpg\" \/>\n\t<meta property=\"og:image:width\" content=\"2262\" \/>\n\t<meta property=\"og:image:height\" content=\"1000\" \/>\n\t<meta property=\"og:image:type\" content=\"image\/jpeg\" \/>\n<meta name=\"twitter:card\" content=\"summary_large_image\" \/>\n<meta name=\"twitter:label1\" content=\"Gesch\u00e4tzte Lesezeit\" \/>\n\t<meta name=\"twitter:data1\" content=\"1\u00a0Minute\" \/>\n<script type=\"application\/ld+json\" class=\"yoast-schema-graph\">{\"@context\":\"https:\\\/\\\/schema.org\",\"@graph\":[{\"@type\":\"WebPage\",\"@id\":\"https:\\\/\\\/shop.bantam.ch\\\/de\\\/produkt\\\/dachhaube-maxxfan-deluxe-weiss\\\/\",\"url\":\"https:\\\/\\\/shop.bantam.ch\\\/de\\\/produkt\\\/dachhaube-maxxfan-deluxe-weiss\\\/\",\"name\":\"Dachhaube MAXXAIR Maxxfan Deluxe manuelle \u00d6ffnung Farbe wei\u00df - Bantam Camping AG\",\"isPartOf\":{\"@id\":\"https:\\\/\\\/shop.bantam.ch\\\/de\\\/#website\"},\"primaryImageOfPage\":{\"@id\":\"https:\\\/\\\/shop.bantam.ch\\\/de\\\/produkt\\\/dachhaube-maxxfan-deluxe-weiss\\\/#primaryimage\"},\"image\":{\"@id\":\"https:\\\/\\\/shop.bantam.ch\\\/de\\\/produkt\\\/dachhaube-maxxfan-deluxe-weiss\\\/#primaryimage\"},\"thumbnailUrl\":\"https:\\\/\\\/shop.bantam.ch\\\/wp-content\\\/uploads\\\/2023\\\/03\\\/994473712-1-scaled.jpg\",\"datePublished\":\"2023-02-28T23:29:58+00:00\",\"dateModified\":\"2026-04-18T19:51:27+00:00\",\"breadcrumb\":{\"@id\":\"https:\\\/\\\/shop.bantam.ch\\\/de\\\/produkt\\\/dachhaube-maxxfan-deluxe-weiss\\\/#breadcrumb\"},\"inLanguage\":\"de\",\"potentialAction\":[{\"@type\":\"ReadAction\",\"target\":[\"https:\\\/\\\/shop.bantam.ch\\\/de\\\/produkt\\\/dachhaube-maxxfan-deluxe-weiss\\\/\"]}]},{\"@type\":\"ImageObject\",\"inLanguage\":\"de\",\"@id\":\"https:\\\/\\\/shop.bantam.ch\\\/de\\\/produkt\\\/dachhaube-maxxfan-deluxe-weiss\\\/#primaryimage\",\"url\":\"https:\\\/\\\/shop.bantam.ch\\\/wp-content\\\/uploads\\\/2023\\\/03\\\/994473712-1-scaled.jpg\",\"contentUrl\":\"https:\\\/\\\/shop.bantam.ch\\\/wp-content\\\/uploads\\\/2023\\\/03\\\/994473712-1-scaled.jpg\",\"width\":2048,\"height\":905},{\"@type\":\"BreadcrumbList\",\"@id\":\"https:\\\/\\\/shop.bantam.ch\\\/de\\\/produkt\\\/dachhaube-maxxfan-deluxe-weiss\\\/#breadcrumb\",\"itemListElement\":[{\"@type\":\"ListItem\",\"position\":1,\"name\":\"Accueil\",\"item\":\"https:\\\/\\\/shop.bantam.ch\\\/de\\\/\"},{\"@type\":\"ListItem\",\"position\":2,\"name\":\"Shop\",\"item\":\"https:\\\/\\\/shop.bantam.ch\\\/de\\\/shop\\\/\"},{\"@type\":\"ListItem\",\"position\":3,\"name\":\"Dachhaube MAXXAIR Maxxfan Deluxe manuelle \u00d6ffnung Farbe wei\u00df\"}]},{\"@type\":\"WebSite\",\"@id\":\"https:\\\/\\\/shop.bantam.ch\\\/de\\\/#website\",\"url\":\"https:\\\/\\\/shop.bantam.ch\\\/de\\\/\",\"name\":\"Bantam Camping AG\",\"description\":\"\",\"publisher\":{\"@id\":\"https:\\\/\\\/shop.bantam.ch\\\/de\\\/#organization\"},\"inLanguage\":\"de\"},{\"@type\":\"Organization\",\"@id\":\"https:\\\/\\\/shop.bantam.ch\\\/de\\\/#organization\",\"name\":\"Bantam Camping AG\",\"url\":\"https:\\\/\\\/shop.bantam.ch\\\/de\\\/\",\"logo\":{\"@type\":\"ImageObject\",\"inLanguage\":\"de\",\"@id\":\"https:\\\/\\\/shop.bantam.ch\\\/de\\\/#\\\/schema\\\/logo\\\/image\\\/\",\"url\":\"https:\\\/\\\/shop.bantam.ch\\\/wp-content\\\/uploads\\\/2022\\\/12\\\/bantam-logo.png\",\"contentUrl\":\"https:\\\/\\\/shop.bantam.ch\\\/wp-content\\\/uploads\\\/2022\\\/12\\\/bantam-logo.png\",\"width\":320,\"height\":71,\"caption\":\"Bantam Camping AG\"},\"image\":{\"@id\":\"https:\\\/\\\/shop.bantam.ch\\\/de\\\/#\\\/schema\\\/logo\\\/image\\\/\"}}]}<\/script>\n<!-- \/ Yoast SEO plugin. -->","yoast_head_json":{"title":"Dachhaube MAXXAIR Maxxfan Deluxe manuelle \u00d6ffnung Farbe wei\u00df - Bantam Camping AG","robots":{"index":"index","follow":"follow","max-snippet":"max-snippet:-1","max-image-preview":"max-image-preview:large","max-video-preview":"max-video-preview:-1"},"canonical":"https:\/\/shop.bantam.ch\/de\/produkt\/dachhaube-maxxfan-deluxe-weiss\/","og_locale":"de_DE","og_type":"article","og_title":"Dachhaube MAXXAIR Maxxfan Deluxe manuelle \u00d6ffnung Farbe wei\u00df - Bantam Camping AG","og_description":"Der einzige Ventilator auf dem Markt mit einem eingebauten Regenschutz!\u00a0 Benutzen Sie den Ventilator bei JEDEM Wetter &#8211; auch wenn es regnet. Entl\u00fcftung, Ventilator und Entl\u00fcftungsabdeckung in einer einzigen Einheit! Eingebauter Regenschutz bietet Schutz f\u00fcr die ganze Zeit, w\u00e4hrend der Ventilator an oder aus ist Nutzen Sie den Ventilator bei Regen oder w\u00e4hrend der Fahrt [&hellip;]","og_url":"https:\/\/shop.bantam.ch\/de\/produkt\/dachhaube-maxxfan-deluxe-weiss\/","og_site_name":"Bantam Camping AG","article_modified_time":"2026-04-18T19:51:27+00:00","og_image":[{"width":2262,"height":1000,"url":"https:\/\/shop.bantam.ch\/wp-content\/uploads\/2023\/03\/994473712-1-scaled.jpg","type":"image\/jpeg"}],"twitter_card":"summary_large_image","twitter_misc":{"Gesch\u00e4tzte Lesezeit":"1\u00a0Minute"},"schema":{"@context":"https:\/\/schema.org","@graph":[{"@type":"WebPage","@id":"https:\/\/shop.bantam.ch\/de\/produkt\/dachhaube-maxxfan-deluxe-weiss\/","url":"https:\/\/shop.bantam.ch\/de\/produkt\/dachhaube-maxxfan-deluxe-weiss\/","name":"Dachhaube MAXXAIR Maxxfan Deluxe manuelle \u00d6ffnung Farbe wei\u00df - Bantam Camping AG","isPartOf":{"@id":"https:\/\/shop.bantam.ch\/de\/#website"},"primaryImageOfPage":{"@id":"https:\/\/shop.bantam.ch\/de\/produkt\/dachhaube-maxxfan-deluxe-weiss\/#primaryimage"},"image":{"@id":"https:\/\/shop.bantam.ch\/de\/produkt\/dachhaube-maxxfan-deluxe-weiss\/#primaryimage"},"thumbnailUrl":"https:\/\/shop.bantam.ch\/wp-content\/uploads\/2023\/03\/994473712-1-scaled.jpg","datePublished":"2023-02-28T23:29:58+00:00","dateModified":"2026-04-18T19:51:27+00:00","breadcrumb":{"@id":"https:\/\/shop.bantam.ch\/de\/produkt\/dachhaube-maxxfan-deluxe-weiss\/#breadcrumb"},"inLanguage":"de","potentialAction":[{"@type":"ReadAction","target":["https:\/\/shop.bantam.ch\/de\/produkt\/dachhaube-maxxfan-deluxe-weiss\/"]}]},{"@type":"ImageObject","inLanguage":"de","@id":"https:\/\/shop.bantam.ch\/de\/produkt\/dachhaube-maxxfan-deluxe-weiss\/#primaryimage","url":"https:\/\/shop.bantam.ch\/wp-content\/uploads\/2023\/03\/994473712-1-scaled.jpg","contentUrl":"https:\/\/shop.bantam.ch\/wp-content\/uploads\/2023\/03\/994473712-1-scaled.jpg","width":2048,"height":905},{"@type":"BreadcrumbList","@id":"https:\/\/shop.bantam.ch\/de\/produkt\/dachhaube-maxxfan-deluxe-weiss\/#breadcrumb","itemListElement":[{"@type":"ListItem","position":1,"name":"Accueil","item":"https:\/\/shop.bantam.ch\/de\/"},{"@type":"ListItem","position":2,"name":"Shop","item":"https:\/\/shop.bantam.ch\/de\/shop\/"},{"@type":"ListItem","position":3,"name":"Dachhaube MAXXAIR Maxxfan Deluxe manuelle \u00d6ffnung Farbe wei\u00df"}]},{"@type":"WebSite","@id":"https:\/\/shop.bantam.ch\/de\/#website","url":"https:\/\/shop.bantam.ch\/de\/","name":"Bantam Camping AG","description":"","publisher":{"@id":"https:\/\/shop.bantam.ch\/de\/#organization"},"inLanguage":"de"},{"@type":"Organization","@id":"https:\/\/shop.bantam.ch\/de\/#organization","name":"Bantam Camping AG","url":"https:\/\/shop.bantam.ch\/de\/","logo":{"@type":"ImageObject","inLanguage":"de","@id":"https:\/\/shop.bantam.ch\/de\/#\/schema\/logo\/image\/","url":"https:\/\/shop.bantam.ch\/wp-content\/uploads\/2022\/12\/bantam-logo.png","contentUrl":"https:\/\/shop.bantam.ch\/wp-content\/uploads\/2022\/12\/bantam-logo.png","width":320,"height":71,"caption":"Bantam Camping AG"},"image":{"@id":"https:\/\/shop.bantam.ch\/de\/#\/schema\/logo\/image\/"}}]}},"_links":{"self":[{"href":"https:\/\/shop.bantam.ch\/de\/wp-json\/wp\/v2\/product\/124125","targetHints":{"allow":["GET"]}}],"collection":[{"href":"https:\/\/shop.bantam.ch\/de\/wp-json\/wp\/v2\/product"}],"about":[{"href":"https:\/\/shop.bantam.ch\/de\/wp-json\/wp\/v2\/types\/product"}],"wp:featuredmedia":[{"embeddable":true,"href":"https:\/\/shop.bantam.ch\/de\/wp-json\/wp\/v2\/media\/124119"}],"wp:attachment":[{"href":"https:\/\/shop.bantam.ch\/de\/wp-json\/wp\/v2\/media?parent=124125"}],"wp:term":[{"taxonomy":"product_featured_cat","embeddable":true,"href":"https:\/\/shop.bantam.ch\/de\/wp-json\/wp\/v2\/product_featured_cat?post=124125"},{"taxonomy":"product_brand","embeddable":true,"href":"https:\/\/shop.bantam.ch\/de\/wp-json\/wp\/v2\/product_brand?post=124125"},{"taxonomy":"product_cat","embeddable":true,"href":"https:\/\/shop.bantam.ch\/de\/wp-json\/wp\/v2\/product_cat?post=124125"},{"taxonomy":"product_tag","embeddable":true,"href":"https:\/\/shop.bantam.ch\/de\/wp-json\/wp\/v2\/product_tag?post=124125"}],"curies":[{"name":"wp","href":"https:\/\/api.w.org\/{rel}","templated":true}]}}