{"id":124111,"date":"2023-03-01T00:29:29","date_gmt":"2023-02-28T23:29:29","guid":{"rendered":"https:\/\/shop.bantam.ch\/produit\/dachluefter-maxxfan-dome\/"},"modified":"2026-04-18T23:43:08","modified_gmt":"2026-04-18T21:43:08","slug":"dachluefter-maxxfan-dome","status":"publish","type":"product","link":"https:\/\/shop.bantam.ch\/de\/produkt\/dachluefter-maxxfan-dome\/","title":{"rendered":"Dachl\u00fcfter Maxxfan Dome"},"content":{"rendered":"<p>Kompakte L\u00f6sung f\u00fcr Dach- oder Seitenwandbel\u00fcftung und Feuchtigkeitskontrolle in kleinen Bereichen, einschlie\u00dflich Badezimmern und Duschen. Entwickelt f\u00fcr Dach- oder Seitenwandbel\u00fcftungsanwendungen. 6-Zoll-L\u00fcfter nur mit manuell anhebbarem Deckel. Verriegelungsdeckel mit Einhand-Druckknopfbedienung.\u00a0Abnehmbare Gitter erleichtern die Reinigung. Passend f\u00fcr 1&#8243; Dachst\u00e4rken (erh\u00e4ltlich bis zu 6&#8243; St\u00e4rke). Verpackt mit einem passenden L\u00fcfterschutz, der f\u00fcr Seitenwandanwendungen verwendet werden muss. Bei Seitenwandanwendungen dient der L\u00fcfterschutz als Regenschutz und sch\u00fctzt Ihren Innenraum vor Witterung und Schmutz. Zus\u00e4tzlich bietet der L\u00fcfterschutz Schutz vor versehentlichem Kontakt mit den L\u00fcfterfl\u00fcgeln.<\/p>\n<p>\u00a0<\/p>\n","protected":false},"excerpt":{"rendered":"<p>Kompakte L\u00f6sung f\u00fcr Dach- oder Seitenwandbel\u00fcftung und Feuchtigkeitskontrolle in kleinen Bereichen, einschlie\u00dflich Badezimmern und Duschen. Entwickelt f\u00fcr Dach- oder Seitenwandbel\u00fcftungsanwendungen. 6-Zoll-L\u00fcfter nur mit manuell anhebbarem Deckel. Verriegelungsdeckel mit Einhand-Druckknopfbedienung.\u00a0Abnehmbare Gitter erleichtern die Reinigung. Passend f\u00fcr 1&#8243; Dachst\u00e4rken (erh\u00e4ltlich bis zu 6&#8243; St\u00e4rke). Verpackt mit einem passenden L\u00fcfterschutz, der f\u00fcr Seitenwandanwendungen verwendet werden muss. Bei Seitenwandanwendungen [&hellip;]<\/p>\n","protected":false},"featured_media":124085,"template":"","meta":{"_acf_changed":false},"product_featured_cat":[],"product_brand":[3625],"product_cat":[5038],"product_tag":[],"class_list":{"0":"post-124111","1":"product","2":"type-product","3":"status-publish","4":"has-post-thumbnail","6":"product_brand-maxxair-de","7":"product_cat-dachluefter-mit-motor","9":"first","10":"instock","11":"taxable","12":"shipping-taxable","13":"purchasable","14":"product-type-variable"},"acf":[],"yoast_head":"<!-- This site is optimized with the Yoast SEO plugin v27.4 - https:\/\/yoast.com\/product\/yoast-seo-wordpress\/ -->\n<title>Dachl\u00fcfter Maxxfan Dome - Bantam Camping AG<\/title>\n<meta name=\"robots\" content=\"index, follow, max-snippet:-1, max-image-preview:large, max-video-preview:-1\" \/>\n<link rel=\"canonical\" href=\"https:\/\/shop.bantam.ch\/de\/produkt\/dachluefter-maxxfan-dome\/\" \/>\n<meta property=\"og:locale\" content=\"de_DE\" \/>\n<meta property=\"og:type\" content=\"article\" \/>\n<meta property=\"og:title\" content=\"Dachl\u00fcfter Maxxfan Dome - Bantam Camping AG\" \/>\n<meta property=\"og:description\" content=\"Kompakte L\u00f6sung f\u00fcr Dach- oder Seitenwandbel\u00fcftung und Feuchtigkeitskontrolle in kleinen Bereichen, einschlie\u00dflich Badezimmern und Duschen. Entwickelt f\u00fcr Dach- oder Seitenwandbel\u00fcftungsanwendungen. 6-Zoll-L\u00fcfter nur mit manuell anhebbarem Deckel. Verriegelungsdeckel mit Einhand-Druckknopfbedienung.\u00a0Abnehmbare Gitter erleichtern die Reinigung. Passend f\u00fcr 1&#8243; Dachst\u00e4rken (erh\u00e4ltlich bis zu 6&#8243; St\u00e4rke). Verpackt mit einem passenden L\u00fcfterschutz, der f\u00fcr Seitenwandanwendungen verwendet werden muss. Bei Seitenwandanwendungen [&hellip;]\" \/>\n<meta property=\"og:url\" content=\"https:\/\/shop.bantam.ch\/de\/produkt\/dachluefter-maxxfan-dome\/\" \/>\n<meta property=\"og:site_name\" content=\"Bantam Camping AG\" \/>\n<meta property=\"article:modified_time\" content=\"2026-04-18T21:43:08+00:00\" \/>\n<meta property=\"og:image\" content=\"https:\/\/shop.bantam.ch\/wp-content\/uploads\/2023\/03\/994475113.jpg\" \/>\n\t<meta property=\"og:image:width\" content=\"1691\" \/>\n\t<meta property=\"og:image:height\" content=\"1552\" \/>\n\t<meta property=\"og:image:type\" content=\"image\/jpeg\" \/>\n<meta name=\"twitter:card\" content=\"summary_large_image\" \/>\n<script type=\"application\/ld+json\" class=\"yoast-schema-graph\">{\"@context\":\"https:\\\/\\\/schema.org\",\"@graph\":[{\"@type\":\"WebPage\",\"@id\":\"https:\\\/\\\/shop.bantam.ch\\\/de\\\/produkt\\\/dachluefter-maxxfan-dome\\\/\",\"url\":\"https:\\\/\\\/shop.bantam.ch\\\/de\\\/produkt\\\/dachluefter-maxxfan-dome\\\/\",\"name\":\"Dachl\u00fcfter Maxxfan Dome - Bantam Camping AG\",\"isPartOf\":{\"@id\":\"https:\\\/\\\/shop.bantam.ch\\\/de\\\/#website\"},\"primaryImageOfPage\":{\"@id\":\"https:\\\/\\\/shop.bantam.ch\\\/de\\\/produkt\\\/dachluefter-maxxfan-dome\\\/#primaryimage\"},\"image\":{\"@id\":\"https:\\\/\\\/shop.bantam.ch\\\/de\\\/produkt\\\/dachluefter-maxxfan-dome\\\/#primaryimage\"},\"thumbnailUrl\":\"https:\\\/\\\/shop.bantam.ch\\\/wp-content\\\/uploads\\\/2023\\\/03\\\/994475113.jpg\",\"datePublished\":\"2023-02-28T23:29:29+00:00\",\"dateModified\":\"2026-04-18T21:43:08+00:00\",\"breadcrumb\":{\"@id\":\"https:\\\/\\\/shop.bantam.ch\\\/de\\\/produkt\\\/dachluefter-maxxfan-dome\\\/#breadcrumb\"},\"inLanguage\":\"de\",\"potentialAction\":[{\"@type\":\"ReadAction\",\"target\":[\"https:\\\/\\\/shop.bantam.ch\\\/de\\\/produkt\\\/dachluefter-maxxfan-dome\\\/\"]}]},{\"@type\":\"ImageObject\",\"inLanguage\":\"de\",\"@id\":\"https:\\\/\\\/shop.bantam.ch\\\/de\\\/produkt\\\/dachluefter-maxxfan-dome\\\/#primaryimage\",\"url\":\"https:\\\/\\\/shop.bantam.ch\\\/wp-content\\\/uploads\\\/2023\\\/03\\\/994475113.jpg\",\"contentUrl\":\"https:\\\/\\\/shop.bantam.ch\\\/wp-content\\\/uploads\\\/2023\\\/03\\\/994475113.jpg\",\"width\":1691,\"height\":1552},{\"@type\":\"BreadcrumbList\",\"@id\":\"https:\\\/\\\/shop.bantam.ch\\\/de\\\/produkt\\\/dachluefter-maxxfan-dome\\\/#breadcrumb\",\"itemListElement\":[{\"@type\":\"ListItem\",\"position\":1,\"name\":\"Accueil\",\"item\":\"https:\\\/\\\/shop.bantam.ch\\\/de\\\/\"},{\"@type\":\"ListItem\",\"position\":2,\"name\":\"Shop\",\"item\":\"https:\\\/\\\/shop.bantam.ch\\\/de\\\/shop\\\/\"},{\"@type\":\"ListItem\",\"position\":3,\"name\":\"Dachl\u00fcfter Maxxfan Dome\"}]},{\"@type\":\"WebSite\",\"@id\":\"https:\\\/\\\/shop.bantam.ch\\\/de\\\/#website\",\"url\":\"https:\\\/\\\/shop.bantam.ch\\\/de\\\/\",\"name\":\"Bantam Camping AG\",\"description\":\"\",\"publisher\":{\"@id\":\"https:\\\/\\\/shop.bantam.ch\\\/de\\\/#organization\"},\"inLanguage\":\"de\"},{\"@type\":\"Organization\",\"@id\":\"https:\\\/\\\/shop.bantam.ch\\\/de\\\/#organization\",\"name\":\"Bantam Camping AG\",\"url\":\"https:\\\/\\\/shop.bantam.ch\\\/de\\\/\",\"logo\":{\"@type\":\"ImageObject\",\"inLanguage\":\"de\",\"@id\":\"https:\\\/\\\/shop.bantam.ch\\\/de\\\/#\\\/schema\\\/logo\\\/image\\\/\",\"url\":\"https:\\\/\\\/shop.bantam.ch\\\/wp-content\\\/uploads\\\/2022\\\/12\\\/bantam-logo.png\",\"contentUrl\":\"https:\\\/\\\/shop.bantam.ch\\\/wp-content\\\/uploads\\\/2022\\\/12\\\/bantam-logo.png\",\"width\":320,\"height\":71,\"caption\":\"Bantam Camping AG\"},\"image\":{\"@id\":\"https:\\\/\\\/shop.bantam.ch\\\/de\\\/#\\\/schema\\\/logo\\\/image\\\/\"}}]}<\/script>\n<!-- \/ Yoast SEO plugin. -->","yoast_head_json":{"title":"Dachl\u00fcfter Maxxfan Dome - Bantam Camping AG","robots":{"index":"index","follow":"follow","max-snippet":"max-snippet:-1","max-image-preview":"max-image-preview:large","max-video-preview":"max-video-preview:-1"},"canonical":"https:\/\/shop.bantam.ch\/de\/produkt\/dachluefter-maxxfan-dome\/","og_locale":"de_DE","og_type":"article","og_title":"Dachl\u00fcfter Maxxfan Dome - Bantam Camping AG","og_description":"Kompakte L\u00f6sung f\u00fcr Dach- oder Seitenwandbel\u00fcftung und Feuchtigkeitskontrolle in kleinen Bereichen, einschlie\u00dflich Badezimmern und Duschen. Entwickelt f\u00fcr Dach- oder Seitenwandbel\u00fcftungsanwendungen. 6-Zoll-L\u00fcfter nur mit manuell anhebbarem Deckel. Verriegelungsdeckel mit Einhand-Druckknopfbedienung.\u00a0Abnehmbare Gitter erleichtern die Reinigung. Passend f\u00fcr 1&#8243; Dachst\u00e4rken (erh\u00e4ltlich bis zu 6&#8243; St\u00e4rke). Verpackt mit einem passenden L\u00fcfterschutz, der f\u00fcr Seitenwandanwendungen verwendet werden muss. Bei Seitenwandanwendungen [&hellip;]","og_url":"https:\/\/shop.bantam.ch\/de\/produkt\/dachluefter-maxxfan-dome\/","og_site_name":"Bantam Camping AG","article_modified_time":"2026-04-18T21:43:08+00:00","og_image":[{"width":1691,"height":1552,"url":"https:\/\/shop.bantam.ch\/wp-content\/uploads\/2023\/03\/994475113.jpg","type":"image\/jpeg"}],"twitter_card":"summary_large_image","schema":{"@context":"https:\/\/schema.org","@graph":[{"@type":"WebPage","@id":"https:\/\/shop.bantam.ch\/de\/produkt\/dachluefter-maxxfan-dome\/","url":"https:\/\/shop.bantam.ch\/de\/produkt\/dachluefter-maxxfan-dome\/","name":"Dachl\u00fcfter Maxxfan Dome - Bantam Camping AG","isPartOf":{"@id":"https:\/\/shop.bantam.ch\/de\/#website"},"primaryImageOfPage":{"@id":"https:\/\/shop.bantam.ch\/de\/produkt\/dachluefter-maxxfan-dome\/#primaryimage"},"image":{"@id":"https:\/\/shop.bantam.ch\/de\/produkt\/dachluefter-maxxfan-dome\/#primaryimage"},"thumbnailUrl":"https:\/\/shop.bantam.ch\/wp-content\/uploads\/2023\/03\/994475113.jpg","datePublished":"2023-02-28T23:29:29+00:00","dateModified":"2026-04-18T21:43:08+00:00","breadcrumb":{"@id":"https:\/\/shop.bantam.ch\/de\/produkt\/dachluefter-maxxfan-dome\/#breadcrumb"},"inLanguage":"de","potentialAction":[{"@type":"ReadAction","target":["https:\/\/shop.bantam.ch\/de\/produkt\/dachluefter-maxxfan-dome\/"]}]},{"@type":"ImageObject","inLanguage":"de","@id":"https:\/\/shop.bantam.ch\/de\/produkt\/dachluefter-maxxfan-dome\/#primaryimage","url":"https:\/\/shop.bantam.ch\/wp-content\/uploads\/2023\/03\/994475113.jpg","contentUrl":"https:\/\/shop.bantam.ch\/wp-content\/uploads\/2023\/03\/994475113.jpg","width":1691,"height":1552},{"@type":"BreadcrumbList","@id":"https:\/\/shop.bantam.ch\/de\/produkt\/dachluefter-maxxfan-dome\/#breadcrumb","itemListElement":[{"@type":"ListItem","position":1,"name":"Accueil","item":"https:\/\/shop.bantam.ch\/de\/"},{"@type":"ListItem","position":2,"name":"Shop","item":"https:\/\/shop.bantam.ch\/de\/shop\/"},{"@type":"ListItem","position":3,"name":"Dachl\u00fcfter Maxxfan Dome"}]},{"@type":"WebSite","@id":"https:\/\/shop.bantam.ch\/de\/#website","url":"https:\/\/shop.bantam.ch\/de\/","name":"Bantam Camping AG","description":"","publisher":{"@id":"https:\/\/shop.bantam.ch\/de\/#organization"},"inLanguage":"de"},{"@type":"Organization","@id":"https:\/\/shop.bantam.ch\/de\/#organization","name":"Bantam Camping AG","url":"https:\/\/shop.bantam.ch\/de\/","logo":{"@type":"ImageObject","inLanguage":"de","@id":"https:\/\/shop.bantam.ch\/de\/#\/schema\/logo\/image\/","url":"https:\/\/shop.bantam.ch\/wp-content\/uploads\/2022\/12\/bantam-logo.png","contentUrl":"https:\/\/shop.bantam.ch\/wp-content\/uploads\/2022\/12\/bantam-logo.png","width":320,"height":71,"caption":"Bantam Camping AG"},"image":{"@id":"https:\/\/shop.bantam.ch\/de\/#\/schema\/logo\/image\/"}}]}},"_links":{"self":[{"href":"https:\/\/shop.bantam.ch\/de\/wp-json\/wp\/v2\/product\/124111","targetHints":{"allow":["GET"]}}],"collection":[{"href":"https:\/\/shop.bantam.ch\/de\/wp-json\/wp\/v2\/product"}],"about":[{"href":"https:\/\/shop.bantam.ch\/de\/wp-json\/wp\/v2\/types\/product"}],"wp:featuredmedia":[{"embeddable":true,"href":"https:\/\/shop.bantam.ch\/de\/wp-json\/wp\/v2\/media\/124085"}],"wp:attachment":[{"href":"https:\/\/shop.bantam.ch\/de\/wp-json\/wp\/v2\/media?parent=124111"}],"wp:term":[{"taxonomy":"product_featured_cat","embeddable":true,"href":"https:\/\/shop.bantam.ch\/de\/wp-json\/wp\/v2\/product_featured_cat?post=124111"},{"taxonomy":"product_brand","embeddable":true,"href":"https:\/\/shop.bantam.ch\/de\/wp-json\/wp\/v2\/product_brand?post=124111"},{"taxonomy":"product_cat","embeddable":true,"href":"https:\/\/shop.bantam.ch\/de\/wp-json\/wp\/v2\/product_cat?post=124111"},{"taxonomy":"product_tag","embeddable":true,"href":"https:\/\/shop.bantam.ch\/de\/wp-json\/wp\/v2\/product_tag?post=124111"}],"curies":[{"name":"wp","href":"https:\/\/api.w.org\/{rel}","templated":true}]}}