{"id":124057,"date":"2023-03-01T00:28:47","date_gmt":"2023-02-28T23:28:47","guid":{"rendered":"https:\/\/shop.bantam.ch\/produit\/innenrahmen-mit-verdunklungsrollo-maxxshade\/"},"modified":"2026-05-06T23:44:15","modified_gmt":"2026-05-06T21:44:15","slug":"innenrahmen-mit-verdunklungsrollo-maxxshade","status":"publish","type":"product","link":"https:\/\/shop.bantam.ch\/de\/produkt\/innenrahmen-mit-verdunklungsrollo-maxxshade\/","title":{"rendered":"Innenrahmen mit Verdunklungsrollo Maxxshade"},"content":{"rendered":"<p>Der Maxxshade ist die perfekte L\u00f6sung, um Sonnenlicht und UV-Strahlen abzuschirmen, damit Sie sich k\u00fchl und wohl f\u00fchlen &#8211; Tag und Nacht! Vollst\u00e4ndig einziehbares, federbelastetes Rollo mit sicherem &#8222;Snap-Lock&#8220;-Verschluss. Das Beschattungsmaterial hat eine reflektierende R\u00fcckseite, um Licht zu blockieren und W\u00e4rme zu reflektieren. Beeintr\u00e4chtigt nicht den normalen Betrieb einer Dachentl\u00fcftung oder eines elektrischen Ventilators. Einfache Installation unter Verwendung des vorhandenen Garniturrings.\u00a0<\/p>\n","protected":false},"excerpt":{"rendered":"<p>Der Maxxshade ist die perfekte L\u00f6sung, um Sonnenlicht und UV-Strahlen abzuschirmen, damit Sie sich k\u00fchl und wohl f\u00fchlen &#8211; Tag und Nacht! Vollst\u00e4ndig einziehbares, federbelastetes Rollo mit sicherem &#8222;Snap-Lock&#8220;-Verschluss. Das Beschattungsmaterial hat eine reflektierende R\u00fcckseite, um Licht zu blockieren und W\u00e4rme zu reflektieren. Beeintr\u00e4chtigt nicht den normalen Betrieb einer Dachentl\u00fcftung oder eines elektrischen Ventilators. Einfache [&hellip;]<\/p>\n","protected":false},"featured_media":124047,"template":"","meta":{"_acf_changed":false},"product_featured_cat":[],"product_brand":[3625],"product_cat":[5048],"product_tag":[],"class_list":{"0":"post-124057","1":"product","2":"type-product","3":"status-publish","4":"has-post-thumbnail","6":"product_brand-maxxair-de","7":"product_cat-adapterrahmen","9":"first","10":"instock","11":"taxable","12":"shipping-taxable","13":"purchasable","14":"product-type-variable"},"acf":[],"yoast_head":"<!-- This site is optimized with the Yoast SEO plugin v27.5 - https:\/\/yoast.com\/product\/yoast-seo-wordpress\/ -->\n<title>Innenrahmen mit Verdunklungsrollo Maxxshade - Bantam<\/title>\n<meta name=\"robots\" content=\"index, follow, max-snippet:-1, max-image-preview:large, max-video-preview:-1\" \/>\n<link rel=\"canonical\" href=\"https:\/\/shop.bantam.ch\/de\/produkt\/innenrahmen-mit-verdunklungsrollo-maxxshade\/\" \/>\n<meta property=\"og:locale\" content=\"de_DE\" \/>\n<meta property=\"og:type\" content=\"article\" \/>\n<meta property=\"og:title\" content=\"Innenrahmen mit Verdunklungsrollo Maxxshade - Bantam\" \/>\n<meta property=\"og:description\" content=\"Der Maxxshade ist die perfekte L\u00f6sung, um Sonnenlicht und UV-Strahlen abzuschirmen, damit Sie sich k\u00fchl und wohl f\u00fchlen &#8211; Tag und Nacht! Vollst\u00e4ndig einziehbares, federbelastetes Rollo mit sicherem &#8222;Snap-Lock&#8220;-Verschluss. Das Beschattungsmaterial hat eine reflektierende R\u00fcckseite, um Licht zu blockieren und W\u00e4rme zu reflektieren. Beeintr\u00e4chtigt nicht den normalen Betrieb einer Dachentl\u00fcftung oder eines elektrischen Ventilators. Einfache [&hellip;]\" \/>\n<meta property=\"og:url\" content=\"https:\/\/shop.bantam.ch\/de\/produkt\/innenrahmen-mit-verdunklungsrollo-maxxshade\/\" \/>\n<meta property=\"og:site_name\" content=\"Bantam\" \/>\n<meta property=\"article:modified_time\" content=\"2026-05-06T21:44:15+00:00\" \/>\n<meta property=\"og:image\" content=\"https:\/\/shop.bantam.ch\/wp-content\/uploads\/2023\/03\/994474611.png\" \/>\n\t<meta property=\"og:image:width\" content=\"500\" \/>\n\t<meta property=\"og:image:height\" content=\"322\" \/>\n\t<meta property=\"og:image:type\" content=\"image\/png\" \/>\n<meta name=\"twitter:card\" content=\"summary_large_image\" \/>\n<script type=\"application\/ld+json\" class=\"yoast-schema-graph\">{\"@context\":\"https:\\\/\\\/schema.org\",\"@graph\":[{\"@type\":\"WebPage\",\"@id\":\"https:\\\/\\\/shop.bantam.ch\\\/de\\\/produkt\\\/innenrahmen-mit-verdunklungsrollo-maxxshade\\\/\",\"url\":\"https:\\\/\\\/shop.bantam.ch\\\/de\\\/produkt\\\/innenrahmen-mit-verdunklungsrollo-maxxshade\\\/\",\"name\":\"Innenrahmen mit Verdunklungsrollo Maxxshade - Bantam\",\"isPartOf\":{\"@id\":\"https:\\\/\\\/shop.bantam.ch\\\/de\\\/#website\"},\"primaryImageOfPage\":{\"@id\":\"https:\\\/\\\/shop.bantam.ch\\\/de\\\/produkt\\\/innenrahmen-mit-verdunklungsrollo-maxxshade\\\/#primaryimage\"},\"image\":{\"@id\":\"https:\\\/\\\/shop.bantam.ch\\\/de\\\/produkt\\\/innenrahmen-mit-verdunklungsrollo-maxxshade\\\/#primaryimage\"},\"thumbnailUrl\":\"https:\\\/\\\/shop.bantam.ch\\\/wp-content\\\/uploads\\\/2023\\\/03\\\/994474611.png\",\"datePublished\":\"2023-02-28T23:28:47+00:00\",\"dateModified\":\"2026-05-06T21:44:15+00:00\",\"breadcrumb\":{\"@id\":\"https:\\\/\\\/shop.bantam.ch\\\/de\\\/produkt\\\/innenrahmen-mit-verdunklungsrollo-maxxshade\\\/#breadcrumb\"},\"inLanguage\":\"de\",\"potentialAction\":[{\"@type\":\"ReadAction\",\"target\":[\"https:\\\/\\\/shop.bantam.ch\\\/de\\\/produkt\\\/innenrahmen-mit-verdunklungsrollo-maxxshade\\\/\"]}]},{\"@type\":\"ImageObject\",\"inLanguage\":\"de\",\"@id\":\"https:\\\/\\\/shop.bantam.ch\\\/de\\\/produkt\\\/innenrahmen-mit-verdunklungsrollo-maxxshade\\\/#primaryimage\",\"url\":\"https:\\\/\\\/shop.bantam.ch\\\/wp-content\\\/uploads\\\/2023\\\/03\\\/994474611.png\",\"contentUrl\":\"https:\\\/\\\/shop.bantam.ch\\\/wp-content\\\/uploads\\\/2023\\\/03\\\/994474611.png\",\"width\":500,\"height\":322},{\"@type\":\"BreadcrumbList\",\"@id\":\"https:\\\/\\\/shop.bantam.ch\\\/de\\\/produkt\\\/innenrahmen-mit-verdunklungsrollo-maxxshade\\\/#breadcrumb\",\"itemListElement\":[{\"@type\":\"ListItem\",\"position\":1,\"name\":\"Accueil\",\"item\":\"https:\\\/\\\/shop.bantam.ch\\\/de\\\/\"},{\"@type\":\"ListItem\",\"position\":2,\"name\":\"Shop\",\"item\":\"https:\\\/\\\/shop.bantam.ch\\\/de\\\/shop\\\/\"},{\"@type\":\"ListItem\",\"position\":3,\"name\":\"Innenrahmen mit Verdunklungsrollo Maxxshade\"}]},{\"@type\":\"WebSite\",\"@id\":\"https:\\\/\\\/shop.bantam.ch\\\/de\\\/#website\",\"url\":\"https:\\\/\\\/shop.bantam.ch\\\/de\\\/\",\"name\":\"Bantam\",\"description\":\"\",\"publisher\":{\"@id\":\"https:\\\/\\\/shop.bantam.ch\\\/de\\\/#organization\"},\"inLanguage\":\"de\"},{\"@type\":\"Organization\",\"@id\":\"https:\\\/\\\/shop.bantam.ch\\\/de\\\/#organization\",\"name\":\"Bantam\",\"url\":\"https:\\\/\\\/shop.bantam.ch\\\/de\\\/\",\"logo\":{\"@type\":\"ImageObject\",\"inLanguage\":\"de\",\"@id\":\"https:\\\/\\\/shop.bantam.ch\\\/de\\\/#\\\/schema\\\/logo\\\/image\\\/\",\"url\":\"https:\\\/\\\/shop.bantam.ch\\\/wp-content\\\/uploads\\\/2022\\\/12\\\/bantam-logo.png\",\"contentUrl\":\"https:\\\/\\\/shop.bantam.ch\\\/wp-content\\\/uploads\\\/2022\\\/12\\\/bantam-logo.png\",\"width\":320,\"height\":71,\"caption\":\"Bantam\"},\"image\":{\"@id\":\"https:\\\/\\\/shop.bantam.ch\\\/de\\\/#\\\/schema\\\/logo\\\/image\\\/\"}}]}<\/script>\n<!-- \/ Yoast SEO plugin. -->","yoast_head_json":{"title":"Innenrahmen mit Verdunklungsrollo Maxxshade - Bantam","robots":{"index":"index","follow":"follow","max-snippet":"max-snippet:-1","max-image-preview":"max-image-preview:large","max-video-preview":"max-video-preview:-1"},"canonical":"https:\/\/shop.bantam.ch\/de\/produkt\/innenrahmen-mit-verdunklungsrollo-maxxshade\/","og_locale":"de_DE","og_type":"article","og_title":"Innenrahmen mit Verdunklungsrollo Maxxshade - Bantam","og_description":"Der Maxxshade ist die perfekte L\u00f6sung, um Sonnenlicht und UV-Strahlen abzuschirmen, damit Sie sich k\u00fchl und wohl f\u00fchlen &#8211; Tag und Nacht! Vollst\u00e4ndig einziehbares, federbelastetes Rollo mit sicherem &#8222;Snap-Lock&#8220;-Verschluss. Das Beschattungsmaterial hat eine reflektierende R\u00fcckseite, um Licht zu blockieren und W\u00e4rme zu reflektieren. Beeintr\u00e4chtigt nicht den normalen Betrieb einer Dachentl\u00fcftung oder eines elektrischen Ventilators. Einfache [&hellip;]","og_url":"https:\/\/shop.bantam.ch\/de\/produkt\/innenrahmen-mit-verdunklungsrollo-maxxshade\/","og_site_name":"Bantam","article_modified_time":"2026-05-06T21:44:15+00:00","og_image":[{"width":500,"height":322,"url":"https:\/\/shop.bantam.ch\/wp-content\/uploads\/2023\/03\/994474611.png","type":"image\/png"}],"twitter_card":"summary_large_image","schema":{"@context":"https:\/\/schema.org","@graph":[{"@type":"WebPage","@id":"https:\/\/shop.bantam.ch\/de\/produkt\/innenrahmen-mit-verdunklungsrollo-maxxshade\/","url":"https:\/\/shop.bantam.ch\/de\/produkt\/innenrahmen-mit-verdunklungsrollo-maxxshade\/","name":"Innenrahmen mit Verdunklungsrollo Maxxshade - Bantam","isPartOf":{"@id":"https:\/\/shop.bantam.ch\/de\/#website"},"primaryImageOfPage":{"@id":"https:\/\/shop.bantam.ch\/de\/produkt\/innenrahmen-mit-verdunklungsrollo-maxxshade\/#primaryimage"},"image":{"@id":"https:\/\/shop.bantam.ch\/de\/produkt\/innenrahmen-mit-verdunklungsrollo-maxxshade\/#primaryimage"},"thumbnailUrl":"https:\/\/shop.bantam.ch\/wp-content\/uploads\/2023\/03\/994474611.png","datePublished":"2023-02-28T23:28:47+00:00","dateModified":"2026-05-06T21:44:15+00:00","breadcrumb":{"@id":"https:\/\/shop.bantam.ch\/de\/produkt\/innenrahmen-mit-verdunklungsrollo-maxxshade\/#breadcrumb"},"inLanguage":"de","potentialAction":[{"@type":"ReadAction","target":["https:\/\/shop.bantam.ch\/de\/produkt\/innenrahmen-mit-verdunklungsrollo-maxxshade\/"]}]},{"@type":"ImageObject","inLanguage":"de","@id":"https:\/\/shop.bantam.ch\/de\/produkt\/innenrahmen-mit-verdunklungsrollo-maxxshade\/#primaryimage","url":"https:\/\/shop.bantam.ch\/wp-content\/uploads\/2023\/03\/994474611.png","contentUrl":"https:\/\/shop.bantam.ch\/wp-content\/uploads\/2023\/03\/994474611.png","width":500,"height":322},{"@type":"BreadcrumbList","@id":"https:\/\/shop.bantam.ch\/de\/produkt\/innenrahmen-mit-verdunklungsrollo-maxxshade\/#breadcrumb","itemListElement":[{"@type":"ListItem","position":1,"name":"Accueil","item":"https:\/\/shop.bantam.ch\/de\/"},{"@type":"ListItem","position":2,"name":"Shop","item":"https:\/\/shop.bantam.ch\/de\/shop\/"},{"@type":"ListItem","position":3,"name":"Innenrahmen mit Verdunklungsrollo Maxxshade"}]},{"@type":"WebSite","@id":"https:\/\/shop.bantam.ch\/de\/#website","url":"https:\/\/shop.bantam.ch\/de\/","name":"Bantam","description":"","publisher":{"@id":"https:\/\/shop.bantam.ch\/de\/#organization"},"inLanguage":"de"},{"@type":"Organization","@id":"https:\/\/shop.bantam.ch\/de\/#organization","name":"Bantam","url":"https:\/\/shop.bantam.ch\/de\/","logo":{"@type":"ImageObject","inLanguage":"de","@id":"https:\/\/shop.bantam.ch\/de\/#\/schema\/logo\/image\/","url":"https:\/\/shop.bantam.ch\/wp-content\/uploads\/2022\/12\/bantam-logo.png","contentUrl":"https:\/\/shop.bantam.ch\/wp-content\/uploads\/2022\/12\/bantam-logo.png","width":320,"height":71,"caption":"Bantam"},"image":{"@id":"https:\/\/shop.bantam.ch\/de\/#\/schema\/logo\/image\/"}}]}},"_links":{"self":[{"href":"https:\/\/shop.bantam.ch\/de\/wp-json\/wp\/v2\/product\/124057","targetHints":{"allow":["GET"]}}],"collection":[{"href":"https:\/\/shop.bantam.ch\/de\/wp-json\/wp\/v2\/product"}],"about":[{"href":"https:\/\/shop.bantam.ch\/de\/wp-json\/wp\/v2\/types\/product"}],"wp:featuredmedia":[{"embeddable":true,"href":"https:\/\/shop.bantam.ch\/de\/wp-json\/wp\/v2\/media\/124047"}],"wp:attachment":[{"href":"https:\/\/shop.bantam.ch\/de\/wp-json\/wp\/v2\/media?parent=124057"}],"wp:term":[{"taxonomy":"product_featured_cat","embeddable":true,"href":"https:\/\/shop.bantam.ch\/de\/wp-json\/wp\/v2\/product_featured_cat?post=124057"},{"taxonomy":"product_brand","embeddable":true,"href":"https:\/\/shop.bantam.ch\/de\/wp-json\/wp\/v2\/product_brand?post=124057"},{"taxonomy":"product_cat","embeddable":true,"href":"https:\/\/shop.bantam.ch\/de\/wp-json\/wp\/v2\/product_cat?post=124057"},{"taxonomy":"product_tag","embeddable":true,"href":"https:\/\/shop.bantam.ch\/de\/wp-json\/wp\/v2\/product_tag?post=124057"}],"curies":[{"name":"wp","href":"https:\/\/api.w.org\/{rel}","templated":true}]}}