{"id":123969,"date":"2023-03-01T00:27:53","date_gmt":"2023-02-28T23:27:53","guid":{"rendered":"https:\/\/shop.bantam.ch\/produit\/dachhaube-maxxfan-plus\/"},"modified":"2026-04-18T21:51:27","modified_gmt":"2026-04-18T19:51:27","slug":"dachhaube-maxxfan-plus","status":"publish","type":"product","link":"https:\/\/shop.bantam.ch\/de\/produkt\/dachhaube-maxxfan-plus\/","title":{"rendered":"Dachhaube MAXXAIR Maxxfan Plus mit Zu- und Abluftvent. elektrisch"},"content":{"rendered":"<p>Dachhaube mit leistungsstarkem 10-stufigen Ansaug- und Abluftventilator und L\u00fcfter, sowie Thermostat zur Regelung der Raumtemperatur. Die wasserdichte, geformte Halterungslaschen sorgen f\u00fcr eine werkzeuglose Installation der neuen FANMATE-L\u00fcftungsabdeckung (separat erh\u00e4ltlich).&nbsp; Mit elektrischer \u00d6ffnung ohne Fernbedienung, Haube Farbe wei\u00df.<\/p>\n","protected":false},"excerpt":{"rendered":"<p>Dachhaube mit leistungsstarkem 10-stufigen Ansaug- und Abluftventilator und L\u00fcfter, sowie Thermostat zur Regelung der Raumtemperatur. Die wasserdichte, geformte Halterungslaschen sorgen f\u00fcr eine werkzeuglose Installation der neuen FANMATE-L\u00fcftungsabdeckung (separat erh\u00e4ltlich).&nbsp; Mit elektrischer \u00d6ffnung ohne Fernbedienung, Haube Farbe wei\u00df.<\/p>\n","protected":false},"featured_media":186943,"template":"","meta":{"_acf_changed":false},"product_featured_cat":[],"product_brand":[3625],"product_cat":[5042],"product_tag":[],"class_list":{"0":"post-123969","1":"product","2":"type-product","3":"status-publish","4":"has-post-thumbnail","6":"product_brand-maxxair-de","7":"product_cat-ersatzhauben","9":"first","10":"instock","11":"taxable","12":"shipping-taxable","13":"purchasable","14":"product-type-simple"},"acf":[],"yoast_head":"<!-- This site is optimized with the Yoast SEO plugin v27.4 - https:\/\/yoast.com\/product\/yoast-seo-wordpress\/ -->\n<title>Dachhaube MAXXAIR Maxxfan Plus mit Zu- und Abluftvent. elektrisch - Bantam Camping AG<\/title>\n<meta name=\"robots\" content=\"index, follow, max-snippet:-1, max-image-preview:large, max-video-preview:-1\" \/>\n<link rel=\"canonical\" href=\"https:\/\/shop.bantam.ch\/de\/produkt\/dachhaube-maxxfan-plus\/\" \/>\n<meta property=\"og:locale\" content=\"de_DE\" \/>\n<meta property=\"og:type\" content=\"article\" \/>\n<meta property=\"og:title\" content=\"Dachhaube MAXXAIR Maxxfan Plus mit Zu- und Abluftvent. elektrisch - Bantam Camping AG\" \/>\n<meta property=\"og:description\" content=\"Dachhaube mit leistungsstarkem 10-stufigen Ansaug- und Abluftventilator und L\u00fcfter, sowie Thermostat zur Regelung der Raumtemperatur. Die wasserdichte, geformte Halterungslaschen sorgen f\u00fcr eine werkzeuglose Installation der neuen FANMATE-L\u00fcftungsabdeckung (separat erh\u00e4ltlich).&nbsp; Mit elektrischer \u00d6ffnung ohne Fernbedienung, Haube Farbe wei\u00df.\" \/>\n<meta property=\"og:url\" content=\"https:\/\/shop.bantam.ch\/de\/produkt\/dachhaube-maxxfan-plus\/\" \/>\n<meta property=\"og:site_name\" content=\"Bantam Camping AG\" \/>\n<meta property=\"article:modified_time\" content=\"2026-04-18T19:51:27+00:00\" \/>\n<meta property=\"og:image\" content=\"https:\/\/shop.bantam.ch\/wp-content\/uploads\/2023\/09\/Movera-L-9944741100.jpg\" \/>\n\t<meta property=\"og:image:width\" content=\"640\" \/>\n\t<meta property=\"og:image:height\" content=\"412\" \/>\n\t<meta property=\"og:image:type\" content=\"image\/jpeg\" \/>\n<meta name=\"twitter:card\" content=\"summary_large_image\" \/>\n<script type=\"application\/ld+json\" class=\"yoast-schema-graph\">{\"@context\":\"https:\\\/\\\/schema.org\",\"@graph\":[{\"@type\":\"WebPage\",\"@id\":\"https:\\\/\\\/shop.bantam.ch\\\/de\\\/produkt\\\/dachhaube-maxxfan-plus\\\/\",\"url\":\"https:\\\/\\\/shop.bantam.ch\\\/de\\\/produkt\\\/dachhaube-maxxfan-plus\\\/\",\"name\":\"Dachhaube MAXXAIR Maxxfan Plus mit Zu- und Abluftvent. elektrisch - Bantam Camping AG\",\"isPartOf\":{\"@id\":\"https:\\\/\\\/shop.bantam.ch\\\/de\\\/#website\"},\"primaryImageOfPage\":{\"@id\":\"https:\\\/\\\/shop.bantam.ch\\\/de\\\/produkt\\\/dachhaube-maxxfan-plus\\\/#primaryimage\"},\"image\":{\"@id\":\"https:\\\/\\\/shop.bantam.ch\\\/de\\\/produkt\\\/dachhaube-maxxfan-plus\\\/#primaryimage\"},\"thumbnailUrl\":\"https:\\\/\\\/shop.bantam.ch\\\/wp-content\\\/uploads\\\/2023\\\/09\\\/Movera-L-9944741100.jpg\",\"datePublished\":\"2023-02-28T23:27:53+00:00\",\"dateModified\":\"2026-04-18T19:51:27+00:00\",\"breadcrumb\":{\"@id\":\"https:\\\/\\\/shop.bantam.ch\\\/de\\\/produkt\\\/dachhaube-maxxfan-plus\\\/#breadcrumb\"},\"inLanguage\":\"de\",\"potentialAction\":[{\"@type\":\"ReadAction\",\"target\":[\"https:\\\/\\\/shop.bantam.ch\\\/de\\\/produkt\\\/dachhaube-maxxfan-plus\\\/\"]}]},{\"@type\":\"ImageObject\",\"inLanguage\":\"de\",\"@id\":\"https:\\\/\\\/shop.bantam.ch\\\/de\\\/produkt\\\/dachhaube-maxxfan-plus\\\/#primaryimage\",\"url\":\"https:\\\/\\\/shop.bantam.ch\\\/wp-content\\\/uploads\\\/2023\\\/09\\\/Movera-L-9944741100.jpg\",\"contentUrl\":\"https:\\\/\\\/shop.bantam.ch\\\/wp-content\\\/uploads\\\/2023\\\/09\\\/Movera-L-9944741100.jpg\",\"width\":640,\"height\":412},{\"@type\":\"BreadcrumbList\",\"@id\":\"https:\\\/\\\/shop.bantam.ch\\\/de\\\/produkt\\\/dachhaube-maxxfan-plus\\\/#breadcrumb\",\"itemListElement\":[{\"@type\":\"ListItem\",\"position\":1,\"name\":\"Accueil\",\"item\":\"https:\\\/\\\/shop.bantam.ch\\\/de\\\/\"},{\"@type\":\"ListItem\",\"position\":2,\"name\":\"Shop\",\"item\":\"https:\\\/\\\/shop.bantam.ch\\\/de\\\/shop\\\/\"},{\"@type\":\"ListItem\",\"position\":3,\"name\":\"Dachhaube MAXXAIR Maxxfan Plus mit Zu- und Abluftvent. elektrisch\"}]},{\"@type\":\"WebSite\",\"@id\":\"https:\\\/\\\/shop.bantam.ch\\\/de\\\/#website\",\"url\":\"https:\\\/\\\/shop.bantam.ch\\\/de\\\/\",\"name\":\"Bantam Camping AG\",\"description\":\"\",\"publisher\":{\"@id\":\"https:\\\/\\\/shop.bantam.ch\\\/de\\\/#organization\"},\"inLanguage\":\"de\"},{\"@type\":\"Organization\",\"@id\":\"https:\\\/\\\/shop.bantam.ch\\\/de\\\/#organization\",\"name\":\"Bantam Camping AG\",\"url\":\"https:\\\/\\\/shop.bantam.ch\\\/de\\\/\",\"logo\":{\"@type\":\"ImageObject\",\"inLanguage\":\"de\",\"@id\":\"https:\\\/\\\/shop.bantam.ch\\\/de\\\/#\\\/schema\\\/logo\\\/image\\\/\",\"url\":\"https:\\\/\\\/shop.bantam.ch\\\/wp-content\\\/uploads\\\/2022\\\/12\\\/bantam-logo.png\",\"contentUrl\":\"https:\\\/\\\/shop.bantam.ch\\\/wp-content\\\/uploads\\\/2022\\\/12\\\/bantam-logo.png\",\"width\":320,\"height\":71,\"caption\":\"Bantam Camping AG\"},\"image\":{\"@id\":\"https:\\\/\\\/shop.bantam.ch\\\/de\\\/#\\\/schema\\\/logo\\\/image\\\/\"}}]}<\/script>\n<!-- \/ Yoast SEO plugin. -->","yoast_head_json":{"title":"Dachhaube MAXXAIR Maxxfan Plus mit Zu- und Abluftvent. elektrisch - Bantam Camping AG","robots":{"index":"index","follow":"follow","max-snippet":"max-snippet:-1","max-image-preview":"max-image-preview:large","max-video-preview":"max-video-preview:-1"},"canonical":"https:\/\/shop.bantam.ch\/de\/produkt\/dachhaube-maxxfan-plus\/","og_locale":"de_DE","og_type":"article","og_title":"Dachhaube MAXXAIR Maxxfan Plus mit Zu- und Abluftvent. elektrisch - Bantam Camping AG","og_description":"Dachhaube mit leistungsstarkem 10-stufigen Ansaug- und Abluftventilator und L\u00fcfter, sowie Thermostat zur Regelung der Raumtemperatur. Die wasserdichte, geformte Halterungslaschen sorgen f\u00fcr eine werkzeuglose Installation der neuen FANMATE-L\u00fcftungsabdeckung (separat erh\u00e4ltlich).&nbsp; Mit elektrischer \u00d6ffnung ohne Fernbedienung, Haube Farbe wei\u00df.","og_url":"https:\/\/shop.bantam.ch\/de\/produkt\/dachhaube-maxxfan-plus\/","og_site_name":"Bantam Camping AG","article_modified_time":"2026-04-18T19:51:27+00:00","og_image":[{"width":640,"height":412,"url":"https:\/\/shop.bantam.ch\/wp-content\/uploads\/2023\/09\/Movera-L-9944741100.jpg","type":"image\/jpeg"}],"twitter_card":"summary_large_image","schema":{"@context":"https:\/\/schema.org","@graph":[{"@type":"WebPage","@id":"https:\/\/shop.bantam.ch\/de\/produkt\/dachhaube-maxxfan-plus\/","url":"https:\/\/shop.bantam.ch\/de\/produkt\/dachhaube-maxxfan-plus\/","name":"Dachhaube MAXXAIR Maxxfan Plus mit Zu- und Abluftvent. elektrisch - Bantam Camping AG","isPartOf":{"@id":"https:\/\/shop.bantam.ch\/de\/#website"},"primaryImageOfPage":{"@id":"https:\/\/shop.bantam.ch\/de\/produkt\/dachhaube-maxxfan-plus\/#primaryimage"},"image":{"@id":"https:\/\/shop.bantam.ch\/de\/produkt\/dachhaube-maxxfan-plus\/#primaryimage"},"thumbnailUrl":"https:\/\/shop.bantam.ch\/wp-content\/uploads\/2023\/09\/Movera-L-9944741100.jpg","datePublished":"2023-02-28T23:27:53+00:00","dateModified":"2026-04-18T19:51:27+00:00","breadcrumb":{"@id":"https:\/\/shop.bantam.ch\/de\/produkt\/dachhaube-maxxfan-plus\/#breadcrumb"},"inLanguage":"de","potentialAction":[{"@type":"ReadAction","target":["https:\/\/shop.bantam.ch\/de\/produkt\/dachhaube-maxxfan-plus\/"]}]},{"@type":"ImageObject","inLanguage":"de","@id":"https:\/\/shop.bantam.ch\/de\/produkt\/dachhaube-maxxfan-plus\/#primaryimage","url":"https:\/\/shop.bantam.ch\/wp-content\/uploads\/2023\/09\/Movera-L-9944741100.jpg","contentUrl":"https:\/\/shop.bantam.ch\/wp-content\/uploads\/2023\/09\/Movera-L-9944741100.jpg","width":640,"height":412},{"@type":"BreadcrumbList","@id":"https:\/\/shop.bantam.ch\/de\/produkt\/dachhaube-maxxfan-plus\/#breadcrumb","itemListElement":[{"@type":"ListItem","position":1,"name":"Accueil","item":"https:\/\/shop.bantam.ch\/de\/"},{"@type":"ListItem","position":2,"name":"Shop","item":"https:\/\/shop.bantam.ch\/de\/shop\/"},{"@type":"ListItem","position":3,"name":"Dachhaube MAXXAIR Maxxfan Plus mit Zu- und Abluftvent. elektrisch"}]},{"@type":"WebSite","@id":"https:\/\/shop.bantam.ch\/de\/#website","url":"https:\/\/shop.bantam.ch\/de\/","name":"Bantam Camping AG","description":"","publisher":{"@id":"https:\/\/shop.bantam.ch\/de\/#organization"},"inLanguage":"de"},{"@type":"Organization","@id":"https:\/\/shop.bantam.ch\/de\/#organization","name":"Bantam Camping AG","url":"https:\/\/shop.bantam.ch\/de\/","logo":{"@type":"ImageObject","inLanguage":"de","@id":"https:\/\/shop.bantam.ch\/de\/#\/schema\/logo\/image\/","url":"https:\/\/shop.bantam.ch\/wp-content\/uploads\/2022\/12\/bantam-logo.png","contentUrl":"https:\/\/shop.bantam.ch\/wp-content\/uploads\/2022\/12\/bantam-logo.png","width":320,"height":71,"caption":"Bantam Camping AG"},"image":{"@id":"https:\/\/shop.bantam.ch\/de\/#\/schema\/logo\/image\/"}}]}},"_links":{"self":[{"href":"https:\/\/shop.bantam.ch\/de\/wp-json\/wp\/v2\/product\/123969","targetHints":{"allow":["GET"]}}],"collection":[{"href":"https:\/\/shop.bantam.ch\/de\/wp-json\/wp\/v2\/product"}],"about":[{"href":"https:\/\/shop.bantam.ch\/de\/wp-json\/wp\/v2\/types\/product"}],"wp:featuredmedia":[{"embeddable":true,"href":"https:\/\/shop.bantam.ch\/de\/wp-json\/wp\/v2\/media\/186943"}],"wp:attachment":[{"href":"https:\/\/shop.bantam.ch\/de\/wp-json\/wp\/v2\/media?parent=123969"}],"wp:term":[{"taxonomy":"product_featured_cat","embeddable":true,"href":"https:\/\/shop.bantam.ch\/de\/wp-json\/wp\/v2\/product_featured_cat?post=123969"},{"taxonomy":"product_brand","embeddable":true,"href":"https:\/\/shop.bantam.ch\/de\/wp-json\/wp\/v2\/product_brand?post=123969"},{"taxonomy":"product_cat","embeddable":true,"href":"https:\/\/shop.bantam.ch\/de\/wp-json\/wp\/v2\/product_cat?post=123969"},{"taxonomy":"product_tag","embeddable":true,"href":"https:\/\/shop.bantam.ch\/de\/wp-json\/wp\/v2\/product_tag?post=123969"}],"curies":[{"name":"wp","href":"https:\/\/api.w.org\/{rel}","templated":true}]}}