{"id":123489,"date":"2023-03-01T00:18:42","date_gmt":"2023-02-28T23:18:42","guid":{"rendered":"https:\/\/shop.bantam.ch\/produit\/fahrradtraeger-carry-bike-mercedes-v-class-lift-e-bike-2\/"},"modified":"2026-04-17T21:50:26","modified_gmt":"2026-04-17T19:50:26","slug":"fahrradtraeger-carry-bike-mercedes-v-class-lift-e-bike-2","status":"publish","type":"product","link":"https:\/\/shop.bantam.ch\/de\/produkt\/fahrradtraeger-carry-bike-mercedes-v-class-lift-e-bike-2\/","title":{"rendered":"Fahrradtr\u00e4ger FIAMMA Carry Bike  Mercedes V Class Lift E-Bike 2 R\u00e4der Traglast 60 kg Farbe aluminium"},"content":{"rendered":"<p>Das Modell f\u00fcr den Mercedes V-Klasse mit Schwingauflageb\u00fcgel l\u00e4sst sich um bis zu 77 cm absenken, um das Be- und Entladen zweier E-Bikes zu erleichtern, und wird komplett mit einer Kennzeichenleiste mit Lichtgruppe ausgeliefert. Die obere Struktur des Fahrradtr\u00e4gers ist am Fahrzeugrahmen an die bereits vorhandenen Bohrungen verschraubt, was noch mehr Stabilit\u00e4t garantiert. Ein falsches Positionieren bei der Anbringung am Fahrzeug wird somit verhindert. Der Hecktr\u00e4ger ist f\u00fcr 2 E-Bikes ausgelegt.<\/p>\n<p>Lieferumfang:<\/p>\n<ul>\n<li>2 Rail Premium Schienen<\/li>\n<li>Security Strip<\/li>\n<li>Bike-Block Pro S D1<\/li>\n<li>Bike-Block Pro S1<\/li>\n<li>Kennzeichenleiste mit Lichtgruppe<\/li>\n<li>Montagehalterungen<\/li>\n<\/ul>\n","protected":false},"excerpt":{"rendered":"<p>Das Modell f\u00fcr den Mercedes V-Klasse mit Schwingauflageb\u00fcgel l\u00e4sst sich um bis zu 77 cm absenken, um das Be- und Entladen zweier E-Bikes zu erleichtern, und wird komplett mit einer Kennzeichenleiste mit Lichtgruppe ausgeliefert. Die obere Struktur des Fahrradtr\u00e4gers ist am Fahrzeugrahmen an die bereits vorhandenen Bohrungen verschraubt, was noch mehr Stabilit\u00e4t garantiert. Ein falsches [&hellip;]<\/p>\n","protected":false},"featured_media":123485,"template":"","meta":{"_acf_changed":false},"product_featured_cat":[],"product_brand":[3035],"product_cat":[5138],"product_tag":[],"class_list":{"0":"post-123489","1":"product","2":"type-product","3":"status-publish","4":"has-post-thumbnail","6":"product_brand-fiamma-de","7":"product_cat-heck-fahrradtraeger","9":"first","10":"instock","11":"taxable","12":"shipping-taxable","13":"purchasable","14":"product-type-simple"},"acf":[],"yoast_head":"<!-- This site is optimized with the Yoast SEO plugin v27.4 - https:\/\/yoast.com\/product\/yoast-seo-wordpress\/ -->\n<title>Fahrradtr\u00e4ger FIAMMA Carry Bike Mercedes V Class Lift E-Bike 2 R\u00e4der Traglast 60 kg Farbe aluminium - Bantam Camping AG<\/title>\n<meta name=\"robots\" content=\"index, follow, max-snippet:-1, max-image-preview:large, max-video-preview:-1\" \/>\n<link rel=\"canonical\" href=\"https:\/\/shop.bantam.ch\/de\/produkt\/fahrradtraeger-carry-bike-mercedes-v-class-lift-e-bike-2\/\" \/>\n<meta property=\"og:locale\" content=\"de_DE\" \/>\n<meta property=\"og:type\" content=\"article\" \/>\n<meta property=\"og:title\" content=\"Fahrradtr\u00e4ger FIAMMA Carry Bike Mercedes V Class Lift E-Bike 2 R\u00e4der Traglast 60 kg Farbe aluminium - Bantam Camping AG\" \/>\n<meta property=\"og:description\" content=\"Das Modell f\u00fcr den Mercedes V-Klasse mit Schwingauflageb\u00fcgel l\u00e4sst sich um bis zu 77 cm absenken, um das Be- und Entladen zweier E-Bikes zu erleichtern, und wird komplett mit einer Kennzeichenleiste mit Lichtgruppe ausgeliefert. Die obere Struktur des Fahrradtr\u00e4gers ist am Fahrzeugrahmen an die bereits vorhandenen Bohrungen verschraubt, was noch mehr Stabilit\u00e4t garantiert. Ein falsches [&hellip;]\" \/>\n<meta property=\"og:url\" content=\"https:\/\/shop.bantam.ch\/de\/produkt\/fahrradtraeger-carry-bike-mercedes-v-class-lift-e-bike-2\/\" \/>\n<meta property=\"og:site_name\" content=\"Bantam Camping AG\" \/>\n<meta property=\"article:modified_time\" content=\"2026-04-17T19:50:26+00:00\" \/>\n<meta property=\"og:image\" content=\"https:\/\/shop.bantam.ch\/wp-content\/uploads\/2023\/03\/994473211.jpg\" \/>\n\t<meta property=\"og:image:width\" content=\"787\" \/>\n\t<meta property=\"og:image:height\" content=\"1000\" \/>\n\t<meta property=\"og:image:type\" content=\"image\/jpeg\" \/>\n<meta name=\"twitter:card\" content=\"summary_large_image\" \/>\n<script type=\"application\/ld+json\" class=\"yoast-schema-graph\">{\"@context\":\"https:\\\/\\\/schema.org\",\"@graph\":[{\"@type\":\"WebPage\",\"@id\":\"https:\\\/\\\/shop.bantam.ch\\\/de\\\/produkt\\\/fahrradtraeger-carry-bike-mercedes-v-class-lift-e-bike-2\\\/\",\"url\":\"https:\\\/\\\/shop.bantam.ch\\\/de\\\/produkt\\\/fahrradtraeger-carry-bike-mercedes-v-class-lift-e-bike-2\\\/\",\"name\":\"Fahrradtr\u00e4ger FIAMMA Carry Bike Mercedes V Class Lift E-Bike 2 R\u00e4der Traglast 60 kg Farbe aluminium - Bantam Camping AG\",\"isPartOf\":{\"@id\":\"https:\\\/\\\/shop.bantam.ch\\\/de\\\/#website\"},\"primaryImageOfPage\":{\"@id\":\"https:\\\/\\\/shop.bantam.ch\\\/de\\\/produkt\\\/fahrradtraeger-carry-bike-mercedes-v-class-lift-e-bike-2\\\/#primaryimage\"},\"image\":{\"@id\":\"https:\\\/\\\/shop.bantam.ch\\\/de\\\/produkt\\\/fahrradtraeger-carry-bike-mercedes-v-class-lift-e-bike-2\\\/#primaryimage\"},\"thumbnailUrl\":\"https:\\\/\\\/shop.bantam.ch\\\/wp-content\\\/uploads\\\/2023\\\/03\\\/994473211.jpg\",\"datePublished\":\"2023-02-28T23:18:42+00:00\",\"dateModified\":\"2026-04-17T19:50:26+00:00\",\"breadcrumb\":{\"@id\":\"https:\\\/\\\/shop.bantam.ch\\\/de\\\/produkt\\\/fahrradtraeger-carry-bike-mercedes-v-class-lift-e-bike-2\\\/#breadcrumb\"},\"inLanguage\":\"de\",\"potentialAction\":[{\"@type\":\"ReadAction\",\"target\":[\"https:\\\/\\\/shop.bantam.ch\\\/de\\\/produkt\\\/fahrradtraeger-carry-bike-mercedes-v-class-lift-e-bike-2\\\/\"]}]},{\"@type\":\"ImageObject\",\"inLanguage\":\"de\",\"@id\":\"https:\\\/\\\/shop.bantam.ch\\\/de\\\/produkt\\\/fahrradtraeger-carry-bike-mercedes-v-class-lift-e-bike-2\\\/#primaryimage\",\"url\":\"https:\\\/\\\/shop.bantam.ch\\\/wp-content\\\/uploads\\\/2023\\\/03\\\/994473211.jpg\",\"contentUrl\":\"https:\\\/\\\/shop.bantam.ch\\\/wp-content\\\/uploads\\\/2023\\\/03\\\/994473211.jpg\",\"width\":787,\"height\":1000},{\"@type\":\"BreadcrumbList\",\"@id\":\"https:\\\/\\\/shop.bantam.ch\\\/de\\\/produkt\\\/fahrradtraeger-carry-bike-mercedes-v-class-lift-e-bike-2\\\/#breadcrumb\",\"itemListElement\":[{\"@type\":\"ListItem\",\"position\":1,\"name\":\"Accueil\",\"item\":\"https:\\\/\\\/shop.bantam.ch\\\/de\\\/\"},{\"@type\":\"ListItem\",\"position\":2,\"name\":\"Shop\",\"item\":\"https:\\\/\\\/shop.bantam.ch\\\/de\\\/shop\\\/\"},{\"@type\":\"ListItem\",\"position\":3,\"name\":\"Fahrradtr\u00e4ger FIAMMA Carry Bike Mercedes V Class Lift E-Bike 2 R\u00e4der Traglast 60 kg Farbe aluminium\"}]},{\"@type\":\"WebSite\",\"@id\":\"https:\\\/\\\/shop.bantam.ch\\\/de\\\/#website\",\"url\":\"https:\\\/\\\/shop.bantam.ch\\\/de\\\/\",\"name\":\"Bantam Camping AG\",\"description\":\"\",\"publisher\":{\"@id\":\"https:\\\/\\\/shop.bantam.ch\\\/de\\\/#organization\"},\"inLanguage\":\"de\"},{\"@type\":\"Organization\",\"@id\":\"https:\\\/\\\/shop.bantam.ch\\\/de\\\/#organization\",\"name\":\"Bantam Camping AG\",\"url\":\"https:\\\/\\\/shop.bantam.ch\\\/de\\\/\",\"logo\":{\"@type\":\"ImageObject\",\"inLanguage\":\"de\",\"@id\":\"https:\\\/\\\/shop.bantam.ch\\\/de\\\/#\\\/schema\\\/logo\\\/image\\\/\",\"url\":\"https:\\\/\\\/shop.bantam.ch\\\/wp-content\\\/uploads\\\/2022\\\/12\\\/bantam-logo.png\",\"contentUrl\":\"https:\\\/\\\/shop.bantam.ch\\\/wp-content\\\/uploads\\\/2022\\\/12\\\/bantam-logo.png\",\"width\":320,\"height\":71,\"caption\":\"Bantam Camping AG\"},\"image\":{\"@id\":\"https:\\\/\\\/shop.bantam.ch\\\/de\\\/#\\\/schema\\\/logo\\\/image\\\/\"}}]}<\/script>\n<!-- \/ Yoast SEO plugin. -->","yoast_head_json":{"title":"Fahrradtr\u00e4ger FIAMMA Carry Bike Mercedes V Class Lift E-Bike 2 R\u00e4der Traglast 60 kg Farbe aluminium - Bantam Camping AG","robots":{"index":"index","follow":"follow","max-snippet":"max-snippet:-1","max-image-preview":"max-image-preview:large","max-video-preview":"max-video-preview:-1"},"canonical":"https:\/\/shop.bantam.ch\/de\/produkt\/fahrradtraeger-carry-bike-mercedes-v-class-lift-e-bike-2\/","og_locale":"de_DE","og_type":"article","og_title":"Fahrradtr\u00e4ger FIAMMA Carry Bike Mercedes V Class Lift E-Bike 2 R\u00e4der Traglast 60 kg Farbe aluminium - Bantam Camping AG","og_description":"Das Modell f\u00fcr den Mercedes V-Klasse mit Schwingauflageb\u00fcgel l\u00e4sst sich um bis zu 77 cm absenken, um das Be- und Entladen zweier E-Bikes zu erleichtern, und wird komplett mit einer Kennzeichenleiste mit Lichtgruppe ausgeliefert. Die obere Struktur des Fahrradtr\u00e4gers ist am Fahrzeugrahmen an die bereits vorhandenen Bohrungen verschraubt, was noch mehr Stabilit\u00e4t garantiert. Ein falsches [&hellip;]","og_url":"https:\/\/shop.bantam.ch\/de\/produkt\/fahrradtraeger-carry-bike-mercedes-v-class-lift-e-bike-2\/","og_site_name":"Bantam Camping AG","article_modified_time":"2026-04-17T19:50:26+00:00","og_image":[{"width":787,"height":1000,"url":"https:\/\/shop.bantam.ch\/wp-content\/uploads\/2023\/03\/994473211.jpg","type":"image\/jpeg"}],"twitter_card":"summary_large_image","schema":{"@context":"https:\/\/schema.org","@graph":[{"@type":"WebPage","@id":"https:\/\/shop.bantam.ch\/de\/produkt\/fahrradtraeger-carry-bike-mercedes-v-class-lift-e-bike-2\/","url":"https:\/\/shop.bantam.ch\/de\/produkt\/fahrradtraeger-carry-bike-mercedes-v-class-lift-e-bike-2\/","name":"Fahrradtr\u00e4ger FIAMMA Carry Bike Mercedes V Class Lift E-Bike 2 R\u00e4der Traglast 60 kg Farbe aluminium - Bantam Camping AG","isPartOf":{"@id":"https:\/\/shop.bantam.ch\/de\/#website"},"primaryImageOfPage":{"@id":"https:\/\/shop.bantam.ch\/de\/produkt\/fahrradtraeger-carry-bike-mercedes-v-class-lift-e-bike-2\/#primaryimage"},"image":{"@id":"https:\/\/shop.bantam.ch\/de\/produkt\/fahrradtraeger-carry-bike-mercedes-v-class-lift-e-bike-2\/#primaryimage"},"thumbnailUrl":"https:\/\/shop.bantam.ch\/wp-content\/uploads\/2023\/03\/994473211.jpg","datePublished":"2023-02-28T23:18:42+00:00","dateModified":"2026-04-17T19:50:26+00:00","breadcrumb":{"@id":"https:\/\/shop.bantam.ch\/de\/produkt\/fahrradtraeger-carry-bike-mercedes-v-class-lift-e-bike-2\/#breadcrumb"},"inLanguage":"de","potentialAction":[{"@type":"ReadAction","target":["https:\/\/shop.bantam.ch\/de\/produkt\/fahrradtraeger-carry-bike-mercedes-v-class-lift-e-bike-2\/"]}]},{"@type":"ImageObject","inLanguage":"de","@id":"https:\/\/shop.bantam.ch\/de\/produkt\/fahrradtraeger-carry-bike-mercedes-v-class-lift-e-bike-2\/#primaryimage","url":"https:\/\/shop.bantam.ch\/wp-content\/uploads\/2023\/03\/994473211.jpg","contentUrl":"https:\/\/shop.bantam.ch\/wp-content\/uploads\/2023\/03\/994473211.jpg","width":787,"height":1000},{"@type":"BreadcrumbList","@id":"https:\/\/shop.bantam.ch\/de\/produkt\/fahrradtraeger-carry-bike-mercedes-v-class-lift-e-bike-2\/#breadcrumb","itemListElement":[{"@type":"ListItem","position":1,"name":"Accueil","item":"https:\/\/shop.bantam.ch\/de\/"},{"@type":"ListItem","position":2,"name":"Shop","item":"https:\/\/shop.bantam.ch\/de\/shop\/"},{"@type":"ListItem","position":3,"name":"Fahrradtr\u00e4ger FIAMMA Carry Bike Mercedes V Class Lift E-Bike 2 R\u00e4der Traglast 60 kg Farbe aluminium"}]},{"@type":"WebSite","@id":"https:\/\/shop.bantam.ch\/de\/#website","url":"https:\/\/shop.bantam.ch\/de\/","name":"Bantam Camping AG","description":"","publisher":{"@id":"https:\/\/shop.bantam.ch\/de\/#organization"},"inLanguage":"de"},{"@type":"Organization","@id":"https:\/\/shop.bantam.ch\/de\/#organization","name":"Bantam Camping AG","url":"https:\/\/shop.bantam.ch\/de\/","logo":{"@type":"ImageObject","inLanguage":"de","@id":"https:\/\/shop.bantam.ch\/de\/#\/schema\/logo\/image\/","url":"https:\/\/shop.bantam.ch\/wp-content\/uploads\/2022\/12\/bantam-logo.png","contentUrl":"https:\/\/shop.bantam.ch\/wp-content\/uploads\/2022\/12\/bantam-logo.png","width":320,"height":71,"caption":"Bantam Camping AG"},"image":{"@id":"https:\/\/shop.bantam.ch\/de\/#\/schema\/logo\/image\/"}}]}},"_links":{"self":[{"href":"https:\/\/shop.bantam.ch\/de\/wp-json\/wp\/v2\/product\/123489","targetHints":{"allow":["GET"]}}],"collection":[{"href":"https:\/\/shop.bantam.ch\/de\/wp-json\/wp\/v2\/product"}],"about":[{"href":"https:\/\/shop.bantam.ch\/de\/wp-json\/wp\/v2\/types\/product"}],"wp:featuredmedia":[{"embeddable":true,"href":"https:\/\/shop.bantam.ch\/de\/wp-json\/wp\/v2\/media\/123485"}],"wp:attachment":[{"href":"https:\/\/shop.bantam.ch\/de\/wp-json\/wp\/v2\/media?parent=123489"}],"wp:term":[{"taxonomy":"product_featured_cat","embeddable":true,"href":"https:\/\/shop.bantam.ch\/de\/wp-json\/wp\/v2\/product_featured_cat?post=123489"},{"taxonomy":"product_brand","embeddable":true,"href":"https:\/\/shop.bantam.ch\/de\/wp-json\/wp\/v2\/product_brand?post=123489"},{"taxonomy":"product_cat","embeddable":true,"href":"https:\/\/shop.bantam.ch\/de\/wp-json\/wp\/v2\/product_cat?post=123489"},{"taxonomy":"product_tag","embeddable":true,"href":"https:\/\/shop.bantam.ch\/de\/wp-json\/wp\/v2\/product_tag?post=123489"}],"curies":[{"name":"wp","href":"https:\/\/api.w.org\/{rel}","templated":true}]}}