{"id":123459,"date":"2023-03-01T00:18:09","date_gmt":"2023-02-28T23:18:09","guid":{"rendered":"https:\/\/shop.bantam.ch\/produit\/fahrerhausbett-3-sitzer-transporter\/"},"modified":"2026-05-01T21:49:06","modified_gmt":"2026-05-01T19:49:06","slug":"fahrerhausbett-3-sitzer-transporter","status":"publish","type":"product","link":"https:\/\/shop.bantam.ch\/de\/produkt\/fahrerhausbett-3-sitzer-transporter\/","title":{"rendered":"Fahrerhausbett VanSleep 3-Sitzer Transporter"},"content":{"rendered":"<p>Das VanSleep-Transporterbett bietet Ihnen eine sehr gute Schlafm\u00f6glichkeit in der Fahrerkabine f\u00fcr nahezu jeden Transportertypen. Innerhalb k\u00fcrzester Zeit haben Sie mit einem Handgriff den VanSleep zu einem Bett umfunktioniert und aufgebaut. Eine zus\u00e4tzliche M\u00f6glichkeit der Stabilisierung (i.d.R. geschieht das schon durch die Armaturen des Fahrzeuges etc.) bietet ein Gurtband, welches durch den Handgriff einfach justiert werden kann. W\u00e4hrend der Fahrt liegt der VanSleep auf dem Beifahrersitz und wird mit einem Gurtklipp sicher verschlossen. Ebenso ist ein Transport im Laderaum m\u00f6glich.<\/p>\n<ul>\n<li>Hochwertiger und strapazierf\u00e4higer Stoffbezug<\/li>\n<li>Kaltschaummatratze mit offenporiger Struktur und H\u00e4rtegrad H2 mittel<\/li>\n<li>Waschbarer Stoff\u00fcberzug mit Rei\u00dfverschluss<\/li>\n<li>Holzunterlage zur Stabilisierung des Oberk\u00f6rpers auf einer Seite der Matratze<\/li>\n<li>Zus\u00e4tzliche Stabilisierung durch Gurtband mit Klettverschluss \u00fcber den Handgriff im Fahrzeug<\/li>\n<li>F\u00fcr alle Modelle ab BJ 2006 der Fahrzeuge Fiat Ducato, Citroen Jumper, Peugeot Boxer, Mercedes Benz Sprinter, VW Crafter, Renault Master, Opel Movano, Iveco Daily, Ford Transit und andere Typen<\/li>\n<\/ul>\n<p>Material:<br \/>Bezug: 100 % Polyester<\/p>\n","protected":false},"excerpt":{"rendered":"<p>Das VanSleep-Transporterbett bietet Ihnen eine sehr gute Schlafm\u00f6glichkeit in der Fahrerkabine f\u00fcr nahezu jeden Transportertypen. Innerhalb k\u00fcrzester Zeit haben Sie mit einem Handgriff den VanSleep zu einem Bett umfunktioniert und aufgebaut. Eine zus\u00e4tzliche M\u00f6glichkeit der Stabilisierung (i.d.R. geschieht das schon durch die Armaturen des Fahrzeuges etc.) bietet ein Gurtband, welches durch den Handgriff einfach justiert [&hellip;]<\/p>\n","protected":false},"featured_media":123451,"template":"","meta":{"_acf_changed":false},"product_featured_cat":[],"product_brand":[3621],"product_cat":[4684,5064],"product_tag":[],"class_list":{"0":"post-123459","1":"product","2":"type-product","3":"status-publish","4":"has-post-thumbnail","6":"product_brand-vansleep-de","7":"product_cat-fahrerhaus-betten","8":"product_cat-kinder-fahrerhausbetten","10":"first","11":"instock","12":"taxable","13":"shipping-taxable","14":"purchasable","15":"product-type-simple"},"acf":[],"yoast_head":"<!-- This site is optimized with the Yoast SEO plugin v27.5 - https:\/\/yoast.com\/product\/yoast-seo-wordpress\/ -->\n<title>Fahrerhausbett VanSleep 3-Sitzer Transporter - Bantam<\/title>\n<meta name=\"robots\" content=\"index, follow, max-snippet:-1, max-image-preview:large, max-video-preview:-1\" \/>\n<link rel=\"canonical\" href=\"https:\/\/shop.bantam.ch\/de\/produkt\/fahrerhausbett-3-sitzer-transporter\/\" \/>\n<meta property=\"og:locale\" content=\"de_DE\" \/>\n<meta property=\"og:type\" content=\"article\" \/>\n<meta property=\"og:title\" content=\"Fahrerhausbett VanSleep 3-Sitzer Transporter - Bantam\" \/>\n<meta property=\"og:description\" content=\"Das VanSleep-Transporterbett bietet Ihnen eine sehr gute Schlafm\u00f6glichkeit in der Fahrerkabine f\u00fcr nahezu jeden Transportertypen. Innerhalb k\u00fcrzester Zeit haben Sie mit einem Handgriff den VanSleep zu einem Bett umfunktioniert und aufgebaut. Eine zus\u00e4tzliche M\u00f6glichkeit der Stabilisierung (i.d.R. geschieht das schon durch die Armaturen des Fahrzeuges etc.) bietet ein Gurtband, welches durch den Handgriff einfach justiert [&hellip;]\" \/>\n<meta property=\"og:url\" content=\"https:\/\/shop.bantam.ch\/de\/produkt\/fahrerhausbett-3-sitzer-transporter\/\" \/>\n<meta property=\"og:site_name\" content=\"Bantam\" \/>\n<meta property=\"article:modified_time\" content=\"2026-05-01T19:49:06+00:00\" \/>\n<meta property=\"og:image\" content=\"https:\/\/shop.bantam.ch\/wp-content\/uploads\/2023\/03\/994472522.jpg\" \/>\n\t<meta property=\"og:image:width\" content=\"1024\" \/>\n\t<meta property=\"og:image:height\" content=\"678\" \/>\n\t<meta property=\"og:image:type\" content=\"image\/jpeg\" \/>\n<meta name=\"twitter:card\" content=\"summary_large_image\" \/>\n<meta name=\"twitter:label1\" content=\"Gesch\u00e4tzte Lesezeit\" \/>\n\t<meta name=\"twitter:data1\" content=\"1\u00a0Minute\" \/>\n<script type=\"application\/ld+json\" class=\"yoast-schema-graph\">{\"@context\":\"https:\\\/\\\/schema.org\",\"@graph\":[{\"@type\":\"WebPage\",\"@id\":\"https:\\\/\\\/shop.bantam.ch\\\/de\\\/produkt\\\/fahrerhausbett-3-sitzer-transporter\\\/\",\"url\":\"https:\\\/\\\/shop.bantam.ch\\\/de\\\/produkt\\\/fahrerhausbett-3-sitzer-transporter\\\/\",\"name\":\"Fahrerhausbett VanSleep 3-Sitzer Transporter - Bantam\",\"isPartOf\":{\"@id\":\"https:\\\/\\\/shop.bantam.ch\\\/de\\\/#website\"},\"primaryImageOfPage\":{\"@id\":\"https:\\\/\\\/shop.bantam.ch\\\/de\\\/produkt\\\/fahrerhausbett-3-sitzer-transporter\\\/#primaryimage\"},\"image\":{\"@id\":\"https:\\\/\\\/shop.bantam.ch\\\/de\\\/produkt\\\/fahrerhausbett-3-sitzer-transporter\\\/#primaryimage\"},\"thumbnailUrl\":\"https:\\\/\\\/shop.bantam.ch\\\/wp-content\\\/uploads\\\/2023\\\/03\\\/994472522.jpg\",\"datePublished\":\"2023-02-28T23:18:09+00:00\",\"dateModified\":\"2026-05-01T19:49:06+00:00\",\"breadcrumb\":{\"@id\":\"https:\\\/\\\/shop.bantam.ch\\\/de\\\/produkt\\\/fahrerhausbett-3-sitzer-transporter\\\/#breadcrumb\"},\"inLanguage\":\"de\",\"potentialAction\":[{\"@type\":\"ReadAction\",\"target\":[\"https:\\\/\\\/shop.bantam.ch\\\/de\\\/produkt\\\/fahrerhausbett-3-sitzer-transporter\\\/\"]}]},{\"@type\":\"ImageObject\",\"inLanguage\":\"de\",\"@id\":\"https:\\\/\\\/shop.bantam.ch\\\/de\\\/produkt\\\/fahrerhausbett-3-sitzer-transporter\\\/#primaryimage\",\"url\":\"https:\\\/\\\/shop.bantam.ch\\\/wp-content\\\/uploads\\\/2023\\\/03\\\/994472522.jpg\",\"contentUrl\":\"https:\\\/\\\/shop.bantam.ch\\\/wp-content\\\/uploads\\\/2023\\\/03\\\/994472522.jpg\",\"width\":2048,\"height\":1356},{\"@type\":\"BreadcrumbList\",\"@id\":\"https:\\\/\\\/shop.bantam.ch\\\/de\\\/produkt\\\/fahrerhausbett-3-sitzer-transporter\\\/#breadcrumb\",\"itemListElement\":[{\"@type\":\"ListItem\",\"position\":1,\"name\":\"Accueil\",\"item\":\"https:\\\/\\\/shop.bantam.ch\\\/de\\\/\"},{\"@type\":\"ListItem\",\"position\":2,\"name\":\"Shop\",\"item\":\"https:\\\/\\\/shop.bantam.ch\\\/de\\\/shop\\\/\"},{\"@type\":\"ListItem\",\"position\":3,\"name\":\"Fahrerhausbett VanSleep 3-Sitzer Transporter\"}]},{\"@type\":\"WebSite\",\"@id\":\"https:\\\/\\\/shop.bantam.ch\\\/de\\\/#website\",\"url\":\"https:\\\/\\\/shop.bantam.ch\\\/de\\\/\",\"name\":\"Bantam\",\"description\":\"\",\"publisher\":{\"@id\":\"https:\\\/\\\/shop.bantam.ch\\\/de\\\/#organization\"},\"inLanguage\":\"de\"},{\"@type\":\"Organization\",\"@id\":\"https:\\\/\\\/shop.bantam.ch\\\/de\\\/#organization\",\"name\":\"Bantam\",\"url\":\"https:\\\/\\\/shop.bantam.ch\\\/de\\\/\",\"logo\":{\"@type\":\"ImageObject\",\"inLanguage\":\"de\",\"@id\":\"https:\\\/\\\/shop.bantam.ch\\\/de\\\/#\\\/schema\\\/logo\\\/image\\\/\",\"url\":\"https:\\\/\\\/shop.bantam.ch\\\/wp-content\\\/uploads\\\/2022\\\/12\\\/bantam-logo.png\",\"contentUrl\":\"https:\\\/\\\/shop.bantam.ch\\\/wp-content\\\/uploads\\\/2022\\\/12\\\/bantam-logo.png\",\"width\":320,\"height\":71,\"caption\":\"Bantam\"},\"image\":{\"@id\":\"https:\\\/\\\/shop.bantam.ch\\\/de\\\/#\\\/schema\\\/logo\\\/image\\\/\"}}]}<\/script>\n<!-- \/ Yoast SEO plugin. -->","yoast_head_json":{"title":"Fahrerhausbett VanSleep 3-Sitzer Transporter - Bantam","robots":{"index":"index","follow":"follow","max-snippet":"max-snippet:-1","max-image-preview":"max-image-preview:large","max-video-preview":"max-video-preview:-1"},"canonical":"https:\/\/shop.bantam.ch\/de\/produkt\/fahrerhausbett-3-sitzer-transporter\/","og_locale":"de_DE","og_type":"article","og_title":"Fahrerhausbett VanSleep 3-Sitzer Transporter - Bantam","og_description":"Das VanSleep-Transporterbett bietet Ihnen eine sehr gute Schlafm\u00f6glichkeit in der Fahrerkabine f\u00fcr nahezu jeden Transportertypen. Innerhalb k\u00fcrzester Zeit haben Sie mit einem Handgriff den VanSleep zu einem Bett umfunktioniert und aufgebaut. Eine zus\u00e4tzliche M\u00f6glichkeit der Stabilisierung (i.d.R. geschieht das schon durch die Armaturen des Fahrzeuges etc.) bietet ein Gurtband, welches durch den Handgriff einfach justiert [&hellip;]","og_url":"https:\/\/shop.bantam.ch\/de\/produkt\/fahrerhausbett-3-sitzer-transporter\/","og_site_name":"Bantam","article_modified_time":"2026-05-01T19:49:06+00:00","og_image":[{"url":"https:\/\/shop.bantam.ch\/wp-content\/uploads\/2023\/03\/994472522.jpg","width":1024,"height":678,"type":"image\/jpeg"}],"twitter_card":"summary_large_image","twitter_misc":{"Gesch\u00e4tzte Lesezeit":"1\u00a0Minute"},"schema":{"@context":"https:\/\/schema.org","@graph":[{"@type":"WebPage","@id":"https:\/\/shop.bantam.ch\/de\/produkt\/fahrerhausbett-3-sitzer-transporter\/","url":"https:\/\/shop.bantam.ch\/de\/produkt\/fahrerhausbett-3-sitzer-transporter\/","name":"Fahrerhausbett VanSleep 3-Sitzer Transporter - Bantam","isPartOf":{"@id":"https:\/\/shop.bantam.ch\/de\/#website"},"primaryImageOfPage":{"@id":"https:\/\/shop.bantam.ch\/de\/produkt\/fahrerhausbett-3-sitzer-transporter\/#primaryimage"},"image":{"@id":"https:\/\/shop.bantam.ch\/de\/produkt\/fahrerhausbett-3-sitzer-transporter\/#primaryimage"},"thumbnailUrl":"https:\/\/shop.bantam.ch\/wp-content\/uploads\/2023\/03\/994472522.jpg","datePublished":"2023-02-28T23:18:09+00:00","dateModified":"2026-05-01T19:49:06+00:00","breadcrumb":{"@id":"https:\/\/shop.bantam.ch\/de\/produkt\/fahrerhausbett-3-sitzer-transporter\/#breadcrumb"},"inLanguage":"de","potentialAction":[{"@type":"ReadAction","target":["https:\/\/shop.bantam.ch\/de\/produkt\/fahrerhausbett-3-sitzer-transporter\/"]}]},{"@type":"ImageObject","inLanguage":"de","@id":"https:\/\/shop.bantam.ch\/de\/produkt\/fahrerhausbett-3-sitzer-transporter\/#primaryimage","url":"https:\/\/shop.bantam.ch\/wp-content\/uploads\/2023\/03\/994472522.jpg","contentUrl":"https:\/\/shop.bantam.ch\/wp-content\/uploads\/2023\/03\/994472522.jpg","width":2048,"height":1356},{"@type":"BreadcrumbList","@id":"https:\/\/shop.bantam.ch\/de\/produkt\/fahrerhausbett-3-sitzer-transporter\/#breadcrumb","itemListElement":[{"@type":"ListItem","position":1,"name":"Accueil","item":"https:\/\/shop.bantam.ch\/de\/"},{"@type":"ListItem","position":2,"name":"Shop","item":"https:\/\/shop.bantam.ch\/de\/shop\/"},{"@type":"ListItem","position":3,"name":"Fahrerhausbett VanSleep 3-Sitzer Transporter"}]},{"@type":"WebSite","@id":"https:\/\/shop.bantam.ch\/de\/#website","url":"https:\/\/shop.bantam.ch\/de\/","name":"Bantam","description":"","publisher":{"@id":"https:\/\/shop.bantam.ch\/de\/#organization"},"inLanguage":"de"},{"@type":"Organization","@id":"https:\/\/shop.bantam.ch\/de\/#organization","name":"Bantam","url":"https:\/\/shop.bantam.ch\/de\/","logo":{"@type":"ImageObject","inLanguage":"de","@id":"https:\/\/shop.bantam.ch\/de\/#\/schema\/logo\/image\/","url":"https:\/\/shop.bantam.ch\/wp-content\/uploads\/2022\/12\/bantam-logo.png","contentUrl":"https:\/\/shop.bantam.ch\/wp-content\/uploads\/2022\/12\/bantam-logo.png","width":320,"height":71,"caption":"Bantam"},"image":{"@id":"https:\/\/shop.bantam.ch\/de\/#\/schema\/logo\/image\/"}}]}},"_links":{"self":[{"href":"https:\/\/shop.bantam.ch\/de\/wp-json\/wp\/v2\/product\/123459","targetHints":{"allow":["GET"]}}],"collection":[{"href":"https:\/\/shop.bantam.ch\/de\/wp-json\/wp\/v2\/product"}],"about":[{"href":"https:\/\/shop.bantam.ch\/de\/wp-json\/wp\/v2\/types\/product"}],"wp:featuredmedia":[{"embeddable":true,"href":"https:\/\/shop.bantam.ch\/de\/wp-json\/wp\/v2\/media\/123451"}],"wp:attachment":[{"href":"https:\/\/shop.bantam.ch\/de\/wp-json\/wp\/v2\/media?parent=123459"}],"wp:term":[{"taxonomy":"product_featured_cat","embeddable":true,"href":"https:\/\/shop.bantam.ch\/de\/wp-json\/wp\/v2\/product_featured_cat?post=123459"},{"taxonomy":"product_brand","embeddable":true,"href":"https:\/\/shop.bantam.ch\/de\/wp-json\/wp\/v2\/product_brand?post=123459"},{"taxonomy":"product_cat","embeddable":true,"href":"https:\/\/shop.bantam.ch\/de\/wp-json\/wp\/v2\/product_cat?post=123459"},{"taxonomy":"product_tag","embeddable":true,"href":"https:\/\/shop.bantam.ch\/de\/wp-json\/wp\/v2\/product_tag?post=123459"}],"curies":[{"name":"wp","href":"https:\/\/api.w.org\/{rel}","templated":true}]}}