{"id":123259,"date":"2023-03-01T00:14:35","date_gmt":"2023-02-28T23:14:35","guid":{"rendered":"https:\/\/shop.bantam.ch\/produit\/seitenwand-rolli-plus-modul-basic-tiefe-250-cm\/"},"modified":"2026-04-18T21:51:19","modified_gmt":"2026-04-18T19:51:19","slug":"seitenwand-rolli-plus-modul-basic-tiefe-250-cm","status":"publish","type":"product","link":"https:\/\/shop.bantam.ch\/de\/produkt\/seitenwand-rolli-plus-modul-basic-tiefe-250-cm\/","title":{"rendered":"Seitenwand WIGO Rolli Plus MODUL- Basic Tiefe 300 cm"},"content":{"rendered":"<p>Mit den Rolli Plus Modul Seitenw\u00e4nden gewinnen Sie zus\u00e4tzlichen Sichtschutz k\u00f6nnen aber gleichzeitig immer noch die Aussicht wie von einer richtigen Terrasse aus genie\u00dfen.<\/p>\n<ul>\n<li>Seitenw\u00e4nde herausnehmbar, abklappbar und tauschbar<\/li>\n<li>Abgedeckte Rei\u00dfverschl\u00fcsse<\/li>\n<li>Je ein Air Vent Fenster in den Seitenw\u00e4nden<\/li>\n<li>Get\u00f6nte Fensterfolie<\/li>\n<li>Sturm Abspanndreiecke au\u00dfen unterhalb der Fenster<\/li>\n<li>Doppelter Faulstreifen<\/li>\n<li>Anbaum\u00f6glichkeit \u00fcber Rei\u00dfverschlussanbindung (beidseitig m\u00f6glich)<\/li>\n<li>Varioecke zum Ausgleich der Bugschr\u00e4gen<\/li>\n<li>Erh\u00e4ltlich in den zwei Farbvarianten Basic und Camouflage<\/li>\n<\/ul>\n<p>Material:<br \/>100 % Polyester<\/p>\n<p>\u00a0<\/p>\n","protected":false},"excerpt":{"rendered":"<p>Mit den Rolli Plus Modul Seitenw\u00e4nden gewinnen Sie zus\u00e4tzlichen Sichtschutz k\u00f6nnen aber gleichzeitig immer noch die Aussicht wie von einer richtigen Terrasse aus genie\u00dfen. Seitenw\u00e4nde herausnehmbar, abklappbar und tauschbar Abgedeckte Rei\u00dfverschl\u00fcsse Je ein Air Vent Fenster in den Seitenw\u00e4nden Get\u00f6nte Fensterfolie Sturm Abspanndreiecke au\u00dfen unterhalb der Fenster Doppelter Faulstreifen Anbaum\u00f6glichkeit \u00fcber Rei\u00dfverschlussanbindung (beidseitig m\u00f6glich) Varioecke [&hellip;]<\/p>\n","protected":false},"featured_media":123257,"template":"","meta":{"_acf_changed":false},"product_featured_cat":[],"product_brand":[3043],"product_cat":[4222,4224],"product_tag":[],"class_list":{"0":"post-123259","1":"product","2":"type-product","3":"status-publish","4":"has-post-thumbnail","6":"product_brand-wigo-de","7":"product_cat-markisen-seitenwaende","8":"product_cat-markisen-vorzelte","10":"first","11":"instock","12":"taxable","13":"shipping-taxable","14":"purchasable","15":"product-type-simple"},"acf":[],"yoast_head":"<!-- This site is optimized with the Yoast SEO plugin v27.4 - https:\/\/yoast.com\/product\/yoast-seo-wordpress\/ -->\n<title>Seitenwand WIGO Rolli Plus MODUL- Basic Tiefe 300 cm - Bantam Camping AG<\/title>\n<meta name=\"robots\" content=\"index, follow, max-snippet:-1, max-image-preview:large, max-video-preview:-1\" \/>\n<link rel=\"canonical\" href=\"https:\/\/shop.bantam.ch\/de\/produkt\/seitenwand-rolli-plus-modul-basic-tiefe-250-cm\/\" \/>\n<meta property=\"og:locale\" content=\"de_DE\" \/>\n<meta property=\"og:type\" content=\"article\" \/>\n<meta property=\"og:title\" content=\"Seitenwand WIGO Rolli Plus MODUL- Basic Tiefe 300 cm - Bantam Camping AG\" \/>\n<meta property=\"og:description\" content=\"Mit den Rolli Plus Modul Seitenw\u00e4nden gewinnen Sie zus\u00e4tzlichen Sichtschutz k\u00f6nnen aber gleichzeitig immer noch die Aussicht wie von einer richtigen Terrasse aus genie\u00dfen. Seitenw\u00e4nde herausnehmbar, abklappbar und tauschbar Abgedeckte Rei\u00dfverschl\u00fcsse Je ein Air Vent Fenster in den Seitenw\u00e4nden Get\u00f6nte Fensterfolie Sturm Abspanndreiecke au\u00dfen unterhalb der Fenster Doppelter Faulstreifen Anbaum\u00f6glichkeit \u00fcber Rei\u00dfverschlussanbindung (beidseitig m\u00f6glich) Varioecke [&hellip;]\" \/>\n<meta property=\"og:url\" content=\"https:\/\/shop.bantam.ch\/de\/produkt\/seitenwand-rolli-plus-modul-basic-tiefe-250-cm\/\" \/>\n<meta property=\"og:site_name\" content=\"Bantam Camping AG\" \/>\n<meta property=\"article:modified_time\" content=\"2026-04-18T19:51:19+00:00\" \/>\n<meta property=\"og:image\" content=\"https:\/\/shop.bantam.ch\/wp-content\/uploads\/2023\/03\/996145571-22-scaled.jpg\" \/>\n\t<meta property=\"og:image:width\" content=\"1024\" \/>\n\t<meta property=\"og:image:height\" content=\"750\" \/>\n\t<meta property=\"og:image:type\" content=\"image\/jpeg\" \/>\n<meta name=\"twitter:card\" content=\"summary_large_image\" \/>\n<script type=\"application\/ld+json\" class=\"yoast-schema-graph\">{\"@context\":\"https:\\\/\\\/schema.org\",\"@graph\":[{\"@type\":\"WebPage\",\"@id\":\"https:\\\/\\\/shop.bantam.ch\\\/de\\\/produkt\\\/seitenwand-rolli-plus-modul-basic-tiefe-250-cm\\\/\",\"url\":\"https:\\\/\\\/shop.bantam.ch\\\/de\\\/produkt\\\/seitenwand-rolli-plus-modul-basic-tiefe-250-cm\\\/\",\"name\":\"Seitenwand WIGO Rolli Plus MODUL- Basic Tiefe 300 cm - Bantam Camping AG\",\"isPartOf\":{\"@id\":\"https:\\\/\\\/shop.bantam.ch\\\/de\\\/#website\"},\"primaryImageOfPage\":{\"@id\":\"https:\\\/\\\/shop.bantam.ch\\\/de\\\/produkt\\\/seitenwand-rolli-plus-modul-basic-tiefe-250-cm\\\/#primaryimage\"},\"image\":{\"@id\":\"https:\\\/\\\/shop.bantam.ch\\\/de\\\/produkt\\\/seitenwand-rolli-plus-modul-basic-tiefe-250-cm\\\/#primaryimage\"},\"thumbnailUrl\":\"https:\\\/\\\/shop.bantam.ch\\\/wp-content\\\/uploads\\\/2023\\\/03\\\/996145571-22-scaled.jpg\",\"datePublished\":\"2023-02-28T23:14:35+00:00\",\"dateModified\":\"2026-04-18T19:51:19+00:00\",\"breadcrumb\":{\"@id\":\"https:\\\/\\\/shop.bantam.ch\\\/de\\\/produkt\\\/seitenwand-rolli-plus-modul-basic-tiefe-250-cm\\\/#breadcrumb\"},\"inLanguage\":\"de\",\"potentialAction\":[{\"@type\":\"ReadAction\",\"target\":[\"https:\\\/\\\/shop.bantam.ch\\\/de\\\/produkt\\\/seitenwand-rolli-plus-modul-basic-tiefe-250-cm\\\/\"]}]},{\"@type\":\"ImageObject\",\"inLanguage\":\"de\",\"@id\":\"https:\\\/\\\/shop.bantam.ch\\\/de\\\/produkt\\\/seitenwand-rolli-plus-modul-basic-tiefe-250-cm\\\/#primaryimage\",\"url\":\"https:\\\/\\\/shop.bantam.ch\\\/wp-content\\\/uploads\\\/2023\\\/03\\\/996145571-22-scaled.jpg\",\"contentUrl\":\"https:\\\/\\\/shop.bantam.ch\\\/wp-content\\\/uploads\\\/2023\\\/03\\\/996145571-22-scaled.jpg\",\"width\":2048,\"height\":1500},{\"@type\":\"BreadcrumbList\",\"@id\":\"https:\\\/\\\/shop.bantam.ch\\\/de\\\/produkt\\\/seitenwand-rolli-plus-modul-basic-tiefe-250-cm\\\/#breadcrumb\",\"itemListElement\":[{\"@type\":\"ListItem\",\"position\":1,\"name\":\"Accueil\",\"item\":\"https:\\\/\\\/shop.bantam.ch\\\/de\\\/\"},{\"@type\":\"ListItem\",\"position\":2,\"name\":\"Shop\",\"item\":\"https:\\\/\\\/shop.bantam.ch\\\/de\\\/shop\\\/\"},{\"@type\":\"ListItem\",\"position\":3,\"name\":\"Seitenwand WIGO Rolli Plus MODUL- Basic Tiefe 300 cm\"}]},{\"@type\":\"WebSite\",\"@id\":\"https:\\\/\\\/shop.bantam.ch\\\/de\\\/#website\",\"url\":\"https:\\\/\\\/shop.bantam.ch\\\/de\\\/\",\"name\":\"Bantam Camping AG\",\"description\":\"\",\"publisher\":{\"@id\":\"https:\\\/\\\/shop.bantam.ch\\\/de\\\/#organization\"},\"inLanguage\":\"de\"},{\"@type\":\"Organization\",\"@id\":\"https:\\\/\\\/shop.bantam.ch\\\/de\\\/#organization\",\"name\":\"Bantam Camping AG\",\"url\":\"https:\\\/\\\/shop.bantam.ch\\\/de\\\/\",\"logo\":{\"@type\":\"ImageObject\",\"inLanguage\":\"de\",\"@id\":\"https:\\\/\\\/shop.bantam.ch\\\/de\\\/#\\\/schema\\\/logo\\\/image\\\/\",\"url\":\"https:\\\/\\\/shop.bantam.ch\\\/wp-content\\\/uploads\\\/2022\\\/12\\\/bantam-logo.png\",\"contentUrl\":\"https:\\\/\\\/shop.bantam.ch\\\/wp-content\\\/uploads\\\/2022\\\/12\\\/bantam-logo.png\",\"width\":320,\"height\":71,\"caption\":\"Bantam Camping AG\"},\"image\":{\"@id\":\"https:\\\/\\\/shop.bantam.ch\\\/de\\\/#\\\/schema\\\/logo\\\/image\\\/\"}}]}<\/script>\n<!-- \/ Yoast SEO plugin. -->","yoast_head_json":{"title":"Seitenwand WIGO Rolli Plus MODUL- Basic Tiefe 300 cm - Bantam Camping AG","robots":{"index":"index","follow":"follow","max-snippet":"max-snippet:-1","max-image-preview":"max-image-preview:large","max-video-preview":"max-video-preview:-1"},"canonical":"https:\/\/shop.bantam.ch\/de\/produkt\/seitenwand-rolli-plus-modul-basic-tiefe-250-cm\/","og_locale":"de_DE","og_type":"article","og_title":"Seitenwand WIGO Rolli Plus MODUL- Basic Tiefe 300 cm - Bantam Camping AG","og_description":"Mit den Rolli Plus Modul Seitenw\u00e4nden gewinnen Sie zus\u00e4tzlichen Sichtschutz k\u00f6nnen aber gleichzeitig immer noch die Aussicht wie von einer richtigen Terrasse aus genie\u00dfen. Seitenw\u00e4nde herausnehmbar, abklappbar und tauschbar Abgedeckte Rei\u00dfverschl\u00fcsse Je ein Air Vent Fenster in den Seitenw\u00e4nden Get\u00f6nte Fensterfolie Sturm Abspanndreiecke au\u00dfen unterhalb der Fenster Doppelter Faulstreifen Anbaum\u00f6glichkeit \u00fcber Rei\u00dfverschlussanbindung (beidseitig m\u00f6glich) Varioecke [&hellip;]","og_url":"https:\/\/shop.bantam.ch\/de\/produkt\/seitenwand-rolli-plus-modul-basic-tiefe-250-cm\/","og_site_name":"Bantam Camping AG","article_modified_time":"2026-04-18T19:51:19+00:00","og_image":[{"url":"https:\/\/shop.bantam.ch\/wp-content\/uploads\/2023\/03\/996145571-22-scaled.jpg","width":1024,"height":750,"type":"image\/jpeg"}],"twitter_card":"summary_large_image","schema":{"@context":"https:\/\/schema.org","@graph":[{"@type":"WebPage","@id":"https:\/\/shop.bantam.ch\/de\/produkt\/seitenwand-rolli-plus-modul-basic-tiefe-250-cm\/","url":"https:\/\/shop.bantam.ch\/de\/produkt\/seitenwand-rolli-plus-modul-basic-tiefe-250-cm\/","name":"Seitenwand WIGO Rolli Plus MODUL- Basic Tiefe 300 cm - Bantam Camping AG","isPartOf":{"@id":"https:\/\/shop.bantam.ch\/de\/#website"},"primaryImageOfPage":{"@id":"https:\/\/shop.bantam.ch\/de\/produkt\/seitenwand-rolli-plus-modul-basic-tiefe-250-cm\/#primaryimage"},"image":{"@id":"https:\/\/shop.bantam.ch\/de\/produkt\/seitenwand-rolli-plus-modul-basic-tiefe-250-cm\/#primaryimage"},"thumbnailUrl":"https:\/\/shop.bantam.ch\/wp-content\/uploads\/2023\/03\/996145571-22-scaled.jpg","datePublished":"2023-02-28T23:14:35+00:00","dateModified":"2026-04-18T19:51:19+00:00","breadcrumb":{"@id":"https:\/\/shop.bantam.ch\/de\/produkt\/seitenwand-rolli-plus-modul-basic-tiefe-250-cm\/#breadcrumb"},"inLanguage":"de","potentialAction":[{"@type":"ReadAction","target":["https:\/\/shop.bantam.ch\/de\/produkt\/seitenwand-rolli-plus-modul-basic-tiefe-250-cm\/"]}]},{"@type":"ImageObject","inLanguage":"de","@id":"https:\/\/shop.bantam.ch\/de\/produkt\/seitenwand-rolli-plus-modul-basic-tiefe-250-cm\/#primaryimage","url":"https:\/\/shop.bantam.ch\/wp-content\/uploads\/2023\/03\/996145571-22-scaled.jpg","contentUrl":"https:\/\/shop.bantam.ch\/wp-content\/uploads\/2023\/03\/996145571-22-scaled.jpg","width":2048,"height":1500},{"@type":"BreadcrumbList","@id":"https:\/\/shop.bantam.ch\/de\/produkt\/seitenwand-rolli-plus-modul-basic-tiefe-250-cm\/#breadcrumb","itemListElement":[{"@type":"ListItem","position":1,"name":"Accueil","item":"https:\/\/shop.bantam.ch\/de\/"},{"@type":"ListItem","position":2,"name":"Shop","item":"https:\/\/shop.bantam.ch\/de\/shop\/"},{"@type":"ListItem","position":3,"name":"Seitenwand WIGO Rolli Plus MODUL- Basic Tiefe 300 cm"}]},{"@type":"WebSite","@id":"https:\/\/shop.bantam.ch\/de\/#website","url":"https:\/\/shop.bantam.ch\/de\/","name":"Bantam Camping AG","description":"","publisher":{"@id":"https:\/\/shop.bantam.ch\/de\/#organization"},"inLanguage":"de"},{"@type":"Organization","@id":"https:\/\/shop.bantam.ch\/de\/#organization","name":"Bantam Camping AG","url":"https:\/\/shop.bantam.ch\/de\/","logo":{"@type":"ImageObject","inLanguage":"de","@id":"https:\/\/shop.bantam.ch\/de\/#\/schema\/logo\/image\/","url":"https:\/\/shop.bantam.ch\/wp-content\/uploads\/2022\/12\/bantam-logo.png","contentUrl":"https:\/\/shop.bantam.ch\/wp-content\/uploads\/2022\/12\/bantam-logo.png","width":320,"height":71,"caption":"Bantam Camping AG"},"image":{"@id":"https:\/\/shop.bantam.ch\/de\/#\/schema\/logo\/image\/"}}]}},"_links":{"self":[{"href":"https:\/\/shop.bantam.ch\/de\/wp-json\/wp\/v2\/product\/123259","targetHints":{"allow":["GET"]}}],"collection":[{"href":"https:\/\/shop.bantam.ch\/de\/wp-json\/wp\/v2\/product"}],"about":[{"href":"https:\/\/shop.bantam.ch\/de\/wp-json\/wp\/v2\/types\/product"}],"wp:featuredmedia":[{"embeddable":true,"href":"https:\/\/shop.bantam.ch\/de\/wp-json\/wp\/v2\/media\/123257"}],"wp:attachment":[{"href":"https:\/\/shop.bantam.ch\/de\/wp-json\/wp\/v2\/media?parent=123259"}],"wp:term":[{"taxonomy":"product_featured_cat","embeddable":true,"href":"https:\/\/shop.bantam.ch\/de\/wp-json\/wp\/v2\/product_featured_cat?post=123259"},{"taxonomy":"product_brand","embeddable":true,"href":"https:\/\/shop.bantam.ch\/de\/wp-json\/wp\/v2\/product_brand?post=123259"},{"taxonomy":"product_cat","embeddable":true,"href":"https:\/\/shop.bantam.ch\/de\/wp-json\/wp\/v2\/product_cat?post=123259"},{"taxonomy":"product_tag","embeddable":true,"href":"https:\/\/shop.bantam.ch\/de\/wp-json\/wp\/v2\/product_tag?post=123259"}],"curies":[{"name":"wp","href":"https:\/\/api.w.org\/{rel}","templated":true}]}}