{"id":122847,"date":"2023-03-01T00:06:46","date_gmt":"2023-02-28T23:06:46","guid":{"rendered":"https:\/\/shop.bantam.ch\/produit\/herdanschluss-set-basic\/"},"modified":"2026-04-18T21:51:02","modified_gmt":"2026-04-18T19:51:02","slug":"herdanschluss-set-basic","status":"publish","type":"product","link":"https:\/\/shop.bantam.ch\/de\/produkt\/herdanschluss-set-basic\/","title":{"rendered":"Herdanschluss-Set Basic GOK Regler EN61-DS S2SR_\u00dcDS_ Schlauch, Winkelst\u00fcck, Rohr"},"content":{"rendered":"<p>Zum Anschluss an Gasflaschen, zur Druckregelung auf den Nenndruck des Gasger\u00e4tes.<\/p>\n<p>Bestehend aus: Niederdruckregler Typ EN61-DS mit \u00dcberdruck-Sicherheitseinrichtung S2SR (\u00dcDS), Sichtanzeige, thermischer Absperreinrichtung &#8222;T&#8220; (TAE), Manometer, Mitteldruck-Schlauch (Gummi mit Textileinlage; k\u00e4ltebest\u00e4ndig bis -30 \u00b0C; Schlauchabmessung 6,3 x 3,5 mm) G 1\/4 LH-\u00dcM x RVS 8 x 400 mm, Verbindungsrohr und Winkel-Aufschraubverschraubung Typ WAI IG G 1\/2 x RVS 8<\/p>\n","protected":false},"excerpt":{"rendered":"<p>Zum Anschluss an Gasflaschen, zur Druckregelung auf den Nenndruck des Gasger\u00e4tes. Bestehend aus: Niederdruckregler Typ EN61-DS mit \u00dcberdruck-Sicherheitseinrichtung S2SR (\u00dcDS), Sichtanzeige, thermischer Absperreinrichtung &#8222;T&#8220; (TAE), Manometer, Mitteldruck-Schlauch (Gummi mit Textileinlage; k\u00e4ltebest\u00e4ndig bis -30 \u00b0C; Schlauchabmessung 6,3 x 3,5 mm) G 1\/4 LH-\u00dcM x RVS 8 x 400 mm, Verbindungsrohr und Winkel-Aufschraubverschraubung Typ WAI IG G [&hellip;]<\/p>\n","protected":false},"featured_media":122845,"template":"","meta":{"_acf_changed":false},"product_featured_cat":[],"product_brand":[3255],"product_cat":[4492],"product_tag":[],"class_list":{"0":"post-122847","1":"product","2":"type-product","3":"status-publish","4":"has-post-thumbnail","6":"product_brand-gok-de","7":"product_cat-gasdruckregler","9":"first","10":"instock","11":"taxable","12":"shipping-taxable","13":"purchasable","14":"product-type-simple"},"acf":[],"yoast_head":"<!-- This site is optimized with the Yoast SEO plugin v27.4 - https:\/\/yoast.com\/product\/yoast-seo-wordpress\/ -->\n<title>Herdanschluss-Set Basic GOK Regler EN61-DS S2SR_\u00dcDS_ Schlauch, Winkelst\u00fcck, Rohr - Bantam Camping AG<\/title>\n<meta name=\"robots\" content=\"index, follow, max-snippet:-1, max-image-preview:large, max-video-preview:-1\" \/>\n<link rel=\"canonical\" href=\"https:\/\/shop.bantam.ch\/de\/produkt\/herdanschluss-set-basic\/\" \/>\n<meta property=\"og:locale\" content=\"de_DE\" \/>\n<meta property=\"og:type\" content=\"article\" \/>\n<meta property=\"og:title\" content=\"Herdanschluss-Set Basic GOK Regler EN61-DS S2SR_\u00dcDS_ Schlauch, Winkelst\u00fcck, Rohr - Bantam Camping AG\" \/>\n<meta property=\"og:description\" content=\"Zum Anschluss an Gasflaschen, zur Druckregelung auf den Nenndruck des Gasger\u00e4tes. Bestehend aus: Niederdruckregler Typ EN61-DS mit \u00dcberdruck-Sicherheitseinrichtung S2SR (\u00dcDS), Sichtanzeige, thermischer Absperreinrichtung &#8222;T&#8220; (TAE), Manometer, Mitteldruck-Schlauch (Gummi mit Textileinlage; k\u00e4ltebest\u00e4ndig bis -30 \u00b0C; Schlauchabmessung 6,3 x 3,5 mm) G 1\/4 LH-\u00dcM x RVS 8 x 400 mm, Verbindungsrohr und Winkel-Aufschraubverschraubung Typ WAI IG G [&hellip;]\" \/>\n<meta property=\"og:url\" content=\"https:\/\/shop.bantam.ch\/de\/produkt\/herdanschluss-set-basic\/\" \/>\n<meta property=\"og:site_name\" content=\"Bantam Camping AG\" \/>\n<meta property=\"article:modified_time\" content=\"2026-04-18T19:51:02+00:00\" \/>\n<meta property=\"og:image\" content=\"https:\/\/shop.bantam.ch\/wp-content\/uploads\/2023\/03\/996092511.jpg\" \/>\n\t<meta property=\"og:image:width\" content=\"602\" \/>\n\t<meta property=\"og:image:height\" content=\"1000\" \/>\n\t<meta property=\"og:image:type\" content=\"image\/jpeg\" \/>\n<meta name=\"twitter:card\" content=\"summary_large_image\" \/>\n<script type=\"application\/ld+json\" class=\"yoast-schema-graph\">{\"@context\":\"https:\\\/\\\/schema.org\",\"@graph\":[{\"@type\":\"WebPage\",\"@id\":\"https:\\\/\\\/shop.bantam.ch\\\/de\\\/produkt\\\/herdanschluss-set-basic\\\/\",\"url\":\"https:\\\/\\\/shop.bantam.ch\\\/de\\\/produkt\\\/herdanschluss-set-basic\\\/\",\"name\":\"Herdanschluss-Set Basic GOK Regler EN61-DS S2SR_\u00dcDS_ Schlauch, Winkelst\u00fcck, Rohr - Bantam Camping AG\",\"isPartOf\":{\"@id\":\"https:\\\/\\\/shop.bantam.ch\\\/de\\\/#website\"},\"primaryImageOfPage\":{\"@id\":\"https:\\\/\\\/shop.bantam.ch\\\/de\\\/produkt\\\/herdanschluss-set-basic\\\/#primaryimage\"},\"image\":{\"@id\":\"https:\\\/\\\/shop.bantam.ch\\\/de\\\/produkt\\\/herdanschluss-set-basic\\\/#primaryimage\"},\"thumbnailUrl\":\"https:\\\/\\\/shop.bantam.ch\\\/wp-content\\\/uploads\\\/2023\\\/03\\\/996092511.jpg\",\"datePublished\":\"2023-02-28T23:06:46+00:00\",\"dateModified\":\"2026-04-18T19:51:02+00:00\",\"breadcrumb\":{\"@id\":\"https:\\\/\\\/shop.bantam.ch\\\/de\\\/produkt\\\/herdanschluss-set-basic\\\/#breadcrumb\"},\"inLanguage\":\"de\",\"potentialAction\":[{\"@type\":\"ReadAction\",\"target\":[\"https:\\\/\\\/shop.bantam.ch\\\/de\\\/produkt\\\/herdanschluss-set-basic\\\/\"]}]},{\"@type\":\"ImageObject\",\"inLanguage\":\"de\",\"@id\":\"https:\\\/\\\/shop.bantam.ch\\\/de\\\/produkt\\\/herdanschluss-set-basic\\\/#primaryimage\",\"url\":\"https:\\\/\\\/shop.bantam.ch\\\/wp-content\\\/uploads\\\/2023\\\/03\\\/996092511.jpg\",\"contentUrl\":\"https:\\\/\\\/shop.bantam.ch\\\/wp-content\\\/uploads\\\/2023\\\/03\\\/996092511.jpg\",\"width\":602,\"height\":1000},{\"@type\":\"BreadcrumbList\",\"@id\":\"https:\\\/\\\/shop.bantam.ch\\\/de\\\/produkt\\\/herdanschluss-set-basic\\\/#breadcrumb\",\"itemListElement\":[{\"@type\":\"ListItem\",\"position\":1,\"name\":\"Accueil\",\"item\":\"https:\\\/\\\/shop.bantam.ch\\\/de\\\/\"},{\"@type\":\"ListItem\",\"position\":2,\"name\":\"Shop\",\"item\":\"https:\\\/\\\/shop.bantam.ch\\\/de\\\/shop\\\/\"},{\"@type\":\"ListItem\",\"position\":3,\"name\":\"Herdanschluss-Set Basic GOK Regler EN61-DS S2SR_\u00dcDS_ Schlauch, Winkelst\u00fcck, Rohr\"}]},{\"@type\":\"WebSite\",\"@id\":\"https:\\\/\\\/shop.bantam.ch\\\/de\\\/#website\",\"url\":\"https:\\\/\\\/shop.bantam.ch\\\/de\\\/\",\"name\":\"Bantam Camping AG\",\"description\":\"\",\"publisher\":{\"@id\":\"https:\\\/\\\/shop.bantam.ch\\\/de\\\/#organization\"},\"inLanguage\":\"de\"},{\"@type\":\"Organization\",\"@id\":\"https:\\\/\\\/shop.bantam.ch\\\/de\\\/#organization\",\"name\":\"Bantam Camping AG\",\"url\":\"https:\\\/\\\/shop.bantam.ch\\\/de\\\/\",\"logo\":{\"@type\":\"ImageObject\",\"inLanguage\":\"de\",\"@id\":\"https:\\\/\\\/shop.bantam.ch\\\/de\\\/#\\\/schema\\\/logo\\\/image\\\/\",\"url\":\"https:\\\/\\\/shop.bantam.ch\\\/wp-content\\\/uploads\\\/2022\\\/12\\\/bantam-logo.png\",\"contentUrl\":\"https:\\\/\\\/shop.bantam.ch\\\/wp-content\\\/uploads\\\/2022\\\/12\\\/bantam-logo.png\",\"width\":320,\"height\":71,\"caption\":\"Bantam Camping AG\"},\"image\":{\"@id\":\"https:\\\/\\\/shop.bantam.ch\\\/de\\\/#\\\/schema\\\/logo\\\/image\\\/\"}}]}<\/script>\n<!-- \/ Yoast SEO plugin. -->","yoast_head_json":{"title":"Herdanschluss-Set Basic GOK Regler EN61-DS S2SR_\u00dcDS_ Schlauch, Winkelst\u00fcck, Rohr - Bantam Camping AG","robots":{"index":"index","follow":"follow","max-snippet":"max-snippet:-1","max-image-preview":"max-image-preview:large","max-video-preview":"max-video-preview:-1"},"canonical":"https:\/\/shop.bantam.ch\/de\/produkt\/herdanschluss-set-basic\/","og_locale":"de_DE","og_type":"article","og_title":"Herdanschluss-Set Basic GOK Regler EN61-DS S2SR_\u00dcDS_ Schlauch, Winkelst\u00fcck, Rohr - Bantam Camping AG","og_description":"Zum Anschluss an Gasflaschen, zur Druckregelung auf den Nenndruck des Gasger\u00e4tes. Bestehend aus: Niederdruckregler Typ EN61-DS mit \u00dcberdruck-Sicherheitseinrichtung S2SR (\u00dcDS), Sichtanzeige, thermischer Absperreinrichtung &#8222;T&#8220; (TAE), Manometer, Mitteldruck-Schlauch (Gummi mit Textileinlage; k\u00e4ltebest\u00e4ndig bis -30 \u00b0C; Schlauchabmessung 6,3 x 3,5 mm) G 1\/4 LH-\u00dcM x RVS 8 x 400 mm, Verbindungsrohr und Winkel-Aufschraubverschraubung Typ WAI IG G [&hellip;]","og_url":"https:\/\/shop.bantam.ch\/de\/produkt\/herdanschluss-set-basic\/","og_site_name":"Bantam Camping AG","article_modified_time":"2026-04-18T19:51:02+00:00","og_image":[{"width":602,"height":1000,"url":"https:\/\/shop.bantam.ch\/wp-content\/uploads\/2023\/03\/996092511.jpg","type":"image\/jpeg"}],"twitter_card":"summary_large_image","schema":{"@context":"https:\/\/schema.org","@graph":[{"@type":"WebPage","@id":"https:\/\/shop.bantam.ch\/de\/produkt\/herdanschluss-set-basic\/","url":"https:\/\/shop.bantam.ch\/de\/produkt\/herdanschluss-set-basic\/","name":"Herdanschluss-Set Basic GOK Regler EN61-DS S2SR_\u00dcDS_ Schlauch, Winkelst\u00fcck, Rohr - Bantam Camping AG","isPartOf":{"@id":"https:\/\/shop.bantam.ch\/de\/#website"},"primaryImageOfPage":{"@id":"https:\/\/shop.bantam.ch\/de\/produkt\/herdanschluss-set-basic\/#primaryimage"},"image":{"@id":"https:\/\/shop.bantam.ch\/de\/produkt\/herdanschluss-set-basic\/#primaryimage"},"thumbnailUrl":"https:\/\/shop.bantam.ch\/wp-content\/uploads\/2023\/03\/996092511.jpg","datePublished":"2023-02-28T23:06:46+00:00","dateModified":"2026-04-18T19:51:02+00:00","breadcrumb":{"@id":"https:\/\/shop.bantam.ch\/de\/produkt\/herdanschluss-set-basic\/#breadcrumb"},"inLanguage":"de","potentialAction":[{"@type":"ReadAction","target":["https:\/\/shop.bantam.ch\/de\/produkt\/herdanschluss-set-basic\/"]}]},{"@type":"ImageObject","inLanguage":"de","@id":"https:\/\/shop.bantam.ch\/de\/produkt\/herdanschluss-set-basic\/#primaryimage","url":"https:\/\/shop.bantam.ch\/wp-content\/uploads\/2023\/03\/996092511.jpg","contentUrl":"https:\/\/shop.bantam.ch\/wp-content\/uploads\/2023\/03\/996092511.jpg","width":602,"height":1000},{"@type":"BreadcrumbList","@id":"https:\/\/shop.bantam.ch\/de\/produkt\/herdanschluss-set-basic\/#breadcrumb","itemListElement":[{"@type":"ListItem","position":1,"name":"Accueil","item":"https:\/\/shop.bantam.ch\/de\/"},{"@type":"ListItem","position":2,"name":"Shop","item":"https:\/\/shop.bantam.ch\/de\/shop\/"},{"@type":"ListItem","position":3,"name":"Herdanschluss-Set Basic GOK Regler EN61-DS S2SR_\u00dcDS_ Schlauch, Winkelst\u00fcck, Rohr"}]},{"@type":"WebSite","@id":"https:\/\/shop.bantam.ch\/de\/#website","url":"https:\/\/shop.bantam.ch\/de\/","name":"Bantam Camping AG","description":"","publisher":{"@id":"https:\/\/shop.bantam.ch\/de\/#organization"},"inLanguage":"de"},{"@type":"Organization","@id":"https:\/\/shop.bantam.ch\/de\/#organization","name":"Bantam Camping AG","url":"https:\/\/shop.bantam.ch\/de\/","logo":{"@type":"ImageObject","inLanguage":"de","@id":"https:\/\/shop.bantam.ch\/de\/#\/schema\/logo\/image\/","url":"https:\/\/shop.bantam.ch\/wp-content\/uploads\/2022\/12\/bantam-logo.png","contentUrl":"https:\/\/shop.bantam.ch\/wp-content\/uploads\/2022\/12\/bantam-logo.png","width":320,"height":71,"caption":"Bantam Camping AG"},"image":{"@id":"https:\/\/shop.bantam.ch\/de\/#\/schema\/logo\/image\/"}}]}},"_links":{"self":[{"href":"https:\/\/shop.bantam.ch\/de\/wp-json\/wp\/v2\/product\/122847","targetHints":{"allow":["GET"]}}],"collection":[{"href":"https:\/\/shop.bantam.ch\/de\/wp-json\/wp\/v2\/product"}],"about":[{"href":"https:\/\/shop.bantam.ch\/de\/wp-json\/wp\/v2\/types\/product"}],"wp:featuredmedia":[{"embeddable":true,"href":"https:\/\/shop.bantam.ch\/de\/wp-json\/wp\/v2\/media\/122845"}],"wp:attachment":[{"href":"https:\/\/shop.bantam.ch\/de\/wp-json\/wp\/v2\/media?parent=122847"}],"wp:term":[{"taxonomy":"product_featured_cat","embeddable":true,"href":"https:\/\/shop.bantam.ch\/de\/wp-json\/wp\/v2\/product_featured_cat?post=122847"},{"taxonomy":"product_brand","embeddable":true,"href":"https:\/\/shop.bantam.ch\/de\/wp-json\/wp\/v2\/product_brand?post=122847"},{"taxonomy":"product_cat","embeddable":true,"href":"https:\/\/shop.bantam.ch\/de\/wp-json\/wp\/v2\/product_cat?post=122847"},{"taxonomy":"product_tag","embeddable":true,"href":"https:\/\/shop.bantam.ch\/de\/wp-json\/wp\/v2\/product_tag?post=122847"}],"curies":[{"name":"wp","href":"https:\/\/api.w.org\/{rel}","templated":true}]}}