{"id":122671,"date":"2023-03-01T00:03:22","date_gmt":"2023-02-28T23:03:22","guid":{"rendered":"https:\/\/shop.bantam.ch\/produit\/schlafset-vw-california-t5-6-0\/"},"modified":"2026-05-11T21:48:21","modified_gmt":"2026-05-11T19:48:21","slug":"schlafset-vw-california-t5-6-0","status":"publish","type":"product","link":"https:\/\/shop.bantam.ch\/de\/produkt\/schlafset-vw-california-t5-6-0\/","title":{"rendered":"Schlafset froli VW California T5\/6.0, 120 x 200 x 7 cm"},"content":{"rendered":"<p>Das Froli-Komplettsystem zum Nachr\u00fcsten ist in ca. 60 Minuten eingebaut. Einfach die alte Matratze herausnehmen, Auflagegitter und die original Froli-Tellerfedern ausrollen, befestigen, neue Matratze drauf. Fertig! Das Lattenrost dient als Grundlage f\u00fcr das neue Bettsystem und muss nicht ausgebaut werden. Nat\u00fcrlich l\u00e4sst sich euer Dach noch problemlos schliessen (ohne Bettzeug).<\/p>\n<p>Set bestehend aus:<\/p>\n<ul>\n<li>Auflagegitter<\/li>\n<li>Federmatte<\/li>\n<li>Matratze<\/li>\n<li>25 Klettverbinder<\/li>\n<\/ul>\n<p>Material:<br \/>Bezug: 100 % Polyester<\/p>\n<p>\u00a0<\/p>\n","protected":false},"excerpt":{"rendered":"<p>Das Froli-Komplettsystem zum Nachr\u00fcsten ist in ca. 60 Minuten eingebaut. Einfach die alte Matratze herausnehmen, Auflagegitter und die original Froli-Tellerfedern ausrollen, befestigen, neue Matratze drauf. Fertig! Das Lattenrost dient als Grundlage f\u00fcr das neue Bettsystem und muss nicht ausgebaut werden. Nat\u00fcrlich l\u00e4sst sich euer Dach noch problemlos schliessen (ohne Bettzeug). Set bestehend aus: Auflagegitter Federmatte [&hellip;]<\/p>\n","protected":false},"featured_media":122655,"template":"","meta":{"_acf_changed":false},"product_featured_cat":[],"product_brand":[3059],"product_cat":[5058],"product_tag":[],"class_list":{"0":"post-122671","1":"product","2":"type-product","3":"status-publish","4":"has-post-thumbnail","6":"product_brand-froli-de","7":"product_cat-lattenroste","9":"first","10":"instock","11":"taxable","12":"shipping-taxable","13":"purchasable","14":"product-type-simple"},"acf":[],"yoast_head":"<!-- This site is optimized with the Yoast SEO plugin v27.5 - https:\/\/yoast.com\/product\/yoast-seo-wordpress\/ -->\n<title>Schlafset froli VW California T5\/6.0, 120 x 200 x 7 cm - Bantam<\/title>\n<meta name=\"robots\" content=\"index, follow, max-snippet:-1, max-image-preview:large, max-video-preview:-1\" \/>\n<link rel=\"canonical\" href=\"https:\/\/shop.bantam.ch\/de\/produkt\/schlafset-vw-california-t5-6-0\/\" \/>\n<meta property=\"og:locale\" content=\"de_DE\" \/>\n<meta property=\"og:type\" content=\"article\" \/>\n<meta property=\"og:title\" content=\"Schlafset froli VW California T5\/6.0, 120 x 200 x 7 cm - Bantam\" \/>\n<meta property=\"og:description\" content=\"Das Froli-Komplettsystem zum Nachr\u00fcsten ist in ca. 60 Minuten eingebaut. Einfach die alte Matratze herausnehmen, Auflagegitter und die original Froli-Tellerfedern ausrollen, befestigen, neue Matratze drauf. Fertig! Das Lattenrost dient als Grundlage f\u00fcr das neue Bettsystem und muss nicht ausgebaut werden. Nat\u00fcrlich l\u00e4sst sich euer Dach noch problemlos schliessen (ohne Bettzeug). Set bestehend aus: Auflagegitter Federmatte [&hellip;]\" \/>\n<meta property=\"og:url\" content=\"https:\/\/shop.bantam.ch\/de\/produkt\/schlafset-vw-california-t5-6-0\/\" \/>\n<meta property=\"og:site_name\" content=\"Bantam\" \/>\n<meta property=\"article:modified_time\" content=\"2026-05-11T19:48:21+00:00\" \/>\n<meta property=\"og:image\" content=\"https:\/\/shop.bantam.ch\/wp-content\/uploads\/2023\/03\/994470811.jpg\" \/>\n\t<meta property=\"og:image:width\" content=\"1000\" \/>\n\t<meta property=\"og:image:height\" content=\"746\" \/>\n\t<meta property=\"og:image:type\" content=\"image\/jpeg\" \/>\n<meta name=\"twitter:card\" content=\"summary_large_image\" \/>\n<script type=\"application\/ld+json\" class=\"yoast-schema-graph\">{\"@context\":\"https:\\\/\\\/schema.org\",\"@graph\":[{\"@type\":\"WebPage\",\"@id\":\"https:\\\/\\\/shop.bantam.ch\\\/de\\\/produkt\\\/schlafset-vw-california-t5-6-0\\\/\",\"url\":\"https:\\\/\\\/shop.bantam.ch\\\/de\\\/produkt\\\/schlafset-vw-california-t5-6-0\\\/\",\"name\":\"Schlafset froli VW California T5\\\/6.0, 120 x 200 x 7 cm - Bantam\",\"isPartOf\":{\"@id\":\"https:\\\/\\\/shop.bantam.ch\\\/de\\\/#website\"},\"primaryImageOfPage\":{\"@id\":\"https:\\\/\\\/shop.bantam.ch\\\/de\\\/produkt\\\/schlafset-vw-california-t5-6-0\\\/#primaryimage\"},\"image\":{\"@id\":\"https:\\\/\\\/shop.bantam.ch\\\/de\\\/produkt\\\/schlafset-vw-california-t5-6-0\\\/#primaryimage\"},\"thumbnailUrl\":\"https:\\\/\\\/shop.bantam.ch\\\/wp-content\\\/uploads\\\/2023\\\/03\\\/994470811.jpg\",\"datePublished\":\"2023-02-28T23:03:22+00:00\",\"dateModified\":\"2026-05-11T19:48:21+00:00\",\"breadcrumb\":{\"@id\":\"https:\\\/\\\/shop.bantam.ch\\\/de\\\/produkt\\\/schlafset-vw-california-t5-6-0\\\/#breadcrumb\"},\"inLanguage\":\"de\",\"potentialAction\":[{\"@type\":\"ReadAction\",\"target\":[\"https:\\\/\\\/shop.bantam.ch\\\/de\\\/produkt\\\/schlafset-vw-california-t5-6-0\\\/\"]}]},{\"@type\":\"ImageObject\",\"inLanguage\":\"de\",\"@id\":\"https:\\\/\\\/shop.bantam.ch\\\/de\\\/produkt\\\/schlafset-vw-california-t5-6-0\\\/#primaryimage\",\"url\":\"https:\\\/\\\/shop.bantam.ch\\\/wp-content\\\/uploads\\\/2023\\\/03\\\/994470811.jpg\",\"contentUrl\":\"https:\\\/\\\/shop.bantam.ch\\\/wp-content\\\/uploads\\\/2023\\\/03\\\/994470811.jpg\",\"width\":1000,\"height\":746},{\"@type\":\"BreadcrumbList\",\"@id\":\"https:\\\/\\\/shop.bantam.ch\\\/de\\\/produkt\\\/schlafset-vw-california-t5-6-0\\\/#breadcrumb\",\"itemListElement\":[{\"@type\":\"ListItem\",\"position\":1,\"name\":\"Accueil\",\"item\":\"https:\\\/\\\/shop.bantam.ch\\\/de\\\/\"},{\"@type\":\"ListItem\",\"position\":2,\"name\":\"Shop\",\"item\":\"https:\\\/\\\/shop.bantam.ch\\\/de\\\/shop\\\/\"},{\"@type\":\"ListItem\",\"position\":3,\"name\":\"Schlafset froli VW California T5\\\/6.0, 120 x 200 x 7 cm\"}]},{\"@type\":\"WebSite\",\"@id\":\"https:\\\/\\\/shop.bantam.ch\\\/de\\\/#website\",\"url\":\"https:\\\/\\\/shop.bantam.ch\\\/de\\\/\",\"name\":\"Bantam\",\"description\":\"\",\"publisher\":{\"@id\":\"https:\\\/\\\/shop.bantam.ch\\\/de\\\/#organization\"},\"inLanguage\":\"de\"},{\"@type\":\"Organization\",\"@id\":\"https:\\\/\\\/shop.bantam.ch\\\/de\\\/#organization\",\"name\":\"Bantam\",\"url\":\"https:\\\/\\\/shop.bantam.ch\\\/de\\\/\",\"logo\":{\"@type\":\"ImageObject\",\"inLanguage\":\"de\",\"@id\":\"https:\\\/\\\/shop.bantam.ch\\\/de\\\/#\\\/schema\\\/logo\\\/image\\\/\",\"url\":\"https:\\\/\\\/shop.bantam.ch\\\/wp-content\\\/uploads\\\/2022\\\/12\\\/bantam-logo.png\",\"contentUrl\":\"https:\\\/\\\/shop.bantam.ch\\\/wp-content\\\/uploads\\\/2022\\\/12\\\/bantam-logo.png\",\"width\":320,\"height\":71,\"caption\":\"Bantam\"},\"image\":{\"@id\":\"https:\\\/\\\/shop.bantam.ch\\\/de\\\/#\\\/schema\\\/logo\\\/image\\\/\"}}]}<\/script>\n<!-- \/ Yoast SEO plugin. -->","yoast_head_json":{"title":"Schlafset froli VW California T5\/6.0, 120 x 200 x 7 cm - Bantam","robots":{"index":"index","follow":"follow","max-snippet":"max-snippet:-1","max-image-preview":"max-image-preview:large","max-video-preview":"max-video-preview:-1"},"canonical":"https:\/\/shop.bantam.ch\/de\/produkt\/schlafset-vw-california-t5-6-0\/","og_locale":"de_DE","og_type":"article","og_title":"Schlafset froli VW California T5\/6.0, 120 x 200 x 7 cm - Bantam","og_description":"Das Froli-Komplettsystem zum Nachr\u00fcsten ist in ca. 60 Minuten eingebaut. Einfach die alte Matratze herausnehmen, Auflagegitter und die original Froli-Tellerfedern ausrollen, befestigen, neue Matratze drauf. Fertig! Das Lattenrost dient als Grundlage f\u00fcr das neue Bettsystem und muss nicht ausgebaut werden. Nat\u00fcrlich l\u00e4sst sich euer Dach noch problemlos schliessen (ohne Bettzeug). Set bestehend aus: Auflagegitter Federmatte [&hellip;]","og_url":"https:\/\/shop.bantam.ch\/de\/produkt\/schlafset-vw-california-t5-6-0\/","og_site_name":"Bantam","article_modified_time":"2026-05-11T19:48:21+00:00","og_image":[{"width":1000,"height":746,"url":"https:\/\/shop.bantam.ch\/wp-content\/uploads\/2023\/03\/994470811.jpg","type":"image\/jpeg"}],"twitter_card":"summary_large_image","schema":{"@context":"https:\/\/schema.org","@graph":[{"@type":"WebPage","@id":"https:\/\/shop.bantam.ch\/de\/produkt\/schlafset-vw-california-t5-6-0\/","url":"https:\/\/shop.bantam.ch\/de\/produkt\/schlafset-vw-california-t5-6-0\/","name":"Schlafset froli VW California T5\/6.0, 120 x 200 x 7 cm - Bantam","isPartOf":{"@id":"https:\/\/shop.bantam.ch\/de\/#website"},"primaryImageOfPage":{"@id":"https:\/\/shop.bantam.ch\/de\/produkt\/schlafset-vw-california-t5-6-0\/#primaryimage"},"image":{"@id":"https:\/\/shop.bantam.ch\/de\/produkt\/schlafset-vw-california-t5-6-0\/#primaryimage"},"thumbnailUrl":"https:\/\/shop.bantam.ch\/wp-content\/uploads\/2023\/03\/994470811.jpg","datePublished":"2023-02-28T23:03:22+00:00","dateModified":"2026-05-11T19:48:21+00:00","breadcrumb":{"@id":"https:\/\/shop.bantam.ch\/de\/produkt\/schlafset-vw-california-t5-6-0\/#breadcrumb"},"inLanguage":"de","potentialAction":[{"@type":"ReadAction","target":["https:\/\/shop.bantam.ch\/de\/produkt\/schlafset-vw-california-t5-6-0\/"]}]},{"@type":"ImageObject","inLanguage":"de","@id":"https:\/\/shop.bantam.ch\/de\/produkt\/schlafset-vw-california-t5-6-0\/#primaryimage","url":"https:\/\/shop.bantam.ch\/wp-content\/uploads\/2023\/03\/994470811.jpg","contentUrl":"https:\/\/shop.bantam.ch\/wp-content\/uploads\/2023\/03\/994470811.jpg","width":1000,"height":746},{"@type":"BreadcrumbList","@id":"https:\/\/shop.bantam.ch\/de\/produkt\/schlafset-vw-california-t5-6-0\/#breadcrumb","itemListElement":[{"@type":"ListItem","position":1,"name":"Accueil","item":"https:\/\/shop.bantam.ch\/de\/"},{"@type":"ListItem","position":2,"name":"Shop","item":"https:\/\/shop.bantam.ch\/de\/shop\/"},{"@type":"ListItem","position":3,"name":"Schlafset froli VW California T5\/6.0, 120 x 200 x 7 cm"}]},{"@type":"WebSite","@id":"https:\/\/shop.bantam.ch\/de\/#website","url":"https:\/\/shop.bantam.ch\/de\/","name":"Bantam","description":"","publisher":{"@id":"https:\/\/shop.bantam.ch\/de\/#organization"},"inLanguage":"de"},{"@type":"Organization","@id":"https:\/\/shop.bantam.ch\/de\/#organization","name":"Bantam","url":"https:\/\/shop.bantam.ch\/de\/","logo":{"@type":"ImageObject","inLanguage":"de","@id":"https:\/\/shop.bantam.ch\/de\/#\/schema\/logo\/image\/","url":"https:\/\/shop.bantam.ch\/wp-content\/uploads\/2022\/12\/bantam-logo.png","contentUrl":"https:\/\/shop.bantam.ch\/wp-content\/uploads\/2022\/12\/bantam-logo.png","width":320,"height":71,"caption":"Bantam"},"image":{"@id":"https:\/\/shop.bantam.ch\/de\/#\/schema\/logo\/image\/"}}]}},"_links":{"self":[{"href":"https:\/\/shop.bantam.ch\/de\/wp-json\/wp\/v2\/product\/122671","targetHints":{"allow":["GET"]}}],"collection":[{"href":"https:\/\/shop.bantam.ch\/de\/wp-json\/wp\/v2\/product"}],"about":[{"href":"https:\/\/shop.bantam.ch\/de\/wp-json\/wp\/v2\/types\/product"}],"wp:featuredmedia":[{"embeddable":true,"href":"https:\/\/shop.bantam.ch\/de\/wp-json\/wp\/v2\/media\/122655"}],"wp:attachment":[{"href":"https:\/\/shop.bantam.ch\/de\/wp-json\/wp\/v2\/media?parent=122671"}],"wp:term":[{"taxonomy":"product_featured_cat","embeddable":true,"href":"https:\/\/shop.bantam.ch\/de\/wp-json\/wp\/v2\/product_featured_cat?post=122671"},{"taxonomy":"product_brand","embeddable":true,"href":"https:\/\/shop.bantam.ch\/de\/wp-json\/wp\/v2\/product_brand?post=122671"},{"taxonomy":"product_cat","embeddable":true,"href":"https:\/\/shop.bantam.ch\/de\/wp-json\/wp\/v2\/product_cat?post=122671"},{"taxonomy":"product_tag","embeddable":true,"href":"https:\/\/shop.bantam.ch\/de\/wp-json\/wp\/v2\/product_tag?post=122671"}],"curies":[{"name":"wp","href":"https:\/\/api.w.org\/{rel}","templated":true}]}}