{"id":122239,"date":"2023-02-28T23:56:14","date_gmt":"2023-02-28T22:56:14","guid":{"rendered":"https:\/\/shop.bantam.ch\/produit\/infotainer-x-f285\/"},"modified":"2026-04-20T21:50:56","modified_gmt":"2026-04-20T19:50:56","slug":"infotainer-x-f285","status":"publish","type":"product","link":"https:\/\/shop.bantam.ch\/de\/produkt\/infotainer-x-f285\/","title":{"rendered":"Infotainer XZENT X-F285 f\u00fcr Ford Transit"},"content":{"rendered":"<p>Funktionshighlights<\/p>\n<ul>\n<li>Fahrzeugspezifischer Reisemobil Infotainer f\u00fcr FORD Transit, mit Navigationsfunktion aufr\u00fcstbar* (X-MAP27-MH1\/3)<\/li>\n<li>Kapazitiver, ber\u00fchrungsempfindlicher 22,9 cm\/9\u201c Bildschirm (1024 x 600 Pixel) mit Echtglasoberfl\u00e4che<\/li>\n<li>DAB+ Twin-Tuner mit DAB-DAB Service-Following, MOT Slideshow, dynamischer Stationsliste und DLS-Text<\/li>\n<li>Works with Apple CarPlay<\/li>\n<li>Made for iPod \/ iPhone<\/li>\n<li>AndroidLink f\u00fcr Android OS Smartphones mit Dual-Protokoll Unterst\u00fctzung<\/li>\n<li>Bluetooth 4.2 Modul mit Freisprechfunktion und A2DP<\/li>\n<li>Steuerung von zwei R\u00fcckfahrkamerasystemen mit automatischer Umschaltfunktion und Hilfslinien<\/li>\n<li>Grafische Benutzeroberfl\u00e4che mit Unterst\u00fctzung von 13 EU Sprachen<\/li>\n<li>Beleuchtete Sensortasten Bedienfelder, umschaltbar zwischen eis-blau oder wei\u00df<\/li>\n<li>Anbindung an die Multifunktionslenkrad-Tasten<\/li>\n<li>IR-Fernbedienung Bluetooth<\/li>\n<li>Bluetooth 4.2 Modul mit Freisprechfunktion<\/li>\n<li>Import von 1000 Telefonbuchkontakten mit jeweils 3 Rufnummern<\/li>\n<li>Speicherresidentes Telefonbuch mit Sofortzugriff auf synchronisierte Kontakte<\/li>\n<li>Telefonbuchkontakt Suchfunktion per Tastatureingabe<\/li>\n<li>Internes Bluetooth Mikrofon, Eingang f\u00fcr externes Mikrofon*<\/li>\n<\/ul>\n<p>Multimedia + Audio<\/p>\n<ul>\n<li>DAB+ Empf\u00e4nger mit Twin-Tuner und 18 Radiostationsspeichern<\/li>\n<li>UKW RDS Radio mit 18 Radiostationsspeichern und DSP Rauschunterdr\u00fcckung<\/li>\n<li>Zwei USB 2.0 Ports auf der Ger\u00e4ter\u00fcckseite zur Wiedergabe von Dateien ab USB Datentr\u00e4ger oder Smartphone (USB(1) f\u00fcr Apple CarPlay \u2265 2000 mA, USB(2) \u2265 700 mA Ladestrom)<\/li>\n<li>A2DP BT Musiktreaming mit AVRCP 1.0<\/li>\n<li>8-Band Grafikequalizer mit 7 voreingestellten Klangprofilen<\/li>\n<li>1 x HDMI Eingang f\u00fcr Zubeh\u00f6r und kompatible Mobilger\u00e4te<\/li>\n<li>4 x 40 Watt Verst\u00e4rker Anschl\u00fcsse<\/li>\n<li>4.2 Cinch Vorverst\u00e4rkerausg\u00e4nge (3 V)<\/li>\n<li>2 x Cinch Video-Eingang f\u00fcr Kamera Signale (CVBS) mit geschalteter Stromversorgung<\/li>\n<li>1 x Fakra UKW Antenneneingang mit 12 V Phantom Stromversorgung<\/li>\n<li>1 x SMB DAB Antenneneingang mit 12 V Phantom Stromversorgung<\/li>\n<li>1 x Cinch Video-Ausgang (CVBS, NTSC)<\/li>\n<li>1 x Cinch A\/V-Eingang mit NTSC\/PAL auto Umschaltung (CVBS)<\/li>\n<li>1 x HDMI Eingang<\/li>\n<li>1 x SMA Eingang f\u00fcr GPS Antenne*<\/li>\n<li>1 x 3,5 mm Klinkeneingang f\u00fcr externes Bluetooth Mikrofon<\/li>\n<li>1 x IR-In Eingang f\u00fcr den Anschluss eines externen CAN\/SWC Interfaces*<\/li>\n<\/ul>\n<p>* Die Navigationssoftware Pakete (M-MAP27-MH1\/3) sind nicht Bestandteil des Ger\u00e4te-Lieferumfangs<\/p>\n<p>* Externes Mikrofon im Lieferumfang enthalten<\/p>\n<p>* GPS Antenne im Lieferumfang enthalten<\/p>\n<p>* Interface im Lieferumfang enthalten<\/p>\n","protected":false},"excerpt":{"rendered":"<p>Funktionshighlights Fahrzeugspezifischer Reisemobil Infotainer f\u00fcr FORD Transit, mit Navigationsfunktion aufr\u00fcstbar* (X-MAP27-MH1\/3) Kapazitiver, ber\u00fchrungsempfindlicher 22,9 cm\/9\u201c Bildschirm (1024 x 600 Pixel) mit Echtglasoberfl\u00e4che DAB+ Twin-Tuner mit DAB-DAB Service-Following, MOT Slideshow, dynamischer Stationsliste und DLS-Text Works with Apple CarPlay Made for iPod \/ iPhone AndroidLink f\u00fcr Android OS Smartphones mit Dual-Protokoll Unterst\u00fctzung Bluetooth 4.2 Modul mit Freisprechfunktion [&hellip;]<\/p>\n","protected":false},"featured_media":122231,"template":"","meta":{"_acf_changed":false},"product_featured_cat":[],"product_brand":[3481],"product_cat":[4520],"product_tag":[],"class_list":{"0":"post-122239","1":"product","2":"type-product","3":"status-publish","4":"has-post-thumbnail","6":"product_brand-xzent-de","7":"product_cat-moniceiver","9":"first","10":"instock","11":"taxable","12":"shipping-taxable","13":"purchasable","14":"product-type-simple"},"acf":[],"yoast_head":"<!-- This site is optimized with the Yoast SEO plugin v27.4 - https:\/\/yoast.com\/product\/yoast-seo-wordpress\/ -->\n<title>Infotainer XZENT X-F285 f\u00fcr Ford Transit - Bantam Camping AG<\/title>\n<meta name=\"robots\" content=\"index, follow, max-snippet:-1, max-image-preview:large, max-video-preview:-1\" \/>\n<link rel=\"canonical\" href=\"https:\/\/shop.bantam.ch\/de\/produkt\/infotainer-x-f285\/\" \/>\n<meta property=\"og:locale\" content=\"de_DE\" \/>\n<meta property=\"og:type\" content=\"article\" \/>\n<meta property=\"og:title\" content=\"Infotainer XZENT X-F285 f\u00fcr Ford Transit - Bantam Camping AG\" \/>\n<meta property=\"og:description\" content=\"Funktionshighlights Fahrzeugspezifischer Reisemobil Infotainer f\u00fcr FORD Transit, mit Navigationsfunktion aufr\u00fcstbar* (X-MAP27-MH1\/3) Kapazitiver, ber\u00fchrungsempfindlicher 22,9 cm\/9\u201c Bildschirm (1024 x 600 Pixel) mit Echtglasoberfl\u00e4che DAB+ Twin-Tuner mit DAB-DAB Service-Following, MOT Slideshow, dynamischer Stationsliste und DLS-Text Works with Apple CarPlay Made for iPod \/ iPhone AndroidLink f\u00fcr Android OS Smartphones mit Dual-Protokoll Unterst\u00fctzung Bluetooth 4.2 Modul mit Freisprechfunktion [&hellip;]\" \/>\n<meta property=\"og:url\" content=\"https:\/\/shop.bantam.ch\/de\/produkt\/infotainer-x-f285\/\" \/>\n<meta property=\"og:site_name\" content=\"Bantam Camping AG\" \/>\n<meta property=\"article:modified_time\" content=\"2026-04-20T19:50:56+00:00\" \/>\n<meta property=\"og:image\" content=\"https:\/\/shop.bantam.ch\/wp-content\/uploads\/2023\/02\/998419111-scaled.jpg\" \/>\n\t<meta property=\"og:image:width\" content=\"2362\" \/>\n\t<meta property=\"og:image:height\" content=\"1699\" \/>\n\t<meta property=\"og:image:type\" content=\"image\/jpeg\" \/>\n<meta name=\"twitter:card\" content=\"summary_large_image\" \/>\n<meta name=\"twitter:label1\" content=\"Gesch\u00e4tzte Lesezeit\" \/>\n\t<meta name=\"twitter:data1\" content=\"1\u00a0Minute\" \/>\n<script type=\"application\/ld+json\" class=\"yoast-schema-graph\">{\"@context\":\"https:\\\/\\\/schema.org\",\"@graph\":[{\"@type\":\"WebPage\",\"@id\":\"https:\\\/\\\/shop.bantam.ch\\\/de\\\/produkt\\\/infotainer-x-f285\\\/\",\"url\":\"https:\\\/\\\/shop.bantam.ch\\\/de\\\/produkt\\\/infotainer-x-f285\\\/\",\"name\":\"Infotainer XZENT X-F285 f\u00fcr Ford Transit - Bantam Camping AG\",\"isPartOf\":{\"@id\":\"https:\\\/\\\/shop.bantam.ch\\\/de\\\/#website\"},\"primaryImageOfPage\":{\"@id\":\"https:\\\/\\\/shop.bantam.ch\\\/de\\\/produkt\\\/infotainer-x-f285\\\/#primaryimage\"},\"image\":{\"@id\":\"https:\\\/\\\/shop.bantam.ch\\\/de\\\/produkt\\\/infotainer-x-f285\\\/#primaryimage\"},\"thumbnailUrl\":\"https:\\\/\\\/shop.bantam.ch\\\/wp-content\\\/uploads\\\/2023\\\/02\\\/998419111-scaled.jpg\",\"datePublished\":\"2023-02-28T22:56:14+00:00\",\"dateModified\":\"2026-04-20T19:50:56+00:00\",\"breadcrumb\":{\"@id\":\"https:\\\/\\\/shop.bantam.ch\\\/de\\\/produkt\\\/infotainer-x-f285\\\/#breadcrumb\"},\"inLanguage\":\"de\",\"potentialAction\":[{\"@type\":\"ReadAction\",\"target\":[\"https:\\\/\\\/shop.bantam.ch\\\/de\\\/produkt\\\/infotainer-x-f285\\\/\"]}]},{\"@type\":\"ImageObject\",\"inLanguage\":\"de\",\"@id\":\"https:\\\/\\\/shop.bantam.ch\\\/de\\\/produkt\\\/infotainer-x-f285\\\/#primaryimage\",\"url\":\"https:\\\/\\\/shop.bantam.ch\\\/wp-content\\\/uploads\\\/2023\\\/02\\\/998419111-scaled.jpg\",\"contentUrl\":\"https:\\\/\\\/shop.bantam.ch\\\/wp-content\\\/uploads\\\/2023\\\/02\\\/998419111-scaled.jpg\",\"width\":2048,\"height\":1473},{\"@type\":\"BreadcrumbList\",\"@id\":\"https:\\\/\\\/shop.bantam.ch\\\/de\\\/produkt\\\/infotainer-x-f285\\\/#breadcrumb\",\"itemListElement\":[{\"@type\":\"ListItem\",\"position\":1,\"name\":\"Accueil\",\"item\":\"https:\\\/\\\/shop.bantam.ch\\\/de\\\/\"},{\"@type\":\"ListItem\",\"position\":2,\"name\":\"Shop\",\"item\":\"https:\\\/\\\/shop.bantam.ch\\\/de\\\/shop\\\/\"},{\"@type\":\"ListItem\",\"position\":3,\"name\":\"Infotainer XZENT X-F285 f\u00fcr Ford Transit\"}]},{\"@type\":\"WebSite\",\"@id\":\"https:\\\/\\\/shop.bantam.ch\\\/de\\\/#website\",\"url\":\"https:\\\/\\\/shop.bantam.ch\\\/de\\\/\",\"name\":\"Bantam Camping AG\",\"description\":\"\",\"publisher\":{\"@id\":\"https:\\\/\\\/shop.bantam.ch\\\/de\\\/#organization\"},\"inLanguage\":\"de\"},{\"@type\":\"Organization\",\"@id\":\"https:\\\/\\\/shop.bantam.ch\\\/de\\\/#organization\",\"name\":\"Bantam Camping AG\",\"url\":\"https:\\\/\\\/shop.bantam.ch\\\/de\\\/\",\"logo\":{\"@type\":\"ImageObject\",\"inLanguage\":\"de\",\"@id\":\"https:\\\/\\\/shop.bantam.ch\\\/de\\\/#\\\/schema\\\/logo\\\/image\\\/\",\"url\":\"https:\\\/\\\/shop.bantam.ch\\\/wp-content\\\/uploads\\\/2022\\\/12\\\/bantam-logo.png\",\"contentUrl\":\"https:\\\/\\\/shop.bantam.ch\\\/wp-content\\\/uploads\\\/2022\\\/12\\\/bantam-logo.png\",\"width\":320,\"height\":71,\"caption\":\"Bantam Camping AG\"},\"image\":{\"@id\":\"https:\\\/\\\/shop.bantam.ch\\\/de\\\/#\\\/schema\\\/logo\\\/image\\\/\"}}]}<\/script>\n<!-- \/ Yoast SEO plugin. -->","yoast_head_json":{"title":"Infotainer XZENT X-F285 f\u00fcr Ford Transit - Bantam Camping AG","robots":{"index":"index","follow":"follow","max-snippet":"max-snippet:-1","max-image-preview":"max-image-preview:large","max-video-preview":"max-video-preview:-1"},"canonical":"https:\/\/shop.bantam.ch\/de\/produkt\/infotainer-x-f285\/","og_locale":"de_DE","og_type":"article","og_title":"Infotainer XZENT X-F285 f\u00fcr Ford Transit - Bantam Camping AG","og_description":"Funktionshighlights Fahrzeugspezifischer Reisemobil Infotainer f\u00fcr FORD Transit, mit Navigationsfunktion aufr\u00fcstbar* (X-MAP27-MH1\/3) Kapazitiver, ber\u00fchrungsempfindlicher 22,9 cm\/9\u201c Bildschirm (1024 x 600 Pixel) mit Echtglasoberfl\u00e4che DAB+ Twin-Tuner mit DAB-DAB Service-Following, MOT Slideshow, dynamischer Stationsliste und DLS-Text Works with Apple CarPlay Made for iPod \/ iPhone AndroidLink f\u00fcr Android OS Smartphones mit Dual-Protokoll Unterst\u00fctzung Bluetooth 4.2 Modul mit Freisprechfunktion [&hellip;]","og_url":"https:\/\/shop.bantam.ch\/de\/produkt\/infotainer-x-f285\/","og_site_name":"Bantam Camping AG","article_modified_time":"2026-04-20T19:50:56+00:00","og_image":[{"width":2362,"height":1699,"url":"https:\/\/shop.bantam.ch\/wp-content\/uploads\/2023\/02\/998419111-scaled.jpg","type":"image\/jpeg"}],"twitter_card":"summary_large_image","twitter_misc":{"Gesch\u00e4tzte Lesezeit":"1\u00a0Minute"},"schema":{"@context":"https:\/\/schema.org","@graph":[{"@type":"WebPage","@id":"https:\/\/shop.bantam.ch\/de\/produkt\/infotainer-x-f285\/","url":"https:\/\/shop.bantam.ch\/de\/produkt\/infotainer-x-f285\/","name":"Infotainer XZENT X-F285 f\u00fcr Ford Transit - Bantam Camping AG","isPartOf":{"@id":"https:\/\/shop.bantam.ch\/de\/#website"},"primaryImageOfPage":{"@id":"https:\/\/shop.bantam.ch\/de\/produkt\/infotainer-x-f285\/#primaryimage"},"image":{"@id":"https:\/\/shop.bantam.ch\/de\/produkt\/infotainer-x-f285\/#primaryimage"},"thumbnailUrl":"https:\/\/shop.bantam.ch\/wp-content\/uploads\/2023\/02\/998419111-scaled.jpg","datePublished":"2023-02-28T22:56:14+00:00","dateModified":"2026-04-20T19:50:56+00:00","breadcrumb":{"@id":"https:\/\/shop.bantam.ch\/de\/produkt\/infotainer-x-f285\/#breadcrumb"},"inLanguage":"de","potentialAction":[{"@type":"ReadAction","target":["https:\/\/shop.bantam.ch\/de\/produkt\/infotainer-x-f285\/"]}]},{"@type":"ImageObject","inLanguage":"de","@id":"https:\/\/shop.bantam.ch\/de\/produkt\/infotainer-x-f285\/#primaryimage","url":"https:\/\/shop.bantam.ch\/wp-content\/uploads\/2023\/02\/998419111-scaled.jpg","contentUrl":"https:\/\/shop.bantam.ch\/wp-content\/uploads\/2023\/02\/998419111-scaled.jpg","width":2048,"height":1473},{"@type":"BreadcrumbList","@id":"https:\/\/shop.bantam.ch\/de\/produkt\/infotainer-x-f285\/#breadcrumb","itemListElement":[{"@type":"ListItem","position":1,"name":"Accueil","item":"https:\/\/shop.bantam.ch\/de\/"},{"@type":"ListItem","position":2,"name":"Shop","item":"https:\/\/shop.bantam.ch\/de\/shop\/"},{"@type":"ListItem","position":3,"name":"Infotainer XZENT X-F285 f\u00fcr Ford Transit"}]},{"@type":"WebSite","@id":"https:\/\/shop.bantam.ch\/de\/#website","url":"https:\/\/shop.bantam.ch\/de\/","name":"Bantam Camping AG","description":"","publisher":{"@id":"https:\/\/shop.bantam.ch\/de\/#organization"},"inLanguage":"de"},{"@type":"Organization","@id":"https:\/\/shop.bantam.ch\/de\/#organization","name":"Bantam Camping AG","url":"https:\/\/shop.bantam.ch\/de\/","logo":{"@type":"ImageObject","inLanguage":"de","@id":"https:\/\/shop.bantam.ch\/de\/#\/schema\/logo\/image\/","url":"https:\/\/shop.bantam.ch\/wp-content\/uploads\/2022\/12\/bantam-logo.png","contentUrl":"https:\/\/shop.bantam.ch\/wp-content\/uploads\/2022\/12\/bantam-logo.png","width":320,"height":71,"caption":"Bantam Camping AG"},"image":{"@id":"https:\/\/shop.bantam.ch\/de\/#\/schema\/logo\/image\/"}}]}},"_links":{"self":[{"href":"https:\/\/shop.bantam.ch\/de\/wp-json\/wp\/v2\/product\/122239","targetHints":{"allow":["GET"]}}],"collection":[{"href":"https:\/\/shop.bantam.ch\/de\/wp-json\/wp\/v2\/product"}],"about":[{"href":"https:\/\/shop.bantam.ch\/de\/wp-json\/wp\/v2\/types\/product"}],"wp:featuredmedia":[{"embeddable":true,"href":"https:\/\/shop.bantam.ch\/de\/wp-json\/wp\/v2\/media\/122231"}],"wp:attachment":[{"href":"https:\/\/shop.bantam.ch\/de\/wp-json\/wp\/v2\/media?parent=122239"}],"wp:term":[{"taxonomy":"product_featured_cat","embeddable":true,"href":"https:\/\/shop.bantam.ch\/de\/wp-json\/wp\/v2\/product_featured_cat?post=122239"},{"taxonomy":"product_brand","embeddable":true,"href":"https:\/\/shop.bantam.ch\/de\/wp-json\/wp\/v2\/product_brand?post=122239"},{"taxonomy":"product_cat","embeddable":true,"href":"https:\/\/shop.bantam.ch\/de\/wp-json\/wp\/v2\/product_cat?post=122239"},{"taxonomy":"product_tag","embeddable":true,"href":"https:\/\/shop.bantam.ch\/de\/wp-json\/wp\/v2\/product_tag?post=122239"}],"curies":[{"name":"wp","href":"https:\/\/api.w.org\/{rel}","templated":true}]}}