{"id":122093,"date":"2023-02-28T23:53:24","date_gmt":"2023-02-28T22:53:24","guid":{"rendered":"https:\/\/shop.bantam.ch\/produit\/geschirrset-16-tlg-club-set-goeteborg\/"},"modified":"2026-04-17T21:49:30","modified_gmt":"2026-04-17T19:49:30","slug":"geschirrset-16-tlg-club-set-goeteborg","status":"publish","type":"product","link":"https:\/\/shop.bantam.ch\/de\/produkt\/geschirrset-16-tlg-club-set-goeteborg\/","title":{"rendered":"Geschirrset koziol CLUB SET G\u00d6TEBORG 16-tlg. Farbe nature ash grey \/ nature desert sand"},"content":{"rendered":"<p>Das universelle Geschirr f\u00fcr Picknicks, Camping und alle Anl\u00e4sse, die vorzugsweise drau\u00dfen stattfinden. Die facettierten Teller sind wie eine frische Sommerbrise beim Outdoor-Lunch und vermitteln jederzeit und \u00fcberall das gute Gef\u00fchl hochwertigen Dinierens. Die kompakte Schale hat genau die richtige Gr\u00f6\u00dfe f\u00fcr die angesagten Bowl-Rezepte und macht auch f\u00fcr Obst, Salate, Nachtisch oder Suppen was her. Das Material bleibt lange sch\u00f6n und ist nat\u00fcrlich sp\u00fclmaschinenfest.<\/p>\n<p>\u00a0Der zirkul\u00e4re Kunststoff wird aus recyceltem Sonnenblumen- und Raps\u00f6l aus Industrie und Gastronomie gewonnen. Die \u00d6le werden gesammelt und in einem speziellen Recyclingverfahren in Kunststoff umgewandelt. Diese Stoffe erfahren so erstmals eine sinnvolle Weiterverwendung, bislang konnten sie nur thermisch verwertet werden. Zudem werden keine zus\u00e4tzlichen Ackerfl\u00e4chen ben\u00f6tigt.<\/p>\n<p>Die zugesetzten Holzfasern werden aus B\u00e4umen gewonnen, die bei der Forstpflege anfallen sowie aus Resten der Papierherstellung. Alle H\u00f6lzer stammen aus europ\u00e4ischem Anbau und sind FSC\u00ae-zertifiziert. Der neue Werkstoff verbindet die positiven Eigenschaften von Holz wie Isolierf\u00e4higkeit und Nat\u00fcrlichkeit mit den Vorteilen von Kunststoff wie Elastizit\u00e4t, Leichtigkeit und individuelle Einf\u00e4rbbarkeit. Das Material ist frei von Melamin, BPA und Bambus, selbstverst\u00e4ndlich lebensmittelecht und vollst\u00e4ndig recycelbar.<\/p>\n<ul>\n<li>Hochaktuelles Facettendesign<\/li>\n<li>Sicherer Stand<\/li>\n<li>Stapelbar<\/li>\n<li>Robust<\/li>\n<li>Ideales Outdoor-Produkt<\/li>\n<li>100 % CO2-neutral<\/li>\n<li>100 % recycelf\u00e4hig<\/li>\n<li>BPA-frei<\/li>\n<li>Melamin-frei<\/li>\n<li>Bambus-frei<\/li>\n<li>Made in Germany<\/li>\n<\/ul>\n<p>\u00a016-teiliges Geschirrset bestehend aus:<\/p>\n<ul>\n<li>4 flache Teller, 26 x 1,8 cm (\u00d8 x H)<\/li>\n<li>4 tiefe Teller, 22 x 3,5 cm (\u00d8 x H)<\/li>\n<li>4 Schalen, 16,2 x 6,4 cm (\u00d8 x H), 700 ml<\/li>\n<li>4 Gl\u00e4ser, 8,6 x 19,3 cm (\u00d8 x H), 250 ml<\/li>\n<\/ul>\n","protected":false},"excerpt":{"rendered":"<p>Das universelle Geschirr f\u00fcr Picknicks, Camping und alle Anl\u00e4sse, die vorzugsweise drau\u00dfen stattfinden. Die facettierten Teller sind wie eine frische Sommerbrise beim Outdoor-Lunch und vermitteln jederzeit und \u00fcberall das gute Gef\u00fchl hochwertigen Dinierens. Die kompakte Schale hat genau die richtige Gr\u00f6\u00dfe f\u00fcr die angesagten Bowl-Rezepte und macht auch f\u00fcr Obst, Salate, Nachtisch oder Suppen was [&hellip;]<\/p>\n","protected":false},"featured_media":122081,"template":"","meta":{"_acf_changed":false},"product_featured_cat":[],"product_brand":[3585],"product_cat":[4274],"product_tag":[],"class_list":{"0":"post-122093","1":"product","2":"type-product","3":"status-publish","4":"has-post-thumbnail","6":"product_brand-koziol-de","7":"product_cat-geschirrsets","9":"first","10":"instock","11":"taxable","12":"shipping-taxable","13":"purchasable","14":"product-type-simple"},"acf":[],"yoast_head":"<!-- This site is optimized with the Yoast SEO plugin v27.4 - https:\/\/yoast.com\/product\/yoast-seo-wordpress\/ -->\n<title>Geschirrset koziol CLUB SET G\u00d6TEBORG 16-tlg. Farbe nature ash grey \/ nature desert sand - Bantam Camping AG<\/title>\n<meta name=\"robots\" content=\"index, follow, max-snippet:-1, max-image-preview:large, max-video-preview:-1\" \/>\n<link rel=\"canonical\" href=\"https:\/\/shop.bantam.ch\/de\/produkt\/geschirrset-16-tlg-club-set-goeteborg\/\" \/>\n<meta property=\"og:locale\" content=\"de_DE\" \/>\n<meta property=\"og:type\" content=\"article\" \/>\n<meta property=\"og:title\" content=\"Geschirrset koziol CLUB SET G\u00d6TEBORG 16-tlg. Farbe nature ash grey \/ nature desert sand - Bantam Camping AG\" \/>\n<meta property=\"og:description\" content=\"Das universelle Geschirr f\u00fcr Picknicks, Camping und alle Anl\u00e4sse, die vorzugsweise drau\u00dfen stattfinden. Die facettierten Teller sind wie eine frische Sommerbrise beim Outdoor-Lunch und vermitteln jederzeit und \u00fcberall das gute Gef\u00fchl hochwertigen Dinierens. Die kompakte Schale hat genau die richtige Gr\u00f6\u00dfe f\u00fcr die angesagten Bowl-Rezepte und macht auch f\u00fcr Obst, Salate, Nachtisch oder Suppen was [&hellip;]\" \/>\n<meta property=\"og:url\" content=\"https:\/\/shop.bantam.ch\/de\/produkt\/geschirrset-16-tlg-club-set-goeteborg\/\" \/>\n<meta property=\"og:site_name\" content=\"Bantam Camping AG\" \/>\n<meta property=\"article:modified_time\" content=\"2026-04-17T19:49:30+00:00\" \/>\n<meta property=\"og:image\" content=\"https:\/\/shop.bantam.ch\/wp-content\/uploads\/2023\/02\/998466416.jpg\" \/>\n\t<meta property=\"og:image:width\" content=\"1000\" \/>\n\t<meta property=\"og:image:height\" content=\"1000\" \/>\n\t<meta property=\"og:image:type\" content=\"image\/jpeg\" \/>\n<meta name=\"twitter:card\" content=\"summary_large_image\" \/>\n<meta name=\"twitter:label1\" content=\"Gesch\u00e4tzte Lesezeit\" \/>\n\t<meta name=\"twitter:data1\" content=\"1\u00a0Minute\" \/>\n<script type=\"application\/ld+json\" class=\"yoast-schema-graph\">{\"@context\":\"https:\\\/\\\/schema.org\",\"@graph\":[{\"@type\":\"WebPage\",\"@id\":\"https:\\\/\\\/shop.bantam.ch\\\/de\\\/produkt\\\/geschirrset-16-tlg-club-set-goeteborg\\\/\",\"url\":\"https:\\\/\\\/shop.bantam.ch\\\/de\\\/produkt\\\/geschirrset-16-tlg-club-set-goeteborg\\\/\",\"name\":\"Geschirrset koziol CLUB SET G\u00d6TEBORG 16-tlg. Farbe nature ash grey \\\/ nature desert sand - Bantam Camping AG\",\"isPartOf\":{\"@id\":\"https:\\\/\\\/shop.bantam.ch\\\/de\\\/#website\"},\"primaryImageOfPage\":{\"@id\":\"https:\\\/\\\/shop.bantam.ch\\\/de\\\/produkt\\\/geschirrset-16-tlg-club-set-goeteborg\\\/#primaryimage\"},\"image\":{\"@id\":\"https:\\\/\\\/shop.bantam.ch\\\/de\\\/produkt\\\/geschirrset-16-tlg-club-set-goeteborg\\\/#primaryimage\"},\"thumbnailUrl\":\"https:\\\/\\\/shop.bantam.ch\\\/wp-content\\\/uploads\\\/2023\\\/02\\\/998466416.jpg\",\"datePublished\":\"2023-02-28T22:53:24+00:00\",\"dateModified\":\"2026-04-17T19:49:30+00:00\",\"breadcrumb\":{\"@id\":\"https:\\\/\\\/shop.bantam.ch\\\/de\\\/produkt\\\/geschirrset-16-tlg-club-set-goeteborg\\\/#breadcrumb\"},\"inLanguage\":\"de\",\"potentialAction\":[{\"@type\":\"ReadAction\",\"target\":[\"https:\\\/\\\/shop.bantam.ch\\\/de\\\/produkt\\\/geschirrset-16-tlg-club-set-goeteborg\\\/\"]}]},{\"@type\":\"ImageObject\",\"inLanguage\":\"de\",\"@id\":\"https:\\\/\\\/shop.bantam.ch\\\/de\\\/produkt\\\/geschirrset-16-tlg-club-set-goeteborg\\\/#primaryimage\",\"url\":\"https:\\\/\\\/shop.bantam.ch\\\/wp-content\\\/uploads\\\/2023\\\/02\\\/998466416.jpg\",\"contentUrl\":\"https:\\\/\\\/shop.bantam.ch\\\/wp-content\\\/uploads\\\/2023\\\/02\\\/998466416.jpg\",\"width\":1000,\"height\":1000},{\"@type\":\"BreadcrumbList\",\"@id\":\"https:\\\/\\\/shop.bantam.ch\\\/de\\\/produkt\\\/geschirrset-16-tlg-club-set-goeteborg\\\/#breadcrumb\",\"itemListElement\":[{\"@type\":\"ListItem\",\"position\":1,\"name\":\"Accueil\",\"item\":\"https:\\\/\\\/shop.bantam.ch\\\/de\\\/\"},{\"@type\":\"ListItem\",\"position\":2,\"name\":\"Shop\",\"item\":\"https:\\\/\\\/shop.bantam.ch\\\/de\\\/shop\\\/\"},{\"@type\":\"ListItem\",\"position\":3,\"name\":\"Geschirrset koziol CLUB SET G\u00d6TEBORG 16-tlg. Farbe nature ash grey \\\/ nature desert sand\"}]},{\"@type\":\"WebSite\",\"@id\":\"https:\\\/\\\/shop.bantam.ch\\\/de\\\/#website\",\"url\":\"https:\\\/\\\/shop.bantam.ch\\\/de\\\/\",\"name\":\"Bantam Camping AG\",\"description\":\"\",\"publisher\":{\"@id\":\"https:\\\/\\\/shop.bantam.ch\\\/de\\\/#organization\"},\"inLanguage\":\"de\"},{\"@type\":\"Organization\",\"@id\":\"https:\\\/\\\/shop.bantam.ch\\\/de\\\/#organization\",\"name\":\"Bantam Camping AG\",\"url\":\"https:\\\/\\\/shop.bantam.ch\\\/de\\\/\",\"logo\":{\"@type\":\"ImageObject\",\"inLanguage\":\"de\",\"@id\":\"https:\\\/\\\/shop.bantam.ch\\\/de\\\/#\\\/schema\\\/logo\\\/image\\\/\",\"url\":\"https:\\\/\\\/shop.bantam.ch\\\/wp-content\\\/uploads\\\/2022\\\/12\\\/bantam-logo.png\",\"contentUrl\":\"https:\\\/\\\/shop.bantam.ch\\\/wp-content\\\/uploads\\\/2022\\\/12\\\/bantam-logo.png\",\"width\":320,\"height\":71,\"caption\":\"Bantam Camping AG\"},\"image\":{\"@id\":\"https:\\\/\\\/shop.bantam.ch\\\/de\\\/#\\\/schema\\\/logo\\\/image\\\/\"}}]}<\/script>\n<!-- \/ Yoast SEO plugin. -->","yoast_head_json":{"title":"Geschirrset koziol CLUB SET G\u00d6TEBORG 16-tlg. Farbe nature ash grey \/ nature desert sand - Bantam Camping AG","robots":{"index":"index","follow":"follow","max-snippet":"max-snippet:-1","max-image-preview":"max-image-preview:large","max-video-preview":"max-video-preview:-1"},"canonical":"https:\/\/shop.bantam.ch\/de\/produkt\/geschirrset-16-tlg-club-set-goeteborg\/","og_locale":"de_DE","og_type":"article","og_title":"Geschirrset koziol CLUB SET G\u00d6TEBORG 16-tlg. Farbe nature ash grey \/ nature desert sand - Bantam Camping AG","og_description":"Das universelle Geschirr f\u00fcr Picknicks, Camping und alle Anl\u00e4sse, die vorzugsweise drau\u00dfen stattfinden. Die facettierten Teller sind wie eine frische Sommerbrise beim Outdoor-Lunch und vermitteln jederzeit und \u00fcberall das gute Gef\u00fchl hochwertigen Dinierens. Die kompakte Schale hat genau die richtige Gr\u00f6\u00dfe f\u00fcr die angesagten Bowl-Rezepte und macht auch f\u00fcr Obst, Salate, Nachtisch oder Suppen was [&hellip;]","og_url":"https:\/\/shop.bantam.ch\/de\/produkt\/geschirrset-16-tlg-club-set-goeteborg\/","og_site_name":"Bantam Camping AG","article_modified_time":"2026-04-17T19:49:30+00:00","og_image":[{"width":1000,"height":1000,"url":"https:\/\/shop.bantam.ch\/wp-content\/uploads\/2023\/02\/998466416.jpg","type":"image\/jpeg"}],"twitter_card":"summary_large_image","twitter_misc":{"Gesch\u00e4tzte Lesezeit":"1\u00a0Minute"},"schema":{"@context":"https:\/\/schema.org","@graph":[{"@type":"WebPage","@id":"https:\/\/shop.bantam.ch\/de\/produkt\/geschirrset-16-tlg-club-set-goeteborg\/","url":"https:\/\/shop.bantam.ch\/de\/produkt\/geschirrset-16-tlg-club-set-goeteborg\/","name":"Geschirrset koziol CLUB SET G\u00d6TEBORG 16-tlg. Farbe nature ash grey \/ nature desert sand - Bantam Camping AG","isPartOf":{"@id":"https:\/\/shop.bantam.ch\/de\/#website"},"primaryImageOfPage":{"@id":"https:\/\/shop.bantam.ch\/de\/produkt\/geschirrset-16-tlg-club-set-goeteborg\/#primaryimage"},"image":{"@id":"https:\/\/shop.bantam.ch\/de\/produkt\/geschirrset-16-tlg-club-set-goeteborg\/#primaryimage"},"thumbnailUrl":"https:\/\/shop.bantam.ch\/wp-content\/uploads\/2023\/02\/998466416.jpg","datePublished":"2023-02-28T22:53:24+00:00","dateModified":"2026-04-17T19:49:30+00:00","breadcrumb":{"@id":"https:\/\/shop.bantam.ch\/de\/produkt\/geschirrset-16-tlg-club-set-goeteborg\/#breadcrumb"},"inLanguage":"de","potentialAction":[{"@type":"ReadAction","target":["https:\/\/shop.bantam.ch\/de\/produkt\/geschirrset-16-tlg-club-set-goeteborg\/"]}]},{"@type":"ImageObject","inLanguage":"de","@id":"https:\/\/shop.bantam.ch\/de\/produkt\/geschirrset-16-tlg-club-set-goeteborg\/#primaryimage","url":"https:\/\/shop.bantam.ch\/wp-content\/uploads\/2023\/02\/998466416.jpg","contentUrl":"https:\/\/shop.bantam.ch\/wp-content\/uploads\/2023\/02\/998466416.jpg","width":1000,"height":1000},{"@type":"BreadcrumbList","@id":"https:\/\/shop.bantam.ch\/de\/produkt\/geschirrset-16-tlg-club-set-goeteborg\/#breadcrumb","itemListElement":[{"@type":"ListItem","position":1,"name":"Accueil","item":"https:\/\/shop.bantam.ch\/de\/"},{"@type":"ListItem","position":2,"name":"Shop","item":"https:\/\/shop.bantam.ch\/de\/shop\/"},{"@type":"ListItem","position":3,"name":"Geschirrset koziol CLUB SET G\u00d6TEBORG 16-tlg. Farbe nature ash grey \/ nature desert sand"}]},{"@type":"WebSite","@id":"https:\/\/shop.bantam.ch\/de\/#website","url":"https:\/\/shop.bantam.ch\/de\/","name":"Bantam Camping AG","description":"","publisher":{"@id":"https:\/\/shop.bantam.ch\/de\/#organization"},"inLanguage":"de"},{"@type":"Organization","@id":"https:\/\/shop.bantam.ch\/de\/#organization","name":"Bantam Camping AG","url":"https:\/\/shop.bantam.ch\/de\/","logo":{"@type":"ImageObject","inLanguage":"de","@id":"https:\/\/shop.bantam.ch\/de\/#\/schema\/logo\/image\/","url":"https:\/\/shop.bantam.ch\/wp-content\/uploads\/2022\/12\/bantam-logo.png","contentUrl":"https:\/\/shop.bantam.ch\/wp-content\/uploads\/2022\/12\/bantam-logo.png","width":320,"height":71,"caption":"Bantam Camping AG"},"image":{"@id":"https:\/\/shop.bantam.ch\/de\/#\/schema\/logo\/image\/"}}]}},"_links":{"self":[{"href":"https:\/\/shop.bantam.ch\/de\/wp-json\/wp\/v2\/product\/122093","targetHints":{"allow":["GET"]}}],"collection":[{"href":"https:\/\/shop.bantam.ch\/de\/wp-json\/wp\/v2\/product"}],"about":[{"href":"https:\/\/shop.bantam.ch\/de\/wp-json\/wp\/v2\/types\/product"}],"wp:featuredmedia":[{"embeddable":true,"href":"https:\/\/shop.bantam.ch\/de\/wp-json\/wp\/v2\/media\/122081"}],"wp:attachment":[{"href":"https:\/\/shop.bantam.ch\/de\/wp-json\/wp\/v2\/media?parent=122093"}],"wp:term":[{"taxonomy":"product_featured_cat","embeddable":true,"href":"https:\/\/shop.bantam.ch\/de\/wp-json\/wp\/v2\/product_featured_cat?post=122093"},{"taxonomy":"product_brand","embeddable":true,"href":"https:\/\/shop.bantam.ch\/de\/wp-json\/wp\/v2\/product_brand?post=122093"},{"taxonomy":"product_cat","embeddable":true,"href":"https:\/\/shop.bantam.ch\/de\/wp-json\/wp\/v2\/product_cat?post=122093"},{"taxonomy":"product_tag","embeddable":true,"href":"https:\/\/shop.bantam.ch\/de\/wp-json\/wp\/v2\/product_tag?post=122093"}],"curies":[{"name":"wp","href":"https:\/\/api.w.org\/{rel}","templated":true}]}}