{"id":122077,"date":"2023-02-28T23:53:05","date_gmt":"2023-02-28T22:53:05","guid":{"rendered":"https:\/\/shop.bantam.ch\/produit\/geschirrset-10-tlg-connect-set-helsinki\/"},"modified":"2026-05-02T23:31:03","modified_gmt":"2026-05-02T21:31:03","slug":"geschirrset-10-tlg-connect-set-helsinki","status":"publish","type":"product","link":"https:\/\/shop.bantam.ch\/de\/produkt\/geschirrset-10-tlg-connect-set-helsinki\/","title":{"rendered":"Geschirrset 10-tlg. CONNECT SET HELSINKI"},"content":{"rendered":"<p>Mit seinen klaren Formen begeistert dieses Geschirr-Set auf den ersten Blick. Der kleine Teller ist ideal f\u00fcr Obst, Snacks oder Kuchen und die kleine Schale macht sich f\u00fcr M\u00fcsli oder Desserts schnell unentbehrlich. Der gro\u00dfe Teller im minimalistischen Design f\u00fcgt sich \u00fcberall harmonisch ein und \u00fcberzeugt drinnen wie drau\u00dfen durch solide Qualit\u00e4t und den extrem coolen Look. Der kleine Becher liegt sehr gut in der Hand und kommt g\u00e4nzlich ohne Henkel aus. Das kompakte KLIKK Besteck rundet das Geschirrset perfekt ab. Das CONNECT SET HELSINKI ist robust, leicht und stapelbar und damit auch f\u00fcr Picknick, Camping und Wandertouren ein unverzichtbarer Begleiter.<\/p>\n<p>Der zirkul\u00e4re Kunststoff wird aus recyceltem Sonnenblumen- und Raps\u00f6l aus Industrie und Gastronomie gewonnen. Die \u00d6le werden gesammelt und in einem speziellen Recyclingverfahren in Kunststoff umgewandelt. Diese Stoffe erfahren so erstmals eine sinnvolle Weiterverwendung, bislang konnten sie nur thermisch verwertet werden. Zudem werden keine zus\u00e4tzlichen Ackerfl\u00e4chen ben\u00f6tigt.<br \/>Die zugesetzten Holzfasern werden aus B\u00e4umen gewonnen, die bei der Forstpflege anfallen sowie aus Resten der Papierherstellung. Alle H\u00f6lzer stammen aus europ\u00e4ischem Anbau und sind FSC\u00ae-zertifiziert. Der neue Werkstoff verbindet die positiven Eigenschaften von Holz wie Isolierf\u00e4higkeit und Nat\u00fcrlichkeit mit den Vorteilen von Kunststoff wie Elastizit\u00e4t, Leichtigkeit und individuelle Einf\u00e4rbbarkeit. Das Material ist frei von Melamin, BPA und Bambus, selbstverst\u00e4ndlich lebensmittelecht und vollst\u00e4ndig recycelbar.<\/p>\n<ul>\n<li>10-teiliges Set<\/li>\n<li>Klare Formensprache<\/li>\n<li>Sicherer Stand<\/li>\n<li>Stapelba<\/li>\n<li>Robust<\/li>\n<li>Leicht<\/li>\n<li>Ideal f\u00fcr Camping und Picknick<\/li>\n<li>100 % CO2-neutral<\/li>\n<li>100 % recycelbar<\/li>\n<li>BPA-frei<\/li>\n<li>Melamin-frei<\/li>\n<li>Bambus-frei<\/li>\n<li>Made in Germany<\/li>\n<\/ul>\n<p>bestehend aus je 2 mal:<\/p>\n<ul>\n<li>Gro\u00dfer Teller 25,5 x 1 cm (\u00d8 x H)<\/li>\n<li>Kleiner Teller 20,5 x 2 cm (\u00d8 x H)<\/li>\n<li>Schale 15,5 x 6,3 cm (\u00d8 x H), 890 ml<\/li>\n<li>Becher 7,3 x 7,5 cm (\u00d8 x H), 190 ml<\/li>\n<li>Besteck 22,2 cm (L)<\/li>\n<\/ul>\n<p>\u00a0<\/p>\n","protected":false},"excerpt":{"rendered":"<p>Mit seinen klaren Formen begeistert dieses Geschirr-Set auf den ersten Blick. Der kleine Teller ist ideal f\u00fcr Obst, Snacks oder Kuchen und die kleine Schale macht sich f\u00fcr M\u00fcsli oder Desserts schnell unentbehrlich. Der gro\u00dfe Teller im minimalistischen Design f\u00fcgt sich \u00fcberall harmonisch ein und \u00fcberzeugt drinnen wie drau\u00dfen durch solide Qualit\u00e4t und den extrem [&hellip;]<\/p>\n","protected":false},"featured_media":122045,"template":"","meta":{"_acf_changed":false},"product_featured_cat":[],"product_brand":[3585],"product_cat":[4274],"product_tag":[],"class_list":{"0":"post-122077","1":"product","2":"type-product","3":"status-publish","4":"has-post-thumbnail","6":"product_brand-koziol-de","7":"product_cat-geschirrsets","9":"first","10":"instock","11":"taxable","12":"shipping-taxable","13":"purchasable","14":"product-type-variable"},"acf":[],"yoast_head":"<!-- This site is optimized with the Yoast SEO plugin v27.5 - https:\/\/yoast.com\/product\/yoast-seo-wordpress\/ -->\n<title>Geschirrset 10-tlg. CONNECT SET HELSINKI - Bantam<\/title>\n<meta name=\"robots\" content=\"index, follow, max-snippet:-1, max-image-preview:large, max-video-preview:-1\" \/>\n<link rel=\"canonical\" href=\"https:\/\/shop.bantam.ch\/de\/produkt\/geschirrset-10-tlg-connect-set-helsinki\/\" \/>\n<meta property=\"og:locale\" content=\"de_DE\" \/>\n<meta property=\"og:type\" content=\"article\" \/>\n<meta property=\"og:title\" content=\"Geschirrset 10-tlg. CONNECT SET HELSINKI - Bantam\" \/>\n<meta property=\"og:description\" content=\"Mit seinen klaren Formen begeistert dieses Geschirr-Set auf den ersten Blick. Der kleine Teller ist ideal f\u00fcr Obst, Snacks oder Kuchen und die kleine Schale macht sich f\u00fcr M\u00fcsli oder Desserts schnell unentbehrlich. Der gro\u00dfe Teller im minimalistischen Design f\u00fcgt sich \u00fcberall harmonisch ein und \u00fcberzeugt drinnen wie drau\u00dfen durch solide Qualit\u00e4t und den extrem [&hellip;]\" \/>\n<meta property=\"og:url\" content=\"https:\/\/shop.bantam.ch\/de\/produkt\/geschirrset-10-tlg-connect-set-helsinki\/\" \/>\n<meta property=\"og:site_name\" content=\"Bantam\" \/>\n<meta property=\"article:modified_time\" content=\"2026-05-02T21:31:03+00:00\" \/>\n<meta property=\"og:image\" content=\"https:\/\/shop.bantam.ch\/wp-content\/uploads\/2023\/02\/998466214.jpg\" \/>\n\t<meta property=\"og:image:width\" content=\"1000\" \/>\n\t<meta property=\"og:image:height\" content=\"1000\" \/>\n\t<meta property=\"og:image:type\" content=\"image\/jpeg\" \/>\n<meta name=\"twitter:card\" content=\"summary_large_image\" \/>\n<meta name=\"twitter:label1\" content=\"Gesch\u00e4tzte Lesezeit\" \/>\n\t<meta name=\"twitter:data1\" content=\"1\u00a0Minute\" \/>\n<script type=\"application\/ld+json\" class=\"yoast-schema-graph\">{\"@context\":\"https:\\\/\\\/schema.org\",\"@graph\":[{\"@type\":\"WebPage\",\"@id\":\"https:\\\/\\\/shop.bantam.ch\\\/de\\\/produkt\\\/geschirrset-10-tlg-connect-set-helsinki\\\/\",\"url\":\"https:\\\/\\\/shop.bantam.ch\\\/de\\\/produkt\\\/geschirrset-10-tlg-connect-set-helsinki\\\/\",\"name\":\"Geschirrset 10-tlg. CONNECT SET HELSINKI - Bantam\",\"isPartOf\":{\"@id\":\"https:\\\/\\\/shop.bantam.ch\\\/de\\\/#website\"},\"primaryImageOfPage\":{\"@id\":\"https:\\\/\\\/shop.bantam.ch\\\/de\\\/produkt\\\/geschirrset-10-tlg-connect-set-helsinki\\\/#primaryimage\"},\"image\":{\"@id\":\"https:\\\/\\\/shop.bantam.ch\\\/de\\\/produkt\\\/geschirrset-10-tlg-connect-set-helsinki\\\/#primaryimage\"},\"thumbnailUrl\":\"https:\\\/\\\/shop.bantam.ch\\\/wp-content\\\/uploads\\\/2023\\\/02\\\/998466214.jpg\",\"datePublished\":\"2023-02-28T22:53:05+00:00\",\"dateModified\":\"2026-05-02T21:31:03+00:00\",\"breadcrumb\":{\"@id\":\"https:\\\/\\\/shop.bantam.ch\\\/de\\\/produkt\\\/geschirrset-10-tlg-connect-set-helsinki\\\/#breadcrumb\"},\"inLanguage\":\"de\",\"potentialAction\":[{\"@type\":\"ReadAction\",\"target\":[\"https:\\\/\\\/shop.bantam.ch\\\/de\\\/produkt\\\/geschirrset-10-tlg-connect-set-helsinki\\\/\"]}]},{\"@type\":\"ImageObject\",\"inLanguage\":\"de\",\"@id\":\"https:\\\/\\\/shop.bantam.ch\\\/de\\\/produkt\\\/geschirrset-10-tlg-connect-set-helsinki\\\/#primaryimage\",\"url\":\"https:\\\/\\\/shop.bantam.ch\\\/wp-content\\\/uploads\\\/2023\\\/02\\\/998466214.jpg\",\"contentUrl\":\"https:\\\/\\\/shop.bantam.ch\\\/wp-content\\\/uploads\\\/2023\\\/02\\\/998466214.jpg\",\"width\":1000,\"height\":1000},{\"@type\":\"BreadcrumbList\",\"@id\":\"https:\\\/\\\/shop.bantam.ch\\\/de\\\/produkt\\\/geschirrset-10-tlg-connect-set-helsinki\\\/#breadcrumb\",\"itemListElement\":[{\"@type\":\"ListItem\",\"position\":1,\"name\":\"Accueil\",\"item\":\"https:\\\/\\\/shop.bantam.ch\\\/de\\\/\"},{\"@type\":\"ListItem\",\"position\":2,\"name\":\"Shop\",\"item\":\"https:\\\/\\\/shop.bantam.ch\\\/de\\\/shop\\\/\"},{\"@type\":\"ListItem\",\"position\":3,\"name\":\"Geschirrset 10-tlg. CONNECT SET HELSINKI\"}]},{\"@type\":\"WebSite\",\"@id\":\"https:\\\/\\\/shop.bantam.ch\\\/de\\\/#website\",\"url\":\"https:\\\/\\\/shop.bantam.ch\\\/de\\\/\",\"name\":\"Bantam\",\"description\":\"\",\"publisher\":{\"@id\":\"https:\\\/\\\/shop.bantam.ch\\\/de\\\/#organization\"},\"inLanguage\":\"de\"},{\"@type\":\"Organization\",\"@id\":\"https:\\\/\\\/shop.bantam.ch\\\/de\\\/#organization\",\"name\":\"Bantam\",\"url\":\"https:\\\/\\\/shop.bantam.ch\\\/de\\\/\",\"logo\":{\"@type\":\"ImageObject\",\"inLanguage\":\"de\",\"@id\":\"https:\\\/\\\/shop.bantam.ch\\\/de\\\/#\\\/schema\\\/logo\\\/image\\\/\",\"url\":\"https:\\\/\\\/shop.bantam.ch\\\/wp-content\\\/uploads\\\/2022\\\/12\\\/bantam-logo.png\",\"contentUrl\":\"https:\\\/\\\/shop.bantam.ch\\\/wp-content\\\/uploads\\\/2022\\\/12\\\/bantam-logo.png\",\"width\":320,\"height\":71,\"caption\":\"Bantam\"},\"image\":{\"@id\":\"https:\\\/\\\/shop.bantam.ch\\\/de\\\/#\\\/schema\\\/logo\\\/image\\\/\"}}]}<\/script>\n<!-- \/ Yoast SEO plugin. -->","yoast_head_json":{"title":"Geschirrset 10-tlg. CONNECT SET HELSINKI - Bantam","robots":{"index":"index","follow":"follow","max-snippet":"max-snippet:-1","max-image-preview":"max-image-preview:large","max-video-preview":"max-video-preview:-1"},"canonical":"https:\/\/shop.bantam.ch\/de\/produkt\/geschirrset-10-tlg-connect-set-helsinki\/","og_locale":"de_DE","og_type":"article","og_title":"Geschirrset 10-tlg. CONNECT SET HELSINKI - Bantam","og_description":"Mit seinen klaren Formen begeistert dieses Geschirr-Set auf den ersten Blick. Der kleine Teller ist ideal f\u00fcr Obst, Snacks oder Kuchen und die kleine Schale macht sich f\u00fcr M\u00fcsli oder Desserts schnell unentbehrlich. Der gro\u00dfe Teller im minimalistischen Design f\u00fcgt sich \u00fcberall harmonisch ein und \u00fcberzeugt drinnen wie drau\u00dfen durch solide Qualit\u00e4t und den extrem [&hellip;]","og_url":"https:\/\/shop.bantam.ch\/de\/produkt\/geschirrset-10-tlg-connect-set-helsinki\/","og_site_name":"Bantam","article_modified_time":"2026-05-02T21:31:03+00:00","og_image":[{"width":1000,"height":1000,"url":"https:\/\/shop.bantam.ch\/wp-content\/uploads\/2023\/02\/998466214.jpg","type":"image\/jpeg"}],"twitter_card":"summary_large_image","twitter_misc":{"Gesch\u00e4tzte Lesezeit":"1\u00a0Minute"},"schema":{"@context":"https:\/\/schema.org","@graph":[{"@type":"WebPage","@id":"https:\/\/shop.bantam.ch\/de\/produkt\/geschirrset-10-tlg-connect-set-helsinki\/","url":"https:\/\/shop.bantam.ch\/de\/produkt\/geschirrset-10-tlg-connect-set-helsinki\/","name":"Geschirrset 10-tlg. CONNECT SET HELSINKI - Bantam","isPartOf":{"@id":"https:\/\/shop.bantam.ch\/de\/#website"},"primaryImageOfPage":{"@id":"https:\/\/shop.bantam.ch\/de\/produkt\/geschirrset-10-tlg-connect-set-helsinki\/#primaryimage"},"image":{"@id":"https:\/\/shop.bantam.ch\/de\/produkt\/geschirrset-10-tlg-connect-set-helsinki\/#primaryimage"},"thumbnailUrl":"https:\/\/shop.bantam.ch\/wp-content\/uploads\/2023\/02\/998466214.jpg","datePublished":"2023-02-28T22:53:05+00:00","dateModified":"2026-05-02T21:31:03+00:00","breadcrumb":{"@id":"https:\/\/shop.bantam.ch\/de\/produkt\/geschirrset-10-tlg-connect-set-helsinki\/#breadcrumb"},"inLanguage":"de","potentialAction":[{"@type":"ReadAction","target":["https:\/\/shop.bantam.ch\/de\/produkt\/geschirrset-10-tlg-connect-set-helsinki\/"]}]},{"@type":"ImageObject","inLanguage":"de","@id":"https:\/\/shop.bantam.ch\/de\/produkt\/geschirrset-10-tlg-connect-set-helsinki\/#primaryimage","url":"https:\/\/shop.bantam.ch\/wp-content\/uploads\/2023\/02\/998466214.jpg","contentUrl":"https:\/\/shop.bantam.ch\/wp-content\/uploads\/2023\/02\/998466214.jpg","width":1000,"height":1000},{"@type":"BreadcrumbList","@id":"https:\/\/shop.bantam.ch\/de\/produkt\/geschirrset-10-tlg-connect-set-helsinki\/#breadcrumb","itemListElement":[{"@type":"ListItem","position":1,"name":"Accueil","item":"https:\/\/shop.bantam.ch\/de\/"},{"@type":"ListItem","position":2,"name":"Shop","item":"https:\/\/shop.bantam.ch\/de\/shop\/"},{"@type":"ListItem","position":3,"name":"Geschirrset 10-tlg. CONNECT SET HELSINKI"}]},{"@type":"WebSite","@id":"https:\/\/shop.bantam.ch\/de\/#website","url":"https:\/\/shop.bantam.ch\/de\/","name":"Bantam","description":"","publisher":{"@id":"https:\/\/shop.bantam.ch\/de\/#organization"},"inLanguage":"de"},{"@type":"Organization","@id":"https:\/\/shop.bantam.ch\/de\/#organization","name":"Bantam","url":"https:\/\/shop.bantam.ch\/de\/","logo":{"@type":"ImageObject","inLanguage":"de","@id":"https:\/\/shop.bantam.ch\/de\/#\/schema\/logo\/image\/","url":"https:\/\/shop.bantam.ch\/wp-content\/uploads\/2022\/12\/bantam-logo.png","contentUrl":"https:\/\/shop.bantam.ch\/wp-content\/uploads\/2022\/12\/bantam-logo.png","width":320,"height":71,"caption":"Bantam"},"image":{"@id":"https:\/\/shop.bantam.ch\/de\/#\/schema\/logo\/image\/"}}]}},"_links":{"self":[{"href":"https:\/\/shop.bantam.ch\/de\/wp-json\/wp\/v2\/product\/122077","targetHints":{"allow":["GET"]}}],"collection":[{"href":"https:\/\/shop.bantam.ch\/de\/wp-json\/wp\/v2\/product"}],"about":[{"href":"https:\/\/shop.bantam.ch\/de\/wp-json\/wp\/v2\/types\/product"}],"wp:featuredmedia":[{"embeddable":true,"href":"https:\/\/shop.bantam.ch\/de\/wp-json\/wp\/v2\/media\/122045"}],"wp:attachment":[{"href":"https:\/\/shop.bantam.ch\/de\/wp-json\/wp\/v2\/media?parent=122077"}],"wp:term":[{"taxonomy":"product_featured_cat","embeddable":true,"href":"https:\/\/shop.bantam.ch\/de\/wp-json\/wp\/v2\/product_featured_cat?post=122077"},{"taxonomy":"product_brand","embeddable":true,"href":"https:\/\/shop.bantam.ch\/de\/wp-json\/wp\/v2\/product_brand?post=122077"},{"taxonomy":"product_cat","embeddable":true,"href":"https:\/\/shop.bantam.ch\/de\/wp-json\/wp\/v2\/product_cat?post=122077"},{"taxonomy":"product_tag","embeddable":true,"href":"https:\/\/shop.bantam.ch\/de\/wp-json\/wp\/v2\/product_tag?post=122077"}],"curies":[{"name":"wp","href":"https:\/\/api.w.org\/{rel}","templated":true}]}}