{"id":120675,"date":"2023-02-28T23:30:03","date_gmt":"2023-02-28T22:30:03","guid":{"rendered":"https:\/\/shop.bantam.ch\/produit\/brennstoffzelle-pro-2800-bt\/"},"modified":"2026-05-09T21:48:27","modified_gmt":"2026-05-09T19:48:27","slug":"brennstoffzelle-pro-2800-bt","status":"publish","type":"product","link":"https:\/\/shop.bantam.ch\/de\/produkt\/brennstoffzelle-pro-2800-bt\/","title":{"rendered":"Brennstoffzelle EFOY Pro 2800 BT"},"content":{"rendered":"<p>Die EFOY Brennstoffzelle Pro 2800 BT ist der ideale Stromerzeuger f\u00fcr eine Vielzahl von station\u00e4ren und mobilen Anwendungen. Diese erzeugt zuverl\u00e4ssig \u00fcber Wochen und Monate Strom ohne Nutzereingriff. Die Brennstoffzelle ist ideal f\u00fcr den Dauerbetrieb mit langen Standzeiten und kann ebenfalls im Hybrid-Betrieb genutzt werden.<\/p>\n","protected":false},"excerpt":{"rendered":"<p>Die EFOY Brennstoffzelle Pro 2800 BT ist der ideale Stromerzeuger f\u00fcr eine Vielzahl von station\u00e4ren und mobilen Anwendungen. Diese erzeugt zuverl\u00e4ssig \u00fcber Wochen und Monate Strom ohne Nutzereingriff. Die Brennstoffzelle ist ideal f\u00fcr den Dauerbetrieb mit langen Standzeiten und kann ebenfalls im Hybrid-Betrieb genutzt werden.<\/p>\n","protected":false},"featured_media":120673,"template":"","meta":{"_acf_changed":false},"product_featured_cat":[],"product_brand":[3289],"product_cat":[4862],"product_tag":[],"class_list":{"0":"post-120675","1":"product","2":"type-product","3":"status-publish","4":"has-post-thumbnail","6":"product_brand-efoy-de","7":"product_cat-brennstoffzellen","9":"first","10":"instock","11":"taxable","12":"shipping-taxable","13":"purchasable","14":"product-type-simple"},"acf":[],"yoast_head":"<!-- This site is optimized with the Yoast SEO plugin v27.5 - https:\/\/yoast.com\/product\/yoast-seo-wordpress\/ -->\n<title>Brennstoffzelle EFOY Pro 2800 BT - Bantam<\/title>\n<meta name=\"robots\" content=\"index, follow, max-snippet:-1, max-image-preview:large, max-video-preview:-1\" \/>\n<link rel=\"canonical\" href=\"https:\/\/shop.bantam.ch\/de\/produkt\/brennstoffzelle-pro-2800-bt\/\" \/>\n<meta property=\"og:locale\" content=\"de_DE\" \/>\n<meta property=\"og:type\" content=\"article\" \/>\n<meta property=\"og:title\" content=\"Brennstoffzelle EFOY Pro 2800 BT - Bantam\" \/>\n<meta property=\"og:description\" content=\"Die EFOY Brennstoffzelle Pro 2800 BT ist der ideale Stromerzeuger f\u00fcr eine Vielzahl von station\u00e4ren und mobilen Anwendungen. Diese erzeugt zuverl\u00e4ssig \u00fcber Wochen und Monate Strom ohne Nutzereingriff. Die Brennstoffzelle ist ideal f\u00fcr den Dauerbetrieb mit langen Standzeiten und kann ebenfalls im Hybrid-Betrieb genutzt werden.\" \/>\n<meta property=\"og:url\" content=\"https:\/\/shop.bantam.ch\/de\/produkt\/brennstoffzelle-pro-2800-bt\/\" \/>\n<meta property=\"og:site_name\" content=\"Bantam\" \/>\n<meta property=\"article:modified_time\" content=\"2026-05-09T19:48:27+00:00\" \/>\n<meta property=\"og:image\" content=\"https:\/\/shop.bantam.ch\/wp-content\/uploads\/2023\/02\/996110011.png\" \/>\n\t<meta property=\"og:image:width\" content=\"691\" \/>\n\t<meta property=\"og:image:height\" content=\"381\" \/>\n\t<meta property=\"og:image:type\" content=\"image\/png\" \/>\n<meta name=\"twitter:card\" content=\"summary_large_image\" \/>\n<script type=\"application\/ld+json\" class=\"yoast-schema-graph\">{\"@context\":\"https:\\\/\\\/schema.org\",\"@graph\":[{\"@type\":\"WebPage\",\"@id\":\"https:\\\/\\\/shop.bantam.ch\\\/de\\\/produkt\\\/brennstoffzelle-pro-2800-bt\\\/\",\"url\":\"https:\\\/\\\/shop.bantam.ch\\\/de\\\/produkt\\\/brennstoffzelle-pro-2800-bt\\\/\",\"name\":\"Brennstoffzelle EFOY Pro 2800 BT - Bantam\",\"isPartOf\":{\"@id\":\"https:\\\/\\\/shop.bantam.ch\\\/de\\\/#website\"},\"primaryImageOfPage\":{\"@id\":\"https:\\\/\\\/shop.bantam.ch\\\/de\\\/produkt\\\/brennstoffzelle-pro-2800-bt\\\/#primaryimage\"},\"image\":{\"@id\":\"https:\\\/\\\/shop.bantam.ch\\\/de\\\/produkt\\\/brennstoffzelle-pro-2800-bt\\\/#primaryimage\"},\"thumbnailUrl\":\"https:\\\/\\\/shop.bantam.ch\\\/wp-content\\\/uploads\\\/2023\\\/02\\\/996110011.png\",\"datePublished\":\"2023-02-28T22:30:03+00:00\",\"dateModified\":\"2026-05-09T19:48:27+00:00\",\"breadcrumb\":{\"@id\":\"https:\\\/\\\/shop.bantam.ch\\\/de\\\/produkt\\\/brennstoffzelle-pro-2800-bt\\\/#breadcrumb\"},\"inLanguage\":\"de\",\"potentialAction\":[{\"@type\":\"ReadAction\",\"target\":[\"https:\\\/\\\/shop.bantam.ch\\\/de\\\/produkt\\\/brennstoffzelle-pro-2800-bt\\\/\"]}]},{\"@type\":\"ImageObject\",\"inLanguage\":\"de\",\"@id\":\"https:\\\/\\\/shop.bantam.ch\\\/de\\\/produkt\\\/brennstoffzelle-pro-2800-bt\\\/#primaryimage\",\"url\":\"https:\\\/\\\/shop.bantam.ch\\\/wp-content\\\/uploads\\\/2023\\\/02\\\/996110011.png\",\"contentUrl\":\"https:\\\/\\\/shop.bantam.ch\\\/wp-content\\\/uploads\\\/2023\\\/02\\\/996110011.png\",\"width\":691,\"height\":381},{\"@type\":\"BreadcrumbList\",\"@id\":\"https:\\\/\\\/shop.bantam.ch\\\/de\\\/produkt\\\/brennstoffzelle-pro-2800-bt\\\/#breadcrumb\",\"itemListElement\":[{\"@type\":\"ListItem\",\"position\":1,\"name\":\"Accueil\",\"item\":\"https:\\\/\\\/shop.bantam.ch\\\/de\\\/\"},{\"@type\":\"ListItem\",\"position\":2,\"name\":\"Shop\",\"item\":\"https:\\\/\\\/shop.bantam.ch\\\/de\\\/shop\\\/\"},{\"@type\":\"ListItem\",\"position\":3,\"name\":\"Brennstoffzelle EFOY Pro 2800 BT\"}]},{\"@type\":\"WebSite\",\"@id\":\"https:\\\/\\\/shop.bantam.ch\\\/de\\\/#website\",\"url\":\"https:\\\/\\\/shop.bantam.ch\\\/de\\\/\",\"name\":\"Bantam\",\"description\":\"\",\"publisher\":{\"@id\":\"https:\\\/\\\/shop.bantam.ch\\\/de\\\/#organization\"},\"inLanguage\":\"de\"},{\"@type\":\"Organization\",\"@id\":\"https:\\\/\\\/shop.bantam.ch\\\/de\\\/#organization\",\"name\":\"Bantam\",\"url\":\"https:\\\/\\\/shop.bantam.ch\\\/de\\\/\",\"logo\":{\"@type\":\"ImageObject\",\"inLanguage\":\"de\",\"@id\":\"https:\\\/\\\/shop.bantam.ch\\\/de\\\/#\\\/schema\\\/logo\\\/image\\\/\",\"url\":\"https:\\\/\\\/shop.bantam.ch\\\/wp-content\\\/uploads\\\/2022\\\/12\\\/bantam-logo.png\",\"contentUrl\":\"https:\\\/\\\/shop.bantam.ch\\\/wp-content\\\/uploads\\\/2022\\\/12\\\/bantam-logo.png\",\"width\":320,\"height\":71,\"caption\":\"Bantam\"},\"image\":{\"@id\":\"https:\\\/\\\/shop.bantam.ch\\\/de\\\/#\\\/schema\\\/logo\\\/image\\\/\"}}]}<\/script>\n<!-- \/ Yoast SEO plugin. -->","yoast_head_json":{"title":"Brennstoffzelle EFOY Pro 2800 BT - Bantam","robots":{"index":"index","follow":"follow","max-snippet":"max-snippet:-1","max-image-preview":"max-image-preview:large","max-video-preview":"max-video-preview:-1"},"canonical":"https:\/\/shop.bantam.ch\/de\/produkt\/brennstoffzelle-pro-2800-bt\/","og_locale":"de_DE","og_type":"article","og_title":"Brennstoffzelle EFOY Pro 2800 BT - Bantam","og_description":"Die EFOY Brennstoffzelle Pro 2800 BT ist der ideale Stromerzeuger f\u00fcr eine Vielzahl von station\u00e4ren und mobilen Anwendungen. Diese erzeugt zuverl\u00e4ssig \u00fcber Wochen und Monate Strom ohne Nutzereingriff. Die Brennstoffzelle ist ideal f\u00fcr den Dauerbetrieb mit langen Standzeiten und kann ebenfalls im Hybrid-Betrieb genutzt werden.","og_url":"https:\/\/shop.bantam.ch\/de\/produkt\/brennstoffzelle-pro-2800-bt\/","og_site_name":"Bantam","article_modified_time":"2026-05-09T19:48:27+00:00","og_image":[{"width":691,"height":381,"url":"https:\/\/shop.bantam.ch\/wp-content\/uploads\/2023\/02\/996110011.png","type":"image\/png"}],"twitter_card":"summary_large_image","schema":{"@context":"https:\/\/schema.org","@graph":[{"@type":"WebPage","@id":"https:\/\/shop.bantam.ch\/de\/produkt\/brennstoffzelle-pro-2800-bt\/","url":"https:\/\/shop.bantam.ch\/de\/produkt\/brennstoffzelle-pro-2800-bt\/","name":"Brennstoffzelle EFOY Pro 2800 BT - Bantam","isPartOf":{"@id":"https:\/\/shop.bantam.ch\/de\/#website"},"primaryImageOfPage":{"@id":"https:\/\/shop.bantam.ch\/de\/produkt\/brennstoffzelle-pro-2800-bt\/#primaryimage"},"image":{"@id":"https:\/\/shop.bantam.ch\/de\/produkt\/brennstoffzelle-pro-2800-bt\/#primaryimage"},"thumbnailUrl":"https:\/\/shop.bantam.ch\/wp-content\/uploads\/2023\/02\/996110011.png","datePublished":"2023-02-28T22:30:03+00:00","dateModified":"2026-05-09T19:48:27+00:00","breadcrumb":{"@id":"https:\/\/shop.bantam.ch\/de\/produkt\/brennstoffzelle-pro-2800-bt\/#breadcrumb"},"inLanguage":"de","potentialAction":[{"@type":"ReadAction","target":["https:\/\/shop.bantam.ch\/de\/produkt\/brennstoffzelle-pro-2800-bt\/"]}]},{"@type":"ImageObject","inLanguage":"de","@id":"https:\/\/shop.bantam.ch\/de\/produkt\/brennstoffzelle-pro-2800-bt\/#primaryimage","url":"https:\/\/shop.bantam.ch\/wp-content\/uploads\/2023\/02\/996110011.png","contentUrl":"https:\/\/shop.bantam.ch\/wp-content\/uploads\/2023\/02\/996110011.png","width":691,"height":381},{"@type":"BreadcrumbList","@id":"https:\/\/shop.bantam.ch\/de\/produkt\/brennstoffzelle-pro-2800-bt\/#breadcrumb","itemListElement":[{"@type":"ListItem","position":1,"name":"Accueil","item":"https:\/\/shop.bantam.ch\/de\/"},{"@type":"ListItem","position":2,"name":"Shop","item":"https:\/\/shop.bantam.ch\/de\/shop\/"},{"@type":"ListItem","position":3,"name":"Brennstoffzelle EFOY Pro 2800 BT"}]},{"@type":"WebSite","@id":"https:\/\/shop.bantam.ch\/de\/#website","url":"https:\/\/shop.bantam.ch\/de\/","name":"Bantam","description":"","publisher":{"@id":"https:\/\/shop.bantam.ch\/de\/#organization"},"inLanguage":"de"},{"@type":"Organization","@id":"https:\/\/shop.bantam.ch\/de\/#organization","name":"Bantam","url":"https:\/\/shop.bantam.ch\/de\/","logo":{"@type":"ImageObject","inLanguage":"de","@id":"https:\/\/shop.bantam.ch\/de\/#\/schema\/logo\/image\/","url":"https:\/\/shop.bantam.ch\/wp-content\/uploads\/2022\/12\/bantam-logo.png","contentUrl":"https:\/\/shop.bantam.ch\/wp-content\/uploads\/2022\/12\/bantam-logo.png","width":320,"height":71,"caption":"Bantam"},"image":{"@id":"https:\/\/shop.bantam.ch\/de\/#\/schema\/logo\/image\/"}}]}},"_links":{"self":[{"href":"https:\/\/shop.bantam.ch\/de\/wp-json\/wp\/v2\/product\/120675","targetHints":{"allow":["GET"]}}],"collection":[{"href":"https:\/\/shop.bantam.ch\/de\/wp-json\/wp\/v2\/product"}],"about":[{"href":"https:\/\/shop.bantam.ch\/de\/wp-json\/wp\/v2\/types\/product"}],"wp:featuredmedia":[{"embeddable":true,"href":"https:\/\/shop.bantam.ch\/de\/wp-json\/wp\/v2\/media\/120673"}],"wp:attachment":[{"href":"https:\/\/shop.bantam.ch\/de\/wp-json\/wp\/v2\/media?parent=120675"}],"wp:term":[{"taxonomy":"product_featured_cat","embeddable":true,"href":"https:\/\/shop.bantam.ch\/de\/wp-json\/wp\/v2\/product_featured_cat?post=120675"},{"taxonomy":"product_brand","embeddable":true,"href":"https:\/\/shop.bantam.ch\/de\/wp-json\/wp\/v2\/product_brand?post=120675"},{"taxonomy":"product_cat","embeddable":true,"href":"https:\/\/shop.bantam.ch\/de\/wp-json\/wp\/v2\/product_cat?post=120675"},{"taxonomy":"product_tag","embeddable":true,"href":"https:\/\/shop.bantam.ch\/de\/wp-json\/wp\/v2\/product_tag?post=120675"}],"curies":[{"name":"wp","href":"https:\/\/api.w.org\/{rel}","templated":true}]}}