{"id":120485,"date":"2023-02-28T23:26:36","date_gmt":"2023-02-28T22:26:36","guid":{"rendered":"https:\/\/shop.bantam.ch\/produit\/wasserzaehler-aquacount\/"},"modified":"2026-05-11T21:47:35","modified_gmt":"2026-05-11T19:47:35","slug":"wasserzaehler-aquacount","status":"publish","type":"product","link":"https:\/\/shop.bantam.ch\/de\/produkt\/wasserzaehler-aquacount\/","title":{"rendered":"Wasserz\u00e4hler Gardena AquaCount"},"content":{"rendered":"<p>Der Wasserz\u00e4hler AquaCount von Gardena hilft nicht nur dabei, jederzeit den eigenen Wasserverbrauch bei der Bew\u00e4sserung zu messen, sondern auch nachhaltig Wasser einzusparen. Der Gartenwasserz\u00e4hler kann einfach angebracht und bedient werden: Der batteriebetriebene Wasserz\u00e4hler ist sofort einsatzbereit und l\u00e4sst sich leicht reinigen. Der Anschluss erfolgt direkt am Wasserhahn oder am Schlauchende und ist sowohl in horizontaler als auch in vertikaler Ausrichtung m\u00f6glich. Das Display ist drehbar und ist in jeder Position gut abzulesen. Ebenso gibt die clevere Ein-Knopf-Bedienung einen detaillierten Einblick auf den Wasserverbrauch pro Tag, pro Saison, den exakten Verbrauch pro Bew\u00e4sserungsvorgang und auf die Durchflussrate pro Minute in Litern. Au\u00dferdem \u00fcberzeugt der Wasserz\u00e4hler AquaCount durch hochwertige Materialien, die f\u00fcr Robustheit, Frostsicherheit und UV-Stabilit\u00e4t sorgen. Auf diese Produktqualit\u00e4t gew\u00e4hrleistet Gardena f\u00fcnf Jahre Garantie.<\/p>\n","protected":false},"excerpt":{"rendered":"<p>Der Wasserz\u00e4hler AquaCount von Gardena hilft nicht nur dabei, jederzeit den eigenen Wasserverbrauch bei der Bew\u00e4sserung zu messen, sondern auch nachhaltig Wasser einzusparen. Der Gartenwasserz\u00e4hler kann einfach angebracht und bedient werden: Der batteriebetriebene Wasserz\u00e4hler ist sofort einsatzbereit und l\u00e4sst sich leicht reinigen. Der Anschluss erfolgt direkt am Wasserhahn oder am Schlauchende und ist sowohl in [&hellip;]<\/p>\n","protected":false},"featured_media":120477,"template":"","meta":{"_acf_changed":false},"product_featured_cat":[],"product_brand":[3247],"product_cat":[4124],"product_tag":[],"class_list":{"0":"post-120485","1":"product","2":"type-product","3":"status-publish","4":"has-post-thumbnail","6":"product_brand-gardena-de","7":"product_cat-wasser-sanitaer-zubehoer","9":"first","10":"instock","11":"taxable","12":"shipping-taxable","13":"purchasable","14":"product-type-simple"},"acf":[],"yoast_head":"<!-- This site is optimized with the Yoast SEO plugin v27.5 - https:\/\/yoast.com\/product\/yoast-seo-wordpress\/ -->\n<title>Wasserz\u00e4hler Gardena AquaCount - Bantam<\/title>\n<meta name=\"robots\" content=\"index, follow, max-snippet:-1, max-image-preview:large, max-video-preview:-1\" \/>\n<link rel=\"canonical\" href=\"https:\/\/shop.bantam.ch\/de\/produkt\/wasserzaehler-aquacount\/\" \/>\n<meta property=\"og:locale\" content=\"de_DE\" \/>\n<meta property=\"og:type\" content=\"article\" \/>\n<meta property=\"og:title\" content=\"Wasserz\u00e4hler Gardena AquaCount - Bantam\" \/>\n<meta property=\"og:description\" content=\"Der Wasserz\u00e4hler AquaCount von Gardena hilft nicht nur dabei, jederzeit den eigenen Wasserverbrauch bei der Bew\u00e4sserung zu messen, sondern auch nachhaltig Wasser einzusparen. Der Gartenwasserz\u00e4hler kann einfach angebracht und bedient werden: Der batteriebetriebene Wasserz\u00e4hler ist sofort einsatzbereit und l\u00e4sst sich leicht reinigen. Der Anschluss erfolgt direkt am Wasserhahn oder am Schlauchende und ist sowohl in [&hellip;]\" \/>\n<meta property=\"og:url\" content=\"https:\/\/shop.bantam.ch\/de\/produkt\/wasserzaehler-aquacount\/\" \/>\n<meta property=\"og:site_name\" content=\"Bantam\" \/>\n<meta property=\"article:modified_time\" content=\"2026-05-11T19:47:35+00:00\" \/>\n<meta property=\"og:image\" content=\"https:\/\/shop.bantam.ch\/wp-content\/uploads\/2023\/02\/998463911.jpg\" \/>\n\t<meta property=\"og:image:width\" content=\"487\" \/>\n\t<meta property=\"og:image:height\" content=\"1000\" \/>\n\t<meta property=\"og:image:type\" content=\"image\/jpeg\" \/>\n<meta name=\"twitter:card\" content=\"summary_large_image\" \/>\n<meta name=\"twitter:label1\" content=\"Gesch\u00e4tzte Lesezeit\" \/>\n\t<meta name=\"twitter:data1\" content=\"1\u00a0Minute\" \/>\n<script type=\"application\/ld+json\" class=\"yoast-schema-graph\">{\"@context\":\"https:\\\/\\\/schema.org\",\"@graph\":[{\"@type\":\"WebPage\",\"@id\":\"https:\\\/\\\/shop.bantam.ch\\\/de\\\/produkt\\\/wasserzaehler-aquacount\\\/\",\"url\":\"https:\\\/\\\/shop.bantam.ch\\\/de\\\/produkt\\\/wasserzaehler-aquacount\\\/\",\"name\":\"Wasserz\u00e4hler Gardena AquaCount - Bantam\",\"isPartOf\":{\"@id\":\"https:\\\/\\\/shop.bantam.ch\\\/de\\\/#website\"},\"primaryImageOfPage\":{\"@id\":\"https:\\\/\\\/shop.bantam.ch\\\/de\\\/produkt\\\/wasserzaehler-aquacount\\\/#primaryimage\"},\"image\":{\"@id\":\"https:\\\/\\\/shop.bantam.ch\\\/de\\\/produkt\\\/wasserzaehler-aquacount\\\/#primaryimage\"},\"thumbnailUrl\":\"https:\\\/\\\/shop.bantam.ch\\\/wp-content\\\/uploads\\\/2023\\\/02\\\/998463911.jpg\",\"datePublished\":\"2023-02-28T22:26:36+00:00\",\"dateModified\":\"2026-05-11T19:47:35+00:00\",\"breadcrumb\":{\"@id\":\"https:\\\/\\\/shop.bantam.ch\\\/de\\\/produkt\\\/wasserzaehler-aquacount\\\/#breadcrumb\"},\"inLanguage\":\"de\",\"potentialAction\":[{\"@type\":\"ReadAction\",\"target\":[\"https:\\\/\\\/shop.bantam.ch\\\/de\\\/produkt\\\/wasserzaehler-aquacount\\\/\"]}]},{\"@type\":\"ImageObject\",\"inLanguage\":\"de\",\"@id\":\"https:\\\/\\\/shop.bantam.ch\\\/de\\\/produkt\\\/wasserzaehler-aquacount\\\/#primaryimage\",\"url\":\"https:\\\/\\\/shop.bantam.ch\\\/wp-content\\\/uploads\\\/2023\\\/02\\\/998463911.jpg\",\"contentUrl\":\"https:\\\/\\\/shop.bantam.ch\\\/wp-content\\\/uploads\\\/2023\\\/02\\\/998463911.jpg\",\"width\":487,\"height\":1000},{\"@type\":\"BreadcrumbList\",\"@id\":\"https:\\\/\\\/shop.bantam.ch\\\/de\\\/produkt\\\/wasserzaehler-aquacount\\\/#breadcrumb\",\"itemListElement\":[{\"@type\":\"ListItem\",\"position\":1,\"name\":\"Accueil\",\"item\":\"https:\\\/\\\/shop.bantam.ch\\\/de\\\/\"},{\"@type\":\"ListItem\",\"position\":2,\"name\":\"Shop\",\"item\":\"https:\\\/\\\/shop.bantam.ch\\\/de\\\/shop\\\/\"},{\"@type\":\"ListItem\",\"position\":3,\"name\":\"Wasserz\u00e4hler Gardena AquaCount\"}]},{\"@type\":\"WebSite\",\"@id\":\"https:\\\/\\\/shop.bantam.ch\\\/de\\\/#website\",\"url\":\"https:\\\/\\\/shop.bantam.ch\\\/de\\\/\",\"name\":\"Bantam\",\"description\":\"\",\"publisher\":{\"@id\":\"https:\\\/\\\/shop.bantam.ch\\\/de\\\/#organization\"},\"inLanguage\":\"de\"},{\"@type\":\"Organization\",\"@id\":\"https:\\\/\\\/shop.bantam.ch\\\/de\\\/#organization\",\"name\":\"Bantam\",\"url\":\"https:\\\/\\\/shop.bantam.ch\\\/de\\\/\",\"logo\":{\"@type\":\"ImageObject\",\"inLanguage\":\"de\",\"@id\":\"https:\\\/\\\/shop.bantam.ch\\\/de\\\/#\\\/schema\\\/logo\\\/image\\\/\",\"url\":\"https:\\\/\\\/shop.bantam.ch\\\/wp-content\\\/uploads\\\/2022\\\/12\\\/bantam-logo.png\",\"contentUrl\":\"https:\\\/\\\/shop.bantam.ch\\\/wp-content\\\/uploads\\\/2022\\\/12\\\/bantam-logo.png\",\"width\":320,\"height\":71,\"caption\":\"Bantam\"},\"image\":{\"@id\":\"https:\\\/\\\/shop.bantam.ch\\\/de\\\/#\\\/schema\\\/logo\\\/image\\\/\"}}]}<\/script>\n<!-- \/ Yoast SEO plugin. -->","yoast_head_json":{"title":"Wasserz\u00e4hler Gardena AquaCount - Bantam","robots":{"index":"index","follow":"follow","max-snippet":"max-snippet:-1","max-image-preview":"max-image-preview:large","max-video-preview":"max-video-preview:-1"},"canonical":"https:\/\/shop.bantam.ch\/de\/produkt\/wasserzaehler-aquacount\/","og_locale":"de_DE","og_type":"article","og_title":"Wasserz\u00e4hler Gardena AquaCount - Bantam","og_description":"Der Wasserz\u00e4hler AquaCount von Gardena hilft nicht nur dabei, jederzeit den eigenen Wasserverbrauch bei der Bew\u00e4sserung zu messen, sondern auch nachhaltig Wasser einzusparen. Der Gartenwasserz\u00e4hler kann einfach angebracht und bedient werden: Der batteriebetriebene Wasserz\u00e4hler ist sofort einsatzbereit und l\u00e4sst sich leicht reinigen. Der Anschluss erfolgt direkt am Wasserhahn oder am Schlauchende und ist sowohl in [&hellip;]","og_url":"https:\/\/shop.bantam.ch\/de\/produkt\/wasserzaehler-aquacount\/","og_site_name":"Bantam","article_modified_time":"2026-05-11T19:47:35+00:00","og_image":[{"width":487,"height":1000,"url":"https:\/\/shop.bantam.ch\/wp-content\/uploads\/2023\/02\/998463911.jpg","type":"image\/jpeg"}],"twitter_card":"summary_large_image","twitter_misc":{"Gesch\u00e4tzte Lesezeit":"1\u00a0Minute"},"schema":{"@context":"https:\/\/schema.org","@graph":[{"@type":"WebPage","@id":"https:\/\/shop.bantam.ch\/de\/produkt\/wasserzaehler-aquacount\/","url":"https:\/\/shop.bantam.ch\/de\/produkt\/wasserzaehler-aquacount\/","name":"Wasserz\u00e4hler Gardena AquaCount - Bantam","isPartOf":{"@id":"https:\/\/shop.bantam.ch\/de\/#website"},"primaryImageOfPage":{"@id":"https:\/\/shop.bantam.ch\/de\/produkt\/wasserzaehler-aquacount\/#primaryimage"},"image":{"@id":"https:\/\/shop.bantam.ch\/de\/produkt\/wasserzaehler-aquacount\/#primaryimage"},"thumbnailUrl":"https:\/\/shop.bantam.ch\/wp-content\/uploads\/2023\/02\/998463911.jpg","datePublished":"2023-02-28T22:26:36+00:00","dateModified":"2026-05-11T19:47:35+00:00","breadcrumb":{"@id":"https:\/\/shop.bantam.ch\/de\/produkt\/wasserzaehler-aquacount\/#breadcrumb"},"inLanguage":"de","potentialAction":[{"@type":"ReadAction","target":["https:\/\/shop.bantam.ch\/de\/produkt\/wasserzaehler-aquacount\/"]}]},{"@type":"ImageObject","inLanguage":"de","@id":"https:\/\/shop.bantam.ch\/de\/produkt\/wasserzaehler-aquacount\/#primaryimage","url":"https:\/\/shop.bantam.ch\/wp-content\/uploads\/2023\/02\/998463911.jpg","contentUrl":"https:\/\/shop.bantam.ch\/wp-content\/uploads\/2023\/02\/998463911.jpg","width":487,"height":1000},{"@type":"BreadcrumbList","@id":"https:\/\/shop.bantam.ch\/de\/produkt\/wasserzaehler-aquacount\/#breadcrumb","itemListElement":[{"@type":"ListItem","position":1,"name":"Accueil","item":"https:\/\/shop.bantam.ch\/de\/"},{"@type":"ListItem","position":2,"name":"Shop","item":"https:\/\/shop.bantam.ch\/de\/shop\/"},{"@type":"ListItem","position":3,"name":"Wasserz\u00e4hler Gardena AquaCount"}]},{"@type":"WebSite","@id":"https:\/\/shop.bantam.ch\/de\/#website","url":"https:\/\/shop.bantam.ch\/de\/","name":"Bantam","description":"","publisher":{"@id":"https:\/\/shop.bantam.ch\/de\/#organization"},"inLanguage":"de"},{"@type":"Organization","@id":"https:\/\/shop.bantam.ch\/de\/#organization","name":"Bantam","url":"https:\/\/shop.bantam.ch\/de\/","logo":{"@type":"ImageObject","inLanguage":"de","@id":"https:\/\/shop.bantam.ch\/de\/#\/schema\/logo\/image\/","url":"https:\/\/shop.bantam.ch\/wp-content\/uploads\/2022\/12\/bantam-logo.png","contentUrl":"https:\/\/shop.bantam.ch\/wp-content\/uploads\/2022\/12\/bantam-logo.png","width":320,"height":71,"caption":"Bantam"},"image":{"@id":"https:\/\/shop.bantam.ch\/de\/#\/schema\/logo\/image\/"}}]}},"_links":{"self":[{"href":"https:\/\/shop.bantam.ch\/de\/wp-json\/wp\/v2\/product\/120485","targetHints":{"allow":["GET"]}}],"collection":[{"href":"https:\/\/shop.bantam.ch\/de\/wp-json\/wp\/v2\/product"}],"about":[{"href":"https:\/\/shop.bantam.ch\/de\/wp-json\/wp\/v2\/types\/product"}],"wp:featuredmedia":[{"embeddable":true,"href":"https:\/\/shop.bantam.ch\/de\/wp-json\/wp\/v2\/media\/120477"}],"wp:attachment":[{"href":"https:\/\/shop.bantam.ch\/de\/wp-json\/wp\/v2\/media?parent=120485"}],"wp:term":[{"taxonomy":"product_featured_cat","embeddable":true,"href":"https:\/\/shop.bantam.ch\/de\/wp-json\/wp\/v2\/product_featured_cat?post=120485"},{"taxonomy":"product_brand","embeddable":true,"href":"https:\/\/shop.bantam.ch\/de\/wp-json\/wp\/v2\/product_brand?post=120485"},{"taxonomy":"product_cat","embeddable":true,"href":"https:\/\/shop.bantam.ch\/de\/wp-json\/wp\/v2\/product_cat?post=120485"},{"taxonomy":"product_tag","embeddable":true,"href":"https:\/\/shop.bantam.ch\/de\/wp-json\/wp\/v2\/product_tag?post=120485"}],"curies":[{"name":"wp","href":"https:\/\/api.w.org\/{rel}","templated":true}]}}