{"id":120139,"date":"2023-02-28T23:20:06","date_gmt":"2023-02-28T22:20:06","guid":{"rendered":"https:\/\/shop.bantam.ch\/produit\/batterie-professional-agm-la-210\/"},"modified":"2026-04-18T21:49:46","modified_gmt":"2026-04-18T19:49:46","slug":"batterie-professional-agm-la-210","status":"publish","type":"product","link":"https:\/\/shop.bantam.ch\/de\/produkt\/batterie-professional-agm-la-210\/","title":{"rendered":"Batterie VARTA Professional AGM LA 210 210 Ah _K20_"},"content":{"rendered":"<p>Die ProMotive AGM f\u00fcr Nutzfahrzeuge ist dank der effizienten AGM-Technologie besonders zuverl\u00e4ssig und die ideale L\u00f6sung f\u00fcr Fahrzeuge mit einer umfangreichen Ausstattung an elektrischen Verbrauchern. Nur diese Batterie unterst\u00fctzt die anspruchsvollsten Anwendungen und die leistungsintensivsten Funktionen, wie z.B. die Standklimaanlage\/-heizung, ohne die Batterie zu \u00fcberlasten und Ausf\u00e4lle zu verursachen. Sie wurde gemeinsam mit den f\u00fchrenden Nutzfahrzeugherstellern entwickelt, um auch neue Innovationen zu unterst\u00fctzen, die zuk\u00fcnftig Standard sein werden.<\/p>\n<p>Kaltstartstrom: 1200 A<\/p>\n","protected":false},"excerpt":{"rendered":"<p>Die ProMotive AGM f\u00fcr Nutzfahrzeuge ist dank der effizienten AGM-Technologie besonders zuverl\u00e4ssig und die ideale L\u00f6sung f\u00fcr Fahrzeuge mit einer umfangreichen Ausstattung an elektrischen Verbrauchern. Nur diese Batterie unterst\u00fctzt die anspruchsvollsten Anwendungen und die leistungsintensivsten Funktionen, wie z.B. die Standklimaanlage\/-heizung, ohne die Batterie zu \u00fcberlasten und Ausf\u00e4lle zu verursachen. Sie wurde gemeinsam mit den f\u00fchrenden [&hellip;]<\/p>\n","protected":false},"featured_media":206695,"template":"","meta":{"_acf_changed":false},"product_featured_cat":[],"product_brand":[3383],"product_cat":[5108],"product_tag":[],"class_list":{"0":"post-120139","1":"product","2":"type-product","3":"status-publish","4":"has-post-thumbnail","6":"product_brand-varta-de","7":"product_cat-agm-batterien","9":"first","10":"instock","11":"taxable","12":"shipping-taxable","13":"purchasable","14":"product-type-simple"},"acf":[],"yoast_head":"<!-- This site is optimized with the Yoast SEO plugin v27.4 - https:\/\/yoast.com\/product\/yoast-seo-wordpress\/ -->\n<title>Batterie VARTA Professional AGM LA 210 210 Ah _K20_ - Bantam Camping AG<\/title>\n<meta name=\"robots\" content=\"index, follow, max-snippet:-1, max-image-preview:large, max-video-preview:-1\" \/>\n<link rel=\"canonical\" href=\"https:\/\/shop.bantam.ch\/de\/produkt\/batterie-professional-agm-la-210\/\" \/>\n<meta property=\"og:locale\" content=\"de_DE\" \/>\n<meta property=\"og:type\" content=\"article\" \/>\n<meta property=\"og:title\" content=\"Batterie VARTA Professional AGM LA 210 210 Ah _K20_ - Bantam Camping AG\" \/>\n<meta property=\"og:description\" content=\"Die ProMotive AGM f\u00fcr Nutzfahrzeuge ist dank der effizienten AGM-Technologie besonders zuverl\u00e4ssig und die ideale L\u00f6sung f\u00fcr Fahrzeuge mit einer umfangreichen Ausstattung an elektrischen Verbrauchern. Nur diese Batterie unterst\u00fctzt die anspruchsvollsten Anwendungen und die leistungsintensivsten Funktionen, wie z.B. die Standklimaanlage\/-heizung, ohne die Batterie zu \u00fcberlasten und Ausf\u00e4lle zu verursachen. Sie wurde gemeinsam mit den f\u00fchrenden [&hellip;]\" \/>\n<meta property=\"og:url\" content=\"https:\/\/shop.bantam.ch\/de\/produkt\/batterie-professional-agm-la-210\/\" \/>\n<meta property=\"og:site_name\" content=\"Bantam Camping AG\" \/>\n<meta property=\"article:modified_time\" content=\"2026-04-18T19:49:46+00:00\" \/>\n<meta name=\"twitter:card\" content=\"summary_large_image\" \/>\n<script type=\"application\/ld+json\" class=\"yoast-schema-graph\">{\"@context\":\"https:\\\/\\\/schema.org\",\"@graph\":[{\"@type\":\"WebPage\",\"@id\":\"https:\\\/\\\/shop.bantam.ch\\\/de\\\/produkt\\\/batterie-professional-agm-la-210\\\/\",\"url\":\"https:\\\/\\\/shop.bantam.ch\\\/de\\\/produkt\\\/batterie-professional-agm-la-210\\\/\",\"name\":\"Batterie VARTA Professional AGM LA 210 210 Ah _K20_ - Bantam Camping AG\",\"isPartOf\":{\"@id\":\"https:\\\/\\\/shop.bantam.ch\\\/de\\\/#website\"},\"primaryImageOfPage\":{\"@id\":\"https:\\\/\\\/shop.bantam.ch\\\/de\\\/produkt\\\/batterie-professional-agm-la-210\\\/#primaryimage\"},\"image\":{\"@id\":\"https:\\\/\\\/shop.bantam.ch\\\/de\\\/produkt\\\/batterie-professional-agm-la-210\\\/#primaryimage\"},\"thumbnailUrl\":\"https:\\\/\\\/shop.bantam.ch\\\/wp-content\\\/uploads\\\/2024\\\/09\\\/Movera-L-9958335100.jpg\",\"datePublished\":\"2023-02-28T22:20:06+00:00\",\"dateModified\":\"2026-04-18T19:49:46+00:00\",\"breadcrumb\":{\"@id\":\"https:\\\/\\\/shop.bantam.ch\\\/de\\\/produkt\\\/batterie-professional-agm-la-210\\\/#breadcrumb\"},\"inLanguage\":\"de\",\"potentialAction\":[{\"@type\":\"ReadAction\",\"target\":[\"https:\\\/\\\/shop.bantam.ch\\\/de\\\/produkt\\\/batterie-professional-agm-la-210\\\/\"]}]},{\"@type\":\"ImageObject\",\"inLanguage\":\"de\",\"@id\":\"https:\\\/\\\/shop.bantam.ch\\\/de\\\/produkt\\\/batterie-professional-agm-la-210\\\/#primaryimage\",\"url\":\"https:\\\/\\\/shop.bantam.ch\\\/wp-content\\\/uploads\\\/2024\\\/09\\\/Movera-L-9958335100.jpg\",\"contentUrl\":\"https:\\\/\\\/shop.bantam.ch\\\/wp-content\\\/uploads\\\/2024\\\/09\\\/Movera-L-9958335100.jpg\",\"width\":640,\"height\":640},{\"@type\":\"BreadcrumbList\",\"@id\":\"https:\\\/\\\/shop.bantam.ch\\\/de\\\/produkt\\\/batterie-professional-agm-la-210\\\/#breadcrumb\",\"itemListElement\":[{\"@type\":\"ListItem\",\"position\":1,\"name\":\"Accueil\",\"item\":\"https:\\\/\\\/shop.bantam.ch\\\/de\\\/\"},{\"@type\":\"ListItem\",\"position\":2,\"name\":\"Shop\",\"item\":\"https:\\\/\\\/shop.bantam.ch\\\/de\\\/shop\\\/\"},{\"@type\":\"ListItem\",\"position\":3,\"name\":\"Batterie VARTA Professional AGM LA 210 210 Ah _K20_\"}]},{\"@type\":\"WebSite\",\"@id\":\"https:\\\/\\\/shop.bantam.ch\\\/de\\\/#website\",\"url\":\"https:\\\/\\\/shop.bantam.ch\\\/de\\\/\",\"name\":\"Bantam Camping AG\",\"description\":\"\",\"publisher\":{\"@id\":\"https:\\\/\\\/shop.bantam.ch\\\/de\\\/#organization\"},\"inLanguage\":\"de\"},{\"@type\":\"Organization\",\"@id\":\"https:\\\/\\\/shop.bantam.ch\\\/de\\\/#organization\",\"name\":\"Bantam Camping AG\",\"url\":\"https:\\\/\\\/shop.bantam.ch\\\/de\\\/\",\"logo\":{\"@type\":\"ImageObject\",\"inLanguage\":\"de\",\"@id\":\"https:\\\/\\\/shop.bantam.ch\\\/de\\\/#\\\/schema\\\/logo\\\/image\\\/\",\"url\":\"https:\\\/\\\/shop.bantam.ch\\\/wp-content\\\/uploads\\\/2022\\\/12\\\/bantam-logo.png\",\"contentUrl\":\"https:\\\/\\\/shop.bantam.ch\\\/wp-content\\\/uploads\\\/2022\\\/12\\\/bantam-logo.png\",\"width\":320,\"height\":71,\"caption\":\"Bantam Camping AG\"},\"image\":{\"@id\":\"https:\\\/\\\/shop.bantam.ch\\\/de\\\/#\\\/schema\\\/logo\\\/image\\\/\"}}]}<\/script>\n<!-- \/ Yoast SEO plugin. -->","yoast_head_json":{"title":"Batterie VARTA Professional AGM LA 210 210 Ah _K20_ - Bantam Camping AG","robots":{"index":"index","follow":"follow","max-snippet":"max-snippet:-1","max-image-preview":"max-image-preview:large","max-video-preview":"max-video-preview:-1"},"canonical":"https:\/\/shop.bantam.ch\/de\/produkt\/batterie-professional-agm-la-210\/","og_locale":"de_DE","og_type":"article","og_title":"Batterie VARTA Professional AGM LA 210 210 Ah _K20_ - Bantam Camping AG","og_description":"Die ProMotive AGM f\u00fcr Nutzfahrzeuge ist dank der effizienten AGM-Technologie besonders zuverl\u00e4ssig und die ideale L\u00f6sung f\u00fcr Fahrzeuge mit einer umfangreichen Ausstattung an elektrischen Verbrauchern. Nur diese Batterie unterst\u00fctzt die anspruchsvollsten Anwendungen und die leistungsintensivsten Funktionen, wie z.B. die Standklimaanlage\/-heizung, ohne die Batterie zu \u00fcberlasten und Ausf\u00e4lle zu verursachen. Sie wurde gemeinsam mit den f\u00fchrenden [&hellip;]","og_url":"https:\/\/shop.bantam.ch\/de\/produkt\/batterie-professional-agm-la-210\/","og_site_name":"Bantam Camping AG","article_modified_time":"2026-04-18T19:49:46+00:00","twitter_card":"summary_large_image","schema":{"@context":"https:\/\/schema.org","@graph":[{"@type":"WebPage","@id":"https:\/\/shop.bantam.ch\/de\/produkt\/batterie-professional-agm-la-210\/","url":"https:\/\/shop.bantam.ch\/de\/produkt\/batterie-professional-agm-la-210\/","name":"Batterie VARTA Professional AGM LA 210 210 Ah _K20_ - Bantam Camping AG","isPartOf":{"@id":"https:\/\/shop.bantam.ch\/de\/#website"},"primaryImageOfPage":{"@id":"https:\/\/shop.bantam.ch\/de\/produkt\/batterie-professional-agm-la-210\/#primaryimage"},"image":{"@id":"https:\/\/shop.bantam.ch\/de\/produkt\/batterie-professional-agm-la-210\/#primaryimage"},"thumbnailUrl":"https:\/\/shop.bantam.ch\/wp-content\/uploads\/2024\/09\/Movera-L-9958335100.jpg","datePublished":"2023-02-28T22:20:06+00:00","dateModified":"2026-04-18T19:49:46+00:00","breadcrumb":{"@id":"https:\/\/shop.bantam.ch\/de\/produkt\/batterie-professional-agm-la-210\/#breadcrumb"},"inLanguage":"de","potentialAction":[{"@type":"ReadAction","target":["https:\/\/shop.bantam.ch\/de\/produkt\/batterie-professional-agm-la-210\/"]}]},{"@type":"ImageObject","inLanguage":"de","@id":"https:\/\/shop.bantam.ch\/de\/produkt\/batterie-professional-agm-la-210\/#primaryimage","url":"https:\/\/shop.bantam.ch\/wp-content\/uploads\/2024\/09\/Movera-L-9958335100.jpg","contentUrl":"https:\/\/shop.bantam.ch\/wp-content\/uploads\/2024\/09\/Movera-L-9958335100.jpg","width":640,"height":640},{"@type":"BreadcrumbList","@id":"https:\/\/shop.bantam.ch\/de\/produkt\/batterie-professional-agm-la-210\/#breadcrumb","itemListElement":[{"@type":"ListItem","position":1,"name":"Accueil","item":"https:\/\/shop.bantam.ch\/de\/"},{"@type":"ListItem","position":2,"name":"Shop","item":"https:\/\/shop.bantam.ch\/de\/shop\/"},{"@type":"ListItem","position":3,"name":"Batterie VARTA Professional AGM LA 210 210 Ah _K20_"}]},{"@type":"WebSite","@id":"https:\/\/shop.bantam.ch\/de\/#website","url":"https:\/\/shop.bantam.ch\/de\/","name":"Bantam Camping AG","description":"","publisher":{"@id":"https:\/\/shop.bantam.ch\/de\/#organization"},"inLanguage":"de"},{"@type":"Organization","@id":"https:\/\/shop.bantam.ch\/de\/#organization","name":"Bantam Camping AG","url":"https:\/\/shop.bantam.ch\/de\/","logo":{"@type":"ImageObject","inLanguage":"de","@id":"https:\/\/shop.bantam.ch\/de\/#\/schema\/logo\/image\/","url":"https:\/\/shop.bantam.ch\/wp-content\/uploads\/2022\/12\/bantam-logo.png","contentUrl":"https:\/\/shop.bantam.ch\/wp-content\/uploads\/2022\/12\/bantam-logo.png","width":320,"height":71,"caption":"Bantam Camping AG"},"image":{"@id":"https:\/\/shop.bantam.ch\/de\/#\/schema\/logo\/image\/"}}]}},"_links":{"self":[{"href":"https:\/\/shop.bantam.ch\/de\/wp-json\/wp\/v2\/product\/120139","targetHints":{"allow":["GET"]}}],"collection":[{"href":"https:\/\/shop.bantam.ch\/de\/wp-json\/wp\/v2\/product"}],"about":[{"href":"https:\/\/shop.bantam.ch\/de\/wp-json\/wp\/v2\/types\/product"}],"wp:featuredmedia":[{"embeddable":true,"href":"https:\/\/shop.bantam.ch\/de\/wp-json\/wp\/v2\/media\/206695"}],"wp:attachment":[{"href":"https:\/\/shop.bantam.ch\/de\/wp-json\/wp\/v2\/media?parent=120139"}],"wp:term":[{"taxonomy":"product_featured_cat","embeddable":true,"href":"https:\/\/shop.bantam.ch\/de\/wp-json\/wp\/v2\/product_featured_cat?post=120139"},{"taxonomy":"product_brand","embeddable":true,"href":"https:\/\/shop.bantam.ch\/de\/wp-json\/wp\/v2\/product_brand?post=120139"},{"taxonomy":"product_cat","embeddable":true,"href":"https:\/\/shop.bantam.ch\/de\/wp-json\/wp\/v2\/product_cat?post=120139"},{"taxonomy":"product_tag","embeddable":true,"href":"https:\/\/shop.bantam.ch\/de\/wp-json\/wp\/v2\/product_tag?post=120139"}],"curies":[{"name":"wp","href":"https:\/\/api.w.org\/{rel}","templated":true}]}}