{"id":119401,"date":"2023-02-28T23:06:10","date_gmt":"2023-02-28T22:06:10","guid":{"rendered":"https:\/\/shop.bantam.ch\/produit\/tv-wandhalterung-omp-3-armig\/"},"modified":"2026-04-17T21:48:00","modified_gmt":"2026-04-17T19:48:00","slug":"tv-wandhalterung-omp-3-armig","status":"publish","type":"product","link":"https:\/\/shop.bantam.ch\/de\/produkt\/tv-wandhalterung-omp-3-armig\/","title":{"rendered":"TV-Wandhalterung MAXVIEW OMP 3-armig"},"content":{"rendered":"<p>Speziell f\u00fcr Caravans entwickelt. Kann beliebig zusammengesteckt werden und findet Verwendung als 1-, 2- oder 3-armige Wandhalterung. Der Halter ist verriegelbar damit sich der Fernseher w\u00e4hrend der Fahrt nicht bewegen kann. Sehr stabile Ausf\u00fchrung f\u00fcr Fernseher bis 13 kg. Kabelkan\u00e4le sorgen f\u00fcr die ordentlichen Verlegung des Koaxial-Kabels. Maximale ausgeklappte Reichweite 62 cm.<\/p>\n","protected":false},"excerpt":{"rendered":"<p>Speziell f\u00fcr Caravans entwickelt. Kann beliebig zusammengesteckt werden und findet Verwendung als 1-, 2- oder 3-armige Wandhalterung. Der Halter ist verriegelbar damit sich der Fernseher w\u00e4hrend der Fahrt nicht bewegen kann. Sehr stabile Ausf\u00fchrung f\u00fcr Fernseher bis 13 kg. Kabelkan\u00e4le sorgen f\u00fcr die ordentlichen Verlegung des Koaxial-Kabels. Maximale ausgeklappte Reichweite 62 cm.<\/p>\n","protected":false},"featured_media":119397,"template":"","meta":{"_acf_changed":false},"product_featured_cat":[],"product_brand":[3083],"product_cat":[4986],"product_tag":[],"class_list":{"0":"post-119401","1":"product","2":"type-product","3":"status-publish","4":"has-post-thumbnail","6":"product_brand-maxview-de","7":"product_cat-tv-halterungen","9":"first","10":"instock","11":"taxable","12":"shipping-taxable","13":"purchasable","14":"product-type-simple"},"acf":[],"yoast_head":"<!-- This site is optimized with the Yoast SEO plugin v27.4 - https:\/\/yoast.com\/product\/yoast-seo-wordpress\/ -->\n<title>TV-Wandhalterung MAXVIEW OMP 3-armig - Bantam Camping AG<\/title>\n<meta name=\"robots\" content=\"index, follow, max-snippet:-1, max-image-preview:large, max-video-preview:-1\" \/>\n<link rel=\"canonical\" href=\"https:\/\/shop.bantam.ch\/de\/produkt\/tv-wandhalterung-omp-3-armig\/\" \/>\n<meta property=\"og:locale\" content=\"de_DE\" \/>\n<meta property=\"og:type\" content=\"article\" \/>\n<meta property=\"og:title\" content=\"TV-Wandhalterung MAXVIEW OMP 3-armig - Bantam Camping AG\" \/>\n<meta property=\"og:description\" content=\"Speziell f\u00fcr Caravans entwickelt. Kann beliebig zusammengesteckt werden und findet Verwendung als 1-, 2- oder 3-armige Wandhalterung. Der Halter ist verriegelbar damit sich der Fernseher w\u00e4hrend der Fahrt nicht bewegen kann. Sehr stabile Ausf\u00fchrung f\u00fcr Fernseher bis 13 kg. Kabelkan\u00e4le sorgen f\u00fcr die ordentlichen Verlegung des Koaxial-Kabels. Maximale ausgeklappte Reichweite 62 cm.\" \/>\n<meta property=\"og:url\" content=\"https:\/\/shop.bantam.ch\/de\/produkt\/tv-wandhalterung-omp-3-armig\/\" \/>\n<meta property=\"og:site_name\" content=\"Bantam Camping AG\" \/>\n<meta property=\"article:modified_time\" content=\"2026-04-17T19:48:00+00:00\" \/>\n<meta property=\"og:image\" content=\"https:\/\/shop.bantam.ch\/wp-content\/uploads\/2023\/02\/995829011.jpg\" \/>\n\t<meta property=\"og:image:width\" content=\"810\" \/>\n\t<meta property=\"og:image:height\" content=\"1000\" \/>\n\t<meta property=\"og:image:type\" content=\"image\/jpeg\" \/>\n<meta name=\"twitter:card\" content=\"summary_large_image\" \/>\n<script type=\"application\/ld+json\" class=\"yoast-schema-graph\">{\"@context\":\"https:\\\/\\\/schema.org\",\"@graph\":[{\"@type\":\"WebPage\",\"@id\":\"https:\\\/\\\/shop.bantam.ch\\\/de\\\/produkt\\\/tv-wandhalterung-omp-3-armig\\\/\",\"url\":\"https:\\\/\\\/shop.bantam.ch\\\/de\\\/produkt\\\/tv-wandhalterung-omp-3-armig\\\/\",\"name\":\"TV-Wandhalterung MAXVIEW OMP 3-armig - Bantam Camping AG\",\"isPartOf\":{\"@id\":\"https:\\\/\\\/shop.bantam.ch\\\/de\\\/#website\"},\"primaryImageOfPage\":{\"@id\":\"https:\\\/\\\/shop.bantam.ch\\\/de\\\/produkt\\\/tv-wandhalterung-omp-3-armig\\\/#primaryimage\"},\"image\":{\"@id\":\"https:\\\/\\\/shop.bantam.ch\\\/de\\\/produkt\\\/tv-wandhalterung-omp-3-armig\\\/#primaryimage\"},\"thumbnailUrl\":\"https:\\\/\\\/shop.bantam.ch\\\/wp-content\\\/uploads\\\/2023\\\/02\\\/995829011.jpg\",\"datePublished\":\"2023-02-28T22:06:10+00:00\",\"dateModified\":\"2026-04-17T19:48:00+00:00\",\"breadcrumb\":{\"@id\":\"https:\\\/\\\/shop.bantam.ch\\\/de\\\/produkt\\\/tv-wandhalterung-omp-3-armig\\\/#breadcrumb\"},\"inLanguage\":\"de\",\"potentialAction\":[{\"@type\":\"ReadAction\",\"target\":[\"https:\\\/\\\/shop.bantam.ch\\\/de\\\/produkt\\\/tv-wandhalterung-omp-3-armig\\\/\"]}]},{\"@type\":\"ImageObject\",\"inLanguage\":\"de\",\"@id\":\"https:\\\/\\\/shop.bantam.ch\\\/de\\\/produkt\\\/tv-wandhalterung-omp-3-armig\\\/#primaryimage\",\"url\":\"https:\\\/\\\/shop.bantam.ch\\\/wp-content\\\/uploads\\\/2023\\\/02\\\/995829011.jpg\",\"contentUrl\":\"https:\\\/\\\/shop.bantam.ch\\\/wp-content\\\/uploads\\\/2023\\\/02\\\/995829011.jpg\",\"width\":810,\"height\":1000},{\"@type\":\"BreadcrumbList\",\"@id\":\"https:\\\/\\\/shop.bantam.ch\\\/de\\\/produkt\\\/tv-wandhalterung-omp-3-armig\\\/#breadcrumb\",\"itemListElement\":[{\"@type\":\"ListItem\",\"position\":1,\"name\":\"Accueil\",\"item\":\"https:\\\/\\\/shop.bantam.ch\\\/de\\\/\"},{\"@type\":\"ListItem\",\"position\":2,\"name\":\"Shop\",\"item\":\"https:\\\/\\\/shop.bantam.ch\\\/de\\\/shop\\\/\"},{\"@type\":\"ListItem\",\"position\":3,\"name\":\"TV-Wandhalterung MAXVIEW OMP 3-armig\"}]},{\"@type\":\"WebSite\",\"@id\":\"https:\\\/\\\/shop.bantam.ch\\\/de\\\/#website\",\"url\":\"https:\\\/\\\/shop.bantam.ch\\\/de\\\/\",\"name\":\"Bantam Camping AG\",\"description\":\"\",\"publisher\":{\"@id\":\"https:\\\/\\\/shop.bantam.ch\\\/de\\\/#organization\"},\"inLanguage\":\"de\"},{\"@type\":\"Organization\",\"@id\":\"https:\\\/\\\/shop.bantam.ch\\\/de\\\/#organization\",\"name\":\"Bantam Camping AG\",\"url\":\"https:\\\/\\\/shop.bantam.ch\\\/de\\\/\",\"logo\":{\"@type\":\"ImageObject\",\"inLanguage\":\"de\",\"@id\":\"https:\\\/\\\/shop.bantam.ch\\\/de\\\/#\\\/schema\\\/logo\\\/image\\\/\",\"url\":\"https:\\\/\\\/shop.bantam.ch\\\/wp-content\\\/uploads\\\/2022\\\/12\\\/bantam-logo.png\",\"contentUrl\":\"https:\\\/\\\/shop.bantam.ch\\\/wp-content\\\/uploads\\\/2022\\\/12\\\/bantam-logo.png\",\"width\":320,\"height\":71,\"caption\":\"Bantam Camping AG\"},\"image\":{\"@id\":\"https:\\\/\\\/shop.bantam.ch\\\/de\\\/#\\\/schema\\\/logo\\\/image\\\/\"}}]}<\/script>\n<!-- \/ Yoast SEO plugin. -->","yoast_head_json":{"title":"TV-Wandhalterung MAXVIEW OMP 3-armig - Bantam Camping AG","robots":{"index":"index","follow":"follow","max-snippet":"max-snippet:-1","max-image-preview":"max-image-preview:large","max-video-preview":"max-video-preview:-1"},"canonical":"https:\/\/shop.bantam.ch\/de\/produkt\/tv-wandhalterung-omp-3-armig\/","og_locale":"de_DE","og_type":"article","og_title":"TV-Wandhalterung MAXVIEW OMP 3-armig - Bantam Camping AG","og_description":"Speziell f\u00fcr Caravans entwickelt. Kann beliebig zusammengesteckt werden und findet Verwendung als 1-, 2- oder 3-armige Wandhalterung. Der Halter ist verriegelbar damit sich der Fernseher w\u00e4hrend der Fahrt nicht bewegen kann. Sehr stabile Ausf\u00fchrung f\u00fcr Fernseher bis 13 kg. Kabelkan\u00e4le sorgen f\u00fcr die ordentlichen Verlegung des Koaxial-Kabels. Maximale ausgeklappte Reichweite 62 cm.","og_url":"https:\/\/shop.bantam.ch\/de\/produkt\/tv-wandhalterung-omp-3-armig\/","og_site_name":"Bantam Camping AG","article_modified_time":"2026-04-17T19:48:00+00:00","og_image":[{"width":810,"height":1000,"url":"https:\/\/shop.bantam.ch\/wp-content\/uploads\/2023\/02\/995829011.jpg","type":"image\/jpeg"}],"twitter_card":"summary_large_image","schema":{"@context":"https:\/\/schema.org","@graph":[{"@type":"WebPage","@id":"https:\/\/shop.bantam.ch\/de\/produkt\/tv-wandhalterung-omp-3-armig\/","url":"https:\/\/shop.bantam.ch\/de\/produkt\/tv-wandhalterung-omp-3-armig\/","name":"TV-Wandhalterung MAXVIEW OMP 3-armig - Bantam Camping AG","isPartOf":{"@id":"https:\/\/shop.bantam.ch\/de\/#website"},"primaryImageOfPage":{"@id":"https:\/\/shop.bantam.ch\/de\/produkt\/tv-wandhalterung-omp-3-armig\/#primaryimage"},"image":{"@id":"https:\/\/shop.bantam.ch\/de\/produkt\/tv-wandhalterung-omp-3-armig\/#primaryimage"},"thumbnailUrl":"https:\/\/shop.bantam.ch\/wp-content\/uploads\/2023\/02\/995829011.jpg","datePublished":"2023-02-28T22:06:10+00:00","dateModified":"2026-04-17T19:48:00+00:00","breadcrumb":{"@id":"https:\/\/shop.bantam.ch\/de\/produkt\/tv-wandhalterung-omp-3-armig\/#breadcrumb"},"inLanguage":"de","potentialAction":[{"@type":"ReadAction","target":["https:\/\/shop.bantam.ch\/de\/produkt\/tv-wandhalterung-omp-3-armig\/"]}]},{"@type":"ImageObject","inLanguage":"de","@id":"https:\/\/shop.bantam.ch\/de\/produkt\/tv-wandhalterung-omp-3-armig\/#primaryimage","url":"https:\/\/shop.bantam.ch\/wp-content\/uploads\/2023\/02\/995829011.jpg","contentUrl":"https:\/\/shop.bantam.ch\/wp-content\/uploads\/2023\/02\/995829011.jpg","width":810,"height":1000},{"@type":"BreadcrumbList","@id":"https:\/\/shop.bantam.ch\/de\/produkt\/tv-wandhalterung-omp-3-armig\/#breadcrumb","itemListElement":[{"@type":"ListItem","position":1,"name":"Accueil","item":"https:\/\/shop.bantam.ch\/de\/"},{"@type":"ListItem","position":2,"name":"Shop","item":"https:\/\/shop.bantam.ch\/de\/shop\/"},{"@type":"ListItem","position":3,"name":"TV-Wandhalterung MAXVIEW OMP 3-armig"}]},{"@type":"WebSite","@id":"https:\/\/shop.bantam.ch\/de\/#website","url":"https:\/\/shop.bantam.ch\/de\/","name":"Bantam Camping AG","description":"","publisher":{"@id":"https:\/\/shop.bantam.ch\/de\/#organization"},"inLanguage":"de"},{"@type":"Organization","@id":"https:\/\/shop.bantam.ch\/de\/#organization","name":"Bantam Camping AG","url":"https:\/\/shop.bantam.ch\/de\/","logo":{"@type":"ImageObject","inLanguage":"de","@id":"https:\/\/shop.bantam.ch\/de\/#\/schema\/logo\/image\/","url":"https:\/\/shop.bantam.ch\/wp-content\/uploads\/2022\/12\/bantam-logo.png","contentUrl":"https:\/\/shop.bantam.ch\/wp-content\/uploads\/2022\/12\/bantam-logo.png","width":320,"height":71,"caption":"Bantam Camping AG"},"image":{"@id":"https:\/\/shop.bantam.ch\/de\/#\/schema\/logo\/image\/"}}]}},"_links":{"self":[{"href":"https:\/\/shop.bantam.ch\/de\/wp-json\/wp\/v2\/product\/119401","targetHints":{"allow":["GET"]}}],"collection":[{"href":"https:\/\/shop.bantam.ch\/de\/wp-json\/wp\/v2\/product"}],"about":[{"href":"https:\/\/shop.bantam.ch\/de\/wp-json\/wp\/v2\/types\/product"}],"wp:featuredmedia":[{"embeddable":true,"href":"https:\/\/shop.bantam.ch\/de\/wp-json\/wp\/v2\/media\/119397"}],"wp:attachment":[{"href":"https:\/\/shop.bantam.ch\/de\/wp-json\/wp\/v2\/media?parent=119401"}],"wp:term":[{"taxonomy":"product_featured_cat","embeddable":true,"href":"https:\/\/shop.bantam.ch\/de\/wp-json\/wp\/v2\/product_featured_cat?post=119401"},{"taxonomy":"product_brand","embeddable":true,"href":"https:\/\/shop.bantam.ch\/de\/wp-json\/wp\/v2\/product_brand?post=119401"},{"taxonomy":"product_cat","embeddable":true,"href":"https:\/\/shop.bantam.ch\/de\/wp-json\/wp\/v2\/product_cat?post=119401"},{"taxonomy":"product_tag","embeddable":true,"href":"https:\/\/shop.bantam.ch\/de\/wp-json\/wp\/v2\/product_tag?post=119401"}],"curies":[{"name":"wp","href":"https:\/\/api.w.org\/{rel}","templated":true}]}}