{"id":119381,"date":"2023-02-28T23:05:41","date_gmt":"2023-02-28T22:05:41","guid":{"rendered":"https:\/\/shop.bantam.ch\/produit\/einbausatz-z-eacc-rnm3k-fuer-zenec-xzent-12-din-in-renault-master-3\/"},"modified":"2026-04-19T21:50:43","modified_gmt":"2026-04-19T19:50:43","slug":"einbausatz-z-eacc-rnm3k-fuer-zenec-xzent-12-din-in-renault-master-3","status":"publish","type":"product","link":"https:\/\/shop.bantam.ch\/de\/produkt\/einbausatz-z-eacc-rnm3k-fuer-zenec-xzent-12-din-in-renault-master-3\/","title":{"rendered":"Einbausatz Z-EACC-RNM3K f\u00fcr Zenec\/XZent 1+2 DIN in Renault Master 3"},"content":{"rendered":"<p>Komplett-Einbausatz zur Installation von ZENEC und XZENT 1-DIN und 2-DIN Ger\u00e4ten im Renault Master III Facelift ab Modelljahr 2019, sowie technisch baugleichen Fahrzeugen einschlie\u00dflich den Reisemobilen, welche ab Werk mit einem 1-DIN DAB\/FM Radio best\u00fcckt sind.<\/p>\n<p>Setumfang:<\/p>\n<p>1 x Radio Einbaublende f\u00fcr 1-DIN und 2-DIN Ger\u00e4te<\/p>\n<p>1 x Analoges Lenkradtasten-Interface mit ZENEC \/ XZENT Radio-Anschlusskabel (ohne Unterst\u00fctzung der Telefontasten Funktion<\/p>\n<p>1 x 12 V Phantomspeise-Interface f\u00fcr FM Antennenverst\u00e4rker<\/p>\n<p>1 x Fakra auf SMB Adapter f\u00fcr DAB Antenne (eingegossene Profiausf\u00fchrung)<\/p>\n<p>1 x Fahrzeugspezifisches USB Adapterkabel zur Erhaltung des originalen USB-Anschlusses im Armaturenbrett<\/p>\n<p>1 x Montageanleitung<\/p>\n<p>Multifunktionslenkrad-Tasten Anbindung via analogem Interface (Telefontaste wird nicht unterst\u00fctzt).<\/p>\n<p>Kompatibilit\u00e4t: Renault Master III Facelift Modelljahr ab 2019, alle Fahrzeuge und darauf basierende Reisemobile mit 1-DIN FM\/DAB Werksradio<\/p>\n<p>Opel Movano B und Cargo (2nd Gen) Facelift Modelljahr ab 2019\/Q4, alle Fahrzeuge und darauf basierende Reisemobile mit 1-DIN FM\/DAB Werksradio<\/p>\n<p>Nissan NV400 ab Modelljahr 2020, alle Fahrzeuge und darauf basierende Reisemobile mit 1-DIN FM\/DAB Werksradio<\/p>\n","protected":false},"excerpt":{"rendered":"<p>Komplett-Einbausatz zur Installation von ZENEC und XZENT 1-DIN und 2-DIN Ger\u00e4ten im Renault Master III Facelift ab Modelljahr 2019, sowie technisch baugleichen Fahrzeugen einschlie\u00dflich den Reisemobilen, welche ab Werk mit einem 1-DIN DAB\/FM Radio best\u00fcckt sind. Setumfang: 1 x Radio Einbaublende f\u00fcr 1-DIN und 2-DIN Ger\u00e4te 1 x Analoges Lenkradtasten-Interface mit ZENEC \/ XZENT Radio-Anschlusskabel [&hellip;]<\/p>\n","protected":false},"featured_media":119375,"template":"","meta":{"_acf_changed":false},"product_featured_cat":[],"product_brand":[3213],"product_cat":[4996],"product_tag":[],"class_list":{"0":"post-119381","1":"product","2":"type-product","3":"status-publish","4":"has-post-thumbnail","6":"product_brand-zenec-de","7":"product_cat-montagemittel-fuer-navigationsgeraete","9":"first","10":"instock","11":"taxable","12":"shipping-taxable","13":"purchasable","14":"product-type-simple"},"acf":[],"yoast_head":"<!-- This site is optimized with the Yoast SEO plugin v27.4 - https:\/\/yoast.com\/product\/yoast-seo-wordpress\/ -->\n<title>Einbausatz Z-EACC-RNM3K f\u00fcr Zenec\/XZent 1+2 DIN in Renault Master 3 - Bantam Camping AG<\/title>\n<meta name=\"robots\" content=\"index, follow, max-snippet:-1, max-image-preview:large, max-video-preview:-1\" \/>\n<link rel=\"canonical\" href=\"https:\/\/shop.bantam.ch\/de\/produkt\/einbausatz-z-eacc-rnm3k-fuer-zenec-xzent-12-din-in-renault-master-3\/\" \/>\n<meta property=\"og:locale\" content=\"de_DE\" \/>\n<meta property=\"og:type\" content=\"article\" \/>\n<meta property=\"og:title\" content=\"Einbausatz Z-EACC-RNM3K f\u00fcr Zenec\/XZent 1+2 DIN in Renault Master 3 - Bantam Camping AG\" \/>\n<meta property=\"og:description\" content=\"Komplett-Einbausatz zur Installation von ZENEC und XZENT 1-DIN und 2-DIN Ger\u00e4ten im Renault Master III Facelift ab Modelljahr 2019, sowie technisch baugleichen Fahrzeugen einschlie\u00dflich den Reisemobilen, welche ab Werk mit einem 1-DIN DAB\/FM Radio best\u00fcckt sind. Setumfang: 1 x Radio Einbaublende f\u00fcr 1-DIN und 2-DIN Ger\u00e4te 1 x Analoges Lenkradtasten-Interface mit ZENEC \/ XZENT Radio-Anschlusskabel [&hellip;]\" \/>\n<meta property=\"og:url\" content=\"https:\/\/shop.bantam.ch\/de\/produkt\/einbausatz-z-eacc-rnm3k-fuer-zenec-xzent-12-din-in-renault-master-3\/\" \/>\n<meta property=\"og:site_name\" content=\"Bantam Camping AG\" \/>\n<meta property=\"article:modified_time\" content=\"2026-04-19T19:50:43+00:00\" \/>\n<meta property=\"og:image\" content=\"https:\/\/shop.bantam.ch\/wp-content\/uploads\/2023\/02\/995828911.jpg\" \/>\n\t<meta property=\"og:image:width\" content=\"1000\" \/>\n\t<meta property=\"og:image:height\" content=\"599\" \/>\n\t<meta property=\"og:image:type\" content=\"image\/jpeg\" \/>\n<meta name=\"twitter:card\" content=\"summary_large_image\" \/>\n<meta name=\"twitter:label1\" content=\"Gesch\u00e4tzte Lesezeit\" \/>\n\t<meta name=\"twitter:data1\" content=\"1\u00a0Minute\" \/>\n<script type=\"application\/ld+json\" class=\"yoast-schema-graph\">{\"@context\":\"https:\\\/\\\/schema.org\",\"@graph\":[{\"@type\":\"WebPage\",\"@id\":\"https:\\\/\\\/shop.bantam.ch\\\/de\\\/produkt\\\/einbausatz-z-eacc-rnm3k-fuer-zenec-xzent-12-din-in-renault-master-3\\\/\",\"url\":\"https:\\\/\\\/shop.bantam.ch\\\/de\\\/produkt\\\/einbausatz-z-eacc-rnm3k-fuer-zenec-xzent-12-din-in-renault-master-3\\\/\",\"name\":\"Einbausatz Z-EACC-RNM3K f\u00fcr Zenec\\\/XZent 1+2 DIN in Renault Master 3 - Bantam Camping AG\",\"isPartOf\":{\"@id\":\"https:\\\/\\\/shop.bantam.ch\\\/de\\\/#website\"},\"primaryImageOfPage\":{\"@id\":\"https:\\\/\\\/shop.bantam.ch\\\/de\\\/produkt\\\/einbausatz-z-eacc-rnm3k-fuer-zenec-xzent-12-din-in-renault-master-3\\\/#primaryimage\"},\"image\":{\"@id\":\"https:\\\/\\\/shop.bantam.ch\\\/de\\\/produkt\\\/einbausatz-z-eacc-rnm3k-fuer-zenec-xzent-12-din-in-renault-master-3\\\/#primaryimage\"},\"thumbnailUrl\":\"https:\\\/\\\/shop.bantam.ch\\\/wp-content\\\/uploads\\\/2023\\\/02\\\/995828911.jpg\",\"datePublished\":\"2023-02-28T22:05:41+00:00\",\"dateModified\":\"2026-04-19T19:50:43+00:00\",\"breadcrumb\":{\"@id\":\"https:\\\/\\\/shop.bantam.ch\\\/de\\\/produkt\\\/einbausatz-z-eacc-rnm3k-fuer-zenec-xzent-12-din-in-renault-master-3\\\/#breadcrumb\"},\"inLanguage\":\"de\",\"potentialAction\":[{\"@type\":\"ReadAction\",\"target\":[\"https:\\\/\\\/shop.bantam.ch\\\/de\\\/produkt\\\/einbausatz-z-eacc-rnm3k-fuer-zenec-xzent-12-din-in-renault-master-3\\\/\"]}]},{\"@type\":\"ImageObject\",\"inLanguage\":\"de\",\"@id\":\"https:\\\/\\\/shop.bantam.ch\\\/de\\\/produkt\\\/einbausatz-z-eacc-rnm3k-fuer-zenec-xzent-12-din-in-renault-master-3\\\/#primaryimage\",\"url\":\"https:\\\/\\\/shop.bantam.ch\\\/wp-content\\\/uploads\\\/2023\\\/02\\\/995828911.jpg\",\"contentUrl\":\"https:\\\/\\\/shop.bantam.ch\\\/wp-content\\\/uploads\\\/2023\\\/02\\\/995828911.jpg\",\"width\":1000,\"height\":599},{\"@type\":\"BreadcrumbList\",\"@id\":\"https:\\\/\\\/shop.bantam.ch\\\/de\\\/produkt\\\/einbausatz-z-eacc-rnm3k-fuer-zenec-xzent-12-din-in-renault-master-3\\\/#breadcrumb\",\"itemListElement\":[{\"@type\":\"ListItem\",\"position\":1,\"name\":\"Accueil\",\"item\":\"https:\\\/\\\/shop.bantam.ch\\\/de\\\/\"},{\"@type\":\"ListItem\",\"position\":2,\"name\":\"Shop\",\"item\":\"https:\\\/\\\/shop.bantam.ch\\\/de\\\/shop\\\/\"},{\"@type\":\"ListItem\",\"position\":3,\"name\":\"Einbausatz Z-EACC-RNM3K f\u00fcr Zenec\\\/XZent 1+2 DIN in Renault Master 3\"}]},{\"@type\":\"WebSite\",\"@id\":\"https:\\\/\\\/shop.bantam.ch\\\/de\\\/#website\",\"url\":\"https:\\\/\\\/shop.bantam.ch\\\/de\\\/\",\"name\":\"Bantam Camping AG\",\"description\":\"\",\"publisher\":{\"@id\":\"https:\\\/\\\/shop.bantam.ch\\\/de\\\/#organization\"},\"inLanguage\":\"de\"},{\"@type\":\"Organization\",\"@id\":\"https:\\\/\\\/shop.bantam.ch\\\/de\\\/#organization\",\"name\":\"Bantam Camping AG\",\"url\":\"https:\\\/\\\/shop.bantam.ch\\\/de\\\/\",\"logo\":{\"@type\":\"ImageObject\",\"inLanguage\":\"de\",\"@id\":\"https:\\\/\\\/shop.bantam.ch\\\/de\\\/#\\\/schema\\\/logo\\\/image\\\/\",\"url\":\"https:\\\/\\\/shop.bantam.ch\\\/wp-content\\\/uploads\\\/2022\\\/12\\\/bantam-logo.png\",\"contentUrl\":\"https:\\\/\\\/shop.bantam.ch\\\/wp-content\\\/uploads\\\/2022\\\/12\\\/bantam-logo.png\",\"width\":320,\"height\":71,\"caption\":\"Bantam Camping AG\"},\"image\":{\"@id\":\"https:\\\/\\\/shop.bantam.ch\\\/de\\\/#\\\/schema\\\/logo\\\/image\\\/\"}}]}<\/script>\n<!-- \/ Yoast SEO plugin. -->","yoast_head_json":{"title":"Einbausatz Z-EACC-RNM3K f\u00fcr Zenec\/XZent 1+2 DIN in Renault Master 3 - Bantam Camping AG","robots":{"index":"index","follow":"follow","max-snippet":"max-snippet:-1","max-image-preview":"max-image-preview:large","max-video-preview":"max-video-preview:-1"},"canonical":"https:\/\/shop.bantam.ch\/de\/produkt\/einbausatz-z-eacc-rnm3k-fuer-zenec-xzent-12-din-in-renault-master-3\/","og_locale":"de_DE","og_type":"article","og_title":"Einbausatz Z-EACC-RNM3K f\u00fcr Zenec\/XZent 1+2 DIN in Renault Master 3 - Bantam Camping AG","og_description":"Komplett-Einbausatz zur Installation von ZENEC und XZENT 1-DIN und 2-DIN Ger\u00e4ten im Renault Master III Facelift ab Modelljahr 2019, sowie technisch baugleichen Fahrzeugen einschlie\u00dflich den Reisemobilen, welche ab Werk mit einem 1-DIN DAB\/FM Radio best\u00fcckt sind. Setumfang: 1 x Radio Einbaublende f\u00fcr 1-DIN und 2-DIN Ger\u00e4te 1 x Analoges Lenkradtasten-Interface mit ZENEC \/ XZENT Radio-Anschlusskabel [&hellip;]","og_url":"https:\/\/shop.bantam.ch\/de\/produkt\/einbausatz-z-eacc-rnm3k-fuer-zenec-xzent-12-din-in-renault-master-3\/","og_site_name":"Bantam Camping AG","article_modified_time":"2026-04-19T19:50:43+00:00","og_image":[{"width":1000,"height":599,"url":"https:\/\/shop.bantam.ch\/wp-content\/uploads\/2023\/02\/995828911.jpg","type":"image\/jpeg"}],"twitter_card":"summary_large_image","twitter_misc":{"Gesch\u00e4tzte Lesezeit":"1\u00a0Minute"},"schema":{"@context":"https:\/\/schema.org","@graph":[{"@type":"WebPage","@id":"https:\/\/shop.bantam.ch\/de\/produkt\/einbausatz-z-eacc-rnm3k-fuer-zenec-xzent-12-din-in-renault-master-3\/","url":"https:\/\/shop.bantam.ch\/de\/produkt\/einbausatz-z-eacc-rnm3k-fuer-zenec-xzent-12-din-in-renault-master-3\/","name":"Einbausatz Z-EACC-RNM3K f\u00fcr Zenec\/XZent 1+2 DIN in Renault Master 3 - Bantam Camping AG","isPartOf":{"@id":"https:\/\/shop.bantam.ch\/de\/#website"},"primaryImageOfPage":{"@id":"https:\/\/shop.bantam.ch\/de\/produkt\/einbausatz-z-eacc-rnm3k-fuer-zenec-xzent-12-din-in-renault-master-3\/#primaryimage"},"image":{"@id":"https:\/\/shop.bantam.ch\/de\/produkt\/einbausatz-z-eacc-rnm3k-fuer-zenec-xzent-12-din-in-renault-master-3\/#primaryimage"},"thumbnailUrl":"https:\/\/shop.bantam.ch\/wp-content\/uploads\/2023\/02\/995828911.jpg","datePublished":"2023-02-28T22:05:41+00:00","dateModified":"2026-04-19T19:50:43+00:00","breadcrumb":{"@id":"https:\/\/shop.bantam.ch\/de\/produkt\/einbausatz-z-eacc-rnm3k-fuer-zenec-xzent-12-din-in-renault-master-3\/#breadcrumb"},"inLanguage":"de","potentialAction":[{"@type":"ReadAction","target":["https:\/\/shop.bantam.ch\/de\/produkt\/einbausatz-z-eacc-rnm3k-fuer-zenec-xzent-12-din-in-renault-master-3\/"]}]},{"@type":"ImageObject","inLanguage":"de","@id":"https:\/\/shop.bantam.ch\/de\/produkt\/einbausatz-z-eacc-rnm3k-fuer-zenec-xzent-12-din-in-renault-master-3\/#primaryimage","url":"https:\/\/shop.bantam.ch\/wp-content\/uploads\/2023\/02\/995828911.jpg","contentUrl":"https:\/\/shop.bantam.ch\/wp-content\/uploads\/2023\/02\/995828911.jpg","width":1000,"height":599},{"@type":"BreadcrumbList","@id":"https:\/\/shop.bantam.ch\/de\/produkt\/einbausatz-z-eacc-rnm3k-fuer-zenec-xzent-12-din-in-renault-master-3\/#breadcrumb","itemListElement":[{"@type":"ListItem","position":1,"name":"Accueil","item":"https:\/\/shop.bantam.ch\/de\/"},{"@type":"ListItem","position":2,"name":"Shop","item":"https:\/\/shop.bantam.ch\/de\/shop\/"},{"@type":"ListItem","position":3,"name":"Einbausatz Z-EACC-RNM3K f\u00fcr Zenec\/XZent 1+2 DIN in Renault Master 3"}]},{"@type":"WebSite","@id":"https:\/\/shop.bantam.ch\/de\/#website","url":"https:\/\/shop.bantam.ch\/de\/","name":"Bantam Camping AG","description":"","publisher":{"@id":"https:\/\/shop.bantam.ch\/de\/#organization"},"inLanguage":"de"},{"@type":"Organization","@id":"https:\/\/shop.bantam.ch\/de\/#organization","name":"Bantam Camping AG","url":"https:\/\/shop.bantam.ch\/de\/","logo":{"@type":"ImageObject","inLanguage":"de","@id":"https:\/\/shop.bantam.ch\/de\/#\/schema\/logo\/image\/","url":"https:\/\/shop.bantam.ch\/wp-content\/uploads\/2022\/12\/bantam-logo.png","contentUrl":"https:\/\/shop.bantam.ch\/wp-content\/uploads\/2022\/12\/bantam-logo.png","width":320,"height":71,"caption":"Bantam Camping AG"},"image":{"@id":"https:\/\/shop.bantam.ch\/de\/#\/schema\/logo\/image\/"}}]}},"_links":{"self":[{"href":"https:\/\/shop.bantam.ch\/de\/wp-json\/wp\/v2\/product\/119381","targetHints":{"allow":["GET"]}}],"collection":[{"href":"https:\/\/shop.bantam.ch\/de\/wp-json\/wp\/v2\/product"}],"about":[{"href":"https:\/\/shop.bantam.ch\/de\/wp-json\/wp\/v2\/types\/product"}],"wp:featuredmedia":[{"embeddable":true,"href":"https:\/\/shop.bantam.ch\/de\/wp-json\/wp\/v2\/media\/119375"}],"wp:attachment":[{"href":"https:\/\/shop.bantam.ch\/de\/wp-json\/wp\/v2\/media?parent=119381"}],"wp:term":[{"taxonomy":"product_featured_cat","embeddable":true,"href":"https:\/\/shop.bantam.ch\/de\/wp-json\/wp\/v2\/product_featured_cat?post=119381"},{"taxonomy":"product_brand","embeddable":true,"href":"https:\/\/shop.bantam.ch\/de\/wp-json\/wp\/v2\/product_brand?post=119381"},{"taxonomy":"product_cat","embeddable":true,"href":"https:\/\/shop.bantam.ch\/de\/wp-json\/wp\/v2\/product_cat?post=119381"},{"taxonomy":"product_tag","embeddable":true,"href":"https:\/\/shop.bantam.ch\/de\/wp-json\/wp\/v2\/product_tag?post=119381"}],"curies":[{"name":"wp","href":"https:\/\/api.w.org\/{rel}","templated":true}]}}