{"id":119131,"date":"2023-02-28T23:02:10","date_gmt":"2023-02-28T22:02:10","guid":{"rendered":"https:\/\/shop.bantam.ch\/produit\/vernetzungsmodul-inet-x-panel\/"},"modified":"2026-05-02T21:46:25","modified_gmt":"2026-05-02T19:46:25","slug":"vernetzungsmodul-inet-x-panel","status":"publish","type":"product","link":"https:\/\/shop.bantam.ch\/de\/produkt\/vernetzungsmodul-inet-x-panel\/","title":{"rendered":"Vernetzungsmodul truma iNet X Panel"},"content":{"rendered":"<p>Unser zentrales Bediensystem zum Nachr\u00fcsten.<\/p>\n<p>Das Truma iNet X Panel ist gemeinsam mit der dazugeh\u00f6rigen App unser zentrales Bediensystem zum Nachr\u00fcsten. Als Bestandteil des Truma iNet X Systems profitiert es von der Technologie der neuen Systeml\u00f6sung, ist updatef\u00e4hig und nachtr\u00e4glich erweiterbar. Aktuell ist ein Basisumfang erh\u00e4ltlich, der stetig ausgebaut wird. Einmal gekauft, bist du immer auf dem neusten Stand.<\/p>\n<p>Eine Nachr\u00fcstung vom CP Plus auf das Truma iNet X Panel ist m\u00f6glich und lohnt sich: Die Updatef\u00e4higkeit und stetigen Weiterentwicklungen sind ein gro\u00dfer Schritt nach vorne und machen das Panel zukunftssicher. Auch die Steuerung wird dank dem farbigen Touchscreen einfacher und sehr intuitiv.<\/p>\n<p>Aktueller Basisumfang*:<\/p>\n<ul>\n<li>Bedienung von Truma Ger\u00e4ten: Combi (D; E), Saphir und Aventa Klimaanlagen<\/li>\n<li>Bedienung Fremdklimaanlagen: Dometic Freshjet<\/li>\n<li>Klimaautomatik<\/li>\n<li>Anbindung Truma LevelControl m\u00f6glich (Anzeige Gasf\u00fcllstand)**<\/li>\n<li>Anzeige Au\u00dfen- &amp; Innentemperatursensor<\/li>\n<li>Exakte Fehlerbenennung mit Hinweisen zur Behebung<\/li>\n<li>Steuerung via App m\u00f6glich<\/li>\n<\/ul>\n<p>Zuk\u00fcnftige Erweiterungen mit neuen Produkten, Diensten und Services k\u00f6nnen problemlos erg\u00e4nzt werden.<\/p>\n<p>Ab folgender Artikelnummer und Baujahr kann das iNet X Panel nachger\u00fcstet werden:<\/p>\n<ul>\n<li>Combi 6 E CBX06EU-D-29065067 ab 03\/2018<\/li>\n<li>Combi 6 CBG06EU-D-29117134 ab 03\/2018<\/li>\n<li>Combi 4 E CBX04EU-D-29145392 ab 03\/2018<\/li>\n<li>Combi 4 CBG04EU-D-29066148 ab 03\/2018<\/li>\n<\/ul>\n<p>*kann je nach Fahrzeugausstattung variieren.<\/p>\n<p>**Coming Soon<\/p>\n","protected":false},"excerpt":{"rendered":"<p>Unser zentrales Bediensystem zum Nachr\u00fcsten. Das Truma iNet X Panel ist gemeinsam mit der dazugeh\u00f6rigen App unser zentrales Bediensystem zum Nachr\u00fcsten. Als Bestandteil des Truma iNet X Systems profitiert es von der Technologie der neuen Systeml\u00f6sung, ist updatef\u00e4hig und nachtr\u00e4glich erweiterbar. Aktuell ist ein Basisumfang erh\u00e4ltlich, der stetig ausgebaut wird. Einmal gekauft, bist du immer [&hellip;]<\/p>\n","protected":false},"featured_media":119125,"template":"","meta":{"_acf_changed":false},"product_featured_cat":[],"product_brand":[3027],"product_cat":[4662],"product_tag":[],"class_list":{"0":"post-119131","1":"product","2":"type-product","3":"status-publish","4":"has-post-thumbnail","6":"product_brand-truma-de","7":"product_cat-smart-home","9":"first","10":"instock","11":"taxable","12":"shipping-taxable","13":"purchasable","14":"product-type-simple"},"acf":[],"yoast_head":"<!-- This site is optimized with the Yoast SEO plugin v27.5 - https:\/\/yoast.com\/product\/yoast-seo-wordpress\/ -->\n<title>Vernetzungsmodul truma iNet X Panel - Bantam<\/title>\n<meta name=\"robots\" content=\"index, follow, max-snippet:-1, max-image-preview:large, max-video-preview:-1\" \/>\n<link rel=\"canonical\" href=\"https:\/\/shop.bantam.ch\/de\/produkt\/vernetzungsmodul-inet-x-panel\/\" \/>\n<meta property=\"og:locale\" content=\"de_DE\" \/>\n<meta property=\"og:type\" content=\"article\" \/>\n<meta property=\"og:title\" content=\"Vernetzungsmodul truma iNet X Panel - Bantam\" \/>\n<meta property=\"og:description\" content=\"Unser zentrales Bediensystem zum Nachr\u00fcsten. Das Truma iNet X Panel ist gemeinsam mit der dazugeh\u00f6rigen App unser zentrales Bediensystem zum Nachr\u00fcsten. Als Bestandteil des Truma iNet X Systems profitiert es von der Technologie der neuen Systeml\u00f6sung, ist updatef\u00e4hig und nachtr\u00e4glich erweiterbar. Aktuell ist ein Basisumfang erh\u00e4ltlich, der stetig ausgebaut wird. Einmal gekauft, bist du immer [&hellip;]\" \/>\n<meta property=\"og:url\" content=\"https:\/\/shop.bantam.ch\/de\/produkt\/vernetzungsmodul-inet-x-panel\/\" \/>\n<meta property=\"og:site_name\" content=\"Bantam\" \/>\n<meta property=\"article:modified_time\" content=\"2026-05-02T19:46:25+00:00\" \/>\n<meta property=\"og:image\" content=\"https:\/\/shop.bantam.ch\/wp-content\/uploads\/2023\/02\/994455111.jpg\" \/>\n\t<meta property=\"og:image:width\" content=\"1000\" \/>\n\t<meta property=\"og:image:height\" content=\"846\" \/>\n\t<meta property=\"og:image:type\" content=\"image\/jpeg\" \/>\n<meta name=\"twitter:card\" content=\"summary_large_image\" \/>\n<meta name=\"twitter:label1\" content=\"Gesch\u00e4tzte Lesezeit\" \/>\n\t<meta name=\"twitter:data1\" content=\"1\u00a0Minute\" \/>\n<script type=\"application\/ld+json\" class=\"yoast-schema-graph\">{\"@context\":\"https:\\\/\\\/schema.org\",\"@graph\":[{\"@type\":\"WebPage\",\"@id\":\"https:\\\/\\\/shop.bantam.ch\\\/de\\\/produkt\\\/vernetzungsmodul-inet-x-panel\\\/\",\"url\":\"https:\\\/\\\/shop.bantam.ch\\\/de\\\/produkt\\\/vernetzungsmodul-inet-x-panel\\\/\",\"name\":\"Vernetzungsmodul truma iNet X Panel - Bantam\",\"isPartOf\":{\"@id\":\"https:\\\/\\\/shop.bantam.ch\\\/de\\\/#website\"},\"primaryImageOfPage\":{\"@id\":\"https:\\\/\\\/shop.bantam.ch\\\/de\\\/produkt\\\/vernetzungsmodul-inet-x-panel\\\/#primaryimage\"},\"image\":{\"@id\":\"https:\\\/\\\/shop.bantam.ch\\\/de\\\/produkt\\\/vernetzungsmodul-inet-x-panel\\\/#primaryimage\"},\"thumbnailUrl\":\"https:\\\/\\\/shop.bantam.ch\\\/wp-content\\\/uploads\\\/2023\\\/02\\\/994455111.jpg\",\"datePublished\":\"2023-02-28T22:02:10+00:00\",\"dateModified\":\"2026-05-02T19:46:25+00:00\",\"breadcrumb\":{\"@id\":\"https:\\\/\\\/shop.bantam.ch\\\/de\\\/produkt\\\/vernetzungsmodul-inet-x-panel\\\/#breadcrumb\"},\"inLanguage\":\"de\",\"potentialAction\":[{\"@type\":\"ReadAction\",\"target\":[\"https:\\\/\\\/shop.bantam.ch\\\/de\\\/produkt\\\/vernetzungsmodul-inet-x-panel\\\/\"]}]},{\"@type\":\"ImageObject\",\"inLanguage\":\"de\",\"@id\":\"https:\\\/\\\/shop.bantam.ch\\\/de\\\/produkt\\\/vernetzungsmodul-inet-x-panel\\\/#primaryimage\",\"url\":\"https:\\\/\\\/shop.bantam.ch\\\/wp-content\\\/uploads\\\/2023\\\/02\\\/994455111.jpg\",\"contentUrl\":\"https:\\\/\\\/shop.bantam.ch\\\/wp-content\\\/uploads\\\/2023\\\/02\\\/994455111.jpg\",\"width\":1000,\"height\":846},{\"@type\":\"BreadcrumbList\",\"@id\":\"https:\\\/\\\/shop.bantam.ch\\\/de\\\/produkt\\\/vernetzungsmodul-inet-x-panel\\\/#breadcrumb\",\"itemListElement\":[{\"@type\":\"ListItem\",\"position\":1,\"name\":\"Accueil\",\"item\":\"https:\\\/\\\/shop.bantam.ch\\\/de\\\/\"},{\"@type\":\"ListItem\",\"position\":2,\"name\":\"Shop\",\"item\":\"https:\\\/\\\/shop.bantam.ch\\\/de\\\/shop\\\/\"},{\"@type\":\"ListItem\",\"position\":3,\"name\":\"Vernetzungsmodul truma iNet X Panel\"}]},{\"@type\":\"WebSite\",\"@id\":\"https:\\\/\\\/shop.bantam.ch\\\/de\\\/#website\",\"url\":\"https:\\\/\\\/shop.bantam.ch\\\/de\\\/\",\"name\":\"Bantam\",\"description\":\"\",\"publisher\":{\"@id\":\"https:\\\/\\\/shop.bantam.ch\\\/de\\\/#organization\"},\"inLanguage\":\"de\"},{\"@type\":\"Organization\",\"@id\":\"https:\\\/\\\/shop.bantam.ch\\\/de\\\/#organization\",\"name\":\"Bantam\",\"url\":\"https:\\\/\\\/shop.bantam.ch\\\/de\\\/\",\"logo\":{\"@type\":\"ImageObject\",\"inLanguage\":\"de\",\"@id\":\"https:\\\/\\\/shop.bantam.ch\\\/de\\\/#\\\/schema\\\/logo\\\/image\\\/\",\"url\":\"https:\\\/\\\/shop.bantam.ch\\\/wp-content\\\/uploads\\\/2022\\\/12\\\/bantam-logo.png\",\"contentUrl\":\"https:\\\/\\\/shop.bantam.ch\\\/wp-content\\\/uploads\\\/2022\\\/12\\\/bantam-logo.png\",\"width\":320,\"height\":71,\"caption\":\"Bantam\"},\"image\":{\"@id\":\"https:\\\/\\\/shop.bantam.ch\\\/de\\\/#\\\/schema\\\/logo\\\/image\\\/\"}}]}<\/script>\n<!-- \/ Yoast SEO plugin. -->","yoast_head_json":{"title":"Vernetzungsmodul truma iNet X Panel - Bantam","robots":{"index":"index","follow":"follow","max-snippet":"max-snippet:-1","max-image-preview":"max-image-preview:large","max-video-preview":"max-video-preview:-1"},"canonical":"https:\/\/shop.bantam.ch\/de\/produkt\/vernetzungsmodul-inet-x-panel\/","og_locale":"de_DE","og_type":"article","og_title":"Vernetzungsmodul truma iNet X Panel - Bantam","og_description":"Unser zentrales Bediensystem zum Nachr\u00fcsten. Das Truma iNet X Panel ist gemeinsam mit der dazugeh\u00f6rigen App unser zentrales Bediensystem zum Nachr\u00fcsten. Als Bestandteil des Truma iNet X Systems profitiert es von der Technologie der neuen Systeml\u00f6sung, ist updatef\u00e4hig und nachtr\u00e4glich erweiterbar. Aktuell ist ein Basisumfang erh\u00e4ltlich, der stetig ausgebaut wird. Einmal gekauft, bist du immer [&hellip;]","og_url":"https:\/\/shop.bantam.ch\/de\/produkt\/vernetzungsmodul-inet-x-panel\/","og_site_name":"Bantam","article_modified_time":"2026-05-02T19:46:25+00:00","og_image":[{"width":1000,"height":846,"url":"https:\/\/shop.bantam.ch\/wp-content\/uploads\/2023\/02\/994455111.jpg","type":"image\/jpeg"}],"twitter_card":"summary_large_image","twitter_misc":{"Gesch\u00e4tzte Lesezeit":"1\u00a0Minute"},"schema":{"@context":"https:\/\/schema.org","@graph":[{"@type":"WebPage","@id":"https:\/\/shop.bantam.ch\/de\/produkt\/vernetzungsmodul-inet-x-panel\/","url":"https:\/\/shop.bantam.ch\/de\/produkt\/vernetzungsmodul-inet-x-panel\/","name":"Vernetzungsmodul truma iNet X Panel - Bantam","isPartOf":{"@id":"https:\/\/shop.bantam.ch\/de\/#website"},"primaryImageOfPage":{"@id":"https:\/\/shop.bantam.ch\/de\/produkt\/vernetzungsmodul-inet-x-panel\/#primaryimage"},"image":{"@id":"https:\/\/shop.bantam.ch\/de\/produkt\/vernetzungsmodul-inet-x-panel\/#primaryimage"},"thumbnailUrl":"https:\/\/shop.bantam.ch\/wp-content\/uploads\/2023\/02\/994455111.jpg","datePublished":"2023-02-28T22:02:10+00:00","dateModified":"2026-05-02T19:46:25+00:00","breadcrumb":{"@id":"https:\/\/shop.bantam.ch\/de\/produkt\/vernetzungsmodul-inet-x-panel\/#breadcrumb"},"inLanguage":"de","potentialAction":[{"@type":"ReadAction","target":["https:\/\/shop.bantam.ch\/de\/produkt\/vernetzungsmodul-inet-x-panel\/"]}]},{"@type":"ImageObject","inLanguage":"de","@id":"https:\/\/shop.bantam.ch\/de\/produkt\/vernetzungsmodul-inet-x-panel\/#primaryimage","url":"https:\/\/shop.bantam.ch\/wp-content\/uploads\/2023\/02\/994455111.jpg","contentUrl":"https:\/\/shop.bantam.ch\/wp-content\/uploads\/2023\/02\/994455111.jpg","width":1000,"height":846},{"@type":"BreadcrumbList","@id":"https:\/\/shop.bantam.ch\/de\/produkt\/vernetzungsmodul-inet-x-panel\/#breadcrumb","itemListElement":[{"@type":"ListItem","position":1,"name":"Accueil","item":"https:\/\/shop.bantam.ch\/de\/"},{"@type":"ListItem","position":2,"name":"Shop","item":"https:\/\/shop.bantam.ch\/de\/shop\/"},{"@type":"ListItem","position":3,"name":"Vernetzungsmodul truma iNet X Panel"}]},{"@type":"WebSite","@id":"https:\/\/shop.bantam.ch\/de\/#website","url":"https:\/\/shop.bantam.ch\/de\/","name":"Bantam","description":"","publisher":{"@id":"https:\/\/shop.bantam.ch\/de\/#organization"},"inLanguage":"de"},{"@type":"Organization","@id":"https:\/\/shop.bantam.ch\/de\/#organization","name":"Bantam","url":"https:\/\/shop.bantam.ch\/de\/","logo":{"@type":"ImageObject","inLanguage":"de","@id":"https:\/\/shop.bantam.ch\/de\/#\/schema\/logo\/image\/","url":"https:\/\/shop.bantam.ch\/wp-content\/uploads\/2022\/12\/bantam-logo.png","contentUrl":"https:\/\/shop.bantam.ch\/wp-content\/uploads\/2022\/12\/bantam-logo.png","width":320,"height":71,"caption":"Bantam"},"image":{"@id":"https:\/\/shop.bantam.ch\/de\/#\/schema\/logo\/image\/"}}]}},"_links":{"self":[{"href":"https:\/\/shop.bantam.ch\/de\/wp-json\/wp\/v2\/product\/119131","targetHints":{"allow":["GET"]}}],"collection":[{"href":"https:\/\/shop.bantam.ch\/de\/wp-json\/wp\/v2\/product"}],"about":[{"href":"https:\/\/shop.bantam.ch\/de\/wp-json\/wp\/v2\/types\/product"}],"wp:featuredmedia":[{"embeddable":true,"href":"https:\/\/shop.bantam.ch\/de\/wp-json\/wp\/v2\/media\/119125"}],"wp:attachment":[{"href":"https:\/\/shop.bantam.ch\/de\/wp-json\/wp\/v2\/media?parent=119131"}],"wp:term":[{"taxonomy":"product_featured_cat","embeddable":true,"href":"https:\/\/shop.bantam.ch\/de\/wp-json\/wp\/v2\/product_featured_cat?post=119131"},{"taxonomy":"product_brand","embeddable":true,"href":"https:\/\/shop.bantam.ch\/de\/wp-json\/wp\/v2\/product_brand?post=119131"},{"taxonomy":"product_cat","embeddable":true,"href":"https:\/\/shop.bantam.ch\/de\/wp-json\/wp\/v2\/product_cat?post=119131"},{"taxonomy":"product_tag","embeddable":true,"href":"https:\/\/shop.bantam.ch\/de\/wp-json\/wp\/v2\/product_tag?post=119131"}],"curies":[{"name":"wp","href":"https:\/\/api.w.org\/{rel}","templated":true}]}}