{"id":118947,"date":"2023-02-28T22:57:23","date_gmt":"2023-02-28T21:57:23","guid":{"rendered":"https:\/\/shop.bantam.ch\/produit\/panzerband-power-tape-50-mm\/"},"modified":"2026-04-18T23:32:24","modified_gmt":"2026-04-18T21:32:24","slug":"panzerband-power-tape-50-mm","status":"publish","type":"product","link":"https:\/\/shop.bantam.ch\/de\/produkt\/panzerband-power-tape-50-mm\/","title":{"rendered":"Panzerband Power Tape 50 mm"},"content":{"rendered":"<p>Der hochwertige Allrounder f\u00fcr viele Anwendungen. Zum befestigen, verst\u00e4rken, abdichten, isolieren, verpacken, Reparatur von Leitungen, Rohren, Schl\u00e4uchen u.v.m.<\/p>\n<p>Hochwertiges Klebeband, stark gewebt und speziell beschichtet.<\/p>\n<ul>\n<li>Sehr hohe Klebekraft<\/li>\n<li>Extrem belastbar<\/li>\n<li>L\u00e4sst sich in Webrichtung trennen<\/li>\n<li>F\u00fcr Innen- und Au\u00dfenanwendungen<\/li>\n<li>R\u00fcckstandsfrei zu entfernen<\/li>\n<li>Feuchtigkeitsbest\u00e4ndig<\/li>\n<\/ul>\n","protected":false},"excerpt":{"rendered":"<p>Der hochwertige Allrounder f\u00fcr viele Anwendungen. Zum befestigen, verst\u00e4rken, abdichten, isolieren, verpacken, Reparatur von Leitungen, Rohren, Schl\u00e4uchen u.v.m. Hochwertiges Klebeband, stark gewebt und speziell beschichtet. Sehr hohe Klebekraft Extrem belastbar L\u00e4sst sich in Webrichtung trennen F\u00fcr Innen- und Au\u00dfenanwendungen R\u00fcckstandsfrei zu entfernen Feuchtigkeitsbest\u00e4ndig<\/p>\n","protected":false},"featured_media":118933,"template":"","meta":{"_acf_changed":false},"product_featured_cat":[],"product_brand":[3595],"product_cat":[4744],"product_tag":[],"class_list":{"0":"post-118947","1":"product","2":"type-product","3":"status-publish","4":"has-post-thumbnail","6":"product_brand-petec-de","7":"product_cat-klebe-reparaturbaender","9":"first","10":"instock","11":"taxable","12":"shipping-taxable","13":"purchasable","14":"product-type-variable"},"acf":[],"yoast_head":"<!-- This site is optimized with the Yoast SEO plugin v27.4 - https:\/\/yoast.com\/product\/yoast-seo-wordpress\/ -->\n<title>Panzerband Power Tape 50 mm - Bantam Camping AG<\/title>\n<meta name=\"robots\" content=\"index, follow, max-snippet:-1, max-image-preview:large, max-video-preview:-1\" \/>\n<link rel=\"canonical\" href=\"https:\/\/shop.bantam.ch\/de\/produkt\/panzerband-power-tape-50-mm\/\" \/>\n<meta property=\"og:locale\" content=\"de_DE\" \/>\n<meta property=\"og:type\" content=\"article\" \/>\n<meta property=\"og:title\" content=\"Panzerband Power Tape 50 mm - Bantam Camping AG\" \/>\n<meta property=\"og:description\" content=\"Der hochwertige Allrounder f\u00fcr viele Anwendungen. Zum befestigen, verst\u00e4rken, abdichten, isolieren, verpacken, Reparatur von Leitungen, Rohren, Schl\u00e4uchen u.v.m. Hochwertiges Klebeband, stark gewebt und speziell beschichtet. Sehr hohe Klebekraft Extrem belastbar L\u00e4sst sich in Webrichtung trennen F\u00fcr Innen- und Au\u00dfenanwendungen R\u00fcckstandsfrei zu entfernen Feuchtigkeitsbest\u00e4ndig\" \/>\n<meta property=\"og:url\" content=\"https:\/\/shop.bantam.ch\/de\/produkt\/panzerband-power-tape-50-mm\/\" \/>\n<meta property=\"og:site_name\" content=\"Bantam Camping AG\" \/>\n<meta property=\"article:modified_time\" content=\"2026-04-18T21:32:24+00:00\" \/>\n<meta property=\"og:image\" content=\"https:\/\/shop.bantam.ch\/wp-content\/uploads\/2023\/02\/994452511.jpg\" \/>\n\t<meta property=\"og:image:width\" content=\"523\" \/>\n\t<meta property=\"og:image:height\" content=\"1000\" \/>\n\t<meta property=\"og:image:type\" content=\"image\/jpeg\" \/>\n<meta name=\"twitter:card\" content=\"summary_large_image\" \/>\n<script type=\"application\/ld+json\" class=\"yoast-schema-graph\">{\"@context\":\"https:\\\/\\\/schema.org\",\"@graph\":[{\"@type\":\"WebPage\",\"@id\":\"https:\\\/\\\/shop.bantam.ch\\\/de\\\/produkt\\\/panzerband-power-tape-50-mm\\\/\",\"url\":\"https:\\\/\\\/shop.bantam.ch\\\/de\\\/produkt\\\/panzerband-power-tape-50-mm\\\/\",\"name\":\"Panzerband Power Tape 50 mm - Bantam Camping AG\",\"isPartOf\":{\"@id\":\"https:\\\/\\\/shop.bantam.ch\\\/de\\\/#website\"},\"primaryImageOfPage\":{\"@id\":\"https:\\\/\\\/shop.bantam.ch\\\/de\\\/produkt\\\/panzerband-power-tape-50-mm\\\/#primaryimage\"},\"image\":{\"@id\":\"https:\\\/\\\/shop.bantam.ch\\\/de\\\/produkt\\\/panzerband-power-tape-50-mm\\\/#primaryimage\"},\"thumbnailUrl\":\"https:\\\/\\\/shop.bantam.ch\\\/wp-content\\\/uploads\\\/2023\\\/02\\\/994452511.jpg\",\"datePublished\":\"2023-02-28T21:57:23+00:00\",\"dateModified\":\"2026-04-18T21:32:24+00:00\",\"breadcrumb\":{\"@id\":\"https:\\\/\\\/shop.bantam.ch\\\/de\\\/produkt\\\/panzerband-power-tape-50-mm\\\/#breadcrumb\"},\"inLanguage\":\"de\",\"potentialAction\":[{\"@type\":\"ReadAction\",\"target\":[\"https:\\\/\\\/shop.bantam.ch\\\/de\\\/produkt\\\/panzerband-power-tape-50-mm\\\/\"]}]},{\"@type\":\"ImageObject\",\"inLanguage\":\"de\",\"@id\":\"https:\\\/\\\/shop.bantam.ch\\\/de\\\/produkt\\\/panzerband-power-tape-50-mm\\\/#primaryimage\",\"url\":\"https:\\\/\\\/shop.bantam.ch\\\/wp-content\\\/uploads\\\/2023\\\/02\\\/994452511.jpg\",\"contentUrl\":\"https:\\\/\\\/shop.bantam.ch\\\/wp-content\\\/uploads\\\/2023\\\/02\\\/994452511.jpg\",\"width\":523,\"height\":1000},{\"@type\":\"BreadcrumbList\",\"@id\":\"https:\\\/\\\/shop.bantam.ch\\\/de\\\/produkt\\\/panzerband-power-tape-50-mm\\\/#breadcrumb\",\"itemListElement\":[{\"@type\":\"ListItem\",\"position\":1,\"name\":\"Accueil\",\"item\":\"https:\\\/\\\/shop.bantam.ch\\\/de\\\/\"},{\"@type\":\"ListItem\",\"position\":2,\"name\":\"Shop\",\"item\":\"https:\\\/\\\/shop.bantam.ch\\\/de\\\/shop\\\/\"},{\"@type\":\"ListItem\",\"position\":3,\"name\":\"Panzerband Power Tape 50 mm\"}]},{\"@type\":\"WebSite\",\"@id\":\"https:\\\/\\\/shop.bantam.ch\\\/de\\\/#website\",\"url\":\"https:\\\/\\\/shop.bantam.ch\\\/de\\\/\",\"name\":\"Bantam Camping AG\",\"description\":\"\",\"publisher\":{\"@id\":\"https:\\\/\\\/shop.bantam.ch\\\/de\\\/#organization\"},\"inLanguage\":\"de\"},{\"@type\":\"Organization\",\"@id\":\"https:\\\/\\\/shop.bantam.ch\\\/de\\\/#organization\",\"name\":\"Bantam Camping AG\",\"url\":\"https:\\\/\\\/shop.bantam.ch\\\/de\\\/\",\"logo\":{\"@type\":\"ImageObject\",\"inLanguage\":\"de\",\"@id\":\"https:\\\/\\\/shop.bantam.ch\\\/de\\\/#\\\/schema\\\/logo\\\/image\\\/\",\"url\":\"https:\\\/\\\/shop.bantam.ch\\\/wp-content\\\/uploads\\\/2022\\\/12\\\/bantam-logo.png\",\"contentUrl\":\"https:\\\/\\\/shop.bantam.ch\\\/wp-content\\\/uploads\\\/2022\\\/12\\\/bantam-logo.png\",\"width\":320,\"height\":71,\"caption\":\"Bantam Camping AG\"},\"image\":{\"@id\":\"https:\\\/\\\/shop.bantam.ch\\\/de\\\/#\\\/schema\\\/logo\\\/image\\\/\"}}]}<\/script>\n<!-- \/ Yoast SEO plugin. -->","yoast_head_json":{"title":"Panzerband Power Tape 50 mm - Bantam Camping AG","robots":{"index":"index","follow":"follow","max-snippet":"max-snippet:-1","max-image-preview":"max-image-preview:large","max-video-preview":"max-video-preview:-1"},"canonical":"https:\/\/shop.bantam.ch\/de\/produkt\/panzerband-power-tape-50-mm\/","og_locale":"de_DE","og_type":"article","og_title":"Panzerband Power Tape 50 mm - Bantam Camping AG","og_description":"Der hochwertige Allrounder f\u00fcr viele Anwendungen. Zum befestigen, verst\u00e4rken, abdichten, isolieren, verpacken, Reparatur von Leitungen, Rohren, Schl\u00e4uchen u.v.m. Hochwertiges Klebeband, stark gewebt und speziell beschichtet. Sehr hohe Klebekraft Extrem belastbar L\u00e4sst sich in Webrichtung trennen F\u00fcr Innen- und Au\u00dfenanwendungen R\u00fcckstandsfrei zu entfernen Feuchtigkeitsbest\u00e4ndig","og_url":"https:\/\/shop.bantam.ch\/de\/produkt\/panzerband-power-tape-50-mm\/","og_site_name":"Bantam Camping AG","article_modified_time":"2026-04-18T21:32:24+00:00","og_image":[{"width":523,"height":1000,"url":"https:\/\/shop.bantam.ch\/wp-content\/uploads\/2023\/02\/994452511.jpg","type":"image\/jpeg"}],"twitter_card":"summary_large_image","schema":{"@context":"https:\/\/schema.org","@graph":[{"@type":"WebPage","@id":"https:\/\/shop.bantam.ch\/de\/produkt\/panzerband-power-tape-50-mm\/","url":"https:\/\/shop.bantam.ch\/de\/produkt\/panzerband-power-tape-50-mm\/","name":"Panzerband Power Tape 50 mm - Bantam Camping AG","isPartOf":{"@id":"https:\/\/shop.bantam.ch\/de\/#website"},"primaryImageOfPage":{"@id":"https:\/\/shop.bantam.ch\/de\/produkt\/panzerband-power-tape-50-mm\/#primaryimage"},"image":{"@id":"https:\/\/shop.bantam.ch\/de\/produkt\/panzerband-power-tape-50-mm\/#primaryimage"},"thumbnailUrl":"https:\/\/shop.bantam.ch\/wp-content\/uploads\/2023\/02\/994452511.jpg","datePublished":"2023-02-28T21:57:23+00:00","dateModified":"2026-04-18T21:32:24+00:00","breadcrumb":{"@id":"https:\/\/shop.bantam.ch\/de\/produkt\/panzerband-power-tape-50-mm\/#breadcrumb"},"inLanguage":"de","potentialAction":[{"@type":"ReadAction","target":["https:\/\/shop.bantam.ch\/de\/produkt\/panzerband-power-tape-50-mm\/"]}]},{"@type":"ImageObject","inLanguage":"de","@id":"https:\/\/shop.bantam.ch\/de\/produkt\/panzerband-power-tape-50-mm\/#primaryimage","url":"https:\/\/shop.bantam.ch\/wp-content\/uploads\/2023\/02\/994452511.jpg","contentUrl":"https:\/\/shop.bantam.ch\/wp-content\/uploads\/2023\/02\/994452511.jpg","width":523,"height":1000},{"@type":"BreadcrumbList","@id":"https:\/\/shop.bantam.ch\/de\/produkt\/panzerband-power-tape-50-mm\/#breadcrumb","itemListElement":[{"@type":"ListItem","position":1,"name":"Accueil","item":"https:\/\/shop.bantam.ch\/de\/"},{"@type":"ListItem","position":2,"name":"Shop","item":"https:\/\/shop.bantam.ch\/de\/shop\/"},{"@type":"ListItem","position":3,"name":"Panzerband Power Tape 50 mm"}]},{"@type":"WebSite","@id":"https:\/\/shop.bantam.ch\/de\/#website","url":"https:\/\/shop.bantam.ch\/de\/","name":"Bantam Camping AG","description":"","publisher":{"@id":"https:\/\/shop.bantam.ch\/de\/#organization"},"inLanguage":"de"},{"@type":"Organization","@id":"https:\/\/shop.bantam.ch\/de\/#organization","name":"Bantam Camping AG","url":"https:\/\/shop.bantam.ch\/de\/","logo":{"@type":"ImageObject","inLanguage":"de","@id":"https:\/\/shop.bantam.ch\/de\/#\/schema\/logo\/image\/","url":"https:\/\/shop.bantam.ch\/wp-content\/uploads\/2022\/12\/bantam-logo.png","contentUrl":"https:\/\/shop.bantam.ch\/wp-content\/uploads\/2022\/12\/bantam-logo.png","width":320,"height":71,"caption":"Bantam Camping AG"},"image":{"@id":"https:\/\/shop.bantam.ch\/de\/#\/schema\/logo\/image\/"}}]}},"_links":{"self":[{"href":"https:\/\/shop.bantam.ch\/de\/wp-json\/wp\/v2\/product\/118947","targetHints":{"allow":["GET"]}}],"collection":[{"href":"https:\/\/shop.bantam.ch\/de\/wp-json\/wp\/v2\/product"}],"about":[{"href":"https:\/\/shop.bantam.ch\/de\/wp-json\/wp\/v2\/types\/product"}],"wp:featuredmedia":[{"embeddable":true,"href":"https:\/\/shop.bantam.ch\/de\/wp-json\/wp\/v2\/media\/118933"}],"wp:attachment":[{"href":"https:\/\/shop.bantam.ch\/de\/wp-json\/wp\/v2\/media?parent=118947"}],"wp:term":[{"taxonomy":"product_featured_cat","embeddable":true,"href":"https:\/\/shop.bantam.ch\/de\/wp-json\/wp\/v2\/product_featured_cat?post=118947"},{"taxonomy":"product_brand","embeddable":true,"href":"https:\/\/shop.bantam.ch\/de\/wp-json\/wp\/v2\/product_brand?post=118947"},{"taxonomy":"product_cat","embeddable":true,"href":"https:\/\/shop.bantam.ch\/de\/wp-json\/wp\/v2\/product_cat?post=118947"},{"taxonomy":"product_tag","embeddable":true,"href":"https:\/\/shop.bantam.ch\/de\/wp-json\/wp\/v2\/product_tag?post=118947"}],"curies":[{"name":"wp","href":"https:\/\/api.w.org\/{rel}","templated":true}]}}