{"id":118789,"date":"2023-02-28T22:54:39","date_gmt":"2023-02-28T21:54:39","guid":{"rendered":"https:\/\/shop.bantam.ch\/produit\/dachhaube-vent-f-pro\/"},"modified":"2026-04-18T21:48:17","modified_gmt":"2026-04-18T19:48:17","slug":"dachhaube-vent-f-pro","status":"publish","type":"product","link":"https:\/\/shop.bantam.ch\/de\/produkt\/dachhaube-vent-f-pro\/","title":{"rendered":"Dachhaube FIAMMA Vent F Pro Einbauma\u00df 40 x 40 cm"},"content":{"rendered":"<p>Wie ein Fenster im Dach wird eine schnelle und nat\u00fcrliche L\u00fcftung garantiert. Durch das Hinzuf\u00fcgen des optionalen Turbo Vent Kit ist es m\u00f6glich, die Dachhaube in einen motorisierten Ventilator umzur\u00fcsten, was Ihnen so eine wirksame Alternative zur Klimaanlage bietet.<\/p>\n<p>Technische Eigenschaften:<\/p>\n<ul>\n<li>Leichteres und schnelleres Anbringen, mit Rahmen und innerem Gegenrahmen<\/li>\n<li>Doppelte Arme zur gleichm\u00e4\u00dfigen \u00d6ffnung der Dachhaubenabdeckung<\/li>\n<li>Das \u00d6ffnen und Schliessen sind, dank der ergonomischen Kurbel, einfache und gleichlinige sowie ger\u00e4uschlose Vorg\u00e4nge<\/li>\n<li>Das Moskitonetz kann abgenommen werden und erm\u00f6glicht so eine leichte Instandhaltung und Reinigung<\/li>\n<li>Ausgestattet mit Sicherheitshaken, welche versehentlichem \u00d6ffnen der Abdeckung vorbeugen<\/li>\n<li>Die aerodynamische Form macht einen zus\u00e4tzlichen Spoiler nicht erforderlich<\/li>\n<li>Au\u00dfenma\u00df: 56,6 x 53,1 x 9,2 cm (L x B x H)<\/li>\n<li>Einbauma\u00df 40 x 40 cm (L x B)<\/li>\n<li>Innenma\u00df 49 x 48,6 x 3,5 cm (L x B x H)<\/li>\n<li>Dachst\u00e4rke 28 &#8211; 55 mm<\/li>\n<\/ul>\n<p>Die Vorteile:<\/p>\n<ul>\n<li>Neues Design, modern und aerodynamisch<\/li>\n<li>Sandwichmontage, maximale Zuverl\u00e4ssigkeit<\/li>\n<li>Abnehmbares Moskitonetz und plissierte Verdunkelung<\/li>\n<li>Doppelte \u00d6ffnungsgriffe zur maximalen Stabilit\u00e4t der Haube<\/li>\n<li>Qualitativ hochwertiges Material, ECE R43 Zertifikation<\/li>\n<li>Anzubringen an D\u00e4chern mit einer St\u00e4rke von 28 mm bis 55 mm<\/li>\n<li>L\u00fcftungskit mit optionalem 12 V Motor<\/li>\n<\/ul>\n","protected":false},"excerpt":{"rendered":"<p>Wie ein Fenster im Dach wird eine schnelle und nat\u00fcrliche L\u00fcftung garantiert. Durch das Hinzuf\u00fcgen des optionalen Turbo Vent Kit ist es m\u00f6glich, die Dachhaube in einen motorisierten Ventilator umzur\u00fcsten, was Ihnen so eine wirksame Alternative zur Klimaanlage bietet. Technische Eigenschaften: Leichteres und schnelleres Anbringen, mit Rahmen und innerem Gegenrahmen Doppelte Arme zur gleichm\u00e4\u00dfigen \u00d6ffnung [&hellip;]<\/p>\n","protected":false},"featured_media":118783,"template":"","meta":{"_acf_changed":false},"product_featured_cat":[],"product_brand":[3035],"product_cat":[5042],"product_tag":[],"class_list":{"0":"post-118789","1":"product","2":"type-product","3":"status-publish","4":"has-post-thumbnail","6":"product_brand-fiamma-de","7":"product_cat-ersatzhauben","9":"first","10":"instock","11":"taxable","12":"shipping-taxable","13":"purchasable","14":"product-type-simple"},"acf":[],"yoast_head":"<!-- This site is optimized with the Yoast SEO plugin v27.4 - https:\/\/yoast.com\/product\/yoast-seo-wordpress\/ -->\n<title>Dachhaube FIAMMA Vent F Pro Einbauma\u00df 40 x 40 cm - Bantam Camping AG<\/title>\n<meta name=\"robots\" content=\"index, follow, max-snippet:-1, max-image-preview:large, max-video-preview:-1\" \/>\n<link rel=\"canonical\" href=\"https:\/\/shop.bantam.ch\/de\/produkt\/dachhaube-vent-f-pro\/\" \/>\n<meta property=\"og:locale\" content=\"de_DE\" \/>\n<meta property=\"og:type\" content=\"article\" \/>\n<meta property=\"og:title\" content=\"Dachhaube FIAMMA Vent F Pro Einbauma\u00df 40 x 40 cm - Bantam Camping AG\" \/>\n<meta property=\"og:description\" content=\"Wie ein Fenster im Dach wird eine schnelle und nat\u00fcrliche L\u00fcftung garantiert. Durch das Hinzuf\u00fcgen des optionalen Turbo Vent Kit ist es m\u00f6glich, die Dachhaube in einen motorisierten Ventilator umzur\u00fcsten, was Ihnen so eine wirksame Alternative zur Klimaanlage bietet. Technische Eigenschaften: Leichteres und schnelleres Anbringen, mit Rahmen und innerem Gegenrahmen Doppelte Arme zur gleichm\u00e4\u00dfigen \u00d6ffnung [&hellip;]\" \/>\n<meta property=\"og:url\" content=\"https:\/\/shop.bantam.ch\/de\/produkt\/dachhaube-vent-f-pro\/\" \/>\n<meta property=\"og:site_name\" content=\"Bantam Camping AG\" \/>\n<meta property=\"article:modified_time\" content=\"2026-04-18T19:48:17+00:00\" \/>\n<meta property=\"og:image\" content=\"https:\/\/shop.bantam.ch\/wp-content\/uploads\/2023\/02\/994451612.jpg\" \/>\n\t<meta property=\"og:image:width\" content=\"1000\" \/>\n\t<meta property=\"og:image:height\" content=\"874\" \/>\n\t<meta property=\"og:image:type\" content=\"image\/jpeg\" \/>\n<meta name=\"twitter:card\" content=\"summary_large_image\" \/>\n<meta name=\"twitter:label1\" content=\"Gesch\u00e4tzte Lesezeit\" \/>\n\t<meta name=\"twitter:data1\" content=\"1\u00a0Minute\" \/>\n<script type=\"application\/ld+json\" class=\"yoast-schema-graph\">{\"@context\":\"https:\\\/\\\/schema.org\",\"@graph\":[{\"@type\":\"WebPage\",\"@id\":\"https:\\\/\\\/shop.bantam.ch\\\/de\\\/produkt\\\/dachhaube-vent-f-pro\\\/\",\"url\":\"https:\\\/\\\/shop.bantam.ch\\\/de\\\/produkt\\\/dachhaube-vent-f-pro\\\/\",\"name\":\"Dachhaube FIAMMA Vent F Pro Einbauma\u00df 40 x 40 cm - Bantam Camping AG\",\"isPartOf\":{\"@id\":\"https:\\\/\\\/shop.bantam.ch\\\/de\\\/#website\"},\"primaryImageOfPage\":{\"@id\":\"https:\\\/\\\/shop.bantam.ch\\\/de\\\/produkt\\\/dachhaube-vent-f-pro\\\/#primaryimage\"},\"image\":{\"@id\":\"https:\\\/\\\/shop.bantam.ch\\\/de\\\/produkt\\\/dachhaube-vent-f-pro\\\/#primaryimage\"},\"thumbnailUrl\":\"https:\\\/\\\/shop.bantam.ch\\\/wp-content\\\/uploads\\\/2023\\\/02\\\/994451612.jpg\",\"datePublished\":\"2023-02-28T21:54:39+00:00\",\"dateModified\":\"2026-04-18T19:48:17+00:00\",\"breadcrumb\":{\"@id\":\"https:\\\/\\\/shop.bantam.ch\\\/de\\\/produkt\\\/dachhaube-vent-f-pro\\\/#breadcrumb\"},\"inLanguage\":\"de\",\"potentialAction\":[{\"@type\":\"ReadAction\",\"target\":[\"https:\\\/\\\/shop.bantam.ch\\\/de\\\/produkt\\\/dachhaube-vent-f-pro\\\/\"]}]},{\"@type\":\"ImageObject\",\"inLanguage\":\"de\",\"@id\":\"https:\\\/\\\/shop.bantam.ch\\\/de\\\/produkt\\\/dachhaube-vent-f-pro\\\/#primaryimage\",\"url\":\"https:\\\/\\\/shop.bantam.ch\\\/wp-content\\\/uploads\\\/2023\\\/02\\\/994451612.jpg\",\"contentUrl\":\"https:\\\/\\\/shop.bantam.ch\\\/wp-content\\\/uploads\\\/2023\\\/02\\\/994451612.jpg\",\"width\":1000,\"height\":874},{\"@type\":\"BreadcrumbList\",\"@id\":\"https:\\\/\\\/shop.bantam.ch\\\/de\\\/produkt\\\/dachhaube-vent-f-pro\\\/#breadcrumb\",\"itemListElement\":[{\"@type\":\"ListItem\",\"position\":1,\"name\":\"Accueil\",\"item\":\"https:\\\/\\\/shop.bantam.ch\\\/de\\\/\"},{\"@type\":\"ListItem\",\"position\":2,\"name\":\"Shop\",\"item\":\"https:\\\/\\\/shop.bantam.ch\\\/de\\\/shop\\\/\"},{\"@type\":\"ListItem\",\"position\":3,\"name\":\"Dachhaube FIAMMA Vent F Pro Einbauma\u00df 40 x 40 cm\"}]},{\"@type\":\"WebSite\",\"@id\":\"https:\\\/\\\/shop.bantam.ch\\\/de\\\/#website\",\"url\":\"https:\\\/\\\/shop.bantam.ch\\\/de\\\/\",\"name\":\"Bantam Camping AG\",\"description\":\"\",\"publisher\":{\"@id\":\"https:\\\/\\\/shop.bantam.ch\\\/de\\\/#organization\"},\"inLanguage\":\"de\"},{\"@type\":\"Organization\",\"@id\":\"https:\\\/\\\/shop.bantam.ch\\\/de\\\/#organization\",\"name\":\"Bantam Camping AG\",\"url\":\"https:\\\/\\\/shop.bantam.ch\\\/de\\\/\",\"logo\":{\"@type\":\"ImageObject\",\"inLanguage\":\"de\",\"@id\":\"https:\\\/\\\/shop.bantam.ch\\\/de\\\/#\\\/schema\\\/logo\\\/image\\\/\",\"url\":\"https:\\\/\\\/shop.bantam.ch\\\/wp-content\\\/uploads\\\/2022\\\/12\\\/bantam-logo.png\",\"contentUrl\":\"https:\\\/\\\/shop.bantam.ch\\\/wp-content\\\/uploads\\\/2022\\\/12\\\/bantam-logo.png\",\"width\":320,\"height\":71,\"caption\":\"Bantam Camping AG\"},\"image\":{\"@id\":\"https:\\\/\\\/shop.bantam.ch\\\/de\\\/#\\\/schema\\\/logo\\\/image\\\/\"}}]}<\/script>\n<!-- \/ Yoast SEO plugin. -->","yoast_head_json":{"title":"Dachhaube FIAMMA Vent F Pro Einbauma\u00df 40 x 40 cm - Bantam Camping AG","robots":{"index":"index","follow":"follow","max-snippet":"max-snippet:-1","max-image-preview":"max-image-preview:large","max-video-preview":"max-video-preview:-1"},"canonical":"https:\/\/shop.bantam.ch\/de\/produkt\/dachhaube-vent-f-pro\/","og_locale":"de_DE","og_type":"article","og_title":"Dachhaube FIAMMA Vent F Pro Einbauma\u00df 40 x 40 cm - Bantam Camping AG","og_description":"Wie ein Fenster im Dach wird eine schnelle und nat\u00fcrliche L\u00fcftung garantiert. Durch das Hinzuf\u00fcgen des optionalen Turbo Vent Kit ist es m\u00f6glich, die Dachhaube in einen motorisierten Ventilator umzur\u00fcsten, was Ihnen so eine wirksame Alternative zur Klimaanlage bietet. Technische Eigenschaften: Leichteres und schnelleres Anbringen, mit Rahmen und innerem Gegenrahmen Doppelte Arme zur gleichm\u00e4\u00dfigen \u00d6ffnung [&hellip;]","og_url":"https:\/\/shop.bantam.ch\/de\/produkt\/dachhaube-vent-f-pro\/","og_site_name":"Bantam Camping AG","article_modified_time":"2026-04-18T19:48:17+00:00","og_image":[{"width":1000,"height":874,"url":"https:\/\/shop.bantam.ch\/wp-content\/uploads\/2023\/02\/994451612.jpg","type":"image\/jpeg"}],"twitter_card":"summary_large_image","twitter_misc":{"Gesch\u00e4tzte Lesezeit":"1\u00a0Minute"},"schema":{"@context":"https:\/\/schema.org","@graph":[{"@type":"WebPage","@id":"https:\/\/shop.bantam.ch\/de\/produkt\/dachhaube-vent-f-pro\/","url":"https:\/\/shop.bantam.ch\/de\/produkt\/dachhaube-vent-f-pro\/","name":"Dachhaube FIAMMA Vent F Pro Einbauma\u00df 40 x 40 cm - Bantam Camping AG","isPartOf":{"@id":"https:\/\/shop.bantam.ch\/de\/#website"},"primaryImageOfPage":{"@id":"https:\/\/shop.bantam.ch\/de\/produkt\/dachhaube-vent-f-pro\/#primaryimage"},"image":{"@id":"https:\/\/shop.bantam.ch\/de\/produkt\/dachhaube-vent-f-pro\/#primaryimage"},"thumbnailUrl":"https:\/\/shop.bantam.ch\/wp-content\/uploads\/2023\/02\/994451612.jpg","datePublished":"2023-02-28T21:54:39+00:00","dateModified":"2026-04-18T19:48:17+00:00","breadcrumb":{"@id":"https:\/\/shop.bantam.ch\/de\/produkt\/dachhaube-vent-f-pro\/#breadcrumb"},"inLanguage":"de","potentialAction":[{"@type":"ReadAction","target":["https:\/\/shop.bantam.ch\/de\/produkt\/dachhaube-vent-f-pro\/"]}]},{"@type":"ImageObject","inLanguage":"de","@id":"https:\/\/shop.bantam.ch\/de\/produkt\/dachhaube-vent-f-pro\/#primaryimage","url":"https:\/\/shop.bantam.ch\/wp-content\/uploads\/2023\/02\/994451612.jpg","contentUrl":"https:\/\/shop.bantam.ch\/wp-content\/uploads\/2023\/02\/994451612.jpg","width":1000,"height":874},{"@type":"BreadcrumbList","@id":"https:\/\/shop.bantam.ch\/de\/produkt\/dachhaube-vent-f-pro\/#breadcrumb","itemListElement":[{"@type":"ListItem","position":1,"name":"Accueil","item":"https:\/\/shop.bantam.ch\/de\/"},{"@type":"ListItem","position":2,"name":"Shop","item":"https:\/\/shop.bantam.ch\/de\/shop\/"},{"@type":"ListItem","position":3,"name":"Dachhaube FIAMMA Vent F Pro Einbauma\u00df 40 x 40 cm"}]},{"@type":"WebSite","@id":"https:\/\/shop.bantam.ch\/de\/#website","url":"https:\/\/shop.bantam.ch\/de\/","name":"Bantam Camping AG","description":"","publisher":{"@id":"https:\/\/shop.bantam.ch\/de\/#organization"},"inLanguage":"de"},{"@type":"Organization","@id":"https:\/\/shop.bantam.ch\/de\/#organization","name":"Bantam Camping AG","url":"https:\/\/shop.bantam.ch\/de\/","logo":{"@type":"ImageObject","inLanguage":"de","@id":"https:\/\/shop.bantam.ch\/de\/#\/schema\/logo\/image\/","url":"https:\/\/shop.bantam.ch\/wp-content\/uploads\/2022\/12\/bantam-logo.png","contentUrl":"https:\/\/shop.bantam.ch\/wp-content\/uploads\/2022\/12\/bantam-logo.png","width":320,"height":71,"caption":"Bantam Camping AG"},"image":{"@id":"https:\/\/shop.bantam.ch\/de\/#\/schema\/logo\/image\/"}}]}},"_links":{"self":[{"href":"https:\/\/shop.bantam.ch\/de\/wp-json\/wp\/v2\/product\/118789","targetHints":{"allow":["GET"]}}],"collection":[{"href":"https:\/\/shop.bantam.ch\/de\/wp-json\/wp\/v2\/product"}],"about":[{"href":"https:\/\/shop.bantam.ch\/de\/wp-json\/wp\/v2\/types\/product"}],"wp:featuredmedia":[{"embeddable":true,"href":"https:\/\/shop.bantam.ch\/de\/wp-json\/wp\/v2\/media\/118783"}],"wp:attachment":[{"href":"https:\/\/shop.bantam.ch\/de\/wp-json\/wp\/v2\/media?parent=118789"}],"wp:term":[{"taxonomy":"product_featured_cat","embeddable":true,"href":"https:\/\/shop.bantam.ch\/de\/wp-json\/wp\/v2\/product_featured_cat?post=118789"},{"taxonomy":"product_brand","embeddable":true,"href":"https:\/\/shop.bantam.ch\/de\/wp-json\/wp\/v2\/product_brand?post=118789"},{"taxonomy":"product_cat","embeddable":true,"href":"https:\/\/shop.bantam.ch\/de\/wp-json\/wp\/v2\/product_cat?post=118789"},{"taxonomy":"product_tag","embeddable":true,"href":"https:\/\/shop.bantam.ch\/de\/wp-json\/wp\/v2\/product_tag?post=118789"}],"curies":[{"name":"wp","href":"https:\/\/api.w.org\/{rel}","templated":true}]}}