{"id":118389,"date":"2023-02-28T22:47:08","date_gmt":"2023-02-28T21:47:08","guid":{"rendered":"https:\/\/shop.bantam.ch\/produit\/noppenplatte-on-top-lichtgrau-zum-auslegen-fuer-schubladen-und-schraenke\/"},"modified":"2026-04-18T21:47:59","modified_gmt":"2026-04-18T19:47:59","slug":"noppenplatte-on-top-lichtgrau-zum-auslegen-fuer-schubladen-und-schraenke","status":"publish","type":"product","link":"https:\/\/shop.bantam.ch\/de\/produkt\/noppenplatte-on-top-lichtgrau-zum-auslegen-fuer-schubladen-und-schraenke\/","title":{"rendered":"Noppenplatte purvario ON-TOP Fb. lichtgrau Zum Auslegen f\u00fcr Schubladen und Schr\u00e4nke"},"content":{"rendered":"<p>Die Noppenplatte ist perforiert und und somit variabel in der Gr\u00f6\u00dfe k\u00fcrzbar. Bei Bedarf einfach an der Perforation zuschneiden und abklipsen. F\u00fcr einen sicheren Halt sorgt das robuste und formstabile Material der Grundplatte sowie der Noppen und kann als Basisplatte f\u00fcr z.B. die Stauleisten 30\/60\/100 genutzt werden. Die Abstandshalter ON-TOP als Erweiterung komplettieren die Noppenplatte um unterschiedliche H\u00f6hen in vers. Verstaupl\u00e4tzen perfekt ausnutzen zu k\u00f6nnen. Handhabung &#8211; einfach aufstecken. Die Noppenplatte ON-TOP ist ebenso die Basis \/ Unterbau f\u00fcr den STAUTOWER oder die STAUBOX. Durch die stapelbaren Boxen in Kombi mit den Abstandshalter ON-TOP kann ein wunderbar stabiler und vielseitig kombinierbarer Schrank gebaut werden. Unser neues Dreamteam: die Noppenplatte ON-TOP und die Stauleisten f\u00fcr Schubladen 60. Einfach auf die Noppenplatte aufstecken, um verschiedene Gl\u00e4ser, Flaschen, Haushaltsartikel, Campingzubeh\u00f6r bruch- und kippsicher zu verstauen. Die Noppenplatte ist passgenau auf die Stauleisten konzipiert und bietet in ihrer Eigenschaft f\u00fcr fast jede Fachgr\u00f6\u00dfe eine platzsparende L\u00f6sung. Komfortabel und flexibel einsetzbar.<br \/>Das Highlight der Produkte ist die Flexibilit\u00e4t durch ihre Gr\u00f6\u00dfenanpassung, sie sind stapelbar, platzsparend und somit f\u00fcr viele verschiede auch f\u00fcr schmalere Schubladen- oder Stauf\u00e4cher, Transportboxen, Campingk\u00fcchen, Schr\u00e4nke u.v.m. nutzbar.<\/p>\n<p>Besondere Features:<\/p>\n<ul>\n<li>Stapelbar in Verbindung mit den Abstandshalter ON-TOP<\/li>\n<li>Formstabil, platzsparend &amp; flexibel einsetzbar<\/li>\n<li>Kombinierbar mit weiteren purvario by D\u00d6RR Produkten (Besteckeins\u00e4tze, Stecksystem, etc.)<\/li>\n<li>Variabilit\u00e4t der Gr\u00f6\u00dfe &#8211; k\u00fcrzbar an den Perforationslinien<\/li>\n<li>Passgenau f\u00fcr viele Schubf\u00e4cher, Schubladen, Transportboxen, etc.<\/li>\n<li>Abwaschbar<\/li>\n<\/ul>\n<p>Tipp: Nutzen Sie am Besten immer eine Anti-Rutsch-Matte unter der Noppenplatte ON-TOP<\/p>\n","protected":false},"excerpt":{"rendered":"<p>Die Noppenplatte ist perforiert und und somit variabel in der Gr\u00f6\u00dfe k\u00fcrzbar. Bei Bedarf einfach an der Perforation zuschneiden und abklipsen. F\u00fcr einen sicheren Halt sorgt das robuste und formstabile Material der Grundplatte sowie der Noppen und kann als Basisplatte f\u00fcr z.B. die Stauleisten 30\/60\/100 genutzt werden. Die Abstandshalter ON-TOP als Erweiterung komplettieren die Noppenplatte [&hellip;]<\/p>\n","protected":false},"featured_media":118385,"template":"","meta":{"_acf_changed":false},"product_featured_cat":[],"product_brand":[3329],"product_cat":[5150],"product_tag":[],"class_list":{"0":"post-118389","1":"product","2":"type-product","3":"status-publish","4":"has-post-thumbnail","6":"product_brand-purvario-de","7":"product_cat-fixiermodule","9":"first","10":"instock","11":"taxable","12":"shipping-taxable","13":"purchasable","14":"product-type-simple"},"acf":[],"yoast_head":"<!-- This site is optimized with the Yoast SEO plugin v27.4 - https:\/\/yoast.com\/product\/yoast-seo-wordpress\/ -->\n<title>Noppenplatte purvario ON-TOP Fb. lichtgrau Zum Auslegen f\u00fcr Schubladen und Schr\u00e4nke - Bantam Camping AG<\/title>\n<meta name=\"robots\" content=\"index, follow, max-snippet:-1, max-image-preview:large, max-video-preview:-1\" \/>\n<link rel=\"canonical\" href=\"https:\/\/shop.bantam.ch\/de\/produkt\/noppenplatte-on-top-lichtgrau-zum-auslegen-fuer-schubladen-und-schraenke\/\" \/>\n<meta property=\"og:locale\" content=\"de_DE\" \/>\n<meta property=\"og:type\" content=\"article\" \/>\n<meta property=\"og:title\" content=\"Noppenplatte purvario ON-TOP Fb. lichtgrau Zum Auslegen f\u00fcr Schubladen und Schr\u00e4nke - Bantam Camping AG\" \/>\n<meta property=\"og:description\" content=\"Die Noppenplatte ist perforiert und und somit variabel in der Gr\u00f6\u00dfe k\u00fcrzbar. Bei Bedarf einfach an der Perforation zuschneiden und abklipsen. F\u00fcr einen sicheren Halt sorgt das robuste und formstabile Material der Grundplatte sowie der Noppen und kann als Basisplatte f\u00fcr z.B. die Stauleisten 30\/60\/100 genutzt werden. Die Abstandshalter ON-TOP als Erweiterung komplettieren die Noppenplatte [&hellip;]\" \/>\n<meta property=\"og:url\" content=\"https:\/\/shop.bantam.ch\/de\/produkt\/noppenplatte-on-top-lichtgrau-zum-auslegen-fuer-schubladen-und-schraenke\/\" \/>\n<meta property=\"og:site_name\" content=\"Bantam Camping AG\" \/>\n<meta property=\"article:modified_time\" content=\"2026-04-18T19:47:59+00:00\" \/>\n<meta property=\"og:image\" content=\"https:\/\/shop.bantam.ch\/wp-content\/uploads\/2023\/02\/9984202100.jpg\" \/>\n\t<meta property=\"og:image:width\" content=\"1000\" \/>\n\t<meta property=\"og:image:height\" content=\"625\" \/>\n\t<meta property=\"og:image:type\" content=\"image\/jpeg\" \/>\n<meta name=\"twitter:card\" content=\"summary_large_image\" \/>\n<meta name=\"twitter:label1\" content=\"Gesch\u00e4tzte Lesezeit\" \/>\n\t<meta name=\"twitter:data1\" content=\"1\u00a0Minute\" \/>\n<script type=\"application\/ld+json\" class=\"yoast-schema-graph\">{\"@context\":\"https:\\\/\\\/schema.org\",\"@graph\":[{\"@type\":\"WebPage\",\"@id\":\"https:\\\/\\\/shop.bantam.ch\\\/de\\\/produkt\\\/noppenplatte-on-top-lichtgrau-zum-auslegen-fuer-schubladen-und-schraenke\\\/\",\"url\":\"https:\\\/\\\/shop.bantam.ch\\\/de\\\/produkt\\\/noppenplatte-on-top-lichtgrau-zum-auslegen-fuer-schubladen-und-schraenke\\\/\",\"name\":\"Noppenplatte purvario ON-TOP Fb. lichtgrau Zum Auslegen f\u00fcr Schubladen und Schr\u00e4nke - Bantam Camping AG\",\"isPartOf\":{\"@id\":\"https:\\\/\\\/shop.bantam.ch\\\/de\\\/#website\"},\"primaryImageOfPage\":{\"@id\":\"https:\\\/\\\/shop.bantam.ch\\\/de\\\/produkt\\\/noppenplatte-on-top-lichtgrau-zum-auslegen-fuer-schubladen-und-schraenke\\\/#primaryimage\"},\"image\":{\"@id\":\"https:\\\/\\\/shop.bantam.ch\\\/de\\\/produkt\\\/noppenplatte-on-top-lichtgrau-zum-auslegen-fuer-schubladen-und-schraenke\\\/#primaryimage\"},\"thumbnailUrl\":\"https:\\\/\\\/shop.bantam.ch\\\/wp-content\\\/uploads\\\/2023\\\/02\\\/9984202100.jpg\",\"datePublished\":\"2023-02-28T21:47:08+00:00\",\"dateModified\":\"2026-04-18T19:47:59+00:00\",\"breadcrumb\":{\"@id\":\"https:\\\/\\\/shop.bantam.ch\\\/de\\\/produkt\\\/noppenplatte-on-top-lichtgrau-zum-auslegen-fuer-schubladen-und-schraenke\\\/#breadcrumb\"},\"inLanguage\":\"de\",\"potentialAction\":[{\"@type\":\"ReadAction\",\"target\":[\"https:\\\/\\\/shop.bantam.ch\\\/de\\\/produkt\\\/noppenplatte-on-top-lichtgrau-zum-auslegen-fuer-schubladen-und-schraenke\\\/\"]}]},{\"@type\":\"ImageObject\",\"inLanguage\":\"de\",\"@id\":\"https:\\\/\\\/shop.bantam.ch\\\/de\\\/produkt\\\/noppenplatte-on-top-lichtgrau-zum-auslegen-fuer-schubladen-und-schraenke\\\/#primaryimage\",\"url\":\"https:\\\/\\\/shop.bantam.ch\\\/wp-content\\\/uploads\\\/2023\\\/02\\\/9984202100.jpg\",\"contentUrl\":\"https:\\\/\\\/shop.bantam.ch\\\/wp-content\\\/uploads\\\/2023\\\/02\\\/9984202100.jpg\",\"width\":1000,\"height\":625},{\"@type\":\"BreadcrumbList\",\"@id\":\"https:\\\/\\\/shop.bantam.ch\\\/de\\\/produkt\\\/noppenplatte-on-top-lichtgrau-zum-auslegen-fuer-schubladen-und-schraenke\\\/#breadcrumb\",\"itemListElement\":[{\"@type\":\"ListItem\",\"position\":1,\"name\":\"Accueil\",\"item\":\"https:\\\/\\\/shop.bantam.ch\\\/de\\\/\"},{\"@type\":\"ListItem\",\"position\":2,\"name\":\"Shop\",\"item\":\"https:\\\/\\\/shop.bantam.ch\\\/de\\\/shop\\\/\"},{\"@type\":\"ListItem\",\"position\":3,\"name\":\"Noppenplatte purvario ON-TOP Fb. lichtgrau Zum Auslegen f\u00fcr Schubladen und Schr\u00e4nke\"}]},{\"@type\":\"WebSite\",\"@id\":\"https:\\\/\\\/shop.bantam.ch\\\/de\\\/#website\",\"url\":\"https:\\\/\\\/shop.bantam.ch\\\/de\\\/\",\"name\":\"Bantam Camping AG\",\"description\":\"\",\"publisher\":{\"@id\":\"https:\\\/\\\/shop.bantam.ch\\\/de\\\/#organization\"},\"inLanguage\":\"de\"},{\"@type\":\"Organization\",\"@id\":\"https:\\\/\\\/shop.bantam.ch\\\/de\\\/#organization\",\"name\":\"Bantam Camping AG\",\"url\":\"https:\\\/\\\/shop.bantam.ch\\\/de\\\/\",\"logo\":{\"@type\":\"ImageObject\",\"inLanguage\":\"de\",\"@id\":\"https:\\\/\\\/shop.bantam.ch\\\/de\\\/#\\\/schema\\\/logo\\\/image\\\/\",\"url\":\"https:\\\/\\\/shop.bantam.ch\\\/wp-content\\\/uploads\\\/2022\\\/12\\\/bantam-logo.png\",\"contentUrl\":\"https:\\\/\\\/shop.bantam.ch\\\/wp-content\\\/uploads\\\/2022\\\/12\\\/bantam-logo.png\",\"width\":320,\"height\":71,\"caption\":\"Bantam Camping AG\"},\"image\":{\"@id\":\"https:\\\/\\\/shop.bantam.ch\\\/de\\\/#\\\/schema\\\/logo\\\/image\\\/\"}}]}<\/script>\n<!-- \/ Yoast SEO plugin. -->","yoast_head_json":{"title":"Noppenplatte purvario ON-TOP Fb. lichtgrau Zum Auslegen f\u00fcr Schubladen und Schr\u00e4nke - Bantam Camping AG","robots":{"index":"index","follow":"follow","max-snippet":"max-snippet:-1","max-image-preview":"max-image-preview:large","max-video-preview":"max-video-preview:-1"},"canonical":"https:\/\/shop.bantam.ch\/de\/produkt\/noppenplatte-on-top-lichtgrau-zum-auslegen-fuer-schubladen-und-schraenke\/","og_locale":"de_DE","og_type":"article","og_title":"Noppenplatte purvario ON-TOP Fb. lichtgrau Zum Auslegen f\u00fcr Schubladen und Schr\u00e4nke - Bantam Camping AG","og_description":"Die Noppenplatte ist perforiert und und somit variabel in der Gr\u00f6\u00dfe k\u00fcrzbar. Bei Bedarf einfach an der Perforation zuschneiden und abklipsen. F\u00fcr einen sicheren Halt sorgt das robuste und formstabile Material der Grundplatte sowie der Noppen und kann als Basisplatte f\u00fcr z.B. die Stauleisten 30\/60\/100 genutzt werden. Die Abstandshalter ON-TOP als Erweiterung komplettieren die Noppenplatte [&hellip;]","og_url":"https:\/\/shop.bantam.ch\/de\/produkt\/noppenplatte-on-top-lichtgrau-zum-auslegen-fuer-schubladen-und-schraenke\/","og_site_name":"Bantam Camping AG","article_modified_time":"2026-04-18T19:47:59+00:00","og_image":[{"width":1000,"height":625,"url":"https:\/\/shop.bantam.ch\/wp-content\/uploads\/2023\/02\/9984202100.jpg","type":"image\/jpeg"}],"twitter_card":"summary_large_image","twitter_misc":{"Gesch\u00e4tzte Lesezeit":"1\u00a0Minute"},"schema":{"@context":"https:\/\/schema.org","@graph":[{"@type":"WebPage","@id":"https:\/\/shop.bantam.ch\/de\/produkt\/noppenplatte-on-top-lichtgrau-zum-auslegen-fuer-schubladen-und-schraenke\/","url":"https:\/\/shop.bantam.ch\/de\/produkt\/noppenplatte-on-top-lichtgrau-zum-auslegen-fuer-schubladen-und-schraenke\/","name":"Noppenplatte purvario ON-TOP Fb. lichtgrau Zum Auslegen f\u00fcr Schubladen und Schr\u00e4nke - Bantam Camping AG","isPartOf":{"@id":"https:\/\/shop.bantam.ch\/de\/#website"},"primaryImageOfPage":{"@id":"https:\/\/shop.bantam.ch\/de\/produkt\/noppenplatte-on-top-lichtgrau-zum-auslegen-fuer-schubladen-und-schraenke\/#primaryimage"},"image":{"@id":"https:\/\/shop.bantam.ch\/de\/produkt\/noppenplatte-on-top-lichtgrau-zum-auslegen-fuer-schubladen-und-schraenke\/#primaryimage"},"thumbnailUrl":"https:\/\/shop.bantam.ch\/wp-content\/uploads\/2023\/02\/9984202100.jpg","datePublished":"2023-02-28T21:47:08+00:00","dateModified":"2026-04-18T19:47:59+00:00","breadcrumb":{"@id":"https:\/\/shop.bantam.ch\/de\/produkt\/noppenplatte-on-top-lichtgrau-zum-auslegen-fuer-schubladen-und-schraenke\/#breadcrumb"},"inLanguage":"de","potentialAction":[{"@type":"ReadAction","target":["https:\/\/shop.bantam.ch\/de\/produkt\/noppenplatte-on-top-lichtgrau-zum-auslegen-fuer-schubladen-und-schraenke\/"]}]},{"@type":"ImageObject","inLanguage":"de","@id":"https:\/\/shop.bantam.ch\/de\/produkt\/noppenplatte-on-top-lichtgrau-zum-auslegen-fuer-schubladen-und-schraenke\/#primaryimage","url":"https:\/\/shop.bantam.ch\/wp-content\/uploads\/2023\/02\/9984202100.jpg","contentUrl":"https:\/\/shop.bantam.ch\/wp-content\/uploads\/2023\/02\/9984202100.jpg","width":1000,"height":625},{"@type":"BreadcrumbList","@id":"https:\/\/shop.bantam.ch\/de\/produkt\/noppenplatte-on-top-lichtgrau-zum-auslegen-fuer-schubladen-und-schraenke\/#breadcrumb","itemListElement":[{"@type":"ListItem","position":1,"name":"Accueil","item":"https:\/\/shop.bantam.ch\/de\/"},{"@type":"ListItem","position":2,"name":"Shop","item":"https:\/\/shop.bantam.ch\/de\/shop\/"},{"@type":"ListItem","position":3,"name":"Noppenplatte purvario ON-TOP Fb. lichtgrau Zum Auslegen f\u00fcr Schubladen und Schr\u00e4nke"}]},{"@type":"WebSite","@id":"https:\/\/shop.bantam.ch\/de\/#website","url":"https:\/\/shop.bantam.ch\/de\/","name":"Bantam Camping AG","description":"","publisher":{"@id":"https:\/\/shop.bantam.ch\/de\/#organization"},"inLanguage":"de"},{"@type":"Organization","@id":"https:\/\/shop.bantam.ch\/de\/#organization","name":"Bantam Camping AG","url":"https:\/\/shop.bantam.ch\/de\/","logo":{"@type":"ImageObject","inLanguage":"de","@id":"https:\/\/shop.bantam.ch\/de\/#\/schema\/logo\/image\/","url":"https:\/\/shop.bantam.ch\/wp-content\/uploads\/2022\/12\/bantam-logo.png","contentUrl":"https:\/\/shop.bantam.ch\/wp-content\/uploads\/2022\/12\/bantam-logo.png","width":320,"height":71,"caption":"Bantam Camping AG"},"image":{"@id":"https:\/\/shop.bantam.ch\/de\/#\/schema\/logo\/image\/"}}]}},"_links":{"self":[{"href":"https:\/\/shop.bantam.ch\/de\/wp-json\/wp\/v2\/product\/118389","targetHints":{"allow":["GET"]}}],"collection":[{"href":"https:\/\/shop.bantam.ch\/de\/wp-json\/wp\/v2\/product"}],"about":[{"href":"https:\/\/shop.bantam.ch\/de\/wp-json\/wp\/v2\/types\/product"}],"wp:featuredmedia":[{"embeddable":true,"href":"https:\/\/shop.bantam.ch\/de\/wp-json\/wp\/v2\/media\/118385"}],"wp:attachment":[{"href":"https:\/\/shop.bantam.ch\/de\/wp-json\/wp\/v2\/media?parent=118389"}],"wp:term":[{"taxonomy":"product_featured_cat","embeddable":true,"href":"https:\/\/shop.bantam.ch\/de\/wp-json\/wp\/v2\/product_featured_cat?post=118389"},{"taxonomy":"product_brand","embeddable":true,"href":"https:\/\/shop.bantam.ch\/de\/wp-json\/wp\/v2\/product_brand?post=118389"},{"taxonomy":"product_cat","embeddable":true,"href":"https:\/\/shop.bantam.ch\/de\/wp-json\/wp\/v2\/product_cat?post=118389"},{"taxonomy":"product_tag","embeddable":true,"href":"https:\/\/shop.bantam.ch\/de\/wp-json\/wp\/v2\/product_tag?post=118389"}],"curies":[{"name":"wp","href":"https:\/\/api.w.org\/{rel}","templated":true}]}}