{"id":118383,"date":"2023-02-28T22:47:02","date_gmt":"2023-02-28T21:47:02","guid":{"rendered":"https:\/\/shop.bantam.ch\/produit\/staubox-stauleistensystem-inkl-4-stauleisten\/"},"modified":"2026-04-17T21:46:58","modified_gmt":"2026-04-17T19:46:58","slug":"staubox-stauleistensystem-inkl-4-stauleisten","status":"publish","type":"product","link":"https:\/\/shop.bantam.ch\/de\/produkt\/staubox-stauleistensystem-inkl-4-stauleisten\/","title":{"rendered":"Staubox purvario Stauleistensystem"},"content":{"rendered":"<p>Die Seitenw\u00e4nde, die Noppenplatte sowie die Stauleisten f\u00fcr Schubladen sind perforiert und somit variabel in ihrer Gr\u00f6\u00dfe. Bei Bedarf k\u00f6nnen Sie die Seitenw\u00e4nde ab der Gr\u00f6\u00dfe von ca. 340 mm bis auf ca. 260 mm k\u00fcrzen. Die Noppenplatte und der Allrounder Stauleisten f\u00fcr Schubladen sind im Abstand von ca. 5 mm perforiert und ebenso variabel in ihrer Gr\u00f6\u00dfe. Die Stauleisten 60 f\u00fcr Schubladen einfach auf die Noppenplatte aufstecken, um verschiedene Gl\u00e4ser, Flaschen, Haushaltsartikel, Campingzubeh\u00f6r bruch- und kippsicher zu verstauen. Die Stauleisten sind passgenau f\u00fcr die Noppenplatte konzipiert und bieten in ihrer Eigenschaft f\u00fcr jede Fachgr\u00f6\u00dfe eine platzsparende L\u00f6sung. Die Seitenw\u00e4nde sind jeweils mit einem Tragegriff ausgestattet. Genial einfach, komfortabel und flexibel einsetzbar. Das Highlight der Produkte ist die Flexibilit\u00e4t durch ihre Gr\u00f6\u00dfenanpassung, sie sind stapelbar, platzsparend und somit f\u00fcr viele verschiede auch f\u00fcr schmalere Schubladen- oder Stauf\u00e4cher, Transportboxen, Campingk\u00fcchen, Schr\u00e4nke oder f\u00fcr den Transport im Kofferraum, etc. nutzbar.<\/p>\n<p>Besondere Features:<\/p>\n<ul>\n<li>Stapelbar, formstabil, platzsparend &amp; flexibel einsetzbar<\/li>\n<li>Kombinierbar mit weiteren purvario by D\u00d6RR Produkten (Besteckeins\u00e4tze, Steckhalter, Stauleisten)<\/li>\n<li>Variabilit\u00e4t der Gr\u00f6\u00dfe durch zuschneidbare Seitenw\u00e4nde und der Noppenplatte<\/li>\n<li>Kombination der Noppenplatte mit den Stauleisten f\u00fcr Schubladen<\/li>\n<li>Passgenau f\u00fcr viele Artikel, hoher Tragekomfort<\/li>\n<li>Erweiterbare M\u00f6glichkeiten mit dem Stecksystem von purvario<\/li>\n<li>Abwaschbar<\/li>\n<li>Einfache Handhabung durch einfaches Zusammenstecken<\/li>\n<\/ul>\n<p>Lieferumfang:<br \/>Inklusive 1 Noppenplatte<br \/>4 Seitenw\u00e4nde<br \/>4 Stauleisten f\u00fcr Schubladen<br \/>Befestigungsclips f\u00fcr die Stabilisierung der Noppenplatte<\/p>\n","protected":false},"excerpt":{"rendered":"<p>Die Seitenw\u00e4nde, die Noppenplatte sowie die Stauleisten f\u00fcr Schubladen sind perforiert und somit variabel in ihrer Gr\u00f6\u00dfe. Bei Bedarf k\u00f6nnen Sie die Seitenw\u00e4nde ab der Gr\u00f6\u00dfe von ca. 340 mm bis auf ca. 260 mm k\u00fcrzen. Die Noppenplatte und der Allrounder Stauleisten f\u00fcr Schubladen sind im Abstand von ca. 5 mm perforiert und ebenso variabel [&hellip;]<\/p>\n","protected":false},"featured_media":118375,"template":"","meta":{"_acf_changed":false},"product_featured_cat":[],"product_brand":[3329],"product_cat":[5150],"product_tag":[],"class_list":{"0":"post-118383","1":"product","2":"type-product","3":"status-publish","4":"has-post-thumbnail","6":"product_brand-purvario-de","7":"product_cat-fixiermodule","9":"first","10":"instock","11":"taxable","12":"shipping-taxable","13":"purchasable","14":"product-type-simple"},"acf":[],"yoast_head":"<!-- This site is optimized with the Yoast SEO plugin v27.4 - https:\/\/yoast.com\/product\/yoast-seo-wordpress\/ -->\n<title>Staubox purvario Stauleistensystem - Bantam Camping AG<\/title>\n<meta name=\"robots\" content=\"index, follow, max-snippet:-1, max-image-preview:large, max-video-preview:-1\" \/>\n<link rel=\"canonical\" href=\"https:\/\/shop.bantam.ch\/de\/produkt\/staubox-stauleistensystem-inkl-4-stauleisten\/\" \/>\n<meta property=\"og:locale\" content=\"de_DE\" \/>\n<meta property=\"og:type\" content=\"article\" \/>\n<meta property=\"og:title\" content=\"Staubox purvario Stauleistensystem - Bantam Camping AG\" \/>\n<meta property=\"og:description\" content=\"Die Seitenw\u00e4nde, die Noppenplatte sowie die Stauleisten f\u00fcr Schubladen sind perforiert und somit variabel in ihrer Gr\u00f6\u00dfe. Bei Bedarf k\u00f6nnen Sie die Seitenw\u00e4nde ab der Gr\u00f6\u00dfe von ca. 340 mm bis auf ca. 260 mm k\u00fcrzen. Die Noppenplatte und der Allrounder Stauleisten f\u00fcr Schubladen sind im Abstand von ca. 5 mm perforiert und ebenso variabel [&hellip;]\" \/>\n<meta property=\"og:url\" content=\"https:\/\/shop.bantam.ch\/de\/produkt\/staubox-stauleistensystem-inkl-4-stauleisten\/\" \/>\n<meta property=\"og:site_name\" content=\"Bantam Camping AG\" \/>\n<meta property=\"article:modified_time\" content=\"2026-04-17T19:46:58+00:00\" \/>\n<meta property=\"og:image\" content=\"https:\/\/shop.bantam.ch\/wp-content\/uploads\/2023\/02\/998429911.jpg\" \/>\n\t<meta property=\"og:image:width\" content=\"1000\" \/>\n\t<meta property=\"og:image:height\" content=\"766\" \/>\n\t<meta property=\"og:image:type\" content=\"image\/jpeg\" \/>\n<meta name=\"twitter:card\" content=\"summary_large_image\" \/>\n<meta name=\"twitter:label1\" content=\"Gesch\u00e4tzte Lesezeit\" \/>\n\t<meta name=\"twitter:data1\" content=\"1\u00a0Minute\" \/>\n<script type=\"application\/ld+json\" class=\"yoast-schema-graph\">{\"@context\":\"https:\\\/\\\/schema.org\",\"@graph\":[{\"@type\":\"WebPage\",\"@id\":\"https:\\\/\\\/shop.bantam.ch\\\/de\\\/produkt\\\/staubox-stauleistensystem-inkl-4-stauleisten\\\/\",\"url\":\"https:\\\/\\\/shop.bantam.ch\\\/de\\\/produkt\\\/staubox-stauleistensystem-inkl-4-stauleisten\\\/\",\"name\":\"Staubox purvario Stauleistensystem - Bantam Camping AG\",\"isPartOf\":{\"@id\":\"https:\\\/\\\/shop.bantam.ch\\\/de\\\/#website\"},\"primaryImageOfPage\":{\"@id\":\"https:\\\/\\\/shop.bantam.ch\\\/de\\\/produkt\\\/staubox-stauleistensystem-inkl-4-stauleisten\\\/#primaryimage\"},\"image\":{\"@id\":\"https:\\\/\\\/shop.bantam.ch\\\/de\\\/produkt\\\/staubox-stauleistensystem-inkl-4-stauleisten\\\/#primaryimage\"},\"thumbnailUrl\":\"https:\\\/\\\/shop.bantam.ch\\\/wp-content\\\/uploads\\\/2023\\\/02\\\/998429911.jpg\",\"datePublished\":\"2023-02-28T21:47:02+00:00\",\"dateModified\":\"2026-04-17T19:46:58+00:00\",\"breadcrumb\":{\"@id\":\"https:\\\/\\\/shop.bantam.ch\\\/de\\\/produkt\\\/staubox-stauleistensystem-inkl-4-stauleisten\\\/#breadcrumb\"},\"inLanguage\":\"de\",\"potentialAction\":[{\"@type\":\"ReadAction\",\"target\":[\"https:\\\/\\\/shop.bantam.ch\\\/de\\\/produkt\\\/staubox-stauleistensystem-inkl-4-stauleisten\\\/\"]}]},{\"@type\":\"ImageObject\",\"inLanguage\":\"de\",\"@id\":\"https:\\\/\\\/shop.bantam.ch\\\/de\\\/produkt\\\/staubox-stauleistensystem-inkl-4-stauleisten\\\/#primaryimage\",\"url\":\"https:\\\/\\\/shop.bantam.ch\\\/wp-content\\\/uploads\\\/2023\\\/02\\\/998429911.jpg\",\"contentUrl\":\"https:\\\/\\\/shop.bantam.ch\\\/wp-content\\\/uploads\\\/2023\\\/02\\\/998429911.jpg\",\"width\":1000,\"height\":766},{\"@type\":\"BreadcrumbList\",\"@id\":\"https:\\\/\\\/shop.bantam.ch\\\/de\\\/produkt\\\/staubox-stauleistensystem-inkl-4-stauleisten\\\/#breadcrumb\",\"itemListElement\":[{\"@type\":\"ListItem\",\"position\":1,\"name\":\"Accueil\",\"item\":\"https:\\\/\\\/shop.bantam.ch\\\/de\\\/\"},{\"@type\":\"ListItem\",\"position\":2,\"name\":\"Shop\",\"item\":\"https:\\\/\\\/shop.bantam.ch\\\/de\\\/shop\\\/\"},{\"@type\":\"ListItem\",\"position\":3,\"name\":\"Staubox purvario Stauleistensystem\"}]},{\"@type\":\"WebSite\",\"@id\":\"https:\\\/\\\/shop.bantam.ch\\\/de\\\/#website\",\"url\":\"https:\\\/\\\/shop.bantam.ch\\\/de\\\/\",\"name\":\"Bantam Camping AG\",\"description\":\"\",\"publisher\":{\"@id\":\"https:\\\/\\\/shop.bantam.ch\\\/de\\\/#organization\"},\"inLanguage\":\"de\"},{\"@type\":\"Organization\",\"@id\":\"https:\\\/\\\/shop.bantam.ch\\\/de\\\/#organization\",\"name\":\"Bantam Camping AG\",\"url\":\"https:\\\/\\\/shop.bantam.ch\\\/de\\\/\",\"logo\":{\"@type\":\"ImageObject\",\"inLanguage\":\"de\",\"@id\":\"https:\\\/\\\/shop.bantam.ch\\\/de\\\/#\\\/schema\\\/logo\\\/image\\\/\",\"url\":\"https:\\\/\\\/shop.bantam.ch\\\/wp-content\\\/uploads\\\/2022\\\/12\\\/bantam-logo.png\",\"contentUrl\":\"https:\\\/\\\/shop.bantam.ch\\\/wp-content\\\/uploads\\\/2022\\\/12\\\/bantam-logo.png\",\"width\":320,\"height\":71,\"caption\":\"Bantam Camping AG\"},\"image\":{\"@id\":\"https:\\\/\\\/shop.bantam.ch\\\/de\\\/#\\\/schema\\\/logo\\\/image\\\/\"}}]}<\/script>\n<!-- \/ Yoast SEO plugin. -->","yoast_head_json":{"title":"Staubox purvario Stauleistensystem - Bantam Camping AG","robots":{"index":"index","follow":"follow","max-snippet":"max-snippet:-1","max-image-preview":"max-image-preview:large","max-video-preview":"max-video-preview:-1"},"canonical":"https:\/\/shop.bantam.ch\/de\/produkt\/staubox-stauleistensystem-inkl-4-stauleisten\/","og_locale":"de_DE","og_type":"article","og_title":"Staubox purvario Stauleistensystem - Bantam Camping AG","og_description":"Die Seitenw\u00e4nde, die Noppenplatte sowie die Stauleisten f\u00fcr Schubladen sind perforiert und somit variabel in ihrer Gr\u00f6\u00dfe. Bei Bedarf k\u00f6nnen Sie die Seitenw\u00e4nde ab der Gr\u00f6\u00dfe von ca. 340 mm bis auf ca. 260 mm k\u00fcrzen. Die Noppenplatte und der Allrounder Stauleisten f\u00fcr Schubladen sind im Abstand von ca. 5 mm perforiert und ebenso variabel [&hellip;]","og_url":"https:\/\/shop.bantam.ch\/de\/produkt\/staubox-stauleistensystem-inkl-4-stauleisten\/","og_site_name":"Bantam Camping AG","article_modified_time":"2026-04-17T19:46:58+00:00","og_image":[{"width":1000,"height":766,"url":"https:\/\/shop.bantam.ch\/wp-content\/uploads\/2023\/02\/998429911.jpg","type":"image\/jpeg"}],"twitter_card":"summary_large_image","twitter_misc":{"Gesch\u00e4tzte Lesezeit":"1\u00a0Minute"},"schema":{"@context":"https:\/\/schema.org","@graph":[{"@type":"WebPage","@id":"https:\/\/shop.bantam.ch\/de\/produkt\/staubox-stauleistensystem-inkl-4-stauleisten\/","url":"https:\/\/shop.bantam.ch\/de\/produkt\/staubox-stauleistensystem-inkl-4-stauleisten\/","name":"Staubox purvario Stauleistensystem - Bantam Camping AG","isPartOf":{"@id":"https:\/\/shop.bantam.ch\/de\/#website"},"primaryImageOfPage":{"@id":"https:\/\/shop.bantam.ch\/de\/produkt\/staubox-stauleistensystem-inkl-4-stauleisten\/#primaryimage"},"image":{"@id":"https:\/\/shop.bantam.ch\/de\/produkt\/staubox-stauleistensystem-inkl-4-stauleisten\/#primaryimage"},"thumbnailUrl":"https:\/\/shop.bantam.ch\/wp-content\/uploads\/2023\/02\/998429911.jpg","datePublished":"2023-02-28T21:47:02+00:00","dateModified":"2026-04-17T19:46:58+00:00","breadcrumb":{"@id":"https:\/\/shop.bantam.ch\/de\/produkt\/staubox-stauleistensystem-inkl-4-stauleisten\/#breadcrumb"},"inLanguage":"de","potentialAction":[{"@type":"ReadAction","target":["https:\/\/shop.bantam.ch\/de\/produkt\/staubox-stauleistensystem-inkl-4-stauleisten\/"]}]},{"@type":"ImageObject","inLanguage":"de","@id":"https:\/\/shop.bantam.ch\/de\/produkt\/staubox-stauleistensystem-inkl-4-stauleisten\/#primaryimage","url":"https:\/\/shop.bantam.ch\/wp-content\/uploads\/2023\/02\/998429911.jpg","contentUrl":"https:\/\/shop.bantam.ch\/wp-content\/uploads\/2023\/02\/998429911.jpg","width":1000,"height":766},{"@type":"BreadcrumbList","@id":"https:\/\/shop.bantam.ch\/de\/produkt\/staubox-stauleistensystem-inkl-4-stauleisten\/#breadcrumb","itemListElement":[{"@type":"ListItem","position":1,"name":"Accueil","item":"https:\/\/shop.bantam.ch\/de\/"},{"@type":"ListItem","position":2,"name":"Shop","item":"https:\/\/shop.bantam.ch\/de\/shop\/"},{"@type":"ListItem","position":3,"name":"Staubox purvario Stauleistensystem"}]},{"@type":"WebSite","@id":"https:\/\/shop.bantam.ch\/de\/#website","url":"https:\/\/shop.bantam.ch\/de\/","name":"Bantam Camping AG","description":"","publisher":{"@id":"https:\/\/shop.bantam.ch\/de\/#organization"},"inLanguage":"de"},{"@type":"Organization","@id":"https:\/\/shop.bantam.ch\/de\/#organization","name":"Bantam Camping AG","url":"https:\/\/shop.bantam.ch\/de\/","logo":{"@type":"ImageObject","inLanguage":"de","@id":"https:\/\/shop.bantam.ch\/de\/#\/schema\/logo\/image\/","url":"https:\/\/shop.bantam.ch\/wp-content\/uploads\/2022\/12\/bantam-logo.png","contentUrl":"https:\/\/shop.bantam.ch\/wp-content\/uploads\/2022\/12\/bantam-logo.png","width":320,"height":71,"caption":"Bantam Camping AG"},"image":{"@id":"https:\/\/shop.bantam.ch\/de\/#\/schema\/logo\/image\/"}}]}},"_links":{"self":[{"href":"https:\/\/shop.bantam.ch\/de\/wp-json\/wp\/v2\/product\/118383","targetHints":{"allow":["GET"]}}],"collection":[{"href":"https:\/\/shop.bantam.ch\/de\/wp-json\/wp\/v2\/product"}],"about":[{"href":"https:\/\/shop.bantam.ch\/de\/wp-json\/wp\/v2\/types\/product"}],"wp:featuredmedia":[{"embeddable":true,"href":"https:\/\/shop.bantam.ch\/de\/wp-json\/wp\/v2\/media\/118375"}],"wp:attachment":[{"href":"https:\/\/shop.bantam.ch\/de\/wp-json\/wp\/v2\/media?parent=118383"}],"wp:term":[{"taxonomy":"product_featured_cat","embeddable":true,"href":"https:\/\/shop.bantam.ch\/de\/wp-json\/wp\/v2\/product_featured_cat?post=118383"},{"taxonomy":"product_brand","embeddable":true,"href":"https:\/\/shop.bantam.ch\/de\/wp-json\/wp\/v2\/product_brand?post=118383"},{"taxonomy":"product_cat","embeddable":true,"href":"https:\/\/shop.bantam.ch\/de\/wp-json\/wp\/v2\/product_cat?post=118383"},{"taxonomy":"product_tag","embeddable":true,"href":"https:\/\/shop.bantam.ch\/de\/wp-json\/wp\/v2\/product_tag?post=118383"}],"curies":[{"name":"wp","href":"https:\/\/api.w.org\/{rel}","templated":true}]}}