{"id":118199,"date":"2023-02-28T22:43:51","date_gmt":"2023-02-28T21:43:51","guid":{"rendered":"https:\/\/shop.bantam.ch\/produit\/bord-versorgungsbatterie-li-ionen-240-ah\/"},"modified":"2026-04-17T21:46:49","modified_gmt":"2026-04-17T19:46:49","slug":"bord-versorgungsbatterie-li-ionen-240-ah","status":"publish","type":"product","link":"https:\/\/shop.bantam.ch\/de\/produkt\/bord-versorgungsbatterie-li-ionen-240-ah\/","title":{"rendered":"Bord-Versorgungsbatterie B\u00dcTTNER ELEKTRONIK Li-Ionen 240 AH"},"content":{"rendered":"<p>Hohe Speicherkapazit\u00e4t, geringes Gewicht und eine hohe Zyklenfestigkeit zeichnen die LiFePO4-Bordbatterien von B\u00dcTTNER ELEKTRONIK aus. Durch ein intelligentes Batterie-Management-System (BMS) werden die Batterien intern sicher \u00fcberwacht. Der Betrieb von Wechselrichtern auch mit h\u00f6herer Ausgangsleistung ist problemlos m\u00f6glich. Selbst bei der kleinsten Ausf\u00fchrung (MT LI 85) ist es m\u00f6glich mit einem Wechselrichter (z.B. MT 1200SI\/SI-N) eine Nespresso Kaffeemaschine oder einen F\u00f6hn bis 1200 Watt zu betreiben. Bereits mit der MT LI 105 k\u00f6nnen Wechselrichter bis 1700 Watt eingesetzt werdenund bei den Batterien mit 120 Ah und 180 Ah sind Verbraucher (F\u00f6hn, Staubsauger, Kaffeeautomat usw.) bis 2000 Watt kein Problem. H\u00f6here Leistungen k\u00f6nnen bei den Ausf\u00fchrungen MT LI 240 und MT LI 300 abgerufen werden. Das interne BMS stellt aber nicht nur hohe Ausgangsleistungen zur Verf\u00fcgung und \u00fcberwacht die Batterie. Intern sind zus\u00e4tzlich auch mehrere Temperatursensoren verbaut die bei Verwendung von parallel verbauten Ladeeinrichtungen (Ladeger\u00e4te, Solarregler, Booster usw.) von B\u00dcTTNER ELEKTRONIK die Batterie in jeder Klimazone optimal laden. \u00dcber einen zus\u00e4tzlich angebrachten Schalteingang ist es auch m\u00f6glich die Batterie komplett stromlos zu schalten. Optimal bei l\u00e4ngerer Standzeit des Fahrzeugs oder wenn grunds\u00e4tzlich beim Verlassen des Fahrzeugs eine Hauptschalterfunktion gew\u00fcnscht ist. Nat\u00fcrlich steht an der Batterie dann auch ein Hilfsausgang zur Verf\u00fcgung, um eine Alarmanlage oder wichtige Standby-Verbraucher weiter am Leben zu erhalten. In Verbindung mit einem Pro-fi nder von Thitronik ist es auch m\u00f6glich die Batterie \u00fcber eine APP fernzusteuern. Auch auf der APP abzulesen ist die momentane Spannung und ein besonderes Highlight ist die Meldefunktion. Hier wird von der Batterie ausgel\u00f6st automatisch eine SMS auf das Handy gesendet, wenn die Spannung der Bordbatterie eine kritische Unterspannung erreicht. Das Batteriegeh\u00e4use der MT LI 85 und MT LI 105 wurde den g\u00e4ngigen Abmessungen angepasst. Somit ist es m\u00f6glich diese Batterie in eine Standard-Halterung einzubauen und durch die ebenfalls verwendeten Rundpole k\u00f6nnen die bereits montierten Kabel einfach aufgesetzt werden. Ab der Batteriegr\u00f6\u00dfe MT LI 120 k\u00f6nnen die Anschlusskabel auch direkt aufgeschraubtwerden. Es ist aber auch hier m\u00f6glich nachtr\u00e4glich Adapter f\u00fcr Rundpole aufzusetzen.<\/p>\n","protected":false},"excerpt":{"rendered":"<p>Hohe Speicherkapazit\u00e4t, geringes Gewicht und eine hohe Zyklenfestigkeit zeichnen die LiFePO4-Bordbatterien von B\u00dcTTNER ELEKTRONIK aus. Durch ein intelligentes Batterie-Management-System (BMS) werden die Batterien intern sicher \u00fcberwacht. Der Betrieb von Wechselrichtern auch mit h\u00f6herer Ausgangsleistung ist problemlos m\u00f6glich. Selbst bei der kleinsten Ausf\u00fchrung (MT LI 85) ist es m\u00f6glich mit einem Wechselrichter (z.B. MT 1200SI\/SI-N) eine [&hellip;]<\/p>\n","protected":false},"featured_media":118197,"template":"","meta":{"_acf_changed":false},"product_featured_cat":[],"product_brand":[3069],"product_cat":[5114],"product_tag":[],"class_list":{"0":"post-118199","1":"product","2":"type-product","3":"status-publish","4":"has-post-thumbnail","6":"product_brand-buttner-elektronik-de","7":"product_cat-lithium-batterien","9":"first","10":"instock","11":"taxable","12":"shipping-taxable","13":"purchasable","14":"product-type-simple"},"acf":[],"yoast_head":"<!-- This site is optimized with the Yoast SEO plugin v27.4 - https:\/\/yoast.com\/product\/yoast-seo-wordpress\/ -->\n<title>Bord-Versorgungsbatterie B\u00dcTTNER ELEKTRONIK Li-Ionen 240 AH - Bantam Camping AG<\/title>\n<meta name=\"robots\" content=\"index, follow, max-snippet:-1, max-image-preview:large, max-video-preview:-1\" \/>\n<link rel=\"canonical\" href=\"https:\/\/shop.bantam.ch\/de\/produkt\/bord-versorgungsbatterie-li-ionen-240-ah\/\" \/>\n<meta property=\"og:locale\" content=\"de_DE\" \/>\n<meta property=\"og:type\" content=\"article\" \/>\n<meta property=\"og:title\" content=\"Bord-Versorgungsbatterie B\u00dcTTNER ELEKTRONIK Li-Ionen 240 AH - Bantam Camping AG\" \/>\n<meta property=\"og:description\" content=\"Hohe Speicherkapazit\u00e4t, geringes Gewicht und eine hohe Zyklenfestigkeit zeichnen die LiFePO4-Bordbatterien von B\u00dcTTNER ELEKTRONIK aus. Durch ein intelligentes Batterie-Management-System (BMS) werden die Batterien intern sicher \u00fcberwacht. Der Betrieb von Wechselrichtern auch mit h\u00f6herer Ausgangsleistung ist problemlos m\u00f6glich. Selbst bei der kleinsten Ausf\u00fchrung (MT LI 85) ist es m\u00f6glich mit einem Wechselrichter (z.B. MT 1200SI\/SI-N) eine [&hellip;]\" \/>\n<meta property=\"og:url\" content=\"https:\/\/shop.bantam.ch\/de\/produkt\/bord-versorgungsbatterie-li-ionen-240-ah\/\" \/>\n<meta property=\"og:site_name\" content=\"Bantam Camping AG\" \/>\n<meta property=\"article:modified_time\" content=\"2026-04-17T19:46:49+00:00\" \/>\n<meta property=\"og:image\" content=\"https:\/\/shop.bantam.ch\/wp-content\/uploads\/2023\/02\/995825211.jpg\" \/>\n\t<meta property=\"og:image:width\" content=\"1000\" \/>\n\t<meta property=\"og:image:height\" content=\"697\" \/>\n\t<meta property=\"og:image:type\" content=\"image\/jpeg\" \/>\n<meta name=\"twitter:card\" content=\"summary_large_image\" \/>\n<meta name=\"twitter:label1\" content=\"Gesch\u00e4tzte Lesezeit\" \/>\n\t<meta name=\"twitter:data1\" content=\"2\u00a0Minuten\" \/>\n<script type=\"application\/ld+json\" class=\"yoast-schema-graph\">{\"@context\":\"https:\\\/\\\/schema.org\",\"@graph\":[{\"@type\":\"WebPage\",\"@id\":\"https:\\\/\\\/shop.bantam.ch\\\/de\\\/produkt\\\/bord-versorgungsbatterie-li-ionen-240-ah\\\/\",\"url\":\"https:\\\/\\\/shop.bantam.ch\\\/de\\\/produkt\\\/bord-versorgungsbatterie-li-ionen-240-ah\\\/\",\"name\":\"Bord-Versorgungsbatterie B\u00dcTTNER ELEKTRONIK Li-Ionen 240 AH - Bantam Camping AG\",\"isPartOf\":{\"@id\":\"https:\\\/\\\/shop.bantam.ch\\\/de\\\/#website\"},\"primaryImageOfPage\":{\"@id\":\"https:\\\/\\\/shop.bantam.ch\\\/de\\\/produkt\\\/bord-versorgungsbatterie-li-ionen-240-ah\\\/#primaryimage\"},\"image\":{\"@id\":\"https:\\\/\\\/shop.bantam.ch\\\/de\\\/produkt\\\/bord-versorgungsbatterie-li-ionen-240-ah\\\/#primaryimage\"},\"thumbnailUrl\":\"https:\\\/\\\/shop.bantam.ch\\\/wp-content\\\/uploads\\\/2023\\\/02\\\/995825211.jpg\",\"datePublished\":\"2023-02-28T21:43:51+00:00\",\"dateModified\":\"2026-04-17T19:46:49+00:00\",\"breadcrumb\":{\"@id\":\"https:\\\/\\\/shop.bantam.ch\\\/de\\\/produkt\\\/bord-versorgungsbatterie-li-ionen-240-ah\\\/#breadcrumb\"},\"inLanguage\":\"de\",\"potentialAction\":[{\"@type\":\"ReadAction\",\"target\":[\"https:\\\/\\\/shop.bantam.ch\\\/de\\\/produkt\\\/bord-versorgungsbatterie-li-ionen-240-ah\\\/\"]}]},{\"@type\":\"ImageObject\",\"inLanguage\":\"de\",\"@id\":\"https:\\\/\\\/shop.bantam.ch\\\/de\\\/produkt\\\/bord-versorgungsbatterie-li-ionen-240-ah\\\/#primaryimage\",\"url\":\"https:\\\/\\\/shop.bantam.ch\\\/wp-content\\\/uploads\\\/2023\\\/02\\\/995825211.jpg\",\"contentUrl\":\"https:\\\/\\\/shop.bantam.ch\\\/wp-content\\\/uploads\\\/2023\\\/02\\\/995825211.jpg\",\"width\":1000,\"height\":697},{\"@type\":\"BreadcrumbList\",\"@id\":\"https:\\\/\\\/shop.bantam.ch\\\/de\\\/produkt\\\/bord-versorgungsbatterie-li-ionen-240-ah\\\/#breadcrumb\",\"itemListElement\":[{\"@type\":\"ListItem\",\"position\":1,\"name\":\"Accueil\",\"item\":\"https:\\\/\\\/shop.bantam.ch\\\/de\\\/\"},{\"@type\":\"ListItem\",\"position\":2,\"name\":\"Shop\",\"item\":\"https:\\\/\\\/shop.bantam.ch\\\/de\\\/shop\\\/\"},{\"@type\":\"ListItem\",\"position\":3,\"name\":\"Bord-Versorgungsbatterie B\u00dcTTNER ELEKTRONIK Li-Ionen 240 AH\"}]},{\"@type\":\"WebSite\",\"@id\":\"https:\\\/\\\/shop.bantam.ch\\\/de\\\/#website\",\"url\":\"https:\\\/\\\/shop.bantam.ch\\\/de\\\/\",\"name\":\"Bantam Camping AG\",\"description\":\"\",\"publisher\":{\"@id\":\"https:\\\/\\\/shop.bantam.ch\\\/de\\\/#organization\"},\"inLanguage\":\"de\"},{\"@type\":\"Organization\",\"@id\":\"https:\\\/\\\/shop.bantam.ch\\\/de\\\/#organization\",\"name\":\"Bantam Camping AG\",\"url\":\"https:\\\/\\\/shop.bantam.ch\\\/de\\\/\",\"logo\":{\"@type\":\"ImageObject\",\"inLanguage\":\"de\",\"@id\":\"https:\\\/\\\/shop.bantam.ch\\\/de\\\/#\\\/schema\\\/logo\\\/image\\\/\",\"url\":\"https:\\\/\\\/shop.bantam.ch\\\/wp-content\\\/uploads\\\/2022\\\/12\\\/bantam-logo.png\",\"contentUrl\":\"https:\\\/\\\/shop.bantam.ch\\\/wp-content\\\/uploads\\\/2022\\\/12\\\/bantam-logo.png\",\"width\":320,\"height\":71,\"caption\":\"Bantam Camping AG\"},\"image\":{\"@id\":\"https:\\\/\\\/shop.bantam.ch\\\/de\\\/#\\\/schema\\\/logo\\\/image\\\/\"}}]}<\/script>\n<!-- \/ Yoast SEO plugin. -->","yoast_head_json":{"title":"Bord-Versorgungsbatterie B\u00dcTTNER ELEKTRONIK Li-Ionen 240 AH - Bantam Camping AG","robots":{"index":"index","follow":"follow","max-snippet":"max-snippet:-1","max-image-preview":"max-image-preview:large","max-video-preview":"max-video-preview:-1"},"canonical":"https:\/\/shop.bantam.ch\/de\/produkt\/bord-versorgungsbatterie-li-ionen-240-ah\/","og_locale":"de_DE","og_type":"article","og_title":"Bord-Versorgungsbatterie B\u00dcTTNER ELEKTRONIK Li-Ionen 240 AH - Bantam Camping AG","og_description":"Hohe Speicherkapazit\u00e4t, geringes Gewicht und eine hohe Zyklenfestigkeit zeichnen die LiFePO4-Bordbatterien von B\u00dcTTNER ELEKTRONIK aus. Durch ein intelligentes Batterie-Management-System (BMS) werden die Batterien intern sicher \u00fcberwacht. Der Betrieb von Wechselrichtern auch mit h\u00f6herer Ausgangsleistung ist problemlos m\u00f6glich. Selbst bei der kleinsten Ausf\u00fchrung (MT LI 85) ist es m\u00f6glich mit einem Wechselrichter (z.B. MT 1200SI\/SI-N) eine [&hellip;]","og_url":"https:\/\/shop.bantam.ch\/de\/produkt\/bord-versorgungsbatterie-li-ionen-240-ah\/","og_site_name":"Bantam Camping AG","article_modified_time":"2026-04-17T19:46:49+00:00","og_image":[{"width":1000,"height":697,"url":"https:\/\/shop.bantam.ch\/wp-content\/uploads\/2023\/02\/995825211.jpg","type":"image\/jpeg"}],"twitter_card":"summary_large_image","twitter_misc":{"Gesch\u00e4tzte Lesezeit":"2\u00a0Minuten"},"schema":{"@context":"https:\/\/schema.org","@graph":[{"@type":"WebPage","@id":"https:\/\/shop.bantam.ch\/de\/produkt\/bord-versorgungsbatterie-li-ionen-240-ah\/","url":"https:\/\/shop.bantam.ch\/de\/produkt\/bord-versorgungsbatterie-li-ionen-240-ah\/","name":"Bord-Versorgungsbatterie B\u00dcTTNER ELEKTRONIK Li-Ionen 240 AH - Bantam Camping AG","isPartOf":{"@id":"https:\/\/shop.bantam.ch\/de\/#website"},"primaryImageOfPage":{"@id":"https:\/\/shop.bantam.ch\/de\/produkt\/bord-versorgungsbatterie-li-ionen-240-ah\/#primaryimage"},"image":{"@id":"https:\/\/shop.bantam.ch\/de\/produkt\/bord-versorgungsbatterie-li-ionen-240-ah\/#primaryimage"},"thumbnailUrl":"https:\/\/shop.bantam.ch\/wp-content\/uploads\/2023\/02\/995825211.jpg","datePublished":"2023-02-28T21:43:51+00:00","dateModified":"2026-04-17T19:46:49+00:00","breadcrumb":{"@id":"https:\/\/shop.bantam.ch\/de\/produkt\/bord-versorgungsbatterie-li-ionen-240-ah\/#breadcrumb"},"inLanguage":"de","potentialAction":[{"@type":"ReadAction","target":["https:\/\/shop.bantam.ch\/de\/produkt\/bord-versorgungsbatterie-li-ionen-240-ah\/"]}]},{"@type":"ImageObject","inLanguage":"de","@id":"https:\/\/shop.bantam.ch\/de\/produkt\/bord-versorgungsbatterie-li-ionen-240-ah\/#primaryimage","url":"https:\/\/shop.bantam.ch\/wp-content\/uploads\/2023\/02\/995825211.jpg","contentUrl":"https:\/\/shop.bantam.ch\/wp-content\/uploads\/2023\/02\/995825211.jpg","width":1000,"height":697},{"@type":"BreadcrumbList","@id":"https:\/\/shop.bantam.ch\/de\/produkt\/bord-versorgungsbatterie-li-ionen-240-ah\/#breadcrumb","itemListElement":[{"@type":"ListItem","position":1,"name":"Accueil","item":"https:\/\/shop.bantam.ch\/de\/"},{"@type":"ListItem","position":2,"name":"Shop","item":"https:\/\/shop.bantam.ch\/de\/shop\/"},{"@type":"ListItem","position":3,"name":"Bord-Versorgungsbatterie B\u00dcTTNER ELEKTRONIK Li-Ionen 240 AH"}]},{"@type":"WebSite","@id":"https:\/\/shop.bantam.ch\/de\/#website","url":"https:\/\/shop.bantam.ch\/de\/","name":"Bantam Camping AG","description":"","publisher":{"@id":"https:\/\/shop.bantam.ch\/de\/#organization"},"inLanguage":"de"},{"@type":"Organization","@id":"https:\/\/shop.bantam.ch\/de\/#organization","name":"Bantam Camping AG","url":"https:\/\/shop.bantam.ch\/de\/","logo":{"@type":"ImageObject","inLanguage":"de","@id":"https:\/\/shop.bantam.ch\/de\/#\/schema\/logo\/image\/","url":"https:\/\/shop.bantam.ch\/wp-content\/uploads\/2022\/12\/bantam-logo.png","contentUrl":"https:\/\/shop.bantam.ch\/wp-content\/uploads\/2022\/12\/bantam-logo.png","width":320,"height":71,"caption":"Bantam Camping AG"},"image":{"@id":"https:\/\/shop.bantam.ch\/de\/#\/schema\/logo\/image\/"}}]}},"_links":{"self":[{"href":"https:\/\/shop.bantam.ch\/de\/wp-json\/wp\/v2\/product\/118199","targetHints":{"allow":["GET"]}}],"collection":[{"href":"https:\/\/shop.bantam.ch\/de\/wp-json\/wp\/v2\/product"}],"about":[{"href":"https:\/\/shop.bantam.ch\/de\/wp-json\/wp\/v2\/types\/product"}],"wp:featuredmedia":[{"embeddable":true,"href":"https:\/\/shop.bantam.ch\/de\/wp-json\/wp\/v2\/media\/118197"}],"wp:attachment":[{"href":"https:\/\/shop.bantam.ch\/de\/wp-json\/wp\/v2\/media?parent=118199"}],"wp:term":[{"taxonomy":"product_featured_cat","embeddable":true,"href":"https:\/\/shop.bantam.ch\/de\/wp-json\/wp\/v2\/product_featured_cat?post=118199"},{"taxonomy":"product_brand","embeddable":true,"href":"https:\/\/shop.bantam.ch\/de\/wp-json\/wp\/v2\/product_brand?post=118199"},{"taxonomy":"product_cat","embeddable":true,"href":"https:\/\/shop.bantam.ch\/de\/wp-json\/wp\/v2\/product_cat?post=118199"},{"taxonomy":"product_tag","embeddable":true,"href":"https:\/\/shop.bantam.ch\/de\/wp-json\/wp\/v2\/product_tag?post=118199"}],"curies":[{"name":"wp","href":"https:\/\/api.w.org\/{rel}","templated":true}]}}