{"id":118037,"date":"2023-02-28T22:40:41","date_gmt":"2023-02-28T21:40:41","guid":{"rendered":"https:\/\/shop.bantam.ch\/produit\/solarmodul-flat-light-sm-fl-150-150-w\/"},"modified":"2026-04-17T21:46:41","modified_gmt":"2026-04-17T19:46:41","slug":"solarmodul-flat-light-sm-fl-150-150-w","status":"publish","type":"product","link":"https:\/\/shop.bantam.ch\/de\/produkt\/solarmodul-flat-light-sm-fl-150-150-w\/","title":{"rendered":"Solarmodul B\u00dcTTNER ELEKTRONIK Flat-Light SM-FL 150, 150 W"},"content":{"rendered":"<p>High-End-Solarmodule zum direkten Aufkleben. Extrem leicht mit geringer Aufbauh\u00f6he und kompakten Abmessungen. Die Dachdurchf\u00fchrung ist druckwasserdicht und das Solarmodul bei fl\u00e4chiger Verklebung voll begehbar. Die Hochleistungszellen werden optimal gesch\u00fctzt und k\u00f6nnen auch auf leicht gew\u00f6lbte Dachfl\u00e4chen aufgeklebt werden.<\/p>\n<p>Lieferumfang:<\/p>\n<p>Inkl.\u00a0aufklebbare Dachdurchf\u00fchrung<\/p>\n<p>Max. tagesleistung: 660 Wh<\/p>\n<p>Nennleistung: 150 Wp<\/p>\n","protected":false},"excerpt":{"rendered":"<p>High-End-Solarmodule zum direkten Aufkleben. Extrem leicht mit geringer Aufbauh\u00f6he und kompakten Abmessungen. Die Dachdurchf\u00fchrung ist druckwasserdicht und das Solarmodul bei fl\u00e4chiger Verklebung voll begehbar. Die Hochleistungszellen werden optimal gesch\u00fctzt und k\u00f6nnen auch auf leicht gew\u00f6lbte Dachfl\u00e4chen aufgeklebt werden. Lieferumfang: Inkl.\u00a0aufklebbare Dachdurchf\u00fchrung Max. tagesleistung: 660 Wh Nennleistung: 150 Wp<\/p>\n","protected":false},"featured_media":118035,"template":"","meta":{"_acf_changed":false},"product_featured_cat":[],"product_brand":[3069],"product_cat":[4884],"product_tag":[],"class_list":{"0":"post-118037","1":"product","2":"type-product","3":"status-publish","4":"has-post-thumbnail","6":"product_brand-buttner-elektronik-de","7":"product_cat-solarmodule","9":"first","10":"instock","11":"taxable","12":"shipping-taxable","13":"purchasable","14":"product-type-simple"},"acf":[],"yoast_head":"<!-- This site is optimized with the Yoast SEO plugin v27.4 - https:\/\/yoast.com\/product\/yoast-seo-wordpress\/ -->\n<title>Solarmodul B\u00dcTTNER ELEKTRONIK Flat-Light SM-FL 150, 150 W - Bantam Camping AG<\/title>\n<meta name=\"robots\" content=\"index, follow, max-snippet:-1, max-image-preview:large, max-video-preview:-1\" \/>\n<link rel=\"canonical\" href=\"https:\/\/shop.bantam.ch\/de\/produkt\/solarmodul-flat-light-sm-fl-150-150-w\/\" \/>\n<meta property=\"og:locale\" content=\"de_DE\" \/>\n<meta property=\"og:type\" content=\"article\" \/>\n<meta property=\"og:title\" content=\"Solarmodul B\u00dcTTNER ELEKTRONIK Flat-Light SM-FL 150, 150 W - Bantam Camping AG\" \/>\n<meta property=\"og:description\" content=\"High-End-Solarmodule zum direkten Aufkleben. Extrem leicht mit geringer Aufbauh\u00f6he und kompakten Abmessungen. Die Dachdurchf\u00fchrung ist druckwasserdicht und das Solarmodul bei fl\u00e4chiger Verklebung voll begehbar. Die Hochleistungszellen werden optimal gesch\u00fctzt und k\u00f6nnen auch auf leicht gew\u00f6lbte Dachfl\u00e4chen aufgeklebt werden. Lieferumfang: Inkl.\u00a0aufklebbare Dachdurchf\u00fchrung Max. tagesleistung: 660 Wh Nennleistung: 150 Wp\" \/>\n<meta property=\"og:url\" content=\"https:\/\/shop.bantam.ch\/de\/produkt\/solarmodul-flat-light-sm-fl-150-150-w\/\" \/>\n<meta property=\"og:site_name\" content=\"Bantam Camping AG\" \/>\n<meta property=\"article:modified_time\" content=\"2026-04-17T19:46:41+00:00\" \/>\n<meta property=\"og:image\" content=\"https:\/\/shop.bantam.ch\/wp-content\/uploads\/2023\/02\/993070811zHSFFI1AZwoPj-1.jpg\" \/>\n\t<meta property=\"og:image:width\" content=\"1000\" \/>\n\t<meta property=\"og:image:height\" content=\"291\" \/>\n\t<meta property=\"og:image:type\" content=\"image\/jpeg\" \/>\n<meta name=\"twitter:card\" content=\"summary_large_image\" \/>\n<script type=\"application\/ld+json\" class=\"yoast-schema-graph\">{\"@context\":\"https:\\\/\\\/schema.org\",\"@graph\":[{\"@type\":\"WebPage\",\"@id\":\"https:\\\/\\\/shop.bantam.ch\\\/de\\\/produkt\\\/solarmodul-flat-light-sm-fl-150-150-w\\\/\",\"url\":\"https:\\\/\\\/shop.bantam.ch\\\/de\\\/produkt\\\/solarmodul-flat-light-sm-fl-150-150-w\\\/\",\"name\":\"Solarmodul B\u00dcTTNER ELEKTRONIK Flat-Light SM-FL 150, 150 W - Bantam Camping AG\",\"isPartOf\":{\"@id\":\"https:\\\/\\\/shop.bantam.ch\\\/de\\\/#website\"},\"primaryImageOfPage\":{\"@id\":\"https:\\\/\\\/shop.bantam.ch\\\/de\\\/produkt\\\/solarmodul-flat-light-sm-fl-150-150-w\\\/#primaryimage\"},\"image\":{\"@id\":\"https:\\\/\\\/shop.bantam.ch\\\/de\\\/produkt\\\/solarmodul-flat-light-sm-fl-150-150-w\\\/#primaryimage\"},\"thumbnailUrl\":\"https:\\\/\\\/shop.bantam.ch\\\/wp-content\\\/uploads\\\/2023\\\/02\\\/993070811zHSFFI1AZwoPj-1.jpg\",\"datePublished\":\"2023-02-28T21:40:41+00:00\",\"dateModified\":\"2026-04-17T19:46:41+00:00\",\"breadcrumb\":{\"@id\":\"https:\\\/\\\/shop.bantam.ch\\\/de\\\/produkt\\\/solarmodul-flat-light-sm-fl-150-150-w\\\/#breadcrumb\"},\"inLanguage\":\"de\",\"potentialAction\":[{\"@type\":\"ReadAction\",\"target\":[\"https:\\\/\\\/shop.bantam.ch\\\/de\\\/produkt\\\/solarmodul-flat-light-sm-fl-150-150-w\\\/\"]}]},{\"@type\":\"ImageObject\",\"inLanguage\":\"de\",\"@id\":\"https:\\\/\\\/shop.bantam.ch\\\/de\\\/produkt\\\/solarmodul-flat-light-sm-fl-150-150-w\\\/#primaryimage\",\"url\":\"https:\\\/\\\/shop.bantam.ch\\\/wp-content\\\/uploads\\\/2023\\\/02\\\/993070811zHSFFI1AZwoPj-1.jpg\",\"contentUrl\":\"https:\\\/\\\/shop.bantam.ch\\\/wp-content\\\/uploads\\\/2023\\\/02\\\/993070811zHSFFI1AZwoPj-1.jpg\",\"width\":1000,\"height\":291},{\"@type\":\"BreadcrumbList\",\"@id\":\"https:\\\/\\\/shop.bantam.ch\\\/de\\\/produkt\\\/solarmodul-flat-light-sm-fl-150-150-w\\\/#breadcrumb\",\"itemListElement\":[{\"@type\":\"ListItem\",\"position\":1,\"name\":\"Accueil\",\"item\":\"https:\\\/\\\/shop.bantam.ch\\\/de\\\/\"},{\"@type\":\"ListItem\",\"position\":2,\"name\":\"Shop\",\"item\":\"https:\\\/\\\/shop.bantam.ch\\\/de\\\/shop\\\/\"},{\"@type\":\"ListItem\",\"position\":3,\"name\":\"Solarmodul B\u00dcTTNER ELEKTRONIK Flat-Light SM-FL 150, 150 W\"}]},{\"@type\":\"WebSite\",\"@id\":\"https:\\\/\\\/shop.bantam.ch\\\/de\\\/#website\",\"url\":\"https:\\\/\\\/shop.bantam.ch\\\/de\\\/\",\"name\":\"Bantam Camping AG\",\"description\":\"\",\"publisher\":{\"@id\":\"https:\\\/\\\/shop.bantam.ch\\\/de\\\/#organization\"},\"inLanguage\":\"de\"},{\"@type\":\"Organization\",\"@id\":\"https:\\\/\\\/shop.bantam.ch\\\/de\\\/#organization\",\"name\":\"Bantam Camping AG\",\"url\":\"https:\\\/\\\/shop.bantam.ch\\\/de\\\/\",\"logo\":{\"@type\":\"ImageObject\",\"inLanguage\":\"de\",\"@id\":\"https:\\\/\\\/shop.bantam.ch\\\/de\\\/#\\\/schema\\\/logo\\\/image\\\/\",\"url\":\"https:\\\/\\\/shop.bantam.ch\\\/wp-content\\\/uploads\\\/2022\\\/12\\\/bantam-logo.png\",\"contentUrl\":\"https:\\\/\\\/shop.bantam.ch\\\/wp-content\\\/uploads\\\/2022\\\/12\\\/bantam-logo.png\",\"width\":320,\"height\":71,\"caption\":\"Bantam Camping AG\"},\"image\":{\"@id\":\"https:\\\/\\\/shop.bantam.ch\\\/de\\\/#\\\/schema\\\/logo\\\/image\\\/\"}}]}<\/script>\n<!-- \/ Yoast SEO plugin. -->","yoast_head_json":{"title":"Solarmodul B\u00dcTTNER ELEKTRONIK Flat-Light SM-FL 150, 150 W - Bantam Camping AG","robots":{"index":"index","follow":"follow","max-snippet":"max-snippet:-1","max-image-preview":"max-image-preview:large","max-video-preview":"max-video-preview:-1"},"canonical":"https:\/\/shop.bantam.ch\/de\/produkt\/solarmodul-flat-light-sm-fl-150-150-w\/","og_locale":"de_DE","og_type":"article","og_title":"Solarmodul B\u00dcTTNER ELEKTRONIK Flat-Light SM-FL 150, 150 W - Bantam Camping AG","og_description":"High-End-Solarmodule zum direkten Aufkleben. Extrem leicht mit geringer Aufbauh\u00f6he und kompakten Abmessungen. Die Dachdurchf\u00fchrung ist druckwasserdicht und das Solarmodul bei fl\u00e4chiger Verklebung voll begehbar. Die Hochleistungszellen werden optimal gesch\u00fctzt und k\u00f6nnen auch auf leicht gew\u00f6lbte Dachfl\u00e4chen aufgeklebt werden. Lieferumfang: Inkl.\u00a0aufklebbare Dachdurchf\u00fchrung Max. tagesleistung: 660 Wh Nennleistung: 150 Wp","og_url":"https:\/\/shop.bantam.ch\/de\/produkt\/solarmodul-flat-light-sm-fl-150-150-w\/","og_site_name":"Bantam Camping AG","article_modified_time":"2026-04-17T19:46:41+00:00","og_image":[{"width":1000,"height":291,"url":"https:\/\/shop.bantam.ch\/wp-content\/uploads\/2023\/02\/993070811zHSFFI1AZwoPj-1.jpg","type":"image\/jpeg"}],"twitter_card":"summary_large_image","schema":{"@context":"https:\/\/schema.org","@graph":[{"@type":"WebPage","@id":"https:\/\/shop.bantam.ch\/de\/produkt\/solarmodul-flat-light-sm-fl-150-150-w\/","url":"https:\/\/shop.bantam.ch\/de\/produkt\/solarmodul-flat-light-sm-fl-150-150-w\/","name":"Solarmodul B\u00dcTTNER ELEKTRONIK Flat-Light SM-FL 150, 150 W - Bantam Camping AG","isPartOf":{"@id":"https:\/\/shop.bantam.ch\/de\/#website"},"primaryImageOfPage":{"@id":"https:\/\/shop.bantam.ch\/de\/produkt\/solarmodul-flat-light-sm-fl-150-150-w\/#primaryimage"},"image":{"@id":"https:\/\/shop.bantam.ch\/de\/produkt\/solarmodul-flat-light-sm-fl-150-150-w\/#primaryimage"},"thumbnailUrl":"https:\/\/shop.bantam.ch\/wp-content\/uploads\/2023\/02\/993070811zHSFFI1AZwoPj-1.jpg","datePublished":"2023-02-28T21:40:41+00:00","dateModified":"2026-04-17T19:46:41+00:00","breadcrumb":{"@id":"https:\/\/shop.bantam.ch\/de\/produkt\/solarmodul-flat-light-sm-fl-150-150-w\/#breadcrumb"},"inLanguage":"de","potentialAction":[{"@type":"ReadAction","target":["https:\/\/shop.bantam.ch\/de\/produkt\/solarmodul-flat-light-sm-fl-150-150-w\/"]}]},{"@type":"ImageObject","inLanguage":"de","@id":"https:\/\/shop.bantam.ch\/de\/produkt\/solarmodul-flat-light-sm-fl-150-150-w\/#primaryimage","url":"https:\/\/shop.bantam.ch\/wp-content\/uploads\/2023\/02\/993070811zHSFFI1AZwoPj-1.jpg","contentUrl":"https:\/\/shop.bantam.ch\/wp-content\/uploads\/2023\/02\/993070811zHSFFI1AZwoPj-1.jpg","width":1000,"height":291},{"@type":"BreadcrumbList","@id":"https:\/\/shop.bantam.ch\/de\/produkt\/solarmodul-flat-light-sm-fl-150-150-w\/#breadcrumb","itemListElement":[{"@type":"ListItem","position":1,"name":"Accueil","item":"https:\/\/shop.bantam.ch\/de\/"},{"@type":"ListItem","position":2,"name":"Shop","item":"https:\/\/shop.bantam.ch\/de\/shop\/"},{"@type":"ListItem","position":3,"name":"Solarmodul B\u00dcTTNER ELEKTRONIK Flat-Light SM-FL 150, 150 W"}]},{"@type":"WebSite","@id":"https:\/\/shop.bantam.ch\/de\/#website","url":"https:\/\/shop.bantam.ch\/de\/","name":"Bantam Camping AG","description":"","publisher":{"@id":"https:\/\/shop.bantam.ch\/de\/#organization"},"inLanguage":"de"},{"@type":"Organization","@id":"https:\/\/shop.bantam.ch\/de\/#organization","name":"Bantam Camping AG","url":"https:\/\/shop.bantam.ch\/de\/","logo":{"@type":"ImageObject","inLanguage":"de","@id":"https:\/\/shop.bantam.ch\/de\/#\/schema\/logo\/image\/","url":"https:\/\/shop.bantam.ch\/wp-content\/uploads\/2022\/12\/bantam-logo.png","contentUrl":"https:\/\/shop.bantam.ch\/wp-content\/uploads\/2022\/12\/bantam-logo.png","width":320,"height":71,"caption":"Bantam Camping AG"},"image":{"@id":"https:\/\/shop.bantam.ch\/de\/#\/schema\/logo\/image\/"}}]}},"_links":{"self":[{"href":"https:\/\/shop.bantam.ch\/de\/wp-json\/wp\/v2\/product\/118037","targetHints":{"allow":["GET"]}}],"collection":[{"href":"https:\/\/shop.bantam.ch\/de\/wp-json\/wp\/v2\/product"}],"about":[{"href":"https:\/\/shop.bantam.ch\/de\/wp-json\/wp\/v2\/types\/product"}],"wp:featuredmedia":[{"embeddable":true,"href":"https:\/\/shop.bantam.ch\/de\/wp-json\/wp\/v2\/media\/118035"}],"wp:attachment":[{"href":"https:\/\/shop.bantam.ch\/de\/wp-json\/wp\/v2\/media?parent=118037"}],"wp:term":[{"taxonomy":"product_featured_cat","embeddable":true,"href":"https:\/\/shop.bantam.ch\/de\/wp-json\/wp\/v2\/product_featured_cat?post=118037"},{"taxonomy":"product_brand","embeddable":true,"href":"https:\/\/shop.bantam.ch\/de\/wp-json\/wp\/v2\/product_brand?post=118037"},{"taxonomy":"product_cat","embeddable":true,"href":"https:\/\/shop.bantam.ch\/de\/wp-json\/wp\/v2\/product_cat?post=118037"},{"taxonomy":"product_tag","embeddable":true,"href":"https:\/\/shop.bantam.ch\/de\/wp-json\/wp\/v2\/product_tag?post=118037"}],"curies":[{"name":"wp","href":"https:\/\/api.w.org\/{rel}","templated":true}]}}