{"id":117999,"date":"2023-02-28T22:39:37","date_gmt":"2023-02-28T21:39:37","guid":{"rendered":"https:\/\/shop.bantam.ch\/produit\/trittstufenzubehoer-led-kit-slide-out-g2-ducato-jumper-boxer-crafter\/"},"modified":"2026-05-02T21:45:13","modified_gmt":"2026-05-02T19:45:13","slug":"trittstufenzubehoer-led-kit-slide-out-g2-ducato-jumper-boxer-crafter","status":"publish","type":"product","link":"https:\/\/shop.bantam.ch\/de\/produkt\/trittstufenzubehoer-led-kit-slide-out-g2-ducato-jumper-boxer-crafter\/","title":{"rendered":"Trittstufenzubeh\u00f6r THULE LED Kit Slide-Out Step G2 Ducato \/ Jumper \/ Boxer \/ Crafter"},"content":{"rendered":"<p>Integrierte und gesch\u00fctzte LED f\u00fcr optimale Beleuchtung der Trittfl\u00e4che.<\/p>\n","protected":false},"excerpt":{"rendered":"<p>Integrierte und gesch\u00fctzte LED f\u00fcr optimale Beleuchtung der Trittfl\u00e4che.<\/p>\n","protected":false},"featured_media":117995,"template":"","meta":{"_acf_changed":false},"product_featured_cat":[],"product_brand":[3047],"product_cat":[4678],"product_tag":[],"class_list":{"0":"post-117999","1":"product","2":"type-product","3":"status-publish","4":"has-post-thumbnail","6":"product_brand-thule-de","7":"product_cat-einstiegshilfen-trittstufen-zubehoer","9":"first","10":"instock","11":"taxable","12":"shipping-taxable","13":"purchasable","14":"product-type-simple"},"acf":[],"yoast_head":"<!-- This site is optimized with the Yoast SEO plugin v27.5 - https:\/\/yoast.com\/product\/yoast-seo-wordpress\/ -->\n<title>Trittstufenzubeh\u00f6r THULE LED Kit Slide-Out Step G2 Ducato \/ Jumper \/ Boxer \/ Crafter - Bantam<\/title>\n<meta name=\"robots\" content=\"index, follow, max-snippet:-1, max-image-preview:large, max-video-preview:-1\" \/>\n<link rel=\"canonical\" href=\"https:\/\/shop.bantam.ch\/de\/produkt\/trittstufenzubehoer-led-kit-slide-out-g2-ducato-jumper-boxer-crafter\/\" \/>\n<meta property=\"og:locale\" content=\"de_DE\" \/>\n<meta property=\"og:type\" content=\"article\" \/>\n<meta property=\"og:title\" content=\"Trittstufenzubeh\u00f6r THULE LED Kit Slide-Out Step G2 Ducato \/ Jumper \/ Boxer \/ Crafter - Bantam\" \/>\n<meta property=\"og:description\" content=\"Integrierte und gesch\u00fctzte LED f\u00fcr optimale Beleuchtung der Trittfl\u00e4che.\" \/>\n<meta property=\"og:url\" content=\"https:\/\/shop.bantam.ch\/de\/produkt\/trittstufenzubehoer-led-kit-slide-out-g2-ducato-jumper-boxer-crafter\/\" \/>\n<meta property=\"og:site_name\" content=\"Bantam\" \/>\n<meta property=\"article:modified_time\" content=\"2026-05-02T19:45:13+00:00\" \/>\n<meta property=\"og:image\" content=\"https:\/\/shop.bantam.ch\/wp-content\/uploads\/2023\/02\/994447111.png\" \/>\n\t<meta property=\"og:image:width\" content=\"540\" \/>\n\t<meta property=\"og:image:height\" content=\"684\" \/>\n\t<meta property=\"og:image:type\" content=\"image\/png\" \/>\n<meta name=\"twitter:card\" content=\"summary_large_image\" \/>\n<script type=\"application\/ld+json\" class=\"yoast-schema-graph\">{\"@context\":\"https:\\\/\\\/schema.org\",\"@graph\":[{\"@type\":\"WebPage\",\"@id\":\"https:\\\/\\\/shop.bantam.ch\\\/de\\\/produkt\\\/trittstufenzubehoer-led-kit-slide-out-g2-ducato-jumper-boxer-crafter\\\/\",\"url\":\"https:\\\/\\\/shop.bantam.ch\\\/de\\\/produkt\\\/trittstufenzubehoer-led-kit-slide-out-g2-ducato-jumper-boxer-crafter\\\/\",\"name\":\"Trittstufenzubeh\u00f6r THULE LED Kit Slide-Out Step G2 Ducato \\\/ Jumper \\\/ Boxer \\\/ Crafter - Bantam\",\"isPartOf\":{\"@id\":\"https:\\\/\\\/shop.bantam.ch\\\/de\\\/#website\"},\"primaryImageOfPage\":{\"@id\":\"https:\\\/\\\/shop.bantam.ch\\\/de\\\/produkt\\\/trittstufenzubehoer-led-kit-slide-out-g2-ducato-jumper-boxer-crafter\\\/#primaryimage\"},\"image\":{\"@id\":\"https:\\\/\\\/shop.bantam.ch\\\/de\\\/produkt\\\/trittstufenzubehoer-led-kit-slide-out-g2-ducato-jumper-boxer-crafter\\\/#primaryimage\"},\"thumbnailUrl\":\"https:\\\/\\\/shop.bantam.ch\\\/wp-content\\\/uploads\\\/2023\\\/02\\\/994447111.png\",\"datePublished\":\"2023-02-28T21:39:37+00:00\",\"dateModified\":\"2026-05-02T19:45:13+00:00\",\"breadcrumb\":{\"@id\":\"https:\\\/\\\/shop.bantam.ch\\\/de\\\/produkt\\\/trittstufenzubehoer-led-kit-slide-out-g2-ducato-jumper-boxer-crafter\\\/#breadcrumb\"},\"inLanguage\":\"de\",\"potentialAction\":[{\"@type\":\"ReadAction\",\"target\":[\"https:\\\/\\\/shop.bantam.ch\\\/de\\\/produkt\\\/trittstufenzubehoer-led-kit-slide-out-g2-ducato-jumper-boxer-crafter\\\/\"]}]},{\"@type\":\"ImageObject\",\"inLanguage\":\"de\",\"@id\":\"https:\\\/\\\/shop.bantam.ch\\\/de\\\/produkt\\\/trittstufenzubehoer-led-kit-slide-out-g2-ducato-jumper-boxer-crafter\\\/#primaryimage\",\"url\":\"https:\\\/\\\/shop.bantam.ch\\\/wp-content\\\/uploads\\\/2023\\\/02\\\/994447111.png\",\"contentUrl\":\"https:\\\/\\\/shop.bantam.ch\\\/wp-content\\\/uploads\\\/2023\\\/02\\\/994447111.png\",\"width\":540,\"height\":684},{\"@type\":\"BreadcrumbList\",\"@id\":\"https:\\\/\\\/shop.bantam.ch\\\/de\\\/produkt\\\/trittstufenzubehoer-led-kit-slide-out-g2-ducato-jumper-boxer-crafter\\\/#breadcrumb\",\"itemListElement\":[{\"@type\":\"ListItem\",\"position\":1,\"name\":\"Accueil\",\"item\":\"https:\\\/\\\/shop.bantam.ch\\\/de\\\/\"},{\"@type\":\"ListItem\",\"position\":2,\"name\":\"Shop\",\"item\":\"https:\\\/\\\/shop.bantam.ch\\\/de\\\/shop\\\/\"},{\"@type\":\"ListItem\",\"position\":3,\"name\":\"Trittstufenzubeh\u00f6r THULE LED Kit Slide-Out Step G2 Ducato \\\/ Jumper \\\/ Boxer \\\/ Crafter\"}]},{\"@type\":\"WebSite\",\"@id\":\"https:\\\/\\\/shop.bantam.ch\\\/de\\\/#website\",\"url\":\"https:\\\/\\\/shop.bantam.ch\\\/de\\\/\",\"name\":\"Bantam\",\"description\":\"\",\"publisher\":{\"@id\":\"https:\\\/\\\/shop.bantam.ch\\\/de\\\/#organization\"},\"inLanguage\":\"de\"},{\"@type\":\"Organization\",\"@id\":\"https:\\\/\\\/shop.bantam.ch\\\/de\\\/#organization\",\"name\":\"Bantam\",\"url\":\"https:\\\/\\\/shop.bantam.ch\\\/de\\\/\",\"logo\":{\"@type\":\"ImageObject\",\"inLanguage\":\"de\",\"@id\":\"https:\\\/\\\/shop.bantam.ch\\\/de\\\/#\\\/schema\\\/logo\\\/image\\\/\",\"url\":\"https:\\\/\\\/shop.bantam.ch\\\/wp-content\\\/uploads\\\/2022\\\/12\\\/bantam-logo.png\",\"contentUrl\":\"https:\\\/\\\/shop.bantam.ch\\\/wp-content\\\/uploads\\\/2022\\\/12\\\/bantam-logo.png\",\"width\":320,\"height\":71,\"caption\":\"Bantam\"},\"image\":{\"@id\":\"https:\\\/\\\/shop.bantam.ch\\\/de\\\/#\\\/schema\\\/logo\\\/image\\\/\"}}]}<\/script>\n<!-- \/ Yoast SEO plugin. -->","yoast_head_json":{"title":"Trittstufenzubeh\u00f6r THULE LED Kit Slide-Out Step G2 Ducato \/ Jumper \/ Boxer \/ Crafter - Bantam","robots":{"index":"index","follow":"follow","max-snippet":"max-snippet:-1","max-image-preview":"max-image-preview:large","max-video-preview":"max-video-preview:-1"},"canonical":"https:\/\/shop.bantam.ch\/de\/produkt\/trittstufenzubehoer-led-kit-slide-out-g2-ducato-jumper-boxer-crafter\/","og_locale":"de_DE","og_type":"article","og_title":"Trittstufenzubeh\u00f6r THULE LED Kit Slide-Out Step G2 Ducato \/ Jumper \/ Boxer \/ Crafter - Bantam","og_description":"Integrierte und gesch\u00fctzte LED f\u00fcr optimale Beleuchtung der Trittfl\u00e4che.","og_url":"https:\/\/shop.bantam.ch\/de\/produkt\/trittstufenzubehoer-led-kit-slide-out-g2-ducato-jumper-boxer-crafter\/","og_site_name":"Bantam","article_modified_time":"2026-05-02T19:45:13+00:00","og_image":[{"width":540,"height":684,"url":"https:\/\/shop.bantam.ch\/wp-content\/uploads\/2023\/02\/994447111.png","type":"image\/png"}],"twitter_card":"summary_large_image","schema":{"@context":"https:\/\/schema.org","@graph":[{"@type":"WebPage","@id":"https:\/\/shop.bantam.ch\/de\/produkt\/trittstufenzubehoer-led-kit-slide-out-g2-ducato-jumper-boxer-crafter\/","url":"https:\/\/shop.bantam.ch\/de\/produkt\/trittstufenzubehoer-led-kit-slide-out-g2-ducato-jumper-boxer-crafter\/","name":"Trittstufenzubeh\u00f6r THULE LED Kit Slide-Out Step G2 Ducato \/ Jumper \/ Boxer \/ Crafter - Bantam","isPartOf":{"@id":"https:\/\/shop.bantam.ch\/de\/#website"},"primaryImageOfPage":{"@id":"https:\/\/shop.bantam.ch\/de\/produkt\/trittstufenzubehoer-led-kit-slide-out-g2-ducato-jumper-boxer-crafter\/#primaryimage"},"image":{"@id":"https:\/\/shop.bantam.ch\/de\/produkt\/trittstufenzubehoer-led-kit-slide-out-g2-ducato-jumper-boxer-crafter\/#primaryimage"},"thumbnailUrl":"https:\/\/shop.bantam.ch\/wp-content\/uploads\/2023\/02\/994447111.png","datePublished":"2023-02-28T21:39:37+00:00","dateModified":"2026-05-02T19:45:13+00:00","breadcrumb":{"@id":"https:\/\/shop.bantam.ch\/de\/produkt\/trittstufenzubehoer-led-kit-slide-out-g2-ducato-jumper-boxer-crafter\/#breadcrumb"},"inLanguage":"de","potentialAction":[{"@type":"ReadAction","target":["https:\/\/shop.bantam.ch\/de\/produkt\/trittstufenzubehoer-led-kit-slide-out-g2-ducato-jumper-boxer-crafter\/"]}]},{"@type":"ImageObject","inLanguage":"de","@id":"https:\/\/shop.bantam.ch\/de\/produkt\/trittstufenzubehoer-led-kit-slide-out-g2-ducato-jumper-boxer-crafter\/#primaryimage","url":"https:\/\/shop.bantam.ch\/wp-content\/uploads\/2023\/02\/994447111.png","contentUrl":"https:\/\/shop.bantam.ch\/wp-content\/uploads\/2023\/02\/994447111.png","width":540,"height":684},{"@type":"BreadcrumbList","@id":"https:\/\/shop.bantam.ch\/de\/produkt\/trittstufenzubehoer-led-kit-slide-out-g2-ducato-jumper-boxer-crafter\/#breadcrumb","itemListElement":[{"@type":"ListItem","position":1,"name":"Accueil","item":"https:\/\/shop.bantam.ch\/de\/"},{"@type":"ListItem","position":2,"name":"Shop","item":"https:\/\/shop.bantam.ch\/de\/shop\/"},{"@type":"ListItem","position":3,"name":"Trittstufenzubeh\u00f6r THULE LED Kit Slide-Out Step G2 Ducato \/ Jumper \/ Boxer \/ Crafter"}]},{"@type":"WebSite","@id":"https:\/\/shop.bantam.ch\/de\/#website","url":"https:\/\/shop.bantam.ch\/de\/","name":"Bantam","description":"","publisher":{"@id":"https:\/\/shop.bantam.ch\/de\/#organization"},"inLanguage":"de"},{"@type":"Organization","@id":"https:\/\/shop.bantam.ch\/de\/#organization","name":"Bantam","url":"https:\/\/shop.bantam.ch\/de\/","logo":{"@type":"ImageObject","inLanguage":"de","@id":"https:\/\/shop.bantam.ch\/de\/#\/schema\/logo\/image\/","url":"https:\/\/shop.bantam.ch\/wp-content\/uploads\/2022\/12\/bantam-logo.png","contentUrl":"https:\/\/shop.bantam.ch\/wp-content\/uploads\/2022\/12\/bantam-logo.png","width":320,"height":71,"caption":"Bantam"},"image":{"@id":"https:\/\/shop.bantam.ch\/de\/#\/schema\/logo\/image\/"}}]}},"_links":{"self":[{"href":"https:\/\/shop.bantam.ch\/de\/wp-json\/wp\/v2\/product\/117999","targetHints":{"allow":["GET"]}}],"collection":[{"href":"https:\/\/shop.bantam.ch\/de\/wp-json\/wp\/v2\/product"}],"about":[{"href":"https:\/\/shop.bantam.ch\/de\/wp-json\/wp\/v2\/types\/product"}],"wp:featuredmedia":[{"embeddable":true,"href":"https:\/\/shop.bantam.ch\/de\/wp-json\/wp\/v2\/media\/117995"}],"wp:attachment":[{"href":"https:\/\/shop.bantam.ch\/de\/wp-json\/wp\/v2\/media?parent=117999"}],"wp:term":[{"taxonomy":"product_featured_cat","embeddable":true,"href":"https:\/\/shop.bantam.ch\/de\/wp-json\/wp\/v2\/product_featured_cat?post=117999"},{"taxonomy":"product_brand","embeddable":true,"href":"https:\/\/shop.bantam.ch\/de\/wp-json\/wp\/v2\/product_brand?post=117999"},{"taxonomy":"product_cat","embeddable":true,"href":"https:\/\/shop.bantam.ch\/de\/wp-json\/wp\/v2\/product_cat?post=117999"},{"taxonomy":"product_tag","embeddable":true,"href":"https:\/\/shop.bantam.ch\/de\/wp-json\/wp\/v2\/product_tag?post=117999"}],"curies":[{"name":"wp","href":"https:\/\/api.w.org\/{rel}","templated":true}]}}