{"id":117707,"date":"2023-02-28T22:34:01","date_gmt":"2023-02-28T21:34:01","guid":{"rendered":"https:\/\/shop.bantam.ch\/produit\/hochspannungsgeraet-mit-ultraschall-typ-8-2\/"},"modified":"2026-05-11T21:45:00","modified_gmt":"2026-05-11T19:45:00","slug":"hochspannungsgeraet-mit-ultraschall-typ-8-2","status":"publish","type":"product","link":"https:\/\/shop.bantam.ch\/de\/produkt\/hochspannungsgeraet-mit-ultraschall-typ-8-2\/","title":{"rendered":"Hochspannungsger\u00e4t Marder STOP &amp; GO mit Ultraschall Typ 8 Plus &#8211; Minus CLIP"},"content":{"rendered":"<p>Clip-Kontakt &#8211; ohne Bordnetzanschluss &#8211; superflache Slimline-Bauweise<\/p>\n<p>Minimaler Aufwand, maximale Flexibilit\u00e4t! Mit nur einem Clip zu vollem Schutz STOP&amp;GO macht es m\u00f6glich! Hochspannungs-Ultraschall-Kombinationsger\u00e4t mit sechs PLUS-MINUS CLIP Edelstahlkontaktplatten. Unabh\u00e4ngig vom Bordnetz, somit besonders geeignet f\u00fcr alternative Antriebe. Die Clip-Befestigungsm\u00f6glichkeit der doppelpoligen Edelstahlkontaktplatten erleichtert den Einbau zus\u00e4tzlich und bietet noch mehr Flexibilit\u00e4t, speziell f\u00fcr die immer kompakter werdenden Motorr\u00e4ume. Nachtr\u00e4gliches Anbringen weiterer Kontaktplatten ist durch &#8222;Anclippen&#8220; an beliebiger Stelle des Hochspannungskabels m\u00f6glich, ebenso dessen Verl\u00e4ngerung mithilfe einer weiteren Kontaktplatte speziell f\u00fcr gro\u00dfe Motorr\u00e4ume, wie z. B. von SUVs und Wohnmobilen. Der Anschluss an Klemme 15 entf\u00e4llt durch innovative Sensortechnik. Dank eines direkt am Ger\u00e4t befestigten Kontaktschiebers wird auch die Montage eines Haubenkontaktschalters \u00fcberfl\u00fcssig.\u00a0<\/p>\n<p>Vor jeder Marderabwehr-Ma\u00dfnahme dringend zu empfehlen &#8211; STOP&amp;GO Duftmarken-Entferner.<\/p>\n<ul>\n<li>Batteriebetrieb<\/li>\n<li>Sensortechnik<\/li>\n<li>Stromverbrauch: ca. 0,4 mA<\/li>\n<li>Laufzeit bis zu 18 Monate<\/li>\n<li>6 Clip-Edelstahlkontaktplatten mit Plus- und Minuspol\u00a0<\/li>\n<li>2 wasserfeste Piezo-Lautsprecher<\/li>\n<li>Abstrahlradius: 360\u00b0<\/li>\n<li>Abstrahlwinkel: &gt; 170\u00b0<\/li>\n<li>Schalldruck: ca. 110 dB<\/li>\n<li>Frequenzmodulation gegen Gew\u00f6hnung<\/li>\n<li>Funktionskontrollleuchte, blinkende LED<\/li>\n<li>Wasserdicht nach IP65<\/li>\n<li>Panikschutzschaltung<\/li>\n<li>Auch f\u00fcr Haus und Carport<\/li>\n<li>E1-Kennzeichnung des KBA<\/li>\n<\/ul>\n<p>Welche Hochspannungskontaktplatte f\u00fcr welches Fahrzeug?<\/p>\n<p>STOP&amp;GO &#8211;\u00a0 einfache PLUS Edelstahlkontaktplatte<br \/>Um einen elektrischen Stromschlag ausl\u00f6sen zu k\u00f6nnen, wird ein Plus- und ein Minuspol ben\u00f6tigt. Den Pluspol liefert die STOP&amp;GO Hochspannungs-Edelstahlkontaktplatte, den Minuspol z. B. die Karosserie. Der Marder erh\u00e4lt somit bei Ber\u00fchrung der Edelstahlkontaktplatte und gleichzeitigem Massekontakt der Karosserie einen ungef\u00e4hrlichen, jedoch effektiven elektrischen Stromschlag, vergleichbar mit dem Weidezaunprinzip.<\/p>\n<p>\u00a0STOP&amp;GO &#8211;\u00a0 doppelte PLUS-MINUS Edelstahlkontaktplatte<br \/>In modernen Fahrzeugen werden im Motorraum vermehrt nicht leitf\u00e4hige Materialien wie z. B. Kunststoff, Isolier- und D\u00e4mmmaterial eingesetzt. Somit ist der notwendige Massekontakt \u00fcber die Karosserie nicht mehr zuverl\u00e4ssig gegeben und der Marder erh\u00e4lt eventuell keinen elektrischen Stromschlag. Die doppelte Edelstahlkontaktplatte von STOP&amp;GO besitzt aus diesem Grund einen Plus- und einen Minuspol. Das bedeutet, dass unabh\u00e4ngig von der Beschaffenheit des Motorraumes eines Fahrzeuges ein elektrischer Stromschlag sichergestellt ist.<\/p>\n<p>STOP&amp;GO &#8211;\u00a0 doppelte PLUS-MINUS SKT Edelstahlkontaktplatte <br \/>STOP&amp;GO bietet mit nur einem &#8222;Klick&#8220; maximalen Schutz bei minimaler Einbauzeit &#8211; und das ganz ohne Schrauben. Einmalig auf dem Markt und nur bei STOP&amp;GO erh\u00e4ltlich: die doppelte Edelstahlkontaktplatte mit Plus- und Minuspol mit raffinierter Schneidklemmtechnik f\u00fcr moderne Fahrzeuge. Mit dieser intelligenten Kombination ist es nunmehr m\u00f6glich, die Arretierung und Verbindung der Edelstahlkontaktplatte mit dem 2-adrigen Hochspannungskabel durch einen einfachen &#8222;Klick&#8220; herzustellen. Dabei bohrt sich ein Dorn mittels Zusammendr\u00fccken der Kontaktplatten durch die Kabelisolierung und stellt die Strom\u00fcbertragung sicher. Die Edelstahlkontaktplatten sind am Sockel korrekt befestigt, wenn beim Zusammendr\u00fccken ein &#8222;Klick&#8220; zu h\u00f6ren ist.<\/p>\n<p>STOP&amp;GO &#8211; doppelte PLUS-MINUS CLIP Edelstahlkontaktplatte<br \/>STOP&amp;GO bietet mit nur einem &#8222;Clip&#8220; maximale Flexibilit\u00e4t bei minimaler Einbauzeit &#8211; und das ganz ohne Schrauben: Dank der doppelten Edelstahlkontaktplatte mit Plus- und Minuspol sowie innovativer Clip-Befestigung f\u00fcr moderne Fahrzeuge. Mit dieser intelligenten Kombination werden Arretierung und Verbindung der Edelstahlkontaktplatte mit dem 2-adrigen Hochspannungskabel durch ein einfaches &#8222;Clippen&#8220; hergestellt. Diese Befestigung erm\u00f6glicht eine beliebige Positionierung der Kontaktplatten und Erweiterung des Hochspannungskabels speziell f\u00fcr gro\u00dfe Motorr\u00e4ume, wie z. B. bei SUVs und Wohnmobilen.<\/p>\n","protected":false},"excerpt":{"rendered":"<p>Clip-Kontakt &#8211; ohne Bordnetzanschluss &#8211; superflache Slimline-Bauweise Minimaler Aufwand, maximale Flexibilit\u00e4t! Mit nur einem Clip zu vollem Schutz STOP&amp;GO macht es m\u00f6glich! Hochspannungs-Ultraschall-Kombinationsger\u00e4t mit sechs PLUS-MINUS CLIP Edelstahlkontaktplatten. Unabh\u00e4ngig vom Bordnetz, somit besonders geeignet f\u00fcr alternative Antriebe. Die Clip-Befestigungsm\u00f6glichkeit der doppelpoligen Edelstahlkontaktplatten erleichtert den Einbau zus\u00e4tzlich und bietet noch mehr Flexibilit\u00e4t, speziell f\u00fcr die immer [&hellip;]<\/p>\n","protected":false},"featured_media":117705,"template":"","meta":{"_acf_changed":false},"product_featured_cat":[],"product_brand":[3471],"product_cat":[5056],"product_tag":[],"class_list":{"0":"post-117707","1":"product","2":"type-product","3":"status-publish","4":"has-post-thumbnail","6":"product_brand-marder-stop-go-de","7":"product_cat-marderschutz","9":"first","10":"instock","11":"taxable","12":"shipping-taxable","13":"purchasable","14":"product-type-simple"},"acf":[],"yoast_head":"<!-- This site is optimized with the Yoast SEO plugin v27.5 - https:\/\/yoast.com\/product\/yoast-seo-wordpress\/ -->\n<title>Hochspannungsger\u00e4t Marder STOP &amp; GO mit Ultraschall Typ 8 Plus - Minus CLIP - Bantam<\/title>\n<meta name=\"robots\" content=\"index, follow, max-snippet:-1, max-image-preview:large, max-video-preview:-1\" \/>\n<link rel=\"canonical\" href=\"https:\/\/shop.bantam.ch\/de\/produkt\/hochspannungsgeraet-mit-ultraschall-typ-8-2\/\" \/>\n<meta property=\"og:locale\" content=\"de_DE\" \/>\n<meta property=\"og:type\" content=\"article\" \/>\n<meta property=\"og:title\" content=\"Hochspannungsger\u00e4t Marder STOP &amp; GO mit Ultraschall Typ 8 Plus - Minus CLIP - Bantam\" \/>\n<meta property=\"og:description\" content=\"Clip-Kontakt &#8211; ohne Bordnetzanschluss &#8211; superflache Slimline-Bauweise Minimaler Aufwand, maximale Flexibilit\u00e4t! Mit nur einem Clip zu vollem Schutz STOP&amp;GO macht es m\u00f6glich! Hochspannungs-Ultraschall-Kombinationsger\u00e4t mit sechs PLUS-MINUS CLIP Edelstahlkontaktplatten. Unabh\u00e4ngig vom Bordnetz, somit besonders geeignet f\u00fcr alternative Antriebe. Die Clip-Befestigungsm\u00f6glichkeit der doppelpoligen Edelstahlkontaktplatten erleichtert den Einbau zus\u00e4tzlich und bietet noch mehr Flexibilit\u00e4t, speziell f\u00fcr die immer [&hellip;]\" \/>\n<meta property=\"og:url\" content=\"https:\/\/shop.bantam.ch\/de\/produkt\/hochspannungsgeraet-mit-ultraschall-typ-8-2\/\" \/>\n<meta property=\"og:site_name\" content=\"Bantam\" \/>\n<meta property=\"article:modified_time\" content=\"2026-05-11T19:45:00+00:00\" \/>\n<meta property=\"og:image\" content=\"https:\/\/shop.bantam.ch\/wp-content\/uploads\/2023\/02\/994443511.jpg\" \/>\n\t<meta property=\"og:image:width\" content=\"1000\" \/>\n\t<meta property=\"og:image:height\" content=\"703\" \/>\n\t<meta property=\"og:image:type\" content=\"image\/jpeg\" \/>\n<meta name=\"twitter:card\" content=\"summary_large_image\" \/>\n<meta name=\"twitter:label1\" content=\"Gesch\u00e4tzte Lesezeit\" \/>\n\t<meta name=\"twitter:data1\" content=\"3\u00a0Minuten\" \/>\n<script type=\"application\/ld+json\" class=\"yoast-schema-graph\">{\"@context\":\"https:\\\/\\\/schema.org\",\"@graph\":[{\"@type\":\"WebPage\",\"@id\":\"https:\\\/\\\/shop.bantam.ch\\\/de\\\/produkt\\\/hochspannungsgeraet-mit-ultraschall-typ-8-2\\\/\",\"url\":\"https:\\\/\\\/shop.bantam.ch\\\/de\\\/produkt\\\/hochspannungsgeraet-mit-ultraschall-typ-8-2\\\/\",\"name\":\"Hochspannungsger\u00e4t Marder STOP &amp; GO mit Ultraschall Typ 8 Plus - Minus CLIP - Bantam\",\"isPartOf\":{\"@id\":\"https:\\\/\\\/shop.bantam.ch\\\/de\\\/#website\"},\"primaryImageOfPage\":{\"@id\":\"https:\\\/\\\/shop.bantam.ch\\\/de\\\/produkt\\\/hochspannungsgeraet-mit-ultraschall-typ-8-2\\\/#primaryimage\"},\"image\":{\"@id\":\"https:\\\/\\\/shop.bantam.ch\\\/de\\\/produkt\\\/hochspannungsgeraet-mit-ultraschall-typ-8-2\\\/#primaryimage\"},\"thumbnailUrl\":\"https:\\\/\\\/shop.bantam.ch\\\/wp-content\\\/uploads\\\/2023\\\/02\\\/994443511.jpg\",\"datePublished\":\"2023-02-28T21:34:01+00:00\",\"dateModified\":\"2026-05-11T19:45:00+00:00\",\"breadcrumb\":{\"@id\":\"https:\\\/\\\/shop.bantam.ch\\\/de\\\/produkt\\\/hochspannungsgeraet-mit-ultraschall-typ-8-2\\\/#breadcrumb\"},\"inLanguage\":\"de\",\"potentialAction\":[{\"@type\":\"ReadAction\",\"target\":[\"https:\\\/\\\/shop.bantam.ch\\\/de\\\/produkt\\\/hochspannungsgeraet-mit-ultraschall-typ-8-2\\\/\"]}]},{\"@type\":\"ImageObject\",\"inLanguage\":\"de\",\"@id\":\"https:\\\/\\\/shop.bantam.ch\\\/de\\\/produkt\\\/hochspannungsgeraet-mit-ultraschall-typ-8-2\\\/#primaryimage\",\"url\":\"https:\\\/\\\/shop.bantam.ch\\\/wp-content\\\/uploads\\\/2023\\\/02\\\/994443511.jpg\",\"contentUrl\":\"https:\\\/\\\/shop.bantam.ch\\\/wp-content\\\/uploads\\\/2023\\\/02\\\/994443511.jpg\",\"width\":1000,\"height\":703},{\"@type\":\"BreadcrumbList\",\"@id\":\"https:\\\/\\\/shop.bantam.ch\\\/de\\\/produkt\\\/hochspannungsgeraet-mit-ultraschall-typ-8-2\\\/#breadcrumb\",\"itemListElement\":[{\"@type\":\"ListItem\",\"position\":1,\"name\":\"Accueil\",\"item\":\"https:\\\/\\\/shop.bantam.ch\\\/de\\\/\"},{\"@type\":\"ListItem\",\"position\":2,\"name\":\"Shop\",\"item\":\"https:\\\/\\\/shop.bantam.ch\\\/de\\\/shop\\\/\"},{\"@type\":\"ListItem\",\"position\":3,\"name\":\"Hochspannungsger\u00e4t Marder STOP &amp; GO mit Ultraschall Typ 8 Plus &#8211; Minus CLIP\"}]},{\"@type\":\"WebSite\",\"@id\":\"https:\\\/\\\/shop.bantam.ch\\\/de\\\/#website\",\"url\":\"https:\\\/\\\/shop.bantam.ch\\\/de\\\/\",\"name\":\"Bantam\",\"description\":\"\",\"publisher\":{\"@id\":\"https:\\\/\\\/shop.bantam.ch\\\/de\\\/#organization\"},\"inLanguage\":\"de\"},{\"@type\":\"Organization\",\"@id\":\"https:\\\/\\\/shop.bantam.ch\\\/de\\\/#organization\",\"name\":\"Bantam\",\"url\":\"https:\\\/\\\/shop.bantam.ch\\\/de\\\/\",\"logo\":{\"@type\":\"ImageObject\",\"inLanguage\":\"de\",\"@id\":\"https:\\\/\\\/shop.bantam.ch\\\/de\\\/#\\\/schema\\\/logo\\\/image\\\/\",\"url\":\"https:\\\/\\\/shop.bantam.ch\\\/wp-content\\\/uploads\\\/2022\\\/12\\\/bantam-logo.png\",\"contentUrl\":\"https:\\\/\\\/shop.bantam.ch\\\/wp-content\\\/uploads\\\/2022\\\/12\\\/bantam-logo.png\",\"width\":320,\"height\":71,\"caption\":\"Bantam\"},\"image\":{\"@id\":\"https:\\\/\\\/shop.bantam.ch\\\/de\\\/#\\\/schema\\\/logo\\\/image\\\/\"}}]}<\/script>\n<!-- \/ Yoast SEO plugin. -->","yoast_head_json":{"title":"Hochspannungsger\u00e4t Marder STOP &amp; GO mit Ultraschall Typ 8 Plus - Minus CLIP - Bantam","robots":{"index":"index","follow":"follow","max-snippet":"max-snippet:-1","max-image-preview":"max-image-preview:large","max-video-preview":"max-video-preview:-1"},"canonical":"https:\/\/shop.bantam.ch\/de\/produkt\/hochspannungsgeraet-mit-ultraschall-typ-8-2\/","og_locale":"de_DE","og_type":"article","og_title":"Hochspannungsger\u00e4t Marder STOP &amp; GO mit Ultraschall Typ 8 Plus - Minus CLIP - Bantam","og_description":"Clip-Kontakt &#8211; ohne Bordnetzanschluss &#8211; superflache Slimline-Bauweise Minimaler Aufwand, maximale Flexibilit\u00e4t! Mit nur einem Clip zu vollem Schutz STOP&amp;GO macht es m\u00f6glich! Hochspannungs-Ultraschall-Kombinationsger\u00e4t mit sechs PLUS-MINUS CLIP Edelstahlkontaktplatten. Unabh\u00e4ngig vom Bordnetz, somit besonders geeignet f\u00fcr alternative Antriebe. Die Clip-Befestigungsm\u00f6glichkeit der doppelpoligen Edelstahlkontaktplatten erleichtert den Einbau zus\u00e4tzlich und bietet noch mehr Flexibilit\u00e4t, speziell f\u00fcr die immer [&hellip;]","og_url":"https:\/\/shop.bantam.ch\/de\/produkt\/hochspannungsgeraet-mit-ultraschall-typ-8-2\/","og_site_name":"Bantam","article_modified_time":"2026-05-11T19:45:00+00:00","og_image":[{"width":1000,"height":703,"url":"https:\/\/shop.bantam.ch\/wp-content\/uploads\/2023\/02\/994443511.jpg","type":"image\/jpeg"}],"twitter_card":"summary_large_image","twitter_misc":{"Gesch\u00e4tzte Lesezeit":"3\u00a0Minuten"},"schema":{"@context":"https:\/\/schema.org","@graph":[{"@type":"WebPage","@id":"https:\/\/shop.bantam.ch\/de\/produkt\/hochspannungsgeraet-mit-ultraschall-typ-8-2\/","url":"https:\/\/shop.bantam.ch\/de\/produkt\/hochspannungsgeraet-mit-ultraschall-typ-8-2\/","name":"Hochspannungsger\u00e4t Marder STOP &amp; GO mit Ultraschall Typ 8 Plus - Minus CLIP - Bantam","isPartOf":{"@id":"https:\/\/shop.bantam.ch\/de\/#website"},"primaryImageOfPage":{"@id":"https:\/\/shop.bantam.ch\/de\/produkt\/hochspannungsgeraet-mit-ultraschall-typ-8-2\/#primaryimage"},"image":{"@id":"https:\/\/shop.bantam.ch\/de\/produkt\/hochspannungsgeraet-mit-ultraschall-typ-8-2\/#primaryimage"},"thumbnailUrl":"https:\/\/shop.bantam.ch\/wp-content\/uploads\/2023\/02\/994443511.jpg","datePublished":"2023-02-28T21:34:01+00:00","dateModified":"2026-05-11T19:45:00+00:00","breadcrumb":{"@id":"https:\/\/shop.bantam.ch\/de\/produkt\/hochspannungsgeraet-mit-ultraschall-typ-8-2\/#breadcrumb"},"inLanguage":"de","potentialAction":[{"@type":"ReadAction","target":["https:\/\/shop.bantam.ch\/de\/produkt\/hochspannungsgeraet-mit-ultraschall-typ-8-2\/"]}]},{"@type":"ImageObject","inLanguage":"de","@id":"https:\/\/shop.bantam.ch\/de\/produkt\/hochspannungsgeraet-mit-ultraschall-typ-8-2\/#primaryimage","url":"https:\/\/shop.bantam.ch\/wp-content\/uploads\/2023\/02\/994443511.jpg","contentUrl":"https:\/\/shop.bantam.ch\/wp-content\/uploads\/2023\/02\/994443511.jpg","width":1000,"height":703},{"@type":"BreadcrumbList","@id":"https:\/\/shop.bantam.ch\/de\/produkt\/hochspannungsgeraet-mit-ultraschall-typ-8-2\/#breadcrumb","itemListElement":[{"@type":"ListItem","position":1,"name":"Accueil","item":"https:\/\/shop.bantam.ch\/de\/"},{"@type":"ListItem","position":2,"name":"Shop","item":"https:\/\/shop.bantam.ch\/de\/shop\/"},{"@type":"ListItem","position":3,"name":"Hochspannungsger\u00e4t Marder STOP &amp; GO mit Ultraschall Typ 8 Plus &#8211; Minus CLIP"}]},{"@type":"WebSite","@id":"https:\/\/shop.bantam.ch\/de\/#website","url":"https:\/\/shop.bantam.ch\/de\/","name":"Bantam","description":"","publisher":{"@id":"https:\/\/shop.bantam.ch\/de\/#organization"},"inLanguage":"de"},{"@type":"Organization","@id":"https:\/\/shop.bantam.ch\/de\/#organization","name":"Bantam","url":"https:\/\/shop.bantam.ch\/de\/","logo":{"@type":"ImageObject","inLanguage":"de","@id":"https:\/\/shop.bantam.ch\/de\/#\/schema\/logo\/image\/","url":"https:\/\/shop.bantam.ch\/wp-content\/uploads\/2022\/12\/bantam-logo.png","contentUrl":"https:\/\/shop.bantam.ch\/wp-content\/uploads\/2022\/12\/bantam-logo.png","width":320,"height":71,"caption":"Bantam"},"image":{"@id":"https:\/\/shop.bantam.ch\/de\/#\/schema\/logo\/image\/"}}]}},"_links":{"self":[{"href":"https:\/\/shop.bantam.ch\/de\/wp-json\/wp\/v2\/product\/117707","targetHints":{"allow":["GET"]}}],"collection":[{"href":"https:\/\/shop.bantam.ch\/de\/wp-json\/wp\/v2\/product"}],"about":[{"href":"https:\/\/shop.bantam.ch\/de\/wp-json\/wp\/v2\/types\/product"}],"wp:featuredmedia":[{"embeddable":true,"href":"https:\/\/shop.bantam.ch\/de\/wp-json\/wp\/v2\/media\/117705"}],"wp:attachment":[{"href":"https:\/\/shop.bantam.ch\/de\/wp-json\/wp\/v2\/media?parent=117707"}],"wp:term":[{"taxonomy":"product_featured_cat","embeddable":true,"href":"https:\/\/shop.bantam.ch\/de\/wp-json\/wp\/v2\/product_featured_cat?post=117707"},{"taxonomy":"product_brand","embeddable":true,"href":"https:\/\/shop.bantam.ch\/de\/wp-json\/wp\/v2\/product_brand?post=117707"},{"taxonomy":"product_cat","embeddable":true,"href":"https:\/\/shop.bantam.ch\/de\/wp-json\/wp\/v2\/product_cat?post=117707"},{"taxonomy":"product_tag","embeddable":true,"href":"https:\/\/shop.bantam.ch\/de\/wp-json\/wp\/v2\/product_tag?post=117707"}],"curies":[{"name":"wp","href":"https:\/\/api.w.org\/{rel}","templated":true}]}}