{"id":117549,"date":"2023-02-28T22:31:00","date_gmt":"2023-02-28T21:31:00","guid":{"rendered":"https:\/\/shop.bantam.ch\/produit\/universal-bungee-set-sb15-cl-dfnligbes\/"},"modified":"2026-04-19T21:48:39","modified_gmt":"2026-04-19T19:48:39","slug":"universal-bungee-set-sb15-cl-dfnligbes","status":"publish","type":"product","link":"https:\/\/shop.bantam.ch\/de\/produkt\/universal-bungee-set-sb15-cl-dfnligbes\/","title":{"rendered":"Universal Bungee Set ABUS SB15 CL\/DFNLIGBES"},"content":{"rendered":"<p>Fixiert Gegenst\u00e4nde zuhause und unterwegs. Dank Click-and-Lock-System einfach zu bedienen.<\/p>\n<p>Einsatz und Anwendung<\/p>\n<ul>\n<li>Ideal f\u00fcr Freizeit und Hobby<\/li>\n<li>Fixieren\/Anbinden von Gegenst\u00e4nden wie z.B. Teppichrollen, Skiern und anderen gr\u00f6\u00dferen Gegenst\u00e4nden<\/li>\n<li>Verschiedene Bungeel\u00e4ngen und unterschiedliche Haken erm\u00f6glichen weitere, vielf\u00e4ltige Anwendungen<\/li>\n<\/ul>\n<p>Technologie<\/p>\n<ul>\n<li>Vier starke Haupthaken mit Stahlkern<\/li>\n<li>Einfaches und sicheres Wechseln der Haken mittels Drehverschl\u00fcsse<\/li>\n<li>Belastbarkeit: 40 kg pro Bungee<\/li>\n<\/ul>\n<p>15-teiliges Set bestehend aus:<\/p>\n<ul>\n<li>1 Y-Haken<\/li>\n<li>1 Verl\u00e4ngerungsaufsatz<\/li>\n<li>1 Seildurchf\u00fchrungsaufsatz<\/li>\n<li>2 Sicherheitshaken<\/li>\n<\/ul>\n","protected":false},"excerpt":{"rendered":"<p>Fixiert Gegenst\u00e4nde zuhause und unterwegs. Dank Click-and-Lock-System einfach zu bedienen. Einsatz und Anwendung Ideal f\u00fcr Freizeit und Hobby Fixieren\/Anbinden von Gegenst\u00e4nden wie z.B. Teppichrollen, Skiern und anderen gr\u00f6\u00dferen Gegenst\u00e4nden Verschiedene Bungeel\u00e4ngen und unterschiedliche Haken erm\u00f6glichen weitere, vielf\u00e4ltige Anwendungen Technologie Vier starke Haupthaken mit Stahlkern Einfaches und sicheres Wechseln der Haken mittels Drehverschl\u00fcsse Belastbarkeit: 40 kg [&hellip;]<\/p>\n","protected":false},"featured_media":117533,"template":"","meta":{"_acf_changed":false},"product_featured_cat":[],"product_brand":[3477],"product_cat":[5132],"product_tag":[],"class_list":{"0":"post-117549","1":"product","2":"type-product","3":"status-publish","4":"has-post-thumbnail","6":"product_brand-abus-de","7":"product_cat-universalschloesser","9":"first","10":"instock","11":"taxable","12":"shipping-taxable","13":"purchasable","14":"product-type-simple"},"acf":[],"yoast_head":"<!-- This site is optimized with the Yoast SEO plugin v27.4 - https:\/\/yoast.com\/product\/yoast-seo-wordpress\/ -->\n<title>Universal Bungee Set ABUS SB15 CL\/DFNLIGBES - Bantam Camping AG<\/title>\n<meta name=\"robots\" content=\"index, follow, max-snippet:-1, max-image-preview:large, max-video-preview:-1\" \/>\n<link rel=\"canonical\" href=\"https:\/\/shop.bantam.ch\/de\/produkt\/universal-bungee-set-sb15-cl-dfnligbes\/\" \/>\n<meta property=\"og:locale\" content=\"de_DE\" \/>\n<meta property=\"og:type\" content=\"article\" \/>\n<meta property=\"og:title\" content=\"Universal Bungee Set ABUS SB15 CL\/DFNLIGBES - Bantam Camping AG\" \/>\n<meta property=\"og:description\" content=\"Fixiert Gegenst\u00e4nde zuhause und unterwegs. Dank Click-and-Lock-System einfach zu bedienen. Einsatz und Anwendung Ideal f\u00fcr Freizeit und Hobby Fixieren\/Anbinden von Gegenst\u00e4nden wie z.B. Teppichrollen, Skiern und anderen gr\u00f6\u00dferen Gegenst\u00e4nden Verschiedene Bungeel\u00e4ngen und unterschiedliche Haken erm\u00f6glichen weitere, vielf\u00e4ltige Anwendungen Technologie Vier starke Haupthaken mit Stahlkern Einfaches und sicheres Wechseln der Haken mittels Drehverschl\u00fcsse Belastbarkeit: 40 kg [&hellip;]\" \/>\n<meta property=\"og:url\" content=\"https:\/\/shop.bantam.ch\/de\/produkt\/universal-bungee-set-sb15-cl-dfnligbes\/\" \/>\n<meta property=\"og:site_name\" content=\"Bantam Camping AG\" \/>\n<meta property=\"article:modified_time\" content=\"2026-04-19T19:48:39+00:00\" \/>\n<meta property=\"og:image\" content=\"https:\/\/shop.bantam.ch\/wp-content\/uploads\/2023\/02\/994442511.jpg\" \/>\n\t<meta property=\"og:image:width\" content=\"1000\" \/>\n\t<meta property=\"og:image:height\" content=\"505\" \/>\n\t<meta property=\"og:image:type\" content=\"image\/jpeg\" \/>\n<meta name=\"twitter:card\" content=\"summary_large_image\" \/>\n<script type=\"application\/ld+json\" class=\"yoast-schema-graph\">{\"@context\":\"https:\\\/\\\/schema.org\",\"@graph\":[{\"@type\":\"WebPage\",\"@id\":\"https:\\\/\\\/shop.bantam.ch\\\/de\\\/produkt\\\/universal-bungee-set-sb15-cl-dfnligbes\\\/\",\"url\":\"https:\\\/\\\/shop.bantam.ch\\\/de\\\/produkt\\\/universal-bungee-set-sb15-cl-dfnligbes\\\/\",\"name\":\"Universal Bungee Set ABUS SB15 CL\\\/DFNLIGBES - Bantam Camping AG\",\"isPartOf\":{\"@id\":\"https:\\\/\\\/shop.bantam.ch\\\/de\\\/#website\"},\"primaryImageOfPage\":{\"@id\":\"https:\\\/\\\/shop.bantam.ch\\\/de\\\/produkt\\\/universal-bungee-set-sb15-cl-dfnligbes\\\/#primaryimage\"},\"image\":{\"@id\":\"https:\\\/\\\/shop.bantam.ch\\\/de\\\/produkt\\\/universal-bungee-set-sb15-cl-dfnligbes\\\/#primaryimage\"},\"thumbnailUrl\":\"https:\\\/\\\/shop.bantam.ch\\\/wp-content\\\/uploads\\\/2023\\\/02\\\/994442511.jpg\",\"datePublished\":\"2023-02-28T21:31:00+00:00\",\"dateModified\":\"2026-04-19T19:48:39+00:00\",\"breadcrumb\":{\"@id\":\"https:\\\/\\\/shop.bantam.ch\\\/de\\\/produkt\\\/universal-bungee-set-sb15-cl-dfnligbes\\\/#breadcrumb\"},\"inLanguage\":\"de\",\"potentialAction\":[{\"@type\":\"ReadAction\",\"target\":[\"https:\\\/\\\/shop.bantam.ch\\\/de\\\/produkt\\\/universal-bungee-set-sb15-cl-dfnligbes\\\/\"]}]},{\"@type\":\"ImageObject\",\"inLanguage\":\"de\",\"@id\":\"https:\\\/\\\/shop.bantam.ch\\\/de\\\/produkt\\\/universal-bungee-set-sb15-cl-dfnligbes\\\/#primaryimage\",\"url\":\"https:\\\/\\\/shop.bantam.ch\\\/wp-content\\\/uploads\\\/2023\\\/02\\\/994442511.jpg\",\"contentUrl\":\"https:\\\/\\\/shop.bantam.ch\\\/wp-content\\\/uploads\\\/2023\\\/02\\\/994442511.jpg\",\"width\":1000,\"height\":505},{\"@type\":\"BreadcrumbList\",\"@id\":\"https:\\\/\\\/shop.bantam.ch\\\/de\\\/produkt\\\/universal-bungee-set-sb15-cl-dfnligbes\\\/#breadcrumb\",\"itemListElement\":[{\"@type\":\"ListItem\",\"position\":1,\"name\":\"Accueil\",\"item\":\"https:\\\/\\\/shop.bantam.ch\\\/de\\\/\"},{\"@type\":\"ListItem\",\"position\":2,\"name\":\"Shop\",\"item\":\"https:\\\/\\\/shop.bantam.ch\\\/de\\\/shop\\\/\"},{\"@type\":\"ListItem\",\"position\":3,\"name\":\"Universal Bungee Set ABUS SB15 CL\\\/DFNLIGBES\"}]},{\"@type\":\"WebSite\",\"@id\":\"https:\\\/\\\/shop.bantam.ch\\\/de\\\/#website\",\"url\":\"https:\\\/\\\/shop.bantam.ch\\\/de\\\/\",\"name\":\"Bantam Camping AG\",\"description\":\"\",\"publisher\":{\"@id\":\"https:\\\/\\\/shop.bantam.ch\\\/de\\\/#organization\"},\"inLanguage\":\"de\"},{\"@type\":\"Organization\",\"@id\":\"https:\\\/\\\/shop.bantam.ch\\\/de\\\/#organization\",\"name\":\"Bantam Camping AG\",\"url\":\"https:\\\/\\\/shop.bantam.ch\\\/de\\\/\",\"logo\":{\"@type\":\"ImageObject\",\"inLanguage\":\"de\",\"@id\":\"https:\\\/\\\/shop.bantam.ch\\\/de\\\/#\\\/schema\\\/logo\\\/image\\\/\",\"url\":\"https:\\\/\\\/shop.bantam.ch\\\/wp-content\\\/uploads\\\/2022\\\/12\\\/bantam-logo.png\",\"contentUrl\":\"https:\\\/\\\/shop.bantam.ch\\\/wp-content\\\/uploads\\\/2022\\\/12\\\/bantam-logo.png\",\"width\":320,\"height\":71,\"caption\":\"Bantam Camping AG\"},\"image\":{\"@id\":\"https:\\\/\\\/shop.bantam.ch\\\/de\\\/#\\\/schema\\\/logo\\\/image\\\/\"}}]}<\/script>\n<!-- \/ Yoast SEO plugin. -->","yoast_head_json":{"title":"Universal Bungee Set ABUS SB15 CL\/DFNLIGBES - Bantam Camping AG","robots":{"index":"index","follow":"follow","max-snippet":"max-snippet:-1","max-image-preview":"max-image-preview:large","max-video-preview":"max-video-preview:-1"},"canonical":"https:\/\/shop.bantam.ch\/de\/produkt\/universal-bungee-set-sb15-cl-dfnligbes\/","og_locale":"de_DE","og_type":"article","og_title":"Universal Bungee Set ABUS SB15 CL\/DFNLIGBES - Bantam Camping AG","og_description":"Fixiert Gegenst\u00e4nde zuhause und unterwegs. Dank Click-and-Lock-System einfach zu bedienen. Einsatz und Anwendung Ideal f\u00fcr Freizeit und Hobby Fixieren\/Anbinden von Gegenst\u00e4nden wie z.B. Teppichrollen, Skiern und anderen gr\u00f6\u00dferen Gegenst\u00e4nden Verschiedene Bungeel\u00e4ngen und unterschiedliche Haken erm\u00f6glichen weitere, vielf\u00e4ltige Anwendungen Technologie Vier starke Haupthaken mit Stahlkern Einfaches und sicheres Wechseln der Haken mittels Drehverschl\u00fcsse Belastbarkeit: 40 kg [&hellip;]","og_url":"https:\/\/shop.bantam.ch\/de\/produkt\/universal-bungee-set-sb15-cl-dfnligbes\/","og_site_name":"Bantam Camping AG","article_modified_time":"2026-04-19T19:48:39+00:00","og_image":[{"width":1000,"height":505,"url":"https:\/\/shop.bantam.ch\/wp-content\/uploads\/2023\/02\/994442511.jpg","type":"image\/jpeg"}],"twitter_card":"summary_large_image","schema":{"@context":"https:\/\/schema.org","@graph":[{"@type":"WebPage","@id":"https:\/\/shop.bantam.ch\/de\/produkt\/universal-bungee-set-sb15-cl-dfnligbes\/","url":"https:\/\/shop.bantam.ch\/de\/produkt\/universal-bungee-set-sb15-cl-dfnligbes\/","name":"Universal Bungee Set ABUS SB15 CL\/DFNLIGBES - Bantam Camping AG","isPartOf":{"@id":"https:\/\/shop.bantam.ch\/de\/#website"},"primaryImageOfPage":{"@id":"https:\/\/shop.bantam.ch\/de\/produkt\/universal-bungee-set-sb15-cl-dfnligbes\/#primaryimage"},"image":{"@id":"https:\/\/shop.bantam.ch\/de\/produkt\/universal-bungee-set-sb15-cl-dfnligbes\/#primaryimage"},"thumbnailUrl":"https:\/\/shop.bantam.ch\/wp-content\/uploads\/2023\/02\/994442511.jpg","datePublished":"2023-02-28T21:31:00+00:00","dateModified":"2026-04-19T19:48:39+00:00","breadcrumb":{"@id":"https:\/\/shop.bantam.ch\/de\/produkt\/universal-bungee-set-sb15-cl-dfnligbes\/#breadcrumb"},"inLanguage":"de","potentialAction":[{"@type":"ReadAction","target":["https:\/\/shop.bantam.ch\/de\/produkt\/universal-bungee-set-sb15-cl-dfnligbes\/"]}]},{"@type":"ImageObject","inLanguage":"de","@id":"https:\/\/shop.bantam.ch\/de\/produkt\/universal-bungee-set-sb15-cl-dfnligbes\/#primaryimage","url":"https:\/\/shop.bantam.ch\/wp-content\/uploads\/2023\/02\/994442511.jpg","contentUrl":"https:\/\/shop.bantam.ch\/wp-content\/uploads\/2023\/02\/994442511.jpg","width":1000,"height":505},{"@type":"BreadcrumbList","@id":"https:\/\/shop.bantam.ch\/de\/produkt\/universal-bungee-set-sb15-cl-dfnligbes\/#breadcrumb","itemListElement":[{"@type":"ListItem","position":1,"name":"Accueil","item":"https:\/\/shop.bantam.ch\/de\/"},{"@type":"ListItem","position":2,"name":"Shop","item":"https:\/\/shop.bantam.ch\/de\/shop\/"},{"@type":"ListItem","position":3,"name":"Universal Bungee Set ABUS SB15 CL\/DFNLIGBES"}]},{"@type":"WebSite","@id":"https:\/\/shop.bantam.ch\/de\/#website","url":"https:\/\/shop.bantam.ch\/de\/","name":"Bantam Camping AG","description":"","publisher":{"@id":"https:\/\/shop.bantam.ch\/de\/#organization"},"inLanguage":"de"},{"@type":"Organization","@id":"https:\/\/shop.bantam.ch\/de\/#organization","name":"Bantam Camping AG","url":"https:\/\/shop.bantam.ch\/de\/","logo":{"@type":"ImageObject","inLanguage":"de","@id":"https:\/\/shop.bantam.ch\/de\/#\/schema\/logo\/image\/","url":"https:\/\/shop.bantam.ch\/wp-content\/uploads\/2022\/12\/bantam-logo.png","contentUrl":"https:\/\/shop.bantam.ch\/wp-content\/uploads\/2022\/12\/bantam-logo.png","width":320,"height":71,"caption":"Bantam Camping AG"},"image":{"@id":"https:\/\/shop.bantam.ch\/de\/#\/schema\/logo\/image\/"}}]}},"_links":{"self":[{"href":"https:\/\/shop.bantam.ch\/de\/wp-json\/wp\/v2\/product\/117549","targetHints":{"allow":["GET"]}}],"collection":[{"href":"https:\/\/shop.bantam.ch\/de\/wp-json\/wp\/v2\/product"}],"about":[{"href":"https:\/\/shop.bantam.ch\/de\/wp-json\/wp\/v2\/types\/product"}],"wp:featuredmedia":[{"embeddable":true,"href":"https:\/\/shop.bantam.ch\/de\/wp-json\/wp\/v2\/media\/117533"}],"wp:attachment":[{"href":"https:\/\/shop.bantam.ch\/de\/wp-json\/wp\/v2\/media?parent=117549"}],"wp:term":[{"taxonomy":"product_featured_cat","embeddable":true,"href":"https:\/\/shop.bantam.ch\/de\/wp-json\/wp\/v2\/product_featured_cat?post=117549"},{"taxonomy":"product_brand","embeddable":true,"href":"https:\/\/shop.bantam.ch\/de\/wp-json\/wp\/v2\/product_brand?post=117549"},{"taxonomy":"product_cat","embeddable":true,"href":"https:\/\/shop.bantam.ch\/de\/wp-json\/wp\/v2\/product_cat?post=117549"},{"taxonomy":"product_tag","embeddable":true,"href":"https:\/\/shop.bantam.ch\/de\/wp-json\/wp\/v2\/product_tag?post=117549"}],"curies":[{"name":"wp","href":"https:\/\/api.w.org\/{rel}","templated":true}]}}