{"id":117515,"date":"2023-02-28T22:30:35","date_gmt":"2023-02-28T21:30:35","guid":{"rendered":"https:\/\/shop.bantam.ch\/produit\/keygarage-797-led-b-mit-buegel\/"},"modified":"2026-04-19T21:48:32","modified_gmt":"2026-04-19T19:48:32","slug":"keygarage-797-led-b-mit-buegel","status":"publish","type":"product","link":"https:\/\/shop.bantam.ch\/de\/produkt\/keygarage-797-led-b-mit-buegel\/","title":{"rendered":"Keygarage ABUS 797 LED B\/ mit B\u00fcgel"},"content":{"rendered":"<p>KeyGarage 797 LED mit beleuchteten Zahlenwalzen und B\u00fcgel zur Aufbewahrung von z.B. Schl\u00fcsseln und Plastikkarten. Mit individuell einstellbarem Zahlencode.<\/p>\n<p>Einsatz und Anwendung<\/p>\n<ul>\n<li>Wertgegenst\u00e4nden f\u00fcr autorisierte Personen<\/li>\n<li>Schneller und einfacher Zugriff bei h\u00e4ufig wechselnden Personengruppen (z.B. Handwerker, Service, Ferieng\u00e4ste,<\/li>\n<li>Fahrzeugverleih, Mehrfamilienh\u00e4user)<\/li>\n<li>Zugriffsm\u00f6glichkeit durch Bestimmung und Weitergabe des Zahlencodes<\/li>\n<li>Befestigung mit B\u00fcgel f\u00fcr flexiblen und tempor\u00e4ren Einsatz, z.B. an T\u00fcrkn\u00e4ufen, Gel\u00e4ndern oder Griffen<\/li>\n<\/ul>\n<p>Technologie<\/p>\n<ul>\n<li>Stabiles Metallgeh\u00e4use<\/li>\n<li>Verschlussklappe aus Zink-Druckguss mit Zahlenr\u00e4dern<\/li>\n<li>Individuell einstellbarer, 4-stelliger Zahlencode<\/li>\n<li>Beleuchtete Zahlenwalzen zur besseren Lesbarkeit bei dunkleren Bedingungen<\/li>\n<li>LEDs leuchten ca. 30 Sekunden<\/li>\n<li>Leicht austauschbare handels\u00fcbliche Knopfzellenbatterie (CR2032) inklusive, Lebensdauer bei \u00fcblichen Gebrauch (1x\/Tag) ca. 2 Jahre<\/li>\n<li>Schutzklappe mit Schiebemechanismus<\/li>\n<li>Zur Befestigung mit B\u00fcgel z.B. am T\u00fcrknauf<\/li>\n<li>Kapazit\u00e4t f\u00fcr bis zu 14 Plastikkarten oder 20 Schl\u00fcssel<\/li>\n<li>Au\u00dfenma\u00dfe des Geh\u00e4uses: 84 x 120 x 44<\/li>\n<li>Geh\u00e4use und B\u00fcgel kunststoffummantelt zum Schutz vor Kratzern<\/li>\n<\/ul>\n<p>\u00a0Technische Daten<\/p>\n<ul>\n<li>Breite a [mm]: 84<\/li>\n<li>Lichte B\u00fcgelweite b [mm]: 36<\/li>\n<li>Lichte B\u00fcgelh\u00f6he c [mm]: 49<\/li>\n<li>B\u00fcgeldurchmesser d [mm]: 10<\/li>\n<li>H\u00f6he f [mm]: 120<\/li>\n<li>Anzahl der Plastikkarten: 14<\/li>\n<li>Anzahl der Schl\u00fcssel: 20<\/li>\n<\/ul>\n<p>Lieferumfang:<br \/>Inklusive Knopfzellenbatterie<\/p>\n","protected":false},"excerpt":{"rendered":"<p>KeyGarage 797 LED mit beleuchteten Zahlenwalzen und B\u00fcgel zur Aufbewahrung von z.B. Schl\u00fcsseln und Plastikkarten. Mit individuell einstellbarem Zahlencode. Einsatz und Anwendung Wertgegenst\u00e4nden f\u00fcr autorisierte Personen Schneller und einfacher Zugriff bei h\u00e4ufig wechselnden Personengruppen (z.B. Handwerker, Service, Ferieng\u00e4ste, Fahrzeugverleih, Mehrfamilienh\u00e4user) Zugriffsm\u00f6glichkeit durch Bestimmung und Weitergabe des Zahlencodes Befestigung mit B\u00fcgel f\u00fcr flexiblen und tempor\u00e4ren Einsatz, [&hellip;]<\/p>\n","protected":false},"featured_media":117509,"template":"","meta":{"_acf_changed":false},"product_featured_cat":[],"product_brand":[3477],"product_cat":[5132],"product_tag":[],"class_list":{"0":"post-117515","1":"product","2":"type-product","3":"status-publish","4":"has-post-thumbnail","6":"product_brand-abus-de","7":"product_cat-universalschloesser","9":"first","10":"instock","11":"taxable","12":"shipping-taxable","13":"purchasable","14":"product-type-simple"},"acf":[],"yoast_head":"<!-- This site is optimized with the Yoast SEO plugin v27.4 - https:\/\/yoast.com\/product\/yoast-seo-wordpress\/ -->\n<title>Keygarage ABUS 797 LED B\/ mit B\u00fcgel - Bantam Camping AG<\/title>\n<meta name=\"robots\" content=\"index, follow, max-snippet:-1, max-image-preview:large, max-video-preview:-1\" \/>\n<link rel=\"canonical\" href=\"https:\/\/shop.bantam.ch\/de\/produkt\/keygarage-797-led-b-mit-buegel\/\" \/>\n<meta property=\"og:locale\" content=\"de_DE\" \/>\n<meta property=\"og:type\" content=\"article\" \/>\n<meta property=\"og:title\" content=\"Keygarage ABUS 797 LED B\/ mit B\u00fcgel - Bantam Camping AG\" \/>\n<meta property=\"og:description\" content=\"KeyGarage 797 LED mit beleuchteten Zahlenwalzen und B\u00fcgel zur Aufbewahrung von z.B. Schl\u00fcsseln und Plastikkarten. Mit individuell einstellbarem Zahlencode. Einsatz und Anwendung Wertgegenst\u00e4nden f\u00fcr autorisierte Personen Schneller und einfacher Zugriff bei h\u00e4ufig wechselnden Personengruppen (z.B. Handwerker, Service, Ferieng\u00e4ste, Fahrzeugverleih, Mehrfamilienh\u00e4user) Zugriffsm\u00f6glichkeit durch Bestimmung und Weitergabe des Zahlencodes Befestigung mit B\u00fcgel f\u00fcr flexiblen und tempor\u00e4ren Einsatz, [&hellip;]\" \/>\n<meta property=\"og:url\" content=\"https:\/\/shop.bantam.ch\/de\/produkt\/keygarage-797-led-b-mit-buegel\/\" \/>\n<meta property=\"og:site_name\" content=\"Bantam Camping AG\" \/>\n<meta property=\"article:modified_time\" content=\"2026-04-19T19:48:32+00:00\" \/>\n<meta property=\"og:image\" content=\"https:\/\/shop.bantam.ch\/wp-content\/uploads\/2023\/02\/994442111.jpg\" \/>\n\t<meta property=\"og:image:width\" content=\"465\" \/>\n\t<meta property=\"og:image:height\" content=\"1000\" \/>\n\t<meta property=\"og:image:type\" content=\"image\/jpeg\" \/>\n<meta name=\"twitter:card\" content=\"summary_large_image\" \/>\n<meta name=\"twitter:label1\" content=\"Gesch\u00e4tzte Lesezeit\" \/>\n\t<meta name=\"twitter:data1\" content=\"1\u00a0Minute\" \/>\n<script type=\"application\/ld+json\" class=\"yoast-schema-graph\">{\"@context\":\"https:\\\/\\\/schema.org\",\"@graph\":[{\"@type\":\"WebPage\",\"@id\":\"https:\\\/\\\/shop.bantam.ch\\\/de\\\/produkt\\\/keygarage-797-led-b-mit-buegel\\\/\",\"url\":\"https:\\\/\\\/shop.bantam.ch\\\/de\\\/produkt\\\/keygarage-797-led-b-mit-buegel\\\/\",\"name\":\"Keygarage ABUS 797 LED B\\\/ mit B\u00fcgel - Bantam Camping AG\",\"isPartOf\":{\"@id\":\"https:\\\/\\\/shop.bantam.ch\\\/de\\\/#website\"},\"primaryImageOfPage\":{\"@id\":\"https:\\\/\\\/shop.bantam.ch\\\/de\\\/produkt\\\/keygarage-797-led-b-mit-buegel\\\/#primaryimage\"},\"image\":{\"@id\":\"https:\\\/\\\/shop.bantam.ch\\\/de\\\/produkt\\\/keygarage-797-led-b-mit-buegel\\\/#primaryimage\"},\"thumbnailUrl\":\"https:\\\/\\\/shop.bantam.ch\\\/wp-content\\\/uploads\\\/2023\\\/02\\\/994442111.jpg\",\"datePublished\":\"2023-02-28T21:30:35+00:00\",\"dateModified\":\"2026-04-19T19:48:32+00:00\",\"breadcrumb\":{\"@id\":\"https:\\\/\\\/shop.bantam.ch\\\/de\\\/produkt\\\/keygarage-797-led-b-mit-buegel\\\/#breadcrumb\"},\"inLanguage\":\"de\",\"potentialAction\":[{\"@type\":\"ReadAction\",\"target\":[\"https:\\\/\\\/shop.bantam.ch\\\/de\\\/produkt\\\/keygarage-797-led-b-mit-buegel\\\/\"]}]},{\"@type\":\"ImageObject\",\"inLanguage\":\"de\",\"@id\":\"https:\\\/\\\/shop.bantam.ch\\\/de\\\/produkt\\\/keygarage-797-led-b-mit-buegel\\\/#primaryimage\",\"url\":\"https:\\\/\\\/shop.bantam.ch\\\/wp-content\\\/uploads\\\/2023\\\/02\\\/994442111.jpg\",\"contentUrl\":\"https:\\\/\\\/shop.bantam.ch\\\/wp-content\\\/uploads\\\/2023\\\/02\\\/994442111.jpg\",\"width\":465,\"height\":1000},{\"@type\":\"BreadcrumbList\",\"@id\":\"https:\\\/\\\/shop.bantam.ch\\\/de\\\/produkt\\\/keygarage-797-led-b-mit-buegel\\\/#breadcrumb\",\"itemListElement\":[{\"@type\":\"ListItem\",\"position\":1,\"name\":\"Accueil\",\"item\":\"https:\\\/\\\/shop.bantam.ch\\\/de\\\/\"},{\"@type\":\"ListItem\",\"position\":2,\"name\":\"Shop\",\"item\":\"https:\\\/\\\/shop.bantam.ch\\\/de\\\/shop\\\/\"},{\"@type\":\"ListItem\",\"position\":3,\"name\":\"Keygarage ABUS 797 LED B\\\/ mit B\u00fcgel\"}]},{\"@type\":\"WebSite\",\"@id\":\"https:\\\/\\\/shop.bantam.ch\\\/de\\\/#website\",\"url\":\"https:\\\/\\\/shop.bantam.ch\\\/de\\\/\",\"name\":\"Bantam Camping AG\",\"description\":\"\",\"publisher\":{\"@id\":\"https:\\\/\\\/shop.bantam.ch\\\/de\\\/#organization\"},\"inLanguage\":\"de\"},{\"@type\":\"Organization\",\"@id\":\"https:\\\/\\\/shop.bantam.ch\\\/de\\\/#organization\",\"name\":\"Bantam Camping AG\",\"url\":\"https:\\\/\\\/shop.bantam.ch\\\/de\\\/\",\"logo\":{\"@type\":\"ImageObject\",\"inLanguage\":\"de\",\"@id\":\"https:\\\/\\\/shop.bantam.ch\\\/de\\\/#\\\/schema\\\/logo\\\/image\\\/\",\"url\":\"https:\\\/\\\/shop.bantam.ch\\\/wp-content\\\/uploads\\\/2022\\\/12\\\/bantam-logo.png\",\"contentUrl\":\"https:\\\/\\\/shop.bantam.ch\\\/wp-content\\\/uploads\\\/2022\\\/12\\\/bantam-logo.png\",\"width\":320,\"height\":71,\"caption\":\"Bantam Camping AG\"},\"image\":{\"@id\":\"https:\\\/\\\/shop.bantam.ch\\\/de\\\/#\\\/schema\\\/logo\\\/image\\\/\"}}]}<\/script>\n<!-- \/ Yoast SEO plugin. -->","yoast_head_json":{"title":"Keygarage ABUS 797 LED B\/ mit B\u00fcgel - Bantam Camping AG","robots":{"index":"index","follow":"follow","max-snippet":"max-snippet:-1","max-image-preview":"max-image-preview:large","max-video-preview":"max-video-preview:-1"},"canonical":"https:\/\/shop.bantam.ch\/de\/produkt\/keygarage-797-led-b-mit-buegel\/","og_locale":"de_DE","og_type":"article","og_title":"Keygarage ABUS 797 LED B\/ mit B\u00fcgel - Bantam Camping AG","og_description":"KeyGarage 797 LED mit beleuchteten Zahlenwalzen und B\u00fcgel zur Aufbewahrung von z.B. Schl\u00fcsseln und Plastikkarten. Mit individuell einstellbarem Zahlencode. Einsatz und Anwendung Wertgegenst\u00e4nden f\u00fcr autorisierte Personen Schneller und einfacher Zugriff bei h\u00e4ufig wechselnden Personengruppen (z.B. Handwerker, Service, Ferieng\u00e4ste, Fahrzeugverleih, Mehrfamilienh\u00e4user) Zugriffsm\u00f6glichkeit durch Bestimmung und Weitergabe des Zahlencodes Befestigung mit B\u00fcgel f\u00fcr flexiblen und tempor\u00e4ren Einsatz, [&hellip;]","og_url":"https:\/\/shop.bantam.ch\/de\/produkt\/keygarage-797-led-b-mit-buegel\/","og_site_name":"Bantam Camping AG","article_modified_time":"2026-04-19T19:48:32+00:00","og_image":[{"width":465,"height":1000,"url":"https:\/\/shop.bantam.ch\/wp-content\/uploads\/2023\/02\/994442111.jpg","type":"image\/jpeg"}],"twitter_card":"summary_large_image","twitter_misc":{"Gesch\u00e4tzte Lesezeit":"1\u00a0Minute"},"schema":{"@context":"https:\/\/schema.org","@graph":[{"@type":"WebPage","@id":"https:\/\/shop.bantam.ch\/de\/produkt\/keygarage-797-led-b-mit-buegel\/","url":"https:\/\/shop.bantam.ch\/de\/produkt\/keygarage-797-led-b-mit-buegel\/","name":"Keygarage ABUS 797 LED B\/ mit B\u00fcgel - Bantam Camping AG","isPartOf":{"@id":"https:\/\/shop.bantam.ch\/de\/#website"},"primaryImageOfPage":{"@id":"https:\/\/shop.bantam.ch\/de\/produkt\/keygarage-797-led-b-mit-buegel\/#primaryimage"},"image":{"@id":"https:\/\/shop.bantam.ch\/de\/produkt\/keygarage-797-led-b-mit-buegel\/#primaryimage"},"thumbnailUrl":"https:\/\/shop.bantam.ch\/wp-content\/uploads\/2023\/02\/994442111.jpg","datePublished":"2023-02-28T21:30:35+00:00","dateModified":"2026-04-19T19:48:32+00:00","breadcrumb":{"@id":"https:\/\/shop.bantam.ch\/de\/produkt\/keygarage-797-led-b-mit-buegel\/#breadcrumb"},"inLanguage":"de","potentialAction":[{"@type":"ReadAction","target":["https:\/\/shop.bantam.ch\/de\/produkt\/keygarage-797-led-b-mit-buegel\/"]}]},{"@type":"ImageObject","inLanguage":"de","@id":"https:\/\/shop.bantam.ch\/de\/produkt\/keygarage-797-led-b-mit-buegel\/#primaryimage","url":"https:\/\/shop.bantam.ch\/wp-content\/uploads\/2023\/02\/994442111.jpg","contentUrl":"https:\/\/shop.bantam.ch\/wp-content\/uploads\/2023\/02\/994442111.jpg","width":465,"height":1000},{"@type":"BreadcrumbList","@id":"https:\/\/shop.bantam.ch\/de\/produkt\/keygarage-797-led-b-mit-buegel\/#breadcrumb","itemListElement":[{"@type":"ListItem","position":1,"name":"Accueil","item":"https:\/\/shop.bantam.ch\/de\/"},{"@type":"ListItem","position":2,"name":"Shop","item":"https:\/\/shop.bantam.ch\/de\/shop\/"},{"@type":"ListItem","position":3,"name":"Keygarage ABUS 797 LED B\/ mit B\u00fcgel"}]},{"@type":"WebSite","@id":"https:\/\/shop.bantam.ch\/de\/#website","url":"https:\/\/shop.bantam.ch\/de\/","name":"Bantam Camping AG","description":"","publisher":{"@id":"https:\/\/shop.bantam.ch\/de\/#organization"},"inLanguage":"de"},{"@type":"Organization","@id":"https:\/\/shop.bantam.ch\/de\/#organization","name":"Bantam Camping AG","url":"https:\/\/shop.bantam.ch\/de\/","logo":{"@type":"ImageObject","inLanguage":"de","@id":"https:\/\/shop.bantam.ch\/de\/#\/schema\/logo\/image\/","url":"https:\/\/shop.bantam.ch\/wp-content\/uploads\/2022\/12\/bantam-logo.png","contentUrl":"https:\/\/shop.bantam.ch\/wp-content\/uploads\/2022\/12\/bantam-logo.png","width":320,"height":71,"caption":"Bantam Camping AG"},"image":{"@id":"https:\/\/shop.bantam.ch\/de\/#\/schema\/logo\/image\/"}}]}},"_links":{"self":[{"href":"https:\/\/shop.bantam.ch\/de\/wp-json\/wp\/v2\/product\/117515","targetHints":{"allow":["GET"]}}],"collection":[{"href":"https:\/\/shop.bantam.ch\/de\/wp-json\/wp\/v2\/product"}],"about":[{"href":"https:\/\/shop.bantam.ch\/de\/wp-json\/wp\/v2\/types\/product"}],"wp:featuredmedia":[{"embeddable":true,"href":"https:\/\/shop.bantam.ch\/de\/wp-json\/wp\/v2\/media\/117509"}],"wp:attachment":[{"href":"https:\/\/shop.bantam.ch\/de\/wp-json\/wp\/v2\/media?parent=117515"}],"wp:term":[{"taxonomy":"product_featured_cat","embeddable":true,"href":"https:\/\/shop.bantam.ch\/de\/wp-json\/wp\/v2\/product_featured_cat?post=117515"},{"taxonomy":"product_brand","embeddable":true,"href":"https:\/\/shop.bantam.ch\/de\/wp-json\/wp\/v2\/product_brand?post=117515"},{"taxonomy":"product_cat","embeddable":true,"href":"https:\/\/shop.bantam.ch\/de\/wp-json\/wp\/v2\/product_cat?post=117515"},{"taxonomy":"product_tag","embeddable":true,"href":"https:\/\/shop.bantam.ch\/de\/wp-json\/wp\/v2\/product_tag?post=117515"}],"curies":[{"name":"wp","href":"https:\/\/api.w.org\/{rel}","templated":true}]}}