{"id":117507,"date":"2023-02-28T22:30:29","date_gmt":"2023-02-28T21:30:29","guid":{"rendered":"https:\/\/shop.bantam.ch\/produit\/vorhangschloss-diskus-24ib-70\/"},"modified":"2026-04-19T21:48:31","modified_gmt":"2026-04-19T19:48:31","slug":"vorhangschloss-diskus-24ib-70","status":"publish","type":"product","link":"https:\/\/shop.bantam.ch\/de\/produkt\/vorhangschloss-diskus-24ib-70\/","title":{"rendered":"Vorhangschloss ABUS Diskus 24IB\/70"},"content":{"rendered":"<p>Das Diskus-Vorhangschloss ABUS Diskus 24IB bietet Ihnen Rundum-Schutz vor Diebstahl und Korrosion.<\/p>\n<ul>\n<li>Schlie\u00dfzwang: Verriegelung nur mit Schl\u00fcssel<\/li>\n<li>Made in Germany<\/li>\n<li>Schlie\u00dfung: verschiedenschlie\u00dfend<\/li>\n<li>Breite a [mm]: 70<\/li>\n<li>Lichte B\u00fcgelweite b [mm]: 20<\/li>\n<li>Lichte B\u00fcgelh\u00f6he c [mm]: 17<\/li>\n<li>B\u00fcgeldurchmesser d [mm]: 10<\/li>\n<\/ul>\n<p>Lieferumfang:<br \/>Inklusive 2 Schl\u00fcssel<\/p>\n","protected":false},"excerpt":{"rendered":"<p>Das Diskus-Vorhangschloss ABUS Diskus 24IB bietet Ihnen Rundum-Schutz vor Diebstahl und Korrosion. Schlie\u00dfzwang: Verriegelung nur mit Schl\u00fcssel Made in Germany Schlie\u00dfung: verschiedenschlie\u00dfend Breite a [mm]: 70 Lichte B\u00fcgelweite b [mm]: 20 Lichte B\u00fcgelh\u00f6he c [mm]: 17 B\u00fcgeldurchmesser d [mm]: 10 Lieferumfang:Inklusive 2 Schl\u00fcssel<\/p>\n","protected":false},"featured_media":117501,"template":"","meta":{"_acf_changed":false},"product_featured_cat":[],"product_brand":[3477],"product_cat":[5132],"product_tag":[],"class_list":{"0":"post-117507","1":"product","2":"type-product","3":"status-publish","4":"has-post-thumbnail","6":"product_brand-abus-de","7":"product_cat-universalschloesser","9":"first","10":"instock","11":"taxable","12":"shipping-taxable","13":"purchasable","14":"product-type-simple"},"acf":[],"yoast_head":"<!-- This site is optimized with the Yoast SEO plugin v27.4 - https:\/\/yoast.com\/product\/yoast-seo-wordpress\/ -->\n<title>Vorhangschloss ABUS Diskus 24IB\/70 - Bantam Camping AG<\/title>\n<meta name=\"robots\" content=\"index, follow, max-snippet:-1, max-image-preview:large, max-video-preview:-1\" \/>\n<link rel=\"canonical\" href=\"https:\/\/shop.bantam.ch\/de\/produkt\/vorhangschloss-diskus-24ib-70\/\" \/>\n<meta property=\"og:locale\" content=\"de_DE\" \/>\n<meta property=\"og:type\" content=\"article\" \/>\n<meta property=\"og:title\" content=\"Vorhangschloss ABUS Diskus 24IB\/70 - Bantam Camping AG\" \/>\n<meta property=\"og:description\" content=\"Das Diskus-Vorhangschloss ABUS Diskus 24IB bietet Ihnen Rundum-Schutz vor Diebstahl und Korrosion. Schlie\u00dfzwang: Verriegelung nur mit Schl\u00fcssel Made in Germany Schlie\u00dfung: verschiedenschlie\u00dfend Breite a [mm]: 70 Lichte B\u00fcgelweite b [mm]: 20 Lichte B\u00fcgelh\u00f6he c [mm]: 17 B\u00fcgeldurchmesser d [mm]: 10 Lieferumfang:Inklusive 2 Schl\u00fcssel\" \/>\n<meta property=\"og:url\" content=\"https:\/\/shop.bantam.ch\/de\/produkt\/vorhangschloss-diskus-24ib-70\/\" \/>\n<meta property=\"og:site_name\" content=\"Bantam Camping AG\" \/>\n<meta property=\"article:modified_time\" content=\"2026-04-19T19:48:31+00:00\" \/>\n<meta property=\"og:image\" content=\"https:\/\/shop.bantam.ch\/wp-content\/uploads\/2023\/02\/994441912.jpg\" \/>\n\t<meta property=\"og:image:width\" content=\"992\" \/>\n\t<meta property=\"og:image:height\" content=\"1000\" \/>\n\t<meta property=\"og:image:type\" content=\"image\/jpeg\" \/>\n<meta name=\"twitter:card\" content=\"summary_large_image\" \/>\n<script type=\"application\/ld+json\" class=\"yoast-schema-graph\">{\"@context\":\"https:\\\/\\\/schema.org\",\"@graph\":[{\"@type\":\"WebPage\",\"@id\":\"https:\\\/\\\/shop.bantam.ch\\\/de\\\/produkt\\\/vorhangschloss-diskus-24ib-70\\\/\",\"url\":\"https:\\\/\\\/shop.bantam.ch\\\/de\\\/produkt\\\/vorhangschloss-diskus-24ib-70\\\/\",\"name\":\"Vorhangschloss ABUS Diskus 24IB\\\/70 - Bantam Camping AG\",\"isPartOf\":{\"@id\":\"https:\\\/\\\/shop.bantam.ch\\\/de\\\/#website\"},\"primaryImageOfPage\":{\"@id\":\"https:\\\/\\\/shop.bantam.ch\\\/de\\\/produkt\\\/vorhangschloss-diskus-24ib-70\\\/#primaryimage\"},\"image\":{\"@id\":\"https:\\\/\\\/shop.bantam.ch\\\/de\\\/produkt\\\/vorhangschloss-diskus-24ib-70\\\/#primaryimage\"},\"thumbnailUrl\":\"https:\\\/\\\/shop.bantam.ch\\\/wp-content\\\/uploads\\\/2023\\\/02\\\/994441912.jpg\",\"datePublished\":\"2023-02-28T21:30:29+00:00\",\"dateModified\":\"2026-04-19T19:48:31+00:00\",\"breadcrumb\":{\"@id\":\"https:\\\/\\\/shop.bantam.ch\\\/de\\\/produkt\\\/vorhangschloss-diskus-24ib-70\\\/#breadcrumb\"},\"inLanguage\":\"de\",\"potentialAction\":[{\"@type\":\"ReadAction\",\"target\":[\"https:\\\/\\\/shop.bantam.ch\\\/de\\\/produkt\\\/vorhangschloss-diskus-24ib-70\\\/\"]}]},{\"@type\":\"ImageObject\",\"inLanguage\":\"de\",\"@id\":\"https:\\\/\\\/shop.bantam.ch\\\/de\\\/produkt\\\/vorhangschloss-diskus-24ib-70\\\/#primaryimage\",\"url\":\"https:\\\/\\\/shop.bantam.ch\\\/wp-content\\\/uploads\\\/2023\\\/02\\\/994441912.jpg\",\"contentUrl\":\"https:\\\/\\\/shop.bantam.ch\\\/wp-content\\\/uploads\\\/2023\\\/02\\\/994441912.jpg\",\"width\":992,\"height\":1000},{\"@type\":\"BreadcrumbList\",\"@id\":\"https:\\\/\\\/shop.bantam.ch\\\/de\\\/produkt\\\/vorhangschloss-diskus-24ib-70\\\/#breadcrumb\",\"itemListElement\":[{\"@type\":\"ListItem\",\"position\":1,\"name\":\"Accueil\",\"item\":\"https:\\\/\\\/shop.bantam.ch\\\/de\\\/\"},{\"@type\":\"ListItem\",\"position\":2,\"name\":\"Shop\",\"item\":\"https:\\\/\\\/shop.bantam.ch\\\/de\\\/shop\\\/\"},{\"@type\":\"ListItem\",\"position\":3,\"name\":\"Vorhangschloss ABUS Diskus 24IB\\\/70\"}]},{\"@type\":\"WebSite\",\"@id\":\"https:\\\/\\\/shop.bantam.ch\\\/de\\\/#website\",\"url\":\"https:\\\/\\\/shop.bantam.ch\\\/de\\\/\",\"name\":\"Bantam Camping AG\",\"description\":\"\",\"publisher\":{\"@id\":\"https:\\\/\\\/shop.bantam.ch\\\/de\\\/#organization\"},\"inLanguage\":\"de\"},{\"@type\":\"Organization\",\"@id\":\"https:\\\/\\\/shop.bantam.ch\\\/de\\\/#organization\",\"name\":\"Bantam Camping AG\",\"url\":\"https:\\\/\\\/shop.bantam.ch\\\/de\\\/\",\"logo\":{\"@type\":\"ImageObject\",\"inLanguage\":\"de\",\"@id\":\"https:\\\/\\\/shop.bantam.ch\\\/de\\\/#\\\/schema\\\/logo\\\/image\\\/\",\"url\":\"https:\\\/\\\/shop.bantam.ch\\\/wp-content\\\/uploads\\\/2022\\\/12\\\/bantam-logo.png\",\"contentUrl\":\"https:\\\/\\\/shop.bantam.ch\\\/wp-content\\\/uploads\\\/2022\\\/12\\\/bantam-logo.png\",\"width\":320,\"height\":71,\"caption\":\"Bantam Camping AG\"},\"image\":{\"@id\":\"https:\\\/\\\/shop.bantam.ch\\\/de\\\/#\\\/schema\\\/logo\\\/image\\\/\"}}]}<\/script>\n<!-- \/ Yoast SEO plugin. -->","yoast_head_json":{"title":"Vorhangschloss ABUS Diskus 24IB\/70 - Bantam Camping AG","robots":{"index":"index","follow":"follow","max-snippet":"max-snippet:-1","max-image-preview":"max-image-preview:large","max-video-preview":"max-video-preview:-1"},"canonical":"https:\/\/shop.bantam.ch\/de\/produkt\/vorhangschloss-diskus-24ib-70\/","og_locale":"de_DE","og_type":"article","og_title":"Vorhangschloss ABUS Diskus 24IB\/70 - Bantam Camping AG","og_description":"Das Diskus-Vorhangschloss ABUS Diskus 24IB bietet Ihnen Rundum-Schutz vor Diebstahl und Korrosion. Schlie\u00dfzwang: Verriegelung nur mit Schl\u00fcssel Made in Germany Schlie\u00dfung: verschiedenschlie\u00dfend Breite a [mm]: 70 Lichte B\u00fcgelweite b [mm]: 20 Lichte B\u00fcgelh\u00f6he c [mm]: 17 B\u00fcgeldurchmesser d [mm]: 10 Lieferumfang:Inklusive 2 Schl\u00fcssel","og_url":"https:\/\/shop.bantam.ch\/de\/produkt\/vorhangschloss-diskus-24ib-70\/","og_site_name":"Bantam Camping AG","article_modified_time":"2026-04-19T19:48:31+00:00","og_image":[{"width":992,"height":1000,"url":"https:\/\/shop.bantam.ch\/wp-content\/uploads\/2023\/02\/994441912.jpg","type":"image\/jpeg"}],"twitter_card":"summary_large_image","schema":{"@context":"https:\/\/schema.org","@graph":[{"@type":"WebPage","@id":"https:\/\/shop.bantam.ch\/de\/produkt\/vorhangschloss-diskus-24ib-70\/","url":"https:\/\/shop.bantam.ch\/de\/produkt\/vorhangschloss-diskus-24ib-70\/","name":"Vorhangschloss ABUS Diskus 24IB\/70 - Bantam Camping AG","isPartOf":{"@id":"https:\/\/shop.bantam.ch\/de\/#website"},"primaryImageOfPage":{"@id":"https:\/\/shop.bantam.ch\/de\/produkt\/vorhangschloss-diskus-24ib-70\/#primaryimage"},"image":{"@id":"https:\/\/shop.bantam.ch\/de\/produkt\/vorhangschloss-diskus-24ib-70\/#primaryimage"},"thumbnailUrl":"https:\/\/shop.bantam.ch\/wp-content\/uploads\/2023\/02\/994441912.jpg","datePublished":"2023-02-28T21:30:29+00:00","dateModified":"2026-04-19T19:48:31+00:00","breadcrumb":{"@id":"https:\/\/shop.bantam.ch\/de\/produkt\/vorhangschloss-diskus-24ib-70\/#breadcrumb"},"inLanguage":"de","potentialAction":[{"@type":"ReadAction","target":["https:\/\/shop.bantam.ch\/de\/produkt\/vorhangschloss-diskus-24ib-70\/"]}]},{"@type":"ImageObject","inLanguage":"de","@id":"https:\/\/shop.bantam.ch\/de\/produkt\/vorhangschloss-diskus-24ib-70\/#primaryimage","url":"https:\/\/shop.bantam.ch\/wp-content\/uploads\/2023\/02\/994441912.jpg","contentUrl":"https:\/\/shop.bantam.ch\/wp-content\/uploads\/2023\/02\/994441912.jpg","width":992,"height":1000},{"@type":"BreadcrumbList","@id":"https:\/\/shop.bantam.ch\/de\/produkt\/vorhangschloss-diskus-24ib-70\/#breadcrumb","itemListElement":[{"@type":"ListItem","position":1,"name":"Accueil","item":"https:\/\/shop.bantam.ch\/de\/"},{"@type":"ListItem","position":2,"name":"Shop","item":"https:\/\/shop.bantam.ch\/de\/shop\/"},{"@type":"ListItem","position":3,"name":"Vorhangschloss ABUS Diskus 24IB\/70"}]},{"@type":"WebSite","@id":"https:\/\/shop.bantam.ch\/de\/#website","url":"https:\/\/shop.bantam.ch\/de\/","name":"Bantam Camping AG","description":"","publisher":{"@id":"https:\/\/shop.bantam.ch\/de\/#organization"},"inLanguage":"de"},{"@type":"Organization","@id":"https:\/\/shop.bantam.ch\/de\/#organization","name":"Bantam Camping AG","url":"https:\/\/shop.bantam.ch\/de\/","logo":{"@type":"ImageObject","inLanguage":"de","@id":"https:\/\/shop.bantam.ch\/de\/#\/schema\/logo\/image\/","url":"https:\/\/shop.bantam.ch\/wp-content\/uploads\/2022\/12\/bantam-logo.png","contentUrl":"https:\/\/shop.bantam.ch\/wp-content\/uploads\/2022\/12\/bantam-logo.png","width":320,"height":71,"caption":"Bantam Camping AG"},"image":{"@id":"https:\/\/shop.bantam.ch\/de\/#\/schema\/logo\/image\/"}}]}},"_links":{"self":[{"href":"https:\/\/shop.bantam.ch\/de\/wp-json\/wp\/v2\/product\/117507","targetHints":{"allow":["GET"]}}],"collection":[{"href":"https:\/\/shop.bantam.ch\/de\/wp-json\/wp\/v2\/product"}],"about":[{"href":"https:\/\/shop.bantam.ch\/de\/wp-json\/wp\/v2\/types\/product"}],"wp:featuredmedia":[{"embeddable":true,"href":"https:\/\/shop.bantam.ch\/de\/wp-json\/wp\/v2\/media\/117501"}],"wp:attachment":[{"href":"https:\/\/shop.bantam.ch\/de\/wp-json\/wp\/v2\/media?parent=117507"}],"wp:term":[{"taxonomy":"product_featured_cat","embeddable":true,"href":"https:\/\/shop.bantam.ch\/de\/wp-json\/wp\/v2\/product_featured_cat?post=117507"},{"taxonomy":"product_brand","embeddable":true,"href":"https:\/\/shop.bantam.ch\/de\/wp-json\/wp\/v2\/product_brand?post=117507"},{"taxonomy":"product_cat","embeddable":true,"href":"https:\/\/shop.bantam.ch\/de\/wp-json\/wp\/v2\/product_cat?post=117507"},{"taxonomy":"product_tag","embeddable":true,"href":"https:\/\/shop.bantam.ch\/de\/wp-json\/wp\/v2\/product_tag?post=117507"}],"curies":[{"name":"wp","href":"https:\/\/api.w.org\/{rel}","templated":true}]}}