{"id":117499,"date":"2023-02-28T22:30:22","date_gmt":"2023-02-28T21:30:22","guid":{"rendered":"https:\/\/shop.bantam.ch\/produit\/faltschloss-5900-90-bk-st-bordo-classic\/"},"modified":"2026-04-18T21:46:53","modified_gmt":"2026-04-18T19:46:53","slug":"faltschloss-5900-90-bk-st-bordo-classic","status":"publish","type":"product","link":"https:\/\/shop.bantam.ch\/de\/produkt\/faltschloss-5900-90-bk-st-bordo-classic\/","title":{"rendered":"Faltschloss ABUS 5900 \/ 90 BK ST Bordo Classic"},"content":{"rendered":"<p>Die 5,5 mm starke St\u00e4be und das Geh\u00e4use sind aus speziell geh\u00e4rtetem Stahl gefertigt.<\/p>\n<p>Einsatz und Anwendung<\/p>\n<ul>\n<li>Guter Schutz bei mittlerem Diebstahlrisiko<\/li>\n<li>Empfohlen f\u00fcr die Absicherung guter Zweir\u00e4der<\/li>\n<li>Je gr\u00f6\u00dfer das L\u00e4ngenma\u00df, umso einfacher das Anschlie\u00dfen an einen festen Gegenstand<\/li>\n<\/ul>\n<p>Technologie<\/p>\n<ul>\n<li>5 mm starke St\u00e4be<\/li>\n<li>Gelenkkonstruktion erm\u00f6glichtet kompaktes Zusammenfalten<\/li>\n<li>Die St\u00e4be und das Geh\u00e4use sind aus speziell geh\u00e4rtetem Stahl gefertigt<\/li>\n<li>Verbindung der Stahlst\u00e4be durch Spezialnieten<\/li>\n<li>ABUS Qualit\u00e4tszylinder<\/li>\n<\/ul>\n<p>Technische Daten<\/p>\n<ul>\n<li>Security Level Bike: 8<\/li>\n<li>Halter: mit Halter<\/li>\n<li>Gewicht [g]: 1250<\/li>\n<li>Umfang [cm]: 90<\/li>\n<\/ul>\n<p>Lieferumfang:<br \/>Inklusive zwei Schl\u00fcssel<br \/>Transporttasche<\/p>\n","protected":false},"excerpt":{"rendered":"<p>Die 5,5 mm starke St\u00e4be und das Geh\u00e4use sind aus speziell geh\u00e4rtetem Stahl gefertigt. Einsatz und Anwendung Guter Schutz bei mittlerem Diebstahlrisiko Empfohlen f\u00fcr die Absicherung guter Zweir\u00e4der Je gr\u00f6\u00dfer das L\u00e4ngenma\u00df, umso einfacher das Anschlie\u00dfen an einen festen Gegenstand Technologie 5 mm starke St\u00e4be Gelenkkonstruktion erm\u00f6glichtet kompaktes Zusammenfalten Die St\u00e4be und das Geh\u00e4use sind [&hellip;]<\/p>\n","protected":false},"featured_media":117495,"template":"","meta":{"_acf_changed":false},"product_featured_cat":[],"product_brand":[3477],"product_cat":[5132],"product_tag":[],"class_list":{"0":"post-117499","1":"product","2":"type-product","3":"status-publish","4":"has-post-thumbnail","6":"product_brand-abus-de","7":"product_cat-universalschloesser","9":"first","10":"instock","11":"taxable","12":"shipping-taxable","13":"purchasable","14":"product-type-simple"},"acf":[],"yoast_head":"<!-- This site is optimized with the Yoast SEO plugin v27.4 - https:\/\/yoast.com\/product\/yoast-seo-wordpress\/ -->\n<title>Faltschloss ABUS 5900 \/ 90 BK ST Bordo Classic - Bantam Camping AG<\/title>\n<meta name=\"robots\" content=\"index, follow, max-snippet:-1, max-image-preview:large, max-video-preview:-1\" \/>\n<link rel=\"canonical\" href=\"https:\/\/shop.bantam.ch\/de\/produkt\/faltschloss-5900-90-bk-st-bordo-classic\/\" \/>\n<meta property=\"og:locale\" content=\"de_DE\" \/>\n<meta property=\"og:type\" content=\"article\" \/>\n<meta property=\"og:title\" content=\"Faltschloss ABUS 5900 \/ 90 BK ST Bordo Classic - Bantam Camping AG\" \/>\n<meta property=\"og:description\" content=\"Die 5,5 mm starke St\u00e4be und das Geh\u00e4use sind aus speziell geh\u00e4rtetem Stahl gefertigt. Einsatz und Anwendung Guter Schutz bei mittlerem Diebstahlrisiko Empfohlen f\u00fcr die Absicherung guter Zweir\u00e4der Je gr\u00f6\u00dfer das L\u00e4ngenma\u00df, umso einfacher das Anschlie\u00dfen an einen festen Gegenstand Technologie 5 mm starke St\u00e4be Gelenkkonstruktion erm\u00f6glichtet kompaktes Zusammenfalten Die St\u00e4be und das Geh\u00e4use sind [&hellip;]\" \/>\n<meta property=\"og:url\" content=\"https:\/\/shop.bantam.ch\/de\/produkt\/faltschloss-5900-90-bk-st-bordo-classic\/\" \/>\n<meta property=\"og:site_name\" content=\"Bantam Camping AG\" \/>\n<meta property=\"article:modified_time\" content=\"2026-04-18T19:46:53+00:00\" \/>\n<meta property=\"og:image\" content=\"https:\/\/shop.bantam.ch\/wp-content\/uploads\/2023\/02\/994441811.jpg\" \/>\n\t<meta property=\"og:image:width\" content=\"307\" \/>\n\t<meta property=\"og:image:height\" content=\"1000\" \/>\n\t<meta property=\"og:image:type\" content=\"image\/jpeg\" \/>\n<meta name=\"twitter:card\" content=\"summary_large_image\" \/>\n<script type=\"application\/ld+json\" class=\"yoast-schema-graph\">{\"@context\":\"https:\\\/\\\/schema.org\",\"@graph\":[{\"@type\":\"WebPage\",\"@id\":\"https:\\\/\\\/shop.bantam.ch\\\/de\\\/produkt\\\/faltschloss-5900-90-bk-st-bordo-classic\\\/\",\"url\":\"https:\\\/\\\/shop.bantam.ch\\\/de\\\/produkt\\\/faltschloss-5900-90-bk-st-bordo-classic\\\/\",\"name\":\"Faltschloss ABUS 5900 \\\/ 90 BK ST Bordo Classic - Bantam Camping AG\",\"isPartOf\":{\"@id\":\"https:\\\/\\\/shop.bantam.ch\\\/de\\\/#website\"},\"primaryImageOfPage\":{\"@id\":\"https:\\\/\\\/shop.bantam.ch\\\/de\\\/produkt\\\/faltschloss-5900-90-bk-st-bordo-classic\\\/#primaryimage\"},\"image\":{\"@id\":\"https:\\\/\\\/shop.bantam.ch\\\/de\\\/produkt\\\/faltschloss-5900-90-bk-st-bordo-classic\\\/#primaryimage\"},\"thumbnailUrl\":\"https:\\\/\\\/shop.bantam.ch\\\/wp-content\\\/uploads\\\/2023\\\/02\\\/994441811.jpg\",\"datePublished\":\"2023-02-28T21:30:22+00:00\",\"dateModified\":\"2026-04-18T19:46:53+00:00\",\"breadcrumb\":{\"@id\":\"https:\\\/\\\/shop.bantam.ch\\\/de\\\/produkt\\\/faltschloss-5900-90-bk-st-bordo-classic\\\/#breadcrumb\"},\"inLanguage\":\"de\",\"potentialAction\":[{\"@type\":\"ReadAction\",\"target\":[\"https:\\\/\\\/shop.bantam.ch\\\/de\\\/produkt\\\/faltschloss-5900-90-bk-st-bordo-classic\\\/\"]}]},{\"@type\":\"ImageObject\",\"inLanguage\":\"de\",\"@id\":\"https:\\\/\\\/shop.bantam.ch\\\/de\\\/produkt\\\/faltschloss-5900-90-bk-st-bordo-classic\\\/#primaryimage\",\"url\":\"https:\\\/\\\/shop.bantam.ch\\\/wp-content\\\/uploads\\\/2023\\\/02\\\/994441811.jpg\",\"contentUrl\":\"https:\\\/\\\/shop.bantam.ch\\\/wp-content\\\/uploads\\\/2023\\\/02\\\/994441811.jpg\",\"width\":307,\"height\":1000},{\"@type\":\"BreadcrumbList\",\"@id\":\"https:\\\/\\\/shop.bantam.ch\\\/de\\\/produkt\\\/faltschloss-5900-90-bk-st-bordo-classic\\\/#breadcrumb\",\"itemListElement\":[{\"@type\":\"ListItem\",\"position\":1,\"name\":\"Accueil\",\"item\":\"https:\\\/\\\/shop.bantam.ch\\\/de\\\/\"},{\"@type\":\"ListItem\",\"position\":2,\"name\":\"Shop\",\"item\":\"https:\\\/\\\/shop.bantam.ch\\\/de\\\/shop\\\/\"},{\"@type\":\"ListItem\",\"position\":3,\"name\":\"Faltschloss ABUS 5900 \\\/ 90 BK ST Bordo Classic\"}]},{\"@type\":\"WebSite\",\"@id\":\"https:\\\/\\\/shop.bantam.ch\\\/de\\\/#website\",\"url\":\"https:\\\/\\\/shop.bantam.ch\\\/de\\\/\",\"name\":\"Bantam Camping AG\",\"description\":\"\",\"publisher\":{\"@id\":\"https:\\\/\\\/shop.bantam.ch\\\/de\\\/#organization\"},\"inLanguage\":\"de\"},{\"@type\":\"Organization\",\"@id\":\"https:\\\/\\\/shop.bantam.ch\\\/de\\\/#organization\",\"name\":\"Bantam Camping AG\",\"url\":\"https:\\\/\\\/shop.bantam.ch\\\/de\\\/\",\"logo\":{\"@type\":\"ImageObject\",\"inLanguage\":\"de\",\"@id\":\"https:\\\/\\\/shop.bantam.ch\\\/de\\\/#\\\/schema\\\/logo\\\/image\\\/\",\"url\":\"https:\\\/\\\/shop.bantam.ch\\\/wp-content\\\/uploads\\\/2022\\\/12\\\/bantam-logo.png\",\"contentUrl\":\"https:\\\/\\\/shop.bantam.ch\\\/wp-content\\\/uploads\\\/2022\\\/12\\\/bantam-logo.png\",\"width\":320,\"height\":71,\"caption\":\"Bantam Camping AG\"},\"image\":{\"@id\":\"https:\\\/\\\/shop.bantam.ch\\\/de\\\/#\\\/schema\\\/logo\\\/image\\\/\"}}]}<\/script>\n<!-- \/ Yoast SEO plugin. -->","yoast_head_json":{"title":"Faltschloss ABUS 5900 \/ 90 BK ST Bordo Classic - Bantam Camping AG","robots":{"index":"index","follow":"follow","max-snippet":"max-snippet:-1","max-image-preview":"max-image-preview:large","max-video-preview":"max-video-preview:-1"},"canonical":"https:\/\/shop.bantam.ch\/de\/produkt\/faltschloss-5900-90-bk-st-bordo-classic\/","og_locale":"de_DE","og_type":"article","og_title":"Faltschloss ABUS 5900 \/ 90 BK ST Bordo Classic - Bantam Camping AG","og_description":"Die 5,5 mm starke St\u00e4be und das Geh\u00e4use sind aus speziell geh\u00e4rtetem Stahl gefertigt. Einsatz und Anwendung Guter Schutz bei mittlerem Diebstahlrisiko Empfohlen f\u00fcr die Absicherung guter Zweir\u00e4der Je gr\u00f6\u00dfer das L\u00e4ngenma\u00df, umso einfacher das Anschlie\u00dfen an einen festen Gegenstand Technologie 5 mm starke St\u00e4be Gelenkkonstruktion erm\u00f6glichtet kompaktes Zusammenfalten Die St\u00e4be und das Geh\u00e4use sind [&hellip;]","og_url":"https:\/\/shop.bantam.ch\/de\/produkt\/faltschloss-5900-90-bk-st-bordo-classic\/","og_site_name":"Bantam Camping AG","article_modified_time":"2026-04-18T19:46:53+00:00","og_image":[{"width":307,"height":1000,"url":"https:\/\/shop.bantam.ch\/wp-content\/uploads\/2023\/02\/994441811.jpg","type":"image\/jpeg"}],"twitter_card":"summary_large_image","schema":{"@context":"https:\/\/schema.org","@graph":[{"@type":"WebPage","@id":"https:\/\/shop.bantam.ch\/de\/produkt\/faltschloss-5900-90-bk-st-bordo-classic\/","url":"https:\/\/shop.bantam.ch\/de\/produkt\/faltschloss-5900-90-bk-st-bordo-classic\/","name":"Faltschloss ABUS 5900 \/ 90 BK ST Bordo Classic - Bantam Camping AG","isPartOf":{"@id":"https:\/\/shop.bantam.ch\/de\/#website"},"primaryImageOfPage":{"@id":"https:\/\/shop.bantam.ch\/de\/produkt\/faltschloss-5900-90-bk-st-bordo-classic\/#primaryimage"},"image":{"@id":"https:\/\/shop.bantam.ch\/de\/produkt\/faltschloss-5900-90-bk-st-bordo-classic\/#primaryimage"},"thumbnailUrl":"https:\/\/shop.bantam.ch\/wp-content\/uploads\/2023\/02\/994441811.jpg","datePublished":"2023-02-28T21:30:22+00:00","dateModified":"2026-04-18T19:46:53+00:00","breadcrumb":{"@id":"https:\/\/shop.bantam.ch\/de\/produkt\/faltschloss-5900-90-bk-st-bordo-classic\/#breadcrumb"},"inLanguage":"de","potentialAction":[{"@type":"ReadAction","target":["https:\/\/shop.bantam.ch\/de\/produkt\/faltschloss-5900-90-bk-st-bordo-classic\/"]}]},{"@type":"ImageObject","inLanguage":"de","@id":"https:\/\/shop.bantam.ch\/de\/produkt\/faltschloss-5900-90-bk-st-bordo-classic\/#primaryimage","url":"https:\/\/shop.bantam.ch\/wp-content\/uploads\/2023\/02\/994441811.jpg","contentUrl":"https:\/\/shop.bantam.ch\/wp-content\/uploads\/2023\/02\/994441811.jpg","width":307,"height":1000},{"@type":"BreadcrumbList","@id":"https:\/\/shop.bantam.ch\/de\/produkt\/faltschloss-5900-90-bk-st-bordo-classic\/#breadcrumb","itemListElement":[{"@type":"ListItem","position":1,"name":"Accueil","item":"https:\/\/shop.bantam.ch\/de\/"},{"@type":"ListItem","position":2,"name":"Shop","item":"https:\/\/shop.bantam.ch\/de\/shop\/"},{"@type":"ListItem","position":3,"name":"Faltschloss ABUS 5900 \/ 90 BK ST Bordo Classic"}]},{"@type":"WebSite","@id":"https:\/\/shop.bantam.ch\/de\/#website","url":"https:\/\/shop.bantam.ch\/de\/","name":"Bantam Camping AG","description":"","publisher":{"@id":"https:\/\/shop.bantam.ch\/de\/#organization"},"inLanguage":"de"},{"@type":"Organization","@id":"https:\/\/shop.bantam.ch\/de\/#organization","name":"Bantam Camping AG","url":"https:\/\/shop.bantam.ch\/de\/","logo":{"@type":"ImageObject","inLanguage":"de","@id":"https:\/\/shop.bantam.ch\/de\/#\/schema\/logo\/image\/","url":"https:\/\/shop.bantam.ch\/wp-content\/uploads\/2022\/12\/bantam-logo.png","contentUrl":"https:\/\/shop.bantam.ch\/wp-content\/uploads\/2022\/12\/bantam-logo.png","width":320,"height":71,"caption":"Bantam Camping AG"},"image":{"@id":"https:\/\/shop.bantam.ch\/de\/#\/schema\/logo\/image\/"}}]}},"_links":{"self":[{"href":"https:\/\/shop.bantam.ch\/de\/wp-json\/wp\/v2\/product\/117499","targetHints":{"allow":["GET"]}}],"collection":[{"href":"https:\/\/shop.bantam.ch\/de\/wp-json\/wp\/v2\/product"}],"about":[{"href":"https:\/\/shop.bantam.ch\/de\/wp-json\/wp\/v2\/types\/product"}],"wp:featuredmedia":[{"embeddable":true,"href":"https:\/\/shop.bantam.ch\/de\/wp-json\/wp\/v2\/media\/117495"}],"wp:attachment":[{"href":"https:\/\/shop.bantam.ch\/de\/wp-json\/wp\/v2\/media?parent=117499"}],"wp:term":[{"taxonomy":"product_featured_cat","embeddable":true,"href":"https:\/\/shop.bantam.ch\/de\/wp-json\/wp\/v2\/product_featured_cat?post=117499"},{"taxonomy":"product_brand","embeddable":true,"href":"https:\/\/shop.bantam.ch\/de\/wp-json\/wp\/v2\/product_brand?post=117499"},{"taxonomy":"product_cat","embeddable":true,"href":"https:\/\/shop.bantam.ch\/de\/wp-json\/wp\/v2\/product_cat?post=117499"},{"taxonomy":"product_tag","embeddable":true,"href":"https:\/\/shop.bantam.ch\/de\/wp-json\/wp\/v2\/product_tag?post=117499"}],"curies":[{"name":"wp","href":"https:\/\/api.w.org\/{rel}","templated":true}]}}