{"id":117373,"date":"2023-02-28T22:28:15","date_gmt":"2023-02-28T21:28:15","guid":{"rendered":"https:\/\/shop.bantam.ch\/produit\/winter-vorzelt-inuit-blizzard-250-x-200-cm\/"},"modified":"2026-04-17T23:25:54","modified_gmt":"2026-04-17T21:25:54","slug":"winter-vorzelt-inuit-blizzard-250-x-200-cm","status":"publish","type":"product","link":"https:\/\/shop.bantam.ch\/de\/produkt\/winter-vorzelt-inuit-blizzard-250-x-200-cm\/","title":{"rendered":"Winter-Vorzelt INUIT Blizzard 250 x 200 cm"},"content":{"rendered":"<p>Wintercamping ist wirklich nichts f\u00fcr Weicheier. Trotzdem muss die Ausr\u00fcstung stimmen. Mit dem Inuit Blizzard machen Sie jedenfalls alles richtig. Seine Anstellh\u00f6he von bis zu 300 cm verschafft auch gr\u00f6\u00dferen Reisemobilen und Kastenw\u00e4gen einen winterfesten Platz im Vorzelt.<\/p>\n<p>Ausstattung und Funktionen:<br \/>&#8211; Freistehend inkl. R\u00fcckwand<br \/>&#8211; Fest angen\u00e4hte Andruckw\u00fclste<br \/>&#8211; Abgedeckte Rei\u00dfverschl\u00fcsse<br \/>&#8211; Rundbogeneing\u00e4nge in beiden Seitenw\u00e4nden<br \/>&#8211; Ein Air Vent Fenster in Vorderwand<br \/>&#8211; Get\u00f6nte Fensterfolie<br \/>&#8211; Sturm Abspanndreiecke au\u00dfen unterhalb der Fenster<br \/>&#8211; Anbringungsm\u00f6glichkeit f\u00fcr Sturmband Set<\/p>\n<p>Material:<br \/>Dach, Vorder-und Seitw\u00e4nde komplett aus beidseitig beschichtetem Polyestergewebe.<br \/>Gest\u00e4nge: Stahl<\/p>\n<p>Lieferumfang:<br \/>Zelt<br \/>Ger\u00fcst<br \/>Packsack<br \/>Aufbauanleitung<\/p>\n","protected":false},"excerpt":{"rendered":"<p>Wintercamping ist wirklich nichts f\u00fcr Weicheier. Trotzdem muss die Ausr\u00fcstung stimmen. Mit dem Inuit Blizzard machen Sie jedenfalls alles richtig. Seine Anstellh\u00f6he von bis zu 300 cm verschafft auch gr\u00f6\u00dferen Reisemobilen und Kastenw\u00e4gen einen winterfesten Platz im Vorzelt. Ausstattung und Funktionen:&#8211; Freistehend inkl. R\u00fcckwand&#8211; Fest angen\u00e4hte Andruckw\u00fclste&#8211; Abgedeckte Rei\u00dfverschl\u00fcsse&#8211; Rundbogeneing\u00e4nge in beiden Seitenw\u00e4nden&#8211; Ein Air [&hellip;]<\/p>\n","protected":false},"featured_media":117355,"template":"","meta":{"_acf_changed":false},"product_featured_cat":[],"product_brand":[3043],"product_cat":[4916],"product_tag":[],"class_list":{"0":"post-117373","1":"product","2":"type-product","3":"status-publish","4":"has-post-thumbnail","6":"product_brand-wigo-de","7":"product_cat-wohnmobil-bus-vorzelte","9":"first","10":"instock","11":"taxable","12":"shipping-taxable","13":"purchasable","14":"product-type-variable"},"acf":[],"yoast_head":"<!-- This site is optimized with the Yoast SEO plugin v27.4 - https:\/\/yoast.com\/product\/yoast-seo-wordpress\/ -->\n<title>Winter-Vorzelt INUIT Blizzard 250 x 200 cm - Bantam Camping AG<\/title>\n<meta name=\"robots\" content=\"index, follow, max-snippet:-1, max-image-preview:large, max-video-preview:-1\" \/>\n<link rel=\"canonical\" href=\"https:\/\/shop.bantam.ch\/de\/produkt\/winter-vorzelt-inuit-blizzard-250-x-200-cm\/\" \/>\n<meta property=\"og:locale\" content=\"de_DE\" \/>\n<meta property=\"og:type\" content=\"article\" \/>\n<meta property=\"og:title\" content=\"Winter-Vorzelt INUIT Blizzard 250 x 200 cm - Bantam Camping AG\" \/>\n<meta property=\"og:description\" content=\"Wintercamping ist wirklich nichts f\u00fcr Weicheier. Trotzdem muss die Ausr\u00fcstung stimmen. Mit dem Inuit Blizzard machen Sie jedenfalls alles richtig. Seine Anstellh\u00f6he von bis zu 300 cm verschafft auch gr\u00f6\u00dferen Reisemobilen und Kastenw\u00e4gen einen winterfesten Platz im Vorzelt. Ausstattung und Funktionen:&#8211; Freistehend inkl. R\u00fcckwand&#8211; Fest angen\u00e4hte Andruckw\u00fclste&#8211; Abgedeckte Rei\u00dfverschl\u00fcsse&#8211; Rundbogeneing\u00e4nge in beiden Seitenw\u00e4nden&#8211; Ein Air [&hellip;]\" \/>\n<meta property=\"og:url\" content=\"https:\/\/shop.bantam.ch\/de\/produkt\/winter-vorzelt-inuit-blizzard-250-x-200-cm\/\" \/>\n<meta property=\"og:site_name\" content=\"Bantam Camping AG\" \/>\n<meta property=\"article:modified_time\" content=\"2026-04-17T21:25:54+00:00\" \/>\n<meta property=\"og:image\" content=\"https:\/\/shop.bantam.ch\/wp-content\/uploads\/2023\/02\/995819511.jpg\" \/>\n\t<meta property=\"og:image:width\" content=\"1000\" \/>\n\t<meta property=\"og:image:height\" content=\"667\" \/>\n\t<meta property=\"og:image:type\" content=\"image\/jpeg\" \/>\n<meta name=\"twitter:card\" content=\"summary_large_image\" \/>\n<meta name=\"twitter:label1\" content=\"Gesch\u00e4tzte Lesezeit\" \/>\n\t<meta name=\"twitter:data1\" content=\"1\u00a0Minute\" \/>\n<script type=\"application\/ld+json\" class=\"yoast-schema-graph\">{\"@context\":\"https:\\\/\\\/schema.org\",\"@graph\":[{\"@type\":\"WebPage\",\"@id\":\"https:\\\/\\\/shop.bantam.ch\\\/de\\\/produkt\\\/winter-vorzelt-inuit-blizzard-250-x-200-cm\\\/\",\"url\":\"https:\\\/\\\/shop.bantam.ch\\\/de\\\/produkt\\\/winter-vorzelt-inuit-blizzard-250-x-200-cm\\\/\",\"name\":\"Winter-Vorzelt INUIT Blizzard 250 x 200 cm - Bantam Camping AG\",\"isPartOf\":{\"@id\":\"https:\\\/\\\/shop.bantam.ch\\\/de\\\/#website\"},\"primaryImageOfPage\":{\"@id\":\"https:\\\/\\\/shop.bantam.ch\\\/de\\\/produkt\\\/winter-vorzelt-inuit-blizzard-250-x-200-cm\\\/#primaryimage\"},\"image\":{\"@id\":\"https:\\\/\\\/shop.bantam.ch\\\/de\\\/produkt\\\/winter-vorzelt-inuit-blizzard-250-x-200-cm\\\/#primaryimage\"},\"thumbnailUrl\":\"https:\\\/\\\/shop.bantam.ch\\\/wp-content\\\/uploads\\\/2023\\\/02\\\/995819511.jpg\",\"datePublished\":\"2023-02-28T21:28:15+00:00\",\"dateModified\":\"2026-04-17T21:25:54+00:00\",\"breadcrumb\":{\"@id\":\"https:\\\/\\\/shop.bantam.ch\\\/de\\\/produkt\\\/winter-vorzelt-inuit-blizzard-250-x-200-cm\\\/#breadcrumb\"},\"inLanguage\":\"de\",\"potentialAction\":[{\"@type\":\"ReadAction\",\"target\":[\"https:\\\/\\\/shop.bantam.ch\\\/de\\\/produkt\\\/winter-vorzelt-inuit-blizzard-250-x-200-cm\\\/\"]}]},{\"@type\":\"ImageObject\",\"inLanguage\":\"de\",\"@id\":\"https:\\\/\\\/shop.bantam.ch\\\/de\\\/produkt\\\/winter-vorzelt-inuit-blizzard-250-x-200-cm\\\/#primaryimage\",\"url\":\"https:\\\/\\\/shop.bantam.ch\\\/wp-content\\\/uploads\\\/2023\\\/02\\\/995819511.jpg\",\"contentUrl\":\"https:\\\/\\\/shop.bantam.ch\\\/wp-content\\\/uploads\\\/2023\\\/02\\\/995819511.jpg\",\"width\":1000,\"height\":667},{\"@type\":\"BreadcrumbList\",\"@id\":\"https:\\\/\\\/shop.bantam.ch\\\/de\\\/produkt\\\/winter-vorzelt-inuit-blizzard-250-x-200-cm\\\/#breadcrumb\",\"itemListElement\":[{\"@type\":\"ListItem\",\"position\":1,\"name\":\"Accueil\",\"item\":\"https:\\\/\\\/shop.bantam.ch\\\/de\\\/\"},{\"@type\":\"ListItem\",\"position\":2,\"name\":\"Shop\",\"item\":\"https:\\\/\\\/shop.bantam.ch\\\/de\\\/shop\\\/\"},{\"@type\":\"ListItem\",\"position\":3,\"name\":\"Winter-Vorzelt INUIT Blizzard 250 x 200 cm\"}]},{\"@type\":\"WebSite\",\"@id\":\"https:\\\/\\\/shop.bantam.ch\\\/de\\\/#website\",\"url\":\"https:\\\/\\\/shop.bantam.ch\\\/de\\\/\",\"name\":\"Bantam Camping AG\",\"description\":\"\",\"publisher\":{\"@id\":\"https:\\\/\\\/shop.bantam.ch\\\/de\\\/#organization\"},\"inLanguage\":\"de\"},{\"@type\":\"Organization\",\"@id\":\"https:\\\/\\\/shop.bantam.ch\\\/de\\\/#organization\",\"name\":\"Bantam Camping AG\",\"url\":\"https:\\\/\\\/shop.bantam.ch\\\/de\\\/\",\"logo\":{\"@type\":\"ImageObject\",\"inLanguage\":\"de\",\"@id\":\"https:\\\/\\\/shop.bantam.ch\\\/de\\\/#\\\/schema\\\/logo\\\/image\\\/\",\"url\":\"https:\\\/\\\/shop.bantam.ch\\\/wp-content\\\/uploads\\\/2022\\\/12\\\/bantam-logo.png\",\"contentUrl\":\"https:\\\/\\\/shop.bantam.ch\\\/wp-content\\\/uploads\\\/2022\\\/12\\\/bantam-logo.png\",\"width\":320,\"height\":71,\"caption\":\"Bantam Camping AG\"},\"image\":{\"@id\":\"https:\\\/\\\/shop.bantam.ch\\\/de\\\/#\\\/schema\\\/logo\\\/image\\\/\"}}]}<\/script>\n<!-- \/ Yoast SEO plugin. -->","yoast_head_json":{"title":"Winter-Vorzelt INUIT Blizzard 250 x 200 cm - Bantam Camping AG","robots":{"index":"index","follow":"follow","max-snippet":"max-snippet:-1","max-image-preview":"max-image-preview:large","max-video-preview":"max-video-preview:-1"},"canonical":"https:\/\/shop.bantam.ch\/de\/produkt\/winter-vorzelt-inuit-blizzard-250-x-200-cm\/","og_locale":"de_DE","og_type":"article","og_title":"Winter-Vorzelt INUIT Blizzard 250 x 200 cm - Bantam Camping AG","og_description":"Wintercamping ist wirklich nichts f\u00fcr Weicheier. Trotzdem muss die Ausr\u00fcstung stimmen. Mit dem Inuit Blizzard machen Sie jedenfalls alles richtig. Seine Anstellh\u00f6he von bis zu 300 cm verschafft auch gr\u00f6\u00dferen Reisemobilen und Kastenw\u00e4gen einen winterfesten Platz im Vorzelt. Ausstattung und Funktionen:&#8211; Freistehend inkl. R\u00fcckwand&#8211; Fest angen\u00e4hte Andruckw\u00fclste&#8211; Abgedeckte Rei\u00dfverschl\u00fcsse&#8211; Rundbogeneing\u00e4nge in beiden Seitenw\u00e4nden&#8211; Ein Air [&hellip;]","og_url":"https:\/\/shop.bantam.ch\/de\/produkt\/winter-vorzelt-inuit-blizzard-250-x-200-cm\/","og_site_name":"Bantam Camping AG","article_modified_time":"2026-04-17T21:25:54+00:00","og_image":[{"width":1000,"height":667,"url":"https:\/\/shop.bantam.ch\/wp-content\/uploads\/2023\/02\/995819511.jpg","type":"image\/jpeg"}],"twitter_card":"summary_large_image","twitter_misc":{"Gesch\u00e4tzte Lesezeit":"1\u00a0Minute"},"schema":{"@context":"https:\/\/schema.org","@graph":[{"@type":"WebPage","@id":"https:\/\/shop.bantam.ch\/de\/produkt\/winter-vorzelt-inuit-blizzard-250-x-200-cm\/","url":"https:\/\/shop.bantam.ch\/de\/produkt\/winter-vorzelt-inuit-blizzard-250-x-200-cm\/","name":"Winter-Vorzelt INUIT Blizzard 250 x 200 cm - Bantam Camping AG","isPartOf":{"@id":"https:\/\/shop.bantam.ch\/de\/#website"},"primaryImageOfPage":{"@id":"https:\/\/shop.bantam.ch\/de\/produkt\/winter-vorzelt-inuit-blizzard-250-x-200-cm\/#primaryimage"},"image":{"@id":"https:\/\/shop.bantam.ch\/de\/produkt\/winter-vorzelt-inuit-blizzard-250-x-200-cm\/#primaryimage"},"thumbnailUrl":"https:\/\/shop.bantam.ch\/wp-content\/uploads\/2023\/02\/995819511.jpg","datePublished":"2023-02-28T21:28:15+00:00","dateModified":"2026-04-17T21:25:54+00:00","breadcrumb":{"@id":"https:\/\/shop.bantam.ch\/de\/produkt\/winter-vorzelt-inuit-blizzard-250-x-200-cm\/#breadcrumb"},"inLanguage":"de","potentialAction":[{"@type":"ReadAction","target":["https:\/\/shop.bantam.ch\/de\/produkt\/winter-vorzelt-inuit-blizzard-250-x-200-cm\/"]}]},{"@type":"ImageObject","inLanguage":"de","@id":"https:\/\/shop.bantam.ch\/de\/produkt\/winter-vorzelt-inuit-blizzard-250-x-200-cm\/#primaryimage","url":"https:\/\/shop.bantam.ch\/wp-content\/uploads\/2023\/02\/995819511.jpg","contentUrl":"https:\/\/shop.bantam.ch\/wp-content\/uploads\/2023\/02\/995819511.jpg","width":1000,"height":667},{"@type":"BreadcrumbList","@id":"https:\/\/shop.bantam.ch\/de\/produkt\/winter-vorzelt-inuit-blizzard-250-x-200-cm\/#breadcrumb","itemListElement":[{"@type":"ListItem","position":1,"name":"Accueil","item":"https:\/\/shop.bantam.ch\/de\/"},{"@type":"ListItem","position":2,"name":"Shop","item":"https:\/\/shop.bantam.ch\/de\/shop\/"},{"@type":"ListItem","position":3,"name":"Winter-Vorzelt INUIT Blizzard 250 x 200 cm"}]},{"@type":"WebSite","@id":"https:\/\/shop.bantam.ch\/de\/#website","url":"https:\/\/shop.bantam.ch\/de\/","name":"Bantam Camping AG","description":"","publisher":{"@id":"https:\/\/shop.bantam.ch\/de\/#organization"},"inLanguage":"de"},{"@type":"Organization","@id":"https:\/\/shop.bantam.ch\/de\/#organization","name":"Bantam Camping AG","url":"https:\/\/shop.bantam.ch\/de\/","logo":{"@type":"ImageObject","inLanguage":"de","@id":"https:\/\/shop.bantam.ch\/de\/#\/schema\/logo\/image\/","url":"https:\/\/shop.bantam.ch\/wp-content\/uploads\/2022\/12\/bantam-logo.png","contentUrl":"https:\/\/shop.bantam.ch\/wp-content\/uploads\/2022\/12\/bantam-logo.png","width":320,"height":71,"caption":"Bantam Camping AG"},"image":{"@id":"https:\/\/shop.bantam.ch\/de\/#\/schema\/logo\/image\/"}}]}},"_links":{"self":[{"href":"https:\/\/shop.bantam.ch\/de\/wp-json\/wp\/v2\/product\/117373","targetHints":{"allow":["GET"]}}],"collection":[{"href":"https:\/\/shop.bantam.ch\/de\/wp-json\/wp\/v2\/product"}],"about":[{"href":"https:\/\/shop.bantam.ch\/de\/wp-json\/wp\/v2\/types\/product"}],"wp:featuredmedia":[{"embeddable":true,"href":"https:\/\/shop.bantam.ch\/de\/wp-json\/wp\/v2\/media\/117355"}],"wp:attachment":[{"href":"https:\/\/shop.bantam.ch\/de\/wp-json\/wp\/v2\/media?parent=117373"}],"wp:term":[{"taxonomy":"product_featured_cat","embeddable":true,"href":"https:\/\/shop.bantam.ch\/de\/wp-json\/wp\/v2\/product_featured_cat?post=117373"},{"taxonomy":"product_brand","embeddable":true,"href":"https:\/\/shop.bantam.ch\/de\/wp-json\/wp\/v2\/product_brand?post=117373"},{"taxonomy":"product_cat","embeddable":true,"href":"https:\/\/shop.bantam.ch\/de\/wp-json\/wp\/v2\/product_cat?post=117373"},{"taxonomy":"product_tag","embeddable":true,"href":"https:\/\/shop.bantam.ch\/de\/wp-json\/wp\/v2\/product_tag?post=117373"}],"curies":[{"name":"wp","href":"https:\/\/api.w.org\/{rel}","templated":true}]}}