{"id":117353,"date":"2023-02-28T22:28:08","date_gmt":"2023-02-28T21:28:08","guid":{"rendered":"https:\/\/shop.bantam.ch\/produit\/winter-vorzelt-inuit-polar-250-x-200-cm-kastenwagen\/"},"modified":"2026-04-18T21:46:47","modified_gmt":"2026-04-18T19:46:47","slug":"winter-vorzelt-inuit-polar-250-x-200-cm-kastenwagen","status":"publish","type":"product","link":"https:\/\/shop.bantam.ch\/de\/produkt\/winter-vorzelt-inuit-polar-250-x-200-cm-kastenwagen\/","title":{"rendered":"Winter-Vorzelt WIGO INUIT Polar 250 x 200 cm Kastenwagen"},"content":{"rendered":"<p>Wenn es drau\u00dfen so richtig kalt ist, wird es im Inuit Blizzard mit einer Anstellh\u00f6he von bis zu 265 cm erst so richtig gem\u00fctlich: Das beidseitig beschichtete Polyestergewebe h\u00e4lt die Temperaturen m\u00fchelos im Wohlf\u00fchlbereich, w\u00e4hrend dem stabilen Ger\u00fcst auch kr\u00e4ftige Schneeb\u00f6en nichts anhaben k\u00f6nnen.<\/p>\n<p>Ausstattung und Funktionen:<br \/>&#8211; Freistehend inkl. R\u00fcckwand<br \/>&#8211; Fest angen\u00e4hte Andruckw\u00fclste<br \/>&#8211; Abgedeckte Rei\u00dfverschl\u00fcsse<br \/>&#8211; Rundbogeneing\u00e4nge in beiden Seitenw\u00e4nden<br \/>&#8211; Ein Air Vent Fenster in Vorderwand<br \/>&#8211; Get\u00f6nte Fensterfolie<br \/>&#8211; Sturm Abspanndreiecke au\u00dfen unterhalb der Fenster<br \/>&#8211; Anbringungsm\u00f6glichkeit f\u00fcr Sturmband Set<\/p>\n<p>Material:<br \/>Dach, Vorder-und Seitw\u00e4nde komplett aus beidseitig beschichtetem Polyestergewebe.<br \/>Gest\u00e4nge: Stahl<\/p>\n<p>Lieferumfang:<br \/>Zelt<br \/>Ger\u00fcst<br \/>Packsack<br \/>Aufbauanleitung\u00a0<\/p>\n","protected":false},"excerpt":{"rendered":"<p>Wenn es drau\u00dfen so richtig kalt ist, wird es im Inuit Blizzard mit einer Anstellh\u00f6he von bis zu 265 cm erst so richtig gem\u00fctlich: Das beidseitig beschichtete Polyestergewebe h\u00e4lt die Temperaturen m\u00fchelos im Wohlf\u00fchlbereich, w\u00e4hrend dem stabilen Ger\u00fcst auch kr\u00e4ftige Schneeb\u00f6en nichts anhaben k\u00f6nnen. Ausstattung und Funktionen:&#8211; Freistehend inkl. R\u00fcckwand&#8211; Fest angen\u00e4hte Andruckw\u00fclste&#8211; Abgedeckte Rei\u00dfverschl\u00fcsse&#8211; [&hellip;]<\/p>\n","protected":false},"featured_media":117347,"template":"","meta":{"_acf_changed":false},"product_featured_cat":[],"product_brand":[3043],"product_cat":[4248],"product_tag":[],"class_list":{"0":"post-117353","1":"product","2":"type-product","3":"status-publish","4":"has-post-thumbnail","6":"product_brand-wigo-de","7":"product_cat-vorzelte-zelte","9":"first","10":"instock","11":"taxable","12":"shipping-taxable","13":"purchasable","14":"product-type-simple"},"acf":[],"yoast_head":"<!-- This site is optimized with the Yoast SEO plugin v27.4 - https:\/\/yoast.com\/product\/yoast-seo-wordpress\/ -->\n<title>Winter-Vorzelt WIGO INUIT Polar 250 x 200 cm Kastenwagen - Bantam Camping AG<\/title>\n<meta name=\"robots\" content=\"index, follow, max-snippet:-1, max-image-preview:large, max-video-preview:-1\" \/>\n<link rel=\"canonical\" href=\"https:\/\/shop.bantam.ch\/de\/produkt\/winter-vorzelt-inuit-polar-250-x-200-cm-kastenwagen\/\" \/>\n<meta property=\"og:locale\" content=\"de_DE\" \/>\n<meta property=\"og:type\" content=\"article\" \/>\n<meta property=\"og:title\" content=\"Winter-Vorzelt WIGO INUIT Polar 250 x 200 cm Kastenwagen - Bantam Camping AG\" \/>\n<meta property=\"og:description\" content=\"Wenn es drau\u00dfen so richtig kalt ist, wird es im Inuit Blizzard mit einer Anstellh\u00f6he von bis zu 265 cm erst so richtig gem\u00fctlich: Das beidseitig beschichtete Polyestergewebe h\u00e4lt die Temperaturen m\u00fchelos im Wohlf\u00fchlbereich, w\u00e4hrend dem stabilen Ger\u00fcst auch kr\u00e4ftige Schneeb\u00f6en nichts anhaben k\u00f6nnen. Ausstattung und Funktionen:&#8211; Freistehend inkl. R\u00fcckwand&#8211; Fest angen\u00e4hte Andruckw\u00fclste&#8211; Abgedeckte Rei\u00dfverschl\u00fcsse&#8211; [&hellip;]\" \/>\n<meta property=\"og:url\" content=\"https:\/\/shop.bantam.ch\/de\/produkt\/winter-vorzelt-inuit-polar-250-x-200-cm-kastenwagen\/\" \/>\n<meta property=\"og:site_name\" content=\"Bantam Camping AG\" \/>\n<meta property=\"article:modified_time\" content=\"2026-04-18T19:46:47+00:00\" \/>\n<meta property=\"og:image\" content=\"https:\/\/shop.bantam.ch\/wp-content\/uploads\/2023\/02\/995819411.jpg\" \/>\n\t<meta property=\"og:image:width\" content=\"1000\" \/>\n\t<meta property=\"og:image:height\" content=\"667\" \/>\n\t<meta property=\"og:image:type\" content=\"image\/jpeg\" \/>\n<meta name=\"twitter:card\" content=\"summary_large_image\" \/>\n<meta name=\"twitter:label1\" content=\"Gesch\u00e4tzte Lesezeit\" \/>\n\t<meta name=\"twitter:data1\" content=\"1\u00a0Minute\" \/>\n<script type=\"application\/ld+json\" class=\"yoast-schema-graph\">{\"@context\":\"https:\\\/\\\/schema.org\",\"@graph\":[{\"@type\":\"WebPage\",\"@id\":\"https:\\\/\\\/shop.bantam.ch\\\/de\\\/produkt\\\/winter-vorzelt-inuit-polar-250-x-200-cm-kastenwagen\\\/\",\"url\":\"https:\\\/\\\/shop.bantam.ch\\\/de\\\/produkt\\\/winter-vorzelt-inuit-polar-250-x-200-cm-kastenwagen\\\/\",\"name\":\"Winter-Vorzelt WIGO INUIT Polar 250 x 200 cm Kastenwagen - Bantam Camping AG\",\"isPartOf\":{\"@id\":\"https:\\\/\\\/shop.bantam.ch\\\/de\\\/#website\"},\"primaryImageOfPage\":{\"@id\":\"https:\\\/\\\/shop.bantam.ch\\\/de\\\/produkt\\\/winter-vorzelt-inuit-polar-250-x-200-cm-kastenwagen\\\/#primaryimage\"},\"image\":{\"@id\":\"https:\\\/\\\/shop.bantam.ch\\\/de\\\/produkt\\\/winter-vorzelt-inuit-polar-250-x-200-cm-kastenwagen\\\/#primaryimage\"},\"thumbnailUrl\":\"https:\\\/\\\/shop.bantam.ch\\\/wp-content\\\/uploads\\\/2023\\\/02\\\/995819411.jpg\",\"datePublished\":\"2023-02-28T21:28:08+00:00\",\"dateModified\":\"2026-04-18T19:46:47+00:00\",\"breadcrumb\":{\"@id\":\"https:\\\/\\\/shop.bantam.ch\\\/de\\\/produkt\\\/winter-vorzelt-inuit-polar-250-x-200-cm-kastenwagen\\\/#breadcrumb\"},\"inLanguage\":\"de\",\"potentialAction\":[{\"@type\":\"ReadAction\",\"target\":[\"https:\\\/\\\/shop.bantam.ch\\\/de\\\/produkt\\\/winter-vorzelt-inuit-polar-250-x-200-cm-kastenwagen\\\/\"]}]},{\"@type\":\"ImageObject\",\"inLanguage\":\"de\",\"@id\":\"https:\\\/\\\/shop.bantam.ch\\\/de\\\/produkt\\\/winter-vorzelt-inuit-polar-250-x-200-cm-kastenwagen\\\/#primaryimage\",\"url\":\"https:\\\/\\\/shop.bantam.ch\\\/wp-content\\\/uploads\\\/2023\\\/02\\\/995819411.jpg\",\"contentUrl\":\"https:\\\/\\\/shop.bantam.ch\\\/wp-content\\\/uploads\\\/2023\\\/02\\\/995819411.jpg\",\"width\":1000,\"height\":667},{\"@type\":\"BreadcrumbList\",\"@id\":\"https:\\\/\\\/shop.bantam.ch\\\/de\\\/produkt\\\/winter-vorzelt-inuit-polar-250-x-200-cm-kastenwagen\\\/#breadcrumb\",\"itemListElement\":[{\"@type\":\"ListItem\",\"position\":1,\"name\":\"Accueil\",\"item\":\"https:\\\/\\\/shop.bantam.ch\\\/de\\\/\"},{\"@type\":\"ListItem\",\"position\":2,\"name\":\"Shop\",\"item\":\"https:\\\/\\\/shop.bantam.ch\\\/de\\\/shop\\\/\"},{\"@type\":\"ListItem\",\"position\":3,\"name\":\"Winter-Vorzelt WIGO INUIT Polar 250 x 200 cm Kastenwagen\"}]},{\"@type\":\"WebSite\",\"@id\":\"https:\\\/\\\/shop.bantam.ch\\\/de\\\/#website\",\"url\":\"https:\\\/\\\/shop.bantam.ch\\\/de\\\/\",\"name\":\"Bantam Camping AG\",\"description\":\"\",\"publisher\":{\"@id\":\"https:\\\/\\\/shop.bantam.ch\\\/de\\\/#organization\"},\"inLanguage\":\"de\"},{\"@type\":\"Organization\",\"@id\":\"https:\\\/\\\/shop.bantam.ch\\\/de\\\/#organization\",\"name\":\"Bantam Camping AG\",\"url\":\"https:\\\/\\\/shop.bantam.ch\\\/de\\\/\",\"logo\":{\"@type\":\"ImageObject\",\"inLanguage\":\"de\",\"@id\":\"https:\\\/\\\/shop.bantam.ch\\\/de\\\/#\\\/schema\\\/logo\\\/image\\\/\",\"url\":\"https:\\\/\\\/shop.bantam.ch\\\/wp-content\\\/uploads\\\/2022\\\/12\\\/bantam-logo.png\",\"contentUrl\":\"https:\\\/\\\/shop.bantam.ch\\\/wp-content\\\/uploads\\\/2022\\\/12\\\/bantam-logo.png\",\"width\":320,\"height\":71,\"caption\":\"Bantam Camping AG\"},\"image\":{\"@id\":\"https:\\\/\\\/shop.bantam.ch\\\/de\\\/#\\\/schema\\\/logo\\\/image\\\/\"}}]}<\/script>\n<!-- \/ Yoast SEO plugin. -->","yoast_head_json":{"title":"Winter-Vorzelt WIGO INUIT Polar 250 x 200 cm Kastenwagen - Bantam Camping AG","robots":{"index":"index","follow":"follow","max-snippet":"max-snippet:-1","max-image-preview":"max-image-preview:large","max-video-preview":"max-video-preview:-1"},"canonical":"https:\/\/shop.bantam.ch\/de\/produkt\/winter-vorzelt-inuit-polar-250-x-200-cm-kastenwagen\/","og_locale":"de_DE","og_type":"article","og_title":"Winter-Vorzelt WIGO INUIT Polar 250 x 200 cm Kastenwagen - Bantam Camping AG","og_description":"Wenn es drau\u00dfen so richtig kalt ist, wird es im Inuit Blizzard mit einer Anstellh\u00f6he von bis zu 265 cm erst so richtig gem\u00fctlich: Das beidseitig beschichtete Polyestergewebe h\u00e4lt die Temperaturen m\u00fchelos im Wohlf\u00fchlbereich, w\u00e4hrend dem stabilen Ger\u00fcst auch kr\u00e4ftige Schneeb\u00f6en nichts anhaben k\u00f6nnen. Ausstattung und Funktionen:&#8211; Freistehend inkl. R\u00fcckwand&#8211; Fest angen\u00e4hte Andruckw\u00fclste&#8211; Abgedeckte Rei\u00dfverschl\u00fcsse&#8211; [&hellip;]","og_url":"https:\/\/shop.bantam.ch\/de\/produkt\/winter-vorzelt-inuit-polar-250-x-200-cm-kastenwagen\/","og_site_name":"Bantam Camping AG","article_modified_time":"2026-04-18T19:46:47+00:00","og_image":[{"width":1000,"height":667,"url":"https:\/\/shop.bantam.ch\/wp-content\/uploads\/2023\/02\/995819411.jpg","type":"image\/jpeg"}],"twitter_card":"summary_large_image","twitter_misc":{"Gesch\u00e4tzte Lesezeit":"1\u00a0Minute"},"schema":{"@context":"https:\/\/schema.org","@graph":[{"@type":"WebPage","@id":"https:\/\/shop.bantam.ch\/de\/produkt\/winter-vorzelt-inuit-polar-250-x-200-cm-kastenwagen\/","url":"https:\/\/shop.bantam.ch\/de\/produkt\/winter-vorzelt-inuit-polar-250-x-200-cm-kastenwagen\/","name":"Winter-Vorzelt WIGO INUIT Polar 250 x 200 cm Kastenwagen - Bantam Camping AG","isPartOf":{"@id":"https:\/\/shop.bantam.ch\/de\/#website"},"primaryImageOfPage":{"@id":"https:\/\/shop.bantam.ch\/de\/produkt\/winter-vorzelt-inuit-polar-250-x-200-cm-kastenwagen\/#primaryimage"},"image":{"@id":"https:\/\/shop.bantam.ch\/de\/produkt\/winter-vorzelt-inuit-polar-250-x-200-cm-kastenwagen\/#primaryimage"},"thumbnailUrl":"https:\/\/shop.bantam.ch\/wp-content\/uploads\/2023\/02\/995819411.jpg","datePublished":"2023-02-28T21:28:08+00:00","dateModified":"2026-04-18T19:46:47+00:00","breadcrumb":{"@id":"https:\/\/shop.bantam.ch\/de\/produkt\/winter-vorzelt-inuit-polar-250-x-200-cm-kastenwagen\/#breadcrumb"},"inLanguage":"de","potentialAction":[{"@type":"ReadAction","target":["https:\/\/shop.bantam.ch\/de\/produkt\/winter-vorzelt-inuit-polar-250-x-200-cm-kastenwagen\/"]}]},{"@type":"ImageObject","inLanguage":"de","@id":"https:\/\/shop.bantam.ch\/de\/produkt\/winter-vorzelt-inuit-polar-250-x-200-cm-kastenwagen\/#primaryimage","url":"https:\/\/shop.bantam.ch\/wp-content\/uploads\/2023\/02\/995819411.jpg","contentUrl":"https:\/\/shop.bantam.ch\/wp-content\/uploads\/2023\/02\/995819411.jpg","width":1000,"height":667},{"@type":"BreadcrumbList","@id":"https:\/\/shop.bantam.ch\/de\/produkt\/winter-vorzelt-inuit-polar-250-x-200-cm-kastenwagen\/#breadcrumb","itemListElement":[{"@type":"ListItem","position":1,"name":"Accueil","item":"https:\/\/shop.bantam.ch\/de\/"},{"@type":"ListItem","position":2,"name":"Shop","item":"https:\/\/shop.bantam.ch\/de\/shop\/"},{"@type":"ListItem","position":3,"name":"Winter-Vorzelt WIGO INUIT Polar 250 x 200 cm Kastenwagen"}]},{"@type":"WebSite","@id":"https:\/\/shop.bantam.ch\/de\/#website","url":"https:\/\/shop.bantam.ch\/de\/","name":"Bantam Camping AG","description":"","publisher":{"@id":"https:\/\/shop.bantam.ch\/de\/#organization"},"inLanguage":"de"},{"@type":"Organization","@id":"https:\/\/shop.bantam.ch\/de\/#organization","name":"Bantam Camping AG","url":"https:\/\/shop.bantam.ch\/de\/","logo":{"@type":"ImageObject","inLanguage":"de","@id":"https:\/\/shop.bantam.ch\/de\/#\/schema\/logo\/image\/","url":"https:\/\/shop.bantam.ch\/wp-content\/uploads\/2022\/12\/bantam-logo.png","contentUrl":"https:\/\/shop.bantam.ch\/wp-content\/uploads\/2022\/12\/bantam-logo.png","width":320,"height":71,"caption":"Bantam Camping AG"},"image":{"@id":"https:\/\/shop.bantam.ch\/de\/#\/schema\/logo\/image\/"}}]}},"_links":{"self":[{"href":"https:\/\/shop.bantam.ch\/de\/wp-json\/wp\/v2\/product\/117353","targetHints":{"allow":["GET"]}}],"collection":[{"href":"https:\/\/shop.bantam.ch\/de\/wp-json\/wp\/v2\/product"}],"about":[{"href":"https:\/\/shop.bantam.ch\/de\/wp-json\/wp\/v2\/types\/product"}],"wp:featuredmedia":[{"embeddable":true,"href":"https:\/\/shop.bantam.ch\/de\/wp-json\/wp\/v2\/media\/117347"}],"wp:attachment":[{"href":"https:\/\/shop.bantam.ch\/de\/wp-json\/wp\/v2\/media?parent=117353"}],"wp:term":[{"taxonomy":"product_featured_cat","embeddable":true,"href":"https:\/\/shop.bantam.ch\/de\/wp-json\/wp\/v2\/product_featured_cat?post=117353"},{"taxonomy":"product_brand","embeddable":true,"href":"https:\/\/shop.bantam.ch\/de\/wp-json\/wp\/v2\/product_brand?post=117353"},{"taxonomy":"product_cat","embeddable":true,"href":"https:\/\/shop.bantam.ch\/de\/wp-json\/wp\/v2\/product_cat?post=117353"},{"taxonomy":"product_tag","embeddable":true,"href":"https:\/\/shop.bantam.ch\/de\/wp-json\/wp\/v2\/product_tag?post=117353"}],"curies":[{"name":"wp","href":"https:\/\/api.w.org\/{rel}","templated":true}]}}