{"id":117239,"date":"2023-02-28T22:26:44","date_gmt":"2023-02-28T21:26:44","guid":{"rendered":"https:\/\/shop.bantam.ch\/produit\/magnet-haken-clever-black-inkl-metall-nano-gel-pad-black\/"},"modified":"2026-04-18T21:46:39","modified_gmt":"2026-04-18T19:46:39","slug":"magnet-haken-clever-black-inkl-metall-nano-gel-pad-black","status":"publish","type":"product","link":"https:\/\/shop.bantam.ch\/de\/produkt\/magnet-haken-clever-black-inkl-metall-nano-gel-pad-black\/","title":{"rendered":"Magnet-Haken silwy CLEVER BLACK Fb. schwarz inkl Metall-Nano-Gel-Pad BLACK"},"content":{"rendered":"<p>Magnet-Haken mit Pads im hochwertigen Leder-Look. Kein Kleben, kein Schrauben und kein permanentes Fixieren. Pads sind dauerhaft verwendbar und haften auf nahezu allen versiegelten Oberfl\u00e4chen. Flexibel und mobil einsetzbar z. B. f\u00fcr kleinere Gegenst\u00e4nde und kleine K\u00fcchenhelfer, Geschirrt\u00fccher, Topflappen u. v. m.<\/p>\n<p>Perfekt auf den Magnet-Haken abgestimmt, da die Haltkraft von Haken zu Haken unterschiedlich ist.<\/p>\n<p>Lieferumfang:<br \/>Inklusive Metall-Nano-Gel-Pad<\/p>\n","protected":false},"excerpt":{"rendered":"<p>Magnet-Haken mit Pads im hochwertigen Leder-Look. Kein Kleben, kein Schrauben und kein permanentes Fixieren. Pads sind dauerhaft verwendbar und haften auf nahezu allen versiegelten Oberfl\u00e4chen. Flexibel und mobil einsetzbar z. B. f\u00fcr kleinere Gegenst\u00e4nde und kleine K\u00fcchenhelfer, Geschirrt\u00fccher, Topflappen u. v. m. Perfekt auf den Magnet-Haken abgestimmt, da die Haltkraft von Haken zu Haken unterschiedlich [&hellip;]<\/p>\n","protected":false},"featured_media":117227,"template":"","meta":{"_acf_changed":false},"product_featured_cat":[],"product_brand":[3073],"product_cat":[4734],"product_tag":[],"class_list":{"0":"post-117239","1":"product","2":"type-product","3":"status-publish","4":"has-post-thumbnail","6":"product_brand-silwy-de","7":"product_cat-halter-haken","9":"first","10":"instock","11":"taxable","12":"shipping-taxable","13":"purchasable","14":"product-type-simple"},"acf":[],"yoast_head":"<!-- This site is optimized with the Yoast SEO plugin v27.4 - https:\/\/yoast.com\/product\/yoast-seo-wordpress\/ -->\n<title>Magnet-Haken silwy CLEVER BLACK Fb. schwarz inkl Metall-Nano-Gel-Pad BLACK - Bantam Camping AG<\/title>\n<meta name=\"robots\" content=\"index, follow, max-snippet:-1, max-image-preview:large, max-video-preview:-1\" \/>\n<link rel=\"canonical\" href=\"https:\/\/shop.bantam.ch\/de\/produkt\/magnet-haken-clever-black-inkl-metall-nano-gel-pad-black\/\" \/>\n<meta property=\"og:locale\" content=\"de_DE\" \/>\n<meta property=\"og:type\" content=\"article\" \/>\n<meta property=\"og:title\" content=\"Magnet-Haken silwy CLEVER BLACK Fb. schwarz inkl Metall-Nano-Gel-Pad BLACK - Bantam Camping AG\" \/>\n<meta property=\"og:description\" content=\"Magnet-Haken mit Pads im hochwertigen Leder-Look. Kein Kleben, kein Schrauben und kein permanentes Fixieren. Pads sind dauerhaft verwendbar und haften auf nahezu allen versiegelten Oberfl\u00e4chen. Flexibel und mobil einsetzbar z. B. f\u00fcr kleinere Gegenst\u00e4nde und kleine K\u00fcchenhelfer, Geschirrt\u00fccher, Topflappen u. v. m. Perfekt auf den Magnet-Haken abgestimmt, da die Haltkraft von Haken zu Haken unterschiedlich [&hellip;]\" \/>\n<meta property=\"og:url\" content=\"https:\/\/shop.bantam.ch\/de\/produkt\/magnet-haken-clever-black-inkl-metall-nano-gel-pad-black\/\" \/>\n<meta property=\"og:site_name\" content=\"Bantam Camping AG\" \/>\n<meta property=\"article:modified_time\" content=\"2026-04-18T19:46:39+00:00\" \/>\n<meta property=\"og:image\" content=\"https:\/\/shop.bantam.ch\/wp-content\/uploads\/2023\/02\/998457211.jpg\" \/>\n\t<meta property=\"og:image:width\" content=\"844\" \/>\n\t<meta property=\"og:image:height\" content=\"1000\" \/>\n\t<meta property=\"og:image:type\" content=\"image\/jpeg\" \/>\n<meta name=\"twitter:card\" content=\"summary_large_image\" \/>\n<script type=\"application\/ld+json\" class=\"yoast-schema-graph\">{\"@context\":\"https:\\\/\\\/schema.org\",\"@graph\":[{\"@type\":\"WebPage\",\"@id\":\"https:\\\/\\\/shop.bantam.ch\\\/de\\\/produkt\\\/magnet-haken-clever-black-inkl-metall-nano-gel-pad-black\\\/\",\"url\":\"https:\\\/\\\/shop.bantam.ch\\\/de\\\/produkt\\\/magnet-haken-clever-black-inkl-metall-nano-gel-pad-black\\\/\",\"name\":\"Magnet-Haken silwy CLEVER BLACK Fb. schwarz inkl Metall-Nano-Gel-Pad BLACK - Bantam Camping AG\",\"isPartOf\":{\"@id\":\"https:\\\/\\\/shop.bantam.ch\\\/de\\\/#website\"},\"primaryImageOfPage\":{\"@id\":\"https:\\\/\\\/shop.bantam.ch\\\/de\\\/produkt\\\/magnet-haken-clever-black-inkl-metall-nano-gel-pad-black\\\/#primaryimage\"},\"image\":{\"@id\":\"https:\\\/\\\/shop.bantam.ch\\\/de\\\/produkt\\\/magnet-haken-clever-black-inkl-metall-nano-gel-pad-black\\\/#primaryimage\"},\"thumbnailUrl\":\"https:\\\/\\\/shop.bantam.ch\\\/wp-content\\\/uploads\\\/2023\\\/02\\\/998457211.jpg\",\"datePublished\":\"2023-02-28T21:26:44+00:00\",\"dateModified\":\"2026-04-18T19:46:39+00:00\",\"breadcrumb\":{\"@id\":\"https:\\\/\\\/shop.bantam.ch\\\/de\\\/produkt\\\/magnet-haken-clever-black-inkl-metall-nano-gel-pad-black\\\/#breadcrumb\"},\"inLanguage\":\"de\",\"potentialAction\":[{\"@type\":\"ReadAction\",\"target\":[\"https:\\\/\\\/shop.bantam.ch\\\/de\\\/produkt\\\/magnet-haken-clever-black-inkl-metall-nano-gel-pad-black\\\/\"]}]},{\"@type\":\"ImageObject\",\"inLanguage\":\"de\",\"@id\":\"https:\\\/\\\/shop.bantam.ch\\\/de\\\/produkt\\\/magnet-haken-clever-black-inkl-metall-nano-gel-pad-black\\\/#primaryimage\",\"url\":\"https:\\\/\\\/shop.bantam.ch\\\/wp-content\\\/uploads\\\/2023\\\/02\\\/998457211.jpg\",\"contentUrl\":\"https:\\\/\\\/shop.bantam.ch\\\/wp-content\\\/uploads\\\/2023\\\/02\\\/998457211.jpg\",\"width\":844,\"height\":1000},{\"@type\":\"BreadcrumbList\",\"@id\":\"https:\\\/\\\/shop.bantam.ch\\\/de\\\/produkt\\\/magnet-haken-clever-black-inkl-metall-nano-gel-pad-black\\\/#breadcrumb\",\"itemListElement\":[{\"@type\":\"ListItem\",\"position\":1,\"name\":\"Accueil\",\"item\":\"https:\\\/\\\/shop.bantam.ch\\\/de\\\/\"},{\"@type\":\"ListItem\",\"position\":2,\"name\":\"Shop\",\"item\":\"https:\\\/\\\/shop.bantam.ch\\\/de\\\/shop\\\/\"},{\"@type\":\"ListItem\",\"position\":3,\"name\":\"Magnet-Haken silwy CLEVER BLACK Fb. schwarz inkl Metall-Nano-Gel-Pad BLACK\"}]},{\"@type\":\"WebSite\",\"@id\":\"https:\\\/\\\/shop.bantam.ch\\\/de\\\/#website\",\"url\":\"https:\\\/\\\/shop.bantam.ch\\\/de\\\/\",\"name\":\"Bantam Camping AG\",\"description\":\"\",\"publisher\":{\"@id\":\"https:\\\/\\\/shop.bantam.ch\\\/de\\\/#organization\"},\"inLanguage\":\"de\"},{\"@type\":\"Organization\",\"@id\":\"https:\\\/\\\/shop.bantam.ch\\\/de\\\/#organization\",\"name\":\"Bantam Camping AG\",\"url\":\"https:\\\/\\\/shop.bantam.ch\\\/de\\\/\",\"logo\":{\"@type\":\"ImageObject\",\"inLanguage\":\"de\",\"@id\":\"https:\\\/\\\/shop.bantam.ch\\\/de\\\/#\\\/schema\\\/logo\\\/image\\\/\",\"url\":\"https:\\\/\\\/shop.bantam.ch\\\/wp-content\\\/uploads\\\/2022\\\/12\\\/bantam-logo.png\",\"contentUrl\":\"https:\\\/\\\/shop.bantam.ch\\\/wp-content\\\/uploads\\\/2022\\\/12\\\/bantam-logo.png\",\"width\":320,\"height\":71,\"caption\":\"Bantam Camping AG\"},\"image\":{\"@id\":\"https:\\\/\\\/shop.bantam.ch\\\/de\\\/#\\\/schema\\\/logo\\\/image\\\/\"}}]}<\/script>\n<!-- \/ Yoast SEO plugin. -->","yoast_head_json":{"title":"Magnet-Haken silwy CLEVER BLACK Fb. schwarz inkl Metall-Nano-Gel-Pad BLACK - Bantam Camping AG","robots":{"index":"index","follow":"follow","max-snippet":"max-snippet:-1","max-image-preview":"max-image-preview:large","max-video-preview":"max-video-preview:-1"},"canonical":"https:\/\/shop.bantam.ch\/de\/produkt\/magnet-haken-clever-black-inkl-metall-nano-gel-pad-black\/","og_locale":"de_DE","og_type":"article","og_title":"Magnet-Haken silwy CLEVER BLACK Fb. schwarz inkl Metall-Nano-Gel-Pad BLACK - Bantam Camping AG","og_description":"Magnet-Haken mit Pads im hochwertigen Leder-Look. Kein Kleben, kein Schrauben und kein permanentes Fixieren. Pads sind dauerhaft verwendbar und haften auf nahezu allen versiegelten Oberfl\u00e4chen. Flexibel und mobil einsetzbar z. B. f\u00fcr kleinere Gegenst\u00e4nde und kleine K\u00fcchenhelfer, Geschirrt\u00fccher, Topflappen u. v. m. Perfekt auf den Magnet-Haken abgestimmt, da die Haltkraft von Haken zu Haken unterschiedlich [&hellip;]","og_url":"https:\/\/shop.bantam.ch\/de\/produkt\/magnet-haken-clever-black-inkl-metall-nano-gel-pad-black\/","og_site_name":"Bantam Camping AG","article_modified_time":"2026-04-18T19:46:39+00:00","og_image":[{"width":844,"height":1000,"url":"https:\/\/shop.bantam.ch\/wp-content\/uploads\/2023\/02\/998457211.jpg","type":"image\/jpeg"}],"twitter_card":"summary_large_image","schema":{"@context":"https:\/\/schema.org","@graph":[{"@type":"WebPage","@id":"https:\/\/shop.bantam.ch\/de\/produkt\/magnet-haken-clever-black-inkl-metall-nano-gel-pad-black\/","url":"https:\/\/shop.bantam.ch\/de\/produkt\/magnet-haken-clever-black-inkl-metall-nano-gel-pad-black\/","name":"Magnet-Haken silwy CLEVER BLACK Fb. schwarz inkl Metall-Nano-Gel-Pad BLACK - Bantam Camping AG","isPartOf":{"@id":"https:\/\/shop.bantam.ch\/de\/#website"},"primaryImageOfPage":{"@id":"https:\/\/shop.bantam.ch\/de\/produkt\/magnet-haken-clever-black-inkl-metall-nano-gel-pad-black\/#primaryimage"},"image":{"@id":"https:\/\/shop.bantam.ch\/de\/produkt\/magnet-haken-clever-black-inkl-metall-nano-gel-pad-black\/#primaryimage"},"thumbnailUrl":"https:\/\/shop.bantam.ch\/wp-content\/uploads\/2023\/02\/998457211.jpg","datePublished":"2023-02-28T21:26:44+00:00","dateModified":"2026-04-18T19:46:39+00:00","breadcrumb":{"@id":"https:\/\/shop.bantam.ch\/de\/produkt\/magnet-haken-clever-black-inkl-metall-nano-gel-pad-black\/#breadcrumb"},"inLanguage":"de","potentialAction":[{"@type":"ReadAction","target":["https:\/\/shop.bantam.ch\/de\/produkt\/magnet-haken-clever-black-inkl-metall-nano-gel-pad-black\/"]}]},{"@type":"ImageObject","inLanguage":"de","@id":"https:\/\/shop.bantam.ch\/de\/produkt\/magnet-haken-clever-black-inkl-metall-nano-gel-pad-black\/#primaryimage","url":"https:\/\/shop.bantam.ch\/wp-content\/uploads\/2023\/02\/998457211.jpg","contentUrl":"https:\/\/shop.bantam.ch\/wp-content\/uploads\/2023\/02\/998457211.jpg","width":844,"height":1000},{"@type":"BreadcrumbList","@id":"https:\/\/shop.bantam.ch\/de\/produkt\/magnet-haken-clever-black-inkl-metall-nano-gel-pad-black\/#breadcrumb","itemListElement":[{"@type":"ListItem","position":1,"name":"Accueil","item":"https:\/\/shop.bantam.ch\/de\/"},{"@type":"ListItem","position":2,"name":"Shop","item":"https:\/\/shop.bantam.ch\/de\/shop\/"},{"@type":"ListItem","position":3,"name":"Magnet-Haken silwy CLEVER BLACK Fb. schwarz inkl Metall-Nano-Gel-Pad BLACK"}]},{"@type":"WebSite","@id":"https:\/\/shop.bantam.ch\/de\/#website","url":"https:\/\/shop.bantam.ch\/de\/","name":"Bantam Camping AG","description":"","publisher":{"@id":"https:\/\/shop.bantam.ch\/de\/#organization"},"inLanguage":"de"},{"@type":"Organization","@id":"https:\/\/shop.bantam.ch\/de\/#organization","name":"Bantam Camping AG","url":"https:\/\/shop.bantam.ch\/de\/","logo":{"@type":"ImageObject","inLanguage":"de","@id":"https:\/\/shop.bantam.ch\/de\/#\/schema\/logo\/image\/","url":"https:\/\/shop.bantam.ch\/wp-content\/uploads\/2022\/12\/bantam-logo.png","contentUrl":"https:\/\/shop.bantam.ch\/wp-content\/uploads\/2022\/12\/bantam-logo.png","width":320,"height":71,"caption":"Bantam Camping AG"},"image":{"@id":"https:\/\/shop.bantam.ch\/de\/#\/schema\/logo\/image\/"}}]}},"_links":{"self":[{"href":"https:\/\/shop.bantam.ch\/de\/wp-json\/wp\/v2\/product\/117239","targetHints":{"allow":["GET"]}}],"collection":[{"href":"https:\/\/shop.bantam.ch\/de\/wp-json\/wp\/v2\/product"}],"about":[{"href":"https:\/\/shop.bantam.ch\/de\/wp-json\/wp\/v2\/types\/product"}],"wp:featuredmedia":[{"embeddable":true,"href":"https:\/\/shop.bantam.ch\/de\/wp-json\/wp\/v2\/media\/117227"}],"wp:attachment":[{"href":"https:\/\/shop.bantam.ch\/de\/wp-json\/wp\/v2\/media?parent=117239"}],"wp:term":[{"taxonomy":"product_featured_cat","embeddable":true,"href":"https:\/\/shop.bantam.ch\/de\/wp-json\/wp\/v2\/product_featured_cat?post=117239"},{"taxonomy":"product_brand","embeddable":true,"href":"https:\/\/shop.bantam.ch\/de\/wp-json\/wp\/v2\/product_brand?post=117239"},{"taxonomy":"product_cat","embeddable":true,"href":"https:\/\/shop.bantam.ch\/de\/wp-json\/wp\/v2\/product_cat?post=117239"},{"taxonomy":"product_tag","embeddable":true,"href":"https:\/\/shop.bantam.ch\/de\/wp-json\/wp\/v2\/product_tag?post=117239"}],"curies":[{"name":"wp","href":"https:\/\/api.w.org\/{rel}","templated":true}]}}